{"id":25968,"date":"2023-10-02T09:01:31","date_gmt":"2023-10-02T09:01:31","guid":{"rendered":"https:\/\/www.azur-scenic.com\/produit\/molleton-scenique-grs\/"},"modified":"2024-06-13T12:54:07","modified_gmt":"2024-06-13T12:54:07","slug":"muleton-escenico-reciclado","status":"publish","type":"product","link":"https:\/\/www.azur-scenic.com\/es\/producto\/muleton-escenico-reciclado\/","title":{"rendered":"Mulet\u00f3n esc\u00e9nico reciclado"},"content":{"rendered":"<h1><span style=\"font-size: 24px;\"><strong>Mulet\u00f3n esc\u00e9nico reciclado ign\u00edfugo para escenarios: durabilidad y rendimiento en el escenario<\/strong><\/span><\/h1>\n<p>Redescubra el imprescindible mulet\u00f3n ign\u00edfugo, ahora disponible en su versi\u00f3n reciclada para telones de teatro y eventos m\u00e1s responsables. Nuestro mulet\u00f3n esc\u00e9nico reciclado M1 cumple los requisitos de seguridad contra incendios m\u00e1s estrictos, al tiempo que encarna nuestro compromiso con la sostenibilidad medioambiental.<\/p>\n<h2><span style=\"font-size: 16px;\"><strong>Un Engagement envers la Durabilit\u00e9<\/strong><\/span><\/h2>\n<p>Fabricado con un 73% de algod\u00f3n reciclado, este mulet\u00f3n supera con creces el Est\u00e1ndar Global Reciclado (GRS). En Azur Scenic, estamos comprometidos con un futuro m\u00e1s limpio, y esta elecci\u00f3n de material demuestra nuestra determinaci\u00f3n de reducir nuestro impacto medioambiental manteniendo un alto nivel de rendimiento.<\/p>\n<h2><span style=\"font-size: 16px;\"><strong>Econ\u00f3mico y cualitativo<\/strong><\/span><\/h2>\n<p>A pesar de su contenido reciclado, este mulet\u00f3n para esc\u00e9narios sigue siendo econ\u00f3mico y no compromete en absoluto su calidad. Conserva la resistencia y la bonita ca\u00edda del <strong>vell\u00f3n<\/strong> de escenario cl\u00e1sico. As\u00ed que puedes crear proyectos respetuosos con el medio ambiente sin comprometer el rendimiento en el escenario.<\/p>\n<h2><span style=\"font-size: 16px;\">Una soluci\u00f3n vers\u00e1til<\/span><\/h2>\n<p>Gracias a su mezcla de fibras de algod\u00f3n, viscosa y poli\u00e9ster, este mulet\u00f3n esc\u00e9nico reciclado ofrece una estabilidad dimensional ejemplar y una opacidad superior a la de ciertos muletones fabricados con fibras de algod\u00f3n 100% virgen. Es ideal para telones de teatro, patas, telones de fondo y muchas otras aplicaciones creativas.<\/p>\n<p>Elija el mulet\u00f3n esc\u00e9nico reciclado de Azur Scenic para sus proyectos. Somos su fuente de confianza para textiles sostenibles y de alto rendimiento. Contribuya a un futuro m\u00e1s limpio a la vez que mantiene la excelencia art\u00edstica con nuestro vell\u00f3n ign\u00edfugo reciclado.<\/p>\n<h2><span style=\"font-size: 16px;\">Datos t\u00e9cnicos<\/span><\/h2>\n<table style=\"width: 100%; height: 328px;\">\n<thead>\n<tr style=\"height: 23px;\">\n<th style=\"width: 14.7084%; height: 23px;\">Datos t\u00e9cnicos<\/th>\n<th style=\"height: 23px; width: 14.7929%;\">Valor<\/th>\n<th style=\"height: 23px; width: 69.738%;\">Comentarios<\/th>\n<\/tr>\n<\/thead>\n<tbody>\n<tr style=\"height: 23px;\">\n<td style=\"vertical-align: top; height: 23px; width: 14.7084%;\">Ancho<\/td>\n<td style=\"vertical-align: top; height: 23px; width: 14.7929%;\">\u00b1 300 cm<\/td>\n<td style=\"vertical-align: top; height: 23px; width: 69.738%;\">\u00a0<\/td>\n<\/tr>\n<tr style=\"height: 23px;\">\n<td style=\"vertical-align: top; height: 23px; width: 14.7084%;\">Peso<\/td>\n<td style=\"vertical-align: top; height: 23px; width: 14.7929%;\">\u00b1 320 g\/m\u00b2<\/td>\n<td style=\"vertical-align: top; height: 23px; width: 69.738%;\">\u00a0<\/td>\n<\/tr>\n<tr style=\"height: 23px;\">\n<td style=\"vertical-align: top; height: 23px; width: 14.7084%;\">Grosor<\/td>\n<td style=\"vertical-align: top; height: 23px; width: 14.7929%;\">\u00b1 1,2 mm<\/td>\n<td style=\"vertical-align: top; height: 23px; width: 69.738%;\">\u00a0<\/td>\n<\/tr>\n<tr style=\"height: 95px;\">\n<td style=\"vertical-align: top; height: 95px; width: 14.7084%;\">Clasificaci\u00f3n ante el fuego<\/td>\n<td style=\"vertical-align: top; height: 95px; width: 14.7929%;\"><img decoding=\"async\" style=\"height: 20px; width: 20px;\" src=\"https:\/\/www.azur-scenic.com\/wp-content\/uploads\/icon-flag-france.png?1542281963\" \/> M1, <img decoding=\"async\" style=\"height: 20px; width: 20px;\" src=\"https:\/\/www.azur-scenic.com\/wp-content\/uploads\/icon-flag-allemagne.png\" alt=\"\" \/> B1, <img decoding=\"async\" style=\"height: 20px; width: 20px;\" src=\"https:\/\/www.azur-scenic.com\/wp-content\/uploads\/icon-flag-europe.png\" \/> EN13501<\/td>\n<td style=\"vertical-align: top; height: 95px; width: 69.738%;\">\u00a0<\/td>\n<\/tr>\n<tr style=\"height: 47px;\">\n<td style=\"vertical-align: top; height: 47px; width: 14.7084%;\">Composici\u00f3n<\/td>\n<td style=\"vertical-align: top; height: 47px; width: 14.7929%;\">73% algod\u00f3n reciclado<br \/>\n17% viscosa<br \/>\n10% poli\u00e9ster<\/td>\n<td style=\"vertical-align: top; height: 47px; width: 69.738%;\">Cumple los requisitos GRS (Global Recycled Standard)<\/td>\n<\/tr>\n<tr style=\"height: 47px;\">\n<td style=\"vertical-align: top; height: 47px; width: 14.7084%;\">Longitud de las piezas<\/td>\n<td style=\"vertical-align: top; height: 47px; width: 14.7929%;\">\u00b1 60 m (pacas)<br \/>\n\u00b1 500 m (pal\u00e9s)<\/td>\n<td style=\"vertical-align: top; height: 47px; width: 69.738%;\">Se puede vender por cortes, sujeto a disponibilidad de stock<\/td>\n<\/tr>\n<tr style=\"height: 47px;\">\n<td style=\"vertical-align: top; width: 14.7084%; height: 47px;\">Presentaci\u00f3n<\/td>\n<td style=\"vertical-align: top; width: 14.7929%; height: 47px;\">doblado en 2<\/td>\n<td style=\"vertical-align: top; width: 69.738%; height: 47px;\">En pacas o pal\u00e9s<\/td>\n<\/tr>\n<\/tbody>\n<\/table>\n<p>&nbsp;<\/p>\n","protected":false},"excerpt":{"rendered":"<p><strong>Mulet\u00f3n ign\u00edfugo<\/strong>, esencial en el escenario, en su versi\u00f3n <strong>reciclada<\/strong> para telones de teatro y eventos m\u00e1s responsables.<br \/>\nEste <strong>mulet\u00f3n ign\u00edfugo<\/strong> contiene un <strong>73% de algod\u00f3n reciclado<\/strong>, por lo que cumple los requisitos de la norma <strong>GRS (Global Recycled Standard).<\/strong><br \/>\nEs igual de <strong>econ\u00f3mico<\/strong> y de <strong>alta calidad<\/strong> que un mulet\u00f3n de escenario tradicional, \u00a1incluso con una gran proporci\u00f3n de algod\u00f3n reciclado! Gracias a su mezcla de fibras de algod\u00f3n, viscosa y poli\u00e9ster, tiene una <strong>buena estabilidad dimensional<\/strong>, e incluso ofrece mejor <strong>opacidad<\/strong> que algunos mulet\u00f3nes de algod\u00f3n 100% virgen.<\/p>\n<p>&nbsp;<\/p>\n<table class=\"table\" style=\"background: #f7f7f7;\">\n<tbody>\n<tr>\n<td><strong>Ancho<\/strong>: 300 cm<\/td>\n<td><strong>Peso<\/strong>: 320 g\/m\u00b2<\/td>\n<\/tr>\n<tr>\n<td><strong>Clasificaci\u00f3n ante el fuego<\/strong>: <img decoding=\"async\" style=\"height: 20px; width: 20px;\" src=\"https:\/\/www.azur-scenic.com\/wp-content\/uploads\/icon-flag-france.png?1542281963\" \/> M1, <img decoding=\"async\" style=\"height: 20px; width: 20px;\" src=\"https:\/\/www.azur-scenic.com\/wp-content\/uploads\/icon-flag-allemagne.png\" alt=\"\" \/> B1, <br \/>\n<img decoding=\"async\" style=\"height: 20px; width: 20px;\" src=\"https:\/\/www.azur-scenic.com\/wp-content\/uploads\/icon-flag-europe.png\" \/> EN13501<\/td>\n<td style=\"vertical-align: top;\"><strong>Composici\u00f3n<\/strong>: 73% algod\u00f3n reciclado, <br \/>\n17% viscosa, 10% poli\u00e9ster<\/td>\n<\/tr>\n<\/tbody>\n<\/table>\n","protected":false},"featured_media":25313,"template":"","meta":{"_acf_changed":false},"product_brand":[],"product_cat":[1888,1099,939,942,976,977,943,944],"product_tag":[],"class_list":{"0":"post-25968","1":"product","2":"type-product","3":"status-publish","4":"has-post-thumbnail","6":"product_cat-tejidos-reciclados","7":"product_cat-eventos","8":"product_cat-tejidos-escenicos-y-para-eventos","9":"product_cat-oscurecimiento","10":"product_cat-tejidos-decorativos","11":"product_cat-telas-y-tejidos-peinados","12":"product_cat-teatro","13":"product_cat-todos-los-productos","14":"pa_couleurs-001-es","15":"pa_couleurs-002-es","16":"pa_couleurs-003-es","17":"pa_groupes-de-couleurs-blanco","18":"pa_groupes-de-couleurs-crudo","19":"pa_groupes-de-couleurs-negro","20":"pa_textiles-tissus-recycles-es","21":"pa_textiles-global-reclycled-standard-es","22":"pa_textiles-ignifugo","23":"pa_textiles-economico","25":"first","26":"instock","27":"shipping-taxable","28":"purchasable","29":"product-type-variable"},"acf":[],"yoast_head":"<!-- This site is optimized with the Yoast SEO plugin v27.1.1 - https:\/\/yoast.com\/product\/yoast-seo-wordpress\/ -->\n<title>Mulet\u00f3n esc\u00e9nico reciclado - Azur Scenic<\/title>\n<meta name=\"description\" content=\"Descubra el Mulet\u00f3n esc\u00e9nico reciclado Azur Scenic: resistencia al fuego y ecolog\u00eda en un solo tejido. Causa impacto a la vez que preserva el planeta.\" \/>\n<meta name=\"robots\" content=\"index, follow, max-snippet:-1, max-image-preview:large, max-video-preview:-1\" \/>\n<link rel=\"canonical\" href=\"https:\/\/www.azur-scenic.com\/es\/producto\/muleton-escenico-reciclado\/\" \/>\n<meta property=\"og:locale\" content=\"es_ES\" \/>\n<meta property=\"og:type\" content=\"article\" \/>\n<meta property=\"og:title\" content=\"Mulet\u00f3n esc\u00e9nico reciclado - Azur Scenic\" \/>\n<meta property=\"og:description\" content=\"Descubra el Mulet\u00f3n esc\u00e9nico reciclado Azur Scenic: resistencia al fuego y ecolog\u00eda en un solo tejido. Causa impacto a la vez que preserva el planeta.\" \/>\n<meta property=\"og:url\" content=\"https:\/\/www.azur-scenic.com\/es\/producto\/muleton-escenico-reciclado\/\" \/>\n<meta property=\"og:site_name\" content=\"Azur Scenic\" \/>\n<meta property=\"article:modified_time\" content=\"2024-06-13T12:54:07+00:00\" \/>\n<meta property=\"og:image\" content=\"https:\/\/www.azur-scenic.com\/wp-content\/uploads\/MOLLETON-SCENIQUE-GRS-NOIR.jpg\" \/>\n\t<meta property=\"og:image:width\" content=\"2280\" \/>\n\t<meta property=\"og:image:height\" content=\"2280\" \/>\n\t<meta property=\"og:image:type\" content=\"image\/jpeg\" \/>\n<meta name=\"twitter:card\" content=\"summary_large_image\" \/>\n<meta name=\"twitter:label1\" content=\"Tiempo de lectura\" \/>\n\t<meta name=\"twitter:data1\" content=\"3 minutos\" \/>\n<script type=\"application\/ld+json\" class=\"yoast-schema-graph\">{\"@context\":\"https:\/\/schema.org\",\"@graph\":[{\"@type\":\"WebPage\",\"@id\":\"https:\/\/www.azur-scenic.com\/es\/producto\/muleton-escenico-reciclado\/\",\"url\":\"https:\/\/www.azur-scenic.com\/es\/producto\/muleton-escenico-reciclado\/\",\"name\":\"Mulet\u00f3n esc\u00e9nico reciclado - Azur Scenic\",\"isPartOf\":{\"@id\":\"https:\/\/www.azur-scenic.com\/es\/#website\"},\"primaryImageOfPage\":{\"@id\":\"https:\/\/www.azur-scenic.com\/es\/producto\/muleton-escenico-reciclado\/#primaryimage\"},\"image\":{\"@id\":\"https:\/\/www.azur-scenic.com\/es\/producto\/muleton-escenico-reciclado\/#primaryimage\"},\"thumbnailUrl\":\"https:\/\/www.azur-scenic.com\/wp-content\/uploads\/MOLLETON-SCENIQUE-GRS-NOIR.jpg\",\"datePublished\":\"2023-10-02T09:01:31+00:00\",\"dateModified\":\"2024-06-13T12:54:07+00:00\",\"description\":\"Descubra el Mulet\u00f3n esc\u00e9nico reciclado Azur Scenic: resistencia al fuego y ecolog\u00eda en un solo tejido. Causa impacto a la vez que preserva el planeta.\",\"breadcrumb\":{\"@id\":\"https:\/\/www.azur-scenic.com\/es\/producto\/muleton-escenico-reciclado\/#breadcrumb\"},\"inLanguage\":\"es\",\"potentialAction\":[{\"@type\":\"ReadAction\",\"target\":[\"https:\/\/www.azur-scenic.com\/es\/producto\/muleton-escenico-reciclado\/\"]}]},{\"@type\":\"ImageObject\",\"inLanguage\":\"es\",\"@id\":\"https:\/\/www.azur-scenic.com\/es\/producto\/muleton-escenico-reciclado\/#primaryimage\",\"url\":\"https:\/\/www.azur-scenic.com\/wp-content\/uploads\/MOLLETON-SCENIQUE-GRS-NOIR.jpg\",\"contentUrl\":\"https:\/\/www.azur-scenic.com\/wp-content\/uploads\/MOLLETON-SCENIQUE-GRS-NOIR.jpg\",\"width\":2280,\"height\":2280,\"caption\":\"Molleton sc\u00e9nique recycl\u00e9 et ignifug\u00e9, coloris noir, r\u00e9pondant \u00e0 la norme GRS Global Recycled Standard et \u00e0 la norme anti-feu Fran\u00e7aise M1 disponible chez Azur Scenic\"},{\"@type\":\"BreadcrumbList\",\"@id\":\"https:\/\/www.azur-scenic.com\/es\/producto\/muleton-escenico-reciclado\/#breadcrumb\",\"itemListElement\":[{\"@type\":\"ListItem\",\"position\":1,\"name\":\"Accueil\",\"item\":\"https:\/\/www.azur-scenic.com\/es\/\"},{\"@type\":\"ListItem\",\"position\":2,\"name\":\"Productos\",\"item\":\"https:\/\/www.azur-scenic.com\/es\/?page_id=21440\"},{\"@type\":\"ListItem\",\"position\":3,\"name\":\"Mulet\u00f3n esc\u00e9nico reciclado\"}]},{\"@type\":\"WebSite\",\"@id\":\"https:\/\/www.azur-scenic.com\/es\/#website\",\"url\":\"https:\/\/www.azur-scenic.com\/es\/\",\"name\":\"Azur Scenic\",\"description\":\"Sp\u00e9cialiste de l\u2019\u00e9quipement sc\u00e9nique et de la d\u00e9coration int\u00e9rieure et \u00e9v\u00e9nementielle !\",\"publisher\":{\"@id\":\"https:\/\/www.azur-scenic.com\/es\/#organization\"},\"potentialAction\":[{\"@type\":\"SearchAction\",\"target\":{\"@type\":\"EntryPoint\",\"urlTemplate\":\"https:\/\/www.azur-scenic.com\/es\/?s={search_term_string}\"},\"query-input\":{\"@type\":\"PropertyValueSpecification\",\"valueRequired\":true,\"valueName\":\"search_term_string\"}}],\"inLanguage\":\"es\"},{\"@type\":\"Organization\",\"@id\":\"https:\/\/www.azur-scenic.com\/es\/#organization\",\"name\":\"AZUR SCENIC\",\"url\":\"https:\/\/www.azur-scenic.com\/es\/\",\"logo\":{\"@type\":\"ImageObject\",\"inLanguage\":\"es\",\"@id\":\"https:\/\/www.azur-scenic.com\/es\/#\/schema\/logo\/image\/\",\"url\":\"https:\/\/www.azur-scenic.com\/wp-content\/uploads\/2022\/09\/LOGO-AZUR-SCENIC-Fusion-web-236x64-1.jpg\",\"contentUrl\":\"https:\/\/www.azur-scenic.com\/wp-content\/uploads\/2022\/09\/LOGO-AZUR-SCENIC-Fusion-web-236x64-1.jpg\",\"width\":236,\"height\":64,\"caption\":\"AZUR SCENIC\"},\"image\":{\"@id\":\"https:\/\/www.azur-scenic.com\/es\/#\/schema\/logo\/image\/\"},\"sameAs\":[\"https:\/\/www.youtube.com\/channel\/UCPWM2mGPVUt4nYhNlm71WOA\",\"https:\/\/www.linkedin.com\/company\/33237605\/admin\/feed\/posts\/\"]}]}<\/script>\n<!-- \/ Yoast SEO plugin. -->","yoast_head_json":{"title":"Mulet\u00f3n esc\u00e9nico reciclado - Azur Scenic","description":"Descubra el Mulet\u00f3n esc\u00e9nico reciclado Azur Scenic: resistencia al fuego y ecolog\u00eda en un solo tejido. Causa impacto a la vez que preserva el planeta.","robots":{"index":"index","follow":"follow","max-snippet":"max-snippet:-1","max-image-preview":"max-image-preview:large","max-video-preview":"max-video-preview:-1"},"canonical":"https:\/\/www.azur-scenic.com\/es\/producto\/muleton-escenico-reciclado\/","og_locale":"es_ES","og_type":"article","og_title":"Mulet\u00f3n esc\u00e9nico reciclado - Azur Scenic","og_description":"Descubra el Mulet\u00f3n esc\u00e9nico reciclado Azur Scenic: resistencia al fuego y ecolog\u00eda en un solo tejido. Causa impacto a la vez que preserva el planeta.","og_url":"https:\/\/www.azur-scenic.com\/es\/producto\/muleton-escenico-reciclado\/","og_site_name":"Azur Scenic","article_modified_time":"2024-06-13T12:54:07+00:00","og_image":[{"width":2280,"height":2280,"url":"https:\/\/www.azur-scenic.com\/wp-content\/uploads\/MOLLETON-SCENIQUE-GRS-NOIR.jpg","type":"image\/jpeg"}],"twitter_card":"summary_large_image","twitter_misc":{"Tiempo de lectura":"3 minutos"},"schema":{"@context":"https:\/\/schema.org","@graph":[{"@type":"WebPage","@id":"https:\/\/www.azur-scenic.com\/es\/producto\/muleton-escenico-reciclado\/","url":"https:\/\/www.azur-scenic.com\/es\/producto\/muleton-escenico-reciclado\/","name":"Mulet\u00f3n esc\u00e9nico reciclado - Azur Scenic","isPartOf":{"@id":"https:\/\/www.azur-scenic.com\/es\/#website"},"primaryImageOfPage":{"@id":"https:\/\/www.azur-scenic.com\/es\/producto\/muleton-escenico-reciclado\/#primaryimage"},"image":{"@id":"https:\/\/www.azur-scenic.com\/es\/producto\/muleton-escenico-reciclado\/#primaryimage"},"thumbnailUrl":"https:\/\/www.azur-scenic.com\/wp-content\/uploads\/MOLLETON-SCENIQUE-GRS-NOIR.jpg","datePublished":"2023-10-02T09:01:31+00:00","dateModified":"2024-06-13T12:54:07+00:00","description":"Descubra el Mulet\u00f3n esc\u00e9nico reciclado Azur Scenic: resistencia al fuego y ecolog\u00eda en un solo tejido. Causa impacto a la vez que preserva el planeta.","breadcrumb":{"@id":"https:\/\/www.azur-scenic.com\/es\/producto\/muleton-escenico-reciclado\/#breadcrumb"},"inLanguage":"es","potentialAction":[{"@type":"ReadAction","target":["https:\/\/www.azur-scenic.com\/es\/producto\/muleton-escenico-reciclado\/"]}]},{"@type":"ImageObject","inLanguage":"es","@id":"https:\/\/www.azur-scenic.com\/es\/producto\/muleton-escenico-reciclado\/#primaryimage","url":"https:\/\/www.azur-scenic.com\/wp-content\/uploads\/MOLLETON-SCENIQUE-GRS-NOIR.jpg","contentUrl":"https:\/\/www.azur-scenic.com\/wp-content\/uploads\/MOLLETON-SCENIQUE-GRS-NOIR.jpg","width":2280,"height":2280,"caption":"Molleton sc\u00e9nique recycl\u00e9 et ignifug\u00e9, coloris noir, r\u00e9pondant \u00e0 la norme GRS Global Recycled Standard et \u00e0 la norme anti-feu Fran\u00e7aise M1 disponible chez Azur Scenic"},{"@type":"BreadcrumbList","@id":"https:\/\/www.azur-scenic.com\/es\/producto\/muleton-escenico-reciclado\/#breadcrumb","itemListElement":[{"@type":"ListItem","position":1,"name":"Accueil","item":"https:\/\/www.azur-scenic.com\/es\/"},{"@type":"ListItem","position":2,"name":"Productos","item":"https:\/\/www.azur-scenic.com\/es\/?page_id=21440"},{"@type":"ListItem","position":3,"name":"Mulet\u00f3n esc\u00e9nico reciclado"}]},{"@type":"WebSite","@id":"https:\/\/www.azur-scenic.com\/es\/#website","url":"https:\/\/www.azur-scenic.com\/es\/","name":"Azur Scenic","description":"Sp\u00e9cialiste de l\u2019\u00e9quipement sc\u00e9nique et de la d\u00e9coration int\u00e9rieure et \u00e9v\u00e9nementielle !","publisher":{"@id":"https:\/\/www.azur-scenic.com\/es\/#organization"},"potentialAction":[{"@type":"SearchAction","target":{"@type":"EntryPoint","urlTemplate":"https:\/\/www.azur-scenic.com\/es\/?s={search_term_string}"},"query-input":{"@type":"PropertyValueSpecification","valueRequired":true,"valueName":"search_term_string"}}],"inLanguage":"es"},{"@type":"Organization","@id":"https:\/\/www.azur-scenic.com\/es\/#organization","name":"AZUR SCENIC","url":"https:\/\/www.azur-scenic.com\/es\/","logo":{"@type":"ImageObject","inLanguage":"es","@id":"https:\/\/www.azur-scenic.com\/es\/#\/schema\/logo\/image\/","url":"https:\/\/www.azur-scenic.com\/wp-content\/uploads\/2022\/09\/LOGO-AZUR-SCENIC-Fusion-web-236x64-1.jpg","contentUrl":"https:\/\/www.azur-scenic.com\/wp-content\/uploads\/2022\/09\/LOGO-AZUR-SCENIC-Fusion-web-236x64-1.jpg","width":236,"height":64,"caption":"AZUR SCENIC"},"image":{"@id":"https:\/\/www.azur-scenic.com\/es\/#\/schema\/logo\/image\/"},"sameAs":["https:\/\/www.youtube.com\/channel\/UCPWM2mGPVUt4nYhNlm71WOA","https:\/\/www.linkedin.com\/company\/33237605\/admin\/feed\/posts\/"]}]}},"_links":{"self":[{"href":"https:\/\/www.azur-scenic.com\/es\/wp-json\/wp\/v2\/product\/25968","targetHints":{"allow":["GET"]}}],"collection":[{"href":"https:\/\/www.azur-scenic.com\/es\/wp-json\/wp\/v2\/product"}],"about":[{"href":"https:\/\/www.azur-scenic.com\/es\/wp-json\/wp\/v2\/types\/product"}],"wp:featuredmedia":[{"embeddable":true,"href":"https:\/\/www.azur-scenic.com\/es\/wp-json\/wp\/v2\/media\/25313"}],"wp:attachment":[{"href":"https:\/\/www.azur-scenic.com\/es\/wp-json\/wp\/v2\/media?parent=25968"}],"wp:term":[{"taxonomy":"product_brand","embeddable":true,"href":"https:\/\/www.azur-scenic.com\/es\/wp-json\/wp\/v2\/product_brand?post=25968"},{"taxonomy":"product_cat","embeddable":true,"href":"https:\/\/www.azur-scenic.com\/es\/wp-json\/wp\/v2\/product_cat?post=25968"},{"taxonomy":"product_tag","embeddable":true,"href":"https:\/\/www.azur-scenic.com\/es\/wp-json\/wp\/v2\/product_tag?post=25968"}],"curies":[{"name":"wp","href":"https:\/\/api.w.org\/{rel}","templated":true}]}}