{"id":26053,"date":"2023-11-17T07:41:02","date_gmt":"2023-11-17T07:41:02","guid":{"rendered":"https:\/\/www.azur-scenic.com\/produit\/tissu-recycle-toile-renew\/"},"modified":"2024-06-13T12:55:06","modified_gmt":"2024-06-13T12:55:06","slug":"tela-reciclada-renew","status":"publish","type":"product","link":"https:\/\/www.azur-scenic.com\/es\/producto\/tela-reciclada-renew\/","title":{"rendered":"Tela ReNew"},"content":{"rendered":"<h1><span style=\"font-size: 24px;\">Descubra nuestra Tela reciclada ReNew: un tejido ecol\u00f3gico fabricado con poli\u00e9ster reciclado<\/span><\/h1>\n<p>La Tela reciclada ReNew es una soluci\u00f3n innovadora, ya que est\u00e1 fabricado con poli\u00e9ster 100% reciclado, lo que subraya nuestro compromiso con la sostenibilidad y la preservaci\u00f3n del medio ambiente. Adem\u00e1s, este tejido es totalmente reciclable, lo que refuerza nuestro enfoque ecorresponsable.<\/p>\n<h2><span style=\"font-size: 16px;\">Una tela ecol\u00f3gica y reciclada<\/span><\/h2>\n<p>Fabricado con tejido de poli\u00e9ster 100% reciclado, la Tela ReNew ofrece una alternativa respetuosa con el medio ambiente sin renunciar a la calidad.<\/p>\n<h2><span style=\"font-size: 16px;\">Reciclado&#8230; \u00a1y reciclable!<\/span><\/h2>\n<p>Ayude a reducir los residuos eligiendo un tejido que pueda reciclarse al final de su vida \u00fatil.<\/p>\n<h2><span style=\"font-size: 16px;\"><strong>Tejido reciclado con clasificaci\u00f3n ante el fuego<\/strong><\/span><\/h2>\n<p>Fabricado \u00edntegramente en poli\u00e9ster FR (retardante de flama), la tela ReNew tiene clasificaci\u00f3n ante el fuego francesa M1 y europea C1, ofreciendo la resistencia al fuego requerida en \u00e1reas p\u00fablicas, para una total tranquilidad.<\/p>\n<h2><span style=\"font-size: 16px;\">Ancho excepcional<\/span><\/h2>\n<p>Con una anchura de 330 cm, el tejido ReNew es ideal para confeccionar cortinas con un m\u00ednimo de costuras de montaje, ofreciendo un aspecto elegante y un proceso de instalaci\u00f3n simplificado.<\/p>\n<h2><span style=\"font-size: 16px;\"><strong>Colores variados<\/strong><\/span><\/h2>\n<p>Exprese su creatividad con nuestra amplia gama de colores. Tanto si busca tonos cl\u00e1sicos como contempor\u00e1neos, Tela ReNew satisface todas sus preferencias de estilo.<\/p>\n<h2><span style=\"font-size: 16px;\"><strong>Tejido reciclado lavable a m\u00e1quina <\/strong><\/span><\/h2>\n<p>Facilite el cuidado de sus creaciones aprovechando la comodidad de poder lavar Tela ReNew a m\u00e1quina hasta 40\u00b0C.<\/p>\n<p>&nbsp;<\/p>\n<p>Elija un tejido que combine durabilidad, funcionalidad y est\u00e9tica.<br \/>\nElija la tela ReNew y contribuya a un futuro m\u00e1s ecol\u00f3gico sin comprometer el estilo de su hogar.<\/p>\n<p>&nbsp;<\/p>\n<p><span style=\"font-size: 16px;\"><strong>Datos t\u00e9cnicos\u00a0<\/strong><\/span><\/p>\n<table style=\"width: 100%; height: 266px;\">\n<thead>\n<tr style=\"height: 23px;\">\n<th style=\"width: 14.7084%; height: 23px;\">Datos t\u00e9cnicos<\/th>\n<th style=\"height: 23px; width: 14.7929%;\">Valor<\/th>\n<th style=\"height: 23px; width: 69.738%;\">Comentarios<\/th>\n<\/tr>\n<\/thead>\n<tbody>\n<tr style=\"height: 23px;\">\n<td style=\"vertical-align: top; height: 23px; width: 14.7084%;\">Ancho<\/td>\n<td style=\"vertical-align: top; height: 23px; width: 14.7929%;\">\u00b1 330 cm<\/td>\n<td style=\"vertical-align: top; height: 23px; width: 69.738%;\">\u00a0<\/td>\n<\/tr>\n<tr style=\"height: 23px;\">\n<td style=\"vertical-align: top; height: 23px; width: 14.7084%;\">Peso<\/td>\n<td style=\"vertical-align: top; height: 23px; width: 14.7929%;\">\u00b1 180 g\/m\u00b2<\/td>\n<td style=\"vertical-align: top; height: 23px; width: 69.738%;\">\u00a0<\/td>\n<\/tr>\n<tr style=\"height: 23px;\">\n<td style=\"vertical-align: top; height: 23px; width: 14.7084%;\">Grosor<\/td>\n<td style=\"vertical-align: top; height: 23px; width: 14.7929%;\">\u00b1 0.5 mm<\/td>\n<td style=\"vertical-align: top; height: 23px; width: 69.738%;\">\u00a0<\/td>\n<\/tr>\n<tr style=\"height: 96px;\">\n<td style=\"vertical-align: top; width: 14.7084%; height: 96px;\">Clasificaci\u00f3n ante el fuego<\/td>\n<td style=\"vertical-align: top; width: 14.7929%; height: 96px;\"><img decoding=\"async\" style=\"height: 20px; width: 20px;\" src=\"https:\/\/www.azur-scenic.com\/wp-content\/uploads\/icon-flag-france.png?1542281963\" alt=\"Tissu recycl\u00e9 non-feu M1\" \/> M1<br \/>\n<img decoding=\"async\" style=\"height: 20px; width: 20px;\" src=\"https:\/\/www.azur-scenic.com\/wp-content\/uploads\/icon-flag-europe.png\" alt=\"Tissu recycl\u00e9 non feu C1\" \/> C1<br \/>\n<img decoding=\"async\" style=\"height: 20px; width: 20px;\" src=\"https:\/\/www.azur-scenic.com\/wp-content\/uploads\/icon-flag-allemagne.png\" alt=\"Tissu recycl\u00e9 non feu B1\" \/> B1<br \/>\n<img decoding=\"async\" style=\"height: 20px; width: 20px;\" src=\"https:\/\/www.azur-scenic.com\/wp-content\/uploads\/icon-flag-uk.png\" alt=\"\" \/> Type B<\/td>\n<td style=\"vertical-align: top; width: 69.738%; height: 96px;\">NF P 92-507<br \/>\nEN 13773<br \/>\nDIN 4102<br \/>\nBS 5867<\/td>\n<\/tr>\n<tr style=\"height: 47px;\">\n<td style=\"vertical-align: top; height: 31px; width: 14.7084%;\">Composici\u00f3n<\/td>\n<td style=\"vertical-align: top; height: 31px; width: 14.7929%;\">100 % PES FR reciclado<\/td>\n<td style=\"vertical-align: top; height: 31px; width: 69.738%;\">\u00a0<\/td>\n<\/tr>\n<tr style=\"height: 47px;\">\n<td style=\"vertical-align: top; height: 47px; width: 14.7084%;\">Longitud del rollo<\/td>\n<td style=\"vertical-align: top; height: 47px; width: 14.7929%;\">\u00b1 40 m<\/td>\n<td style=\"vertical-align: top; height: 47px; width: 69.738%;\">Piezas no calibradas. Las longitudes de las piezas var\u00edan considerablemente. P\u00f3ngase en contacto con nosotros para conocer las longitudes de las piezas disponibles en el momento de realizar su pedido. Las piezas pueden cortarse a medida a partir de 5 m.<\/td>\n<\/tr>\n<\/tbody>\n<\/table>\n<p>M\u00e1s informaci\u00f3n en nuestra hoja de datos descargable. (ingl\u00e9s y franc\u00e9s)<\/p>\n","protected":false},"excerpt":{"rendered":"<p>Nuestra <strong>Tela Renew<\/strong> es un <strong>tejido innovador<\/strong>: fabricado \u00edntegramente con <strong>poli\u00e9ster reciclado<\/strong>, \u00a1tambi\u00e9n es <strong>reciclable<\/strong>!<\/p>\n<p>Con una <strong>clasificaci\u00f3n ante el fuego<\/strong> francesa de M1 y europea de C1, este tejido decorativo ligero tiene un acabado muy cuidado y est\u00e1 disponible en una bonita <strong>gama de colores<\/strong>.<\/p>\n<p><strong>Se puede lavar<\/strong> y utilizar en interiores y <strong>exteriores<\/strong>, y es ideal para confeccionar <strong>cortinas<\/strong>.<\/p>\n<p>&nbsp;<\/p>\n<table class=\"table\" style=\"background: #f7f7f7; width: 43.1936%;\">\n<tbody>\n<tr>\n<td style=\"width: 50.7826%;\">Ancho: \u00b1 330 cm<\/td>\n<td style=\"width: 48%;\">Peso: 180 g\/m\u00b2<\/td>\n<\/tr>\n<tr>\n<td style=\"width: 50.7826%;\">Clasificaci\u00f3n ante el fuego: <img decoding=\"async\" style=\"height: 20px; width: 20px;\" src=\"https:\/\/www.azur-scenic.com\/wp-content\/uploads\/icon-flag-france.png?1542281963\" \/> M1, <img decoding=\"async\" style=\"height: 20px; width: 20px;\" src=\"https:\/\/www.azur-scenic.com\/wp-content\/uploads\/icon-flag-europe.png\" \/> C1, <img decoding=\"async\" style=\"height: 20px; width: 20px;\" src=\"https:\/\/www.azur-scenic.com\/wp-content\/uploads\/icon-flag-allemagne.png\" alt=\"\" \/> B1, <img decoding=\"async\" style=\"height: 20px; width: 20px;\" src=\"https:\/\/www.azur-scenic.com\/wp-content\/uploads\/icon-flag-uk.png\" \/> Type B<\/td>\n<td style=\"vertical-align: top; width: 48%;\">Composici\u00f3n: 100% PES FR reciclado<\/td>\n<\/tr>\n<\/tbody>\n<\/table>\n","protected":false},"featured_media":25954,"template":"","meta":{"_acf_changed":false},"product_brand":[],"product_cat":[1888,1099,939,976,977,944],"product_tag":[],"class_list":{"0":"post-26053","1":"product","2":"type-product","3":"status-publish","4":"has-post-thumbnail","6":"product_cat-tejidos-reciclados","7":"product_cat-eventos","8":"product_cat-tejidos-escenicos-y-para-eventos","9":"product_cat-tejidos-decorativos","10":"product_cat-telas-y-tejidos-peinados","11":"product_cat-todos-los-productos","12":"pa_couleurs-001-es","13":"pa_couleurs-002-es","14":"pa_couleurs-003-es","15":"pa_couleurs-040-es","16":"pa_couleurs-108-es","17":"pa_couleurs-120-es","18":"pa_couleurs-180-es","19":"pa_couleurs-250-es","20":"pa_couleurs-288-es","21":"pa_couleurs-325-es","22":"pa_couleurs-350-es","23":"pa_couleurs-380-es","24":"pa_couleurs-420-es","25":"pa_couleurs-450-es","26":"pa_couleurs-501-es","27":"pa_couleurs-610-es","28":"pa_couleurs-625-es","29":"pa_couleurs-630-es","30":"pa_couleurs-670-es","31":"pa_couleurs-720-es","32":"pa_couleurs-770-es","33":"pa_couleurs-782-es","34":"pa_couleurs-790-es","35":"pa_couleurs-812-es","36":"pa_couleurs-920-es","37":"pa_groupes-de-couleurs-blanco","38":"pa_groupes-de-couleurs-azules","39":"pa_groupes-de-couleurs-crudo","40":"pa_groupes-de-couleurs-gris","41":"pa_groupes-de-couleurs-amarillos","42":"pa_groupes-de-couleurs-marrones-beige","43":"pa_groupes-de-couleurs-negro","44":"pa_groupes-de-couleurs-naranjas","45":"pa_groupes-de-couleurs-rosas","46":"pa_groupes-de-couleurs-rojos","47":"pa_groupes-de-couleurs-verdes","48":"pa_groupes-de-couleurs-violetas","49":"pa_textiles-tissus-recycles-es","50":"pa_textiles-apto-para-uso-en-exteriores","51":"pa_textiles-ignifugo","52":"pa_textiles-lavable","53":"pa_textiles-oeko-tex","55":"first","56":"instock","57":"shipping-taxable","58":"purchasable","59":"product-type-variable"},"acf":[],"yoast_head":"<!-- This site is optimized with the Yoast SEO plugin v27.3 - https:\/\/yoast.com\/product\/yoast-seo-wordpress\/ -->\n<title>Tela reciclada ReNew - Azur Scenic<\/title>\n<meta name=\"description\" content=\"Descubra la Tela reciclada ReNew: un tejido FR 100% poli\u00e9ster reciclado con una clasificaci\u00f3n ante el fuego. Un tejido de alta calidad y eco-responsable.\" \/>\n<meta name=\"robots\" content=\"index, follow, max-snippet:-1, max-image-preview:large, max-video-preview:-1\" \/>\n<link rel=\"canonical\" href=\"https:\/\/www.azur-scenic.com\/es\/producto\/tela-reciclada-renew\/\" \/>\n<meta property=\"og:locale\" content=\"es_ES\" \/>\n<meta property=\"og:type\" content=\"article\" \/>\n<meta property=\"og:title\" content=\"Tela reciclada ReNew - Azur Scenic\" \/>\n<meta property=\"og:description\" content=\"Descubra la Tela reciclada ReNew: un tejido FR 100% poli\u00e9ster reciclado con una clasificaci\u00f3n ante el fuego. Un tejido de alta calidad y eco-responsable.\" \/>\n<meta property=\"og:url\" content=\"https:\/\/www.azur-scenic.com\/es\/producto\/tela-reciclada-renew\/\" \/>\n<meta property=\"og:site_name\" content=\"Azur Scenic\" \/>\n<meta property=\"article:modified_time\" content=\"2024-06-13T12:55:06+00:00\" \/>\n<meta property=\"og:image\" content=\"https:\/\/www.azur-scenic.com\/wp-content\/uploads\/Toile-ReNew.jpg\" \/>\n\t<meta property=\"og:image:width\" content=\"555\" \/>\n\t<meta property=\"og:image:height\" content=\"555\" \/>\n\t<meta property=\"og:image:type\" content=\"image\/jpeg\" \/>\n<meta name=\"twitter:card\" content=\"summary_large_image\" \/>\n<meta name=\"twitter:label1\" content=\"Tiempo de lectura\" \/>\n\t<meta name=\"twitter:data1\" content=\"3 minutos\" \/>\n<script type=\"application\/ld+json\" class=\"yoast-schema-graph\">{\"@context\":\"https:\\\/\\\/schema.org\",\"@graph\":[{\"@type\":\"WebPage\",\"@id\":\"https:\\\/\\\/www.azur-scenic.com\\\/es\\\/producto\\\/tela-reciclada-renew\\\/\",\"url\":\"https:\\\/\\\/www.azur-scenic.com\\\/es\\\/producto\\\/tela-reciclada-renew\\\/\",\"name\":\"Tela reciclada ReNew - Azur Scenic\",\"isPartOf\":{\"@id\":\"https:\\\/\\\/www.azur-scenic.com\\\/es\\\/#website\"},\"primaryImageOfPage\":{\"@id\":\"https:\\\/\\\/www.azur-scenic.com\\\/es\\\/producto\\\/tela-reciclada-renew\\\/#primaryimage\"},\"image\":{\"@id\":\"https:\\\/\\\/www.azur-scenic.com\\\/es\\\/producto\\\/tela-reciclada-renew\\\/#primaryimage\"},\"thumbnailUrl\":\"https:\\\/\\\/www.azur-scenic.com\\\/wp-content\\\/uploads\\\/Toile-ReNew.jpg\",\"datePublished\":\"2023-11-17T07:41:02+00:00\",\"dateModified\":\"2024-06-13T12:55:06+00:00\",\"description\":\"Descubra la Tela reciclada ReNew: un tejido FR 100% poli\u00e9ster reciclado con una clasificaci\u00f3n ante el fuego. Un tejido de alta calidad y eco-responsable.\",\"breadcrumb\":{\"@id\":\"https:\\\/\\\/www.azur-scenic.com\\\/es\\\/producto\\\/tela-reciclada-renew\\\/#breadcrumb\"},\"inLanguage\":\"es\",\"potentialAction\":[{\"@type\":\"ReadAction\",\"target\":[\"https:\\\/\\\/www.azur-scenic.com\\\/es\\\/producto\\\/tela-reciclada-renew\\\/\"]}]},{\"@type\":\"ImageObject\",\"inLanguage\":\"es\",\"@id\":\"https:\\\/\\\/www.azur-scenic.com\\\/es\\\/producto\\\/tela-reciclada-renew\\\/#primaryimage\",\"url\":\"https:\\\/\\\/www.azur-scenic.com\\\/wp-content\\\/uploads\\\/Toile-ReNew.jpg\",\"contentUrl\":\"https:\\\/\\\/www.azur-scenic.com\\\/wp-content\\\/uploads\\\/Toile-ReNew.jpg\",\"width\":555,\"height\":555,\"caption\":\"Tissu 100% polyester recycl\u00e9 Toile ReNew non-feu M1 disponible chez Azur Scenic\"},{\"@type\":\"BreadcrumbList\",\"@id\":\"https:\\\/\\\/www.azur-scenic.com\\\/es\\\/producto\\\/tela-reciclada-renew\\\/#breadcrumb\",\"itemListElement\":[{\"@type\":\"ListItem\",\"position\":1,\"name\":\"Accueil\",\"item\":\"https:\\\/\\\/www.azur-scenic.com\\\/es\\\/\"},{\"@type\":\"ListItem\",\"position\":2,\"name\":\"Productos\",\"item\":\"https:\\\/\\\/www.azur-scenic.com\\\/es\\\/?page_id=21440\"},{\"@type\":\"ListItem\",\"position\":3,\"name\":\"Tela ReNew\"}]},{\"@type\":\"WebSite\",\"@id\":\"https:\\\/\\\/www.azur-scenic.com\\\/es\\\/#website\",\"url\":\"https:\\\/\\\/www.azur-scenic.com\\\/es\\\/\",\"name\":\"Azur Scenic\",\"description\":\"Sp\u00e9cialiste de l\u2019\u00e9quipement sc\u00e9nique et de la d\u00e9coration int\u00e9rieure et \u00e9v\u00e9nementielle !\",\"publisher\":{\"@id\":\"https:\\\/\\\/www.azur-scenic.com\\\/es\\\/#organization\"},\"potentialAction\":[{\"@type\":\"SearchAction\",\"target\":{\"@type\":\"EntryPoint\",\"urlTemplate\":\"https:\\\/\\\/www.azur-scenic.com\\\/es\\\/?s={search_term_string}\"},\"query-input\":{\"@type\":\"PropertyValueSpecification\",\"valueRequired\":true,\"valueName\":\"search_term_string\"}}],\"inLanguage\":\"es\"},{\"@type\":\"Organization\",\"@id\":\"https:\\\/\\\/www.azur-scenic.com\\\/es\\\/#organization\",\"name\":\"AZUR SCENIC\",\"url\":\"https:\\\/\\\/www.azur-scenic.com\\\/es\\\/\",\"logo\":{\"@type\":\"ImageObject\",\"inLanguage\":\"es\",\"@id\":\"https:\\\/\\\/www.azur-scenic.com\\\/es\\\/#\\\/schema\\\/logo\\\/image\\\/\",\"url\":\"https:\\\/\\\/www.azur-scenic.com\\\/wp-content\\\/uploads\\\/2022\\\/09\\\/LOGO-AZUR-SCENIC-Fusion-web-236x64-1.jpg\",\"contentUrl\":\"https:\\\/\\\/www.azur-scenic.com\\\/wp-content\\\/uploads\\\/2022\\\/09\\\/LOGO-AZUR-SCENIC-Fusion-web-236x64-1.jpg\",\"width\":236,\"height\":64,\"caption\":\"AZUR SCENIC\"},\"image\":{\"@id\":\"https:\\\/\\\/www.azur-scenic.com\\\/es\\\/#\\\/schema\\\/logo\\\/image\\\/\"},\"sameAs\":[\"https:\\\/\\\/www.youtube.com\\\/channel\\\/UCPWM2mGPVUt4nYhNlm71WOA\",\"https:\\\/\\\/www.linkedin.com\\\/company\\\/33237605\\\/admin\\\/feed\\\/posts\\\/\"]}]}<\/script>\n<!-- \/ Yoast SEO plugin. -->","yoast_head_json":{"title":"Tela reciclada ReNew - Azur Scenic","description":"Descubra la Tela reciclada ReNew: un tejido FR 100% poli\u00e9ster reciclado con una clasificaci\u00f3n ante el fuego. Un tejido de alta calidad y eco-responsable.","robots":{"index":"index","follow":"follow","max-snippet":"max-snippet:-1","max-image-preview":"max-image-preview:large","max-video-preview":"max-video-preview:-1"},"canonical":"https:\/\/www.azur-scenic.com\/es\/producto\/tela-reciclada-renew\/","og_locale":"es_ES","og_type":"article","og_title":"Tela reciclada ReNew - Azur Scenic","og_description":"Descubra la Tela reciclada ReNew: un tejido FR 100% poli\u00e9ster reciclado con una clasificaci\u00f3n ante el fuego. Un tejido de alta calidad y eco-responsable.","og_url":"https:\/\/www.azur-scenic.com\/es\/producto\/tela-reciclada-renew\/","og_site_name":"Azur Scenic","article_modified_time":"2024-06-13T12:55:06+00:00","og_image":[{"width":555,"height":555,"url":"https:\/\/www.azur-scenic.com\/wp-content\/uploads\/Toile-ReNew.jpg","type":"image\/jpeg"}],"twitter_card":"summary_large_image","twitter_misc":{"Tiempo de lectura":"3 minutos"},"schema":{"@context":"https:\/\/schema.org","@graph":[{"@type":"WebPage","@id":"https:\/\/www.azur-scenic.com\/es\/producto\/tela-reciclada-renew\/","url":"https:\/\/www.azur-scenic.com\/es\/producto\/tela-reciclada-renew\/","name":"Tela reciclada ReNew - Azur Scenic","isPartOf":{"@id":"https:\/\/www.azur-scenic.com\/es\/#website"},"primaryImageOfPage":{"@id":"https:\/\/www.azur-scenic.com\/es\/producto\/tela-reciclada-renew\/#primaryimage"},"image":{"@id":"https:\/\/www.azur-scenic.com\/es\/producto\/tela-reciclada-renew\/#primaryimage"},"thumbnailUrl":"https:\/\/www.azur-scenic.com\/wp-content\/uploads\/Toile-ReNew.jpg","datePublished":"2023-11-17T07:41:02+00:00","dateModified":"2024-06-13T12:55:06+00:00","description":"Descubra la Tela reciclada ReNew: un tejido FR 100% poli\u00e9ster reciclado con una clasificaci\u00f3n ante el fuego. Un tejido de alta calidad y eco-responsable.","breadcrumb":{"@id":"https:\/\/www.azur-scenic.com\/es\/producto\/tela-reciclada-renew\/#breadcrumb"},"inLanguage":"es","potentialAction":[{"@type":"ReadAction","target":["https:\/\/www.azur-scenic.com\/es\/producto\/tela-reciclada-renew\/"]}]},{"@type":"ImageObject","inLanguage":"es","@id":"https:\/\/www.azur-scenic.com\/es\/producto\/tela-reciclada-renew\/#primaryimage","url":"https:\/\/www.azur-scenic.com\/wp-content\/uploads\/Toile-ReNew.jpg","contentUrl":"https:\/\/www.azur-scenic.com\/wp-content\/uploads\/Toile-ReNew.jpg","width":555,"height":555,"caption":"Tissu 100% polyester recycl\u00e9 Toile ReNew non-feu M1 disponible chez Azur Scenic"},{"@type":"BreadcrumbList","@id":"https:\/\/www.azur-scenic.com\/es\/producto\/tela-reciclada-renew\/#breadcrumb","itemListElement":[{"@type":"ListItem","position":1,"name":"Accueil","item":"https:\/\/www.azur-scenic.com\/es\/"},{"@type":"ListItem","position":2,"name":"Productos","item":"https:\/\/www.azur-scenic.com\/es\/?page_id=21440"},{"@type":"ListItem","position":3,"name":"Tela ReNew"}]},{"@type":"WebSite","@id":"https:\/\/www.azur-scenic.com\/es\/#website","url":"https:\/\/www.azur-scenic.com\/es\/","name":"Azur Scenic","description":"Sp\u00e9cialiste de l\u2019\u00e9quipement sc\u00e9nique et de la d\u00e9coration int\u00e9rieure et \u00e9v\u00e9nementielle !","publisher":{"@id":"https:\/\/www.azur-scenic.com\/es\/#organization"},"potentialAction":[{"@type":"SearchAction","target":{"@type":"EntryPoint","urlTemplate":"https:\/\/www.azur-scenic.com\/es\/?s={search_term_string}"},"query-input":{"@type":"PropertyValueSpecification","valueRequired":true,"valueName":"search_term_string"}}],"inLanguage":"es"},{"@type":"Organization","@id":"https:\/\/www.azur-scenic.com\/es\/#organization","name":"AZUR SCENIC","url":"https:\/\/www.azur-scenic.com\/es\/","logo":{"@type":"ImageObject","inLanguage":"es","@id":"https:\/\/www.azur-scenic.com\/es\/#\/schema\/logo\/image\/","url":"https:\/\/www.azur-scenic.com\/wp-content\/uploads\/2022\/09\/LOGO-AZUR-SCENIC-Fusion-web-236x64-1.jpg","contentUrl":"https:\/\/www.azur-scenic.com\/wp-content\/uploads\/2022\/09\/LOGO-AZUR-SCENIC-Fusion-web-236x64-1.jpg","width":236,"height":64,"caption":"AZUR SCENIC"},"image":{"@id":"https:\/\/www.azur-scenic.com\/es\/#\/schema\/logo\/image\/"},"sameAs":["https:\/\/www.youtube.com\/channel\/UCPWM2mGPVUt4nYhNlm71WOA","https:\/\/www.linkedin.com\/company\/33237605\/admin\/feed\/posts\/"]}]}},"_links":{"self":[{"href":"https:\/\/www.azur-scenic.com\/es\/wp-json\/wp\/v2\/product\/26053","targetHints":{"allow":["GET"]}}],"collection":[{"href":"https:\/\/www.azur-scenic.com\/es\/wp-json\/wp\/v2\/product"}],"about":[{"href":"https:\/\/www.azur-scenic.com\/es\/wp-json\/wp\/v2\/types\/product"}],"wp:featuredmedia":[{"embeddable":true,"href":"https:\/\/www.azur-scenic.com\/es\/wp-json\/wp\/v2\/media\/25954"}],"wp:attachment":[{"href":"https:\/\/www.azur-scenic.com\/es\/wp-json\/wp\/v2\/media?parent=26053"}],"wp:term":[{"taxonomy":"product_brand","embeddable":true,"href":"https:\/\/www.azur-scenic.com\/es\/wp-json\/wp\/v2\/product_brand?post=26053"},{"taxonomy":"product_cat","embeddable":true,"href":"https:\/\/www.azur-scenic.com\/es\/wp-json\/wp\/v2\/product_cat?post=26053"},{"taxonomy":"product_tag","embeddable":true,"href":"https:\/\/www.azur-scenic.com\/es\/wp-json\/wp\/v2\/product_tag?post=26053"}],"curies":[{"name":"wp","href":"https:\/\/api.w.org\/{rel}","templated":true}]}}