{"id":26087,"date":"2023-09-29T12:23:19","date_gmt":"2023-09-29T12:23:19","guid":{"rendered":"https:\/\/www.azur-scenic.com\/produit\/coton-gratte-grs\/"},"modified":"2024-06-14T06:43:21","modified_gmt":"2024-06-14T06:43:21","slug":"algodon-peinado-reciclado-grs","status":"publish","type":"product","link":"https:\/\/www.azur-scenic.com\/es\/producto\/algodon-peinado-reciclado-grs\/","title":{"rendered":"Algod\u00f3n peinado reciclado"},"content":{"rendered":"<h1><span style=\"font-size: 24px;\">Algod\u00f3n peinado reciclado ign\u00edfugo: durabilidad y resistencia al fuego combinadas<\/span><\/h1>\n<p>Descubra el imprescindible algod\u00f3n peinado ign\u00edfugo, ahora disponible en versi\u00f3n reciclada para eventos m\u00e1s responsables. Nuestro algod\u00f3n peinado reciclado M1 cumple las normas m\u00e1s estrictas de seguridad contra incendios, al tiempo que da un paso importante hacia la sostenibilidad medioambiental.<\/p>\n<h2><span style=\"font-size: 16px;\">Compromiso con la sostenibilidad<\/span><\/h2>\n<p>Este algod\u00f3n peinado est\u00e1 fabricado con un m\u00ednimo del 65% de algod\u00f3n reciclado, lo que le permite cumplir la norma GRS (Global Recycled Standard). En Azur Scenic creemos en un futuro m\u00e1s verde, y nuestra elecci\u00f3n de materiales refleja nuestro compromiso con el planeta.<\/p>\n<h2><span style=\"font-size: 16px;\">Econ\u00f3mico y cualitativo<\/span><\/h2>\n<p>A pesar de su origen reciclado, este algod\u00f3n peinado sigue siendo econ\u00f3mico sin comprometer la calidad. Ofrece la misma resistencia y facilidad de estiramiento que los algodones peinados tradicionales. As\u00ed podr\u00e1s crear proyectos sostenibles sin sacrificar el rendimiento.<\/p>\n<h2><span style=\"font-size: 16px;\">Cree su proyecto ecorresponsable<\/span><\/h2>\n<p>Convierta hoy mismo sus ideas en creaciones ecorresponsables con el algod\u00f3n peinado reciclado ign\u00edfugo de Azur Scenic. Si trabaja en eventos, nuestro algod\u00f3n peinado de calidad le ofrece una opci\u00f3n responsable sin concesiones.<\/p>\n<p>Elija la sostenibilidad manteniendo un alto nivel de calidad. Azur Scenic es su fuente de confianza para tejidos duraderos y resistentes. Elija el algod\u00f3n peinado ign\u00edfugo reciclado y contribuya a un futuro m\u00e1s limpio al tiempo que expresa su creatividad.<\/p>\n<p>&nbsp;<\/p>\n<h2><span style=\"font-size: 16px;\">Datos t\u00e9cnicos<\/span><\/h2>\n<table style=\"width: 100%; height: 281px;\">\n<thead>\n<tr style=\"height: 23px;\">\n<th style=\"width: 14.7084%; height: 23px;\">Datos t\u00e9cnicos<\/th>\n<th style=\"height: 23px; width: 14.7929%;\">Valor<\/th>\n<th style=\"height: 23px; width: 69.738%;\">Comentarios<\/th>\n<\/tr>\n<\/thead>\n<tbody>\n<tr style=\"height: 23px;\">\n<td style=\"vertical-align: top; height: 23px; width: 14.7084%;\">Ancho<\/td>\n<td style=\"vertical-align: top; height: 23px; width: 14.7929%;\">\u00b1 260 cm<\/td>\n<td style=\"vertical-align: top; height: 23px; width: 69.738%;\">(310 cm a petici\u00f3n)<\/td>\n<\/tr>\n<tr style=\"height: 23px;\">\n<td style=\"vertical-align: top; height: 23px; width: 14.7084%;\">Peso<\/td>\n<td style=\"vertical-align: top; height: 23px; width: 14.7929%;\">\u00b1 140 g\/m\u00b2<\/td>\n<td style=\"vertical-align: top; height: 23px; width: 69.738%;\">(160 g\/m\u00b2 a petici\u00f3n)<\/td>\n<\/tr>\n<tr style=\"height: 23px;\">\n<td style=\"vertical-align: top; height: 23px; width: 14.7084%;\">Grosor<\/td>\n<td style=\"vertical-align: top; height: 23px; width: 14.7929%;\">\u00b1 0.5 mm<\/td>\n<td style=\"vertical-align: top; height: 23px; width: 69.738%;\">\u00a0<\/td>\n<\/tr>\n<tr style=\"height: 95px;\">\n<td style=\"vertical-align: top; height: 95px; width: 14.7084%;\">Clasificaci\u00f3n ante el fuego<\/td>\n<td style=\"vertical-align: top; height: 95px; width: 14.7929%;\"><img decoding=\"async\" style=\"height: 20px; width: 20px;\" src=\"https:\/\/www.azur-scenic.com\/wp-content\/uploads\/icon-flag-france.png?1542281963\" \/> M1, <img decoding=\"async\" style=\"height: 20px; width: 20px;\" src=\"https:\/\/www.azur-scenic.com\/wp-content\/uploads\/icon-flag-allemagne.png\" alt=\"\" \/> B1, <img decoding=\"async\" style=\"height: 20px; width: 20px;\" src=\"https:\/\/www.azur-scenic.com\/wp-content\/uploads\/icon-flag-europe.png\" \/> EN13501<\/td>\n<td style=\"vertical-align: top; height: 95px; width: 69.738%;\">\u00a0<\/td>\n<\/tr>\n<tr style=\"height: 47px;\">\n<td style=\"vertical-align: top; height: 47px; width: 14.7084%;\">Composici\u00f3n<\/td>\n<td style=\"vertical-align: top; height: 47px; width: 14.7929%;\">Algod\u00f3n<\/td>\n<td style=\"vertical-align: top; height: 47px; width: 69.738%;\">Al menos un 65% de algod\u00f3n reciclado<br \/>\nCumple los requisitos GRS (Global Recycled Standard)<\/td>\n<\/tr>\n<tr style=\"height: 47px;\">\n<td style=\"vertical-align: top; height: 47px; width: 14.7084%;\">Longitud del rollo<\/td>\n<td style=\"vertical-align: top; height: 47px; width: 14.7929%;\">\u00b1 50 m<\/td>\n<td style=\"vertical-align: top; height: 47px; width: 69.738%;\">No vendemos piezas cortadas, pero cons\u00faltenos para ver si tenemos piezas m\u00e1s cortas o m\u00e1s largas en stock.<\/td>\n<\/tr>\n<tr>\n<td style=\"vertical-align: top; width: 14.7084%;\">Presentaci\u00f3n<\/td>\n<td style=\"vertical-align: top; width: 14.7929%;\">Enrollado doblado en 2<\/td>\n<td style=\"vertical-align: top; width: 69.738%;\">Los rollos de \u00b1 130 cm x \u00d8 35 cm son f\u00e1ciles de transportar<br \/>\nPeso de un rollo completo: \u00b1 20 kg<\/td>\n<\/tr>\n<\/tbody>\n<\/table>\n<p>&nbsp;<\/p>\n","protected":false},"excerpt":{"rendered":"<p>Descubra el imprescindible <strong>algod\u00f3n peinado ign\u00edfugo<\/strong> en su versi\u00f3n <strong>reciclada<\/strong> para eventos m\u00e1s responsables.<\/p>\n<p>Este <strong>algod\u00f3n peinado M1<\/strong> est\u00e1 fabricado con un <strong>m\u00ednimo del 65% de algod\u00f3n reciclado<\/strong>, lo que le permite cumplir la <strong>norma GRS (Global Recycled Standard)<\/strong>.<br \/>\nAunque procede del sector del <strong>reciclaje<\/strong>, \u00a1sigue siendo <strong>econ\u00f3mico<\/strong> y de <strong>alta calidad<\/strong>!<\/p>\n<p>Convierta hoy mismo su proyecto en una creaci\u00f3n elegante y <strong>eco-responsable<\/strong> con Azur Scenic, \u00a1su proveedor de <strong>tejidos sostenibles de calidad<\/strong>!<\/p>\n<p>&nbsp;<\/p>\n<table class=\"table\" style=\"background: #f7f7f7;\">\n<tbody>\n<tr>\n<td><strong>Ancho: \u00b1 260 cm<\/strong><\/td>\n<td><strong>Peso<\/strong>: \u00b1 140 g\/m\u00b2<\/td>\n<\/tr>\n<tr>\n<td><strong>Clasificaci\u00f3n ante el fuego<\/strong>: <img decoding=\"async\" style=\"height: 20px; width: 20px;\" src=\"https:\/\/www.azur-scenic.com\/wp-content\/uploads\/icon-flag-france.png?1542281963\" \/> M1, <img decoding=\"async\" style=\"height: 20px; width: 20px;\" src=\"https:\/\/www.azur-scenic.com\/wp-content\/uploads\/icon-flag-allemagne.png\" alt=\"\" \/> B1, <br \/>\n<img decoding=\"async\" style=\"height: 20px; width: 20px;\" src=\"https:\/\/www.azur-scenic.com\/wp-content\/uploads\/icon-flag-europe.png\" \/> EN13501<\/td>\n<td style=\"vertical-align: top;\"><strong>Composici\u00f3n<\/strong>: Algod\u00f3n<br \/>\n(al menos 65% de algod\u00f3n reciclado)<\/td>\n<\/tr>\n<\/tbody>\n<\/table>\n","protected":false},"featured_media":25262,"template":"","meta":{"_acf_changed":false},"product_brand":[],"product_cat":[1888,1099,939,976,977,944],"product_tag":[],"class_list":{"0":"post-26087","1":"product","2":"type-product","3":"status-publish","4":"has-post-thumbnail","6":"product_cat-tejidos-reciclados","7":"product_cat-eventos","8":"product_cat-tejidos-escenicos-y-para-eventos","9":"product_cat-tejidos-decorativos","10":"product_cat-telas-y-tejidos-peinados","11":"product_cat-todos-los-productos","12":"pa_couleurs-001-es","13":"pa_couleurs-002-es","14":"pa_couleurs-003-es","15":"pa_groupes-de-couleurs-blanco","16":"pa_groupes-de-couleurs-crudo","17":"pa_groupes-de-couleurs-negro","18":"pa_textiles-tissus-recycles-es","19":"pa_textiles-global-reclycled-standard-es","20":"pa_textiles-ignifugo","21":"pa_textiles-economico","23":"first","24":"instock","25":"shipping-taxable","26":"purchasable","27":"product-type-variable"},"acf":[],"yoast_head":"<!-- This site is optimized with the Yoast SEO plugin v27.3 - https:\/\/yoast.com\/product\/yoast-seo-wordpress\/ -->\n<title>Algod\u00f3n peinado reciclado - Azur Scenic<\/title>\n<meta name=\"description\" content=\"Descubra el Algod\u00f3n peinado reciclado Azur Scenic: algod\u00f3n peinado reciclado, ign\u00edfugo y econ\u00f3mico. \u00a1Viste tus eventos de forma eco-responsable!\" \/>\n<meta name=\"robots\" content=\"index, follow, max-snippet:-1, max-image-preview:large, max-video-preview:-1\" \/>\n<link rel=\"canonical\" href=\"https:\/\/www.azur-scenic.com\/es\/producto\/algodon-peinado-reciclado-grs\/\" \/>\n<meta property=\"og:locale\" content=\"es_ES\" \/>\n<meta property=\"og:type\" content=\"article\" \/>\n<meta property=\"og:title\" content=\"Algod\u00f3n peinado reciclado - Azur Scenic\" \/>\n<meta property=\"og:description\" content=\"Descubra el Algod\u00f3n peinado reciclado Azur Scenic: algod\u00f3n peinado reciclado, ign\u00edfugo y econ\u00f3mico. \u00a1Viste tus eventos de forma eco-responsable!\" \/>\n<meta property=\"og:url\" content=\"https:\/\/www.azur-scenic.com\/es\/producto\/algodon-peinado-reciclado-grs\/\" \/>\n<meta property=\"og:site_name\" content=\"Azur Scenic\" \/>\n<meta property=\"article:modified_time\" content=\"2024-06-14T06:43:21+00:00\" \/>\n<meta property=\"og:image\" content=\"https:\/\/www.azur-scenic.com\/wp-content\/uploads\/COTON-GRATTE-GRS-BLANC.jpg\" \/>\n\t<meta property=\"og:image:width\" content=\"2280\" \/>\n\t<meta property=\"og:image:height\" content=\"2280\" \/>\n\t<meta property=\"og:image:type\" content=\"image\/jpeg\" \/>\n<meta name=\"twitter:card\" content=\"summary_large_image\" \/>\n<meta name=\"twitter:label1\" content=\"Tiempo de lectura\" \/>\n\t<meta name=\"twitter:data1\" content=\"3 minutos\" \/>\n<script type=\"application\/ld+json\" class=\"yoast-schema-graph\">{\"@context\":\"https:\\\/\\\/schema.org\",\"@graph\":[{\"@type\":\"WebPage\",\"@id\":\"https:\\\/\\\/www.azur-scenic.com\\\/es\\\/producto\\\/algodon-peinado-reciclado-grs\\\/\",\"url\":\"https:\\\/\\\/www.azur-scenic.com\\\/es\\\/producto\\\/algodon-peinado-reciclado-grs\\\/\",\"name\":\"Algod\u00f3n peinado reciclado - Azur Scenic\",\"isPartOf\":{\"@id\":\"https:\\\/\\\/www.azur-scenic.com\\\/es\\\/#website\"},\"primaryImageOfPage\":{\"@id\":\"https:\\\/\\\/www.azur-scenic.com\\\/es\\\/producto\\\/algodon-peinado-reciclado-grs\\\/#primaryimage\"},\"image\":{\"@id\":\"https:\\\/\\\/www.azur-scenic.com\\\/es\\\/producto\\\/algodon-peinado-reciclado-grs\\\/#primaryimage\"},\"thumbnailUrl\":\"https:\\\/\\\/www.azur-scenic.com\\\/wp-content\\\/uploads\\\/COTON-GRATTE-GRS-BLANC.jpg\",\"datePublished\":\"2023-09-29T12:23:19+00:00\",\"dateModified\":\"2024-06-14T06:43:21+00:00\",\"description\":\"Descubra el Algod\u00f3n peinado reciclado Azur Scenic: algod\u00f3n peinado reciclado, ign\u00edfugo y econ\u00f3mico. \u00a1Viste tus eventos de forma eco-responsable!\",\"breadcrumb\":{\"@id\":\"https:\\\/\\\/www.azur-scenic.com\\\/es\\\/producto\\\/algodon-peinado-reciclado-grs\\\/#breadcrumb\"},\"inLanguage\":\"es\",\"potentialAction\":[{\"@type\":\"ReadAction\",\"target\":[\"https:\\\/\\\/www.azur-scenic.com\\\/es\\\/producto\\\/algodon-peinado-reciclado-grs\\\/\"]}]},{\"@type\":\"ImageObject\",\"inLanguage\":\"es\",\"@id\":\"https:\\\/\\\/www.azur-scenic.com\\\/es\\\/producto\\\/algodon-peinado-reciclado-grs\\\/#primaryimage\",\"url\":\"https:\\\/\\\/www.azur-scenic.com\\\/wp-content\\\/uploads\\\/COTON-GRATTE-GRS-BLANC.jpg\",\"contentUrl\":\"https:\\\/\\\/www.azur-scenic.com\\\/wp-content\\\/uploads\\\/COTON-GRATTE-GRS-BLANC.jpg\",\"width\":2280,\"height\":2280,\"caption\":\"Coton gratt\u00e9 recycl\u00e9 coloris blanc, r\u00e9pondant \u00e0 la normer\"},{\"@type\":\"BreadcrumbList\",\"@id\":\"https:\\\/\\\/www.azur-scenic.com\\\/es\\\/producto\\\/algodon-peinado-reciclado-grs\\\/#breadcrumb\",\"itemListElement\":[{\"@type\":\"ListItem\",\"position\":1,\"name\":\"Accueil\",\"item\":\"https:\\\/\\\/www.azur-scenic.com\\\/es\\\/\"},{\"@type\":\"ListItem\",\"position\":2,\"name\":\"Productos\",\"item\":\"https:\\\/\\\/www.azur-scenic.com\\\/es\\\/?page_id=21440\"},{\"@type\":\"ListItem\",\"position\":3,\"name\":\"Algod\u00f3n peinado reciclado\"}]},{\"@type\":\"WebSite\",\"@id\":\"https:\\\/\\\/www.azur-scenic.com\\\/es\\\/#website\",\"url\":\"https:\\\/\\\/www.azur-scenic.com\\\/es\\\/\",\"name\":\"Azur Scenic\",\"description\":\"Sp\u00e9cialiste de l\u2019\u00e9quipement sc\u00e9nique et de la d\u00e9coration int\u00e9rieure et \u00e9v\u00e9nementielle !\",\"publisher\":{\"@id\":\"https:\\\/\\\/www.azur-scenic.com\\\/es\\\/#organization\"},\"potentialAction\":[{\"@type\":\"SearchAction\",\"target\":{\"@type\":\"EntryPoint\",\"urlTemplate\":\"https:\\\/\\\/www.azur-scenic.com\\\/es\\\/?s={search_term_string}\"},\"query-input\":{\"@type\":\"PropertyValueSpecification\",\"valueRequired\":true,\"valueName\":\"search_term_string\"}}],\"inLanguage\":\"es\"},{\"@type\":\"Organization\",\"@id\":\"https:\\\/\\\/www.azur-scenic.com\\\/es\\\/#organization\",\"name\":\"AZUR SCENIC\",\"url\":\"https:\\\/\\\/www.azur-scenic.com\\\/es\\\/\",\"logo\":{\"@type\":\"ImageObject\",\"inLanguage\":\"es\",\"@id\":\"https:\\\/\\\/www.azur-scenic.com\\\/es\\\/#\\\/schema\\\/logo\\\/image\\\/\",\"url\":\"https:\\\/\\\/www.azur-scenic.com\\\/wp-content\\\/uploads\\\/2022\\\/09\\\/LOGO-AZUR-SCENIC-Fusion-web-236x64-1.jpg\",\"contentUrl\":\"https:\\\/\\\/www.azur-scenic.com\\\/wp-content\\\/uploads\\\/2022\\\/09\\\/LOGO-AZUR-SCENIC-Fusion-web-236x64-1.jpg\",\"width\":236,\"height\":64,\"caption\":\"AZUR SCENIC\"},\"image\":{\"@id\":\"https:\\\/\\\/www.azur-scenic.com\\\/es\\\/#\\\/schema\\\/logo\\\/image\\\/\"},\"sameAs\":[\"https:\\\/\\\/www.youtube.com\\\/channel\\\/UCPWM2mGPVUt4nYhNlm71WOA\",\"https:\\\/\\\/www.linkedin.com\\\/company\\\/33237605\\\/admin\\\/feed\\\/posts\\\/\"]}]}<\/script>\n<!-- \/ Yoast SEO plugin. -->","yoast_head_json":{"title":"Algod\u00f3n peinado reciclado - Azur Scenic","description":"Descubra el Algod\u00f3n peinado reciclado Azur Scenic: algod\u00f3n peinado reciclado, ign\u00edfugo y econ\u00f3mico. \u00a1Viste tus eventos de forma eco-responsable!","robots":{"index":"index","follow":"follow","max-snippet":"max-snippet:-1","max-image-preview":"max-image-preview:large","max-video-preview":"max-video-preview:-1"},"canonical":"https:\/\/www.azur-scenic.com\/es\/producto\/algodon-peinado-reciclado-grs\/","og_locale":"es_ES","og_type":"article","og_title":"Algod\u00f3n peinado reciclado - Azur Scenic","og_description":"Descubra el Algod\u00f3n peinado reciclado Azur Scenic: algod\u00f3n peinado reciclado, ign\u00edfugo y econ\u00f3mico. \u00a1Viste tus eventos de forma eco-responsable!","og_url":"https:\/\/www.azur-scenic.com\/es\/producto\/algodon-peinado-reciclado-grs\/","og_site_name":"Azur Scenic","article_modified_time":"2024-06-14T06:43:21+00:00","og_image":[{"width":2280,"height":2280,"url":"https:\/\/www.azur-scenic.com\/wp-content\/uploads\/COTON-GRATTE-GRS-BLANC.jpg","type":"image\/jpeg"}],"twitter_card":"summary_large_image","twitter_misc":{"Tiempo de lectura":"3 minutos"},"schema":{"@context":"https:\/\/schema.org","@graph":[{"@type":"WebPage","@id":"https:\/\/www.azur-scenic.com\/es\/producto\/algodon-peinado-reciclado-grs\/","url":"https:\/\/www.azur-scenic.com\/es\/producto\/algodon-peinado-reciclado-grs\/","name":"Algod\u00f3n peinado reciclado - Azur Scenic","isPartOf":{"@id":"https:\/\/www.azur-scenic.com\/es\/#website"},"primaryImageOfPage":{"@id":"https:\/\/www.azur-scenic.com\/es\/producto\/algodon-peinado-reciclado-grs\/#primaryimage"},"image":{"@id":"https:\/\/www.azur-scenic.com\/es\/producto\/algodon-peinado-reciclado-grs\/#primaryimage"},"thumbnailUrl":"https:\/\/www.azur-scenic.com\/wp-content\/uploads\/COTON-GRATTE-GRS-BLANC.jpg","datePublished":"2023-09-29T12:23:19+00:00","dateModified":"2024-06-14T06:43:21+00:00","description":"Descubra el Algod\u00f3n peinado reciclado Azur Scenic: algod\u00f3n peinado reciclado, ign\u00edfugo y econ\u00f3mico. \u00a1Viste tus eventos de forma eco-responsable!","breadcrumb":{"@id":"https:\/\/www.azur-scenic.com\/es\/producto\/algodon-peinado-reciclado-grs\/#breadcrumb"},"inLanguage":"es","potentialAction":[{"@type":"ReadAction","target":["https:\/\/www.azur-scenic.com\/es\/producto\/algodon-peinado-reciclado-grs\/"]}]},{"@type":"ImageObject","inLanguage":"es","@id":"https:\/\/www.azur-scenic.com\/es\/producto\/algodon-peinado-reciclado-grs\/#primaryimage","url":"https:\/\/www.azur-scenic.com\/wp-content\/uploads\/COTON-GRATTE-GRS-BLANC.jpg","contentUrl":"https:\/\/www.azur-scenic.com\/wp-content\/uploads\/COTON-GRATTE-GRS-BLANC.jpg","width":2280,"height":2280,"caption":"Coton gratt\u00e9 recycl\u00e9 coloris blanc, r\u00e9pondant \u00e0 la normer"},{"@type":"BreadcrumbList","@id":"https:\/\/www.azur-scenic.com\/es\/producto\/algodon-peinado-reciclado-grs\/#breadcrumb","itemListElement":[{"@type":"ListItem","position":1,"name":"Accueil","item":"https:\/\/www.azur-scenic.com\/es\/"},{"@type":"ListItem","position":2,"name":"Productos","item":"https:\/\/www.azur-scenic.com\/es\/?page_id=21440"},{"@type":"ListItem","position":3,"name":"Algod\u00f3n peinado reciclado"}]},{"@type":"WebSite","@id":"https:\/\/www.azur-scenic.com\/es\/#website","url":"https:\/\/www.azur-scenic.com\/es\/","name":"Azur Scenic","description":"Sp\u00e9cialiste de l\u2019\u00e9quipement sc\u00e9nique et de la d\u00e9coration int\u00e9rieure et \u00e9v\u00e9nementielle !","publisher":{"@id":"https:\/\/www.azur-scenic.com\/es\/#organization"},"potentialAction":[{"@type":"SearchAction","target":{"@type":"EntryPoint","urlTemplate":"https:\/\/www.azur-scenic.com\/es\/?s={search_term_string}"},"query-input":{"@type":"PropertyValueSpecification","valueRequired":true,"valueName":"search_term_string"}}],"inLanguage":"es"},{"@type":"Organization","@id":"https:\/\/www.azur-scenic.com\/es\/#organization","name":"AZUR SCENIC","url":"https:\/\/www.azur-scenic.com\/es\/","logo":{"@type":"ImageObject","inLanguage":"es","@id":"https:\/\/www.azur-scenic.com\/es\/#\/schema\/logo\/image\/","url":"https:\/\/www.azur-scenic.com\/wp-content\/uploads\/2022\/09\/LOGO-AZUR-SCENIC-Fusion-web-236x64-1.jpg","contentUrl":"https:\/\/www.azur-scenic.com\/wp-content\/uploads\/2022\/09\/LOGO-AZUR-SCENIC-Fusion-web-236x64-1.jpg","width":236,"height":64,"caption":"AZUR SCENIC"},"image":{"@id":"https:\/\/www.azur-scenic.com\/es\/#\/schema\/logo\/image\/"},"sameAs":["https:\/\/www.youtube.com\/channel\/UCPWM2mGPVUt4nYhNlm71WOA","https:\/\/www.linkedin.com\/company\/33237605\/admin\/feed\/posts\/"]}]}},"_links":{"self":[{"href":"https:\/\/www.azur-scenic.com\/es\/wp-json\/wp\/v2\/product\/26087","targetHints":{"allow":["GET"]}}],"collection":[{"href":"https:\/\/www.azur-scenic.com\/es\/wp-json\/wp\/v2\/product"}],"about":[{"href":"https:\/\/www.azur-scenic.com\/es\/wp-json\/wp\/v2\/types\/product"}],"wp:featuredmedia":[{"embeddable":true,"href":"https:\/\/www.azur-scenic.com\/es\/wp-json\/wp\/v2\/media\/25262"}],"wp:attachment":[{"href":"https:\/\/www.azur-scenic.com\/es\/wp-json\/wp\/v2\/media?parent=26087"}],"wp:term":[{"taxonomy":"product_brand","embeddable":true,"href":"https:\/\/www.azur-scenic.com\/es\/wp-json\/wp\/v2\/product_brand?post=26087"},{"taxonomy":"product_cat","embeddable":true,"href":"https:\/\/www.azur-scenic.com\/es\/wp-json\/wp\/v2\/product_cat?post=26087"},{"taxonomy":"product_tag","embeddable":true,"href":"https:\/\/www.azur-scenic.com\/es\/wp-json\/wp\/v2\/product_tag?post=26087"}],"curies":[{"name":"wp","href":"https:\/\/api.w.org\/{rel}","templated":true}]}}