{"id":26682,"date":"2024-08-20T13:41:22","date_gmt":"2024-08-20T13:41:22","guid":{"rendered":"https:\/\/www.azur-scenic.com\/?post_type=product&#038;p=26682"},"modified":"2024-08-21T07:14:39","modified_gmt":"2024-08-21T07:14:39","slug":"terciopelo-reciclado-acacia","status":"publish","type":"product","link":"https:\/\/www.azur-scenic.com\/es\/producto\/terciopelo-reciclado-acacia\/","title":{"rendered":"Terciopelo reciclado Acacia"},"content":{"rendered":"<h1><span style=\"font-size: 24px;\">Terciopelo Acacia: el terciopelo reciclado perfecto para telones de teatro<\/span><\/h1>\n<p>El <strong>Terciopelo Acacia<\/strong> de Azur Scenic es la nueva referencia en <strong>terciopelo reciclado<\/strong> para cortinas para escenarios. Este innovador tejido, dise\u00f1ado para cumplir las normas m\u00e1s exigentes, combina elegancia, durabilidad y respeto por el medio ambiente. Si busca un terciopelo de calidad para el futuro, Terciopelo Acacia es la soluci\u00f3n ideal.<\/p>\n<h2><span style=\"font-size: 16px;\">Terciopelo reciclado con impacto positivo<\/span><\/h2>\n<p>Fabricado con poli\u00e9ster 100% reciclado, el terciopelo Acacia encarna el compromiso de Azur Scenic con la sostenibilidad. Al elegir este <strong>terciopelo reciclado<\/strong>, contribuye a reducir los residuos y a preservar los recursos naturales. Esta elecci\u00f3n eco-responsable no compromete la calidad: Terciopelo Acacia conserva todas las propiedades de un terciopelo de escenario cl\u00e1sico, al tiempo que ofrece una alternativa respetuosa con el medio ambiente.<\/p>\n<h2><span style=\"font-size: 16px;\">Rendimiento t\u00e9cnico sobresaliente<\/span><\/h2>\n<p>Terciopelo Acacia no s\u00f3lo es respetuoso con el medio ambiente, sino que tambi\u00e9n est\u00e1 dise\u00f1ado para ofrecer un rendimiento t\u00e9cnico superior. Clasificado ante el fuego, este <strong>terciopelo reciclado<\/strong> garantiza una protecci\u00f3n \u00f3ptima en los espacios p\u00fablicos. Con un peso de 370 g\/m\u00b2, confiere un acabado est\u00e9tico a sus telones de escenario, sin dejar de ser f\u00e1cil de manipular.<\/p>\n<h2><span style=\"font-size: 16px;\">Acabado hidr\u00f3fugo y amplia gama de colores<\/span><\/h2>\n<p>Adem\u00e1s de sus cualidades t\u00e9cnicas, Terciopelo Acacia se distingue por su acabado hidr\u00f3fugo, que protege sus cortinas de la humedad al tiempo que prolonga su vida \u00fatil. Adem\u00e1s, est\u00e1 disponible en una amplia gama de colores, para que pueda personalizar sus espacios seg\u00fan sus necesidades est\u00e9ticas.<\/p>\n<p>&nbsp;<\/p>\n<p>El terciopelo Acacia es mucho m\u00e1s que un terciopelo reciclado: es una soluci\u00f3n completa que combina ecorresponsabilidad, seguridad y est\u00e9tica. Elija un producto duradero y elegante, perfecto para realzar sus escenas respetando el medio ambiente.<\/p>\n<p>&nbsp;<\/p>\n<h2><span style=\"font-size: 16px;\">Datos t\u00e9cnicos<\/span><\/h2>\n<table style=\"width: 100%; height: 328px;\">\n<tbody>\n<tr style=\"height: 23px;\">\n<td style=\"vertical-align: top; height: 23px; width: 14.7084%;\">Ancho<\/td>\n<td style=\"vertical-align: top; height: 23px; width: 14.7929%;\">\u00b1 140 cm<\/td>\n<td style=\"vertical-align: top; height: 23px; width: 69.738%;\">\u00a0<\/td>\n<\/tr>\n<tr style=\"height: 23px;\">\n<td style=\"vertical-align: top; height: 23px; width: 14.7084%;\">Peso<\/td>\n<td style=\"vertical-align: top; height: 23px; width: 14.7929%;\">\u00b1 370 g\/m\u00b2<\/td>\n<td style=\"vertical-align: top; height: 23px; width: 69.738%;\">\u00a0<\/td>\n<\/tr>\n<tr style=\"height: 95px;\">\n<td style=\"vertical-align: top; height: 95px; width: 14.7084%;\">Clasificaci\u00f3n ante el fuego<\/td>\n<td style=\"vertical-align: top; height: 95px; width: 14.7929%;\"><img decoding=\"async\" style=\"height: 20px; width: 20px;\" src=\"https:\/\/www.azur-scenic.com\/wp-content\/uploads\/icon-flag-france.png?1542281963\" \/> M1, <img decoding=\"async\" style=\"height: 20px; width: 20px;\" src=\"https:\/\/www.azur-scenic.com\/wp-content\/uploads\/icon-flag-europe.png\" \/> EN13501<\/td>\n<td style=\"vertical-align: top; height: 95px; width: 69.738%;\">\u00a0<\/td>\n<\/tr>\n<tr style=\"height: 47px;\">\n<td style=\"vertical-align: top; height: 47px; width: 14.7084%;\">Composici\u00f3n<\/td>\n<td style=\"vertical-align: top; height: 47px; width: 14.7929%;\">100% PES reciclado<\/td>\n<td style=\"vertical-align: top; height: 47px; width: 69.738%;\">\u00a0<\/td>\n<\/tr>\n<tr style=\"height: 47px;\">\n<td style=\"vertical-align: top; height: 47px; width: 14.7084%;\">Longitud de las piezas<\/td>\n<td style=\"vertical-align: top; height: 47px; width: 14.7929%;\">\u00b1 25 m<\/td>\n<td style=\"vertical-align: top; height: 47px; width: 69.738%;\">Se puede vender por cortes, sujeto a disponibilidad de stock<\/td>\n<\/tr>\n<tr style=\"height: 47px;\">\n<td style=\"vertical-align: top; width: 14.7084%; height: 47px;\">Presentaci\u00f3n<\/td>\n<td style=\"vertical-align: top; width: 14.7929%; height: 47px;\">Rodillo de ancho completo<\/td>\n<td style=\"vertical-align: top; width: 69.738%; height: 47px;\">\u00a0<\/td>\n<\/tr>\n<tr>\n<td style=\"vertical-align: top; width: 14.7084%;\">Ac\u00fastica<\/td>\n<td style=\"vertical-align: top; width: 14.7929%;\">\u03b1w = 0.75<\/td>\n<td style=\"vertical-align: top; width: 69.738%;\">ISO 354<\/td>\n<\/tr>\n<\/tbody>\n<\/table>\n<p>Para m\u00e1s informaci\u00f3n, descargue la ficha t\u00e9cnica haciendo clic en el bot\u00f3n \u00abFicha t\u00e9cnica\u00bb de esta p\u00e1gina. (En ingl\u00e9s y franc\u00e9s)<\/p>\n","protected":false},"excerpt":{"rendered":"<p>Descubra <strong>Acacia<\/strong>, el <strong>terciopelo reciclado<\/strong> de Azur Scenic, ideal para <strong>cortinas de teatro eco-responsables<\/strong> que combinan elegancia y durabilidad.<\/p>\n<p>Fabricado a partir de <strong>100% de poli\u00e9ster FR reciclado<\/strong>, combina <strong>ecolog\u00eda<\/strong> y rendimiento. <strong>Ign\u00edfugo<\/strong>, con un gramaje de 370 g\/m\u00b2, una anchura de 140 cm y un <strong>acabado hidr\u00f3fugo<\/strong>, est\u00e1 disponible en <strong>una amplia gama de colores<\/strong>.<\/p>\n<p>&nbsp;<\/p>\n<table class=\"table\" style=\"background: #f7f7f7;\">\n<tbody>\n<tr>\n<td>Ancho: \u00b1 140 cm<\/td>\n<td>Peso: \u00b1 370 g\/m\u00b2<\/td>\n<\/tr>\n<tr>\n<td>Clasificaci\u00f3n ante el fuego: <img decoding=\"async\" style=\"height: 20px; width: 20px;\" src=\"https:\/\/www.azur-scenic.com\/wp-content\/uploads\/icon-flag-france.png?1542281963\" \/> M1, <img decoding=\"async\" style=\"height: 20px; width: 20px;\" src=\"https:\/\/www.azur-scenic.com\/wp-content\/uploads\/icon-flag-europe.png\" \/> EN13501<\/td>\n<td style=\"vertical-align: top;\">Composici\u00f3n: 100% PES reciclado<\/td>\n<\/tr>\n<\/tbody>\n<\/table>\n","protected":false},"featured_media":26557,"template":"","meta":{"_acf_changed":false},"product_brand":[],"product_cat":[1888,1099,975,939,941,943,944],"product_tag":[],"class_list":{"0":"post-26682","1":"product","2":"type-product","3":"status-publish","4":"has-post-thumbnail","6":"product_cat-tejidos-reciclados","7":"product_cat-eventos","8":"product_cat-absorcion-acustica","9":"product_cat-tejidos-escenicos-y-para-eventos","10":"product_cat-terciopelo-de-poliester","11":"product_cat-teatro","12":"product_cat-todos-los-productos","13":"pa_couleurs-001-es","14":"pa_couleurs-002-es","15":"pa_couleurs-003-es","16":"pa_couleurs-108-es","17":"pa_couleurs-120-es","18":"pa_couleurs-170-es","19":"pa_couleurs-180-es","20":"pa_couleurs-240-es","21":"pa_couleurs-250-es","22":"pa_couleurs-290-es","23":"pa_couleurs-370-es","24":"pa_couleurs-500-es","25":"pa_couleurs-501-es","26":"pa_couleurs-510-es","27":"pa_couleurs-513-es","28":"pa_couleurs-518-es","29":"pa_couleurs-530-es","30":"pa_couleurs-555-es","31":"pa_couleurs-570-es","32":"pa_couleurs-615-es","33":"pa_couleurs-660-es","34":"pa_couleurs-680-es","35":"pa_couleurs-770-es","36":"pa_couleurs-780-es","37":"pa_couleurs-782-es","38":"pa_couleurs-790-es","39":"pa_couleurs-860-es","40":"pa_couleurs-920-es","41":"pa_groupes-de-couleurs-blanco","42":"pa_groupes-de-couleurs-azules","43":"pa_groupes-de-couleurs-crudo","44":"pa_groupes-de-couleurs-gris","45":"pa_groupes-de-couleurs-marrones-beige","46":"pa_groupes-de-couleurs-negro","47":"pa_groupes-de-couleurs-naranjas","48":"pa_groupes-de-couleurs-rosas","49":"pa_groupes-de-couleurs-rojos","50":"pa_groupes-de-couleurs-verdes","51":"pa_groupes-de-couleurs-violetas","52":"pa_textiles-tissus-recycles-es","53":"pa_textiles-absorbente-acustico","54":"pa_textiles-apto-para-uso-en-exteriores","55":"pa_textiles-ignifugo","56":"pa_textiles-lavable","57":"pa_textiles-oeko-tex","59":"first","60":"instock","61":"shipping-taxable","62":"purchasable","63":"product-type-variable"},"acf":[],"yoast_head":"<!-- This site is optimized with the Yoast SEO plugin v27.3 - https:\/\/yoast.com\/product\/yoast-seo-wordpress\/ -->\n<title>Terciopelo reciclado Acacia - Azur Scenic<\/title>\n<meta name=\"description\" content=\"Descubra el Terciopelo reciclado Acacia: un terciopelo perfecto para sus cortinas de escenario, que combina ecolog\u00eda y clasificaci\u00f3n ante el fuego.\" \/>\n<meta name=\"robots\" content=\"index, follow, max-snippet:-1, max-image-preview:large, max-video-preview:-1\" \/>\n<link rel=\"canonical\" href=\"https:\/\/www.azur-scenic.com\/es\/producto\/terciopelo-reciclado-acacia\/\" \/>\n<meta property=\"og:locale\" content=\"es_ES\" \/>\n<meta property=\"og:type\" content=\"article\" \/>\n<meta property=\"og:title\" content=\"Terciopelo reciclado Acacia - Azur Scenic\" \/>\n<meta property=\"og:description\" content=\"Descubra el Terciopelo reciclado Acacia: un terciopelo perfecto para sus cortinas de escenario, que combina ecolog\u00eda y clasificaci\u00f3n ante el fuego.\" \/>\n<meta property=\"og:url\" content=\"https:\/\/www.azur-scenic.com\/es\/producto\/terciopelo-reciclado-acacia\/\" \/>\n<meta property=\"og:site_name\" content=\"Azur Scenic\" \/>\n<meta property=\"article:modified_time\" content=\"2024-08-21T07:14:39+00:00\" \/>\n<meta property=\"og:image\" content=\"https:\/\/www.azur-scenic.com\/wp-content\/uploads\/Velours-Acacia-scaled.jpg\" \/>\n\t<meta property=\"og:image:width\" content=\"2560\" \/>\n\t<meta property=\"og:image:height\" content=\"2560\" \/>\n\t<meta property=\"og:image:type\" content=\"image\/jpeg\" \/>\n<meta name=\"twitter:card\" content=\"summary_large_image\" \/>\n<meta name=\"twitter:label1\" content=\"Tiempo de lectura\" \/>\n\t<meta name=\"twitter:data1\" content=\"3 minutos\" \/>\n<script type=\"application\/ld+json\" class=\"yoast-schema-graph\">{\"@context\":\"https:\\\/\\\/schema.org\",\"@graph\":[{\"@type\":\"WebPage\",\"@id\":\"https:\\\/\\\/www.azur-scenic.com\\\/es\\\/producto\\\/terciopelo-reciclado-acacia\\\/\",\"url\":\"https:\\\/\\\/www.azur-scenic.com\\\/es\\\/producto\\\/terciopelo-reciclado-acacia\\\/\",\"name\":\"Terciopelo reciclado Acacia - Azur Scenic\",\"isPartOf\":{\"@id\":\"https:\\\/\\\/www.azur-scenic.com\\\/es\\\/#website\"},\"primaryImageOfPage\":{\"@id\":\"https:\\\/\\\/www.azur-scenic.com\\\/es\\\/producto\\\/terciopelo-reciclado-acacia\\\/#primaryimage\"},\"image\":{\"@id\":\"https:\\\/\\\/www.azur-scenic.com\\\/es\\\/producto\\\/terciopelo-reciclado-acacia\\\/#primaryimage\"},\"thumbnailUrl\":\"https:\\\/\\\/www.azur-scenic.com\\\/wp-content\\\/uploads\\\/Velours-Acacia-scaled.jpg\",\"datePublished\":\"2024-08-20T13:41:22+00:00\",\"dateModified\":\"2024-08-21T07:14:39+00:00\",\"description\":\"Descubra el Terciopelo reciclado Acacia: un terciopelo perfecto para sus cortinas de escenario, que combina ecolog\u00eda y clasificaci\u00f3n ante el fuego.\",\"breadcrumb\":{\"@id\":\"https:\\\/\\\/www.azur-scenic.com\\\/es\\\/producto\\\/terciopelo-reciclado-acacia\\\/#breadcrumb\"},\"inLanguage\":\"es\",\"potentialAction\":[{\"@type\":\"ReadAction\",\"target\":[\"https:\\\/\\\/www.azur-scenic.com\\\/es\\\/producto\\\/terciopelo-reciclado-acacia\\\/\"]}]},{\"@type\":\"ImageObject\",\"inLanguage\":\"es\",\"@id\":\"https:\\\/\\\/www.azur-scenic.com\\\/es\\\/producto\\\/terciopelo-reciclado-acacia\\\/#primaryimage\",\"url\":\"https:\\\/\\\/www.azur-scenic.com\\\/wp-content\\\/uploads\\\/Velours-Acacia-scaled.jpg\",\"contentUrl\":\"https:\\\/\\\/www.azur-scenic.com\\\/wp-content\\\/uploads\\\/Velours-Acacia-scaled.jpg\",\"width\":2560,\"height\":2560},{\"@type\":\"BreadcrumbList\",\"@id\":\"https:\\\/\\\/www.azur-scenic.com\\\/es\\\/producto\\\/terciopelo-reciclado-acacia\\\/#breadcrumb\",\"itemListElement\":[{\"@type\":\"ListItem\",\"position\":1,\"name\":\"Accueil\",\"item\":\"https:\\\/\\\/www.azur-scenic.com\\\/es\\\/\"},{\"@type\":\"ListItem\",\"position\":2,\"name\":\"Productos\",\"item\":\"https:\\\/\\\/www.azur-scenic.com\\\/es\\\/?page_id=21440\"},{\"@type\":\"ListItem\",\"position\":3,\"name\":\"Terciopelo reciclado Acacia\"}]},{\"@type\":\"WebSite\",\"@id\":\"https:\\\/\\\/www.azur-scenic.com\\\/es\\\/#website\",\"url\":\"https:\\\/\\\/www.azur-scenic.com\\\/es\\\/\",\"name\":\"Azur Scenic\",\"description\":\"Sp\u00e9cialiste de l\u2019\u00e9quipement sc\u00e9nique et de la d\u00e9coration int\u00e9rieure et \u00e9v\u00e9nementielle !\",\"publisher\":{\"@id\":\"https:\\\/\\\/www.azur-scenic.com\\\/es\\\/#organization\"},\"potentialAction\":[{\"@type\":\"SearchAction\",\"target\":{\"@type\":\"EntryPoint\",\"urlTemplate\":\"https:\\\/\\\/www.azur-scenic.com\\\/es\\\/?s={search_term_string}\"},\"query-input\":{\"@type\":\"PropertyValueSpecification\",\"valueRequired\":true,\"valueName\":\"search_term_string\"}}],\"inLanguage\":\"es\"},{\"@type\":\"Organization\",\"@id\":\"https:\\\/\\\/www.azur-scenic.com\\\/es\\\/#organization\",\"name\":\"AZUR SCENIC\",\"url\":\"https:\\\/\\\/www.azur-scenic.com\\\/es\\\/\",\"logo\":{\"@type\":\"ImageObject\",\"inLanguage\":\"es\",\"@id\":\"https:\\\/\\\/www.azur-scenic.com\\\/es\\\/#\\\/schema\\\/logo\\\/image\\\/\",\"url\":\"https:\\\/\\\/www.azur-scenic.com\\\/wp-content\\\/uploads\\\/2022\\\/09\\\/LOGO-AZUR-SCENIC-Fusion-web-236x64-1.jpg\",\"contentUrl\":\"https:\\\/\\\/www.azur-scenic.com\\\/wp-content\\\/uploads\\\/2022\\\/09\\\/LOGO-AZUR-SCENIC-Fusion-web-236x64-1.jpg\",\"width\":236,\"height\":64,\"caption\":\"AZUR SCENIC\"},\"image\":{\"@id\":\"https:\\\/\\\/www.azur-scenic.com\\\/es\\\/#\\\/schema\\\/logo\\\/image\\\/\"},\"sameAs\":[\"https:\\\/\\\/www.youtube.com\\\/channel\\\/UCPWM2mGPVUt4nYhNlm71WOA\",\"https:\\\/\\\/www.linkedin.com\\\/company\\\/33237605\\\/admin\\\/feed\\\/posts\\\/\"]}]}<\/script>\n<!-- \/ Yoast SEO plugin. -->","yoast_head_json":{"title":"Terciopelo reciclado Acacia - Azur Scenic","description":"Descubra el Terciopelo reciclado Acacia: un terciopelo perfecto para sus cortinas de escenario, que combina ecolog\u00eda y clasificaci\u00f3n ante el fuego.","robots":{"index":"index","follow":"follow","max-snippet":"max-snippet:-1","max-image-preview":"max-image-preview:large","max-video-preview":"max-video-preview:-1"},"canonical":"https:\/\/www.azur-scenic.com\/es\/producto\/terciopelo-reciclado-acacia\/","og_locale":"es_ES","og_type":"article","og_title":"Terciopelo reciclado Acacia - Azur Scenic","og_description":"Descubra el Terciopelo reciclado Acacia: un terciopelo perfecto para sus cortinas de escenario, que combina ecolog\u00eda y clasificaci\u00f3n ante el fuego.","og_url":"https:\/\/www.azur-scenic.com\/es\/producto\/terciopelo-reciclado-acacia\/","og_site_name":"Azur Scenic","article_modified_time":"2024-08-21T07:14:39+00:00","og_image":[{"width":2560,"height":2560,"url":"https:\/\/www.azur-scenic.com\/wp-content\/uploads\/Velours-Acacia-scaled.jpg","type":"image\/jpeg"}],"twitter_card":"summary_large_image","twitter_misc":{"Tiempo de lectura":"3 minutos"},"schema":{"@context":"https:\/\/schema.org","@graph":[{"@type":"WebPage","@id":"https:\/\/www.azur-scenic.com\/es\/producto\/terciopelo-reciclado-acacia\/","url":"https:\/\/www.azur-scenic.com\/es\/producto\/terciopelo-reciclado-acacia\/","name":"Terciopelo reciclado Acacia - Azur Scenic","isPartOf":{"@id":"https:\/\/www.azur-scenic.com\/es\/#website"},"primaryImageOfPage":{"@id":"https:\/\/www.azur-scenic.com\/es\/producto\/terciopelo-reciclado-acacia\/#primaryimage"},"image":{"@id":"https:\/\/www.azur-scenic.com\/es\/producto\/terciopelo-reciclado-acacia\/#primaryimage"},"thumbnailUrl":"https:\/\/www.azur-scenic.com\/wp-content\/uploads\/Velours-Acacia-scaled.jpg","datePublished":"2024-08-20T13:41:22+00:00","dateModified":"2024-08-21T07:14:39+00:00","description":"Descubra el Terciopelo reciclado Acacia: un terciopelo perfecto para sus cortinas de escenario, que combina ecolog\u00eda y clasificaci\u00f3n ante el fuego.","breadcrumb":{"@id":"https:\/\/www.azur-scenic.com\/es\/producto\/terciopelo-reciclado-acacia\/#breadcrumb"},"inLanguage":"es","potentialAction":[{"@type":"ReadAction","target":["https:\/\/www.azur-scenic.com\/es\/producto\/terciopelo-reciclado-acacia\/"]}]},{"@type":"ImageObject","inLanguage":"es","@id":"https:\/\/www.azur-scenic.com\/es\/producto\/terciopelo-reciclado-acacia\/#primaryimage","url":"https:\/\/www.azur-scenic.com\/wp-content\/uploads\/Velours-Acacia-scaled.jpg","contentUrl":"https:\/\/www.azur-scenic.com\/wp-content\/uploads\/Velours-Acacia-scaled.jpg","width":2560,"height":2560},{"@type":"BreadcrumbList","@id":"https:\/\/www.azur-scenic.com\/es\/producto\/terciopelo-reciclado-acacia\/#breadcrumb","itemListElement":[{"@type":"ListItem","position":1,"name":"Accueil","item":"https:\/\/www.azur-scenic.com\/es\/"},{"@type":"ListItem","position":2,"name":"Productos","item":"https:\/\/www.azur-scenic.com\/es\/?page_id=21440"},{"@type":"ListItem","position":3,"name":"Terciopelo reciclado Acacia"}]},{"@type":"WebSite","@id":"https:\/\/www.azur-scenic.com\/es\/#website","url":"https:\/\/www.azur-scenic.com\/es\/","name":"Azur Scenic","description":"Sp\u00e9cialiste de l\u2019\u00e9quipement sc\u00e9nique et de la d\u00e9coration int\u00e9rieure et \u00e9v\u00e9nementielle !","publisher":{"@id":"https:\/\/www.azur-scenic.com\/es\/#organization"},"potentialAction":[{"@type":"SearchAction","target":{"@type":"EntryPoint","urlTemplate":"https:\/\/www.azur-scenic.com\/es\/?s={search_term_string}"},"query-input":{"@type":"PropertyValueSpecification","valueRequired":true,"valueName":"search_term_string"}}],"inLanguage":"es"},{"@type":"Organization","@id":"https:\/\/www.azur-scenic.com\/es\/#organization","name":"AZUR SCENIC","url":"https:\/\/www.azur-scenic.com\/es\/","logo":{"@type":"ImageObject","inLanguage":"es","@id":"https:\/\/www.azur-scenic.com\/es\/#\/schema\/logo\/image\/","url":"https:\/\/www.azur-scenic.com\/wp-content\/uploads\/2022\/09\/LOGO-AZUR-SCENIC-Fusion-web-236x64-1.jpg","contentUrl":"https:\/\/www.azur-scenic.com\/wp-content\/uploads\/2022\/09\/LOGO-AZUR-SCENIC-Fusion-web-236x64-1.jpg","width":236,"height":64,"caption":"AZUR SCENIC"},"image":{"@id":"https:\/\/www.azur-scenic.com\/es\/#\/schema\/logo\/image\/"},"sameAs":["https:\/\/www.youtube.com\/channel\/UCPWM2mGPVUt4nYhNlm71WOA","https:\/\/www.linkedin.com\/company\/33237605\/admin\/feed\/posts\/"]}]}},"_links":{"self":[{"href":"https:\/\/www.azur-scenic.com\/es\/wp-json\/wp\/v2\/product\/26682","targetHints":{"allow":["GET"]}}],"collection":[{"href":"https:\/\/www.azur-scenic.com\/es\/wp-json\/wp\/v2\/product"}],"about":[{"href":"https:\/\/www.azur-scenic.com\/es\/wp-json\/wp\/v2\/types\/product"}],"wp:featuredmedia":[{"embeddable":true,"href":"https:\/\/www.azur-scenic.com\/es\/wp-json\/wp\/v2\/media\/26557"}],"wp:attachment":[{"href":"https:\/\/www.azur-scenic.com\/es\/wp-json\/wp\/v2\/media?parent=26682"}],"wp:term":[{"taxonomy":"product_brand","embeddable":true,"href":"https:\/\/www.azur-scenic.com\/es\/wp-json\/wp\/v2\/product_brand?post=26682"},{"taxonomy":"product_cat","embeddable":true,"href":"https:\/\/www.azur-scenic.com\/es\/wp-json\/wp\/v2\/product_cat?post=26682"},{"taxonomy":"product_tag","embeddable":true,"href":"https:\/\/www.azur-scenic.com\/es\/wp-json\/wp\/v2\/product_tag?post=26682"}],"curies":[{"name":"wp","href":"https:\/\/api.w.org\/{rel}","templated":true}]}}