{"id":21424,"date":"2022-10-10T07:29:36","date_gmt":"2022-10-10T07:29:36","guid":{"rendered":"https:\/\/www.azur-scenic.com\/job\/"},"modified":"2023-05-19T12:57:59","modified_gmt":"2023-05-19T12:57:59","slug":"funcao","status":"publish","type":"page","link":"https:\/\/www.azur-scenic.com\/pt-pt\/funcao\/","title":{"rendered":"Fun\u00e7\u00e3o"},"content":{"rendered":"\t\t<div data-elementor-type=\"wp-page\" data-elementor-id=\"21424\" class=\"elementor elementor-21424 elementor-6199\" data-elementor-post-type=\"page\">\n\t\t\t\t\t\t<section class=\"elementor-section elementor-top-section elementor-element elementor-element-a735e49 elementor-section-boxed elementor-section-height-default elementor-section-height-default\" data-id=\"a735e49\" data-element_type=\"section\" data-e-type=\"section\">\n\t\t\t\t\t\t<div class=\"elementor-container elementor-column-gap-default\">\n\t\t\t\t\t<div class=\"elementor-column elementor-col-100 elementor-top-column elementor-element elementor-element-ca6bd07\" data-id=\"ca6bd07\" data-element_type=\"column\" data-e-type=\"column\">\n\t\t\t<div class=\"elementor-widget-wrap elementor-element-populated\">\n\t\t\t\t\t\t<div class=\"elementor-element elementor-element-5badb3e elementor-widget elementor-widget-heading\" data-id=\"5badb3e\" data-element_type=\"widget\" data-e-type=\"widget\" data-widget_type=\"heading.default\">\n\t\t\t\t<div class=\"elementor-widget-container\">\n\t\t\t\t\t<h1 class=\"elementor-heading-title elementor-size-default\">Junte-se a n\u00f3s!<\/h1>\t\t\t\t<\/div>\n\t\t\t\t<\/div>\n\t\t\t\t\t<\/div>\n\t\t<\/div>\n\t\t\t\t\t<\/div>\n\t\t<\/section>\n\t\t\t\t<section class=\"elementor-section elementor-top-section elementor-element elementor-element-7a1b281 elementor-section-boxed elementor-section-height-default elementor-section-height-default\" data-id=\"7a1b281\" data-element_type=\"section\" data-e-type=\"section\">\n\t\t\t\t\t\t<div class=\"elementor-container elementor-column-gap-default\">\n\t\t\t\t\t<div class=\"elementor-column elementor-col-100 elementor-top-column elementor-element elementor-element-03f1ed6\" data-id=\"03f1ed6\" data-element_type=\"column\" data-e-type=\"column\">\n\t\t\t<div class=\"elementor-widget-wrap elementor-element-populated\">\n\t\t\t\t\t\t<div class=\"elementor-element elementor-element-3c7c37f elementor-widget elementor-widget-text-editor\" data-id=\"3c7c37f\" data-element_type=\"widget\" data-e-type=\"widget\" data-widget_type=\"text-editor.default\">\n\t\t\t\t<div class=\"elementor-widget-container\">\n\t\t\t\t\t\t\t\t\t<p style=\"text-align: center;\">Est\u00e1 interessado em <strong>cultura<\/strong>? <br \/>Sonha em entrar no mundo dos <strong>espet\u00e1culos<\/strong> e <strong>eventos<\/strong>?<\/p><p style=\"text-align: center;\">Deseja juntar-se a <strong>uma empresa de dimens\u00e3o humana<\/strong> na qual <br \/>ser-lhe-\u00e3o confiadas <strong>miss\u00f5es polivalentes<\/strong> que lhe permitir\u00e3o <strong>desenvolver-se<\/strong> <br \/>num ambiente profissional em que nunca nos aborrecemos?<\/p><p style=\"text-align: center;\">Junte-se \u00e0 equipa <strong>jovem<\/strong> e <strong>din\u00e2mica<\/strong> da Azur Scenic!<\/p>\t\t\t\t\t\t\t\t<\/div>\n\t\t\t\t<\/div>\n\t\t\t\t<div class=\"elementor-element elementor-element-898e9a7 elementor-widget elementor-widget-image\" data-id=\"898e9a7\" data-element_type=\"widget\" data-e-type=\"widget\" data-widget_type=\"image.default\">\n\t\t\t\t<div class=\"elementor-widget-container\">\n\t\t\t\t\t\t\t\t\t\t\t\t\t\t\t<img fetchpriority=\"high\" decoding=\"async\" width=\"2560\" height=\"691\" src=\"https:\/\/www.azur-scenic.com\/wp-content\/uploads\/colleagues-giving-fist-bump-scaled-e1665405647636.jpg\" class=\"attachment-full size-full wp-image-11169\" alt=\"\" srcset=\"https:\/\/www.azur-scenic.com\/wp-content\/uploads\/colleagues-giving-fist-bump-scaled-e1665405647636.jpg 2560w, https:\/\/www.azur-scenic.com\/wp-content\/uploads\/colleagues-giving-fist-bump-scaled-e1665405647636-100x27.jpg 100w, https:\/\/www.azur-scenic.com\/wp-content\/uploads\/colleagues-giving-fist-bump-scaled-e1665405647636-600x162.jpg 600w, https:\/\/www.azur-scenic.com\/wp-content\/uploads\/colleagues-giving-fist-bump-scaled-e1665405647636-300x81.jpg 300w, https:\/\/www.azur-scenic.com\/wp-content\/uploads\/colleagues-giving-fist-bump-scaled-e1665405647636-1024x276.jpg 1024w, https:\/\/www.azur-scenic.com\/wp-content\/uploads\/colleagues-giving-fist-bump-scaled-e1665405647636-768x207.jpg 768w, https:\/\/www.azur-scenic.com\/wp-content\/uploads\/colleagues-giving-fist-bump-scaled-e1665405647636-1536x415.jpg 1536w, https:\/\/www.azur-scenic.com\/wp-content\/uploads\/colleagues-giving-fist-bump-scaled-e1665405647636-2048x553.jpg 2048w\" sizes=\"(max-width: 2560px) 100vw, 2560px\" \/>\t\t\t\t\t\t\t\t\t\t\t\t\t\t\t<\/div>\n\t\t\t\t<\/div>\n\t\t\t\t\t<\/div>\n\t\t<\/div>\n\t\t\t\t\t<\/div>\n\t\t<\/section>\n\t\t\t\t<section class=\"elementor-section elementor-top-section elementor-element elementor-element-5a8e1b3 elementor-section-boxed elementor-section-height-default elementor-section-height-default\" data-id=\"5a8e1b3\" data-element_type=\"section\" data-e-type=\"section\">\n\t\t\t\t\t\t<div class=\"elementor-container elementor-column-gap-default\">\n\t\t\t\t\t<div class=\"elementor-column elementor-col-100 elementor-top-column elementor-element elementor-element-17d5644\" data-id=\"17d5644\" data-element_type=\"column\" data-e-type=\"column\">\n\t\t\t<div class=\"elementor-widget-wrap elementor-element-populated\">\n\t\t\t\t\t\t<div class=\"elementor-element elementor-element-cb2b386 elementor-widget elementor-widget-accordion\" data-id=\"cb2b386\" data-element_type=\"widget\" data-e-type=\"widget\" data-widget_type=\"accordion.default\">\n\t\t\t\t<div class=\"elementor-widget-container\">\n\t\t\t\t\t\t\t<div class=\"elementor-accordion\">\n\t\t\t\t\t\t\t<div class=\"elementor-accordion-item\">\n\t\t\t\t\t<div id=\"elementor-tab-title-2131\" class=\"elementor-tab-title\" data-tab=\"1\" role=\"button\" aria-controls=\"elementor-tab-content-2131\" aria-expanded=\"false\">\n\t\t\t\t\t\t\t\t\t\t\t\t\t<span class=\"elementor-accordion-icon elementor-accordion-icon-left\" aria-hidden=\"true\">\n\t\t\t\t\t\t\t\t\t\t\t\t\t\t\t<span class=\"elementor-accordion-icon-closed\"><i class=\"fas fa-caret-right\"><\/i><\/span>\n\t\t\t\t\t\t\t\t<span class=\"elementor-accordion-icon-opened\"><i class=\"fas fa-caret-down\"><\/i><\/span>\n\t\t\t\t\t\t\t\t\t\t\t\t\t\t<\/span>\n\t\t\t\t\t\t\t\t\t\t\t\t<a class=\"elementor-accordion-title\" tabindex=\"0\">CANDIDATURA ESPONT\u00c2NEA<\/a>\n\t\t\t\t\t<\/div>\n\t\t\t\t\t<div id=\"elementor-tab-content-2131\" class=\"elementor-tab-content elementor-clearfix\" data-tab=\"1\" role=\"region\" aria-labelledby=\"elementor-tab-title-2131\"><table style=\"border-collapse: collapse; width: 100%;\"><tbody><tr><td style=\"width: 29.3783%;\"><img decoding=\"async\" src=\"https:\/\/www.azur-scenic.com\/wp-content\/uploads\/pexels-lukas-590016-scaled.jpg\" alt=\"\" \/>\u00a0<\/td><td style=\"width: 70.5785%;\"><p>Estamos regularmente \u00e0 procura de <strong>novos talentos<\/strong>.<\/p><p>Se est\u00e1 <strong>motivado<\/strong>, \u00e9 <strong>rigoroso<\/strong> e deseja receber forma\u00e7\u00e3o sobre a especificidade da atividade de equipamento c\u00e9nico?<\/p><p>Qualquer que seja o seu perfil, pode enviar-nos uma candidatura espont\u00e2nea para se juntar \u00e0s nossas equipas, aos nossos departamentos comerciais, \u00e0s nossas lojas e ateliers em Paris (Villepinte), Lyon (Vienne) e Nice (St Jeannet), ou para refor\u00e7ar as nossas equipas de instala\u00e7\u00e3o que se deslocam por toda a Fran\u00e7a e Europa.\u00a0<\/p><p>N\u00e3o espere mais! Enviar um CV e uma carta de motiva\u00e7\u00e3o para <a href=\"mailto:rh@azur-scenic.com\">rh@azur-scenic.com<\/a><\/p><\/td><\/tr><\/tbody><\/table><\/div>\n\t\t\t\t<\/div>\n\t\t\t\t\t\t\t<div class=\"elementor-accordion-item\">\n\t\t\t\t\t<div id=\"elementor-tab-title-2132\" class=\"elementor-tab-title\" data-tab=\"2\" role=\"button\" aria-controls=\"elementor-tab-content-2132\" aria-expanded=\"false\">\n\t\t\t\t\t\t\t\t\t\t\t\t\t<span class=\"elementor-accordion-icon elementor-accordion-icon-left\" aria-hidden=\"true\">\n\t\t\t\t\t\t\t\t\t\t\t\t\t\t\t<span class=\"elementor-accordion-icon-closed\"><i class=\"fas fa-caret-right\"><\/i><\/span>\n\t\t\t\t\t\t\t\t<span class=\"elementor-accordion-icon-opened\"><i class=\"fas fa-caret-down\"><\/i><\/span>\n\t\t\t\t\t\t\t\t\t\t\t\t\t\t<\/span>\n\t\t\t\t\t\t\t\t\t\t\t\t<a class=\"elementor-accordion-title\" tabindex=\"0\">RESPONDER A UM AN\u00daNCIO<\/a>\n\t\t\t\t\t<\/div>\n\t\t\t\t\t<div id=\"elementor-tab-content-2132\" class=\"elementor-tab-content elementor-clearfix\" data-tab=\"2\" role=\"region\" aria-labelledby=\"elementor-tab-title-2132\"><table style=\"border-collapse: collapse; width: 100%; height: 24px;\"><tbody><tr style=\"height: 24px;\"><td style=\"width: 96.6214%; height: 24px;\"><p>De momento, n\u00e3o h\u00e1 an\u00fancios em curso. Mas pode enviar-nos uma candidatura espont\u00e2nea!<\/p><\/td><\/tr><\/tbody><\/table><\/div>\n\t\t\t\t<\/div>\n\t\t\t\t\t\t\t\t<\/div>\n\t\t\t\t\t\t<\/div>\n\t\t\t\t<\/div>\n\t\t\t\t\t<\/div>\n\t\t<\/div>\n\t\t\t\t\t<\/div>\n\t\t<\/section>\n\t\t\t\t<\/div>\n\t\t","protected":false},"excerpt":{"rendered":"<p>Junte-se a n\u00f3s! Est\u00e1 interessado em cultura? Sonha em entrar no mundo dos espet\u00e1culos e eventos? Deseja juntar-se a uma empresa de dimens\u00e3o humana na qual ser-lhe-\u00e3o confiadas miss\u00f5es polivalentes que lhe permitir\u00e3o desenvolver-se num ambiente profissional em que nunca nos aborrecemos? Junte-se \u00e0 equipa jovem e din\u00e2mica da Azur Scenic! CANDIDATURA ESPONT\u00c2NEA \u00a0 Estamos [&hellip;]<\/p>\n","protected":false},"author":1,"featured_media":0,"parent":0,"menu_order":0,"comment_status":"closed","ping_status":"closed","template":"","meta":{"_acf_changed":false,"footnotes":""},"class_list":["post-21424","page","type-page","status-publish","hentry"],"acf":[],"yoast_head":"<!-- This site is optimized with the Yoast SEO plugin v27.1.1 - https:\/\/yoast.com\/product\/yoast-seo-wordpress\/ -->\n<title>Fun\u00e7\u00e3o - Azur Scenic<\/title>\n<meta name=\"robots\" content=\"index, follow, max-snippet:-1, max-image-preview:large, max-video-preview:-1\" \/>\n<link rel=\"canonical\" href=\"https:\/\/www.azur-scenic.com\/pt-pt\/funcao\/\" \/>\n<meta property=\"og:locale\" content=\"pt_PT\" \/>\n<meta property=\"og:type\" content=\"article\" \/>\n<meta property=\"og:title\" content=\"Fun\u00e7\u00e3o - Azur Scenic\" \/>\n<meta property=\"og:description\" content=\"Junte-se a n\u00f3s! Est\u00e1 interessado em cultura? Sonha em entrar no mundo dos espet\u00e1culos e eventos? Deseja juntar-se a uma empresa de dimens\u00e3o humana na qual ser-lhe-\u00e3o confiadas miss\u00f5es polivalentes que lhe permitir\u00e3o desenvolver-se num ambiente profissional em que nunca nos aborrecemos? Junte-se \u00e0 equipa jovem e din\u00e2mica da Azur Scenic! CANDIDATURA ESPONT\u00c2NEA \u00a0 Estamos [&hellip;]\" \/>\n<meta property=\"og:url\" content=\"https:\/\/www.azur-scenic.com\/pt-pt\/funcao\/\" \/>\n<meta property=\"og:site_name\" content=\"Azur Scenic\" \/>\n<meta property=\"article:modified_time\" content=\"2023-05-19T12:57:59+00:00\" \/>\n<meta property=\"og:image\" content=\"https:\/\/www.azur-scenic.com\/wp-content\/uploads\/colleagues-giving-fist-bump-scaled-e1665405647636.jpg\" \/>\n<meta name=\"twitter:card\" content=\"summary_large_image\" \/>\n<meta name=\"twitter:label1\" content=\"Tempo estimado de leitura\" \/>\n\t<meta name=\"twitter:data1\" content=\"2 minutos\" \/>\n<script type=\"application\/ld+json\" class=\"yoast-schema-graph\">{\"@context\":\"https:\/\/schema.org\",\"@graph\":[{\"@type\":\"WebPage\",\"@id\":\"https:\/\/www.azur-scenic.com\/pt-pt\/funcao\/\",\"url\":\"https:\/\/www.azur-scenic.com\/pt-pt\/funcao\/\",\"name\":\"Fun\u00e7\u00e3o - Azur Scenic\",\"isPartOf\":{\"@id\":\"https:\/\/www.azur-scenic.com\/pt-pt\/#website\"},\"primaryImageOfPage\":{\"@id\":\"https:\/\/www.azur-scenic.com\/pt-pt\/funcao\/#primaryimage\"},\"image\":{\"@id\":\"https:\/\/www.azur-scenic.com\/pt-pt\/funcao\/#primaryimage\"},\"thumbnailUrl\":\"https:\/\/www.azur-scenic.com\/wp-content\/uploads\/colleagues-giving-fist-bump-scaled-e1665405647636.jpg\",\"datePublished\":\"2022-10-10T07:29:36+00:00\",\"dateModified\":\"2023-05-19T12:57:59+00:00\",\"breadcrumb\":{\"@id\":\"https:\/\/www.azur-scenic.com\/pt-pt\/funcao\/#breadcrumb\"},\"inLanguage\":\"pt-PT\",\"potentialAction\":[{\"@type\":\"ReadAction\",\"target\":[\"https:\/\/www.azur-scenic.com\/pt-pt\/funcao\/\"]}]},{\"@type\":\"ImageObject\",\"inLanguage\":\"pt-PT\",\"@id\":\"https:\/\/www.azur-scenic.com\/pt-pt\/funcao\/#primaryimage\",\"url\":\"https:\/\/www.azur-scenic.com\/wp-content\/uploads\/colleagues-giving-fist-bump-scaled-e1665405647636.jpg\",\"contentUrl\":\"https:\/\/www.azur-scenic.com\/wp-content\/uploads\/colleagues-giving-fist-bump-scaled-e1665405647636.jpg\"},{\"@type\":\"BreadcrumbList\",\"@id\":\"https:\/\/www.azur-scenic.com\/pt-pt\/funcao\/#breadcrumb\",\"itemListElement\":[{\"@type\":\"ListItem\",\"position\":1,\"name\":\"Accueil\",\"item\":\"https:\/\/www.azur-scenic.com\/pt-pt\/\"},{\"@type\":\"ListItem\",\"position\":2,\"name\":\"Fun\u00e7\u00e3o\"}]},{\"@type\":\"WebSite\",\"@id\":\"https:\/\/www.azur-scenic.com\/pt-pt\/#website\",\"url\":\"https:\/\/www.azur-scenic.com\/pt-pt\/\",\"name\":\"Azur Scenic\",\"description\":\"Sp\u00e9cialiste de l\u2019\u00e9quipement sc\u00e9nique et de la d\u00e9coration int\u00e9rieure et \u00e9v\u00e9nementielle !\",\"publisher\":{\"@id\":\"https:\/\/www.azur-scenic.com\/pt-pt\/#organization\"},\"potentialAction\":[{\"@type\":\"SearchAction\",\"target\":{\"@type\":\"EntryPoint\",\"urlTemplate\":\"https:\/\/www.azur-scenic.com\/pt-pt\/?s={search_term_string}\"},\"query-input\":{\"@type\":\"PropertyValueSpecification\",\"valueRequired\":true,\"valueName\":\"search_term_string\"}}],\"inLanguage\":\"pt-PT\"},{\"@type\":\"Organization\",\"@id\":\"https:\/\/www.azur-scenic.com\/pt-pt\/#organization\",\"name\":\"AZUR SCENIC\",\"url\":\"https:\/\/www.azur-scenic.com\/pt-pt\/\",\"logo\":{\"@type\":\"ImageObject\",\"inLanguage\":\"pt-PT\",\"@id\":\"https:\/\/www.azur-scenic.com\/pt-pt\/#\/schema\/logo\/image\/\",\"url\":\"https:\/\/www.azur-scenic.com\/wp-content\/uploads\/2022\/09\/LOGO-AZUR-SCENIC-Fusion-web-236x64-1.jpg\",\"contentUrl\":\"https:\/\/www.azur-scenic.com\/wp-content\/uploads\/2022\/09\/LOGO-AZUR-SCENIC-Fusion-web-236x64-1.jpg\",\"width\":236,\"height\":64,\"caption\":\"AZUR SCENIC\"},\"image\":{\"@id\":\"https:\/\/www.azur-scenic.com\/pt-pt\/#\/schema\/logo\/image\/\"},\"sameAs\":[\"https:\/\/www.youtube.com\/channel\/UCPWM2mGPVUt4nYhNlm71WOA\",\"https:\/\/www.linkedin.com\/company\/33237605\/admin\/feed\/posts\/\"]}]}<\/script>\n<!-- \/ Yoast SEO plugin. -->","yoast_head_json":{"title":"Fun\u00e7\u00e3o - Azur Scenic","robots":{"index":"index","follow":"follow","max-snippet":"max-snippet:-1","max-image-preview":"max-image-preview:large","max-video-preview":"max-video-preview:-1"},"canonical":"https:\/\/www.azur-scenic.com\/pt-pt\/funcao\/","og_locale":"pt_PT","og_type":"article","og_title":"Fun\u00e7\u00e3o - Azur Scenic","og_description":"Junte-se a n\u00f3s! Est\u00e1 interessado em cultura? Sonha em entrar no mundo dos espet\u00e1culos e eventos? Deseja juntar-se a uma empresa de dimens\u00e3o humana na qual ser-lhe-\u00e3o confiadas miss\u00f5es polivalentes que lhe permitir\u00e3o desenvolver-se num ambiente profissional em que nunca nos aborrecemos? Junte-se \u00e0 equipa jovem e din\u00e2mica da Azur Scenic! CANDIDATURA ESPONT\u00c2NEA \u00a0 Estamos [&hellip;]","og_url":"https:\/\/www.azur-scenic.com\/pt-pt\/funcao\/","og_site_name":"Azur Scenic","article_modified_time":"2023-05-19T12:57:59+00:00","og_image":[{"url":"https:\/\/www.azur-scenic.com\/wp-content\/uploads\/colleagues-giving-fist-bump-scaled-e1665405647636.jpg","type":"","width":"","height":""}],"twitter_card":"summary_large_image","twitter_misc":{"Tempo estimado de leitura":"2 minutos"},"schema":{"@context":"https:\/\/schema.org","@graph":[{"@type":"WebPage","@id":"https:\/\/www.azur-scenic.com\/pt-pt\/funcao\/","url":"https:\/\/www.azur-scenic.com\/pt-pt\/funcao\/","name":"Fun\u00e7\u00e3o - Azur Scenic","isPartOf":{"@id":"https:\/\/www.azur-scenic.com\/pt-pt\/#website"},"primaryImageOfPage":{"@id":"https:\/\/www.azur-scenic.com\/pt-pt\/funcao\/#primaryimage"},"image":{"@id":"https:\/\/www.azur-scenic.com\/pt-pt\/funcao\/#primaryimage"},"thumbnailUrl":"https:\/\/www.azur-scenic.com\/wp-content\/uploads\/colleagues-giving-fist-bump-scaled-e1665405647636.jpg","datePublished":"2022-10-10T07:29:36+00:00","dateModified":"2023-05-19T12:57:59+00:00","breadcrumb":{"@id":"https:\/\/www.azur-scenic.com\/pt-pt\/funcao\/#breadcrumb"},"inLanguage":"pt-PT","potentialAction":[{"@type":"ReadAction","target":["https:\/\/www.azur-scenic.com\/pt-pt\/funcao\/"]}]},{"@type":"ImageObject","inLanguage":"pt-PT","@id":"https:\/\/www.azur-scenic.com\/pt-pt\/funcao\/#primaryimage","url":"https:\/\/www.azur-scenic.com\/wp-content\/uploads\/colleagues-giving-fist-bump-scaled-e1665405647636.jpg","contentUrl":"https:\/\/www.azur-scenic.com\/wp-content\/uploads\/colleagues-giving-fist-bump-scaled-e1665405647636.jpg"},{"@type":"BreadcrumbList","@id":"https:\/\/www.azur-scenic.com\/pt-pt\/funcao\/#breadcrumb","itemListElement":[{"@type":"ListItem","position":1,"name":"Accueil","item":"https:\/\/www.azur-scenic.com\/pt-pt\/"},{"@type":"ListItem","position":2,"name":"Fun\u00e7\u00e3o"}]},{"@type":"WebSite","@id":"https:\/\/www.azur-scenic.com\/pt-pt\/#website","url":"https:\/\/www.azur-scenic.com\/pt-pt\/","name":"Azur Scenic","description":"Sp\u00e9cialiste de l\u2019\u00e9quipement sc\u00e9nique et de la d\u00e9coration int\u00e9rieure et \u00e9v\u00e9nementielle !","publisher":{"@id":"https:\/\/www.azur-scenic.com\/pt-pt\/#organization"},"potentialAction":[{"@type":"SearchAction","target":{"@type":"EntryPoint","urlTemplate":"https:\/\/www.azur-scenic.com\/pt-pt\/?s={search_term_string}"},"query-input":{"@type":"PropertyValueSpecification","valueRequired":true,"valueName":"search_term_string"}}],"inLanguage":"pt-PT"},{"@type":"Organization","@id":"https:\/\/www.azur-scenic.com\/pt-pt\/#organization","name":"AZUR SCENIC","url":"https:\/\/www.azur-scenic.com\/pt-pt\/","logo":{"@type":"ImageObject","inLanguage":"pt-PT","@id":"https:\/\/www.azur-scenic.com\/pt-pt\/#\/schema\/logo\/image\/","url":"https:\/\/www.azur-scenic.com\/wp-content\/uploads\/2022\/09\/LOGO-AZUR-SCENIC-Fusion-web-236x64-1.jpg","contentUrl":"https:\/\/www.azur-scenic.com\/wp-content\/uploads\/2022\/09\/LOGO-AZUR-SCENIC-Fusion-web-236x64-1.jpg","width":236,"height":64,"caption":"AZUR SCENIC"},"image":{"@id":"https:\/\/www.azur-scenic.com\/pt-pt\/#\/schema\/logo\/image\/"},"sameAs":["https:\/\/www.youtube.com\/channel\/UCPWM2mGPVUt4nYhNlm71WOA","https:\/\/www.linkedin.com\/company\/33237605\/admin\/feed\/posts\/"]}]}},"_links":{"self":[{"href":"https:\/\/www.azur-scenic.com\/pt-pt\/wp-json\/wp\/v2\/pages\/21424","targetHints":{"allow":["GET"]}}],"collection":[{"href":"https:\/\/www.azur-scenic.com\/pt-pt\/wp-json\/wp\/v2\/pages"}],"about":[{"href":"https:\/\/www.azur-scenic.com\/pt-pt\/wp-json\/wp\/v2\/types\/page"}],"author":[{"embeddable":true,"href":"https:\/\/www.azur-scenic.com\/pt-pt\/wp-json\/wp\/v2\/users\/1"}],"replies":[{"embeddable":true,"href":"https:\/\/www.azur-scenic.com\/pt-pt\/wp-json\/wp\/v2\/comments?post=21424"}],"version-history":[{"count":4,"href":"https:\/\/www.azur-scenic.com\/pt-pt\/wp-json\/wp\/v2\/pages\/21424\/revisions"}],"predecessor-version":[{"id":23124,"href":"https:\/\/www.azur-scenic.com\/pt-pt\/wp-json\/wp\/v2\/pages\/21424\/revisions\/23124"}],"wp:attachment":[{"href":"https:\/\/www.azur-scenic.com\/pt-pt\/wp-json\/wp\/v2\/media?parent=21424"}],"curies":[{"name":"wp","href":"https:\/\/api.w.org\/{rel}","templated":true}]}}