{"id":21430,"date":"2022-09-27T13:52:27","date_gmt":"2022-09-27T13:52:27","guid":{"rendered":"https:\/\/www.azur-scenic.com\/about-us\/"},"modified":"2023-05-19T12:56:23","modified_gmt":"2023-05-19T12:56:23","slug":"sobre-nos","status":"publish","type":"page","link":"https:\/\/www.azur-scenic.com\/pt-pt\/sobre-nos\/","title":{"rendered":"Sobre n\u00f3s"},"content":{"rendered":"\t\t<div data-elementor-type=\"wp-page\" data-elementor-id=\"21430\" class=\"elementor elementor-21430 elementor-33\" data-elementor-post-type=\"page\">\n\t\t\t\t\t\t<section class=\"elementor-section elementor-top-section elementor-element elementor-element-226e2ad elementor-section-full_width elementor-section-height-default elementor-section-height-default\" data-id=\"226e2ad\" data-element_type=\"section\" data-e-type=\"section\">\n\t\t\t\t\t\t<div class=\"elementor-container elementor-column-gap-no\">\n\t\t\t\t\t<div class=\"elementor-column elementor-col-100 elementor-top-column elementor-element elementor-element-b8d68f9\" data-id=\"b8d68f9\" data-element_type=\"column\" data-e-type=\"column\">\n\t\t\t<div class=\"elementor-widget-wrap elementor-element-populated\">\n\t\t\t\t\t\t<div class=\"elementor-element elementor-element-6af4c90 elementor--h-position-center elementor--v-position-middle elementor-arrows-position-inside elementor-pagination-position-inside elementor-widget elementor-widget-slides\" data-id=\"6af4c90\" data-element_type=\"widget\" data-e-type=\"widget\" data-settings=\"{&quot;navigation&quot;:&quot;both&quot;,&quot;autoplay&quot;:&quot;yes&quot;,&quot;pause_on_hover&quot;:&quot;yes&quot;,&quot;pause_on_interaction&quot;:&quot;yes&quot;,&quot;autoplay_speed&quot;:5000,&quot;infinite&quot;:&quot;yes&quot;,&quot;transition&quot;:&quot;slide&quot;,&quot;transition_speed&quot;:500}\" data-widget_type=\"slides.default\">\n\t\t\t\t<div class=\"elementor-widget-container\">\n\t\t\t\t\t\t\t\t\t<div class=\"elementor-swiper\">\n\t\t\t\t\t<div class=\"elementor-slides-wrapper elementor-main-swiper swiper\" role=\"region\" aria-roledescription=\"carousel\" aria-label=\"Slides\" dir=\"ltr\" data-animation=\"fadeInUp\">\n\t\t\t\t<div class=\"swiper-wrapper elementor-slides\">\n\t\t\t\t\t\t\t\t\t\t<div class=\"elementor-repeater-item-fbeea96 swiper-slide\" role=\"group\" aria-roledescription=\"slide\"><div class=\"swiper-slide-bg\" role=\"img\" aria-label=\"azur-scenic_-_theatrelight\"><\/div><div class=\"swiper-slide-inner\" ><div class=\"swiper-slide-contents\"><\/div><\/div><\/div><div class=\"elementor-repeater-item-dc873a5 swiper-slide\" role=\"group\" aria-roledescription=\"slide\"><div class=\"swiper-slide-bg\" role=\"img\" aria-label=\"azur-scenic_-_concertaboutlight\"><\/div><div class=\"swiper-slide-inner\" ><div class=\"swiper-slide-contents\"><\/div><\/div><\/div><div class=\"elementor-repeater-item-1d2aaae swiper-slide\" role=\"group\" aria-roledescription=\"slide\"><div class=\"swiper-slide-bg\" role=\"img\" aria-label=\"azur-scenic_-_restaulight\"><\/div><div class=\"swiper-slide-inner\" ><div class=\"swiper-slide-contents\"><\/div><\/div><\/div>\t\t\t\t<\/div>\n\t\t\t\t\t\t\t\t\t\t\t\t\t\t\t<div class=\"elementor-swiper-button elementor-swiper-button-prev\" role=\"button\" tabindex=\"0\" aria-label=\"Previous slide\">\n\t\t\t\t\t\t\t<i aria-hidden=\"true\" class=\"eicon-chevron-left\"><\/i>\t\t\t\t\t\t<\/div>\n\t\t\t\t\t\t<div class=\"elementor-swiper-button elementor-swiper-button-next\" role=\"button\" tabindex=\"0\" aria-label=\"Next slide\">\n\t\t\t\t\t\t\t<i aria-hidden=\"true\" class=\"eicon-chevron-right\"><\/i>\t\t\t\t\t\t<\/div>\n\t\t\t\t\t\t\t\t\t\t\t\t\t\t\t\t<div class=\"swiper-pagination\"><\/div>\n\t\t\t\t\t\t\t\t\t\t\t\t<\/div>\n\t\t\t\t<\/div>\n\t\t\t\t\t\t\t\t<\/div>\n\t\t\t\t<\/div>\n\t\t\t\t\t<\/div>\n\t\t<\/div>\n\t\t\t\t\t<\/div>\n\t\t<\/section>\n\t\t\t\t<section class=\"elementor-section elementor-top-section elementor-element elementor-element-bf742e0 elementor-section-boxed elementor-section-height-default elementor-section-height-default\" data-id=\"bf742e0\" data-element_type=\"section\" data-e-type=\"section\">\n\t\t\t\t\t\t<div class=\"elementor-container elementor-column-gap-default\">\n\t\t\t\t\t<div class=\"elementor-column elementor-col-100 elementor-top-column elementor-element elementor-element-fcaef19\" data-id=\"fcaef19\" data-element_type=\"column\" data-e-type=\"column\">\n\t\t\t<div class=\"elementor-widget-wrap elementor-element-populated\">\n\t\t\t\t\t\t<div class=\"elementor-element elementor-element-31a412c elementor-widget elementor-widget-heading\" data-id=\"31a412c\" data-element_type=\"widget\" data-e-type=\"widget\" data-widget_type=\"heading.default\">\n\t\t\t\t<div class=\"elementor-widget-container\">\n\t\t\t\t\t<h1 class=\"elementor-heading-title elementor-size-default\">H\u00c1 MAIS DE 30 ANOS AO SEU SERVI\u00c7O<\/h1>\t\t\t\t<\/div>\n\t\t\t\t<\/div>\n\t\t\t\t\t<\/div>\n\t\t<\/div>\n\t\t\t\t\t<\/div>\n\t\t<\/section>\n\t\t\t\t<section class=\"elementor-section elementor-top-section elementor-element elementor-element-5e96811 elementor-section-boxed elementor-section-height-default elementor-section-height-default\" data-id=\"5e96811\" data-element_type=\"section\" data-e-type=\"section\">\n\t\t\t\t\t\t<div class=\"elementor-container elementor-column-gap-default\">\n\t\t\t\t\t<div class=\"elementor-column elementor-col-100 elementor-top-column elementor-element elementor-element-9bc0dec\" data-id=\"9bc0dec\" data-element_type=\"column\" data-e-type=\"column\">\n\t\t\t<div class=\"elementor-widget-wrap elementor-element-populated\">\n\t\t\t\t\t\t<div class=\"elementor-element elementor-element-adf1fc0 elementor-widget elementor-widget-heading\" data-id=\"adf1fc0\" data-element_type=\"widget\" data-e-type=\"widget\" data-widget_type=\"heading.default\">\n\t\t\t\t<div class=\"elementor-widget-container\">\n\t\t\t\t\t<h3 class=\"elementor-heading-title elementor-size-default\">A experi\u00eancia, a inova\u00e7\u00e3o, a escolha e a qualidade desde 1989...<\/h3>\t\t\t\t<\/div>\n\t\t\t\t<\/div>\n\t\t\t\t<div class=\"elementor-element elementor-element-5c71116 elementor-widget elementor-widget-text-editor\" data-id=\"5c71116\" data-element_type=\"widget\" data-e-type=\"widget\" data-widget_type=\"text-editor.default\">\n\t\t\t\t<div class=\"elementor-widget-container\">\n\t\t\t\t\t\t\t\t\t<p>L\u00edder do mercado franc\u00eas e protagonista nos seus eventos, a Azur Scenic \u00e9 o especialista em <strong>equipamento c\u00e9nico<\/strong> e <strong>cen\u00e1rios de eventos<\/strong>, fornecendo-lhe uma vasta gama de <strong>tecidos \u00e0 prova de fogo<\/strong>, <strong>sistemas de trilho<\/strong>, <strong>ecr\u00e3s<\/strong> e <strong>acess\u00f3rios de palco<\/strong>.<\/p>\n<p>Sempre com este desejo de continuar esta magn\u00edfica aventura no mundo do espet\u00e1culo e dos eventos, a nossa empresa estabeleceu-se no territ\u00f3rio nacional tornando-se <strong>l\u00edder do mercado franc\u00eas h\u00e1 mais de 10 anos<\/strong> e posicionando-se como uma das tr\u00eas empresas europeias com maior <strong>&#8220;performance&#8221;<\/strong> neste dom\u00ednio.<\/p>\n<p>Empreendedora, reativa, voluntariosa, os nossos 33 anos de experi\u00eancia acumulada t\u00eam uma voca\u00e7\u00e3o \u00fanica: satisfazer as suas necessidades da melhor forma poss\u00edvel e tornar os seus sonhos realidade. Com este objetivo final em mente, trabalhamos numa <strong>din\u00e2mica da inova\u00e7\u00e3o<\/strong> para lhe oferecer os tecidos e equipamentos de amanh\u00e3! Os seus pedidos ins\u00f3litos s\u00e3o a nossa fonte de inspira\u00e7\u00e3o: Imagine, n\u00f3s realizaremos! O seu evento \u00e9 a nossa <strong>paix\u00e3o<\/strong>!<\/p>\t\t\t\t\t\t\t\t<\/div>\n\t\t\t\t<\/div>\n\t\t\t\t<div class=\"elementor-element elementor-element-b8b1745 elementor-widget elementor-widget-image\" data-id=\"b8b1745\" data-element_type=\"widget\" data-e-type=\"widget\" data-widget_type=\"image.default\">\n\t\t\t\t<div class=\"elementor-widget-container\">\n\t\t\t\t\t\t\t\t\t\t\t\t\t\t\t<img fetchpriority=\"high\" decoding=\"async\" width=\"1650\" height=\"741\" src=\"https:\/\/www.azur-scenic.com\/wp-content\/uploads\/2022\/09\/azur-scenic-danse1_light.jpg\" class=\"attachment-full size-full wp-image-6367\" alt=\"\" srcset=\"https:\/\/www.azur-scenic.com\/wp-content\/uploads\/2022\/09\/azur-scenic-danse1_light.jpg 1650w, https:\/\/www.azur-scenic.com\/wp-content\/uploads\/2022\/09\/azur-scenic-danse1_light-100x45.jpg.webp 100w, https:\/\/www.azur-scenic.com\/wp-content\/uploads\/2022\/09\/azur-scenic-danse1_light-600x269.jpg 600w, https:\/\/www.azur-scenic.com\/wp-content\/uploads\/2022\/09\/azur-scenic-danse1_light-300x135.jpg.webp 300w, https:\/\/www.azur-scenic.com\/wp-content\/uploads\/2022\/09\/azur-scenic-danse1_light-1024x460.jpg.webp 1024w, https:\/\/www.azur-scenic.com\/wp-content\/uploads\/2022\/09\/azur-scenic-danse1_light-768x345.jpg.webp 768w, https:\/\/www.azur-scenic.com\/wp-content\/uploads\/2022\/09\/azur-scenic-danse1_light-1536x690.jpg.webp 1536w\" sizes=\"(max-width: 1650px) 100vw, 1650px\" \/>\t\t\t\t\t\t\t\t\t\t\t\t\t\t\t<\/div>\n\t\t\t\t<\/div>\n\t\t\t\t<div class=\"elementor-element elementor-element-c54131f elementor-widget elementor-widget-heading\" data-id=\"c54131f\" data-element_type=\"widget\" data-e-type=\"widget\" data-widget_type=\"heading.default\">\n\t\t\t\t<div class=\"elementor-widget-container\">\n\t\t\t\t\t<h2 class=\"elementor-heading-title elementor-size-default\">A NOSSA VIS\u00c3O, A INOVA\u00c7\u00c3O<\/h2>\t\t\t\t<\/div>\n\t\t\t\t<\/div>\n\t\t\t\t<div class=\"elementor-element elementor-element-5ebe83a elementor-widget elementor-widget-heading\" data-id=\"5ebe83a\" data-element_type=\"widget\" data-e-type=\"widget\" data-widget_type=\"heading.default\">\n\t\t\t\t<div class=\"elementor-widget-container\">\n\t\t\t\t\t<h3 class=\"elementor-heading-title elementor-size-default\">O mundo est\u00e1 em movimento, os tecidos e as necessidades c\u00e9nicas tamb\u00e9m evoluem!<\/h3>\t\t\t\t<\/div>\n\t\t\t\t<\/div>\n\t\t\t\t<div class=\"elementor-element elementor-element-2d795a0 elementor-widget elementor-widget-text-editor\" data-id=\"2d795a0\" data-element_type=\"widget\" data-e-type=\"widget\" data-widget_type=\"text-editor.default\">\n\t\t\t\t<div class=\"elementor-widget-container\">\n\t\t\t\t\t\t\t\t\t<p>Oferecemos mais de <strong>220 produtos de alta qualidade<\/strong>, selecionados pelo nosso departamento de aprovisionamento, em <strong>constante procura de novos produtos<\/strong> e parceiros internacionais, a fim de lhe proporcionar os grandes cl\u00e1ssicos do sector, mas acima de tudo, para <strong>criar os padr\u00f5es de amanh\u00e3<\/strong>.<\/p><p>A <strong>diversidade<\/strong> da nossa gama \u00e9 combinada com a originalidade, a <strong>desejamos inovar<\/strong> e afirmar uma verdadeira identidade. Para que possa <strong>destacar-se<\/strong> e propor projetos diferenciados.<\/p><p>A Azur Scenic est\u00e1 empenhada em ir sempre mais longe nas suas propostas de busca do extraordin\u00e1rio. A Azur Scenic n\u00e3o est\u00e1 presente apenas para identificar <strong>tend\u00eancias futuras<\/strong>, mas para estar na sua origem.<\/p>\t\t\t\t\t\t\t\t\t<\/div>\n\t\t\t\t<\/div>\n\t\t\t\t<div class=\"elementor-element elementor-element-e1307f7 elementor-widget elementor-widget-image\" data-id=\"e1307f7\" data-element_type=\"widget\" data-e-type=\"widget\" data-widget_type=\"image.default\">\n\t\t\t\t<div class=\"elementor-widget-container\">\n\t\t\t\t\t\t\t\t\t\t\t\t\t\t\t<img decoding=\"async\" width=\"1650\" height=\"248\" src=\"https:\/\/www.azur-scenic.com\/wp-content\/uploads\/2022\/09\/AZUR-SCENIC_-_laserlight.jpg\" class=\"attachment-full size-full wp-image-6370\" alt=\"\" srcset=\"https:\/\/www.azur-scenic.com\/wp-content\/uploads\/2022\/09\/AZUR-SCENIC_-_laserlight.jpg 1650w, https:\/\/www.azur-scenic.com\/wp-content\/uploads\/2022\/09\/AZUR-SCENIC_-_laserlight-100x15.jpg.webp 100w, https:\/\/www.azur-scenic.com\/wp-content\/uploads\/2022\/09\/AZUR-SCENIC_-_laserlight-600x90.jpg.webp 600w, https:\/\/www.azur-scenic.com\/wp-content\/uploads\/2022\/09\/AZUR-SCENIC_-_laserlight-300x45.jpg.webp 300w, https:\/\/www.azur-scenic.com\/wp-content\/uploads\/2022\/09\/AZUR-SCENIC_-_laserlight-1024x154.jpg.webp 1024w, https:\/\/www.azur-scenic.com\/wp-content\/uploads\/2022\/09\/AZUR-SCENIC_-_laserlight-768x115.jpg.webp 768w, https:\/\/www.azur-scenic.com\/wp-content\/uploads\/2022\/09\/AZUR-SCENIC_-_laserlight-1536x231.jpg.webp 1536w\" sizes=\"(max-width: 1650px) 100vw, 1650px\" \/>\t\t\t\t\t\t\t\t\t\t\t\t\t\t\t<\/div>\n\t\t\t\t<\/div>\n\t\t\t\t\t<\/div>\n\t\t<\/div>\n\t\t\t\t\t<\/div>\n\t\t<\/section>\n\t\t\t\t<\/div>\n\t\t","protected":false},"excerpt":{"rendered":"<p>Previous slide Next slide H\u00c1 MAIS DE 30 ANOS AO SEU SERVI\u00c7O A experi\u00eancia, a inova\u00e7\u00e3o, a escolha e a qualidade desde 1989&#8230; L\u00edder do mercado franc\u00eas e protagonista nos seus eventos, a Azur Scenic \u00e9 o especialista em equipamento c\u00e9nico e cen\u00e1rios de eventos, fornecendo-lhe uma vasta gama de tecidos \u00e0 prova de fogo, [&hellip;]<\/p>\n","protected":false},"author":1,"featured_media":0,"parent":0,"menu_order":0,"comment_status":"closed","ping_status":"closed","template":"","meta":{"_acf_changed":false,"footnotes":""},"class_list":["post-21430","page","type-page","status-publish","hentry"],"acf":[],"yoast_head":"<!-- This site is optimized with the Yoast SEO plugin v27.3 - https:\/\/yoast.com\/product\/yoast-seo-wordpress\/ -->\n<title>Sobre n\u00f3s - Azur Scenic<\/title>\n<meta name=\"robots\" content=\"index, follow, max-snippet:-1, max-image-preview:large, max-video-preview:-1\" \/>\n<link rel=\"canonical\" href=\"https:\/\/www.azur-scenic.com\/pt-pt\/sobre-nos\/\" \/>\n<meta property=\"og:locale\" content=\"pt_PT\" \/>\n<meta property=\"og:type\" content=\"article\" \/>\n<meta property=\"og:title\" content=\"Sobre n\u00f3s - Azur Scenic\" \/>\n<meta property=\"og:description\" content=\"Previous slide Next slide H\u00c1 MAIS DE 30 ANOS AO SEU SERVI\u00c7O A experi\u00eancia, a inova\u00e7\u00e3o, a escolha e a qualidade desde 1989&#8230; L\u00edder do mercado franc\u00eas e protagonista nos seus eventos, a Azur Scenic \u00e9 o especialista em equipamento c\u00e9nico e cen\u00e1rios de eventos, fornecendo-lhe uma vasta gama de tecidos \u00e0 prova de fogo, [&hellip;]\" \/>\n<meta property=\"og:url\" content=\"https:\/\/www.azur-scenic.com\/pt-pt\/sobre-nos\/\" \/>\n<meta property=\"og:site_name\" content=\"Azur Scenic\" \/>\n<meta property=\"article:modified_time\" content=\"2023-05-19T12:56:23+00:00\" \/>\n<meta property=\"og:image\" content=\"https:\/\/www.azur-scenic.com\/wp-content\/uploads\/2022\/09\/azur-scenic-danse1_light.jpg\" \/>\n<meta name=\"twitter:card\" content=\"summary_large_image\" \/>\n<meta name=\"twitter:label1\" content=\"Tempo estimado de leitura\" \/>\n\t<meta name=\"twitter:data1\" content=\"3 minutos\" \/>\n<script type=\"application\/ld+json\" class=\"yoast-schema-graph\">{\"@context\":\"https:\\\/\\\/schema.org\",\"@graph\":[{\"@type\":\"WebPage\",\"@id\":\"https:\\\/\\\/www.azur-scenic.com\\\/pt-pt\\\/sobre-nos\\\/\",\"url\":\"https:\\\/\\\/www.azur-scenic.com\\\/pt-pt\\\/sobre-nos\\\/\",\"name\":\"Sobre n\u00f3s - Azur Scenic\",\"isPartOf\":{\"@id\":\"https:\\\/\\\/www.azur-scenic.com\\\/pt-pt\\\/#website\"},\"primaryImageOfPage\":{\"@id\":\"https:\\\/\\\/www.azur-scenic.com\\\/pt-pt\\\/sobre-nos\\\/#primaryimage\"},\"image\":{\"@id\":\"https:\\\/\\\/www.azur-scenic.com\\\/pt-pt\\\/sobre-nos\\\/#primaryimage\"},\"thumbnailUrl\":\"https:\\\/\\\/www.azur-scenic.com\\\/wp-content\\\/uploads\\\/2022\\\/09\\\/azur-scenic-danse1_light.jpg\",\"datePublished\":\"2022-09-27T13:52:27+00:00\",\"dateModified\":\"2023-05-19T12:56:23+00:00\",\"breadcrumb\":{\"@id\":\"https:\\\/\\\/www.azur-scenic.com\\\/pt-pt\\\/sobre-nos\\\/#breadcrumb\"},\"inLanguage\":\"pt-PT\",\"potentialAction\":[{\"@type\":\"ReadAction\",\"target\":[\"https:\\\/\\\/www.azur-scenic.com\\\/pt-pt\\\/sobre-nos\\\/\"]}]},{\"@type\":\"ImageObject\",\"inLanguage\":\"pt-PT\",\"@id\":\"https:\\\/\\\/www.azur-scenic.com\\\/pt-pt\\\/sobre-nos\\\/#primaryimage\",\"url\":\"https:\\\/\\\/www.azur-scenic.com\\\/wp-content\\\/uploads\\\/2022\\\/09\\\/azur-scenic-danse1_light.jpg\",\"contentUrl\":\"https:\\\/\\\/www.azur-scenic.com\\\/wp-content\\\/uploads\\\/2022\\\/09\\\/azur-scenic-danse1_light.jpg\"},{\"@type\":\"BreadcrumbList\",\"@id\":\"https:\\\/\\\/www.azur-scenic.com\\\/pt-pt\\\/sobre-nos\\\/#breadcrumb\",\"itemListElement\":[{\"@type\":\"ListItem\",\"position\":1,\"name\":\"Accueil\",\"item\":\"https:\\\/\\\/www.azur-scenic.com\\\/pt-pt\\\/\"},{\"@type\":\"ListItem\",\"position\":2,\"name\":\"Sobre n\u00f3s\"}]},{\"@type\":\"WebSite\",\"@id\":\"https:\\\/\\\/www.azur-scenic.com\\\/pt-pt\\\/#website\",\"url\":\"https:\\\/\\\/www.azur-scenic.com\\\/pt-pt\\\/\",\"name\":\"Azur Scenic\",\"description\":\"Sp\u00e9cialiste de l\u2019\u00e9quipement sc\u00e9nique et de la d\u00e9coration int\u00e9rieure et \u00e9v\u00e9nementielle !\",\"publisher\":{\"@id\":\"https:\\\/\\\/www.azur-scenic.com\\\/pt-pt\\\/#organization\"},\"potentialAction\":[{\"@type\":\"SearchAction\",\"target\":{\"@type\":\"EntryPoint\",\"urlTemplate\":\"https:\\\/\\\/www.azur-scenic.com\\\/pt-pt\\\/?s={search_term_string}\"},\"query-input\":{\"@type\":\"PropertyValueSpecification\",\"valueRequired\":true,\"valueName\":\"search_term_string\"}}],\"inLanguage\":\"pt-PT\"},{\"@type\":\"Organization\",\"@id\":\"https:\\\/\\\/www.azur-scenic.com\\\/pt-pt\\\/#organization\",\"name\":\"AZUR SCENIC\",\"url\":\"https:\\\/\\\/www.azur-scenic.com\\\/pt-pt\\\/\",\"logo\":{\"@type\":\"ImageObject\",\"inLanguage\":\"pt-PT\",\"@id\":\"https:\\\/\\\/www.azur-scenic.com\\\/pt-pt\\\/#\\\/schema\\\/logo\\\/image\\\/\",\"url\":\"https:\\\/\\\/www.azur-scenic.com\\\/wp-content\\\/uploads\\\/2022\\\/09\\\/LOGO-AZUR-SCENIC-Fusion-web-236x64-1.jpg\",\"contentUrl\":\"https:\\\/\\\/www.azur-scenic.com\\\/wp-content\\\/uploads\\\/2022\\\/09\\\/LOGO-AZUR-SCENIC-Fusion-web-236x64-1.jpg\",\"width\":236,\"height\":64,\"caption\":\"AZUR SCENIC\"},\"image\":{\"@id\":\"https:\\\/\\\/www.azur-scenic.com\\\/pt-pt\\\/#\\\/schema\\\/logo\\\/image\\\/\"},\"sameAs\":[\"https:\\\/\\\/www.youtube.com\\\/channel\\\/UCPWM2mGPVUt4nYhNlm71WOA\",\"https:\\\/\\\/www.linkedin.com\\\/company\\\/33237605\\\/admin\\\/feed\\\/posts\\\/\"]}]}<\/script>\n<!-- \/ Yoast SEO plugin. -->","yoast_head_json":{"title":"Sobre n\u00f3s - Azur Scenic","robots":{"index":"index","follow":"follow","max-snippet":"max-snippet:-1","max-image-preview":"max-image-preview:large","max-video-preview":"max-video-preview:-1"},"canonical":"https:\/\/www.azur-scenic.com\/pt-pt\/sobre-nos\/","og_locale":"pt_PT","og_type":"article","og_title":"Sobre n\u00f3s - Azur Scenic","og_description":"Previous slide Next slide H\u00c1 MAIS DE 30 ANOS AO SEU SERVI\u00c7O A experi\u00eancia, a inova\u00e7\u00e3o, a escolha e a qualidade desde 1989&#8230; L\u00edder do mercado franc\u00eas e protagonista nos seus eventos, a Azur Scenic \u00e9 o especialista em equipamento c\u00e9nico e cen\u00e1rios de eventos, fornecendo-lhe uma vasta gama de tecidos \u00e0 prova de fogo, [&hellip;]","og_url":"https:\/\/www.azur-scenic.com\/pt-pt\/sobre-nos\/","og_site_name":"Azur Scenic","article_modified_time":"2023-05-19T12:56:23+00:00","og_image":[{"url":"https:\/\/www.azur-scenic.com\/wp-content\/uploads\/2022\/09\/azur-scenic-danse1_light.jpg","type":"","width":"","height":""}],"twitter_card":"summary_large_image","twitter_misc":{"Tempo estimado de leitura":"3 minutos"},"schema":{"@context":"https:\/\/schema.org","@graph":[{"@type":"WebPage","@id":"https:\/\/www.azur-scenic.com\/pt-pt\/sobre-nos\/","url":"https:\/\/www.azur-scenic.com\/pt-pt\/sobre-nos\/","name":"Sobre n\u00f3s - Azur Scenic","isPartOf":{"@id":"https:\/\/www.azur-scenic.com\/pt-pt\/#website"},"primaryImageOfPage":{"@id":"https:\/\/www.azur-scenic.com\/pt-pt\/sobre-nos\/#primaryimage"},"image":{"@id":"https:\/\/www.azur-scenic.com\/pt-pt\/sobre-nos\/#primaryimage"},"thumbnailUrl":"https:\/\/www.azur-scenic.com\/wp-content\/uploads\/2022\/09\/azur-scenic-danse1_light.jpg","datePublished":"2022-09-27T13:52:27+00:00","dateModified":"2023-05-19T12:56:23+00:00","breadcrumb":{"@id":"https:\/\/www.azur-scenic.com\/pt-pt\/sobre-nos\/#breadcrumb"},"inLanguage":"pt-PT","potentialAction":[{"@type":"ReadAction","target":["https:\/\/www.azur-scenic.com\/pt-pt\/sobre-nos\/"]}]},{"@type":"ImageObject","inLanguage":"pt-PT","@id":"https:\/\/www.azur-scenic.com\/pt-pt\/sobre-nos\/#primaryimage","url":"https:\/\/www.azur-scenic.com\/wp-content\/uploads\/2022\/09\/azur-scenic-danse1_light.jpg","contentUrl":"https:\/\/www.azur-scenic.com\/wp-content\/uploads\/2022\/09\/azur-scenic-danse1_light.jpg"},{"@type":"BreadcrumbList","@id":"https:\/\/www.azur-scenic.com\/pt-pt\/sobre-nos\/#breadcrumb","itemListElement":[{"@type":"ListItem","position":1,"name":"Accueil","item":"https:\/\/www.azur-scenic.com\/pt-pt\/"},{"@type":"ListItem","position":2,"name":"Sobre n\u00f3s"}]},{"@type":"WebSite","@id":"https:\/\/www.azur-scenic.com\/pt-pt\/#website","url":"https:\/\/www.azur-scenic.com\/pt-pt\/","name":"Azur Scenic","description":"Sp\u00e9cialiste de l\u2019\u00e9quipement sc\u00e9nique et de la d\u00e9coration int\u00e9rieure et \u00e9v\u00e9nementielle !","publisher":{"@id":"https:\/\/www.azur-scenic.com\/pt-pt\/#organization"},"potentialAction":[{"@type":"SearchAction","target":{"@type":"EntryPoint","urlTemplate":"https:\/\/www.azur-scenic.com\/pt-pt\/?s={search_term_string}"},"query-input":{"@type":"PropertyValueSpecification","valueRequired":true,"valueName":"search_term_string"}}],"inLanguage":"pt-PT"},{"@type":"Organization","@id":"https:\/\/www.azur-scenic.com\/pt-pt\/#organization","name":"AZUR SCENIC","url":"https:\/\/www.azur-scenic.com\/pt-pt\/","logo":{"@type":"ImageObject","inLanguage":"pt-PT","@id":"https:\/\/www.azur-scenic.com\/pt-pt\/#\/schema\/logo\/image\/","url":"https:\/\/www.azur-scenic.com\/wp-content\/uploads\/2022\/09\/LOGO-AZUR-SCENIC-Fusion-web-236x64-1.jpg","contentUrl":"https:\/\/www.azur-scenic.com\/wp-content\/uploads\/2022\/09\/LOGO-AZUR-SCENIC-Fusion-web-236x64-1.jpg","width":236,"height":64,"caption":"AZUR SCENIC"},"image":{"@id":"https:\/\/www.azur-scenic.com\/pt-pt\/#\/schema\/logo\/image\/"},"sameAs":["https:\/\/www.youtube.com\/channel\/UCPWM2mGPVUt4nYhNlm71WOA","https:\/\/www.linkedin.com\/company\/33237605\/admin\/feed\/posts\/"]}]}},"_links":{"self":[{"href":"https:\/\/www.azur-scenic.com\/pt-pt\/wp-json\/wp\/v2\/pages\/21430","targetHints":{"allow":["GET"]}}],"collection":[{"href":"https:\/\/www.azur-scenic.com\/pt-pt\/wp-json\/wp\/v2\/pages"}],"about":[{"href":"https:\/\/www.azur-scenic.com\/pt-pt\/wp-json\/wp\/v2\/types\/page"}],"author":[{"embeddable":true,"href":"https:\/\/www.azur-scenic.com\/pt-pt\/wp-json\/wp\/v2\/users\/1"}],"replies":[{"embeddable":true,"href":"https:\/\/www.azur-scenic.com\/pt-pt\/wp-json\/wp\/v2\/comments?post=21430"}],"version-history":[{"count":4,"href":"https:\/\/www.azur-scenic.com\/pt-pt\/wp-json\/wp\/v2\/pages\/21430\/revisions"}],"predecessor-version":[{"id":23121,"href":"https:\/\/www.azur-scenic.com\/pt-pt\/wp-json\/wp\/v2\/pages\/21430\/revisions\/23121"}],"wp:attachment":[{"href":"https:\/\/www.azur-scenic.com\/pt-pt\/wp-json\/wp\/v2\/media?parent=21430"}],"curies":[{"name":"wp","href":"https:\/\/api.w.org\/{rel}","templated":true}]}}