{"id":17126,"date":"2022-10-14T06:52:24","date_gmt":"2022-10-14T06:52:24","guid":{"rendered":"https:\/\/www.azur-scenic.com\/produit\/velours-seine\/"},"modified":"2023-08-02T13:22:44","modified_gmt":"2023-08-02T13:22:44","slug":"veludos-seine","status":"publish","type":"product","link":"https:\/\/www.azur-scenic.com\/pt-pt\/produto\/veludos-seine\/","title":{"rendered":"Veludos Seine"},"content":{"rendered":"<table style=\"width: 40.101%;\">\n<thead>\n<tr>\n<th style=\"width: 31.5217%;\">Dados t\u00e9cnicos<\/th>\n<th style=\"width: 29.3478%;\">Valor<\/th>\n<th style=\"width: 37.3188%;\">Coment\u00e1rio<\/th>\n<\/tr>\n<\/thead>\n<tbody>\n<tr>\n<td style=\"vertical-align: top; width: 31.5217%;\">Largura<\/td>\n<td style=\"vertical-align: top; width: 29.3478%;\">\u00b1 140 cm<\/td>\n<td style=\"vertical-align: top; width: 37.3188%;\">\u00a0<\/td>\n<\/tr>\n<tr>\n<td style=\"vertical-align: top; width: 31.5217%;\">Peso<\/td>\n<td style=\"vertical-align: top; width: 29.3478%;\">\u00b1 500 g\/m\u00b2<\/td>\n<td style=\"vertical-align: top; width: 37.3188%;\">\u00a0<\/td>\n<\/tr>\n<tr>\n<td style=\"vertical-align: top; width: 31.5217%;\">Espessura<\/td>\n<td style=\"vertical-align: top; width: 29.3478%;\">\u00b1 1,8 mm<\/td>\n<td style=\"vertical-align: top; width: 37.3188%;\">\u00a0<\/td>\n<\/tr>\n<tr>\n<td style=\"vertical-align: top; width: 31.5217%;\">Classifica\u00e7\u00e3o de rea\u00e7\u00e3o ao fogo<\/td>\n<td style=\"vertical-align: top; width: 29.3478%;\"><img decoding=\"async\" style=\"height: 20px; width: 20px;\" src=\"https:\/\/www.azur-scenic.com\/wp-content\/uploads\/csm_icon-flag-france_3304e5e3f9.png\" \/> M1<\/td>\n<td style=\"vertical-align: top; width: 37.3188%;\">Norma NF P92-507<\/td>\n<\/tr>\n<tr>\n<td style=\"vertical-align: top; width: 31.5217%;\">Composi\u00e7\u00e3o<\/td>\n<td style=\"vertical-align: top; width: 66.6666%;\" colspan=\"2\">100% Poli\u00e9ster FR<\/td>\n<\/tr>\n<tr>\n<td style=\"vertical-align: top; width: 31.5217%;\">Comprimento do rolo<\/td>\n<td style=\"vertical-align: top; width: 29.3478%;\">\u00b1 30\/35 m<\/td>\n<td style=\"vertical-align: top; width: 37.3188%;\">Pe\u00e7as n\u00e3o calibradas, metragem das pe\u00e7as vari\u00e1vel<\/td>\n<\/tr>\n<tr>\n<td style=\"vertical-align: top; width: 31.5217%;\">Acondicionamento<\/td>\n<td style=\"vertical-align: top; width: 29.3478%;\">Rolo de largura completa<\/td>\n<td style=\"vertical-align: top; width: 37.3188%;\">\u00a0<\/td>\n<\/tr>\n<tr>\n<td style=\"vertical-align: top; width: 31.5217%;\">Venda a retalho<\/td>\n<td style=\"vertical-align: top; width: 29.3478%;\">Cor negro: sim<br \/>\nOutras cores: conforme stock<\/td>\n<td style=\"vertical-align: top; width: 37.3188%;\">\u00a0<\/td>\n<\/tr>\n<tr>\n<td style=\"vertical-align: top; width: 31.5217%;\">Resist\u00eancia \u00e0 abras\u00e3o<\/td>\n<td style=\"vertical-align: top; width: 29.3478%;\">> 100 000 rota\u00e7\u00f5es (Martindale)<\/td>\n<td style=\"vertical-align: top; width: 37.3188%;\">Norma: ISO 12947<\/td>\n<\/tr>\n<tr>\n<td style=\"vertical-align: top; width: 31.5217%;\">Resist\u00eancia \u00e0 rutura<\/td>\n<td style=\"vertical-align: top; width: 29.3478%;\">Corrente> 87 kg<br \/>\nTrama > 65 kg<\/td>\n<td style=\"vertical-align: top; width: 37.3188%;\">Norma: ISO 13934-1<\/td>\n<\/tr>\n<tr>\n<td style=\"vertical-align: top; width: 31.5217%;\">Alongamento de rutura<\/td>\n<td style=\"vertical-align: top; width: 29.3478%;\">Corrente > 19%<br \/>\nTrama > 20%<\/td>\n<td style=\"vertical-align: top; width: 37.3188%;\">Norma: ISO 13934-1<\/td>\n<\/tr>\n<tr>\n<td style=\"vertical-align: top; width: 31.5217%;\">Resist\u00eancia ao rasgo<\/td>\n<td style=\"vertical-align: top; width: 29.3478%;\">Corrente > 20 N<br \/>\nTrama > 20 N<\/td>\n<td style=\"vertical-align: top; width: 37.3188%;\">Norma: ISO 13937-3<\/td>\n<\/tr>\n<tr>\n<td style=\"vertical-align: top; width: 31.5217%;\">Solidez luminosa<\/td>\n<td style=\"vertical-align: top; width: 29.3478%;\">6\/7<\/td>\n<td style=\"vertical-align: top; width: 37.3188%;\">Norma: ISO 105-B02<\/td>\n<\/tr>\n<\/tbody>\n<\/table>\n<p>\u00a0<\/p><\/p>\n","protected":false},"excerpt":{"rendered":"<p>Um veludo que <strong><span style=\"color: #f88523;\">combina<\/span><\/strong> as <strong><span style=\"color: #f88523;\">vantagens<\/span><\/strong> do poli\u00e9ster e do algod\u00e3o!<\/p>\n<p>100% poli\u00e9ster FR, este veludo \u00e9 classificado<strong><span style=\"color: #f88523;\"> M1 de rea\u00e7\u00e3o ao fogo (ign\u00edfugo)<\/span><\/strong>, lav\u00e1vel e <strong><span style=\"color: #f88523;\">adequado para utiliza\u00e7\u00e3o<\/span><\/strong> no <strong><span style=\"color: #f88523;\">exterior<\/span><\/strong>. Pode portanto ser usado em lugares abertos ao p\u00fablico, em <strong><span style=\"color: #f88523;\">interiores <\/span><\/strong>ou em exteriores!<\/p>\n<p>O veludo Seine \u00e9 igualmente <strong><span style=\"color: #f88523;\">mate<\/span><\/strong> e <strong><span style=\"color: #f88523;\">econ\u00f3mico<\/span><\/strong> como um veludo de algod\u00e3o. Apreciar\u00e1 as suas cores profundas e ocultantes, assim como a sua <span style=\"color: #f88523;\"><strong>imbat\u00edvel rela\u00e7\u00e3o pre\u00e7o\/qualidade<\/strong><\/span>!<\/p>\n<p>\u00a0<\/p>\n<table class=\"table\" style=\"background: #f7f7f7; width: 36.3895%;\">\n<tbody>\n<tr>\n<td style=\"width: 48.7552%;\"><strong>Largura<\/strong>: \u00b1 140 cm<\/td>\n<td style=\"width: 49.5851%;\"><strong>Peso<\/strong>: \u00b1 500 g\/m\u00b2<\/td>\n<\/tr>\n<tr>\n<td style=\"width: 48.7552%;\"><strong>Classifica\u00e7\u00e3o de rea\u00e7\u00e3o ao fogo<\/strong>: <img decoding=\"async\" style=\"height: 20px; width: 20px;\" src=\"https:\/\/www.azur-scenic.com\/wp-content\/uploads\/csm_icon-flag-france_3304e5e3f9.png\" \/> M1<\/td>\n<td style=\"width: 49.5851%;\"><strong>Composi\u00e7\u00e3o<\/strong>: 100% Poli\u00e9ster FR<\/td>\n<\/tr>\n<\/tbody>\n<\/table>\n","protected":false},"featured_media":12670,"template":"","meta":{"_acf_changed":false},"product_brand":[],"product_cat":[921,916,917,918,919,920],"product_tag":[],"class_list":{"0":"post-17126","1":"product","2":"type-product","3":"status-publish","4":"has-post-thumbnail","6":"product_cat-todos-os-produtos","7":"product_cat-texteis-cenicos-e-para-eventos","8":"product_cat-veludos","9":"product_cat-veludos-de-poliester","10":"product_cat-ocultantes-blackout","11":"product_cat-teatro","12":"pa_couleurs-002-branco","13":"pa_couleurs-003-negro","14":"pa_couleurs-200-vermelho","15":"pa_couleurs-290-bordo","16":"pa_groupes-de-couleurs-negro","17":"pa_textiles-adaptado-para-exterior","18":"pa_textiles-classificacao-de-reacao-ao-fogo-ignifugo","19":"pa_textiles-lavavel","20":"pa_textiles-ocultante-blackout-e-ou-obscurecedor","21":"pa_textiles-economico","23":"first","24":"instock","25":"shipping-taxable","26":"purchasable","27":"product-type-variable"},"acf":[],"yoast_head":"<!-- This site is optimized with the Yoast SEO plugin v27.3 - https:\/\/yoast.com\/product\/yoast-seo-wordpress\/ -->\n<title>Veludos Seine - Azur Scenic<\/title>\n<meta name=\"robots\" content=\"index, follow, max-snippet:-1, max-image-preview:large, max-video-preview:-1\" \/>\n<link rel=\"canonical\" href=\"https:\/\/www.azur-scenic.com\/pt-pt\/produto\/veludos-seine\/\" \/>\n<meta property=\"og:locale\" content=\"pt_PT\" \/>\n<meta property=\"og:type\" content=\"article\" \/>\n<meta property=\"og:title\" content=\"Veludos Seine - Azur Scenic\" \/>\n<meta property=\"og:description\" content=\"Um veludo que combina as vantagens do poli\u00e9ster e do algod\u00e3o! 100% poli\u00e9ster FR, este veludo \u00e9 classificado M1 de rea\u00e7\u00e3o ao fogo (ign\u00edfugo), lav\u00e1vel e adequado para utiliza\u00e7\u00e3o no exterior. Pode portanto ser usado em lugares abertos ao p\u00fablico, em interiores ou em exteriores! O veludo Seine \u00e9 igualmente mate e econ\u00f3mico como um veludo de algod\u00e3o. Apreciar\u00e1 as suas cores profundas e ocultantes, assim como a sua imbat\u00edvel rela\u00e7\u00e3o pre\u00e7o\/qualidade! \u00a0  Largura: \u00b1 140 cm Peso: \u00b1 500 g\/m\u00b2  Classifica\u00e7\u00e3o de rea\u00e7\u00e3o ao fogo: M1 Composi\u00e7\u00e3o: 100% Poli\u00e9ster FR\" \/>\n<meta property=\"og:url\" content=\"https:\/\/www.azur-scenic.com\/pt-pt\/produto\/veludos-seine\/\" \/>\n<meta property=\"og:site_name\" content=\"Azur Scenic\" \/>\n<meta property=\"article:modified_time\" content=\"2023-08-02T13:22:44+00:00\" \/>\n<meta property=\"og:image\" content=\"https:\/\/www.azur-scenic.com\/wp-content\/uploads\/Velours-Seine.jpg\" \/>\n\t<meta property=\"og:image:width\" content=\"1500\" \/>\n\t<meta property=\"og:image:height\" content=\"1500\" \/>\n\t<meta property=\"og:image:type\" content=\"image\/jpeg\" \/>\n<meta name=\"twitter:card\" content=\"summary_large_image\" \/>\n<meta name=\"twitter:label1\" content=\"Tempo estimado de leitura\" \/>\n\t<meta name=\"twitter:data1\" content=\"1 minuto\" \/>\n<script type=\"application\/ld+json\" class=\"yoast-schema-graph\">{\"@context\":\"https:\\\/\\\/schema.org\",\"@graph\":[{\"@type\":\"WebPage\",\"@id\":\"https:\\\/\\\/www.azur-scenic.com\\\/pt-pt\\\/produto\\\/veludos-seine\\\/\",\"url\":\"https:\\\/\\\/www.azur-scenic.com\\\/pt-pt\\\/produto\\\/veludos-seine\\\/\",\"name\":\"Veludos Seine - Azur Scenic\",\"isPartOf\":{\"@id\":\"https:\\\/\\\/www.azur-scenic.com\\\/pt-pt\\\/#website\"},\"primaryImageOfPage\":{\"@id\":\"https:\\\/\\\/www.azur-scenic.com\\\/pt-pt\\\/produto\\\/veludos-seine\\\/#primaryimage\"},\"image\":{\"@id\":\"https:\\\/\\\/www.azur-scenic.com\\\/pt-pt\\\/produto\\\/veludos-seine\\\/#primaryimage\"},\"thumbnailUrl\":\"https:\\\/\\\/www.azur-scenic.com\\\/wp-content\\\/uploads\\\/Velours-Seine.jpg\",\"datePublished\":\"2022-10-14T06:52:24+00:00\",\"dateModified\":\"2023-08-02T13:22:44+00:00\",\"breadcrumb\":{\"@id\":\"https:\\\/\\\/www.azur-scenic.com\\\/pt-pt\\\/produto\\\/veludos-seine\\\/#breadcrumb\"},\"inLanguage\":\"pt-PT\",\"potentialAction\":[{\"@type\":\"ReadAction\",\"target\":[\"https:\\\/\\\/www.azur-scenic.com\\\/pt-pt\\\/produto\\\/veludos-seine\\\/\"]}]},{\"@type\":\"ImageObject\",\"inLanguage\":\"pt-PT\",\"@id\":\"https:\\\/\\\/www.azur-scenic.com\\\/pt-pt\\\/produto\\\/veludos-seine\\\/#primaryimage\",\"url\":\"https:\\\/\\\/www.azur-scenic.com\\\/wp-content\\\/uploads\\\/Velours-Seine.jpg\",\"contentUrl\":\"https:\\\/\\\/www.azur-scenic.com\\\/wp-content\\\/uploads\\\/Velours-Seine.jpg\",\"width\":1500,\"height\":1500,\"caption\":\"Velours Seine Azur Scenic coloris noir\"},{\"@type\":\"BreadcrumbList\",\"@id\":\"https:\\\/\\\/www.azur-scenic.com\\\/pt-pt\\\/produto\\\/veludos-seine\\\/#breadcrumb\",\"itemListElement\":[{\"@type\":\"ListItem\",\"position\":1,\"name\":\"Accueil\",\"item\":\"https:\\\/\\\/www.azur-scenic.com\\\/pt-pt\\\/\"},{\"@type\":\"ListItem\",\"position\":2,\"name\":\"Produits\",\"item\":\"https:\\\/\\\/www.azur-scenic.com\\\/pt-pt\\\/?page_id=21439\"},{\"@type\":\"ListItem\",\"position\":3,\"name\":\"Veludos Seine\"}]},{\"@type\":\"WebSite\",\"@id\":\"https:\\\/\\\/www.azur-scenic.com\\\/pt-pt\\\/#website\",\"url\":\"https:\\\/\\\/www.azur-scenic.com\\\/pt-pt\\\/\",\"name\":\"Azur Scenic\",\"description\":\"Sp\u00e9cialiste de l\u2019\u00e9quipement sc\u00e9nique et de la d\u00e9coration int\u00e9rieure et \u00e9v\u00e9nementielle !\",\"publisher\":{\"@id\":\"https:\\\/\\\/www.azur-scenic.com\\\/pt-pt\\\/#organization\"},\"potentialAction\":[{\"@type\":\"SearchAction\",\"target\":{\"@type\":\"EntryPoint\",\"urlTemplate\":\"https:\\\/\\\/www.azur-scenic.com\\\/pt-pt\\\/?s={search_term_string}\"},\"query-input\":{\"@type\":\"PropertyValueSpecification\",\"valueRequired\":true,\"valueName\":\"search_term_string\"}}],\"inLanguage\":\"pt-PT\"},{\"@type\":\"Organization\",\"@id\":\"https:\\\/\\\/www.azur-scenic.com\\\/pt-pt\\\/#organization\",\"name\":\"AZUR SCENIC\",\"url\":\"https:\\\/\\\/www.azur-scenic.com\\\/pt-pt\\\/\",\"logo\":{\"@type\":\"ImageObject\",\"inLanguage\":\"pt-PT\",\"@id\":\"https:\\\/\\\/www.azur-scenic.com\\\/pt-pt\\\/#\\\/schema\\\/logo\\\/image\\\/\",\"url\":\"https:\\\/\\\/www.azur-scenic.com\\\/wp-content\\\/uploads\\\/2022\\\/09\\\/LOGO-AZUR-SCENIC-Fusion-web-236x64-1.jpg\",\"contentUrl\":\"https:\\\/\\\/www.azur-scenic.com\\\/wp-content\\\/uploads\\\/2022\\\/09\\\/LOGO-AZUR-SCENIC-Fusion-web-236x64-1.jpg\",\"width\":236,\"height\":64,\"caption\":\"AZUR SCENIC\"},\"image\":{\"@id\":\"https:\\\/\\\/www.azur-scenic.com\\\/pt-pt\\\/#\\\/schema\\\/logo\\\/image\\\/\"},\"sameAs\":[\"https:\\\/\\\/www.youtube.com\\\/channel\\\/UCPWM2mGPVUt4nYhNlm71WOA\",\"https:\\\/\\\/www.linkedin.com\\\/company\\\/33237605\\\/admin\\\/feed\\\/posts\\\/\"]}]}<\/script>\n<!-- \/ Yoast SEO plugin. -->","yoast_head_json":{"title":"Veludos Seine - Azur Scenic","robots":{"index":"index","follow":"follow","max-snippet":"max-snippet:-1","max-image-preview":"max-image-preview:large","max-video-preview":"max-video-preview:-1"},"canonical":"https:\/\/www.azur-scenic.com\/pt-pt\/produto\/veludos-seine\/","og_locale":"pt_PT","og_type":"article","og_title":"Veludos Seine - Azur Scenic","og_description":"Um veludo que combina as vantagens do poli\u00e9ster e do algod\u00e3o! 100% poli\u00e9ster FR, este veludo \u00e9 classificado M1 de rea\u00e7\u00e3o ao fogo (ign\u00edfugo), lav\u00e1vel e adequado para utiliza\u00e7\u00e3o no exterior. Pode portanto ser usado em lugares abertos ao p\u00fablico, em interiores ou em exteriores! O veludo Seine \u00e9 igualmente mate e econ\u00f3mico como um veludo de algod\u00e3o. Apreciar\u00e1 as suas cores profundas e ocultantes, assim como a sua imbat\u00edvel rela\u00e7\u00e3o pre\u00e7o\/qualidade! \u00a0  Largura: \u00b1 140 cm Peso: \u00b1 500 g\/m\u00b2  Classifica\u00e7\u00e3o de rea\u00e7\u00e3o ao fogo: M1 Composi\u00e7\u00e3o: 100% Poli\u00e9ster FR","og_url":"https:\/\/www.azur-scenic.com\/pt-pt\/produto\/veludos-seine\/","og_site_name":"Azur Scenic","article_modified_time":"2023-08-02T13:22:44+00:00","og_image":[{"width":1500,"height":1500,"url":"https:\/\/www.azur-scenic.com\/wp-content\/uploads\/Velours-Seine.jpg","type":"image\/jpeg"}],"twitter_card":"summary_large_image","twitter_misc":{"Tempo estimado de leitura":"1 minuto"},"schema":{"@context":"https:\/\/schema.org","@graph":[{"@type":"WebPage","@id":"https:\/\/www.azur-scenic.com\/pt-pt\/produto\/veludos-seine\/","url":"https:\/\/www.azur-scenic.com\/pt-pt\/produto\/veludos-seine\/","name":"Veludos Seine - Azur Scenic","isPartOf":{"@id":"https:\/\/www.azur-scenic.com\/pt-pt\/#website"},"primaryImageOfPage":{"@id":"https:\/\/www.azur-scenic.com\/pt-pt\/produto\/veludos-seine\/#primaryimage"},"image":{"@id":"https:\/\/www.azur-scenic.com\/pt-pt\/produto\/veludos-seine\/#primaryimage"},"thumbnailUrl":"https:\/\/www.azur-scenic.com\/wp-content\/uploads\/Velours-Seine.jpg","datePublished":"2022-10-14T06:52:24+00:00","dateModified":"2023-08-02T13:22:44+00:00","breadcrumb":{"@id":"https:\/\/www.azur-scenic.com\/pt-pt\/produto\/veludos-seine\/#breadcrumb"},"inLanguage":"pt-PT","potentialAction":[{"@type":"ReadAction","target":["https:\/\/www.azur-scenic.com\/pt-pt\/produto\/veludos-seine\/"]}]},{"@type":"ImageObject","inLanguage":"pt-PT","@id":"https:\/\/www.azur-scenic.com\/pt-pt\/produto\/veludos-seine\/#primaryimage","url":"https:\/\/www.azur-scenic.com\/wp-content\/uploads\/Velours-Seine.jpg","contentUrl":"https:\/\/www.azur-scenic.com\/wp-content\/uploads\/Velours-Seine.jpg","width":1500,"height":1500,"caption":"Velours Seine Azur Scenic coloris noir"},{"@type":"BreadcrumbList","@id":"https:\/\/www.azur-scenic.com\/pt-pt\/produto\/veludos-seine\/#breadcrumb","itemListElement":[{"@type":"ListItem","position":1,"name":"Accueil","item":"https:\/\/www.azur-scenic.com\/pt-pt\/"},{"@type":"ListItem","position":2,"name":"Produits","item":"https:\/\/www.azur-scenic.com\/pt-pt\/?page_id=21439"},{"@type":"ListItem","position":3,"name":"Veludos Seine"}]},{"@type":"WebSite","@id":"https:\/\/www.azur-scenic.com\/pt-pt\/#website","url":"https:\/\/www.azur-scenic.com\/pt-pt\/","name":"Azur Scenic","description":"Sp\u00e9cialiste de l\u2019\u00e9quipement sc\u00e9nique et de la d\u00e9coration int\u00e9rieure et \u00e9v\u00e9nementielle !","publisher":{"@id":"https:\/\/www.azur-scenic.com\/pt-pt\/#organization"},"potentialAction":[{"@type":"SearchAction","target":{"@type":"EntryPoint","urlTemplate":"https:\/\/www.azur-scenic.com\/pt-pt\/?s={search_term_string}"},"query-input":{"@type":"PropertyValueSpecification","valueRequired":true,"valueName":"search_term_string"}}],"inLanguage":"pt-PT"},{"@type":"Organization","@id":"https:\/\/www.azur-scenic.com\/pt-pt\/#organization","name":"AZUR SCENIC","url":"https:\/\/www.azur-scenic.com\/pt-pt\/","logo":{"@type":"ImageObject","inLanguage":"pt-PT","@id":"https:\/\/www.azur-scenic.com\/pt-pt\/#\/schema\/logo\/image\/","url":"https:\/\/www.azur-scenic.com\/wp-content\/uploads\/2022\/09\/LOGO-AZUR-SCENIC-Fusion-web-236x64-1.jpg","contentUrl":"https:\/\/www.azur-scenic.com\/wp-content\/uploads\/2022\/09\/LOGO-AZUR-SCENIC-Fusion-web-236x64-1.jpg","width":236,"height":64,"caption":"AZUR SCENIC"},"image":{"@id":"https:\/\/www.azur-scenic.com\/pt-pt\/#\/schema\/logo\/image\/"},"sameAs":["https:\/\/www.youtube.com\/channel\/UCPWM2mGPVUt4nYhNlm71WOA","https:\/\/www.linkedin.com\/company\/33237605\/admin\/feed\/posts\/"]}]}},"_links":{"self":[{"href":"https:\/\/www.azur-scenic.com\/pt-pt\/wp-json\/wp\/v2\/product\/17126","targetHints":{"allow":["GET"]}}],"collection":[{"href":"https:\/\/www.azur-scenic.com\/pt-pt\/wp-json\/wp\/v2\/product"}],"about":[{"href":"https:\/\/www.azur-scenic.com\/pt-pt\/wp-json\/wp\/v2\/types\/product"}],"wp:featuredmedia":[{"embeddable":true,"href":"https:\/\/www.azur-scenic.com\/pt-pt\/wp-json\/wp\/v2\/media\/12670"}],"wp:attachment":[{"href":"https:\/\/www.azur-scenic.com\/pt-pt\/wp-json\/wp\/v2\/media?parent=17126"}],"wp:term":[{"taxonomy":"product_brand","embeddable":true,"href":"https:\/\/www.azur-scenic.com\/pt-pt\/wp-json\/wp\/v2\/product_brand?post=17126"},{"taxonomy":"product_cat","embeddable":true,"href":"https:\/\/www.azur-scenic.com\/pt-pt\/wp-json\/wp\/v2\/product_cat?post=17126"},{"taxonomy":"product_tag","embeddable":true,"href":"https:\/\/www.azur-scenic.com\/pt-pt\/wp-json\/wp\/v2\/product_tag?post=17126"}],"curies":[{"name":"wp","href":"https:\/\/api.w.org\/{rel}","templated":true}]}}