{"id":17138,"date":"2022-10-04T07:28:42","date_gmt":"2022-10-04T07:28:42","guid":{"rendered":"https:\/\/www.azur-scenic.com\/produit\/tissu-doccultation-euro\/"},"modified":"2023-08-02T13:24:24","modified_gmt":"2023-08-02T13:24:24","slug":"tecido-de-ocultacao-euro","status":"publish","type":"product","link":"https:\/\/www.azur-scenic.com\/pt-pt\/produto\/tecido-de-ocultacao-euro\/","title":{"rendered":"Tecido de oculta\u00e7\u00e3o Euro"},"content":{"rendered":"<table style=\"width: 641px;\">\n<thead>\n<tr>\n<th style=\"width: 233px;\">Dados t\u00e9cnicos<\/th>\n<th style=\"width: 184px;\">Valor<\/th>\n<th style=\"width: 191px;\">Coment\u00e1rio<\/th>\n<\/tr>\n<\/thead>\n<tbody>\n<tr>\n<td style=\"vertical-align: top; width: 233px;\">Largura<\/td>\n<td style=\"vertical-align: top; width: 184px;\">280 cm<\/td>\n<td style=\"vertical-align: top; width: 191px;\">\u00a0<\/td>\n<\/tr>\n<tr>\n<td style=\"vertical-align: top; width: 233px;\">Peso<\/td>\n<td style=\"vertical-align: top; width: 184px;\">280 g\/m\u00b2<\/td>\n<td style=\"vertical-align: top; width: 191px;\">\u00a0<\/td>\n<\/tr>\n<tr>\n<td style=\"vertical-align: top; width: 233px;\">Espessura<\/td>\n<td style=\"vertical-align: top; width: 184px;\">0,37 mm<\/td>\n<td style=\"vertical-align: top; width: 191px;\">\u00a0<\/td>\n<\/tr>\n<tr>\n<td style=\"vertical-align: top; width: 233px;\">Classifica\u00e7\u00e3o de rea\u00e7\u00e3o ao fogo<\/td>\n<td style=\"vertical-align: top; width: 184px;\"><img decoding=\"async\" style=\"height: 20px; width: 20px;\" src=\"https:\/\/www.azur-scenic.com\/wp-content\/uploads\/icon-flag-europe.png\" \/>\u00a0C1<br \/>\n<img decoding=\"async\" style=\"height: 20px; width: 20px;\" src=\"https:\/\/www.azur-scenic.com\/wp-content\/uploads\/icon-flag-allemagne.png\" \/> B1<br \/>\n<img decoding=\"async\" style=\"height: 20px; width: 20px;\" src=\"https:\/\/www.azur-scenic.com\/wp-content\/uploads\/icon-flag-uk.png\" \/> Tipo C<\/td>\n<td style=\"vertical-align: top; width: 191px;\">Norma EN 13773<br \/>\nNorma DIN 4102<br \/>\nNorma BS 5867<\/td>\n<\/tr>\n<tr>\n<td style=\"vertical-align: top; width: 233px;\">Composi\u00e7\u00e3o<\/td>\n<td style=\"vertical-align: top; width: 378px;\" colspan=\"2\">100% poli\u00e9ster com avesso acr\u00edlico floculado branco<\/td>\n<\/tr>\n<tr>\n<td style=\"vertical-align: top; width: 233px;\">Comprimento do rolo<\/td>\n<td style=\"vertical-align: top; width: 184px;\">25 m<\/td>\n<td style=\"vertical-align: top; width: 191px;\">Venda por corte\/retalho:<br \/>\nCores branco: Sim min. 5 m lineares<\/p>\n<p>Outras cores: N\u00e3o, apenas pe\u00e7a inteira<\/p>\n<\/td>\n<\/tr>\n<tr>\n<td style=\"vertical-align: top; width: 233px;\">\u00cdndices \u00f3ticos:<br \/>\nReflex\u00e3o luminosa<br \/>\nAbsor\u00e7\u00e3o luminosa<br \/>\nTransmiss\u00e3o luminosa<\/td>\n<td style=\"vertical-align: top; width: 184px;\">82%<br \/>\n18%<br \/>\n0%<\/td>\n<td style=\"vertical-align: top; width: 191px;\">DIN EN 410 2011<\/td>\n<\/tr>\n<tr>\n<td style=\"vertical-align: top; width: 233px;\">\u00cdndices t\u00e9rmicos:<br \/>\nReflex\u00e3o solar<br \/>\nAbsor\u00e7\u00e3o solar<br \/>\nTransmiss\u00e3o solar<br \/>\nTransmiss\u00e3o UV<\/td>\n<td style=\"vertical-align: top; width: 184px;\">74%<br \/>\n26%<br \/>\n0%<br \/>\n0%<\/td>\n<td style=\"vertical-align: top; width: 191px;\">DIN EN 410 2011<\/td>\n<\/tr>\n<tr>\n<td style=\"vertical-align: top; width: 233px;\">Gt \/ Fc<\/td>\n<td style=\"vertical-align: top; width: 184px;\">Gt 33%<br \/>\nFc 55%<\/td>\n<td style=\"vertical-align: top; width: 191px;\">DIN EN 13363<br \/>\nDIN EN 14501<\/td>\n<\/tr>\n<tr>\n<td style=\"vertical-align: top; width: 233px;\">Resist\u00eancia solidez luminosa<\/td>\n<td style=\"vertical-align: top; width: 184px;\">5 \/ 8<\/td>\n<td style=\"vertical-align: top; width: 191px;\">ISO 105 B02<\/td>\n<\/tr>\n<tr>\n<td style=\"vertical-align: top; width: 233px;\">Estabilidade dimensional<\/td>\n<td style=\"vertical-align: top; width: 184px;\">Corrente: -0,5%<br \/>\nTrama: 0%<\/td>\n<td style=\"vertical-align: top; width: 191px;\">ISO 5077<\/td>\n<\/tr>\n<tr>\n<td style=\"vertical-align: top; width: 233px;\">Resist\u00eancia \u00e0 rutura<\/td>\n<td style=\"vertical-align: top; width: 184px;\">Corrente: 62 daN<br \/>\nTrama: 31 daN<\/td>\n<td style=\"vertical-align: top; width: 191px;\">ISO 13934-1<\/td>\n<\/tr>\n<tr>\n<td style=\"vertical-align: top; width: 233px;\">Alongamento de rutura<\/td>\n<td style=\"vertical-align: top; width: 184px;\">Corrente: 26 mm<br \/>\nTrama: 45 mm<\/td>\n<td style=\"vertical-align: top; width: 191px;\">ISO 13934-1<\/td>\n<\/tr>\n<\/tbody>\n<\/table>\n<p>\u00a0<\/p><\/p>\n","protected":false},"excerpt":{"rendered":"<p>Uma alternativa <span style=\"color: #f88523;\"><strong>econ\u00f3mica<\/strong><\/span> ao tecido de oculta\u00e7\u00e3o M1, o Tecido de oculta\u00e7\u00e3o Euro cumpre a <span style=\"color: #f88523;\"><strong>classifica\u00e7\u00e3o europeia<\/strong><\/span> de Classe 1 de rea\u00e7\u00e3o ao fogo (ign\u00edfugo), de acordo com a EN13773, bem como as normas de rea\u00e7\u00e3o ao fogo brit\u00e2nicas e alem\u00e3s.<\/p>\n<p>Perfeitamente <span style=\"color: #f88523;\"><strong>opaco<\/strong><\/span>, est\u00e1 dispon\u00edvel numa variada gama de <span style=\"color: #f88523;\"><strong>cores<\/strong><\/span><strong><\/strong>, e pode at\u00e9 ser tingido com a <span style=\"color: #f88523;\"><strong>cor da sua escolha<\/strong><\/span> numa das faces.<\/p>\n<p>Tecido <span style=\"color: #f88523;\"><strong>100% ocultante (blackout),<\/strong><\/span><strong><\/strong> com um acabamento particularmente<span style=\"color: #f88523;\"><strong> cuidado<\/strong><\/span>, possui um revestimento branco off-white que lhe confere propriedades de<span style=\"color: #f88523;\"><strong> reflex\u00e3o luminosa e t\u00e9rmica. <\/strong><\/span><strong>\u00a0<\/strong>Al\u00e9m disso, trata-se de um <span style=\"color: #f88523;\"><strong>tecido lav\u00e1vel e resistente aos raios UV<\/strong><\/span><strong>, <\/strong>por isso pode ser usado tanto em interiores como no exterior.<\/p>\n<p>Este t\u00eaxtil \u00e9 adequado para a confe\u00e7\u00e3o de <span style=\"color: #f88523;\"><strong>cortinas de oculta\u00e7\u00e3o<\/strong><\/span><strong>, <\/strong>bem como <span style=\"color: #f88523;\"><strong>para o forro de caixilhos ou molduras<\/strong><\/span><strong>.<\/strong><\/p>\n<table class=\"table\" style=\"background-color: #f7f7f7; background-position: initial initial; background-repeat: initial initial; width: 640px;\">\n<tbody>\n<tr>\n<td style=\"width: 247px;\"><strong>Largura<\/strong>: 280 cm<\/td>\n<td style=\"width: 377px;\"><strong>Peso<\/strong>:\u00a0280 g\/m\u00b2<\/td>\n<\/tr>\n<tr>\n<td style=\"width: 247px;\">\n<p><strong>Classifica\u00e7\u00e3o de rea\u00e7\u00e3o ao fogo<\/strong>:<\/p>\n<p><img decoding=\"async\" style=\"height: 20px; width: 20px;\" src=\"https:\/\/www.azur-scenic.com\/wp-content\/uploads\/icon-flag-europe.png\" \/>\u00a0C1 \u00a0\u00a0<img decoding=\"async\" style=\"height: 20px; width: 20px;\" src=\"https:\/\/www.azur-scenic.com\/wp-content\/uploads\/icon-flag-allemagne.png\" \/> B1 \u00a0\u00a0<img decoding=\"async\" style=\"height: 20px; width: 20px;\" src=\"https:\/\/www.azur-scenic.com\/wp-content\/uploads\/icon-flag-uk.png\" \/>\u00a0Tipo C<\/p>\n<\/td>\n<td style=\"vertical-align: top; width: 377px;\">\n<p><strong>Composi\u00e7\u00e3o<\/strong>:<\/p>\n<p>100% Poli\u00e9ster com avesso acr\u00edlico floculado branco<\/p>\n<\/td>\n<\/tr>\n<\/tbody>\n<\/table>\n","protected":false},"featured_media":8530,"template":"","meta":{"_acf_changed":false},"product_brand":[],"product_cat":[921,916,919,989],"product_tag":[],"class_list":{"0":"post-17138","1":"product","2":"type-product","3":"status-publish","4":"has-post-thumbnail","6":"product_cat-todos-os-produtos","7":"product_cat-texteis-cenicos-e-para-eventos","8":"product_cat-ocultantes-blackout","9":"product_cat-decoracao","10":"pa_couleurs-003-es","11":"pa_couleurs-020-es","12":"pa_couleurs-100-es","13":"pa_couleurs-110-es","14":"pa_couleurs-120-es","15":"pa_couleurs-170-es","16":"pa_couleurs-180-es","17":"pa_couleurs-288-es","18":"pa_couleurs-501-es","19":"pa_couleurs-515-es","20":"pa_couleurs-520-es","21":"pa_couleurs-570-es","22":"pa_couleurs-580-es","23":"pa_couleurs-670-es","24":"pa_couleurs-708-es","25":"pa_couleurs-720-es","26":"pa_couleurs-760-es","27":"pa_couleurs-860-es","28":"pa_couleurs-999-es","29":"pa_groupes-de-couleurs-branco","30":"pa_groupes-de-couleurs-azuis","31":"pa_groupes-de-couleurs-cinzento","32":"pa_groupes-de-couleurs-castanhos-beges","33":"pa_groupes-de-couleurs-negro","34":"pa_groupes-de-couleurs-rosas","35":"pa_groupes-de-couleurs-vermelhos","36":"pa_groupes-de-couleurs-verdes","37":"pa_groupes-de-couleurs-violetas","38":"pa_textiles-adaptado-para-exterior","39":"pa_textiles-classificacao-de-reacao-ao-fogo-ignifugo","40":"pa_textiles-lavavel","41":"pa_textiles-ocultante-blackout-e-ou-obscurecedor","42":"pa_textiles-resistente-a-uv","44":"first","45":"instock","46":"shipping-taxable","47":"purchasable","48":"product-type-variable"},"acf":[],"yoast_head":"<!-- This site is optimized with the Yoast SEO plugin v27.3 - https:\/\/yoast.com\/product\/yoast-seo-wordpress\/ -->\n<title>Tecido de oculta\u00e7\u00e3o Euro - Azur Scenic<\/title>\n<meta name=\"robots\" content=\"index, follow, max-snippet:-1, max-image-preview:large, max-video-preview:-1\" \/>\n<link rel=\"canonical\" href=\"https:\/\/www.azur-scenic.com\/pt-pt\/produto\/tecido-de-ocultacao-euro\/\" \/>\n<meta property=\"og:locale\" content=\"pt_PT\" \/>\n<meta property=\"og:type\" content=\"article\" \/>\n<meta property=\"og:title\" content=\"Tecido de oculta\u00e7\u00e3o Euro - Azur Scenic\" \/>\n<meta property=\"og:description\" content=\"Uma alternativa econ\u00f3mica ao tecido de oculta\u00e7\u00e3o M1, o Tecido de oculta\u00e7\u00e3o Euro cumpre a classifica\u00e7\u00e3o europeia de Classe 1 de rea\u00e7\u00e3o ao fogo (ign\u00edfugo), de acordo com a EN13773, bem como as normas de rea\u00e7\u00e3o ao fogo brit\u00e2nicas e alem\u00e3s. Perfeitamente opaco, est\u00e1 dispon\u00edvel numa variada gama de cores, e pode at\u00e9 ser tingido com a cor da sua escolha numa das faces. Tecido 100% ocultante (blackout), com um acabamento particularmente cuidado, possui um revestimento branco off-white que lhe confere propriedades de reflex\u00e3o luminosa e t\u00e9rmica. \u00a0Al\u00e9m disso, trata-se de um tecido lav\u00e1vel e resistente aos raios UV, por isso pode ser usado tanto em interiores como no exterior. Este t\u00eaxtil \u00e9 adequado para a confe\u00e7\u00e3o de cortinas de oculta\u00e7\u00e3o, bem como para o forro de caixilhos ou molduras.  Largura: 280 cm Peso:\u00a0280 g\/m\u00b2  Classifica\u00e7\u00e3o de rea\u00e7\u00e3o ao fogo: \u00a0C1 \u00a0\u00a0 B1 \u00a0\u00a0\u00a0Tipo C  Composi\u00e7\u00e3o: 100% Poli\u00e9ster com avesso acr\u00edlico floculado branco\" \/>\n<meta property=\"og:url\" content=\"https:\/\/www.azur-scenic.com\/pt-pt\/produto\/tecido-de-ocultacao-euro\/\" \/>\n<meta property=\"og:site_name\" content=\"Azur Scenic\" \/>\n<meta property=\"article:modified_time\" content=\"2023-08-02T13:24:24+00:00\" \/>\n<meta property=\"og:image\" content=\"https:\/\/www.azur-scenic.com\/wp-content\/uploads\/4b2f969b53b7e220591c5df6d4800de1-scaled.jpg\" \/>\n\t<meta property=\"og:image:width\" content=\"1920\" \/>\n\t<meta property=\"og:image:height\" content=\"2560\" \/>\n\t<meta property=\"og:image:type\" content=\"image\/jpeg\" \/>\n<meta name=\"twitter:card\" content=\"summary_large_image\" \/>\n<meta name=\"twitter:label1\" content=\"Tempo estimado de leitura\" \/>\n\t<meta name=\"twitter:data1\" content=\"1 minuto\" \/>\n<script type=\"application\/ld+json\" class=\"yoast-schema-graph\">{\"@context\":\"https:\\\/\\\/schema.org\",\"@graph\":[{\"@type\":\"WebPage\",\"@id\":\"https:\\\/\\\/www.azur-scenic.com\\\/pt-pt\\\/produto\\\/tecido-de-ocultacao-euro\\\/\",\"url\":\"https:\\\/\\\/www.azur-scenic.com\\\/pt-pt\\\/produto\\\/tecido-de-ocultacao-euro\\\/\",\"name\":\"Tecido de oculta\u00e7\u00e3o Euro - Azur Scenic\",\"isPartOf\":{\"@id\":\"https:\\\/\\\/www.azur-scenic.com\\\/pt-pt\\\/#website\"},\"primaryImageOfPage\":{\"@id\":\"https:\\\/\\\/www.azur-scenic.com\\\/pt-pt\\\/produto\\\/tecido-de-ocultacao-euro\\\/#primaryimage\"},\"image\":{\"@id\":\"https:\\\/\\\/www.azur-scenic.com\\\/pt-pt\\\/produto\\\/tecido-de-ocultacao-euro\\\/#primaryimage\"},\"thumbnailUrl\":\"https:\\\/\\\/www.azur-scenic.com\\\/wp-content\\\/uploads\\\/4b2f969b53b7e220591c5df6d4800de1-scaled.jpg\",\"datePublished\":\"2022-10-04T07:28:42+00:00\",\"dateModified\":\"2023-08-02T13:24:24+00:00\",\"breadcrumb\":{\"@id\":\"https:\\\/\\\/www.azur-scenic.com\\\/pt-pt\\\/produto\\\/tecido-de-ocultacao-euro\\\/#breadcrumb\"},\"inLanguage\":\"pt-PT\",\"potentialAction\":[{\"@type\":\"ReadAction\",\"target\":[\"https:\\\/\\\/www.azur-scenic.com\\\/pt-pt\\\/produto\\\/tecido-de-ocultacao-euro\\\/\"]}]},{\"@type\":\"ImageObject\",\"inLanguage\":\"pt-PT\",\"@id\":\"https:\\\/\\\/www.azur-scenic.com\\\/pt-pt\\\/produto\\\/tecido-de-ocultacao-euro\\\/#primaryimage\",\"url\":\"https:\\\/\\\/www.azur-scenic.com\\\/wp-content\\\/uploads\\\/4b2f969b53b7e220591c5df6d4800de1-scaled.jpg\",\"contentUrl\":\"https:\\\/\\\/www.azur-scenic.com\\\/wp-content\\\/uploads\\\/4b2f969b53b7e220591c5df6d4800de1-scaled.jpg\",\"width\":1920,\"height\":2560},{\"@type\":\"BreadcrumbList\",\"@id\":\"https:\\\/\\\/www.azur-scenic.com\\\/pt-pt\\\/produto\\\/tecido-de-ocultacao-euro\\\/#breadcrumb\",\"itemListElement\":[{\"@type\":\"ListItem\",\"position\":1,\"name\":\"Accueil\",\"item\":\"https:\\\/\\\/www.azur-scenic.com\\\/pt-pt\\\/\"},{\"@type\":\"ListItem\",\"position\":2,\"name\":\"Produits\",\"item\":\"https:\\\/\\\/www.azur-scenic.com\\\/pt-pt\\\/?page_id=21439\"},{\"@type\":\"ListItem\",\"position\":3,\"name\":\"Tecido de oculta\u00e7\u00e3o Euro\"}]},{\"@type\":\"WebSite\",\"@id\":\"https:\\\/\\\/www.azur-scenic.com\\\/pt-pt\\\/#website\",\"url\":\"https:\\\/\\\/www.azur-scenic.com\\\/pt-pt\\\/\",\"name\":\"Azur Scenic\",\"description\":\"Sp\u00e9cialiste de l\u2019\u00e9quipement sc\u00e9nique et de la d\u00e9coration int\u00e9rieure et \u00e9v\u00e9nementielle !\",\"publisher\":{\"@id\":\"https:\\\/\\\/www.azur-scenic.com\\\/pt-pt\\\/#organization\"},\"potentialAction\":[{\"@type\":\"SearchAction\",\"target\":{\"@type\":\"EntryPoint\",\"urlTemplate\":\"https:\\\/\\\/www.azur-scenic.com\\\/pt-pt\\\/?s={search_term_string}\"},\"query-input\":{\"@type\":\"PropertyValueSpecification\",\"valueRequired\":true,\"valueName\":\"search_term_string\"}}],\"inLanguage\":\"pt-PT\"},{\"@type\":\"Organization\",\"@id\":\"https:\\\/\\\/www.azur-scenic.com\\\/pt-pt\\\/#organization\",\"name\":\"AZUR SCENIC\",\"url\":\"https:\\\/\\\/www.azur-scenic.com\\\/pt-pt\\\/\",\"logo\":{\"@type\":\"ImageObject\",\"inLanguage\":\"pt-PT\",\"@id\":\"https:\\\/\\\/www.azur-scenic.com\\\/pt-pt\\\/#\\\/schema\\\/logo\\\/image\\\/\",\"url\":\"https:\\\/\\\/www.azur-scenic.com\\\/wp-content\\\/uploads\\\/2022\\\/09\\\/LOGO-AZUR-SCENIC-Fusion-web-236x64-1.jpg\",\"contentUrl\":\"https:\\\/\\\/www.azur-scenic.com\\\/wp-content\\\/uploads\\\/2022\\\/09\\\/LOGO-AZUR-SCENIC-Fusion-web-236x64-1.jpg\",\"width\":236,\"height\":64,\"caption\":\"AZUR SCENIC\"},\"image\":{\"@id\":\"https:\\\/\\\/www.azur-scenic.com\\\/pt-pt\\\/#\\\/schema\\\/logo\\\/image\\\/\"},\"sameAs\":[\"https:\\\/\\\/www.youtube.com\\\/channel\\\/UCPWM2mGPVUt4nYhNlm71WOA\",\"https:\\\/\\\/www.linkedin.com\\\/company\\\/33237605\\\/admin\\\/feed\\\/posts\\\/\"]}]}<\/script>\n<!-- \/ Yoast SEO plugin. -->","yoast_head_json":{"title":"Tecido de oculta\u00e7\u00e3o Euro - Azur Scenic","robots":{"index":"index","follow":"follow","max-snippet":"max-snippet:-1","max-image-preview":"max-image-preview:large","max-video-preview":"max-video-preview:-1"},"canonical":"https:\/\/www.azur-scenic.com\/pt-pt\/produto\/tecido-de-ocultacao-euro\/","og_locale":"pt_PT","og_type":"article","og_title":"Tecido de oculta\u00e7\u00e3o Euro - Azur Scenic","og_description":"Uma alternativa econ\u00f3mica ao tecido de oculta\u00e7\u00e3o M1, o Tecido de oculta\u00e7\u00e3o Euro cumpre a classifica\u00e7\u00e3o europeia de Classe 1 de rea\u00e7\u00e3o ao fogo (ign\u00edfugo), de acordo com a EN13773, bem como as normas de rea\u00e7\u00e3o ao fogo brit\u00e2nicas e alem\u00e3s. Perfeitamente opaco, est\u00e1 dispon\u00edvel numa variada gama de cores, e pode at\u00e9 ser tingido com a cor da sua escolha numa das faces. Tecido 100% ocultante (blackout), com um acabamento particularmente cuidado, possui um revestimento branco off-white que lhe confere propriedades de reflex\u00e3o luminosa e t\u00e9rmica. \u00a0Al\u00e9m disso, trata-se de um tecido lav\u00e1vel e resistente aos raios UV, por isso pode ser usado tanto em interiores como no exterior. Este t\u00eaxtil \u00e9 adequado para a confe\u00e7\u00e3o de cortinas de oculta\u00e7\u00e3o, bem como para o forro de caixilhos ou molduras.  Largura: 280 cm Peso:\u00a0280 g\/m\u00b2  Classifica\u00e7\u00e3o de rea\u00e7\u00e3o ao fogo: \u00a0C1 \u00a0\u00a0 B1 \u00a0\u00a0\u00a0Tipo C  Composi\u00e7\u00e3o: 100% Poli\u00e9ster com avesso acr\u00edlico floculado branco","og_url":"https:\/\/www.azur-scenic.com\/pt-pt\/produto\/tecido-de-ocultacao-euro\/","og_site_name":"Azur Scenic","article_modified_time":"2023-08-02T13:24:24+00:00","og_image":[{"width":1920,"height":2560,"url":"https:\/\/www.azur-scenic.com\/wp-content\/uploads\/4b2f969b53b7e220591c5df6d4800de1-scaled.jpg","type":"image\/jpeg"}],"twitter_card":"summary_large_image","twitter_misc":{"Tempo estimado de leitura":"1 minuto"},"schema":{"@context":"https:\/\/schema.org","@graph":[{"@type":"WebPage","@id":"https:\/\/www.azur-scenic.com\/pt-pt\/produto\/tecido-de-ocultacao-euro\/","url":"https:\/\/www.azur-scenic.com\/pt-pt\/produto\/tecido-de-ocultacao-euro\/","name":"Tecido de oculta\u00e7\u00e3o Euro - Azur Scenic","isPartOf":{"@id":"https:\/\/www.azur-scenic.com\/pt-pt\/#website"},"primaryImageOfPage":{"@id":"https:\/\/www.azur-scenic.com\/pt-pt\/produto\/tecido-de-ocultacao-euro\/#primaryimage"},"image":{"@id":"https:\/\/www.azur-scenic.com\/pt-pt\/produto\/tecido-de-ocultacao-euro\/#primaryimage"},"thumbnailUrl":"https:\/\/www.azur-scenic.com\/wp-content\/uploads\/4b2f969b53b7e220591c5df6d4800de1-scaled.jpg","datePublished":"2022-10-04T07:28:42+00:00","dateModified":"2023-08-02T13:24:24+00:00","breadcrumb":{"@id":"https:\/\/www.azur-scenic.com\/pt-pt\/produto\/tecido-de-ocultacao-euro\/#breadcrumb"},"inLanguage":"pt-PT","potentialAction":[{"@type":"ReadAction","target":["https:\/\/www.azur-scenic.com\/pt-pt\/produto\/tecido-de-ocultacao-euro\/"]}]},{"@type":"ImageObject","inLanguage":"pt-PT","@id":"https:\/\/www.azur-scenic.com\/pt-pt\/produto\/tecido-de-ocultacao-euro\/#primaryimage","url":"https:\/\/www.azur-scenic.com\/wp-content\/uploads\/4b2f969b53b7e220591c5df6d4800de1-scaled.jpg","contentUrl":"https:\/\/www.azur-scenic.com\/wp-content\/uploads\/4b2f969b53b7e220591c5df6d4800de1-scaled.jpg","width":1920,"height":2560},{"@type":"BreadcrumbList","@id":"https:\/\/www.azur-scenic.com\/pt-pt\/produto\/tecido-de-ocultacao-euro\/#breadcrumb","itemListElement":[{"@type":"ListItem","position":1,"name":"Accueil","item":"https:\/\/www.azur-scenic.com\/pt-pt\/"},{"@type":"ListItem","position":2,"name":"Produits","item":"https:\/\/www.azur-scenic.com\/pt-pt\/?page_id=21439"},{"@type":"ListItem","position":3,"name":"Tecido de oculta\u00e7\u00e3o Euro"}]},{"@type":"WebSite","@id":"https:\/\/www.azur-scenic.com\/pt-pt\/#website","url":"https:\/\/www.azur-scenic.com\/pt-pt\/","name":"Azur Scenic","description":"Sp\u00e9cialiste de l\u2019\u00e9quipement sc\u00e9nique et de la d\u00e9coration int\u00e9rieure et \u00e9v\u00e9nementielle !","publisher":{"@id":"https:\/\/www.azur-scenic.com\/pt-pt\/#organization"},"potentialAction":[{"@type":"SearchAction","target":{"@type":"EntryPoint","urlTemplate":"https:\/\/www.azur-scenic.com\/pt-pt\/?s={search_term_string}"},"query-input":{"@type":"PropertyValueSpecification","valueRequired":true,"valueName":"search_term_string"}}],"inLanguage":"pt-PT"},{"@type":"Organization","@id":"https:\/\/www.azur-scenic.com\/pt-pt\/#organization","name":"AZUR SCENIC","url":"https:\/\/www.azur-scenic.com\/pt-pt\/","logo":{"@type":"ImageObject","inLanguage":"pt-PT","@id":"https:\/\/www.azur-scenic.com\/pt-pt\/#\/schema\/logo\/image\/","url":"https:\/\/www.azur-scenic.com\/wp-content\/uploads\/2022\/09\/LOGO-AZUR-SCENIC-Fusion-web-236x64-1.jpg","contentUrl":"https:\/\/www.azur-scenic.com\/wp-content\/uploads\/2022\/09\/LOGO-AZUR-SCENIC-Fusion-web-236x64-1.jpg","width":236,"height":64,"caption":"AZUR SCENIC"},"image":{"@id":"https:\/\/www.azur-scenic.com\/pt-pt\/#\/schema\/logo\/image\/"},"sameAs":["https:\/\/www.youtube.com\/channel\/UCPWM2mGPVUt4nYhNlm71WOA","https:\/\/www.linkedin.com\/company\/33237605\/admin\/feed\/posts\/"]}]}},"_links":{"self":[{"href":"https:\/\/www.azur-scenic.com\/pt-pt\/wp-json\/wp\/v2\/product\/17138","targetHints":{"allow":["GET"]}}],"collection":[{"href":"https:\/\/www.azur-scenic.com\/pt-pt\/wp-json\/wp\/v2\/product"}],"about":[{"href":"https:\/\/www.azur-scenic.com\/pt-pt\/wp-json\/wp\/v2\/types\/product"}],"wp:featuredmedia":[{"embeddable":true,"href":"https:\/\/www.azur-scenic.com\/pt-pt\/wp-json\/wp\/v2\/media\/8530"}],"wp:attachment":[{"href":"https:\/\/www.azur-scenic.com\/pt-pt\/wp-json\/wp\/v2\/media?parent=17138"}],"wp:term":[{"taxonomy":"product_brand","embeddable":true,"href":"https:\/\/www.azur-scenic.com\/pt-pt\/wp-json\/wp\/v2\/product_brand?post=17138"},{"taxonomy":"product_cat","embeddable":true,"href":"https:\/\/www.azur-scenic.com\/pt-pt\/wp-json\/wp\/v2\/product_cat?post=17138"},{"taxonomy":"product_tag","embeddable":true,"href":"https:\/\/www.azur-scenic.com\/pt-pt\/wp-json\/wp\/v2\/product_tag?post=17138"}],"curies":[{"name":"wp","href":"https:\/\/api.w.org\/{rel}","templated":true}]}}