{"id":17292,"date":"2022-10-04T07:28:33","date_gmt":"2022-10-04T07:28:33","guid":{"rendered":"https:\/\/www.azur-scenic.com\/produit\/track-motor-250\/"},"modified":"2023-08-02T13:26:25","modified_gmt":"2023-08-02T13:26:25","slug":"track-motor-250","status":"publish","type":"product","link":"https:\/\/www.azur-scenic.com\/pt-pt\/produto\/track-motor-250\/","title":{"rendered":"Track Motor 250"},"content":{"rendered":"<p><p><strong>Pot\u00eancia<\/strong>: 250 W<\/p>\n<p><strong>Peso m\u00e1ximo cortinas com tra\u00e7\u00e3o<\/strong>: 250 kg em trilho direito, 125 kg em trilho arqueado<\/p>\n<p><strong>Velocidade m\u00e1x.<\/strong>: 0,6 m\/s<\/p>\n<p>Velocidade fixa<\/p>\n<p>Desembraiagem<\/p>\n<p><strong><span style=\"color: #f88523;\">Detalhes t\u00e9cnicos, Op\u00e7\u00f5es e Acess\u00f3rios<\/span><\/strong><br \/>\nDescarregue a ficha de dados acima<\/p><\/p>\n","protected":false},"excerpt":{"rendered":"<p><span style=\"color: #f88523; font-weight: 600;\">TM250<\/span>: um motor <span style=\"color: #f88523; font-weight: 600;\">potente<\/span>, <span style=\"color: #f88523; font-weight: 600;\">silencioso<\/span> e <span style=\"color: #f88523; font-weight: 600;\">preciso<\/span>, adaptado aos nossos trilhos <span style=\"color: #f88523; font-weight: 600;\">Heavy Track<\/span> e <span style=\"color: #f88523; font-weight: 600;\">Erail<\/span>.<\/p>\n<p>A sua polia dupla de tra\u00e7\u00e3o oferece uma excelente precis\u00e3o e permite-lhe <span style=\"color: #f88523; font-weight: 600;\">deslocar cortinas e cen\u00e1rios<\/span> com um <span style=\"color: #f88523; font-weight: 600;\">peso<\/span> at\u00e9 250 kg <span style=\"color: #f88523; font-weight: 600;\">(em trilho direito)<\/span> a uma velocidade fixa de 60 cm\/seg.<\/p>\n<p>De modo a melhor se adaptar \u00e0 sua configura\u00e7\u00e3o e ao seu or\u00e7amento, pode ser equipado com um <span style=\"color: #f88523; font-weight: 600;\">comando de palco por cabo<\/span> ou um <span style=\"color: #f88523; font-weight: 600;\">controlo remoto<\/span>.<\/p>\n<p>No caso de uma interrup\u00e7\u00e3o da corrente el\u00e9trica, est\u00e1 equipado de s\u00e9rie com um dispositivo de <span style=\"color: #f88523; font-weight: 600;\">desembraiagem<\/span> que permite que as cortinas (de lan\u00e7amento) sejam manobradas em pleno funcionamento.<\/p>\n","protected":false},"featured_media":8509,"template":"","meta":{"_acf_changed":false},"product_brand":[],"product_cat":[921,1089,1090],"product_tag":[],"class_list":{"0":"post-17292","1":"product","2":"type-product","3":"status-publish","4":"has-post-thumbnail","6":"product_cat-todos-os-produtos","7":"product_cat-produtos-tecnicos","8":"product_cat-trilhos-de-cenario","9":"pa_techniques-fabrico-por-medida","10":"pa_techniques-com-tracao-motorizada","12":"first","13":"instock","14":"shipping-taxable","15":"purchasable","16":"product-type-simple"},"acf":[],"yoast_head":"<!-- This site is optimized with the Yoast SEO plugin v27.3 - https:\/\/yoast.com\/product\/yoast-seo-wordpress\/ -->\n<title>Track Motor 250 - Azur Scenic<\/title>\n<meta name=\"robots\" content=\"index, follow, max-snippet:-1, max-image-preview:large, max-video-preview:-1\" \/>\n<link rel=\"canonical\" href=\"https:\/\/www.azur-scenic.com\/pt-pt\/produto\/track-motor-250\/\" \/>\n<meta property=\"og:locale\" content=\"pt_PT\" \/>\n<meta property=\"og:type\" content=\"article\" \/>\n<meta property=\"og:title\" content=\"Track Motor 250 - Azur Scenic\" \/>\n<meta property=\"og:description\" content=\"TM250: um motor potente, silencioso e preciso, adaptado aos nossos trilhos Heavy Track e Erail. A sua polia dupla de tra\u00e7\u00e3o oferece uma excelente precis\u00e3o e permite-lhe deslocar cortinas e cen\u00e1rios com um peso at\u00e9 250 kg (em trilho direito) a uma velocidade fixa de 60 cm\/seg. De modo a melhor se adaptar \u00e0 sua configura\u00e7\u00e3o e ao seu or\u00e7amento, pode ser equipado com um comando de palco por cabo ou um controlo remoto. No caso de uma interrup\u00e7\u00e3o da corrente el\u00e9trica, est\u00e1 equipado de s\u00e9rie com um dispositivo de desembraiagem que permite que as cortinas (de lan\u00e7amento) sejam manobradas em pleno funcionamento.\" \/>\n<meta property=\"og:url\" content=\"https:\/\/www.azur-scenic.com\/pt-pt\/produto\/track-motor-250\/\" \/>\n<meta property=\"og:site_name\" content=\"Azur Scenic\" \/>\n<meta property=\"article:modified_time\" content=\"2023-08-02T13:26:25+00:00\" \/>\n<meta property=\"og:image\" content=\"https:\/\/www.azur-scenic.com\/wp-content\/uploads\/8d82b7d9f9bb4fecbc4c1d1c69eb0784.png\" \/>\n\t<meta property=\"og:image:width\" content=\"1065\" \/>\n\t<meta property=\"og:image:height\" content=\"1065\" \/>\n\t<meta property=\"og:image:type\" content=\"image\/png\" \/>\n<meta name=\"twitter:card\" content=\"summary_large_image\" \/>\n<script type=\"application\/ld+json\" class=\"yoast-schema-graph\">{\"@context\":\"https:\\\/\\\/schema.org\",\"@graph\":[{\"@type\":\"WebPage\",\"@id\":\"https:\\\/\\\/www.azur-scenic.com\\\/pt-pt\\\/produto\\\/track-motor-250\\\/\",\"url\":\"https:\\\/\\\/www.azur-scenic.com\\\/pt-pt\\\/produto\\\/track-motor-250\\\/\",\"name\":\"Track Motor 250 - Azur Scenic\",\"isPartOf\":{\"@id\":\"https:\\\/\\\/www.azur-scenic.com\\\/pt-pt\\\/#website\"},\"primaryImageOfPage\":{\"@id\":\"https:\\\/\\\/www.azur-scenic.com\\\/pt-pt\\\/produto\\\/track-motor-250\\\/#primaryimage\"},\"image\":{\"@id\":\"https:\\\/\\\/www.azur-scenic.com\\\/pt-pt\\\/produto\\\/track-motor-250\\\/#primaryimage\"},\"thumbnailUrl\":\"https:\\\/\\\/www.azur-scenic.com\\\/wp-content\\\/uploads\\\/8d82b7d9f9bb4fecbc4c1d1c69eb0784.png\",\"datePublished\":\"2022-10-04T07:28:33+00:00\",\"dateModified\":\"2023-08-02T13:26:25+00:00\",\"breadcrumb\":{\"@id\":\"https:\\\/\\\/www.azur-scenic.com\\\/pt-pt\\\/produto\\\/track-motor-250\\\/#breadcrumb\"},\"inLanguage\":\"pt-PT\",\"potentialAction\":[{\"@type\":\"ReadAction\",\"target\":[\"https:\\\/\\\/www.azur-scenic.com\\\/pt-pt\\\/produto\\\/track-motor-250\\\/\"]}]},{\"@type\":\"ImageObject\",\"inLanguage\":\"pt-PT\",\"@id\":\"https:\\\/\\\/www.azur-scenic.com\\\/pt-pt\\\/produto\\\/track-motor-250\\\/#primaryimage\",\"url\":\"https:\\\/\\\/www.azur-scenic.com\\\/wp-content\\\/uploads\\\/8d82b7d9f9bb4fecbc4c1d1c69eb0784.png\",\"contentUrl\":\"https:\\\/\\\/www.azur-scenic.com\\\/wp-content\\\/uploads\\\/8d82b7d9f9bb4fecbc4c1d1c69eb0784.png\",\"width\":1065,\"height\":1065},{\"@type\":\"BreadcrumbList\",\"@id\":\"https:\\\/\\\/www.azur-scenic.com\\\/pt-pt\\\/produto\\\/track-motor-250\\\/#breadcrumb\",\"itemListElement\":[{\"@type\":\"ListItem\",\"position\":1,\"name\":\"Accueil\",\"item\":\"https:\\\/\\\/www.azur-scenic.com\\\/pt-pt\\\/\"},{\"@type\":\"ListItem\",\"position\":2,\"name\":\"Produits\",\"item\":\"https:\\\/\\\/www.azur-scenic.com\\\/pt-pt\\\/?page_id=21439\"},{\"@type\":\"ListItem\",\"position\":3,\"name\":\"Track Motor 250\"}]},{\"@type\":\"WebSite\",\"@id\":\"https:\\\/\\\/www.azur-scenic.com\\\/pt-pt\\\/#website\",\"url\":\"https:\\\/\\\/www.azur-scenic.com\\\/pt-pt\\\/\",\"name\":\"Azur Scenic\",\"description\":\"Sp\u00e9cialiste de l\u2019\u00e9quipement sc\u00e9nique et de la d\u00e9coration int\u00e9rieure et \u00e9v\u00e9nementielle !\",\"publisher\":{\"@id\":\"https:\\\/\\\/www.azur-scenic.com\\\/pt-pt\\\/#organization\"},\"potentialAction\":[{\"@type\":\"SearchAction\",\"target\":{\"@type\":\"EntryPoint\",\"urlTemplate\":\"https:\\\/\\\/www.azur-scenic.com\\\/pt-pt\\\/?s={search_term_string}\"},\"query-input\":{\"@type\":\"PropertyValueSpecification\",\"valueRequired\":true,\"valueName\":\"search_term_string\"}}],\"inLanguage\":\"pt-PT\"},{\"@type\":\"Organization\",\"@id\":\"https:\\\/\\\/www.azur-scenic.com\\\/pt-pt\\\/#organization\",\"name\":\"AZUR SCENIC\",\"url\":\"https:\\\/\\\/www.azur-scenic.com\\\/pt-pt\\\/\",\"logo\":{\"@type\":\"ImageObject\",\"inLanguage\":\"pt-PT\",\"@id\":\"https:\\\/\\\/www.azur-scenic.com\\\/pt-pt\\\/#\\\/schema\\\/logo\\\/image\\\/\",\"url\":\"https:\\\/\\\/www.azur-scenic.com\\\/wp-content\\\/uploads\\\/2022\\\/09\\\/LOGO-AZUR-SCENIC-Fusion-web-236x64-1.jpg\",\"contentUrl\":\"https:\\\/\\\/www.azur-scenic.com\\\/wp-content\\\/uploads\\\/2022\\\/09\\\/LOGO-AZUR-SCENIC-Fusion-web-236x64-1.jpg\",\"width\":236,\"height\":64,\"caption\":\"AZUR SCENIC\"},\"image\":{\"@id\":\"https:\\\/\\\/www.azur-scenic.com\\\/pt-pt\\\/#\\\/schema\\\/logo\\\/image\\\/\"},\"sameAs\":[\"https:\\\/\\\/www.youtube.com\\\/channel\\\/UCPWM2mGPVUt4nYhNlm71WOA\",\"https:\\\/\\\/www.linkedin.com\\\/company\\\/33237605\\\/admin\\\/feed\\\/posts\\\/\"]}]}<\/script>\n<!-- \/ Yoast SEO plugin. -->","yoast_head_json":{"title":"Track Motor 250 - Azur Scenic","robots":{"index":"index","follow":"follow","max-snippet":"max-snippet:-1","max-image-preview":"max-image-preview:large","max-video-preview":"max-video-preview:-1"},"canonical":"https:\/\/www.azur-scenic.com\/pt-pt\/produto\/track-motor-250\/","og_locale":"pt_PT","og_type":"article","og_title":"Track Motor 250 - Azur Scenic","og_description":"TM250: um motor potente, silencioso e preciso, adaptado aos nossos trilhos Heavy Track e Erail. A sua polia dupla de tra\u00e7\u00e3o oferece uma excelente precis\u00e3o e permite-lhe deslocar cortinas e cen\u00e1rios com um peso at\u00e9 250 kg (em trilho direito) a uma velocidade fixa de 60 cm\/seg. De modo a melhor se adaptar \u00e0 sua configura\u00e7\u00e3o e ao seu or\u00e7amento, pode ser equipado com um comando de palco por cabo ou um controlo remoto. No caso de uma interrup\u00e7\u00e3o da corrente el\u00e9trica, est\u00e1 equipado de s\u00e9rie com um dispositivo de desembraiagem que permite que as cortinas (de lan\u00e7amento) sejam manobradas em pleno funcionamento.","og_url":"https:\/\/www.azur-scenic.com\/pt-pt\/produto\/track-motor-250\/","og_site_name":"Azur Scenic","article_modified_time":"2023-08-02T13:26:25+00:00","og_image":[{"width":1065,"height":1065,"url":"https:\/\/www.azur-scenic.com\/wp-content\/uploads\/8d82b7d9f9bb4fecbc4c1d1c69eb0784.png","type":"image\/png"}],"twitter_card":"summary_large_image","schema":{"@context":"https:\/\/schema.org","@graph":[{"@type":"WebPage","@id":"https:\/\/www.azur-scenic.com\/pt-pt\/produto\/track-motor-250\/","url":"https:\/\/www.azur-scenic.com\/pt-pt\/produto\/track-motor-250\/","name":"Track Motor 250 - Azur Scenic","isPartOf":{"@id":"https:\/\/www.azur-scenic.com\/pt-pt\/#website"},"primaryImageOfPage":{"@id":"https:\/\/www.azur-scenic.com\/pt-pt\/produto\/track-motor-250\/#primaryimage"},"image":{"@id":"https:\/\/www.azur-scenic.com\/pt-pt\/produto\/track-motor-250\/#primaryimage"},"thumbnailUrl":"https:\/\/www.azur-scenic.com\/wp-content\/uploads\/8d82b7d9f9bb4fecbc4c1d1c69eb0784.png","datePublished":"2022-10-04T07:28:33+00:00","dateModified":"2023-08-02T13:26:25+00:00","breadcrumb":{"@id":"https:\/\/www.azur-scenic.com\/pt-pt\/produto\/track-motor-250\/#breadcrumb"},"inLanguage":"pt-PT","potentialAction":[{"@type":"ReadAction","target":["https:\/\/www.azur-scenic.com\/pt-pt\/produto\/track-motor-250\/"]}]},{"@type":"ImageObject","inLanguage":"pt-PT","@id":"https:\/\/www.azur-scenic.com\/pt-pt\/produto\/track-motor-250\/#primaryimage","url":"https:\/\/www.azur-scenic.com\/wp-content\/uploads\/8d82b7d9f9bb4fecbc4c1d1c69eb0784.png","contentUrl":"https:\/\/www.azur-scenic.com\/wp-content\/uploads\/8d82b7d9f9bb4fecbc4c1d1c69eb0784.png","width":1065,"height":1065},{"@type":"BreadcrumbList","@id":"https:\/\/www.azur-scenic.com\/pt-pt\/produto\/track-motor-250\/#breadcrumb","itemListElement":[{"@type":"ListItem","position":1,"name":"Accueil","item":"https:\/\/www.azur-scenic.com\/pt-pt\/"},{"@type":"ListItem","position":2,"name":"Produits","item":"https:\/\/www.azur-scenic.com\/pt-pt\/?page_id=21439"},{"@type":"ListItem","position":3,"name":"Track Motor 250"}]},{"@type":"WebSite","@id":"https:\/\/www.azur-scenic.com\/pt-pt\/#website","url":"https:\/\/www.azur-scenic.com\/pt-pt\/","name":"Azur Scenic","description":"Sp\u00e9cialiste de l\u2019\u00e9quipement sc\u00e9nique et de la d\u00e9coration int\u00e9rieure et \u00e9v\u00e9nementielle !","publisher":{"@id":"https:\/\/www.azur-scenic.com\/pt-pt\/#organization"},"potentialAction":[{"@type":"SearchAction","target":{"@type":"EntryPoint","urlTemplate":"https:\/\/www.azur-scenic.com\/pt-pt\/?s={search_term_string}"},"query-input":{"@type":"PropertyValueSpecification","valueRequired":true,"valueName":"search_term_string"}}],"inLanguage":"pt-PT"},{"@type":"Organization","@id":"https:\/\/www.azur-scenic.com\/pt-pt\/#organization","name":"AZUR SCENIC","url":"https:\/\/www.azur-scenic.com\/pt-pt\/","logo":{"@type":"ImageObject","inLanguage":"pt-PT","@id":"https:\/\/www.azur-scenic.com\/pt-pt\/#\/schema\/logo\/image\/","url":"https:\/\/www.azur-scenic.com\/wp-content\/uploads\/2022\/09\/LOGO-AZUR-SCENIC-Fusion-web-236x64-1.jpg","contentUrl":"https:\/\/www.azur-scenic.com\/wp-content\/uploads\/2022\/09\/LOGO-AZUR-SCENIC-Fusion-web-236x64-1.jpg","width":236,"height":64,"caption":"AZUR SCENIC"},"image":{"@id":"https:\/\/www.azur-scenic.com\/pt-pt\/#\/schema\/logo\/image\/"},"sameAs":["https:\/\/www.youtube.com\/channel\/UCPWM2mGPVUt4nYhNlm71WOA","https:\/\/www.linkedin.com\/company\/33237605\/admin\/feed\/posts\/"]}]}},"_links":{"self":[{"href":"https:\/\/www.azur-scenic.com\/pt-pt\/wp-json\/wp\/v2\/product\/17292","targetHints":{"allow":["GET"]}}],"collection":[{"href":"https:\/\/www.azur-scenic.com\/pt-pt\/wp-json\/wp\/v2\/product"}],"about":[{"href":"https:\/\/www.azur-scenic.com\/pt-pt\/wp-json\/wp\/v2\/types\/product"}],"wp:featuredmedia":[{"embeddable":true,"href":"https:\/\/www.azur-scenic.com\/pt-pt\/wp-json\/wp\/v2\/media\/8509"}],"wp:attachment":[{"href":"https:\/\/www.azur-scenic.com\/pt-pt\/wp-json\/wp\/v2\/media?parent=17292"}],"wp:term":[{"taxonomy":"product_brand","embeddable":true,"href":"https:\/\/www.azur-scenic.com\/pt-pt\/wp-json\/wp\/v2\/product_brand?post=17292"},{"taxonomy":"product_cat","embeddable":true,"href":"https:\/\/www.azur-scenic.com\/pt-pt\/wp-json\/wp\/v2\/product_cat?post=17292"},{"taxonomy":"product_tag","embeddable":true,"href":"https:\/\/www.azur-scenic.com\/pt-pt\/wp-json\/wp\/v2\/product_tag?post=17292"}],"curies":[{"name":"wp","href":"https:\/\/api.w.org\/{rel}","templated":true}]}}