{"id":17310,"date":"2022-10-04T07:28:32","date_gmt":"2022-10-04T07:28:32","guid":{"rendered":"https:\/\/www.azur-scenic.com\/produit\/tapis-super-shine\/"},"modified":"2023-08-02T13:25:10","modified_gmt":"2023-08-02T13:25:10","slug":"tapetes-hi-shine","status":"publish","type":"product","link":"https:\/\/www.azur-scenic.com\/pt-pt\/produto\/tapetes-hi-shine\/","title":{"rendered":"Tapetes Hi Shine"},"content":{"rendered":"<table style=\"width: 47.1446%;\">\n<thead>\n<tr>\n<th style=\"width: 30.4729%;\">Dados t\u00e9cnicos<\/th>\n<th style=\"width: 19.7898%;\">Valor<\/th>\n<th style=\"width: 113.835%;\">Coment\u00e1rio<\/th>\n<\/tr>\n<\/thead>\n<tbody>\n<tr>\n<td style=\"vertical-align: top; width: 30.4729%;\">Largura<\/td>\n<td style=\"vertical-align: top; width: 19.7898%;\">150 cm<\/td>\n<td style=\"vertical-align: top; width: 113.835%;\">\u00a0<\/td>\n<\/tr>\n<tr>\n<td style=\"vertical-align: top; width: 30.4729%;\">Peso<\/td>\n<td style=\"vertical-align: top; width: 19.7898%;\">1960 g\/m\u00b2<\/td>\n<td style=\"vertical-align: top; width: 113.835%;\">\u00a0<\/td>\n<\/tr>\n<tr>\n<td style=\"vertical-align: top; width: 30.4729%;\">Espessura<\/td>\n<td style=\"vertical-align: top; width: 19.7898%;\">1,5 mm<\/td>\n<td style=\"vertical-align: top; width: 113.835%;\">\u00a0<\/td>\n<\/tr>\n<tr>\n<td style=\"vertical-align: top; width: 30.4729%;\">Classifica\u00e7\u00e3o de rea\u00e7\u00e3o ao fogo<\/td>\n<td style=\"vertical-align: top; width: 19.7898%;\"><img decoding=\"async\" style=\"height: 20px; width: 20px;\" src=\"https:\/\/www.azur-scenic.com\/wp-content\/uploads\/icon-flag-europe.png\" \/> Bfl -S1<\/td>\n<td style=\"vertical-align: top; width: 113.835%;\">Norma: EN 13501-1<\/td>\n<\/tr>\n<tr>\n<td style=\"vertical-align: top; width: 30.4729%;\">Composi\u00e7\u00e3o<\/td>\n<td style=\"vertical-align: top; width: 133.625%;\" colspan=\"2\" rowspan=\"1\">PVC + superf\u00edcie calandrada \u00e0 base de pol\u00edmeros<\/td>\n<\/tr>\n<tr>\n<td style=\"vertical-align: top; width: 30.4729%;\">\n<p>Comprimento do rolo<\/p>\n<p>\u00a0<\/p>\n<\/td>\n<td style=\"vertical-align: top; width: 19.7898%;\">10 ml (15 m\u00b2)<br \/>\n15 ml (22,5 m\u00b2)<br \/>\n20 ml (30 m\u00b2)<br \/>\n30 ml (45 m\u00b2)<\/td>\n<td style=\"vertical-align: top; width: 113.835%;\">Cores 002, 003, 100, 090, 092<br \/>\nCores 002, 003, 100, 090, 092<br \/>\nCores 002, 003, 100, 090, 092, 700<br \/>\nCores 002, 003, 100, 090, 092, 200<\/td>\n<\/tr>\n<tr>\n<td style=\"vertical-align: top; width: 30.4729%;\">Isolamento f\u00f3nico<\/td>\n<td style=\"vertical-align: top; width: 19.7898%;\">3 dB<\/td>\n<td style=\"vertical-align: top; width: 113.835%;\">Norma: EN ISO 717-2<\/td>\n<\/tr>\n<\/tbody>\n<\/table>\n","protected":false},"excerpt":{"rendered":"<p style=\"text-align: justify;\">O tapete <strong>Hi Shine Harlequin<\/strong>, classificado como ign\u00edfugo <span style=\"color: #f88523;\"><strong>Bfl -S1<\/strong><\/span> \u00e9 altamente <strong>resistente a riscos<\/strong> gra\u00e7as <span style=\"color: #000000;\">\u00e0 sua superf\u00edcie de pol\u00edmero calandrada.<\/span><\/p>\n<p style=\"text-align: justify;\">\u00c9 ideal para revestir um <span style=\"color: #f88523;\"><strong>palco de televis\u00e3o<\/strong><\/span> ou para equipar <span style=\"color: #f88523;\"><strong>os pisos dos cen\u00e1rios<\/strong><\/span> durante desfiles de moda, lan\u00e7amentos de produtos&#8230;<\/p>\n<p>O tapete Hi Shine assegura uma metamorfose do seu piso numa superf\u00edcie <span style=\"color: #f88523;\"><strong>ultra brilhante<\/strong><\/span>, o que garante efeitos de luz sensacionais no cen\u00e1rio.<\/p>\n<p>\u00a0<\/p>\n<table class=\"table\">\n<tbody>\n<tr>\n<td><strong>Largura<\/strong>: 150 cm<\/td>\n<td><strong>Peso<\/strong>: 1960 g\/m\u00b2<\/td>\n<\/tr>\n<tr>\n<td><strong>Classifica\u00e7\u00e3o de rea\u00e7\u00e3o ao fogo<\/strong>: <img decoding=\"async\" style=\"height: 20px; width: 20px;\" src=\"https:\/\/www.azur-scenic.com\/wp-content\/uploads\/icon-flag-europe.png\" \/> Bfl -S1<\/td>\n<td><strong>Composi\u00e7\u00e3o<\/strong>: PVC (+ superf\u00edcie calandrada \u00e0 base de pol\u00edmeros)<\/td>\n<\/tr>\n<\/tbody>\n<\/table>\n","protected":false},"featured_media":12746,"template":"","meta":{"_acf_changed":false},"product_brand":[],"product_cat":[921,1111,1112,920,989,1113],"product_tag":[],"class_list":{"0":"post-17310","1":"product","2":"type-product","3":"status-publish","4":"has-post-thumbnail","6":"product_cat-todos-os-produtos","7":"product_cat-revestimentos-de-pavimento-e-tapetes-de-danca","8":"product_cat-tapetes-de-danca","9":"product_cat-teatro","10":"product_cat-decoracao","11":"product_cat-eventos","12":"pa_couleurs-002-es","13":"pa_couleurs-003-es","14":"pa_couleurs-090-es","15":"pa_couleurs-092-es","16":"pa_couleurs-100-es","17":"pa_couleurs-200-es","18":"pa_couleurs-700-es","19":"pa_groupes-de-couleurs-branco","20":"pa_groupes-de-couleurs-azuis","21":"pa_groupes-de-couleurs-cinzento","22":"pa_groupes-de-couleurs-negro","23":"pa_groupes-de-couleurs-vermelhos","24":"pa_textiles-adaptado-para-exterior","25":"pa_textiles-brilhantes-lacados-e-metalicos","26":"pa_textiles-classificacao-de-reacao-ao-fogo-ignifugo","27":"pa_textiles-lavavel","29":"first","30":"instock","31":"shipping-taxable","32":"purchasable","33":"product-type-variable"},"acf":[],"yoast_head":"<!-- This site is optimized with the Yoast SEO plugin v27.3 - https:\/\/yoast.com\/product\/yoast-seo-wordpress\/ -->\n<title>Tapetes Hi Shine - Azur Scenic<\/title>\n<meta name=\"robots\" content=\"index, follow, max-snippet:-1, max-image-preview:large, max-video-preview:-1\" \/>\n<link rel=\"canonical\" href=\"https:\/\/www.azur-scenic.com\/pt-pt\/produto\/tapetes-hi-shine\/\" \/>\n<meta property=\"og:locale\" content=\"pt_PT\" \/>\n<meta property=\"og:type\" content=\"article\" \/>\n<meta property=\"og:title\" content=\"Tapetes Hi Shine - Azur Scenic\" \/>\n<meta property=\"og:description\" content=\"O tapete Hi Shine Harlequin, classificado como ign\u00edfugo Bfl -S1 \u00e9 altamente resistente a riscos gra\u00e7as \u00e0 sua superf\u00edcie de pol\u00edmero calandrada. \u00c9 ideal para revestir um palco de televis\u00e3o ou para equipar os pisos dos cen\u00e1rios durante desfiles de moda, lan\u00e7amentos de produtos... O tapete Hi Shine assegura uma metamorfose do seu piso numa superf\u00edcie ultra brilhante, o que garante efeitos de luz sensacionais no cen\u00e1rio. \u00a0  Largura: 150 cm Peso: 1960 g\/m\u00b2  Classifica\u00e7\u00e3o de rea\u00e7\u00e3o ao fogo: Bfl -S1 Composi\u00e7\u00e3o: PVC (+ superf\u00edcie calandrada \u00e0 base de pol\u00edmeros)\" \/>\n<meta property=\"og:url\" content=\"https:\/\/www.azur-scenic.com\/pt-pt\/produto\/tapetes-hi-shine\/\" \/>\n<meta property=\"og:site_name\" content=\"Azur Scenic\" \/>\n<meta property=\"article:modified_time\" content=\"2023-08-02T13:25:10+00:00\" \/>\n<meta property=\"og:image\" content=\"https:\/\/www.azur-scenic.com\/wp-content\/uploads\/Hi-Shine-Argent.jpg\" \/>\n\t<meta property=\"og:image:width\" content=\"2048\" \/>\n\t<meta property=\"og:image:height\" content=\"2048\" \/>\n\t<meta property=\"og:image:type\" content=\"image\/jpeg\" \/>\n<meta name=\"twitter:card\" content=\"summary_large_image\" \/>\n<script type=\"application\/ld+json\" class=\"yoast-schema-graph\">{\"@context\":\"https:\\\/\\\/schema.org\",\"@graph\":[{\"@type\":\"WebPage\",\"@id\":\"https:\\\/\\\/www.azur-scenic.com\\\/pt-pt\\\/produto\\\/tapetes-hi-shine\\\/\",\"url\":\"https:\\\/\\\/www.azur-scenic.com\\\/pt-pt\\\/produto\\\/tapetes-hi-shine\\\/\",\"name\":\"Tapetes Hi Shine - Azur Scenic\",\"isPartOf\":{\"@id\":\"https:\\\/\\\/www.azur-scenic.com\\\/pt-pt\\\/#website\"},\"primaryImageOfPage\":{\"@id\":\"https:\\\/\\\/www.azur-scenic.com\\\/pt-pt\\\/produto\\\/tapetes-hi-shine\\\/#primaryimage\"},\"image\":{\"@id\":\"https:\\\/\\\/www.azur-scenic.com\\\/pt-pt\\\/produto\\\/tapetes-hi-shine\\\/#primaryimage\"},\"thumbnailUrl\":\"https:\\\/\\\/www.azur-scenic.com\\\/wp-content\\\/uploads\\\/Hi-Shine-Argent.jpg\",\"datePublished\":\"2022-10-04T07:28:32+00:00\",\"dateModified\":\"2023-08-02T13:25:10+00:00\",\"breadcrumb\":{\"@id\":\"https:\\\/\\\/www.azur-scenic.com\\\/pt-pt\\\/produto\\\/tapetes-hi-shine\\\/#breadcrumb\"},\"inLanguage\":\"pt-PT\",\"potentialAction\":[{\"@type\":\"ReadAction\",\"target\":[\"https:\\\/\\\/www.azur-scenic.com\\\/pt-pt\\\/produto\\\/tapetes-hi-shine\\\/\"]}]},{\"@type\":\"ImageObject\",\"inLanguage\":\"pt-PT\",\"@id\":\"https:\\\/\\\/www.azur-scenic.com\\\/pt-pt\\\/produto\\\/tapetes-hi-shine\\\/#primaryimage\",\"url\":\"https:\\\/\\\/www.azur-scenic.com\\\/wp-content\\\/uploads\\\/Hi-Shine-Argent.jpg\",\"contentUrl\":\"https:\\\/\\\/www.azur-scenic.com\\\/wp-content\\\/uploads\\\/Hi-Shine-Argent.jpg\",\"width\":2048,\"height\":2048,\"caption\":\"Tapis Hi Shine Coloris Argent\"},{\"@type\":\"BreadcrumbList\",\"@id\":\"https:\\\/\\\/www.azur-scenic.com\\\/pt-pt\\\/produto\\\/tapetes-hi-shine\\\/#breadcrumb\",\"itemListElement\":[{\"@type\":\"ListItem\",\"position\":1,\"name\":\"Accueil\",\"item\":\"https:\\\/\\\/www.azur-scenic.com\\\/pt-pt\\\/\"},{\"@type\":\"ListItem\",\"position\":2,\"name\":\"Produits\",\"item\":\"https:\\\/\\\/www.azur-scenic.com\\\/pt-pt\\\/?page_id=21439\"},{\"@type\":\"ListItem\",\"position\":3,\"name\":\"Tapetes Hi Shine\"}]},{\"@type\":\"WebSite\",\"@id\":\"https:\\\/\\\/www.azur-scenic.com\\\/pt-pt\\\/#website\",\"url\":\"https:\\\/\\\/www.azur-scenic.com\\\/pt-pt\\\/\",\"name\":\"Azur Scenic\",\"description\":\"Sp\u00e9cialiste de l\u2019\u00e9quipement sc\u00e9nique et de la d\u00e9coration int\u00e9rieure et \u00e9v\u00e9nementielle !\",\"publisher\":{\"@id\":\"https:\\\/\\\/www.azur-scenic.com\\\/pt-pt\\\/#organization\"},\"potentialAction\":[{\"@type\":\"SearchAction\",\"target\":{\"@type\":\"EntryPoint\",\"urlTemplate\":\"https:\\\/\\\/www.azur-scenic.com\\\/pt-pt\\\/?s={search_term_string}\"},\"query-input\":{\"@type\":\"PropertyValueSpecification\",\"valueRequired\":true,\"valueName\":\"search_term_string\"}}],\"inLanguage\":\"pt-PT\"},{\"@type\":\"Organization\",\"@id\":\"https:\\\/\\\/www.azur-scenic.com\\\/pt-pt\\\/#organization\",\"name\":\"AZUR SCENIC\",\"url\":\"https:\\\/\\\/www.azur-scenic.com\\\/pt-pt\\\/\",\"logo\":{\"@type\":\"ImageObject\",\"inLanguage\":\"pt-PT\",\"@id\":\"https:\\\/\\\/www.azur-scenic.com\\\/pt-pt\\\/#\\\/schema\\\/logo\\\/image\\\/\",\"url\":\"https:\\\/\\\/www.azur-scenic.com\\\/wp-content\\\/uploads\\\/2022\\\/09\\\/LOGO-AZUR-SCENIC-Fusion-web-236x64-1.jpg\",\"contentUrl\":\"https:\\\/\\\/www.azur-scenic.com\\\/wp-content\\\/uploads\\\/2022\\\/09\\\/LOGO-AZUR-SCENIC-Fusion-web-236x64-1.jpg\",\"width\":236,\"height\":64,\"caption\":\"AZUR SCENIC\"},\"image\":{\"@id\":\"https:\\\/\\\/www.azur-scenic.com\\\/pt-pt\\\/#\\\/schema\\\/logo\\\/image\\\/\"},\"sameAs\":[\"https:\\\/\\\/www.youtube.com\\\/channel\\\/UCPWM2mGPVUt4nYhNlm71WOA\",\"https:\\\/\\\/www.linkedin.com\\\/company\\\/33237605\\\/admin\\\/feed\\\/posts\\\/\"]}]}<\/script>\n<!-- \/ Yoast SEO plugin. -->","yoast_head_json":{"title":"Tapetes Hi Shine - Azur Scenic","robots":{"index":"index","follow":"follow","max-snippet":"max-snippet:-1","max-image-preview":"max-image-preview:large","max-video-preview":"max-video-preview:-1"},"canonical":"https:\/\/www.azur-scenic.com\/pt-pt\/produto\/tapetes-hi-shine\/","og_locale":"pt_PT","og_type":"article","og_title":"Tapetes Hi Shine - Azur Scenic","og_description":"O tapete Hi Shine Harlequin, classificado como ign\u00edfugo Bfl -S1 \u00e9 altamente resistente a riscos gra\u00e7as \u00e0 sua superf\u00edcie de pol\u00edmero calandrada. \u00c9 ideal para revestir um palco de televis\u00e3o ou para equipar os pisos dos cen\u00e1rios durante desfiles de moda, lan\u00e7amentos de produtos... O tapete Hi Shine assegura uma metamorfose do seu piso numa superf\u00edcie ultra brilhante, o que garante efeitos de luz sensacionais no cen\u00e1rio. \u00a0  Largura: 150 cm Peso: 1960 g\/m\u00b2  Classifica\u00e7\u00e3o de rea\u00e7\u00e3o ao fogo: Bfl -S1 Composi\u00e7\u00e3o: PVC (+ superf\u00edcie calandrada \u00e0 base de pol\u00edmeros)","og_url":"https:\/\/www.azur-scenic.com\/pt-pt\/produto\/tapetes-hi-shine\/","og_site_name":"Azur Scenic","article_modified_time":"2023-08-02T13:25:10+00:00","og_image":[{"width":2048,"height":2048,"url":"https:\/\/www.azur-scenic.com\/wp-content\/uploads\/Hi-Shine-Argent.jpg","type":"image\/jpeg"}],"twitter_card":"summary_large_image","schema":{"@context":"https:\/\/schema.org","@graph":[{"@type":"WebPage","@id":"https:\/\/www.azur-scenic.com\/pt-pt\/produto\/tapetes-hi-shine\/","url":"https:\/\/www.azur-scenic.com\/pt-pt\/produto\/tapetes-hi-shine\/","name":"Tapetes Hi Shine - Azur Scenic","isPartOf":{"@id":"https:\/\/www.azur-scenic.com\/pt-pt\/#website"},"primaryImageOfPage":{"@id":"https:\/\/www.azur-scenic.com\/pt-pt\/produto\/tapetes-hi-shine\/#primaryimage"},"image":{"@id":"https:\/\/www.azur-scenic.com\/pt-pt\/produto\/tapetes-hi-shine\/#primaryimage"},"thumbnailUrl":"https:\/\/www.azur-scenic.com\/wp-content\/uploads\/Hi-Shine-Argent.jpg","datePublished":"2022-10-04T07:28:32+00:00","dateModified":"2023-08-02T13:25:10+00:00","breadcrumb":{"@id":"https:\/\/www.azur-scenic.com\/pt-pt\/produto\/tapetes-hi-shine\/#breadcrumb"},"inLanguage":"pt-PT","potentialAction":[{"@type":"ReadAction","target":["https:\/\/www.azur-scenic.com\/pt-pt\/produto\/tapetes-hi-shine\/"]}]},{"@type":"ImageObject","inLanguage":"pt-PT","@id":"https:\/\/www.azur-scenic.com\/pt-pt\/produto\/tapetes-hi-shine\/#primaryimage","url":"https:\/\/www.azur-scenic.com\/wp-content\/uploads\/Hi-Shine-Argent.jpg","contentUrl":"https:\/\/www.azur-scenic.com\/wp-content\/uploads\/Hi-Shine-Argent.jpg","width":2048,"height":2048,"caption":"Tapis Hi Shine Coloris Argent"},{"@type":"BreadcrumbList","@id":"https:\/\/www.azur-scenic.com\/pt-pt\/produto\/tapetes-hi-shine\/#breadcrumb","itemListElement":[{"@type":"ListItem","position":1,"name":"Accueil","item":"https:\/\/www.azur-scenic.com\/pt-pt\/"},{"@type":"ListItem","position":2,"name":"Produits","item":"https:\/\/www.azur-scenic.com\/pt-pt\/?page_id=21439"},{"@type":"ListItem","position":3,"name":"Tapetes Hi Shine"}]},{"@type":"WebSite","@id":"https:\/\/www.azur-scenic.com\/pt-pt\/#website","url":"https:\/\/www.azur-scenic.com\/pt-pt\/","name":"Azur Scenic","description":"Sp\u00e9cialiste de l\u2019\u00e9quipement sc\u00e9nique et de la d\u00e9coration int\u00e9rieure et \u00e9v\u00e9nementielle !","publisher":{"@id":"https:\/\/www.azur-scenic.com\/pt-pt\/#organization"},"potentialAction":[{"@type":"SearchAction","target":{"@type":"EntryPoint","urlTemplate":"https:\/\/www.azur-scenic.com\/pt-pt\/?s={search_term_string}"},"query-input":{"@type":"PropertyValueSpecification","valueRequired":true,"valueName":"search_term_string"}}],"inLanguage":"pt-PT"},{"@type":"Organization","@id":"https:\/\/www.azur-scenic.com\/pt-pt\/#organization","name":"AZUR SCENIC","url":"https:\/\/www.azur-scenic.com\/pt-pt\/","logo":{"@type":"ImageObject","inLanguage":"pt-PT","@id":"https:\/\/www.azur-scenic.com\/pt-pt\/#\/schema\/logo\/image\/","url":"https:\/\/www.azur-scenic.com\/wp-content\/uploads\/2022\/09\/LOGO-AZUR-SCENIC-Fusion-web-236x64-1.jpg","contentUrl":"https:\/\/www.azur-scenic.com\/wp-content\/uploads\/2022\/09\/LOGO-AZUR-SCENIC-Fusion-web-236x64-1.jpg","width":236,"height":64,"caption":"AZUR SCENIC"},"image":{"@id":"https:\/\/www.azur-scenic.com\/pt-pt\/#\/schema\/logo\/image\/"},"sameAs":["https:\/\/www.youtube.com\/channel\/UCPWM2mGPVUt4nYhNlm71WOA","https:\/\/www.linkedin.com\/company\/33237605\/admin\/feed\/posts\/"]}]}},"_links":{"self":[{"href":"https:\/\/www.azur-scenic.com\/pt-pt\/wp-json\/wp\/v2\/product\/17310","targetHints":{"allow":["GET"]}}],"collection":[{"href":"https:\/\/www.azur-scenic.com\/pt-pt\/wp-json\/wp\/v2\/product"}],"about":[{"href":"https:\/\/www.azur-scenic.com\/pt-pt\/wp-json\/wp\/v2\/types\/product"}],"wp:featuredmedia":[{"embeddable":true,"href":"https:\/\/www.azur-scenic.com\/pt-pt\/wp-json\/wp\/v2\/media\/12746"}],"wp:attachment":[{"href":"https:\/\/www.azur-scenic.com\/pt-pt\/wp-json\/wp\/v2\/media?parent=17310"}],"wp:term":[{"taxonomy":"product_brand","embeddable":true,"href":"https:\/\/www.azur-scenic.com\/pt-pt\/wp-json\/wp\/v2\/product_brand?post=17310"},{"taxonomy":"product_cat","embeddable":true,"href":"https:\/\/www.azur-scenic.com\/pt-pt\/wp-json\/wp\/v2\/product_cat?post=17310"},{"taxonomy":"product_tag","embeddable":true,"href":"https:\/\/www.azur-scenic.com\/pt-pt\/wp-json\/wp\/v2\/product_tag?post=17310"}],"curies":[{"name":"wp","href":"https:\/\/api.w.org\/{rel}","templated":true}]}}