{"id":17327,"date":"2022-10-04T07:28:32","date_gmt":"2022-10-04T07:28:32","guid":{"rendered":"https:\/\/www.azur-scenic.com\/produit\/tapis-de-danse-2\/"},"modified":"2023-08-02T13:25:08","modified_gmt":"2023-08-02T13:25:08","slug":"tapetes-de-danca-duo","status":"publish","type":"product","link":"https:\/\/www.azur-scenic.com\/pt-pt\/produto\/tapetes-de-danca-duo\/","title":{"rendered":"Tapetes de dan\u00e7a Duo"},"content":{"rendered":"<table>\n<thead>\n<tr>\n<th style=\"width: 170px;\">Dados t\u00e9cnicos<\/th>\n<th>Valor<\/th>\n<th>Coment\u00e1rio<\/th>\n<\/tr>\n<\/thead>\n<tbody>\n<tr>\n<td style=\"vertical-align: top;\">Largura<\/td>\n<td style=\"vertical-align: top;\">150 cm<br \/>\n200 cm<\/td>\n<td style=\"vertical-align: top;\">Apenas cores 050 e 051<br \/>\nTodas as cores<\/td>\n<\/tr>\n<tr>\n<td style=\"vertical-align: top;\">Peso<\/td>\n<td style=\"vertical-align: top;\">1600 g\/m\u00b2<\/td>\n<td style=\"vertical-align: top;\">\u00a0<\/td>\n<\/tr>\n<tr>\n<td style=\"vertical-align: top;\">Espessura<\/td>\n<td style=\"vertical-align: top;\">1,25 mm<\/td>\n<td style=\"vertical-align: top;\">\u00a0<\/td>\n<\/tr>\n<tr>\n<td style=\"vertical-align: top;\">Classifica\u00e7\u00e3o de rea\u00e7\u00e3o ao fogo<\/td>\n<td style=\"vertical-align: top;\"><img decoding=\"async\" style=\"height: 20px; width: 20px;\" src=\"https:\/\/www.azur-scenic.com\/wp-content\/uploads\/icon-flag-europe.png\" \/> Bfl -S1<\/td>\n<td style=\"vertical-align: top;\">Norma: NF EN 13501<\/td>\n<\/tr>\n<tr>\n<td style=\"vertical-align: top;\">Composi\u00e7\u00e3o<\/td>\n<td style=\"vertical-align: top;\">100% PVC<\/td>\n<td style=\"vertical-align: top;\">\u00a0<\/td>\n<\/tr>\n<tr>\n<td style=\"vertical-align: top;\">\n<p>Comprimento do rolo<\/p>\n<p>\u00a0<\/p>\n<\/td>\n<td style=\"vertical-align: top;\">10 m<br \/>\n15 m<br \/>\n20 m<br \/>\n25 m<br \/>\n30 m<\/td>\n<td style=\"vertical-align: top;\">(15 m\u00b2 ou 20 m\u00b2 conforme largura)<br \/>\n(22,5 m\u00b2 ou 30 m\u00b2 conforme largura)<br \/>\n(30 m\u00b2 ou 40 m\u00b2 conforme largura)<br \/>\n(37,5 m\u00b2 ou 50 m\u00b2 conforme largura)<br \/>\n(45 m\u00b2 ou 60 m\u00b2 conforme largura)<\/td>\n<\/tr>\n<\/tbody>\n<\/table>\n","protected":false},"excerpt":{"rendered":"<p><strong>Duo<\/strong>, o tapete de dan\u00e7a incontorn\u00e1vel da marca de topo de gama <strong>Harlequin<\/strong><\/p>\n<p>O tapete de dan\u00e7a cl\u00e1ssico com um <span style=\"color: #f88523;\"><strong>acabamento mate<\/strong><\/span>, classificado ign\u00edfugo <span style=\"color: #f88523;\"><strong>Bfl-s1<\/strong><\/span>, ideal para equipar <span style=\"color: #f88523;\"><strong>palcos<\/strong><\/span> e <span style=\"color: #f88523;\"><strong>est\u00fadios de dan\u00e7a<\/strong><\/span>.<\/p>\n<p>Tapete <span style=\"color: #f88523;\"><strong>bicolor revers\u00edvel<\/strong><\/span>, composto por duas camadas de PVC calandradas e <span style=\"color: #f88523;\"><strong>antiderrapantes.\u00a0<\/strong><\/span>Pode ser usado em ambas as faces.<\/p>\n<p>De modo a melhor se adaptar \u00e0 configura\u00e7\u00e3o de cada espa\u00e7o, o nosso tapete est\u00e1 dispon\u00edvel em <span style=\"color: #f88523;\"><strong>2 larguras<\/strong><\/span>: 1,50 m\u00a0e 2 m.<\/p>\n<p>Para al\u00e9m das cores cl\u00e1ssicas, est\u00e1 tamb\u00e9m dispon\u00edvel em <span style=\"color: #f88523;\"><strong>cores Chroma Key<\/strong><\/span> para inser\u00e7\u00e3o digital e em negro\/cinzento de <span style=\"color: #f88523;\"><strong>proje\u00e7\u00e3o<\/strong><\/span>, para proje\u00e7\u00e3o de imagens.<\/p>\n<p>\u00a0<\/p>\n<table class=\"table\">\n<tbody>\n<tr>\n<td><strong>Largura<\/strong>: 150 e\u00a0200 cm<\/td>\n<td style=\"vertical-align: top;\"><strong>Peso<\/strong>: 1600 g\/m\u00b2<\/td>\n<\/tr>\n<tr>\n<td><strong>Classifica\u00e7\u00e3o de rea\u00e7\u00e3o ao fogo<\/strong>: \u00a0<img decoding=\"async\" style=\"height: 20px; width: 20px;\" src=\"https:\/\/www.azur-scenic.com\/wp-content\/uploads\/icon-flag-europe.png\" \/> Bfl -S1<\/td>\n<td><strong>Composi\u00e7\u00e3o<\/strong>: 100% PVC<\/td>\n<\/tr>\n<\/tbody>\n<\/table>\n","protected":false},"featured_media":12684,"template":"","meta":{"_acf_changed":false},"product_brand":[],"product_cat":[921,1111,1112,920],"product_tag":[],"class_list":{"0":"post-17327","1":"product","2":"type-product","3":"status-publish","4":"has-post-thumbnail","6":"product_cat-todos-os-produtos","7":"product_cat-revestimentos-de-pavimento-e-tapetes-de-danca","8":"product_cat-tapetes-de-danca","9":"product_cat-teatro","10":"pa_couleurs-050-es","11":"pa_couleurs-051-es","12":"pa_couleurs-052-es","13":"pa_couleurs-053-es","14":"pa_couleurs-055-es","15":"pa_couleurs-056-es","16":"pa_couleurs-057-es","17":"pa_couleurs-060-es","18":"pa_groupes-de-couleurs-branco","19":"pa_groupes-de-couleurs-azuis","20":"pa_groupes-de-couleurs-diversos","21":"pa_groupes-de-couleurs-cinzento","22":"pa_groupes-de-couleurs-castanhos-beges","23":"pa_groupes-de-couleurs-negro","24":"pa_groupes-de-couleurs-vermelhos","25":"pa_groupes-de-couleurs-verdes","26":"pa_textiles-adaptado-para-exterior","27":"pa_textiles-classificacao-de-reacao-ao-fogo-ignifugo","28":"pa_textiles-lavavel","30":"first","31":"instock","32":"shipping-taxable","33":"purchasable","34":"product-type-variable"},"acf":[],"yoast_head":"<!-- This site is optimized with the Yoast SEO plugin v27.3 - https:\/\/yoast.com\/product\/yoast-seo-wordpress\/ -->\n<title>Tapetes de dan\u00e7a Duo - Azur Scenic<\/title>\n<meta name=\"robots\" content=\"index, follow, max-snippet:-1, max-image-preview:large, max-video-preview:-1\" \/>\n<link rel=\"canonical\" href=\"https:\/\/www.azur-scenic.com\/pt-pt\/produto\/tapetes-de-danca-duo\/\" \/>\n<meta property=\"og:locale\" content=\"pt_PT\" \/>\n<meta property=\"og:type\" content=\"article\" \/>\n<meta property=\"og:title\" content=\"Tapetes de dan\u00e7a Duo - Azur Scenic\" \/>\n<meta property=\"og:description\" content=\"Duo, o tapete de dan\u00e7a incontorn\u00e1vel da marca de topo de gama Harlequin O tapete de dan\u00e7a cl\u00e1ssico com um acabamento mate, classificado ign\u00edfugo Bfl-s1, ideal para equipar palcos e est\u00fadios de dan\u00e7a. Tapete bicolor revers\u00edvel, composto por duas camadas de PVC calandradas e antiderrapantes.\u00a0Pode ser usado em ambas as faces. De modo a melhor se adaptar \u00e0 configura\u00e7\u00e3o de cada espa\u00e7o, o nosso tapete est\u00e1 dispon\u00edvel em 2 larguras: 1,50 m\u00a0e 2 m. Para al\u00e9m das cores cl\u00e1ssicas, est\u00e1 tamb\u00e9m dispon\u00edvel em cores Chroma Key para inser\u00e7\u00e3o digital e em negro\/cinzento de proje\u00e7\u00e3o, para proje\u00e7\u00e3o de imagens. \u00a0  Largura: 150 e\u00a0200 cm Peso: 1600 g\/m\u00b2  Classifica\u00e7\u00e3o de rea\u00e7\u00e3o ao fogo: \u00a0 Bfl -S1 Composi\u00e7\u00e3o: 100% PVC\" \/>\n<meta property=\"og:url\" content=\"https:\/\/www.azur-scenic.com\/pt-pt\/produto\/tapetes-de-danca-duo\/\" \/>\n<meta property=\"og:site_name\" content=\"Azur Scenic\" \/>\n<meta property=\"article:modified_time\" content=\"2023-08-02T13:25:08+00:00\" \/>\n<meta property=\"og:image\" content=\"https:\/\/www.azur-scenic.com\/wp-content\/uploads\/Duo-noir-blanc.jpg\" \/>\n\t<meta property=\"og:image:width\" content=\"2560\" \/>\n\t<meta property=\"og:image:height\" content=\"2560\" \/>\n\t<meta property=\"og:image:type\" content=\"image\/jpeg\" \/>\n<meta name=\"twitter:card\" content=\"summary_large_image\" \/>\n<script type=\"application\/ld+json\" class=\"yoast-schema-graph\">{\"@context\":\"https:\\\/\\\/schema.org\",\"@graph\":[{\"@type\":\"WebPage\",\"@id\":\"https:\\\/\\\/www.azur-scenic.com\\\/pt-pt\\\/produto\\\/tapetes-de-danca-duo\\\/\",\"url\":\"https:\\\/\\\/www.azur-scenic.com\\\/pt-pt\\\/produto\\\/tapetes-de-danca-duo\\\/\",\"name\":\"Tapetes de dan\u00e7a Duo - Azur Scenic\",\"isPartOf\":{\"@id\":\"https:\\\/\\\/www.azur-scenic.com\\\/pt-pt\\\/#website\"},\"primaryImageOfPage\":{\"@id\":\"https:\\\/\\\/www.azur-scenic.com\\\/pt-pt\\\/produto\\\/tapetes-de-danca-duo\\\/#primaryimage\"},\"image\":{\"@id\":\"https:\\\/\\\/www.azur-scenic.com\\\/pt-pt\\\/produto\\\/tapetes-de-danca-duo\\\/#primaryimage\"},\"thumbnailUrl\":\"https:\\\/\\\/www.azur-scenic.com\\\/wp-content\\\/uploads\\\/Duo-noir-blanc.jpg\",\"datePublished\":\"2022-10-04T07:28:32+00:00\",\"dateModified\":\"2023-08-02T13:25:08+00:00\",\"breadcrumb\":{\"@id\":\"https:\\\/\\\/www.azur-scenic.com\\\/pt-pt\\\/produto\\\/tapetes-de-danca-duo\\\/#breadcrumb\"},\"inLanguage\":\"pt-PT\",\"potentialAction\":[{\"@type\":\"ReadAction\",\"target\":[\"https:\\\/\\\/www.azur-scenic.com\\\/pt-pt\\\/produto\\\/tapetes-de-danca-duo\\\/\"]}]},{\"@type\":\"ImageObject\",\"inLanguage\":\"pt-PT\",\"@id\":\"https:\\\/\\\/www.azur-scenic.com\\\/pt-pt\\\/produto\\\/tapetes-de-danca-duo\\\/#primaryimage\",\"url\":\"https:\\\/\\\/www.azur-scenic.com\\\/wp-content\\\/uploads\\\/Duo-noir-blanc.jpg\",\"contentUrl\":\"https:\\\/\\\/www.azur-scenic.com\\\/wp-content\\\/uploads\\\/Duo-noir-blanc.jpg\",\"width\":2560,\"height\":2560,\"caption\":\"Tapis de danse Duo r\u00e9versible coloris noir\\\/gris pour projection\"},{\"@type\":\"BreadcrumbList\",\"@id\":\"https:\\\/\\\/www.azur-scenic.com\\\/pt-pt\\\/produto\\\/tapetes-de-danca-duo\\\/#breadcrumb\",\"itemListElement\":[{\"@type\":\"ListItem\",\"position\":1,\"name\":\"Accueil\",\"item\":\"https:\\\/\\\/www.azur-scenic.com\\\/pt-pt\\\/\"},{\"@type\":\"ListItem\",\"position\":2,\"name\":\"Produits\",\"item\":\"https:\\\/\\\/www.azur-scenic.com\\\/pt-pt\\\/?page_id=21439\"},{\"@type\":\"ListItem\",\"position\":3,\"name\":\"Tapetes de dan\u00e7a Duo\"}]},{\"@type\":\"WebSite\",\"@id\":\"https:\\\/\\\/www.azur-scenic.com\\\/pt-pt\\\/#website\",\"url\":\"https:\\\/\\\/www.azur-scenic.com\\\/pt-pt\\\/\",\"name\":\"Azur Scenic\",\"description\":\"Sp\u00e9cialiste de l\u2019\u00e9quipement sc\u00e9nique et de la d\u00e9coration int\u00e9rieure et \u00e9v\u00e9nementielle !\",\"publisher\":{\"@id\":\"https:\\\/\\\/www.azur-scenic.com\\\/pt-pt\\\/#organization\"},\"potentialAction\":[{\"@type\":\"SearchAction\",\"target\":{\"@type\":\"EntryPoint\",\"urlTemplate\":\"https:\\\/\\\/www.azur-scenic.com\\\/pt-pt\\\/?s={search_term_string}\"},\"query-input\":{\"@type\":\"PropertyValueSpecification\",\"valueRequired\":true,\"valueName\":\"search_term_string\"}}],\"inLanguage\":\"pt-PT\"},{\"@type\":\"Organization\",\"@id\":\"https:\\\/\\\/www.azur-scenic.com\\\/pt-pt\\\/#organization\",\"name\":\"AZUR SCENIC\",\"url\":\"https:\\\/\\\/www.azur-scenic.com\\\/pt-pt\\\/\",\"logo\":{\"@type\":\"ImageObject\",\"inLanguage\":\"pt-PT\",\"@id\":\"https:\\\/\\\/www.azur-scenic.com\\\/pt-pt\\\/#\\\/schema\\\/logo\\\/image\\\/\",\"url\":\"https:\\\/\\\/www.azur-scenic.com\\\/wp-content\\\/uploads\\\/2022\\\/09\\\/LOGO-AZUR-SCENIC-Fusion-web-236x64-1.jpg\",\"contentUrl\":\"https:\\\/\\\/www.azur-scenic.com\\\/wp-content\\\/uploads\\\/2022\\\/09\\\/LOGO-AZUR-SCENIC-Fusion-web-236x64-1.jpg\",\"width\":236,\"height\":64,\"caption\":\"AZUR SCENIC\"},\"image\":{\"@id\":\"https:\\\/\\\/www.azur-scenic.com\\\/pt-pt\\\/#\\\/schema\\\/logo\\\/image\\\/\"},\"sameAs\":[\"https:\\\/\\\/www.youtube.com\\\/channel\\\/UCPWM2mGPVUt4nYhNlm71WOA\",\"https:\\\/\\\/www.linkedin.com\\\/company\\\/33237605\\\/admin\\\/feed\\\/posts\\\/\"]}]}<\/script>\n<!-- \/ Yoast SEO plugin. -->","yoast_head_json":{"title":"Tapetes de dan\u00e7a Duo - Azur Scenic","robots":{"index":"index","follow":"follow","max-snippet":"max-snippet:-1","max-image-preview":"max-image-preview:large","max-video-preview":"max-video-preview:-1"},"canonical":"https:\/\/www.azur-scenic.com\/pt-pt\/produto\/tapetes-de-danca-duo\/","og_locale":"pt_PT","og_type":"article","og_title":"Tapetes de dan\u00e7a Duo - Azur Scenic","og_description":"Duo, o tapete de dan\u00e7a incontorn\u00e1vel da marca de topo de gama Harlequin O tapete de dan\u00e7a cl\u00e1ssico com um acabamento mate, classificado ign\u00edfugo Bfl-s1, ideal para equipar palcos e est\u00fadios de dan\u00e7a. Tapete bicolor revers\u00edvel, composto por duas camadas de PVC calandradas e antiderrapantes.\u00a0Pode ser usado em ambas as faces. De modo a melhor se adaptar \u00e0 configura\u00e7\u00e3o de cada espa\u00e7o, o nosso tapete est\u00e1 dispon\u00edvel em 2 larguras: 1,50 m\u00a0e 2 m. Para al\u00e9m das cores cl\u00e1ssicas, est\u00e1 tamb\u00e9m dispon\u00edvel em cores Chroma Key para inser\u00e7\u00e3o digital e em negro\/cinzento de proje\u00e7\u00e3o, para proje\u00e7\u00e3o de imagens. \u00a0  Largura: 150 e\u00a0200 cm Peso: 1600 g\/m\u00b2  Classifica\u00e7\u00e3o de rea\u00e7\u00e3o ao fogo: \u00a0 Bfl -S1 Composi\u00e7\u00e3o: 100% PVC","og_url":"https:\/\/www.azur-scenic.com\/pt-pt\/produto\/tapetes-de-danca-duo\/","og_site_name":"Azur Scenic","article_modified_time":"2023-08-02T13:25:08+00:00","og_image":[{"width":2560,"height":2560,"url":"https:\/\/www.azur-scenic.com\/wp-content\/uploads\/Duo-noir-blanc.jpg","type":"image\/jpeg"}],"twitter_card":"summary_large_image","schema":{"@context":"https:\/\/schema.org","@graph":[{"@type":"WebPage","@id":"https:\/\/www.azur-scenic.com\/pt-pt\/produto\/tapetes-de-danca-duo\/","url":"https:\/\/www.azur-scenic.com\/pt-pt\/produto\/tapetes-de-danca-duo\/","name":"Tapetes de dan\u00e7a Duo - Azur Scenic","isPartOf":{"@id":"https:\/\/www.azur-scenic.com\/pt-pt\/#website"},"primaryImageOfPage":{"@id":"https:\/\/www.azur-scenic.com\/pt-pt\/produto\/tapetes-de-danca-duo\/#primaryimage"},"image":{"@id":"https:\/\/www.azur-scenic.com\/pt-pt\/produto\/tapetes-de-danca-duo\/#primaryimage"},"thumbnailUrl":"https:\/\/www.azur-scenic.com\/wp-content\/uploads\/Duo-noir-blanc.jpg","datePublished":"2022-10-04T07:28:32+00:00","dateModified":"2023-08-02T13:25:08+00:00","breadcrumb":{"@id":"https:\/\/www.azur-scenic.com\/pt-pt\/produto\/tapetes-de-danca-duo\/#breadcrumb"},"inLanguage":"pt-PT","potentialAction":[{"@type":"ReadAction","target":["https:\/\/www.azur-scenic.com\/pt-pt\/produto\/tapetes-de-danca-duo\/"]}]},{"@type":"ImageObject","inLanguage":"pt-PT","@id":"https:\/\/www.azur-scenic.com\/pt-pt\/produto\/tapetes-de-danca-duo\/#primaryimage","url":"https:\/\/www.azur-scenic.com\/wp-content\/uploads\/Duo-noir-blanc.jpg","contentUrl":"https:\/\/www.azur-scenic.com\/wp-content\/uploads\/Duo-noir-blanc.jpg","width":2560,"height":2560,"caption":"Tapis de danse Duo r\u00e9versible coloris noir\/gris pour projection"},{"@type":"BreadcrumbList","@id":"https:\/\/www.azur-scenic.com\/pt-pt\/produto\/tapetes-de-danca-duo\/#breadcrumb","itemListElement":[{"@type":"ListItem","position":1,"name":"Accueil","item":"https:\/\/www.azur-scenic.com\/pt-pt\/"},{"@type":"ListItem","position":2,"name":"Produits","item":"https:\/\/www.azur-scenic.com\/pt-pt\/?page_id=21439"},{"@type":"ListItem","position":3,"name":"Tapetes de dan\u00e7a Duo"}]},{"@type":"WebSite","@id":"https:\/\/www.azur-scenic.com\/pt-pt\/#website","url":"https:\/\/www.azur-scenic.com\/pt-pt\/","name":"Azur Scenic","description":"Sp\u00e9cialiste de l\u2019\u00e9quipement sc\u00e9nique et de la d\u00e9coration int\u00e9rieure et \u00e9v\u00e9nementielle !","publisher":{"@id":"https:\/\/www.azur-scenic.com\/pt-pt\/#organization"},"potentialAction":[{"@type":"SearchAction","target":{"@type":"EntryPoint","urlTemplate":"https:\/\/www.azur-scenic.com\/pt-pt\/?s={search_term_string}"},"query-input":{"@type":"PropertyValueSpecification","valueRequired":true,"valueName":"search_term_string"}}],"inLanguage":"pt-PT"},{"@type":"Organization","@id":"https:\/\/www.azur-scenic.com\/pt-pt\/#organization","name":"AZUR SCENIC","url":"https:\/\/www.azur-scenic.com\/pt-pt\/","logo":{"@type":"ImageObject","inLanguage":"pt-PT","@id":"https:\/\/www.azur-scenic.com\/pt-pt\/#\/schema\/logo\/image\/","url":"https:\/\/www.azur-scenic.com\/wp-content\/uploads\/2022\/09\/LOGO-AZUR-SCENIC-Fusion-web-236x64-1.jpg","contentUrl":"https:\/\/www.azur-scenic.com\/wp-content\/uploads\/2022\/09\/LOGO-AZUR-SCENIC-Fusion-web-236x64-1.jpg","width":236,"height":64,"caption":"AZUR SCENIC"},"image":{"@id":"https:\/\/www.azur-scenic.com\/pt-pt\/#\/schema\/logo\/image\/"},"sameAs":["https:\/\/www.youtube.com\/channel\/UCPWM2mGPVUt4nYhNlm71WOA","https:\/\/www.linkedin.com\/company\/33237605\/admin\/feed\/posts\/"]}]}},"_links":{"self":[{"href":"https:\/\/www.azur-scenic.com\/pt-pt\/wp-json\/wp\/v2\/product\/17327","targetHints":{"allow":["GET"]}}],"collection":[{"href":"https:\/\/www.azur-scenic.com\/pt-pt\/wp-json\/wp\/v2\/product"}],"about":[{"href":"https:\/\/www.azur-scenic.com\/pt-pt\/wp-json\/wp\/v2\/types\/product"}],"wp:featuredmedia":[{"embeddable":true,"href":"https:\/\/www.azur-scenic.com\/pt-pt\/wp-json\/wp\/v2\/media\/12684"}],"wp:attachment":[{"href":"https:\/\/www.azur-scenic.com\/pt-pt\/wp-json\/wp\/v2\/media?parent=17327"}],"wp:term":[{"taxonomy":"product_brand","embeddable":true,"href":"https:\/\/www.azur-scenic.com\/pt-pt\/wp-json\/wp\/v2\/product_brand?post=17327"},{"taxonomy":"product_cat","embeddable":true,"href":"https:\/\/www.azur-scenic.com\/pt-pt\/wp-json\/wp\/v2\/product_cat?post=17327"},{"taxonomy":"product_tag","embeddable":true,"href":"https:\/\/www.azur-scenic.com\/pt-pt\/wp-json\/wp\/v2\/product_tag?post=17327"}],"curies":[{"name":"wp","href":"https:\/\/api.w.org\/{rel}","templated":true}]}}