{"id":17362,"date":"2022-10-04T07:28:30","date_gmt":"2022-10-04T07:28:30","guid":{"rendered":"https:\/\/www.azur-scenic.com\/produit\/ecran-frontal-perfore\/"},"modified":"2023-08-02T13:21:40","modified_gmt":"2023-08-02T13:21:40","slug":"ecra-frontal-perfurado","status":"publish","type":"product","link":"https:\/\/www.azur-scenic.com\/pt-pt\/produto\/ecra-frontal-perfurado\/","title":{"rendered":"Ecr\u00e3 frontal Perfurado"},"content":{"rendered":"<table style=\"width: 602px;\">\n<thead>\n<tr>\n<th style=\"width: 170px;\">Dados t\u00e9cnicos<\/th>\n<th style=\"width: 201px;\">Valor<\/th>\n<th style=\"width: 202px;\">Coment\u00e1rio<\/th>\n<\/tr>\n<\/thead>\n<tbody>\n<tr>\n<td style=\"vertical-align: top;\">Largura<\/td>\n<td style=\"vertical-align: top; width: 201px;\">230 cm<\/td>\n<td style=\"vertical-align: top; width: 202px;\">\u00a0<\/td>\n<\/tr>\n<tr>\n<td style=\"vertical-align: top;\">Peso<\/td>\n<td style=\"vertical-align: top; width: 201px;\">410 g\/m\u00b2<\/td>\n<td style=\"vertical-align: top; width: 202px;\">\u00a0<\/td>\n<\/tr>\n<tr>\n<td style=\"vertical-align: top;\">Espessura<\/td>\n<td style=\"vertical-align: top; width: 201px;\">0,3 mm<\/td>\n<td style=\"vertical-align: top; width: 202px;\">\u00a0<\/td>\n<\/tr>\n<tr>\n<td style=\"vertical-align: top;\">Classifica\u00e7\u00e3o de rea\u00e7\u00e3o ao fogo<\/td>\n<td style=\"vertical-align: top; width: 201px;\"><img decoding=\"async\" style=\"height: 20px; width: 20px;\" src=\"https:\/\/www.azur-scenic.com\/wp-content\/uploads\/icon-flag-france.png?1542281963\" \/> M1<br \/>\n<img decoding=\"async\" style=\"height: 20px; width: 20px;\" src=\"https:\/\/www.azur-scenic.com\/wp-content\/uploads\/icon-flag-usa.png?1542281963\" \/>\u00a0Pass<\/td>\n<td style=\"vertical-align: top; width: 202px;\">Norma: NF P 92-503<\/td>\n<\/tr>\n<tr>\n<td style=\"vertical-align: top;\">Composi\u00e7\u00e3o<\/td>\n<td style=\"vertical-align: top; width: 201px;\">100% PVC<\/td>\n<td style=\"vertical-align: top; width: 202px;\">\u00a0<\/td>\n<\/tr>\n<tr>\n<td style=\"vertical-align: top;\">Comprimento do rolo<\/td>\n<td style=\"vertical-align: top; width: 201px;\">120 m<\/td>\n<td style=\"vertical-align: top; width: 202px;\">Possibilidade de venda a retalho<\/td>\n<\/tr>\n<\/tbody>\n<\/table>\n<p>\u00a0<\/p>\n<table>\n<thead>\n<tr>\n<th style=\"text-align: left; width: 150px;\">Perfura\u00e7\u00f5es<\/th>\n<th style=\"text-align: left; width: 189px;\">Valor<\/th>\n<th style=\"text-align: left; width: 187px;\">Coment\u00e1rio<\/th>\n<\/tr>\n<\/thead>\n<tbody>\n<tr>\n<td style=\"vertical-align: top; width: 150px;\">\u00d8 perfura\u00e7\u00f5es<\/td>\n<td style=\"vertical-align: top; width: 189px;\">1,3 mm<\/td>\n<td style=\"vertical-align: top; width: 187px;\">\u00a0<\/td>\n<\/tr>\n<tr>\n<td style=\"vertical-align: top; width: 150px;\">Coeficiente de abertura<\/td>\n<td style=\"vertical-align: top; width: 189px;\">4,70%<\/td>\n<td style=\"vertical-align: top; width: 187px;\">\u00a0<\/td>\n<\/tr>\n<tr>\n<td style=\"vertical-align: top; width: 150px;\">Recuo p\u00fablico aconselhado<\/td>\n<td style=\"vertical-align: top; width: 189px;\">3,70 m<\/td>\n<td style=\"vertical-align: top; width: 187px;\">\u00a0<\/td>\n<\/tr>\n<tr>\n<td style=\"vertical-align: top; width: 150px;\">Alongamento de rutura<\/td>\n<td style=\"vertical-align: top; width: 189px;\">Sentido m\u00e1quina: > 160%<br \/>\nSentido transversal: > 160%<\/td>\n<td style=\"vertical-align: top; width: 187px;\">Norma: NF EN ISO 527-3<\/td>\n<\/tr>\n<tr>\n<td style=\"vertical-align: top; width: 150px;\">Resist\u00eancia \u00e0 rutura<\/td>\n<td style=\"vertical-align: top; width: 189px;\">Sentido m\u00e1quina: > 12 MPa<br \/>\nSentido transversal: > 12 MPa<\/td>\n<td style=\"vertical-align: top; width: 187px;\">Norma: NF EN ISO 527-3<\/td>\n<\/tr>\n<\/tbody>\n<\/table>\n","protected":false},"excerpt":{"rendered":"<p>O ecr\u00e3 de <span style=\"color: #f88523;\"><strong>proje\u00e7\u00e3o frontal<\/strong><\/span> indispens\u00e1vel, na sua vers\u00e3o <span style=\"color: #f88523;\"><strong>perfurado<\/strong><\/span><span style=\"color: #f88523;\"><strong> transonoro<\/strong><\/span>, nas cores <span style=\"color: #f88523;\"><strong>branco mate \u00f3tico<\/strong><\/span>, com classifica\u00e7\u00e3o ign\u00edfugo <span style=\"color: #f88523;\"><strong>M1<\/strong><\/span>.<\/p>\n<p>Esta tela perfurada \u00e9 adequada para cria\u00e7\u00e3o de todos os tipos de ecr\u00e3s de <span style=\"color: #f88523;\"><strong>proje\u00e7\u00e3o frontal<\/strong><\/span>, tais como <span style=\"color: #f88523;\"><strong>ecr\u00e3s de cinema<\/strong><\/span> e a <span style=\"color: #f88523;\"><strong>cobertura de estruturas de eventos<\/strong><\/span> destinados \u00e0 proje\u00e7\u00e3o e posicionados em frente de fontes de difus\u00e3o sonora. (As perfura\u00e7\u00f5es desta tela conferem-lhe propriedades de <span style=\"color: #f88523;\"><strong>transpar\u00eancia ac\u00fastica<\/strong><\/span>).<\/p>\n<p>Durante o processo de fabrico, o nosso objetivo \u00e9 obter um aspeto perfeitamente homog\u00e9neo da superf\u00edcie, de modo a oferecer <span style=\"color: #f88523;\"><strong>propriedades \u00f3ticas otimizadas<\/strong><\/span>.<\/p>\n<p>Nas nossas oficinas, fazemos <span style=\"color: #f88523;\"><strong>soldaduras de montagem quase invis\u00edveis<\/strong><\/span> (ultrafinas e ultraplanas) para permitir que os nossos ecr\u00e3s <span style=\"color: #f88523;\"><strong>suspensos<\/strong><\/span>, esticados em <span style=\"color: #f88523;\"><strong>arma\u00e7\u00f5es<\/strong><\/span> ou montados em <span style=\"color: #f88523;\"><strong>enroladores motorizados<\/strong><\/span>.<\/p>\n<p>Esta tela 100% PVC \u00e9 <span style=\"color: #f88523;\"><strong>lav\u00e1vel<\/strong><\/span> e apropriada para utiliza\u00e7\u00e3o interior e <span style=\"color: #f88523;\"><strong>exterior<\/strong><\/span>.<br \/>\nAs suas perfura\u00e7\u00f5es conferem-lhe uma determinada <span style=\"color: #f88523;\"><strong>permeabilidade ao ar<\/strong><\/span>, e consequentemente um melhor comportamento num ambiente com vento.<\/p>\n<p>\u00a0<\/p>\n<table class=\"table\" style=\"width: 560px;\">\n<tbody>\n<tr>\n<td style=\"width: 294px;\"><strong>Largura<\/strong>: 230 cm<\/td>\n<td style=\"width: 246px;\"><strong>Peso<\/strong>: 410 g\/m\u00b2<\/td>\n<\/tr>\n<tr>\n<td style=\"width: 294px;\"><strong>Classifica\u00e7\u00e3o de rea\u00e7\u00e3o ao fogo<\/strong>:\u00a0\u00a0<img decoding=\"async\" style=\"height: 20px; width: 20px;\" src=\"https:\/\/www.azur-scenic.com\/wp-content\/uploads\/icon-flag-france.png?1542281963\" \/> M1\u00a0\u00a0<img decoding=\"async\" style=\"height: 20px; width: 20px;\" src=\"https:\/\/www.azur-scenic.com\/wp-content\/uploads\/icon-flag-usa.png?1542281963\" \/>\u00a0Pass<\/td>\n<td style=\"width: 246px;\"><strong>Composi\u00e7\u00e3o<\/strong>: 100% PVC<\/td>\n<\/tr>\n<\/tbody>\n<\/table>\n","protected":false},"featured_media":8476,"template":"","meta":{"_acf_changed":false},"product_brand":[],"product_cat":[921,1204,1205],"product_tag":[],"class_list":{"0":"post-17362","1":"product","2":"type-product","3":"status-publish","4":"has-post-thumbnail","6":"product_cat-todos-os-produtos","7":"product_cat-ecras-de-projecao-e-telas-em-pvc","8":"product_cat-telas-para-projecao-frontal","9":"pa_couleurs-2243-002-branco-perfurado","10":"pa_groupes-de-couleurs-branco","11":"pa_textiles-adaptado-para-exterior","12":"pa_textiles-classificacao-de-reacao-ao-fogo-ignifugo","13":"pa_textiles-lavavel","14":"pa_textiles-permeavel-ao-vento","15":"pa_textiles-projecao-frontal","16":"pa_textiles-transparencia-acustica","18":"first","19":"instock","20":"shipping-taxable","21":"purchasable","22":"product-type-simple"},"acf":[],"yoast_head":"<!-- This site is optimized with the Yoast SEO plugin v27.3 - https:\/\/yoast.com\/product\/yoast-seo-wordpress\/ -->\n<title>Ecr\u00e3 frontal Perfurado - Azur Scenic<\/title>\n<meta name=\"robots\" content=\"index, follow, max-snippet:-1, max-image-preview:large, max-video-preview:-1\" \/>\n<link rel=\"canonical\" href=\"https:\/\/www.azur-scenic.com\/pt-pt\/produto\/ecra-frontal-perfurado\/\" \/>\n<meta property=\"og:locale\" content=\"pt_PT\" \/>\n<meta property=\"og:type\" content=\"article\" \/>\n<meta property=\"og:title\" content=\"Ecr\u00e3 frontal Perfurado - Azur Scenic\" \/>\n<meta property=\"og:description\" content=\"O ecr\u00e3 de proje\u00e7\u00e3o frontal indispens\u00e1vel, na sua vers\u00e3o perfurado transonoro, nas cores branco mate \u00f3tico, com classifica\u00e7\u00e3o ign\u00edfugo M1. Esta tela perfurada \u00e9 adequada para cria\u00e7\u00e3o de todos os tipos de ecr\u00e3s de proje\u00e7\u00e3o frontal, tais como ecr\u00e3s de cinema e a cobertura de estruturas de eventos destinados \u00e0 proje\u00e7\u00e3o e posicionados em frente de fontes de difus\u00e3o sonora. (As perfura\u00e7\u00f5es desta tela conferem-lhe propriedades de transpar\u00eancia ac\u00fastica). Durante o processo de fabrico, o nosso objetivo \u00e9 obter um aspeto perfeitamente homog\u00e9neo da superf\u00edcie, de modo a oferecer propriedades \u00f3ticas otimizadas. Nas nossas oficinas, fazemos soldaduras de montagem quase invis\u00edveis (ultrafinas e ultraplanas) para permitir que os nossos ecr\u00e3s suspensos, esticados em arma\u00e7\u00f5es ou montados em enroladores motorizados. Esta tela 100% PVC \u00e9 lav\u00e1vel e apropriada para utiliza\u00e7\u00e3o interior e exterior. As suas perfura\u00e7\u00f5es conferem-lhe uma determinada permeabilidade ao ar, e consequentemente um melhor comportamento num ambiente com vento. \u00a0  Largura: 230 cm Peso: 410 g\/m\u00b2  Classifica\u00e7\u00e3o de rea\u00e7\u00e3o ao fogo:\u00a0\u00a0 M1\u00a0\u00a0\u00a0Pass Composi\u00e7\u00e3o: 100% PVC\" \/>\n<meta property=\"og:url\" content=\"https:\/\/www.azur-scenic.com\/pt-pt\/produto\/ecra-frontal-perfurado\/\" \/>\n<meta property=\"og:site_name\" content=\"Azur Scenic\" \/>\n<meta property=\"article:modified_time\" content=\"2023-08-02T13:21:40+00:00\" \/>\n<meta property=\"og:image\" content=\"https:\/\/www.azur-scenic.com\/wp-content\/uploads\/c8153b43298ffb281f3e78e4bbe0a7c1.jpg\" \/>\n\t<meta property=\"og:image:width\" content=\"1200\" \/>\n\t<meta property=\"og:image:height\" content=\"1200\" \/>\n\t<meta property=\"og:image:type\" content=\"image\/jpeg\" \/>\n<meta name=\"twitter:card\" content=\"summary_large_image\" \/>\n<script type=\"application\/ld+json\" class=\"yoast-schema-graph\">{\"@context\":\"https:\\\/\\\/schema.org\",\"@graph\":[{\"@type\":\"WebPage\",\"@id\":\"https:\\\/\\\/www.azur-scenic.com\\\/pt-pt\\\/produto\\\/ecra-frontal-perfurado\\\/\",\"url\":\"https:\\\/\\\/www.azur-scenic.com\\\/pt-pt\\\/produto\\\/ecra-frontal-perfurado\\\/\",\"name\":\"Ecr\u00e3 frontal Perfurado - Azur Scenic\",\"isPartOf\":{\"@id\":\"https:\\\/\\\/www.azur-scenic.com\\\/pt-pt\\\/#website\"},\"primaryImageOfPage\":{\"@id\":\"https:\\\/\\\/www.azur-scenic.com\\\/pt-pt\\\/produto\\\/ecra-frontal-perfurado\\\/#primaryimage\"},\"image\":{\"@id\":\"https:\\\/\\\/www.azur-scenic.com\\\/pt-pt\\\/produto\\\/ecra-frontal-perfurado\\\/#primaryimage\"},\"thumbnailUrl\":\"https:\\\/\\\/www.azur-scenic.com\\\/wp-content\\\/uploads\\\/c8153b43298ffb281f3e78e4bbe0a7c1.jpg\",\"datePublished\":\"2022-10-04T07:28:30+00:00\",\"dateModified\":\"2023-08-02T13:21:40+00:00\",\"breadcrumb\":{\"@id\":\"https:\\\/\\\/www.azur-scenic.com\\\/pt-pt\\\/produto\\\/ecra-frontal-perfurado\\\/#breadcrumb\"},\"inLanguage\":\"pt-PT\",\"potentialAction\":[{\"@type\":\"ReadAction\",\"target\":[\"https:\\\/\\\/www.azur-scenic.com\\\/pt-pt\\\/produto\\\/ecra-frontal-perfurado\\\/\"]}]},{\"@type\":\"ImageObject\",\"inLanguage\":\"pt-PT\",\"@id\":\"https:\\\/\\\/www.azur-scenic.com\\\/pt-pt\\\/produto\\\/ecra-frontal-perfurado\\\/#primaryimage\",\"url\":\"https:\\\/\\\/www.azur-scenic.com\\\/wp-content\\\/uploads\\\/c8153b43298ffb281f3e78e4bbe0a7c1.jpg\",\"contentUrl\":\"https:\\\/\\\/www.azur-scenic.com\\\/wp-content\\\/uploads\\\/c8153b43298ffb281f3e78e4bbe0a7c1.jpg\",\"width\":1200,\"height\":1200},{\"@type\":\"BreadcrumbList\",\"@id\":\"https:\\\/\\\/www.azur-scenic.com\\\/pt-pt\\\/produto\\\/ecra-frontal-perfurado\\\/#breadcrumb\",\"itemListElement\":[{\"@type\":\"ListItem\",\"position\":1,\"name\":\"Accueil\",\"item\":\"https:\\\/\\\/www.azur-scenic.com\\\/pt-pt\\\/\"},{\"@type\":\"ListItem\",\"position\":2,\"name\":\"Produits\",\"item\":\"https:\\\/\\\/www.azur-scenic.com\\\/pt-pt\\\/?page_id=21439\"},{\"@type\":\"ListItem\",\"position\":3,\"name\":\"Ecr\u00e3 frontal Perfurado\"}]},{\"@type\":\"WebSite\",\"@id\":\"https:\\\/\\\/www.azur-scenic.com\\\/pt-pt\\\/#website\",\"url\":\"https:\\\/\\\/www.azur-scenic.com\\\/pt-pt\\\/\",\"name\":\"Azur Scenic\",\"description\":\"Sp\u00e9cialiste de l\u2019\u00e9quipement sc\u00e9nique et de la d\u00e9coration int\u00e9rieure et \u00e9v\u00e9nementielle !\",\"publisher\":{\"@id\":\"https:\\\/\\\/www.azur-scenic.com\\\/pt-pt\\\/#organization\"},\"potentialAction\":[{\"@type\":\"SearchAction\",\"target\":{\"@type\":\"EntryPoint\",\"urlTemplate\":\"https:\\\/\\\/www.azur-scenic.com\\\/pt-pt\\\/?s={search_term_string}\"},\"query-input\":{\"@type\":\"PropertyValueSpecification\",\"valueRequired\":true,\"valueName\":\"search_term_string\"}}],\"inLanguage\":\"pt-PT\"},{\"@type\":\"Organization\",\"@id\":\"https:\\\/\\\/www.azur-scenic.com\\\/pt-pt\\\/#organization\",\"name\":\"AZUR SCENIC\",\"url\":\"https:\\\/\\\/www.azur-scenic.com\\\/pt-pt\\\/\",\"logo\":{\"@type\":\"ImageObject\",\"inLanguage\":\"pt-PT\",\"@id\":\"https:\\\/\\\/www.azur-scenic.com\\\/pt-pt\\\/#\\\/schema\\\/logo\\\/image\\\/\",\"url\":\"https:\\\/\\\/www.azur-scenic.com\\\/wp-content\\\/uploads\\\/2022\\\/09\\\/LOGO-AZUR-SCENIC-Fusion-web-236x64-1.jpg\",\"contentUrl\":\"https:\\\/\\\/www.azur-scenic.com\\\/wp-content\\\/uploads\\\/2022\\\/09\\\/LOGO-AZUR-SCENIC-Fusion-web-236x64-1.jpg\",\"width\":236,\"height\":64,\"caption\":\"AZUR SCENIC\"},\"image\":{\"@id\":\"https:\\\/\\\/www.azur-scenic.com\\\/pt-pt\\\/#\\\/schema\\\/logo\\\/image\\\/\"},\"sameAs\":[\"https:\\\/\\\/www.youtube.com\\\/channel\\\/UCPWM2mGPVUt4nYhNlm71WOA\",\"https:\\\/\\\/www.linkedin.com\\\/company\\\/33237605\\\/admin\\\/feed\\\/posts\\\/\"]}]}<\/script>\n<!-- \/ Yoast SEO plugin. -->","yoast_head_json":{"title":"Ecr\u00e3 frontal Perfurado - Azur Scenic","robots":{"index":"index","follow":"follow","max-snippet":"max-snippet:-1","max-image-preview":"max-image-preview:large","max-video-preview":"max-video-preview:-1"},"canonical":"https:\/\/www.azur-scenic.com\/pt-pt\/produto\/ecra-frontal-perfurado\/","og_locale":"pt_PT","og_type":"article","og_title":"Ecr\u00e3 frontal Perfurado - Azur Scenic","og_description":"O ecr\u00e3 de proje\u00e7\u00e3o frontal indispens\u00e1vel, na sua vers\u00e3o perfurado transonoro, nas cores branco mate \u00f3tico, com classifica\u00e7\u00e3o ign\u00edfugo M1. Esta tela perfurada \u00e9 adequada para cria\u00e7\u00e3o de todos os tipos de ecr\u00e3s de proje\u00e7\u00e3o frontal, tais como ecr\u00e3s de cinema e a cobertura de estruturas de eventos destinados \u00e0 proje\u00e7\u00e3o e posicionados em frente de fontes de difus\u00e3o sonora. (As perfura\u00e7\u00f5es desta tela conferem-lhe propriedades de transpar\u00eancia ac\u00fastica). Durante o processo de fabrico, o nosso objetivo \u00e9 obter um aspeto perfeitamente homog\u00e9neo da superf\u00edcie, de modo a oferecer propriedades \u00f3ticas otimizadas. Nas nossas oficinas, fazemos soldaduras de montagem quase invis\u00edveis (ultrafinas e ultraplanas) para permitir que os nossos ecr\u00e3s suspensos, esticados em arma\u00e7\u00f5es ou montados em enroladores motorizados. Esta tela 100% PVC \u00e9 lav\u00e1vel e apropriada para utiliza\u00e7\u00e3o interior e exterior. As suas perfura\u00e7\u00f5es conferem-lhe uma determinada permeabilidade ao ar, e consequentemente um melhor comportamento num ambiente com vento. \u00a0  Largura: 230 cm Peso: 410 g\/m\u00b2  Classifica\u00e7\u00e3o de rea\u00e7\u00e3o ao fogo:\u00a0\u00a0 M1\u00a0\u00a0\u00a0Pass Composi\u00e7\u00e3o: 100% PVC","og_url":"https:\/\/www.azur-scenic.com\/pt-pt\/produto\/ecra-frontal-perfurado\/","og_site_name":"Azur Scenic","article_modified_time":"2023-08-02T13:21:40+00:00","og_image":[{"width":1200,"height":1200,"url":"https:\/\/www.azur-scenic.com\/wp-content\/uploads\/c8153b43298ffb281f3e78e4bbe0a7c1.jpg","type":"image\/jpeg"}],"twitter_card":"summary_large_image","schema":{"@context":"https:\/\/schema.org","@graph":[{"@type":"WebPage","@id":"https:\/\/www.azur-scenic.com\/pt-pt\/produto\/ecra-frontal-perfurado\/","url":"https:\/\/www.azur-scenic.com\/pt-pt\/produto\/ecra-frontal-perfurado\/","name":"Ecr\u00e3 frontal Perfurado - Azur Scenic","isPartOf":{"@id":"https:\/\/www.azur-scenic.com\/pt-pt\/#website"},"primaryImageOfPage":{"@id":"https:\/\/www.azur-scenic.com\/pt-pt\/produto\/ecra-frontal-perfurado\/#primaryimage"},"image":{"@id":"https:\/\/www.azur-scenic.com\/pt-pt\/produto\/ecra-frontal-perfurado\/#primaryimage"},"thumbnailUrl":"https:\/\/www.azur-scenic.com\/wp-content\/uploads\/c8153b43298ffb281f3e78e4bbe0a7c1.jpg","datePublished":"2022-10-04T07:28:30+00:00","dateModified":"2023-08-02T13:21:40+00:00","breadcrumb":{"@id":"https:\/\/www.azur-scenic.com\/pt-pt\/produto\/ecra-frontal-perfurado\/#breadcrumb"},"inLanguage":"pt-PT","potentialAction":[{"@type":"ReadAction","target":["https:\/\/www.azur-scenic.com\/pt-pt\/produto\/ecra-frontal-perfurado\/"]}]},{"@type":"ImageObject","inLanguage":"pt-PT","@id":"https:\/\/www.azur-scenic.com\/pt-pt\/produto\/ecra-frontal-perfurado\/#primaryimage","url":"https:\/\/www.azur-scenic.com\/wp-content\/uploads\/c8153b43298ffb281f3e78e4bbe0a7c1.jpg","contentUrl":"https:\/\/www.azur-scenic.com\/wp-content\/uploads\/c8153b43298ffb281f3e78e4bbe0a7c1.jpg","width":1200,"height":1200},{"@type":"BreadcrumbList","@id":"https:\/\/www.azur-scenic.com\/pt-pt\/produto\/ecra-frontal-perfurado\/#breadcrumb","itemListElement":[{"@type":"ListItem","position":1,"name":"Accueil","item":"https:\/\/www.azur-scenic.com\/pt-pt\/"},{"@type":"ListItem","position":2,"name":"Produits","item":"https:\/\/www.azur-scenic.com\/pt-pt\/?page_id=21439"},{"@type":"ListItem","position":3,"name":"Ecr\u00e3 frontal Perfurado"}]},{"@type":"WebSite","@id":"https:\/\/www.azur-scenic.com\/pt-pt\/#website","url":"https:\/\/www.azur-scenic.com\/pt-pt\/","name":"Azur Scenic","description":"Sp\u00e9cialiste de l\u2019\u00e9quipement sc\u00e9nique et de la d\u00e9coration int\u00e9rieure et \u00e9v\u00e9nementielle !","publisher":{"@id":"https:\/\/www.azur-scenic.com\/pt-pt\/#organization"},"potentialAction":[{"@type":"SearchAction","target":{"@type":"EntryPoint","urlTemplate":"https:\/\/www.azur-scenic.com\/pt-pt\/?s={search_term_string}"},"query-input":{"@type":"PropertyValueSpecification","valueRequired":true,"valueName":"search_term_string"}}],"inLanguage":"pt-PT"},{"@type":"Organization","@id":"https:\/\/www.azur-scenic.com\/pt-pt\/#organization","name":"AZUR SCENIC","url":"https:\/\/www.azur-scenic.com\/pt-pt\/","logo":{"@type":"ImageObject","inLanguage":"pt-PT","@id":"https:\/\/www.azur-scenic.com\/pt-pt\/#\/schema\/logo\/image\/","url":"https:\/\/www.azur-scenic.com\/wp-content\/uploads\/2022\/09\/LOGO-AZUR-SCENIC-Fusion-web-236x64-1.jpg","contentUrl":"https:\/\/www.azur-scenic.com\/wp-content\/uploads\/2022\/09\/LOGO-AZUR-SCENIC-Fusion-web-236x64-1.jpg","width":236,"height":64,"caption":"AZUR SCENIC"},"image":{"@id":"https:\/\/www.azur-scenic.com\/pt-pt\/#\/schema\/logo\/image\/"},"sameAs":["https:\/\/www.youtube.com\/channel\/UCPWM2mGPVUt4nYhNlm71WOA","https:\/\/www.linkedin.com\/company\/33237605\/admin\/feed\/posts\/"]}]}},"_links":{"self":[{"href":"https:\/\/www.azur-scenic.com\/pt-pt\/wp-json\/wp\/v2\/product\/17362","targetHints":{"allow":["GET"]}}],"collection":[{"href":"https:\/\/www.azur-scenic.com\/pt-pt\/wp-json\/wp\/v2\/product"}],"about":[{"href":"https:\/\/www.azur-scenic.com\/pt-pt\/wp-json\/wp\/v2\/types\/product"}],"wp:featuredmedia":[{"embeddable":true,"href":"https:\/\/www.azur-scenic.com\/pt-pt\/wp-json\/wp\/v2\/media\/8476"}],"wp:attachment":[{"href":"https:\/\/www.azur-scenic.com\/pt-pt\/wp-json\/wp\/v2\/media?parent=17362"}],"wp:term":[{"taxonomy":"product_brand","embeddable":true,"href":"https:\/\/www.azur-scenic.com\/pt-pt\/wp-json\/wp\/v2\/product_brand?post=17362"},{"taxonomy":"product_cat","embeddable":true,"href":"https:\/\/www.azur-scenic.com\/pt-pt\/wp-json\/wp\/v2\/product_cat?post=17362"},{"taxonomy":"product_tag","embeddable":true,"href":"https:\/\/www.azur-scenic.com\/pt-pt\/wp-json\/wp\/v2\/product_tag?post=17362"}],"curies":[{"name":"wp","href":"https:\/\/api.w.org\/{rel}","templated":true}]}}