{"id":17370,"date":"2022-10-04T07:28:29","date_gmt":"2022-10-04T07:28:29","guid":{"rendered":"https:\/\/www.azur-scenic.com\/produit\/serge-absorber-cs\/"},"modified":"2023-08-02T13:24:13","modified_gmt":"2023-08-02T13:24:13","slug":"sarja-absorber-cs","status":"publish","type":"product","link":"https:\/\/www.azur-scenic.com\/pt-pt\/produto\/sarja-absorber-cs\/","title":{"rendered":"Sarja Absorber CS"},"content":{"rendered":"<table>\n<thead>\n<tr>\n<th style=\"height: 15px; width: 193px;\">Dados t\u00e9cnicos<\/th>\n<th style=\"height: 15px; width: 137px;\">Valor<\/th>\n<th style=\"height: 15px; width: 198px;\">Coment\u00e1rio<\/th>\n<\/tr>\n<\/thead>\n<tbody>\n<tr>\n<td style=\"height: 15px; vertical-align: top; width: 193px;\">Largura<\/td>\n<td style=\"height: 15px; vertical-align: top; width: 137px;\">300 cm<\/td>\n<td style=\"height: 15px; vertical-align: top; width: 198px;\">\u00a0<\/td>\n<\/tr>\n<tr>\n<td style=\"height: 15px; vertical-align: top; width: 193px;\">Peso<\/td>\n<td style=\"height: 15px; vertical-align: top; width: 137px;\">500 g\/m\u00b2<\/td>\n<td style=\"height: 15px; vertical-align: top; width: 198px;\">\u00a0<\/td>\n<\/tr>\n<tr>\n<td style=\"height: 15px; vertical-align: top; width: 193px;\">Espessura<\/td>\n<td style=\"height: 15px; vertical-align: top; width: 137px;\">2,3 mm<\/td>\n<td style=\"height: 15px; vertical-align: top; width: 198px;\">\u00a0<\/td>\n<\/tr>\n<tr>\n<td style=\"height: 43px; vertical-align: top; width: 193px;\">Classifica\u00e7\u00e3o de rea\u00e7\u00e3o ao fogo<\/td>\n<td style=\"height: 43px; vertical-align: top; width: 137px;\"><img decoding=\"async\" style=\"height: 20px; width: 20px;\" src=\"https:\/\/www.azur-scenic.com\/wp-content\/uploads\/csm_icon-flag-france_3304e5e3f9.png\" \/> M2<br \/>\n<img decoding=\"async\" style=\"height: 20px; width: 20px;\" src=\"https:\/\/www.azur-scenic.com\/wp-content\/uploads\/icon-flag-allemagne.png\" \/> B1<\/td>\n<td style=\"height: 43px; vertical-align: top; width: 198px;\">Norma: NF P 92-503<br \/>\nNorma: DIN 4102-1<\/td>\n<\/tr>\n<tr>\n<td style=\"height: 15px; vertical-align: top; width: 193px;\">Composi\u00e7\u00e3o<\/td>\n<td style=\"height: 15px; vertical-align: top; width: 137px;\">100% Poli\u00e9ster FR<\/td>\n<td style=\"height: 15px; vertical-align: top; width: 198px;\">\u00a0<\/td>\n<\/tr>\n<tr>\n<td style=\"height: 15px; vertical-align: top; width: 193px;\">Comprimento das pe\u00e7as<\/td>\n<td style=\"height: 15px; vertical-align: top; width: 137px;\">30 m (fardos)<\/td>\n<td style=\"height: 15px; vertical-align: top; width: 198px;\">Possibilidade de venda a retalho<\/td>\n<\/tr>\n<tr>\n<td style=\"height: 76.3333px; vertical-align: top; width: 193px;\">Propriedades ac\u00fasticas<br \/>\nWSAC<br \/>\nSAC<br \/>\nNRC<br \/>\nSAA<\/td>\n<td style=\"height: 76.3333px; vertical-align: top; width: 137px;\">1 \u03b1w<br \/>\nA <span style=\"font-size: 13px;\">(absor\u00e7\u00e3o extrema)<\/span><br \/>\n0,95<br \/>\n0,94<\/td>\n<td style=\"height: 76.3333px; vertical-align: top; width: 198px;\">Normas:<br \/>\nISO 354 &#8211; ISO 11654 &#8211; ASTM C423<\/td>\n<\/tr>\n<\/tbody>\n<\/table>\n<p>\u00a0<\/p><\/p>\n","protected":false},"excerpt":{"rendered":"<p>O t\u00eaxtil de <strong><span style=\"color: #f88523;\">absor\u00e7\u00e3o ac\u00fastica<\/span><\/strong> de \u00faltima gera\u00e7\u00e3o, intrinsecamente de rea\u00e7\u00e3o ao fogo <strong><span style=\"color: #f88523;\">(ign\u00edfugo)<\/span><\/strong>, perfeito para <span style=\"color: #f88523;\"><strong>dominar o ambiente sonoro<\/strong><\/span> em todo o tipo de locais.<br \/>\nEste moletom espesso com um aspeto cardado nas duas faces, imita com perfei\u00e7\u00e3o o <span style=\"color: #f88523;\"><strong>aspeto<\/strong><\/span> de uma <span style=\"color: #f88523;\"><strong>faustosa sarja de l\u00e3<\/strong><\/span> de cor <span style=\"color: #f88523;\"><strong>negro profundo<\/strong><\/span>.<br \/>\n100% Poli\u00e9ster FR, <span style=\"color: #f88523;\"><strong>lav\u00e1vel<\/strong><\/span> e particularmente <span style=\"color: #f88523;\"><strong>resistente<\/strong><\/span>. Pode ser usado tanto em interiores como em <span style=\"color: #f88523;\"><strong>exteriores<\/strong><\/span>.<br \/>\nExtremamente popular para a cria\u00e7\u00e3o de <strong><span style=\"color: #f88523;\">cortinas ac\u00fasticas altamente absorventes<\/span><\/strong>, tamb\u00e9m pode ser utilizada para confecionar <span style=\"color: #f88523;\"><strong>cortinas de divis\u00e3o ou separa\u00e7\u00e3o<\/strong><\/span>, cortinas de palco e cen\u00e1rio, forros ou mesmo ser esticada para revestimentos de parede.<br \/>\nCompletamente <strong><span style=\"color: #f88523;\">opaca<\/span><\/strong>, a Sarja Absorber CS tamb\u00e9m pode ser empregada para a cria\u00e7\u00e3o de <strong><span style=\"color: #f88523;\">caixas negras<\/span><\/strong>.<\/p>\n<table class=\"table\" style=\"background: #f7f7f7;\">\n<tbody>\n<tr>\n<td><strong>Largura<\/strong>: 300 cm<\/td>\n<td><strong>Peso<\/strong>: 500 g\/m\u00b2<\/td>\n<\/tr>\n<tr>\n<td><strong>Classifica\u00e7\u00e3o de rea\u00e7\u00e3o ao fogo<\/strong>: <img decoding=\"async\" style=\"height: 20px; width: 20px;\" src=\"https:\/\/www.azur-scenic.com\/wp-content\/uploads\/csm_icon-flag-france_3304e5e3f9.png\" \/> M2 <img decoding=\"async\" style=\"height: 20px; width: 20px;\" src=\"https:\/\/www.azur-scenic.com\/wp-content\/uploads\/icon-flag-allemagne.png\" \/> B1<\/td>\n<td style=\"vertical-align: top;\"><strong>Composi\u00e7\u00e3o<\/strong>: 100% Poli\u00e9ster FR<\/td>\n<\/tr>\n<\/tbody>\n<\/table>\n","protected":false},"featured_media":14958,"template":"","meta":{"_acf_changed":false},"product_brand":[],"product_cat":[921,916,919,986,987,984,985],"product_tag":[],"class_list":{"0":"post-17370","1":"product","2":"type-product","3":"status-publish","4":"has-post-thumbnail","6":"product_cat-todos-os-produtos","7":"product_cat-texteis-cenicos-e-para-eventos","8":"product_cat-ocultantes-blackout","9":"product_cat-tecidos-de-decoracao","10":"product_cat-telas-e-tecidos-penteados","11":"product_cat-solucoes-acusticas","12":"product_cat-absorcao-acustica","13":"pa_couleurs-003-negro","14":"pa_groupes-de-couleurs-negro","15":"pa_textiles-absorvente-acustico","16":"pa_textiles-adaptado-para-exterior","17":"pa_textiles-classificacao-de-reacao-ao-fogo-ignifugo","18":"pa_textiles-lavavel","19":"pa_textiles-ocultante-blackout-e-ou-obscurecedor","21":"first","22":"instock","23":"shipping-taxable","24":"purchasable","25":"product-type-simple"},"acf":[],"yoast_head":"<!-- This site is optimized with the Yoast SEO plugin v27.3 - https:\/\/yoast.com\/product\/yoast-seo-wordpress\/ -->\n<title>Sarja Absorber CS - Azur Scenic<\/title>\n<meta name=\"robots\" content=\"index, follow, max-snippet:-1, max-image-preview:large, max-video-preview:-1\" \/>\n<link rel=\"canonical\" href=\"https:\/\/www.azur-scenic.com\/pt-pt\/produto\/sarja-absorber-cs\/\" \/>\n<meta property=\"og:locale\" content=\"pt_PT\" \/>\n<meta property=\"og:type\" content=\"article\" \/>\n<meta property=\"og:title\" content=\"Sarja Absorber CS - Azur Scenic\" \/>\n<meta property=\"og:description\" content=\"O t\u00eaxtil de absor\u00e7\u00e3o ac\u00fastica de \u00faltima gera\u00e7\u00e3o, intrinsecamente de rea\u00e7\u00e3o ao fogo (ign\u00edfugo), perfeito para dominar o ambiente sonoro em todo o tipo de locais. Este moletom espesso com um aspeto cardado nas duas faces, imita com perfei\u00e7\u00e3o o aspeto de uma faustosa sarja de l\u00e3 de cor negro profundo. 100% Poli\u00e9ster FR, lav\u00e1vel e particularmente resistente. Pode ser usado tanto em interiores como em exteriores. Extremamente popular para a cria\u00e7\u00e3o de cortinas ac\u00fasticas altamente absorventes, tamb\u00e9m pode ser utilizada para confecionar cortinas de divis\u00e3o ou separa\u00e7\u00e3o, cortinas de palco e cen\u00e1rio, forros ou mesmo ser esticada para revestimentos de parede. Completamente opaca, a Sarja Absorber CS tamb\u00e9m pode ser empregada para a cria\u00e7\u00e3o de caixas negras.  Largura: 300 cm Peso: 500 g\/m\u00b2  Classifica\u00e7\u00e3o de rea\u00e7\u00e3o ao fogo: M2 B1 Composi\u00e7\u00e3o: 100% Poli\u00e9ster FR\" \/>\n<meta property=\"og:url\" content=\"https:\/\/www.azur-scenic.com\/pt-pt\/produto\/sarja-absorber-cs\/\" \/>\n<meta property=\"og:site_name\" content=\"Azur Scenic\" \/>\n<meta property=\"article:modified_time\" content=\"2023-08-02T13:24:13+00:00\" \/>\n<meta property=\"og:image\" content=\"https:\/\/www.azur-scenic.com\/wp-content\/uploads\/SERGE-ABSORBER-CS-scaled.jpg\" \/>\n\t<meta property=\"og:image:width\" content=\"2560\" \/>\n\t<meta property=\"og:image:height\" content=\"2560\" \/>\n\t<meta property=\"og:image:type\" content=\"image\/jpeg\" \/>\n<meta name=\"twitter:card\" content=\"summary_large_image\" \/>\n<script type=\"application\/ld+json\" class=\"yoast-schema-graph\">{\"@context\":\"https:\\\/\\\/schema.org\",\"@graph\":[{\"@type\":\"WebPage\",\"@id\":\"https:\\\/\\\/www.azur-scenic.com\\\/pt-pt\\\/produto\\\/sarja-absorber-cs\\\/\",\"url\":\"https:\\\/\\\/www.azur-scenic.com\\\/pt-pt\\\/produto\\\/sarja-absorber-cs\\\/\",\"name\":\"Sarja Absorber CS - Azur Scenic\",\"isPartOf\":{\"@id\":\"https:\\\/\\\/www.azur-scenic.com\\\/pt-pt\\\/#website\"},\"primaryImageOfPage\":{\"@id\":\"https:\\\/\\\/www.azur-scenic.com\\\/pt-pt\\\/produto\\\/sarja-absorber-cs\\\/#primaryimage\"},\"image\":{\"@id\":\"https:\\\/\\\/www.azur-scenic.com\\\/pt-pt\\\/produto\\\/sarja-absorber-cs\\\/#primaryimage\"},\"thumbnailUrl\":\"https:\\\/\\\/www.azur-scenic.com\\\/wp-content\\\/uploads\\\/SERGE-ABSORBER-CS-scaled.jpg\",\"datePublished\":\"2022-10-04T07:28:29+00:00\",\"dateModified\":\"2023-08-02T13:24:13+00:00\",\"breadcrumb\":{\"@id\":\"https:\\\/\\\/www.azur-scenic.com\\\/pt-pt\\\/produto\\\/sarja-absorber-cs\\\/#breadcrumb\"},\"inLanguage\":\"pt-PT\",\"potentialAction\":[{\"@type\":\"ReadAction\",\"target\":[\"https:\\\/\\\/www.azur-scenic.com\\\/pt-pt\\\/produto\\\/sarja-absorber-cs\\\/\"]}]},{\"@type\":\"ImageObject\",\"inLanguage\":\"pt-PT\",\"@id\":\"https:\\\/\\\/www.azur-scenic.com\\\/pt-pt\\\/produto\\\/sarja-absorber-cs\\\/#primaryimage\",\"url\":\"https:\\\/\\\/www.azur-scenic.com\\\/wp-content\\\/uploads\\\/SERGE-ABSORBER-CS-scaled.jpg\",\"contentUrl\":\"https:\\\/\\\/www.azur-scenic.com\\\/wp-content\\\/uploads\\\/SERGE-ABSORBER-CS-scaled.jpg\",\"width\":2560,\"height\":2560,\"caption\":\"SERGE ABSORBER CS\"},{\"@type\":\"BreadcrumbList\",\"@id\":\"https:\\\/\\\/www.azur-scenic.com\\\/pt-pt\\\/produto\\\/sarja-absorber-cs\\\/#breadcrumb\",\"itemListElement\":[{\"@type\":\"ListItem\",\"position\":1,\"name\":\"Accueil\",\"item\":\"https:\\\/\\\/www.azur-scenic.com\\\/pt-pt\\\/\"},{\"@type\":\"ListItem\",\"position\":2,\"name\":\"Produits\",\"item\":\"https:\\\/\\\/www.azur-scenic.com\\\/pt-pt\\\/?page_id=21439\"},{\"@type\":\"ListItem\",\"position\":3,\"name\":\"Sarja Absorber CS\"}]},{\"@type\":\"WebSite\",\"@id\":\"https:\\\/\\\/www.azur-scenic.com\\\/pt-pt\\\/#website\",\"url\":\"https:\\\/\\\/www.azur-scenic.com\\\/pt-pt\\\/\",\"name\":\"Azur Scenic\",\"description\":\"Sp\u00e9cialiste de l\u2019\u00e9quipement sc\u00e9nique et de la d\u00e9coration int\u00e9rieure et \u00e9v\u00e9nementielle !\",\"publisher\":{\"@id\":\"https:\\\/\\\/www.azur-scenic.com\\\/pt-pt\\\/#organization\"},\"potentialAction\":[{\"@type\":\"SearchAction\",\"target\":{\"@type\":\"EntryPoint\",\"urlTemplate\":\"https:\\\/\\\/www.azur-scenic.com\\\/pt-pt\\\/?s={search_term_string}\"},\"query-input\":{\"@type\":\"PropertyValueSpecification\",\"valueRequired\":true,\"valueName\":\"search_term_string\"}}],\"inLanguage\":\"pt-PT\"},{\"@type\":\"Organization\",\"@id\":\"https:\\\/\\\/www.azur-scenic.com\\\/pt-pt\\\/#organization\",\"name\":\"AZUR SCENIC\",\"url\":\"https:\\\/\\\/www.azur-scenic.com\\\/pt-pt\\\/\",\"logo\":{\"@type\":\"ImageObject\",\"inLanguage\":\"pt-PT\",\"@id\":\"https:\\\/\\\/www.azur-scenic.com\\\/pt-pt\\\/#\\\/schema\\\/logo\\\/image\\\/\",\"url\":\"https:\\\/\\\/www.azur-scenic.com\\\/wp-content\\\/uploads\\\/2022\\\/09\\\/LOGO-AZUR-SCENIC-Fusion-web-236x64-1.jpg\",\"contentUrl\":\"https:\\\/\\\/www.azur-scenic.com\\\/wp-content\\\/uploads\\\/2022\\\/09\\\/LOGO-AZUR-SCENIC-Fusion-web-236x64-1.jpg\",\"width\":236,\"height\":64,\"caption\":\"AZUR SCENIC\"},\"image\":{\"@id\":\"https:\\\/\\\/www.azur-scenic.com\\\/pt-pt\\\/#\\\/schema\\\/logo\\\/image\\\/\"},\"sameAs\":[\"https:\\\/\\\/www.youtube.com\\\/channel\\\/UCPWM2mGPVUt4nYhNlm71WOA\",\"https:\\\/\\\/www.linkedin.com\\\/company\\\/33237605\\\/admin\\\/feed\\\/posts\\\/\"]}]}<\/script>\n<!-- \/ Yoast SEO plugin. -->","yoast_head_json":{"title":"Sarja Absorber CS - Azur Scenic","robots":{"index":"index","follow":"follow","max-snippet":"max-snippet:-1","max-image-preview":"max-image-preview:large","max-video-preview":"max-video-preview:-1"},"canonical":"https:\/\/www.azur-scenic.com\/pt-pt\/produto\/sarja-absorber-cs\/","og_locale":"pt_PT","og_type":"article","og_title":"Sarja Absorber CS - Azur Scenic","og_description":"O t\u00eaxtil de absor\u00e7\u00e3o ac\u00fastica de \u00faltima gera\u00e7\u00e3o, intrinsecamente de rea\u00e7\u00e3o ao fogo (ign\u00edfugo), perfeito para dominar o ambiente sonoro em todo o tipo de locais. Este moletom espesso com um aspeto cardado nas duas faces, imita com perfei\u00e7\u00e3o o aspeto de uma faustosa sarja de l\u00e3 de cor negro profundo. 100% Poli\u00e9ster FR, lav\u00e1vel e particularmente resistente. Pode ser usado tanto em interiores como em exteriores. Extremamente popular para a cria\u00e7\u00e3o de cortinas ac\u00fasticas altamente absorventes, tamb\u00e9m pode ser utilizada para confecionar cortinas de divis\u00e3o ou separa\u00e7\u00e3o, cortinas de palco e cen\u00e1rio, forros ou mesmo ser esticada para revestimentos de parede. Completamente opaca, a Sarja Absorber CS tamb\u00e9m pode ser empregada para a cria\u00e7\u00e3o de caixas negras.  Largura: 300 cm Peso: 500 g\/m\u00b2  Classifica\u00e7\u00e3o de rea\u00e7\u00e3o ao fogo: M2 B1 Composi\u00e7\u00e3o: 100% Poli\u00e9ster FR","og_url":"https:\/\/www.azur-scenic.com\/pt-pt\/produto\/sarja-absorber-cs\/","og_site_name":"Azur Scenic","article_modified_time":"2023-08-02T13:24:13+00:00","og_image":[{"width":2560,"height":2560,"url":"https:\/\/www.azur-scenic.com\/wp-content\/uploads\/SERGE-ABSORBER-CS-scaled.jpg","type":"image\/jpeg"}],"twitter_card":"summary_large_image","schema":{"@context":"https:\/\/schema.org","@graph":[{"@type":"WebPage","@id":"https:\/\/www.azur-scenic.com\/pt-pt\/produto\/sarja-absorber-cs\/","url":"https:\/\/www.azur-scenic.com\/pt-pt\/produto\/sarja-absorber-cs\/","name":"Sarja Absorber CS - Azur Scenic","isPartOf":{"@id":"https:\/\/www.azur-scenic.com\/pt-pt\/#website"},"primaryImageOfPage":{"@id":"https:\/\/www.azur-scenic.com\/pt-pt\/produto\/sarja-absorber-cs\/#primaryimage"},"image":{"@id":"https:\/\/www.azur-scenic.com\/pt-pt\/produto\/sarja-absorber-cs\/#primaryimage"},"thumbnailUrl":"https:\/\/www.azur-scenic.com\/wp-content\/uploads\/SERGE-ABSORBER-CS-scaled.jpg","datePublished":"2022-10-04T07:28:29+00:00","dateModified":"2023-08-02T13:24:13+00:00","breadcrumb":{"@id":"https:\/\/www.azur-scenic.com\/pt-pt\/produto\/sarja-absorber-cs\/#breadcrumb"},"inLanguage":"pt-PT","potentialAction":[{"@type":"ReadAction","target":["https:\/\/www.azur-scenic.com\/pt-pt\/produto\/sarja-absorber-cs\/"]}]},{"@type":"ImageObject","inLanguage":"pt-PT","@id":"https:\/\/www.azur-scenic.com\/pt-pt\/produto\/sarja-absorber-cs\/#primaryimage","url":"https:\/\/www.azur-scenic.com\/wp-content\/uploads\/SERGE-ABSORBER-CS-scaled.jpg","contentUrl":"https:\/\/www.azur-scenic.com\/wp-content\/uploads\/SERGE-ABSORBER-CS-scaled.jpg","width":2560,"height":2560,"caption":"SERGE ABSORBER CS"},{"@type":"BreadcrumbList","@id":"https:\/\/www.azur-scenic.com\/pt-pt\/produto\/sarja-absorber-cs\/#breadcrumb","itemListElement":[{"@type":"ListItem","position":1,"name":"Accueil","item":"https:\/\/www.azur-scenic.com\/pt-pt\/"},{"@type":"ListItem","position":2,"name":"Produits","item":"https:\/\/www.azur-scenic.com\/pt-pt\/?page_id=21439"},{"@type":"ListItem","position":3,"name":"Sarja Absorber CS"}]},{"@type":"WebSite","@id":"https:\/\/www.azur-scenic.com\/pt-pt\/#website","url":"https:\/\/www.azur-scenic.com\/pt-pt\/","name":"Azur Scenic","description":"Sp\u00e9cialiste de l\u2019\u00e9quipement sc\u00e9nique et de la d\u00e9coration int\u00e9rieure et \u00e9v\u00e9nementielle !","publisher":{"@id":"https:\/\/www.azur-scenic.com\/pt-pt\/#organization"},"potentialAction":[{"@type":"SearchAction","target":{"@type":"EntryPoint","urlTemplate":"https:\/\/www.azur-scenic.com\/pt-pt\/?s={search_term_string}"},"query-input":{"@type":"PropertyValueSpecification","valueRequired":true,"valueName":"search_term_string"}}],"inLanguage":"pt-PT"},{"@type":"Organization","@id":"https:\/\/www.azur-scenic.com\/pt-pt\/#organization","name":"AZUR SCENIC","url":"https:\/\/www.azur-scenic.com\/pt-pt\/","logo":{"@type":"ImageObject","inLanguage":"pt-PT","@id":"https:\/\/www.azur-scenic.com\/pt-pt\/#\/schema\/logo\/image\/","url":"https:\/\/www.azur-scenic.com\/wp-content\/uploads\/2022\/09\/LOGO-AZUR-SCENIC-Fusion-web-236x64-1.jpg","contentUrl":"https:\/\/www.azur-scenic.com\/wp-content\/uploads\/2022\/09\/LOGO-AZUR-SCENIC-Fusion-web-236x64-1.jpg","width":236,"height":64,"caption":"AZUR SCENIC"},"image":{"@id":"https:\/\/www.azur-scenic.com\/pt-pt\/#\/schema\/logo\/image\/"},"sameAs":["https:\/\/www.youtube.com\/channel\/UCPWM2mGPVUt4nYhNlm71WOA","https:\/\/www.linkedin.com\/company\/33237605\/admin\/feed\/posts\/"]}]}},"_links":{"self":[{"href":"https:\/\/www.azur-scenic.com\/pt-pt\/wp-json\/wp\/v2\/product\/17370","targetHints":{"allow":["GET"]}}],"collection":[{"href":"https:\/\/www.azur-scenic.com\/pt-pt\/wp-json\/wp\/v2\/product"}],"about":[{"href":"https:\/\/www.azur-scenic.com\/pt-pt\/wp-json\/wp\/v2\/types\/product"}],"wp:featuredmedia":[{"embeddable":true,"href":"https:\/\/www.azur-scenic.com\/pt-pt\/wp-json\/wp\/v2\/media\/14958"}],"wp:attachment":[{"href":"https:\/\/www.azur-scenic.com\/pt-pt\/wp-json\/wp\/v2\/media?parent=17370"}],"wp:term":[{"taxonomy":"product_brand","embeddable":true,"href":"https:\/\/www.azur-scenic.com\/pt-pt\/wp-json\/wp\/v2\/product_brand?post=17370"},{"taxonomy":"product_cat","embeddable":true,"href":"https:\/\/www.azur-scenic.com\/pt-pt\/wp-json\/wp\/v2\/product_cat?post=17370"},{"taxonomy":"product_tag","embeddable":true,"href":"https:\/\/www.azur-scenic.com\/pt-pt\/wp-json\/wp\/v2\/product_tag?post=17370"}],"curies":[{"name":"wp","href":"https:\/\/api.w.org\/{rel}","templated":true}]}}