{"id":17373,"date":"2022-10-04T07:28:28","date_gmt":"2022-10-04T07:28:28","guid":{"rendered":"https:\/\/www.azur-scenic.com\/produit\/erail\/"},"modified":"2023-08-02T13:26:23","modified_gmt":"2023-08-02T13:26:23","slug":"erail","status":"publish","type":"product","link":"https:\/\/www.azur-scenic.com\/pt-pt\/produto\/erail\/","title":{"rendered":"Erail"},"content":{"rendered":"<p><p>Perfil de alum\u00ednio na cor <strong><span style=\"color: #f88523;\">negro<\/span><\/strong> (outras cores sob pedido).<\/p>\n<p>Possibilidade de manobras <strong><span style=\"color: #f88523;\">de lan\u00e7amento<\/span><\/strong> (sem tra\u00e7\u00e3o) ou de <strong><span style=\"color: #f88523;\">tra\u00e7\u00e3o manual<\/span><\/strong> (adri\u00e7a de poli\u00e9ster \u00d8 8 mm) ou <strong><span style=\"color: #f88523;\">motorizado<\/span><\/strong> (adri\u00e7a de Kevlar \u00d8 8 mm).<\/p>\n<p>Montagem da <strong><span style=\"color: #f88523;\">adri\u00e7a<\/span><\/strong> no guia <strong><span style=\"color: #f88523;\">superior<\/span><\/strong>.<\/p>\n<p>Possibilidade de <strong><span style=\"color: #f88523;\">curvatura por medida<\/span><\/strong> (todas as manobras) com um raio m\u00ednimo de 500 mm.<\/p>\n<p>Montagem em <strong><span style=\"color: #f88523;\">trilho simples para 1 ou 2 cortinas<\/span><\/strong> (cruzamento central de aproximadamente 30 cm) ou como um <strong><span style=\"color: #f88523;\">sistema de trilho de trilho de via dupla<\/span><\/strong> com cruzamento (sobreposi\u00e7\u00e3o central de 1 m como padr\u00e3o, outros cruzamentos a pedido).<\/p>\n<p>Montagem poss\u00edvel por <strong><span style=\"color: #f88523;\">suspens\u00e3o ao teto<\/span><\/strong>, suportes de <strong><span style=\"color: #f88523;\">parede<\/span><\/strong>sobre consolas, ou pendurado <strong><span style=\"color: #f88523;\">por baixo de perchas<\/span><\/strong> com bra\u00e7adeiras (tubo \u00d8 50 mm).<\/p>\n<p><strong><span style=\"color: #f88523;\">Detalhes t\u00e9cnicos, Op\u00e7\u00f5es e Acess\u00f3rios<\/span><\/strong><br \/>\nDescarregue a ficha de dados acima.<\/p>\n<p>\u00a0<\/p><\/p>\n","protected":false},"excerpt":{"rendered":"<p><strong><span style=\"color: #f88523;\">Sistema de trilho de palco polivalente e preciso<\/span><\/strong>, ideal para equipar todos os tipos de palcos e cen\u00e1rios (audit\u00f3rios, salas polivalentes, anfiteatros, etc.) com <strong><span style=\"color: #f88523;\">cargas de pesos m\u00e9dios<\/span><\/strong> (cortinas de palco de veludo, cortinas de divis\u00e3o, cortinas de oculta\u00e7\u00e3o (blackout), etc.).<\/p>\n<p><strong><span style=\"color: #f88523;\">Robusto<\/span><\/strong>, <strong><span style=\"color: #f88523;\">compacto<\/span><\/strong>, <strong><span style=\"color: #f88523;\">silencioso<\/span><\/strong> (gra\u00e7as aos seus rod\u00edzios de rolamentos de esferas) e com um belo acabamento <strong><span style=\"color: #f88523;\">negro mate<\/span><\/strong>, integra-se perfeitamente de forma discreta nos seus palcos e espa\u00e7os c\u00e9nicos, salas de rece\u00e7\u00e3o, escrit\u00f3rios, museus&#8230;<\/p>\n<p>O seu <strong><span style=\"color: #f88523;\">perfil flex\u00edvel <\/span><\/strong> pode ser arqueado sob pedido, o que lhe permite adaptar-se perfeitamente a todas as configura\u00e7\u00f5es de salas, mesmo as mais at\u00edpicas.<\/p>\n","protected":false},"featured_media":8446,"template":"","meta":{"_acf_changed":false},"product_brand":[],"product_cat":[921,1089,1090,1209,920],"product_tag":[],"class_list":{"0":"post-17373","1":"product","2":"type-product","3":"status-publish","4":"has-post-thumbnail","6":"product_cat-todos-os-produtos","7":"product_cat-produtos-tecnicos","8":"product_cat-trilhos-de-cenario","9":"product_cat-erail","10":"product_cat-teatro","11":"pa_techniques-de-lancamento-sem-tracao","12":"pa_techniques-flexivel","13":"pa_techniques-fabrico-por-medida","14":"pa_techniques-fixacao-a-parede","15":"pa_techniques-fixacao-ao-teto","16":"pa_techniques-fixacao-em-tubo","17":"pa_techniques-montagem-sobre-trilho-duplo","18":"pa_techniques-montagem-sobre-trilho-simples","19":"pa_techniques-com-tracao-por-adrica-manual","20":"pa_techniques-com-tracao-motorizada","22":"first","23":"instock","24":"shipping-taxable","25":"purchasable","26":"product-type-simple"},"acf":[],"yoast_head":"<!-- This site is optimized with the Yoast SEO plugin v27.3 - https:\/\/yoast.com\/product\/yoast-seo-wordpress\/ -->\n<title>Erail - Azur Scenic<\/title>\n<meta name=\"robots\" content=\"index, follow, max-snippet:-1, max-image-preview:large, max-video-preview:-1\" \/>\n<link rel=\"canonical\" href=\"https:\/\/www.azur-scenic.com\/pt-pt\/produto\/erail\/\" \/>\n<meta property=\"og:locale\" content=\"pt_PT\" \/>\n<meta property=\"og:type\" content=\"article\" \/>\n<meta property=\"og:title\" content=\"Erail - Azur Scenic\" \/>\n<meta property=\"og:description\" content=\"Sistema de trilho de palco polivalente e preciso, ideal para equipar todos os tipos de palcos e cen\u00e1rios (audit\u00f3rios, salas polivalentes, anfiteatros, etc.) com cargas de pesos m\u00e9dios (cortinas de palco de veludo, cortinas de divis\u00e3o, cortinas de oculta\u00e7\u00e3o (blackout), etc.). Robusto, compacto, silencioso (gra\u00e7as aos seus rod\u00edzios de rolamentos de esferas) e com um belo acabamento negro mate, integra-se perfeitamente de forma discreta nos seus palcos e espa\u00e7os c\u00e9nicos, salas de rece\u00e7\u00e3o, escrit\u00f3rios, museus... O seu perfil flex\u00edvel pode ser arqueado sob pedido, o que lhe permite adaptar-se perfeitamente a todas as configura\u00e7\u00f5es de salas, mesmo as mais at\u00edpicas.\" \/>\n<meta property=\"og:url\" content=\"https:\/\/www.azur-scenic.com\/pt-pt\/produto\/erail\/\" \/>\n<meta property=\"og:site_name\" content=\"Azur Scenic\" \/>\n<meta property=\"article:modified_time\" content=\"2023-08-02T13:26:23+00:00\" \/>\n<meta property=\"og:image\" content=\"https:\/\/www.azur-scenic.com\/wp-content\/uploads\/cb6288f1f9719e0315c69e648553d505.jpg\" \/>\n\t<meta property=\"og:image:width\" content=\"1323\" \/>\n\t<meta property=\"og:image:height\" content=\"1323\" \/>\n\t<meta property=\"og:image:type\" content=\"image\/jpeg\" \/>\n<meta name=\"twitter:card\" content=\"summary_large_image\" \/>\n<meta name=\"twitter:label1\" content=\"Tempo estimado de leitura\" \/>\n\t<meta name=\"twitter:data1\" content=\"1 minuto\" \/>\n<script type=\"application\/ld+json\" class=\"yoast-schema-graph\">{\"@context\":\"https:\\\/\\\/schema.org\",\"@graph\":[{\"@type\":\"WebPage\",\"@id\":\"https:\\\/\\\/www.azur-scenic.com\\\/pt-pt\\\/produto\\\/erail\\\/\",\"url\":\"https:\\\/\\\/www.azur-scenic.com\\\/pt-pt\\\/produto\\\/erail\\\/\",\"name\":\"Erail - Azur Scenic\",\"isPartOf\":{\"@id\":\"https:\\\/\\\/www.azur-scenic.com\\\/pt-pt\\\/#website\"},\"primaryImageOfPage\":{\"@id\":\"https:\\\/\\\/www.azur-scenic.com\\\/pt-pt\\\/produto\\\/erail\\\/#primaryimage\"},\"image\":{\"@id\":\"https:\\\/\\\/www.azur-scenic.com\\\/pt-pt\\\/produto\\\/erail\\\/#primaryimage\"},\"thumbnailUrl\":\"https:\\\/\\\/www.azur-scenic.com\\\/wp-content\\\/uploads\\\/cb6288f1f9719e0315c69e648553d505.jpg\",\"datePublished\":\"2022-10-04T07:28:28+00:00\",\"dateModified\":\"2023-08-02T13:26:23+00:00\",\"breadcrumb\":{\"@id\":\"https:\\\/\\\/www.azur-scenic.com\\\/pt-pt\\\/produto\\\/erail\\\/#breadcrumb\"},\"inLanguage\":\"pt-PT\",\"potentialAction\":[{\"@type\":\"ReadAction\",\"target\":[\"https:\\\/\\\/www.azur-scenic.com\\\/pt-pt\\\/produto\\\/erail\\\/\"]}]},{\"@type\":\"ImageObject\",\"inLanguage\":\"pt-PT\",\"@id\":\"https:\\\/\\\/www.azur-scenic.com\\\/pt-pt\\\/produto\\\/erail\\\/#primaryimage\",\"url\":\"https:\\\/\\\/www.azur-scenic.com\\\/wp-content\\\/uploads\\\/cb6288f1f9719e0315c69e648553d505.jpg\",\"contentUrl\":\"https:\\\/\\\/www.azur-scenic.com\\\/wp-content\\\/uploads\\\/cb6288f1f9719e0315c69e648553d505.jpg\",\"width\":1323,\"height\":1323},{\"@type\":\"BreadcrumbList\",\"@id\":\"https:\\\/\\\/www.azur-scenic.com\\\/pt-pt\\\/produto\\\/erail\\\/#breadcrumb\",\"itemListElement\":[{\"@type\":\"ListItem\",\"position\":1,\"name\":\"Accueil\",\"item\":\"https:\\\/\\\/www.azur-scenic.com\\\/pt-pt\\\/\"},{\"@type\":\"ListItem\",\"position\":2,\"name\":\"Produits\",\"item\":\"https:\\\/\\\/www.azur-scenic.com\\\/pt-pt\\\/?page_id=21439\"},{\"@type\":\"ListItem\",\"position\":3,\"name\":\"Erail\"}]},{\"@type\":\"WebSite\",\"@id\":\"https:\\\/\\\/www.azur-scenic.com\\\/pt-pt\\\/#website\",\"url\":\"https:\\\/\\\/www.azur-scenic.com\\\/pt-pt\\\/\",\"name\":\"Azur Scenic\",\"description\":\"Sp\u00e9cialiste de l\u2019\u00e9quipement sc\u00e9nique et de la d\u00e9coration int\u00e9rieure et \u00e9v\u00e9nementielle !\",\"publisher\":{\"@id\":\"https:\\\/\\\/www.azur-scenic.com\\\/pt-pt\\\/#organization\"},\"potentialAction\":[{\"@type\":\"SearchAction\",\"target\":{\"@type\":\"EntryPoint\",\"urlTemplate\":\"https:\\\/\\\/www.azur-scenic.com\\\/pt-pt\\\/?s={search_term_string}\"},\"query-input\":{\"@type\":\"PropertyValueSpecification\",\"valueRequired\":true,\"valueName\":\"search_term_string\"}}],\"inLanguage\":\"pt-PT\"},{\"@type\":\"Organization\",\"@id\":\"https:\\\/\\\/www.azur-scenic.com\\\/pt-pt\\\/#organization\",\"name\":\"AZUR SCENIC\",\"url\":\"https:\\\/\\\/www.azur-scenic.com\\\/pt-pt\\\/\",\"logo\":{\"@type\":\"ImageObject\",\"inLanguage\":\"pt-PT\",\"@id\":\"https:\\\/\\\/www.azur-scenic.com\\\/pt-pt\\\/#\\\/schema\\\/logo\\\/image\\\/\",\"url\":\"https:\\\/\\\/www.azur-scenic.com\\\/wp-content\\\/uploads\\\/2022\\\/09\\\/LOGO-AZUR-SCENIC-Fusion-web-236x64-1.jpg\",\"contentUrl\":\"https:\\\/\\\/www.azur-scenic.com\\\/wp-content\\\/uploads\\\/2022\\\/09\\\/LOGO-AZUR-SCENIC-Fusion-web-236x64-1.jpg\",\"width\":236,\"height\":64,\"caption\":\"AZUR SCENIC\"},\"image\":{\"@id\":\"https:\\\/\\\/www.azur-scenic.com\\\/pt-pt\\\/#\\\/schema\\\/logo\\\/image\\\/\"},\"sameAs\":[\"https:\\\/\\\/www.youtube.com\\\/channel\\\/UCPWM2mGPVUt4nYhNlm71WOA\",\"https:\\\/\\\/www.linkedin.com\\\/company\\\/33237605\\\/admin\\\/feed\\\/posts\\\/\"]}]}<\/script>\n<!-- \/ Yoast SEO plugin. -->","yoast_head_json":{"title":"Erail - Azur Scenic","robots":{"index":"index","follow":"follow","max-snippet":"max-snippet:-1","max-image-preview":"max-image-preview:large","max-video-preview":"max-video-preview:-1"},"canonical":"https:\/\/www.azur-scenic.com\/pt-pt\/produto\/erail\/","og_locale":"pt_PT","og_type":"article","og_title":"Erail - Azur Scenic","og_description":"Sistema de trilho de palco polivalente e preciso, ideal para equipar todos os tipos de palcos e cen\u00e1rios (audit\u00f3rios, salas polivalentes, anfiteatros, etc.) com cargas de pesos m\u00e9dios (cortinas de palco de veludo, cortinas de divis\u00e3o, cortinas de oculta\u00e7\u00e3o (blackout), etc.). Robusto, compacto, silencioso (gra\u00e7as aos seus rod\u00edzios de rolamentos de esferas) e com um belo acabamento negro mate, integra-se perfeitamente de forma discreta nos seus palcos e espa\u00e7os c\u00e9nicos, salas de rece\u00e7\u00e3o, escrit\u00f3rios, museus... O seu perfil flex\u00edvel pode ser arqueado sob pedido, o que lhe permite adaptar-se perfeitamente a todas as configura\u00e7\u00f5es de salas, mesmo as mais at\u00edpicas.","og_url":"https:\/\/www.azur-scenic.com\/pt-pt\/produto\/erail\/","og_site_name":"Azur Scenic","article_modified_time":"2023-08-02T13:26:23+00:00","og_image":[{"width":1323,"height":1323,"url":"https:\/\/www.azur-scenic.com\/wp-content\/uploads\/cb6288f1f9719e0315c69e648553d505.jpg","type":"image\/jpeg"}],"twitter_card":"summary_large_image","twitter_misc":{"Tempo estimado de leitura":"1 minuto"},"schema":{"@context":"https:\/\/schema.org","@graph":[{"@type":"WebPage","@id":"https:\/\/www.azur-scenic.com\/pt-pt\/produto\/erail\/","url":"https:\/\/www.azur-scenic.com\/pt-pt\/produto\/erail\/","name":"Erail - Azur Scenic","isPartOf":{"@id":"https:\/\/www.azur-scenic.com\/pt-pt\/#website"},"primaryImageOfPage":{"@id":"https:\/\/www.azur-scenic.com\/pt-pt\/produto\/erail\/#primaryimage"},"image":{"@id":"https:\/\/www.azur-scenic.com\/pt-pt\/produto\/erail\/#primaryimage"},"thumbnailUrl":"https:\/\/www.azur-scenic.com\/wp-content\/uploads\/cb6288f1f9719e0315c69e648553d505.jpg","datePublished":"2022-10-04T07:28:28+00:00","dateModified":"2023-08-02T13:26:23+00:00","breadcrumb":{"@id":"https:\/\/www.azur-scenic.com\/pt-pt\/produto\/erail\/#breadcrumb"},"inLanguage":"pt-PT","potentialAction":[{"@type":"ReadAction","target":["https:\/\/www.azur-scenic.com\/pt-pt\/produto\/erail\/"]}]},{"@type":"ImageObject","inLanguage":"pt-PT","@id":"https:\/\/www.azur-scenic.com\/pt-pt\/produto\/erail\/#primaryimage","url":"https:\/\/www.azur-scenic.com\/wp-content\/uploads\/cb6288f1f9719e0315c69e648553d505.jpg","contentUrl":"https:\/\/www.azur-scenic.com\/wp-content\/uploads\/cb6288f1f9719e0315c69e648553d505.jpg","width":1323,"height":1323},{"@type":"BreadcrumbList","@id":"https:\/\/www.azur-scenic.com\/pt-pt\/produto\/erail\/#breadcrumb","itemListElement":[{"@type":"ListItem","position":1,"name":"Accueil","item":"https:\/\/www.azur-scenic.com\/pt-pt\/"},{"@type":"ListItem","position":2,"name":"Produits","item":"https:\/\/www.azur-scenic.com\/pt-pt\/?page_id=21439"},{"@type":"ListItem","position":3,"name":"Erail"}]},{"@type":"WebSite","@id":"https:\/\/www.azur-scenic.com\/pt-pt\/#website","url":"https:\/\/www.azur-scenic.com\/pt-pt\/","name":"Azur Scenic","description":"Sp\u00e9cialiste de l\u2019\u00e9quipement sc\u00e9nique et de la d\u00e9coration int\u00e9rieure et \u00e9v\u00e9nementielle !","publisher":{"@id":"https:\/\/www.azur-scenic.com\/pt-pt\/#organization"},"potentialAction":[{"@type":"SearchAction","target":{"@type":"EntryPoint","urlTemplate":"https:\/\/www.azur-scenic.com\/pt-pt\/?s={search_term_string}"},"query-input":{"@type":"PropertyValueSpecification","valueRequired":true,"valueName":"search_term_string"}}],"inLanguage":"pt-PT"},{"@type":"Organization","@id":"https:\/\/www.azur-scenic.com\/pt-pt\/#organization","name":"AZUR SCENIC","url":"https:\/\/www.azur-scenic.com\/pt-pt\/","logo":{"@type":"ImageObject","inLanguage":"pt-PT","@id":"https:\/\/www.azur-scenic.com\/pt-pt\/#\/schema\/logo\/image\/","url":"https:\/\/www.azur-scenic.com\/wp-content\/uploads\/2022\/09\/LOGO-AZUR-SCENIC-Fusion-web-236x64-1.jpg","contentUrl":"https:\/\/www.azur-scenic.com\/wp-content\/uploads\/2022\/09\/LOGO-AZUR-SCENIC-Fusion-web-236x64-1.jpg","width":236,"height":64,"caption":"AZUR SCENIC"},"image":{"@id":"https:\/\/www.azur-scenic.com\/pt-pt\/#\/schema\/logo\/image\/"},"sameAs":["https:\/\/www.youtube.com\/channel\/UCPWM2mGPVUt4nYhNlm71WOA","https:\/\/www.linkedin.com\/company\/33237605\/admin\/feed\/posts\/"]}]}},"_links":{"self":[{"href":"https:\/\/www.azur-scenic.com\/pt-pt\/wp-json\/wp\/v2\/product\/17373","targetHints":{"allow":["GET"]}}],"collection":[{"href":"https:\/\/www.azur-scenic.com\/pt-pt\/wp-json\/wp\/v2\/product"}],"about":[{"href":"https:\/\/www.azur-scenic.com\/pt-pt\/wp-json\/wp\/v2\/types\/product"}],"wp:featuredmedia":[{"embeddable":true,"href":"https:\/\/www.azur-scenic.com\/pt-pt\/wp-json\/wp\/v2\/media\/8446"}],"wp:attachment":[{"href":"https:\/\/www.azur-scenic.com\/pt-pt\/wp-json\/wp\/v2\/media?parent=17373"}],"wp:term":[{"taxonomy":"product_brand","embeddable":true,"href":"https:\/\/www.azur-scenic.com\/pt-pt\/wp-json\/wp\/v2\/product_brand?post=17373"},{"taxonomy":"product_cat","embeddable":true,"href":"https:\/\/www.azur-scenic.com\/pt-pt\/wp-json\/wp\/v2\/product_cat?post=17373"},{"taxonomy":"product_tag","embeddable":true,"href":"https:\/\/www.azur-scenic.com\/pt-pt\/wp-json\/wp\/v2\/product_tag?post=17373"}],"curies":[{"name":"wp","href":"https:\/\/api.w.org\/{rel}","templated":true}]}}