{"id":17405,"date":"2022-10-04T07:28:25","date_gmt":"2022-10-04T07:28:25","guid":{"rendered":"https:\/\/www.azur-scenic.com\/produit\/standex-soft\/"},"modified":"2023-08-02T13:21:46","modified_gmt":"2023-08-02T13:21:46","slug":"standex-soft","status":"publish","type":"product","link":"https:\/\/www.azur-scenic.com\/pt-pt\/produto\/standex-soft\/","title":{"rendered":"Standex Soft"},"content":{"rendered":"<table>\n<thead>\n<tr>\n<th style=\"width: 170px;\">Dados t\u00e9cnicos<\/th>\n<th style=\"width: 136px;\">Valor<\/th>\n<th style=\"width: 222px;\">Coment\u00e1rio<\/th>\n<\/tr>\n<\/thead>\n<tbody>\n<tr>\n<td style=\"vertical-align: top;\">Largura<\/td>\n<td style=\"vertical-align: top; width: 136px;\">220 cm<\/td>\n<td style=\"vertical-align: top; width: 222px;\">\u00a0<\/td>\n<\/tr>\n<tr>\n<td style=\"vertical-align: top;\">Peso<\/td>\n<td style=\"vertical-align: top; width: 136px;\">260 g\/m\u00b2<\/td>\n<td style=\"vertical-align: top; width: 222px;\">\u00a0<\/td>\n<\/tr>\n<tr>\n<td style=\"vertical-align: top;\">Espessura<\/td>\n<td style=\"vertical-align: top; width: 136px;\">0,4 mm<\/td>\n<td style=\"vertical-align: top; width: 222px;\">\u00a0<\/td>\n<\/tr>\n<tr>\n<td style=\"vertical-align: top;\">Classifica\u00e7\u00e3o de rea\u00e7\u00e3o ao fogo<\/td>\n<td style=\"vertical-align: top; width: 136px;\"><img decoding=\"async\" style=\"height: 20px; width: 20px;\" src=\"https:\/\/www.azur-scenic.com\/wp-content\/uploads\/csm_icon-flag-france_3304e5e3f9.png\" \/> M1<\/td>\n<td style=\"vertical-align: top; width: 222px;\">Normas: NFP92-507<\/td>\n<\/tr>\n<tr>\n<td style=\"vertical-align: top;\">Composi\u00e7\u00e3o<\/td>\n<td style=\"vertical-align: top;\" colspan=\"2\">Suporte 100% poli\u00e9ster + revestimento PVC<\/td>\n<\/tr>\n<tr>\n<td style=\"vertical-align: top;\">Comprimento do rolo<\/td>\n<td style=\"vertical-align: top; width: 136px;\">50 m<br \/>\n(largura completa do rolo)<\/td>\n<td style=\"vertical-align: top; width: 222px;\">Venda a retalho, de acordo com o stock<\/td>\n<\/tr>\n<\/tbody>\n<\/table>\n","protected":false},"excerpt":{"rendered":"<p>Tecido de poli\u00e9ster e <span style=\"color: #f88523;\"><strong>revestido<\/strong><\/span> com PVC de uma das faces, o Standex Soft \u00e9 um material <span style=\"color: #f88523;\"><strong>imperme\u00e1vel<\/strong><\/span>.<\/p>\n<p>Classe <span style=\"color: #f88523;\"><strong>M1<\/strong><\/span>de rea\u00e7\u00e3o ao fogo (ign\u00edfugo), <span style=\"color: #f88523;\"><strong>lav\u00e1vel<\/strong><\/span> e muito <span style=\"color: #f88523;\"><strong>resistente<\/strong><\/span>, este t\u00eaxtil est\u00e1 adaptado para utiliza\u00e7\u00e3o quer em interiores como em <span style=\"color: #f88523;\"><strong>exteriores<\/strong><\/span>. Perfeitamente adaptado para o <span style=\"color: #f88523;\"><strong>revestimento de arma\u00e7\u00f5es<\/strong><\/span> com agrafes, \u00e9 tamb\u00e9m adequado para a <span style=\"color: #f88523;\"><strong>decora\u00e7\u00e3o de palcos e cen\u00e1rios<\/strong><\/span>, e para a confe\u00e7\u00e3o de forros de estruturas&#8230;<\/p>\n<p>A face revestida da Standex tem um <span style=\"color: #f88523;\"><strong>acabamento liso e cuidado<\/strong><\/span>, est\u00e1 dispon\u00edvel em 3 cores, enquanto que a face oposta tem um aspeto de tecido.<br \/>\n\u00a0<\/p>\n<table class=\"table\">\n<tbody>\n<tr>\n<td><strong>Largura<\/strong>: 220 cm<\/td>\n<td style=\"vertical-align: top;\"><strong>Peso<\/strong>: 260 g\/m\u00b2<\/td>\n<\/tr>\n<tr>\n<td><strong>Classifica\u00e7\u00e3o de rea\u00e7\u00e3o ao fogo<\/strong>: <img decoding=\"async\" style=\"height: 20px; width: 20px;\" src=\"https:\/\/www.azur-scenic.com\/wp-content\/uploads\/csm_icon-flag-france_3304e5e3f9.png\" \/> M1<\/td>\n<td><strong>Composi\u00e7\u00e3o<\/strong>: Suporte 100% poli\u00e9ster<br \/>\n+ revestimento PVC<\/td>\n<\/tr>\n<\/tbody>\n<\/table>\n","protected":false},"featured_media":16843,"template":"","meta":{"_acf_changed":false},"product_brand":[],"product_cat":[916,986,1237,1204,1238],"product_tag":[],"class_list":{"0":"post-17405","1":"product","2":"type-product","3":"status-publish","4":"has-post-thumbnail","6":"product_cat-texteis-cenicos-e-para-eventos","7":"product_cat-tecidos-de-decoracao","8":"product_cat-texteis-de-decoracao-pvc","9":"product_cat-ecras-de-projecao-e-telas-em-pvc","10":"product_cat-diversos-em-pvc","11":"pa_couleurs-002-es","12":"pa_couleurs-003-es","13":"pa_couleurs-110-es","14":"pa_couleurs-250-es","15":"pa_couleurs-765-es","16":"pa_groupes-de-couleurs-branco","17":"pa_groupes-de-couleurs-azuis","18":"pa_groupes-de-couleurs-cinzento","19":"pa_groupes-de-couleurs-negro","20":"pa_groupes-de-couleurs-vermelhos","21":"pa_textiles-adaptado-para-exterior","22":"pa_textiles-classificacao-de-reacao-ao-fogo-ignifugo","23":"pa_textiles-isolante-acustico","24":"pa_textiles-lavavel","25":"pa_textiles-economico","27":"first","28":"instock","29":"shipping-taxable","30":"purchasable","31":"product-type-variable"},"acf":[],"yoast_head":"<!-- This site is optimized with the Yoast SEO plugin v27.3 - https:\/\/yoast.com\/product\/yoast-seo-wordpress\/ -->\n<title>Standex Soft - Azur Scenic<\/title>\n<meta name=\"robots\" content=\"index, follow, max-snippet:-1, max-image-preview:large, max-video-preview:-1\" \/>\n<link rel=\"canonical\" href=\"https:\/\/www.azur-scenic.com\/pt-pt\/produto\/standex-soft\/\" \/>\n<meta property=\"og:locale\" content=\"pt_PT\" \/>\n<meta property=\"og:type\" content=\"article\" \/>\n<meta property=\"og:title\" content=\"Standex Soft - Azur Scenic\" \/>\n<meta property=\"og:description\" content=\"Tecido de poli\u00e9ster e revestido com PVC de uma das faces, o Standex Soft \u00e9 um material imperme\u00e1vel. Classe M1de rea\u00e7\u00e3o ao fogo (ign\u00edfugo), lav\u00e1vel e muito resistente, este t\u00eaxtil est\u00e1 adaptado para utiliza\u00e7\u00e3o quer em interiores como em exteriores. Perfeitamente adaptado para o revestimento de arma\u00e7\u00f5es com agrafes, \u00e9 tamb\u00e9m adequado para a decora\u00e7\u00e3o de palcos e cen\u00e1rios, e para a confe\u00e7\u00e3o de forros de estruturas... A face revestida da Standex tem um acabamento liso e cuidado, est\u00e1 dispon\u00edvel em 3 cores, enquanto que a face oposta tem um aspeto de tecido. \u00a0  Largura: 220 cm Peso: 260 g\/m\u00b2  Classifica\u00e7\u00e3o de rea\u00e7\u00e3o ao fogo: M1 Composi\u00e7\u00e3o: Suporte 100% poli\u00e9ster + revestimento PVC\" \/>\n<meta property=\"og:url\" content=\"https:\/\/www.azur-scenic.com\/pt-pt\/produto\/standex-soft\/\" \/>\n<meta property=\"og:site_name\" content=\"Azur Scenic\" \/>\n<meta property=\"article:modified_time\" content=\"2023-08-02T13:21:46+00:00\" \/>\n<meta property=\"og:image\" content=\"https:\/\/www.azur-scenic.com\/wp-content\/uploads\/STANDEX-SOFT-BLANC-scaled.jpg\" \/>\n\t<meta property=\"og:image:width\" content=\"2560\" \/>\n\t<meta property=\"og:image:height\" content=\"2560\" \/>\n\t<meta property=\"og:image:type\" content=\"image\/jpeg\" \/>\n<meta name=\"twitter:card\" content=\"summary_large_image\" \/>\n<script type=\"application\/ld+json\" class=\"yoast-schema-graph\">{\"@context\":\"https:\\\/\\\/schema.org\",\"@graph\":[{\"@type\":\"WebPage\",\"@id\":\"https:\\\/\\\/www.azur-scenic.com\\\/pt-pt\\\/produto\\\/standex-soft\\\/\",\"url\":\"https:\\\/\\\/www.azur-scenic.com\\\/pt-pt\\\/produto\\\/standex-soft\\\/\",\"name\":\"Standex Soft - Azur Scenic\",\"isPartOf\":{\"@id\":\"https:\\\/\\\/www.azur-scenic.com\\\/pt-pt\\\/#website\"},\"primaryImageOfPage\":{\"@id\":\"https:\\\/\\\/www.azur-scenic.com\\\/pt-pt\\\/produto\\\/standex-soft\\\/#primaryimage\"},\"image\":{\"@id\":\"https:\\\/\\\/www.azur-scenic.com\\\/pt-pt\\\/produto\\\/standex-soft\\\/#primaryimage\"},\"thumbnailUrl\":\"https:\\\/\\\/www.azur-scenic.com\\\/wp-content\\\/uploads\\\/STANDEX-SOFT-BLANC-scaled.jpg\",\"datePublished\":\"2022-10-04T07:28:25+00:00\",\"dateModified\":\"2023-08-02T13:21:46+00:00\",\"breadcrumb\":{\"@id\":\"https:\\\/\\\/www.azur-scenic.com\\\/pt-pt\\\/produto\\\/standex-soft\\\/#breadcrumb\"},\"inLanguage\":\"pt-PT\",\"potentialAction\":[{\"@type\":\"ReadAction\",\"target\":[\"https:\\\/\\\/www.azur-scenic.com\\\/pt-pt\\\/produto\\\/standex-soft\\\/\"]}]},{\"@type\":\"ImageObject\",\"inLanguage\":\"pt-PT\",\"@id\":\"https:\\\/\\\/www.azur-scenic.com\\\/pt-pt\\\/produto\\\/standex-soft\\\/#primaryimage\",\"url\":\"https:\\\/\\\/www.azur-scenic.com\\\/wp-content\\\/uploads\\\/STANDEX-SOFT-BLANC-scaled.jpg\",\"contentUrl\":\"https:\\\/\\\/www.azur-scenic.com\\\/wp-content\\\/uploads\\\/STANDEX-SOFT-BLANC-scaled.jpg\",\"width\":2560,\"height\":2560,\"caption\":\"STANDEX SOFT BLANC\"},{\"@type\":\"BreadcrumbList\",\"@id\":\"https:\\\/\\\/www.azur-scenic.com\\\/pt-pt\\\/produto\\\/standex-soft\\\/#breadcrumb\",\"itemListElement\":[{\"@type\":\"ListItem\",\"position\":1,\"name\":\"Accueil\",\"item\":\"https:\\\/\\\/www.azur-scenic.com\\\/pt-pt\\\/\"},{\"@type\":\"ListItem\",\"position\":2,\"name\":\"Produits\",\"item\":\"https:\\\/\\\/www.azur-scenic.com\\\/pt-pt\\\/?page_id=21439\"},{\"@type\":\"ListItem\",\"position\":3,\"name\":\"Standex Soft\"}]},{\"@type\":\"WebSite\",\"@id\":\"https:\\\/\\\/www.azur-scenic.com\\\/pt-pt\\\/#website\",\"url\":\"https:\\\/\\\/www.azur-scenic.com\\\/pt-pt\\\/\",\"name\":\"Azur Scenic\",\"description\":\"Sp\u00e9cialiste de l\u2019\u00e9quipement sc\u00e9nique et de la d\u00e9coration int\u00e9rieure et \u00e9v\u00e9nementielle !\",\"publisher\":{\"@id\":\"https:\\\/\\\/www.azur-scenic.com\\\/pt-pt\\\/#organization\"},\"potentialAction\":[{\"@type\":\"SearchAction\",\"target\":{\"@type\":\"EntryPoint\",\"urlTemplate\":\"https:\\\/\\\/www.azur-scenic.com\\\/pt-pt\\\/?s={search_term_string}\"},\"query-input\":{\"@type\":\"PropertyValueSpecification\",\"valueRequired\":true,\"valueName\":\"search_term_string\"}}],\"inLanguage\":\"pt-PT\"},{\"@type\":\"Organization\",\"@id\":\"https:\\\/\\\/www.azur-scenic.com\\\/pt-pt\\\/#organization\",\"name\":\"AZUR SCENIC\",\"url\":\"https:\\\/\\\/www.azur-scenic.com\\\/pt-pt\\\/\",\"logo\":{\"@type\":\"ImageObject\",\"inLanguage\":\"pt-PT\",\"@id\":\"https:\\\/\\\/www.azur-scenic.com\\\/pt-pt\\\/#\\\/schema\\\/logo\\\/image\\\/\",\"url\":\"https:\\\/\\\/www.azur-scenic.com\\\/wp-content\\\/uploads\\\/2022\\\/09\\\/LOGO-AZUR-SCENIC-Fusion-web-236x64-1.jpg\",\"contentUrl\":\"https:\\\/\\\/www.azur-scenic.com\\\/wp-content\\\/uploads\\\/2022\\\/09\\\/LOGO-AZUR-SCENIC-Fusion-web-236x64-1.jpg\",\"width\":236,\"height\":64,\"caption\":\"AZUR SCENIC\"},\"image\":{\"@id\":\"https:\\\/\\\/www.azur-scenic.com\\\/pt-pt\\\/#\\\/schema\\\/logo\\\/image\\\/\"},\"sameAs\":[\"https:\\\/\\\/www.youtube.com\\\/channel\\\/UCPWM2mGPVUt4nYhNlm71WOA\",\"https:\\\/\\\/www.linkedin.com\\\/company\\\/33237605\\\/admin\\\/feed\\\/posts\\\/\"]}]}<\/script>\n<!-- \/ Yoast SEO plugin. -->","yoast_head_json":{"title":"Standex Soft - Azur Scenic","robots":{"index":"index","follow":"follow","max-snippet":"max-snippet:-1","max-image-preview":"max-image-preview:large","max-video-preview":"max-video-preview:-1"},"canonical":"https:\/\/www.azur-scenic.com\/pt-pt\/produto\/standex-soft\/","og_locale":"pt_PT","og_type":"article","og_title":"Standex Soft - Azur Scenic","og_description":"Tecido de poli\u00e9ster e revestido com PVC de uma das faces, o Standex Soft \u00e9 um material imperme\u00e1vel. Classe M1de rea\u00e7\u00e3o ao fogo (ign\u00edfugo), lav\u00e1vel e muito resistente, este t\u00eaxtil est\u00e1 adaptado para utiliza\u00e7\u00e3o quer em interiores como em exteriores. Perfeitamente adaptado para o revestimento de arma\u00e7\u00f5es com agrafes, \u00e9 tamb\u00e9m adequado para a decora\u00e7\u00e3o de palcos e cen\u00e1rios, e para a confe\u00e7\u00e3o de forros de estruturas... A face revestida da Standex tem um acabamento liso e cuidado, est\u00e1 dispon\u00edvel em 3 cores, enquanto que a face oposta tem um aspeto de tecido. \u00a0  Largura: 220 cm Peso: 260 g\/m\u00b2  Classifica\u00e7\u00e3o de rea\u00e7\u00e3o ao fogo: M1 Composi\u00e7\u00e3o: Suporte 100% poli\u00e9ster + revestimento PVC","og_url":"https:\/\/www.azur-scenic.com\/pt-pt\/produto\/standex-soft\/","og_site_name":"Azur Scenic","article_modified_time":"2023-08-02T13:21:46+00:00","og_image":[{"width":2560,"height":2560,"url":"https:\/\/www.azur-scenic.com\/wp-content\/uploads\/STANDEX-SOFT-BLANC-scaled.jpg","type":"image\/jpeg"}],"twitter_card":"summary_large_image","schema":{"@context":"https:\/\/schema.org","@graph":[{"@type":"WebPage","@id":"https:\/\/www.azur-scenic.com\/pt-pt\/produto\/standex-soft\/","url":"https:\/\/www.azur-scenic.com\/pt-pt\/produto\/standex-soft\/","name":"Standex Soft - Azur Scenic","isPartOf":{"@id":"https:\/\/www.azur-scenic.com\/pt-pt\/#website"},"primaryImageOfPage":{"@id":"https:\/\/www.azur-scenic.com\/pt-pt\/produto\/standex-soft\/#primaryimage"},"image":{"@id":"https:\/\/www.azur-scenic.com\/pt-pt\/produto\/standex-soft\/#primaryimage"},"thumbnailUrl":"https:\/\/www.azur-scenic.com\/wp-content\/uploads\/STANDEX-SOFT-BLANC-scaled.jpg","datePublished":"2022-10-04T07:28:25+00:00","dateModified":"2023-08-02T13:21:46+00:00","breadcrumb":{"@id":"https:\/\/www.azur-scenic.com\/pt-pt\/produto\/standex-soft\/#breadcrumb"},"inLanguage":"pt-PT","potentialAction":[{"@type":"ReadAction","target":["https:\/\/www.azur-scenic.com\/pt-pt\/produto\/standex-soft\/"]}]},{"@type":"ImageObject","inLanguage":"pt-PT","@id":"https:\/\/www.azur-scenic.com\/pt-pt\/produto\/standex-soft\/#primaryimage","url":"https:\/\/www.azur-scenic.com\/wp-content\/uploads\/STANDEX-SOFT-BLANC-scaled.jpg","contentUrl":"https:\/\/www.azur-scenic.com\/wp-content\/uploads\/STANDEX-SOFT-BLANC-scaled.jpg","width":2560,"height":2560,"caption":"STANDEX SOFT BLANC"},{"@type":"BreadcrumbList","@id":"https:\/\/www.azur-scenic.com\/pt-pt\/produto\/standex-soft\/#breadcrumb","itemListElement":[{"@type":"ListItem","position":1,"name":"Accueil","item":"https:\/\/www.azur-scenic.com\/pt-pt\/"},{"@type":"ListItem","position":2,"name":"Produits","item":"https:\/\/www.azur-scenic.com\/pt-pt\/?page_id=21439"},{"@type":"ListItem","position":3,"name":"Standex Soft"}]},{"@type":"WebSite","@id":"https:\/\/www.azur-scenic.com\/pt-pt\/#website","url":"https:\/\/www.azur-scenic.com\/pt-pt\/","name":"Azur Scenic","description":"Sp\u00e9cialiste de l\u2019\u00e9quipement sc\u00e9nique et de la d\u00e9coration int\u00e9rieure et \u00e9v\u00e9nementielle !","publisher":{"@id":"https:\/\/www.azur-scenic.com\/pt-pt\/#organization"},"potentialAction":[{"@type":"SearchAction","target":{"@type":"EntryPoint","urlTemplate":"https:\/\/www.azur-scenic.com\/pt-pt\/?s={search_term_string}"},"query-input":{"@type":"PropertyValueSpecification","valueRequired":true,"valueName":"search_term_string"}}],"inLanguage":"pt-PT"},{"@type":"Organization","@id":"https:\/\/www.azur-scenic.com\/pt-pt\/#organization","name":"AZUR SCENIC","url":"https:\/\/www.azur-scenic.com\/pt-pt\/","logo":{"@type":"ImageObject","inLanguage":"pt-PT","@id":"https:\/\/www.azur-scenic.com\/pt-pt\/#\/schema\/logo\/image\/","url":"https:\/\/www.azur-scenic.com\/wp-content\/uploads\/2022\/09\/LOGO-AZUR-SCENIC-Fusion-web-236x64-1.jpg","contentUrl":"https:\/\/www.azur-scenic.com\/wp-content\/uploads\/2022\/09\/LOGO-AZUR-SCENIC-Fusion-web-236x64-1.jpg","width":236,"height":64,"caption":"AZUR SCENIC"},"image":{"@id":"https:\/\/www.azur-scenic.com\/pt-pt\/#\/schema\/logo\/image\/"},"sameAs":["https:\/\/www.youtube.com\/channel\/UCPWM2mGPVUt4nYhNlm71WOA","https:\/\/www.linkedin.com\/company\/33237605\/admin\/feed\/posts\/"]}]}},"_links":{"self":[{"href":"https:\/\/www.azur-scenic.com\/pt-pt\/wp-json\/wp\/v2\/product\/17405","targetHints":{"allow":["GET"]}}],"collection":[{"href":"https:\/\/www.azur-scenic.com\/pt-pt\/wp-json\/wp\/v2\/product"}],"about":[{"href":"https:\/\/www.azur-scenic.com\/pt-pt\/wp-json\/wp\/v2\/types\/product"}],"wp:featuredmedia":[{"embeddable":true,"href":"https:\/\/www.azur-scenic.com\/pt-pt\/wp-json\/wp\/v2\/media\/16843"}],"wp:attachment":[{"href":"https:\/\/www.azur-scenic.com\/pt-pt\/wp-json\/wp\/v2\/media?parent=17405"}],"wp:term":[{"taxonomy":"product_brand","embeddable":true,"href":"https:\/\/www.azur-scenic.com\/pt-pt\/wp-json\/wp\/v2\/product_brand?post=17405"},{"taxonomy":"product_cat","embeddable":true,"href":"https:\/\/www.azur-scenic.com\/pt-pt\/wp-json\/wp\/v2\/product_cat?post=17405"},{"taxonomy":"product_tag","embeddable":true,"href":"https:\/\/www.azur-scenic.com\/pt-pt\/wp-json\/wp\/v2\/product_tag?post=17405"}],"curies":[{"name":"wp","href":"https:\/\/api.w.org\/{rel}","templated":true}]}}