{"id":17411,"date":"2022-10-04T07:28:25","date_gmt":"2022-10-04T07:28:25","guid":{"rendered":"https:\/\/www.azur-scenic.com\/produit\/tulle-gobelin-mat-cs\/"},"modified":"2024-10-10T12:04:10","modified_gmt":"2024-10-10T12:04:10","slug":"tule-gobelin-mat-cs","status":"publish","type":"product","link":"https:\/\/www.azur-scenic.com\/pt-pt\/produto\/tule-gobelin-mat-cs\/","title":{"rendered":"Tule Gobelin Mat CS"},"content":{"rendered":"<table>\n<thead>\n<tr>\n<th style=\"width: 170px;\">Dados t\u00e9cnicos<\/th>\n<th>Valor<\/th>\n<th>Coment\u00e1rio<\/th>\n<\/tr>\n<\/thead>\n<tbody>\n<tr>\n<td style=\"vertical-align: top;\">Tamanho da malha<\/td>\n<td style=\"vertical-align: top;\">4 x 2 mm<\/td>\n<td style=\"vertical-align: top;\">Malha \u201cdente de tubar\u00e3o\u201d tecida com dois fios<\/td>\n<\/tr>\n<tr>\n<td style=\"vertical-align: top;\">Largura<\/td>\n<td style=\"vertical-align: top;\">600 cm<\/td>\n<td>&nbsp;<\/td>\n<\/tr>\n<tr>\n<td style=\"vertical-align: top;\">Peso<\/td>\n<td style=\"vertical-align: top;\">120 g\/m\u00b2<\/td>\n<td>&nbsp;<\/td>\n<\/tr>\n<tr>\n<td style=\"vertical-align: top;\">Espessura<\/td>\n<td style=\"vertical-align: top;\">0,93 mm<\/td>\n<td>&nbsp;<\/td>\n<\/tr>\n<tr>\n<td style=\"vertical-align: top;\">Classifica\u00e7\u00e3o de rea\u00e7\u00e3o ao fogo<\/td>\n<td style=\"vertical-align: top;\"><img decoding=\"async\" style=\"height: 20px; width: 20px;\" src=\"https:\/\/www.azur-scenic.com\/wp-content\/uploads\/icon-flag-france.png?1542281963\" \/> M1<\/td>\n<td>Norma: NF P 92-503-507<\/td>\n<\/tr>\n<tr>\n<td style=\"vertical-align: top;\">Composi\u00e7\u00e3o<\/td>\n<td style=\"vertical-align: top;\" colspan=\"2\" rowspan=\"1\">100% poli\u00e9ster FR<\/td>\n<\/tr>\n<tr>\n<td style=\"vertical-align: top;\">Comprimento do rolo<\/td>\n<td style=\"vertical-align: top;\">\u00b1 50 a 70 m<\/td>\n<td style=\"vertical-align: top;\">Enrolado dobrado (em 3 m)<br \/>\nPossibilidade de venda a retalho<\/td>\n<\/tr>\n<\/tbody>\n<\/table>\n","protected":false},"excerpt":{"rendered":"<p><em><strong>Este produto est\u00e1 a ser descontinuado enquanto durarem os stocks, apenas em branco. <\/strong><\/em><br \/>\n<em><strong>O certificado M1 data de 2018 e n\u00e3o foi renovado. <\/strong><\/em><br \/>\n<em><strong>Como substituto, ver a refer\u00eancia <a href=\"https:\/\/www.azur-scenic.com\/pt-pt\/produto\/tule-gobelin-cs\/\">Tule Gobelin CS<\/a>. <\/strong><\/em><\/p>\n<p>O equivalente do incontorn\u00e1vel Tule Gobelin numa vers\u00e3o \u00e0 <span style=\"color: #f88523;\"><strong>prova de \u00e1gua<\/strong><\/span>!<br \/>\nFabricado em poli\u00e9ster FR, este tule classificado <span style=\"color: #f88523;\"><strong>ultramate<\/strong><\/span> de classe <span style=\"color: #f88523;\"><strong>M1<\/strong><\/span> de rea\u00e7\u00e3o ao fogo (ign\u00edfugo), \u00e9 <span style=\"color: #f88523;\"><strong>lav\u00e1vel<\/strong><\/span> (mantendo as suas propriedades de resist\u00eancia ao fogo) e adequado tanto para uso <span style=\"color: #f88523;\"><strong>interior<\/strong><\/span> como exterior.<\/p>\n<p>Este <span style=\"color: #f88523;\"><strong>tule c\u00e9nico<\/strong><\/span>, fabricado numa malha retangular designada &#8220;dente de tubar\u00e3o&#8221;, \u00e9 ideal para os <span style=\"color: #f88523;\"><strong>efeitos de apari\u00e7\u00e3o\/desapari\u00e7\u00e3o<\/strong><\/span> praticados no teatro.<br \/>\nJogando com a ilumina\u00e7\u00e3o, \u00e9 poss\u00edvel fazer aparecer os elementos situados na parte de tr\u00e1s do tule (ilumina\u00e7\u00e3o traseira tornando o tule transparente) ou faz\u00ea-los desaparecer completamente da vista do p\u00fablico (ilumina\u00e7\u00e3o frontal e\/ou lateral tornando o tule opaco).<br \/>\nTamb\u00e9m pode ser usado como meio criativo para <span style=\"color: #f88523;\"><strong>proje\u00e7\u00e3o<\/strong><\/span> e <span style=\"color: #f88523;\"><strong>retroproje\u00e7\u00e3o<\/strong><\/span>, e pode ser usado duplamente para criar <span style=\"color: #f88523;\"><strong>&#8220;efeitos de moir\u00e9&#8221;<\/strong><\/span>(reflexo ondulado).<br \/>\n\u00c9 tamb\u00e9m adequado para a <span style=\"color: #f88523;\"><strong>pintura<\/strong><\/span> permitindo criar cen\u00e1rios grandiosos.<br \/>\nComo a maioria dos tules, permite a passagem do som com perfeita <span style=\"color: #f88523;\"><strong>transpar\u00eancia ac\u00fastica<\/strong><\/span>, podendo assim ser instalado em frente de colunas de som sem qualquer problema.<\/p>\n<p>&nbsp;<\/p>\n<table class=\"table\">\n<tbody>\n<tr>\n<td><strong>Largura<\/strong>: 600 cm<\/td>\n<td><strong>Peso<\/strong>: 120 g\/m\u00b2<\/td>\n<\/tr>\n<tr>\n<td><strong>Classifica\u00e7\u00e3o de rea\u00e7\u00e3o ao fogo<\/strong>: <img decoding=\"async\" style=\"height: 20px; width: 20px;\" src=\"https:\/\/www.azur-scenic.com\/wp-content\/uploads\/icon-flag-france.png?1542281963\" \/> M1<\/td>\n<td><strong>Composi\u00e7\u00e3o<\/strong>: 100% poli\u00e9ster FR<\/td>\n<\/tr>\n<\/tbody>\n<\/table>\n","protected":false},"featured_media":13888,"template":"","meta":{"_acf_changed":false},"product_brand":[],"product_cat":[921,916,1134,984,1135],"product_tag":[],"class_list":{"0":"post-17411","1":"product","2":"type-product","3":"status-publish","4":"has-post-thumbnail","6":"product_cat-todos-os-produtos","7":"product_cat-texteis-cenicos-e-para-eventos","8":"product_cat-tules","9":"product_cat-solucoes-acusticas","10":"product_cat-transparencia-acustica","11":"pa_couleurs-002-branco","12":"pa_groupes-de-couleurs-branco","13":"pa_textiles-adaptado-para-exterior","14":"pa_textiles-classificacao-de-reacao-ao-fogo-ignifugo","15":"pa_textiles-efeitos-especiais","16":"pa_textiles-lavavel","17":"pa_textiles-projecao-frontal","18":"pa_textiles-retroprojecao","19":"pa_textiles-transparencia-acustica","20":"pa_textiles-transparentes-e-translucidos","21":"pa_textiles-larguras-muito-grandes","23":"first","24":"instock","25":"shipping-taxable","26":"purchasable","27":"product-type-variable"},"acf":[],"yoast_head":"<!-- This site is optimized with the Yoast SEO plugin v27.1.1 - https:\/\/yoast.com\/product\/yoast-seo-wordpress\/ -->\n<title>Tule Gobelin Mat CS - Azur Scenic<\/title>\n<meta name=\"robots\" content=\"index, follow, max-snippet:-1, max-image-preview:large, max-video-preview:-1\" \/>\n<link rel=\"canonical\" href=\"https:\/\/www.azur-scenic.com\/pt-pt\/produto\/tule-gobelin-mat-cs\/\" \/>\n<meta property=\"og:locale\" content=\"pt_PT\" \/>\n<meta property=\"og:type\" content=\"article\" \/>\n<meta property=\"og:title\" content=\"Tule Gobelin Mat CS - Azur Scenic\" \/>\n<meta property=\"og:description\" content=\"Este produto est\u00e1 a ser descontinuado enquanto durarem os stocks, apenas em branco.  O certificado M1 data de 2018 e n\u00e3o foi renovado.  Como substituto, ver a refer\u00eancia Tule Gobelin CS.  O equivalente do incontorn\u00e1vel Tule Gobelin numa vers\u00e3o \u00e0 prova de \u00e1gua! Fabricado em poli\u00e9ster FR, este tule classificado ultramate de classe M1 de rea\u00e7\u00e3o ao fogo (ign\u00edfugo), \u00e9 lav\u00e1vel (mantendo as suas propriedades de resist\u00eancia ao fogo) e adequado tanto para uso interior como exterior. Este tule c\u00e9nico, fabricado numa malha retangular designada &quot;dente de tubar\u00e3o&quot;, \u00e9 ideal para os efeitos de apari\u00e7\u00e3o\/desapari\u00e7\u00e3o praticados no teatro. Jogando com a ilumina\u00e7\u00e3o, \u00e9 poss\u00edvel fazer aparecer os elementos situados na parte de tr\u00e1s do tule (ilumina\u00e7\u00e3o traseira tornando o tule transparente) ou faz\u00ea-los desaparecer completamente da vista do p\u00fablico (ilumina\u00e7\u00e3o frontal e\/ou lateral tornando o tule opaco). Tamb\u00e9m pode ser usado como meio criativo para proje\u00e7\u00e3o e retroproje\u00e7\u00e3o, e pode ser usado duplamente para criar &quot;efeitos de moir\u00e9&quot;(reflexo ondulado). \u00c9 tamb\u00e9m adequado para a pintura permitindo criar cen\u00e1rios grandiosos. Como a maioria dos tules, permite a passagem do som com perfeita transpar\u00eancia ac\u00fastica, podendo assim ser instalado em frente de colunas de som sem qualquer problema. &nbsp;    Largura: 600 cm Peso: 120 g\/m\u00b2   Classifica\u00e7\u00e3o de rea\u00e7\u00e3o ao fogo: M1 Composi\u00e7\u00e3o: 100% poli\u00e9ster FR\" \/>\n<meta property=\"og:url\" content=\"https:\/\/www.azur-scenic.com\/pt-pt\/produto\/tule-gobelin-mat-cs\/\" \/>\n<meta property=\"og:site_name\" content=\"Azur Scenic\" \/>\n<meta property=\"article:modified_time\" content=\"2024-10-10T12:04:10+00:00\" \/>\n<meta property=\"og:image\" content=\"https:\/\/www.azur-scenic.com\/wp-content\/uploads\/GOBELIN-CS-MAT-BLANC-scaled.jpg\" \/>\n\t<meta property=\"og:image:width\" content=\"2560\" \/>\n\t<meta property=\"og:image:height\" content=\"2560\" \/>\n\t<meta property=\"og:image:type\" content=\"image\/jpeg\" \/>\n<meta name=\"twitter:card\" content=\"summary_large_image\" \/>\n<meta name=\"twitter:label1\" content=\"Tempo estimado de leitura\" \/>\n\t<meta name=\"twitter:data1\" content=\"1 minuto\" \/>\n<script type=\"application\/ld+json\" class=\"yoast-schema-graph\">{\"@context\":\"https:\/\/schema.org\",\"@graph\":[{\"@type\":\"WebPage\",\"@id\":\"https:\/\/www.azur-scenic.com\/pt-pt\/produto\/tule-gobelin-mat-cs\/\",\"url\":\"https:\/\/www.azur-scenic.com\/pt-pt\/produto\/tule-gobelin-mat-cs\/\",\"name\":\"Tule Gobelin Mat CS - Azur Scenic\",\"isPartOf\":{\"@id\":\"https:\/\/www.azur-scenic.com\/pt-pt\/#website\"},\"primaryImageOfPage\":{\"@id\":\"https:\/\/www.azur-scenic.com\/pt-pt\/produto\/tule-gobelin-mat-cs\/#primaryimage\"},\"image\":{\"@id\":\"https:\/\/www.azur-scenic.com\/pt-pt\/produto\/tule-gobelin-mat-cs\/#primaryimage\"},\"thumbnailUrl\":\"https:\/\/www.azur-scenic.com\/wp-content\/uploads\/GOBELIN-CS-MAT-BLANC-scaled.jpg\",\"datePublished\":\"2022-10-04T07:28:25+00:00\",\"dateModified\":\"2024-10-10T12:04:10+00:00\",\"breadcrumb\":{\"@id\":\"https:\/\/www.azur-scenic.com\/pt-pt\/produto\/tule-gobelin-mat-cs\/#breadcrumb\"},\"inLanguage\":\"pt-PT\",\"potentialAction\":[{\"@type\":\"ReadAction\",\"target\":[\"https:\/\/www.azur-scenic.com\/pt-pt\/produto\/tule-gobelin-mat-cs\/\"]}]},{\"@type\":\"ImageObject\",\"inLanguage\":\"pt-PT\",\"@id\":\"https:\/\/www.azur-scenic.com\/pt-pt\/produto\/tule-gobelin-mat-cs\/#primaryimage\",\"url\":\"https:\/\/www.azur-scenic.com\/wp-content\/uploads\/GOBELIN-CS-MAT-BLANC-scaled.jpg\",\"contentUrl\":\"https:\/\/www.azur-scenic.com\/wp-content\/uploads\/GOBELIN-CS-MAT-BLANC-scaled.jpg\",\"width\":2560,\"height\":2560,\"caption\":\"TULLE GOBELIN CS MAT BLANC\"},{\"@type\":\"BreadcrumbList\",\"@id\":\"https:\/\/www.azur-scenic.com\/pt-pt\/produto\/tule-gobelin-mat-cs\/#breadcrumb\",\"itemListElement\":[{\"@type\":\"ListItem\",\"position\":1,\"name\":\"Accueil\",\"item\":\"https:\/\/www.azur-scenic.com\/pt-pt\/\"},{\"@type\":\"ListItem\",\"position\":2,\"name\":\"Produits\",\"item\":\"https:\/\/www.azur-scenic.com\/pt-pt\/?page_id=21439\"},{\"@type\":\"ListItem\",\"position\":3,\"name\":\"Tule Gobelin Mat CS\"}]},{\"@type\":\"WebSite\",\"@id\":\"https:\/\/www.azur-scenic.com\/pt-pt\/#website\",\"url\":\"https:\/\/www.azur-scenic.com\/pt-pt\/\",\"name\":\"Azur Scenic\",\"description\":\"Sp\u00e9cialiste de l\u2019\u00e9quipement sc\u00e9nique et de la d\u00e9coration int\u00e9rieure et \u00e9v\u00e9nementielle !\",\"publisher\":{\"@id\":\"https:\/\/www.azur-scenic.com\/pt-pt\/#organization\"},\"potentialAction\":[{\"@type\":\"SearchAction\",\"target\":{\"@type\":\"EntryPoint\",\"urlTemplate\":\"https:\/\/www.azur-scenic.com\/pt-pt\/?s={search_term_string}\"},\"query-input\":{\"@type\":\"PropertyValueSpecification\",\"valueRequired\":true,\"valueName\":\"search_term_string\"}}],\"inLanguage\":\"pt-PT\"},{\"@type\":\"Organization\",\"@id\":\"https:\/\/www.azur-scenic.com\/pt-pt\/#organization\",\"name\":\"AZUR SCENIC\",\"url\":\"https:\/\/www.azur-scenic.com\/pt-pt\/\",\"logo\":{\"@type\":\"ImageObject\",\"inLanguage\":\"pt-PT\",\"@id\":\"https:\/\/www.azur-scenic.com\/pt-pt\/#\/schema\/logo\/image\/\",\"url\":\"https:\/\/www.azur-scenic.com\/wp-content\/uploads\/2022\/09\/LOGO-AZUR-SCENIC-Fusion-web-236x64-1.jpg\",\"contentUrl\":\"https:\/\/www.azur-scenic.com\/wp-content\/uploads\/2022\/09\/LOGO-AZUR-SCENIC-Fusion-web-236x64-1.jpg\",\"width\":236,\"height\":64,\"caption\":\"AZUR SCENIC\"},\"image\":{\"@id\":\"https:\/\/www.azur-scenic.com\/pt-pt\/#\/schema\/logo\/image\/\"},\"sameAs\":[\"https:\/\/www.youtube.com\/channel\/UCPWM2mGPVUt4nYhNlm71WOA\",\"https:\/\/www.linkedin.com\/company\/33237605\/admin\/feed\/posts\/\"]}]}<\/script>\n<!-- \/ Yoast SEO plugin. -->","yoast_head_json":{"title":"Tule Gobelin Mat CS - Azur Scenic","robots":{"index":"index","follow":"follow","max-snippet":"max-snippet:-1","max-image-preview":"max-image-preview:large","max-video-preview":"max-video-preview:-1"},"canonical":"https:\/\/www.azur-scenic.com\/pt-pt\/produto\/tule-gobelin-mat-cs\/","og_locale":"pt_PT","og_type":"article","og_title":"Tule Gobelin Mat CS - Azur Scenic","og_description":"Este produto est\u00e1 a ser descontinuado enquanto durarem os stocks, apenas em branco.  O certificado M1 data de 2018 e n\u00e3o foi renovado.  Como substituto, ver a refer\u00eancia Tule Gobelin CS.  O equivalente do incontorn\u00e1vel Tule Gobelin numa vers\u00e3o \u00e0 prova de \u00e1gua! Fabricado em poli\u00e9ster FR, este tule classificado ultramate de classe M1 de rea\u00e7\u00e3o ao fogo (ign\u00edfugo), \u00e9 lav\u00e1vel (mantendo as suas propriedades de resist\u00eancia ao fogo) e adequado tanto para uso interior como exterior. Este tule c\u00e9nico, fabricado numa malha retangular designada \"dente de tubar\u00e3o\", \u00e9 ideal para os efeitos de apari\u00e7\u00e3o\/desapari\u00e7\u00e3o praticados no teatro. Jogando com a ilumina\u00e7\u00e3o, \u00e9 poss\u00edvel fazer aparecer os elementos situados na parte de tr\u00e1s do tule (ilumina\u00e7\u00e3o traseira tornando o tule transparente) ou faz\u00ea-los desaparecer completamente da vista do p\u00fablico (ilumina\u00e7\u00e3o frontal e\/ou lateral tornando o tule opaco). Tamb\u00e9m pode ser usado como meio criativo para proje\u00e7\u00e3o e retroproje\u00e7\u00e3o, e pode ser usado duplamente para criar \"efeitos de moir\u00e9\"(reflexo ondulado). \u00c9 tamb\u00e9m adequado para a pintura permitindo criar cen\u00e1rios grandiosos. Como a maioria dos tules, permite a passagem do som com perfeita transpar\u00eancia ac\u00fastica, podendo assim ser instalado em frente de colunas de som sem qualquer problema. &nbsp;    Largura: 600 cm Peso: 120 g\/m\u00b2   Classifica\u00e7\u00e3o de rea\u00e7\u00e3o ao fogo: M1 Composi\u00e7\u00e3o: 100% poli\u00e9ster FR","og_url":"https:\/\/www.azur-scenic.com\/pt-pt\/produto\/tule-gobelin-mat-cs\/","og_site_name":"Azur Scenic","article_modified_time":"2024-10-10T12:04:10+00:00","og_image":[{"width":2560,"height":2560,"url":"https:\/\/www.azur-scenic.com\/wp-content\/uploads\/GOBELIN-CS-MAT-BLANC-scaled.jpg","type":"image\/jpeg"}],"twitter_card":"summary_large_image","twitter_misc":{"Tempo estimado de leitura":"1 minuto"},"schema":{"@context":"https:\/\/schema.org","@graph":[{"@type":"WebPage","@id":"https:\/\/www.azur-scenic.com\/pt-pt\/produto\/tule-gobelin-mat-cs\/","url":"https:\/\/www.azur-scenic.com\/pt-pt\/produto\/tule-gobelin-mat-cs\/","name":"Tule Gobelin Mat CS - Azur Scenic","isPartOf":{"@id":"https:\/\/www.azur-scenic.com\/pt-pt\/#website"},"primaryImageOfPage":{"@id":"https:\/\/www.azur-scenic.com\/pt-pt\/produto\/tule-gobelin-mat-cs\/#primaryimage"},"image":{"@id":"https:\/\/www.azur-scenic.com\/pt-pt\/produto\/tule-gobelin-mat-cs\/#primaryimage"},"thumbnailUrl":"https:\/\/www.azur-scenic.com\/wp-content\/uploads\/GOBELIN-CS-MAT-BLANC-scaled.jpg","datePublished":"2022-10-04T07:28:25+00:00","dateModified":"2024-10-10T12:04:10+00:00","breadcrumb":{"@id":"https:\/\/www.azur-scenic.com\/pt-pt\/produto\/tule-gobelin-mat-cs\/#breadcrumb"},"inLanguage":"pt-PT","potentialAction":[{"@type":"ReadAction","target":["https:\/\/www.azur-scenic.com\/pt-pt\/produto\/tule-gobelin-mat-cs\/"]}]},{"@type":"ImageObject","inLanguage":"pt-PT","@id":"https:\/\/www.azur-scenic.com\/pt-pt\/produto\/tule-gobelin-mat-cs\/#primaryimage","url":"https:\/\/www.azur-scenic.com\/wp-content\/uploads\/GOBELIN-CS-MAT-BLANC-scaled.jpg","contentUrl":"https:\/\/www.azur-scenic.com\/wp-content\/uploads\/GOBELIN-CS-MAT-BLANC-scaled.jpg","width":2560,"height":2560,"caption":"TULLE GOBELIN CS MAT BLANC"},{"@type":"BreadcrumbList","@id":"https:\/\/www.azur-scenic.com\/pt-pt\/produto\/tule-gobelin-mat-cs\/#breadcrumb","itemListElement":[{"@type":"ListItem","position":1,"name":"Accueil","item":"https:\/\/www.azur-scenic.com\/pt-pt\/"},{"@type":"ListItem","position":2,"name":"Produits","item":"https:\/\/www.azur-scenic.com\/pt-pt\/?page_id=21439"},{"@type":"ListItem","position":3,"name":"Tule Gobelin Mat CS"}]},{"@type":"WebSite","@id":"https:\/\/www.azur-scenic.com\/pt-pt\/#website","url":"https:\/\/www.azur-scenic.com\/pt-pt\/","name":"Azur Scenic","description":"Sp\u00e9cialiste de l\u2019\u00e9quipement sc\u00e9nique et de la d\u00e9coration int\u00e9rieure et \u00e9v\u00e9nementielle !","publisher":{"@id":"https:\/\/www.azur-scenic.com\/pt-pt\/#organization"},"potentialAction":[{"@type":"SearchAction","target":{"@type":"EntryPoint","urlTemplate":"https:\/\/www.azur-scenic.com\/pt-pt\/?s={search_term_string}"},"query-input":{"@type":"PropertyValueSpecification","valueRequired":true,"valueName":"search_term_string"}}],"inLanguage":"pt-PT"},{"@type":"Organization","@id":"https:\/\/www.azur-scenic.com\/pt-pt\/#organization","name":"AZUR SCENIC","url":"https:\/\/www.azur-scenic.com\/pt-pt\/","logo":{"@type":"ImageObject","inLanguage":"pt-PT","@id":"https:\/\/www.azur-scenic.com\/pt-pt\/#\/schema\/logo\/image\/","url":"https:\/\/www.azur-scenic.com\/wp-content\/uploads\/2022\/09\/LOGO-AZUR-SCENIC-Fusion-web-236x64-1.jpg","contentUrl":"https:\/\/www.azur-scenic.com\/wp-content\/uploads\/2022\/09\/LOGO-AZUR-SCENIC-Fusion-web-236x64-1.jpg","width":236,"height":64,"caption":"AZUR SCENIC"},"image":{"@id":"https:\/\/www.azur-scenic.com\/pt-pt\/#\/schema\/logo\/image\/"},"sameAs":["https:\/\/www.youtube.com\/channel\/UCPWM2mGPVUt4nYhNlm71WOA","https:\/\/www.linkedin.com\/company\/33237605\/admin\/feed\/posts\/"]}]}},"_links":{"self":[{"href":"https:\/\/www.azur-scenic.com\/pt-pt\/wp-json\/wp\/v2\/product\/17411","targetHints":{"allow":["GET"]}}],"collection":[{"href":"https:\/\/www.azur-scenic.com\/pt-pt\/wp-json\/wp\/v2\/product"}],"about":[{"href":"https:\/\/www.azur-scenic.com\/pt-pt\/wp-json\/wp\/v2\/types\/product"}],"wp:featuredmedia":[{"embeddable":true,"href":"https:\/\/www.azur-scenic.com\/pt-pt\/wp-json\/wp\/v2\/media\/13888"}],"wp:attachment":[{"href":"https:\/\/www.azur-scenic.com\/pt-pt\/wp-json\/wp\/v2\/media?parent=17411"}],"wp:term":[{"taxonomy":"product_brand","embeddable":true,"href":"https:\/\/www.azur-scenic.com\/pt-pt\/wp-json\/wp\/v2\/product_brand?post=17411"},{"taxonomy":"product_cat","embeddable":true,"href":"https:\/\/www.azur-scenic.com\/pt-pt\/wp-json\/wp\/v2\/product_cat?post=17411"},{"taxonomy":"product_tag","embeddable":true,"href":"https:\/\/www.azur-scenic.com\/pt-pt\/wp-json\/wp\/v2\/product_tag?post=17411"}],"curies":[{"name":"wp","href":"https:\/\/api.w.org\/{rel}","templated":true}]}}