{"id":17511,"date":"2022-10-04T07:28:01","date_gmt":"2022-10-04T07:28:01","guid":{"rendered":"https:\/\/www.azur-scenic.com\/produit\/pince-a-cyclo-clip-mini\/"},"modified":"2023-08-02T13:25:38","modified_gmt":"2023-08-02T13:25:38","slug":"pinca-de-ciclorama-clip-mini","status":"publish","type":"product","link":"https:\/\/www.azur-scenic.com\/pt-pt\/produto\/pinca-de-ciclorama-clip-mini\/","title":{"rendered":"Pin\u00e7a de ciclorama Clip Mini"},"content":{"rendered":"<\/p>\n","protected":false},"excerpt":{"rendered":"<p><strong>Pin\u00e7a pl\u00e1stica multiusos pequena, especialmente utilizada para esticar ecr\u00e3s ou tecidos confecionados sem acabamentos.<\/strong><\/p>\n<p><strong>Acondicionamento<\/strong>: \u00e0 unidade<\/p>\n<p><strong>Cores<\/strong>: Branco ou Negro<\/p>\n<p><strong>Dimens\u00f5es<\/strong>: 35 x 45 mm<\/p>\n<p><strong>Descri\u00e7\u00e3o sum\u00e1ria<\/strong>:<br \/>\nMunida de uma abertura \u00d8 9 mm que permite amarrar uma corda, pendurar um esticador\/cabiclic, fazer deslizar um arame de registo, passar um cadar\u00e7o para amarrar sobre ou por baixo de uma percha&#8230;<\/p>\n<p><strong>Refer\u00eancias<\/strong>:<\/p>\n<ul>\n<li>AIPCMIB \u2013 Branco<\/li>\n<li>AIPCMIN \u2013 Negro<\/li>\n<\/ul>\n","protected":false},"featured_media":8014,"template":"","meta":{"_acf_changed":false},"product_brand":[],"product_cat":[921,1228,1227],"product_tag":[],"class_list":{"0":"post-17511","1":"product","2":"type-product","3":"status-publish","4":"has-post-thumbnail","6":"product_cat-todos-os-produtos","7":"product_cat-acessorios-e-consumiveis","8":"product_cat-acessorios-para-suspensao","10":"first","11":"instock","12":"shipping-taxable","13":"purchasable","14":"product-type-simple"},"acf":[],"yoast_head":"<!-- This site is optimized with the Yoast SEO plugin v27.3 - https:\/\/yoast.com\/product\/yoast-seo-wordpress\/ -->\n<title>Pin\u00e7a de ciclorama Clip Mini - Azur Scenic<\/title>\n<meta name=\"robots\" content=\"index, follow, max-snippet:-1, max-image-preview:large, max-video-preview:-1\" \/>\n<link rel=\"canonical\" href=\"https:\/\/www.azur-scenic.com\/pt-pt\/produto\/pinca-de-ciclorama-clip-mini\/\" \/>\n<meta property=\"og:locale\" content=\"pt_PT\" \/>\n<meta property=\"og:type\" content=\"article\" \/>\n<meta property=\"og:title\" content=\"Pin\u00e7a de ciclorama Clip Mini - Azur Scenic\" \/>\n<meta property=\"og:description\" content=\"Pin\u00e7a pl\u00e1stica multiusos pequena, especialmente utilizada para esticar ecr\u00e3s ou tecidos confecionados sem acabamentos. Acondicionamento: \u00e0 unidade Cores: Branco ou Negro Dimens\u00f5es: 35 x 45 mm Descri\u00e7\u00e3o sum\u00e1ria: Munida de uma abertura \u00d8 9 mm que permite amarrar uma corda, pendurar um esticador\/cabiclic, fazer deslizar um arame de registo, passar um cadar\u00e7o para amarrar sobre ou por baixo de uma percha... Refer\u00eancias:  AIPCMIB \u2013 Branco AIPCMIN \u2013 Negro\" \/>\n<meta property=\"og:url\" content=\"https:\/\/www.azur-scenic.com\/pt-pt\/produto\/pinca-de-ciclorama-clip-mini\/\" \/>\n<meta property=\"og:site_name\" content=\"Azur Scenic\" \/>\n<meta property=\"article:modified_time\" content=\"2023-08-02T13:25:38+00:00\" \/>\n<meta property=\"og:image\" content=\"https:\/\/www.azur-scenic.com\/wp-content\/uploads\/d0ecd764b1b3a90e5911af8b51b8710c-scaled.jpg\" \/>\n\t<meta property=\"og:image:width\" content=\"2560\" \/>\n\t<meta property=\"og:image:height\" content=\"2560\" \/>\n\t<meta property=\"og:image:type\" content=\"image\/jpeg\" \/>\n<meta name=\"twitter:card\" content=\"summary_large_image\" \/>\n<script type=\"application\/ld+json\" class=\"yoast-schema-graph\">{\"@context\":\"https:\\\/\\\/schema.org\",\"@graph\":[{\"@type\":\"WebPage\",\"@id\":\"https:\\\/\\\/www.azur-scenic.com\\\/pt-pt\\\/produto\\\/pinca-de-ciclorama-clip-mini\\\/\",\"url\":\"https:\\\/\\\/www.azur-scenic.com\\\/pt-pt\\\/produto\\\/pinca-de-ciclorama-clip-mini\\\/\",\"name\":\"Pin\u00e7a de ciclorama Clip Mini - Azur Scenic\",\"isPartOf\":{\"@id\":\"https:\\\/\\\/www.azur-scenic.com\\\/pt-pt\\\/#website\"},\"primaryImageOfPage\":{\"@id\":\"https:\\\/\\\/www.azur-scenic.com\\\/pt-pt\\\/produto\\\/pinca-de-ciclorama-clip-mini\\\/#primaryimage\"},\"image\":{\"@id\":\"https:\\\/\\\/www.azur-scenic.com\\\/pt-pt\\\/produto\\\/pinca-de-ciclorama-clip-mini\\\/#primaryimage\"},\"thumbnailUrl\":\"https:\\\/\\\/www.azur-scenic.com\\\/wp-content\\\/uploads\\\/d0ecd764b1b3a90e5911af8b51b8710c-scaled.jpg\",\"datePublished\":\"2022-10-04T07:28:01+00:00\",\"dateModified\":\"2023-08-02T13:25:38+00:00\",\"breadcrumb\":{\"@id\":\"https:\\\/\\\/www.azur-scenic.com\\\/pt-pt\\\/produto\\\/pinca-de-ciclorama-clip-mini\\\/#breadcrumb\"},\"inLanguage\":\"pt-PT\",\"potentialAction\":[{\"@type\":\"ReadAction\",\"target\":[\"https:\\\/\\\/www.azur-scenic.com\\\/pt-pt\\\/produto\\\/pinca-de-ciclorama-clip-mini\\\/\"]}]},{\"@type\":\"ImageObject\",\"inLanguage\":\"pt-PT\",\"@id\":\"https:\\\/\\\/www.azur-scenic.com\\\/pt-pt\\\/produto\\\/pinca-de-ciclorama-clip-mini\\\/#primaryimage\",\"url\":\"https:\\\/\\\/www.azur-scenic.com\\\/wp-content\\\/uploads\\\/d0ecd764b1b3a90e5911af8b51b8710c-scaled.jpg\",\"contentUrl\":\"https:\\\/\\\/www.azur-scenic.com\\\/wp-content\\\/uploads\\\/d0ecd764b1b3a90e5911af8b51b8710c-scaled.jpg\",\"width\":2560,\"height\":2560},{\"@type\":\"BreadcrumbList\",\"@id\":\"https:\\\/\\\/www.azur-scenic.com\\\/pt-pt\\\/produto\\\/pinca-de-ciclorama-clip-mini\\\/#breadcrumb\",\"itemListElement\":[{\"@type\":\"ListItem\",\"position\":1,\"name\":\"Accueil\",\"item\":\"https:\\\/\\\/www.azur-scenic.com\\\/pt-pt\\\/\"},{\"@type\":\"ListItem\",\"position\":2,\"name\":\"Produits\",\"item\":\"https:\\\/\\\/www.azur-scenic.com\\\/pt-pt\\\/?page_id=21439\"},{\"@type\":\"ListItem\",\"position\":3,\"name\":\"Pin\u00e7a de ciclorama Clip Mini\"}]},{\"@type\":\"WebSite\",\"@id\":\"https:\\\/\\\/www.azur-scenic.com\\\/pt-pt\\\/#website\",\"url\":\"https:\\\/\\\/www.azur-scenic.com\\\/pt-pt\\\/\",\"name\":\"Azur Scenic\",\"description\":\"Sp\u00e9cialiste de l\u2019\u00e9quipement sc\u00e9nique et de la d\u00e9coration int\u00e9rieure et \u00e9v\u00e9nementielle !\",\"publisher\":{\"@id\":\"https:\\\/\\\/www.azur-scenic.com\\\/pt-pt\\\/#organization\"},\"potentialAction\":[{\"@type\":\"SearchAction\",\"target\":{\"@type\":\"EntryPoint\",\"urlTemplate\":\"https:\\\/\\\/www.azur-scenic.com\\\/pt-pt\\\/?s={search_term_string}\"},\"query-input\":{\"@type\":\"PropertyValueSpecification\",\"valueRequired\":true,\"valueName\":\"search_term_string\"}}],\"inLanguage\":\"pt-PT\"},{\"@type\":\"Organization\",\"@id\":\"https:\\\/\\\/www.azur-scenic.com\\\/pt-pt\\\/#organization\",\"name\":\"AZUR SCENIC\",\"url\":\"https:\\\/\\\/www.azur-scenic.com\\\/pt-pt\\\/\",\"logo\":{\"@type\":\"ImageObject\",\"inLanguage\":\"pt-PT\",\"@id\":\"https:\\\/\\\/www.azur-scenic.com\\\/pt-pt\\\/#\\\/schema\\\/logo\\\/image\\\/\",\"url\":\"https:\\\/\\\/www.azur-scenic.com\\\/wp-content\\\/uploads\\\/2022\\\/09\\\/LOGO-AZUR-SCENIC-Fusion-web-236x64-1.jpg\",\"contentUrl\":\"https:\\\/\\\/www.azur-scenic.com\\\/wp-content\\\/uploads\\\/2022\\\/09\\\/LOGO-AZUR-SCENIC-Fusion-web-236x64-1.jpg\",\"width\":236,\"height\":64,\"caption\":\"AZUR SCENIC\"},\"image\":{\"@id\":\"https:\\\/\\\/www.azur-scenic.com\\\/pt-pt\\\/#\\\/schema\\\/logo\\\/image\\\/\"},\"sameAs\":[\"https:\\\/\\\/www.youtube.com\\\/channel\\\/UCPWM2mGPVUt4nYhNlm71WOA\",\"https:\\\/\\\/www.linkedin.com\\\/company\\\/33237605\\\/admin\\\/feed\\\/posts\\\/\"]}]}<\/script>\n<!-- \/ Yoast SEO plugin. -->","yoast_head_json":{"title":"Pin\u00e7a de ciclorama Clip Mini - Azur Scenic","robots":{"index":"index","follow":"follow","max-snippet":"max-snippet:-1","max-image-preview":"max-image-preview:large","max-video-preview":"max-video-preview:-1"},"canonical":"https:\/\/www.azur-scenic.com\/pt-pt\/produto\/pinca-de-ciclorama-clip-mini\/","og_locale":"pt_PT","og_type":"article","og_title":"Pin\u00e7a de ciclorama Clip Mini - Azur Scenic","og_description":"Pin\u00e7a pl\u00e1stica multiusos pequena, especialmente utilizada para esticar ecr\u00e3s ou tecidos confecionados sem acabamentos. Acondicionamento: \u00e0 unidade Cores: Branco ou Negro Dimens\u00f5es: 35 x 45 mm Descri\u00e7\u00e3o sum\u00e1ria: Munida de uma abertura \u00d8 9 mm que permite amarrar uma corda, pendurar um esticador\/cabiclic, fazer deslizar um arame de registo, passar um cadar\u00e7o para amarrar sobre ou por baixo de uma percha... Refer\u00eancias:  AIPCMIB \u2013 Branco AIPCMIN \u2013 Negro","og_url":"https:\/\/www.azur-scenic.com\/pt-pt\/produto\/pinca-de-ciclorama-clip-mini\/","og_site_name":"Azur Scenic","article_modified_time":"2023-08-02T13:25:38+00:00","og_image":[{"width":2560,"height":2560,"url":"https:\/\/www.azur-scenic.com\/wp-content\/uploads\/d0ecd764b1b3a90e5911af8b51b8710c-scaled.jpg","type":"image\/jpeg"}],"twitter_card":"summary_large_image","schema":{"@context":"https:\/\/schema.org","@graph":[{"@type":"WebPage","@id":"https:\/\/www.azur-scenic.com\/pt-pt\/produto\/pinca-de-ciclorama-clip-mini\/","url":"https:\/\/www.azur-scenic.com\/pt-pt\/produto\/pinca-de-ciclorama-clip-mini\/","name":"Pin\u00e7a de ciclorama Clip Mini - Azur Scenic","isPartOf":{"@id":"https:\/\/www.azur-scenic.com\/pt-pt\/#website"},"primaryImageOfPage":{"@id":"https:\/\/www.azur-scenic.com\/pt-pt\/produto\/pinca-de-ciclorama-clip-mini\/#primaryimage"},"image":{"@id":"https:\/\/www.azur-scenic.com\/pt-pt\/produto\/pinca-de-ciclorama-clip-mini\/#primaryimage"},"thumbnailUrl":"https:\/\/www.azur-scenic.com\/wp-content\/uploads\/d0ecd764b1b3a90e5911af8b51b8710c-scaled.jpg","datePublished":"2022-10-04T07:28:01+00:00","dateModified":"2023-08-02T13:25:38+00:00","breadcrumb":{"@id":"https:\/\/www.azur-scenic.com\/pt-pt\/produto\/pinca-de-ciclorama-clip-mini\/#breadcrumb"},"inLanguage":"pt-PT","potentialAction":[{"@type":"ReadAction","target":["https:\/\/www.azur-scenic.com\/pt-pt\/produto\/pinca-de-ciclorama-clip-mini\/"]}]},{"@type":"ImageObject","inLanguage":"pt-PT","@id":"https:\/\/www.azur-scenic.com\/pt-pt\/produto\/pinca-de-ciclorama-clip-mini\/#primaryimage","url":"https:\/\/www.azur-scenic.com\/wp-content\/uploads\/d0ecd764b1b3a90e5911af8b51b8710c-scaled.jpg","contentUrl":"https:\/\/www.azur-scenic.com\/wp-content\/uploads\/d0ecd764b1b3a90e5911af8b51b8710c-scaled.jpg","width":2560,"height":2560},{"@type":"BreadcrumbList","@id":"https:\/\/www.azur-scenic.com\/pt-pt\/produto\/pinca-de-ciclorama-clip-mini\/#breadcrumb","itemListElement":[{"@type":"ListItem","position":1,"name":"Accueil","item":"https:\/\/www.azur-scenic.com\/pt-pt\/"},{"@type":"ListItem","position":2,"name":"Produits","item":"https:\/\/www.azur-scenic.com\/pt-pt\/?page_id=21439"},{"@type":"ListItem","position":3,"name":"Pin\u00e7a de ciclorama Clip Mini"}]},{"@type":"WebSite","@id":"https:\/\/www.azur-scenic.com\/pt-pt\/#website","url":"https:\/\/www.azur-scenic.com\/pt-pt\/","name":"Azur Scenic","description":"Sp\u00e9cialiste de l\u2019\u00e9quipement sc\u00e9nique et de la d\u00e9coration int\u00e9rieure et \u00e9v\u00e9nementielle !","publisher":{"@id":"https:\/\/www.azur-scenic.com\/pt-pt\/#organization"},"potentialAction":[{"@type":"SearchAction","target":{"@type":"EntryPoint","urlTemplate":"https:\/\/www.azur-scenic.com\/pt-pt\/?s={search_term_string}"},"query-input":{"@type":"PropertyValueSpecification","valueRequired":true,"valueName":"search_term_string"}}],"inLanguage":"pt-PT"},{"@type":"Organization","@id":"https:\/\/www.azur-scenic.com\/pt-pt\/#organization","name":"AZUR SCENIC","url":"https:\/\/www.azur-scenic.com\/pt-pt\/","logo":{"@type":"ImageObject","inLanguage":"pt-PT","@id":"https:\/\/www.azur-scenic.com\/pt-pt\/#\/schema\/logo\/image\/","url":"https:\/\/www.azur-scenic.com\/wp-content\/uploads\/2022\/09\/LOGO-AZUR-SCENIC-Fusion-web-236x64-1.jpg","contentUrl":"https:\/\/www.azur-scenic.com\/wp-content\/uploads\/2022\/09\/LOGO-AZUR-SCENIC-Fusion-web-236x64-1.jpg","width":236,"height":64,"caption":"AZUR SCENIC"},"image":{"@id":"https:\/\/www.azur-scenic.com\/pt-pt\/#\/schema\/logo\/image\/"},"sameAs":["https:\/\/www.youtube.com\/channel\/UCPWM2mGPVUt4nYhNlm71WOA","https:\/\/www.linkedin.com\/company\/33237605\/admin\/feed\/posts\/"]}]}},"_links":{"self":[{"href":"https:\/\/www.azur-scenic.com\/pt-pt\/wp-json\/wp\/v2\/product\/17511","targetHints":{"allow":["GET"]}}],"collection":[{"href":"https:\/\/www.azur-scenic.com\/pt-pt\/wp-json\/wp\/v2\/product"}],"about":[{"href":"https:\/\/www.azur-scenic.com\/pt-pt\/wp-json\/wp\/v2\/types\/product"}],"wp:featuredmedia":[{"embeddable":true,"href":"https:\/\/www.azur-scenic.com\/pt-pt\/wp-json\/wp\/v2\/media\/8014"}],"wp:attachment":[{"href":"https:\/\/www.azur-scenic.com\/pt-pt\/wp-json\/wp\/v2\/media?parent=17511"}],"wp:term":[{"taxonomy":"product_brand","embeddable":true,"href":"https:\/\/www.azur-scenic.com\/pt-pt\/wp-json\/wp\/v2\/product_brand?post=17511"},{"taxonomy":"product_cat","embeddable":true,"href":"https:\/\/www.azur-scenic.com\/pt-pt\/wp-json\/wp\/v2\/product_cat?post=17511"},{"taxonomy":"product_tag","embeddable":true,"href":"https:\/\/www.azur-scenic.com\/pt-pt\/wp-json\/wp\/v2\/product_tag?post=17511"}],"curies":[{"name":"wp","href":"https:\/\/api.w.org\/{rel}","templated":true}]}}