{"id":17518,"date":"2022-10-04T07:28:01","date_gmt":"2022-10-04T07:28:01","guid":{"rendered":"https:\/\/www.azur-scenic.com\/produit\/perches-manchonnables\/"},"modified":"2023-08-02T13:25:42","modified_gmt":"2023-08-02T13:25:42","slug":"perchas-interligaveis","status":"publish","type":"product","link":"https:\/\/www.azur-scenic.com\/pt-pt\/produto\/perchas-interligaveis\/","title":{"rendered":"Perchas interlig\u00e1veis"},"content":{"rendered":"<p><p>\u00a0<\/p>\n<p><span style=\"color: #f09046;\"><strong>AIPMAC &#8211; Perchas de a\u00e7o<\/strong><\/span><\/p>\n<table>\n<thead>\n<tr>\n<th style=\"width: 200px;\">Ref.<\/th>\n<th style=\"width: 200px;\">Mat\u00e9ria<\/th>\n<th style=\"width: 200px;\">\u00d8<\/th>\n<th style=\"width: 200px;\">Comprimento<\/th>\n<th style=\"width: 145px;\">Cores<\/th>\n<th style=\"width: 184px;\">Peso<\/th>\n<\/tr>\n<\/thead>\n<tbody>\n<tr>\n<td style=\"vertical-align: top; width: 200px;\">AIPMAC35100N<\/td>\n<td style=\"vertical-align: top; width: 200px;\">A\u00e7o<\/td>\n<td style=\"vertical-align: top; width: 200px;\">35 mm<\/td>\n<td style=\"vertical-align: top; width: 200px;\">1 m<\/td>\n<td style=\"vertical-align: top; width: 145px;\">Negro<\/td>\n<td style=\"vertical-align: top; width: 184px;\">2 kg<\/td>\n<\/tr>\n<tr>\n<td style=\"vertical-align: top; width: 200px;\">AIPMAC35200N<\/td>\n<td style=\"vertical-align: top; width: 200px;\">A\u00e7o<\/td>\n<td style=\"vertical-align: top; width: 200px;\">35 mm<\/td>\n<td style=\"vertical-align: top; width: 200px;\">2 m<\/td>\n<td style=\"vertical-align: top; width: 145px;\">Negro<\/td>\n<td style=\"vertical-align: top; width: 184px;\">3,7 kg<\/td>\n<\/tr>\n<tr>\n<td style=\"vertical-align: top; width: 200px;\">AIPMAC35300N<\/td>\n<td style=\"vertical-align: top; width: 200px;\">A\u00e7o<\/td>\n<td style=\"vertical-align: top; width: 200px;\">35 mm<\/td>\n<td style=\"vertical-align: top; width: 200px;\">3 m<\/td>\n<td style=\"vertical-align: top; width: 145px;\">Negro<\/td>\n<td style=\"vertical-align: top; width: 184px;\">5,3 kg<\/td>\n<\/tr>\n<tr>\n<td style=\"vertical-align: top; width: 200px;\">AIPMAC50100N<\/td>\n<td style=\"vertical-align: top; width: 200px;\">A\u00e7o<\/td>\n<td style=\"vertical-align: top; width: 200px;\">50 mm<\/td>\n<td style=\"vertical-align: top; width: 200px;\">1 m<\/td>\n<td style=\"vertical-align: top; width: 145px;\">Negro<\/td>\n<td style=\"vertical-align: top; width: 184px;\">2,8 kg<\/td>\n<\/tr>\n<tr>\n<td style=\"vertical-align: top; width: 200px;\">AIPMAC50200N<\/td>\n<td style=\"vertical-align: top; width: 200px;\">A\u00e7o<\/td>\n<td style=\"vertical-align: top; width: 200px;\">50 mm<\/td>\n<td style=\"vertical-align: top; width: 200px;\">2 m<\/td>\n<td style=\"vertical-align: top; width: 145px;\">Negro<\/td>\n<td style=\"vertical-align: top; width: 184px;\">5,1 kg<\/td>\n<\/tr>\n<tr>\n<td style=\"vertical-align: top; width: 200px;\">AIPMAC50300N<\/td>\n<td style=\"vertical-align: top; width: 200px;\">A\u00e7o<\/td>\n<td style=\"vertical-align: top; width: 200px;\">50 mm<\/td>\n<td style=\"vertical-align: top; width: 200px;\">3 m<\/td>\n<td style=\"vertical-align: top; width: 145px;\">Negro<\/td>\n<td style=\"vertical-align: top; width: 184px;\">7,5 kg<\/td>\n<\/tr>\n<\/tbody>\n<\/table>\n<p>\u00a0<\/p>\n<p><span style=\"color: #f09046;\"><strong>AIPMAL &#8211; Perchas de alum\u00ednio<\/strong><\/span><\/p>\n<table>\n<thead>\n<tr>\n<th style=\"width: 200px;\">Ref.<\/th>\n<th style=\"width: 200px;\">Mat\u00e9ria<\/th>\n<th style=\"width: 200px;\">\u00d8<\/th>\n<th style=\"width: 200px;\">Comprimento<\/th>\n<th style=\"width: 145px;\">Cores<\/th>\n<th style=\"width: 184px;\">Peso<\/th>\n<\/tr>\n<\/thead>\n<tbody>\n<tr>\n<td style=\"vertical-align: top; width: 200px;\">AIPMAL35100N<\/td>\n<td style=\"vertical-align: top; width: 200px;\">Alum\u00ednio<\/td>\n<td style=\"vertical-align: top; width: 200px;\">35 mm<\/td>\n<td style=\"vertical-align: top; width: 200px;\">1 m<\/td>\n<td style=\"vertical-align: top; width: 145px;\">Negro<\/td>\n<td style=\"vertical-align: top; width: 184px;\">1 kg<\/td>\n<\/tr>\n<tr>\n<td style=\"vertical-align: top; width: 200px;\">AIPMAL35200N<\/td>\n<td style=\"vertical-align: top; width: 200px;\">Alum\u00ednio<\/td>\n<td style=\"vertical-align: top; width: 200px;\">35 mm<\/td>\n<td style=\"vertical-align: top; width: 200px;\">2 m<\/td>\n<td style=\"vertical-align: top; width: 145px;\">Negro<\/td>\n<td style=\"vertical-align: top; width: 184px;\">1,7 kg<\/td>\n<\/tr>\n<tr>\n<td style=\"vertical-align: top; width: 200px;\">AIPMAL35300N<\/td>\n<td style=\"vertical-align: top; width: 200px;\">Alum\u00ednio<\/td>\n<td style=\"vertical-align: top; width: 200px;\">35 mm<\/td>\n<td style=\"vertical-align: top; width: 200px;\">3 m<\/td>\n<td style=\"vertical-align: top; width: 145px;\">Negro<\/td>\n<td style=\"vertical-align: top; width: 184px;\">2,3 kg<\/td>\n<\/tr>\n<tr>\n<td style=\"vertical-align: top; width: 200px;\">AIPMAL50100N<\/td>\n<td style=\"vertical-align: top; width: 200px;\">Alum\u00ednio<\/td>\n<td style=\"vertical-align: top; width: 200px;\">50 mm<\/td>\n<td style=\"vertical-align: top; width: 200px;\">1 m<\/td>\n<td style=\"vertical-align: top; width: 145px;\">Negro<\/td>\n<td style=\"vertical-align: top; width: 184px;\">1,3 kg<\/td>\n<\/tr>\n<tr>\n<td style=\"vertical-align: top; width: 200px;\">AIPMAL50200N<\/td>\n<td style=\"vertical-align: top; width: 200px;\">Alum\u00ednio<\/td>\n<td style=\"vertical-align: top; width: 200px;\">50 mm<\/td>\n<td style=\"vertical-align: top; width: 200px;\">2 m<\/td>\n<td style=\"vertical-align: top; width: 145px;\">Negro<\/td>\n<td style=\"vertical-align: top; width: 184px;\">2,1 kg<\/td>\n<\/tr>\n<tr>\n<td style=\"vertical-align: top; width: 200px;\">AIPMAL50300N<\/td>\n<td style=\"vertical-align: top; width: 200px;\">Alum\u00ednio<\/td>\n<td style=\"vertical-align: top; width: 200px;\">50 mm<\/td>\n<td style=\"vertical-align: top; width: 200px;\">3 m<\/td>\n<td style=\"vertical-align: top; width: 145px;\">Negro<\/td>\n<td style=\"vertical-align: top; width: 184px;\">3 kg<\/td>\n<\/tr>\n<tr>\n<td style=\"vertical-align: top; width: 200px;\">AIPMAL35100A<\/td>\n<td style=\"vertical-align: top; width: 200px;\">Alum\u00ednio<\/td>\n<td style=\"vertical-align: top; width: 200px;\">35 mm<\/td>\n<td style=\"vertical-align: top; width: 200px;\">1 m<\/td>\n<td style=\"vertical-align: top; width: 145px;\">Alum\u00ednio<\/td>\n<td style=\"vertical-align: top; width: 184px;\">1 kg<\/td>\n<\/tr>\n<tr>\n<td style=\"vertical-align: top; width: 200px;\">AIPMAL35200A<\/td>\n<td style=\"vertical-align: top; width: 200px;\">Alum\u00ednio<\/td>\n<td style=\"vertical-align: top; width: 200px;\">35 mm<\/td>\n<td style=\"vertical-align: top; width: 200px;\">2 m<\/td>\n<td style=\"vertical-align: top; width: 145px;\">Alum\u00ednio<\/td>\n<td style=\"vertical-align: top; width: 184px;\">1,7 kg<\/td>\n<\/tr>\n<tr>\n<td style=\"vertical-align: top; width: 200px;\">AIPMAL35300A<\/td>\n<td style=\"vertical-align: top; width: 200px;\">Alum\u00ednio<\/td>\n<td style=\"vertical-align: top; width: 200px;\">35 mm<\/td>\n<td style=\"vertical-align: top; width: 200px;\">3 m<\/td>\n<td style=\"vertical-align: top; width: 145px;\">Alum\u00ednio<\/td>\n<td style=\"vertical-align: top; width: 184px;\">2,3 kg<\/td>\n<\/tr>\n<tr>\n<td style=\"vertical-align: top; width: 200px;\">AIPMAL50100A<\/td>\n<td style=\"vertical-align: top; width: 200px;\">Alum\u00ednio<\/td>\n<td style=\"vertical-align: top; width: 200px;\">50 mm<\/td>\n<td style=\"vertical-align: top; width: 200px;\">1 m<\/td>\n<td style=\"vertical-align: top; width: 145px;\">Alum\u00ednio<\/td>\n<td style=\"vertical-align: top; width: 184px;\">1,3 kg<\/td>\n<\/tr>\n<tr>\n<td style=\"vertical-align: top; width: 200px;\">AIPMAL50200A<\/td>\n<td style=\"vertical-align: top; width: 200px;\">Alum\u00ednio<\/td>\n<td style=\"vertical-align: top; width: 200px;\">50 mm<\/td>\n<td style=\"vertical-align: top; width: 200px;\">2 m<\/td>\n<td style=\"vertical-align: top; width: 145px;\">Alum\u00ednio<\/td>\n<td style=\"vertical-align: top; width: 184px;\">2,1 kg<\/td>\n<\/tr>\n<tr>\n<td style=\"vertical-align: top; width: 200px;\">AIPMAL50300A<\/td>\n<td style=\"vertical-align: top; width: 200px;\">Alum\u00ednio<\/td>\n<td style=\"vertical-align: top; width: 200px;\">50 mm<\/td>\n<td style=\"vertical-align: top; width: 200px;\">3 m<\/td>\n<td style=\"vertical-align: top; width: 145px;\">Alum\u00ednio<\/td>\n<td style=\"vertical-align: top; width: 184px;\">3 kg<\/td>\n<\/tr>\n<\/tbody>\n<\/table>\n","protected":false},"excerpt":{"rendered":"<p><strong>Perchas interlig\u00e1veis em a\u00e7o ou alum\u00ednio, que podem ser utilizadas para suportar ou suspender tules, telas, bambolinas, ecr\u00e3s, &#8230;<\/strong><\/p>\n<p><strong>Acondicionamento<\/strong>: \u00e0 unidade.<\/p>\n<p><strong>Cores<\/strong>:<\/p>\n<ul>\n<li>Negro (perchas em a\u00e7o),<\/li>\n<li>Alum\u00ednio ou negro (perchas em alum\u00ednio).<\/li>\n<\/ul>\n<p><strong>Di\u00e2metro<\/strong>: 35 ou 50 mm.<\/p>\n<p><strong>Comprimento<\/strong>: 1 a 3 m standard.<br \/>\nOutros comprimentos por pedido, at\u00e9 6 m numa s\u00f3 pe\u00e7a.<\/p>\n<p><strong>Descri\u00e7\u00e3o sum\u00e1ria<\/strong>:<\/p>\n<ul>\n<li>Pintura ep\u00f3xi negro ou alum\u00ednio anodizado para um acabamento cuidado e uma resist\u00eancia otimizada ao longo do tempo.<\/li>\n<li>Cada percha \u00e9 fornecida com uma manga interior de 40 cm para obter uma resist\u00eancia otimizada e uma deflex\u00e3o m\u00ednima, mesmo sob cargas pesadas.<\/li>\n<li>Sistema de travamento r\u00e1pido da manga com chave Allen (chave n\u00e3o fornecida).<\/li>\n<\/ul>\n","protected":false},"featured_media":8032,"template":"","meta":{"_acf_changed":false},"product_brand":[],"product_cat":[921,1228,1278],"product_tag":[],"class_list":{"0":"post-17518","1":"product","2":"type-product","3":"status-publish","4":"has-post-thumbnail","6":"product_cat-todos-os-produtos","7":"product_cat-acessorios-e-consumiveis","8":"product_cat-tubos-e-lastros","10":"first","11":"instock","12":"shipping-taxable","13":"purchasable","14":"product-type-simple"},"acf":[],"yoast_head":"<!-- This site is optimized with the Yoast SEO plugin v27.3 - https:\/\/yoast.com\/product\/yoast-seo-wordpress\/ -->\n<title>Perchas interlig\u00e1veis - Azur Scenic<\/title>\n<meta name=\"robots\" content=\"index, follow, max-snippet:-1, max-image-preview:large, max-video-preview:-1\" \/>\n<link rel=\"canonical\" href=\"https:\/\/www.azur-scenic.com\/pt-pt\/produto\/perchas-interligaveis\/\" \/>\n<meta property=\"og:locale\" content=\"pt_PT\" \/>\n<meta property=\"og:type\" content=\"article\" \/>\n<meta property=\"og:title\" content=\"Perchas interlig\u00e1veis - Azur Scenic\" \/>\n<meta property=\"og:description\" content=\"Perchas interlig\u00e1veis em a\u00e7o ou alum\u00ednio, que podem ser utilizadas para suportar ou suspender tules, telas, bambolinas, ecr\u00e3s, ... Acondicionamento: \u00e0 unidade. Cores:  Negro (perchas em a\u00e7o), Alum\u00ednio ou negro (perchas em alum\u00ednio). Di\u00e2metro: 35 ou 50 mm. Comprimento: 1 a 3 m standard. Outros comprimentos por pedido, at\u00e9 6 m numa s\u00f3 pe\u00e7a. Descri\u00e7\u00e3o sum\u00e1ria:  Pintura ep\u00f3xi negro ou alum\u00ednio anodizado para um acabamento cuidado e uma resist\u00eancia otimizada ao longo do tempo. Cada percha \u00e9 fornecida com uma manga interior de 40 cm para obter uma resist\u00eancia otimizada e uma deflex\u00e3o m\u00ednima, mesmo sob cargas pesadas. Sistema de travamento r\u00e1pido da manga com chave Allen (chave n\u00e3o fornecida).\" \/>\n<meta property=\"og:url\" content=\"https:\/\/www.azur-scenic.com\/pt-pt\/produto\/perchas-interligaveis\/\" \/>\n<meta property=\"og:site_name\" content=\"Azur Scenic\" \/>\n<meta property=\"article:modified_time\" content=\"2023-08-02T13:25:42+00:00\" \/>\n<meta property=\"og:image\" content=\"https:\/\/www.azur-scenic.com\/wp-content\/uploads\/95b9e3971e38170cc3b65a65d368587a.jpg\" \/>\n\t<meta property=\"og:image:width\" content=\"2126\" \/>\n\t<meta property=\"og:image:height\" content=\"2126\" \/>\n\t<meta property=\"og:image:type\" content=\"image\/jpeg\" \/>\n<meta name=\"twitter:card\" content=\"summary_large_image\" \/>\n<meta name=\"twitter:label1\" content=\"Tempo estimado de leitura\" \/>\n\t<meta name=\"twitter:data1\" content=\"1 minuto\" \/>\n<script type=\"application\/ld+json\" class=\"yoast-schema-graph\">{\"@context\":\"https:\\\/\\\/schema.org\",\"@graph\":[{\"@type\":\"WebPage\",\"@id\":\"https:\\\/\\\/www.azur-scenic.com\\\/pt-pt\\\/produto\\\/perchas-interligaveis\\\/\",\"url\":\"https:\\\/\\\/www.azur-scenic.com\\\/pt-pt\\\/produto\\\/perchas-interligaveis\\\/\",\"name\":\"Perchas interlig\u00e1veis - Azur Scenic\",\"isPartOf\":{\"@id\":\"https:\\\/\\\/www.azur-scenic.com\\\/pt-pt\\\/#website\"},\"primaryImageOfPage\":{\"@id\":\"https:\\\/\\\/www.azur-scenic.com\\\/pt-pt\\\/produto\\\/perchas-interligaveis\\\/#primaryimage\"},\"image\":{\"@id\":\"https:\\\/\\\/www.azur-scenic.com\\\/pt-pt\\\/produto\\\/perchas-interligaveis\\\/#primaryimage\"},\"thumbnailUrl\":\"https:\\\/\\\/www.azur-scenic.com\\\/wp-content\\\/uploads\\\/95b9e3971e38170cc3b65a65d368587a.jpg\",\"datePublished\":\"2022-10-04T07:28:01+00:00\",\"dateModified\":\"2023-08-02T13:25:42+00:00\",\"breadcrumb\":{\"@id\":\"https:\\\/\\\/www.azur-scenic.com\\\/pt-pt\\\/produto\\\/perchas-interligaveis\\\/#breadcrumb\"},\"inLanguage\":\"pt-PT\",\"potentialAction\":[{\"@type\":\"ReadAction\",\"target\":[\"https:\\\/\\\/www.azur-scenic.com\\\/pt-pt\\\/produto\\\/perchas-interligaveis\\\/\"]}]},{\"@type\":\"ImageObject\",\"inLanguage\":\"pt-PT\",\"@id\":\"https:\\\/\\\/www.azur-scenic.com\\\/pt-pt\\\/produto\\\/perchas-interligaveis\\\/#primaryimage\",\"url\":\"https:\\\/\\\/www.azur-scenic.com\\\/wp-content\\\/uploads\\\/95b9e3971e38170cc3b65a65d368587a.jpg\",\"contentUrl\":\"https:\\\/\\\/www.azur-scenic.com\\\/wp-content\\\/uploads\\\/95b9e3971e38170cc3b65a65d368587a.jpg\",\"width\":2126,\"height\":2126},{\"@type\":\"BreadcrumbList\",\"@id\":\"https:\\\/\\\/www.azur-scenic.com\\\/pt-pt\\\/produto\\\/perchas-interligaveis\\\/#breadcrumb\",\"itemListElement\":[{\"@type\":\"ListItem\",\"position\":1,\"name\":\"Accueil\",\"item\":\"https:\\\/\\\/www.azur-scenic.com\\\/pt-pt\\\/\"},{\"@type\":\"ListItem\",\"position\":2,\"name\":\"Produits\",\"item\":\"https:\\\/\\\/www.azur-scenic.com\\\/pt-pt\\\/?page_id=21439\"},{\"@type\":\"ListItem\",\"position\":3,\"name\":\"Perchas interlig\u00e1veis\"}]},{\"@type\":\"WebSite\",\"@id\":\"https:\\\/\\\/www.azur-scenic.com\\\/pt-pt\\\/#website\",\"url\":\"https:\\\/\\\/www.azur-scenic.com\\\/pt-pt\\\/\",\"name\":\"Azur Scenic\",\"description\":\"Sp\u00e9cialiste de l\u2019\u00e9quipement sc\u00e9nique et de la d\u00e9coration int\u00e9rieure et \u00e9v\u00e9nementielle !\",\"publisher\":{\"@id\":\"https:\\\/\\\/www.azur-scenic.com\\\/pt-pt\\\/#organization\"},\"potentialAction\":[{\"@type\":\"SearchAction\",\"target\":{\"@type\":\"EntryPoint\",\"urlTemplate\":\"https:\\\/\\\/www.azur-scenic.com\\\/pt-pt\\\/?s={search_term_string}\"},\"query-input\":{\"@type\":\"PropertyValueSpecification\",\"valueRequired\":true,\"valueName\":\"search_term_string\"}}],\"inLanguage\":\"pt-PT\"},{\"@type\":\"Organization\",\"@id\":\"https:\\\/\\\/www.azur-scenic.com\\\/pt-pt\\\/#organization\",\"name\":\"AZUR SCENIC\",\"url\":\"https:\\\/\\\/www.azur-scenic.com\\\/pt-pt\\\/\",\"logo\":{\"@type\":\"ImageObject\",\"inLanguage\":\"pt-PT\",\"@id\":\"https:\\\/\\\/www.azur-scenic.com\\\/pt-pt\\\/#\\\/schema\\\/logo\\\/image\\\/\",\"url\":\"https:\\\/\\\/www.azur-scenic.com\\\/wp-content\\\/uploads\\\/2022\\\/09\\\/LOGO-AZUR-SCENIC-Fusion-web-236x64-1.jpg\",\"contentUrl\":\"https:\\\/\\\/www.azur-scenic.com\\\/wp-content\\\/uploads\\\/2022\\\/09\\\/LOGO-AZUR-SCENIC-Fusion-web-236x64-1.jpg\",\"width\":236,\"height\":64,\"caption\":\"AZUR SCENIC\"},\"image\":{\"@id\":\"https:\\\/\\\/www.azur-scenic.com\\\/pt-pt\\\/#\\\/schema\\\/logo\\\/image\\\/\"},\"sameAs\":[\"https:\\\/\\\/www.youtube.com\\\/channel\\\/UCPWM2mGPVUt4nYhNlm71WOA\",\"https:\\\/\\\/www.linkedin.com\\\/company\\\/33237605\\\/admin\\\/feed\\\/posts\\\/\"]}]}<\/script>\n<!-- \/ Yoast SEO plugin. -->","yoast_head_json":{"title":"Perchas interlig\u00e1veis - Azur Scenic","robots":{"index":"index","follow":"follow","max-snippet":"max-snippet:-1","max-image-preview":"max-image-preview:large","max-video-preview":"max-video-preview:-1"},"canonical":"https:\/\/www.azur-scenic.com\/pt-pt\/produto\/perchas-interligaveis\/","og_locale":"pt_PT","og_type":"article","og_title":"Perchas interlig\u00e1veis - Azur Scenic","og_description":"Perchas interlig\u00e1veis em a\u00e7o ou alum\u00ednio, que podem ser utilizadas para suportar ou suspender tules, telas, bambolinas, ecr\u00e3s, ... Acondicionamento: \u00e0 unidade. Cores:  Negro (perchas em a\u00e7o), Alum\u00ednio ou negro (perchas em alum\u00ednio). Di\u00e2metro: 35 ou 50 mm. Comprimento: 1 a 3 m standard. Outros comprimentos por pedido, at\u00e9 6 m numa s\u00f3 pe\u00e7a. Descri\u00e7\u00e3o sum\u00e1ria:  Pintura ep\u00f3xi negro ou alum\u00ednio anodizado para um acabamento cuidado e uma resist\u00eancia otimizada ao longo do tempo. Cada percha \u00e9 fornecida com uma manga interior de 40 cm para obter uma resist\u00eancia otimizada e uma deflex\u00e3o m\u00ednima, mesmo sob cargas pesadas. Sistema de travamento r\u00e1pido da manga com chave Allen (chave n\u00e3o fornecida).","og_url":"https:\/\/www.azur-scenic.com\/pt-pt\/produto\/perchas-interligaveis\/","og_site_name":"Azur Scenic","article_modified_time":"2023-08-02T13:25:42+00:00","og_image":[{"width":2126,"height":2126,"url":"https:\/\/www.azur-scenic.com\/wp-content\/uploads\/95b9e3971e38170cc3b65a65d368587a.jpg","type":"image\/jpeg"}],"twitter_card":"summary_large_image","twitter_misc":{"Tempo estimado de leitura":"1 minuto"},"schema":{"@context":"https:\/\/schema.org","@graph":[{"@type":"WebPage","@id":"https:\/\/www.azur-scenic.com\/pt-pt\/produto\/perchas-interligaveis\/","url":"https:\/\/www.azur-scenic.com\/pt-pt\/produto\/perchas-interligaveis\/","name":"Perchas interlig\u00e1veis - Azur Scenic","isPartOf":{"@id":"https:\/\/www.azur-scenic.com\/pt-pt\/#website"},"primaryImageOfPage":{"@id":"https:\/\/www.azur-scenic.com\/pt-pt\/produto\/perchas-interligaveis\/#primaryimage"},"image":{"@id":"https:\/\/www.azur-scenic.com\/pt-pt\/produto\/perchas-interligaveis\/#primaryimage"},"thumbnailUrl":"https:\/\/www.azur-scenic.com\/wp-content\/uploads\/95b9e3971e38170cc3b65a65d368587a.jpg","datePublished":"2022-10-04T07:28:01+00:00","dateModified":"2023-08-02T13:25:42+00:00","breadcrumb":{"@id":"https:\/\/www.azur-scenic.com\/pt-pt\/produto\/perchas-interligaveis\/#breadcrumb"},"inLanguage":"pt-PT","potentialAction":[{"@type":"ReadAction","target":["https:\/\/www.azur-scenic.com\/pt-pt\/produto\/perchas-interligaveis\/"]}]},{"@type":"ImageObject","inLanguage":"pt-PT","@id":"https:\/\/www.azur-scenic.com\/pt-pt\/produto\/perchas-interligaveis\/#primaryimage","url":"https:\/\/www.azur-scenic.com\/wp-content\/uploads\/95b9e3971e38170cc3b65a65d368587a.jpg","contentUrl":"https:\/\/www.azur-scenic.com\/wp-content\/uploads\/95b9e3971e38170cc3b65a65d368587a.jpg","width":2126,"height":2126},{"@type":"BreadcrumbList","@id":"https:\/\/www.azur-scenic.com\/pt-pt\/produto\/perchas-interligaveis\/#breadcrumb","itemListElement":[{"@type":"ListItem","position":1,"name":"Accueil","item":"https:\/\/www.azur-scenic.com\/pt-pt\/"},{"@type":"ListItem","position":2,"name":"Produits","item":"https:\/\/www.azur-scenic.com\/pt-pt\/?page_id=21439"},{"@type":"ListItem","position":3,"name":"Perchas interlig\u00e1veis"}]},{"@type":"WebSite","@id":"https:\/\/www.azur-scenic.com\/pt-pt\/#website","url":"https:\/\/www.azur-scenic.com\/pt-pt\/","name":"Azur Scenic","description":"Sp\u00e9cialiste de l\u2019\u00e9quipement sc\u00e9nique et de la d\u00e9coration int\u00e9rieure et \u00e9v\u00e9nementielle !","publisher":{"@id":"https:\/\/www.azur-scenic.com\/pt-pt\/#organization"},"potentialAction":[{"@type":"SearchAction","target":{"@type":"EntryPoint","urlTemplate":"https:\/\/www.azur-scenic.com\/pt-pt\/?s={search_term_string}"},"query-input":{"@type":"PropertyValueSpecification","valueRequired":true,"valueName":"search_term_string"}}],"inLanguage":"pt-PT"},{"@type":"Organization","@id":"https:\/\/www.azur-scenic.com\/pt-pt\/#organization","name":"AZUR SCENIC","url":"https:\/\/www.azur-scenic.com\/pt-pt\/","logo":{"@type":"ImageObject","inLanguage":"pt-PT","@id":"https:\/\/www.azur-scenic.com\/pt-pt\/#\/schema\/logo\/image\/","url":"https:\/\/www.azur-scenic.com\/wp-content\/uploads\/2022\/09\/LOGO-AZUR-SCENIC-Fusion-web-236x64-1.jpg","contentUrl":"https:\/\/www.azur-scenic.com\/wp-content\/uploads\/2022\/09\/LOGO-AZUR-SCENIC-Fusion-web-236x64-1.jpg","width":236,"height":64,"caption":"AZUR SCENIC"},"image":{"@id":"https:\/\/www.azur-scenic.com\/pt-pt\/#\/schema\/logo\/image\/"},"sameAs":["https:\/\/www.youtube.com\/channel\/UCPWM2mGPVUt4nYhNlm71WOA","https:\/\/www.linkedin.com\/company\/33237605\/admin\/feed\/posts\/"]}]}},"_links":{"self":[{"href":"https:\/\/www.azur-scenic.com\/pt-pt\/wp-json\/wp\/v2\/product\/17518","targetHints":{"allow":["GET"]}}],"collection":[{"href":"https:\/\/www.azur-scenic.com\/pt-pt\/wp-json\/wp\/v2\/product"}],"about":[{"href":"https:\/\/www.azur-scenic.com\/pt-pt\/wp-json\/wp\/v2\/types\/product"}],"wp:featuredmedia":[{"embeddable":true,"href":"https:\/\/www.azur-scenic.com\/pt-pt\/wp-json\/wp\/v2\/media\/8032"}],"wp:attachment":[{"href":"https:\/\/www.azur-scenic.com\/pt-pt\/wp-json\/wp\/v2\/media?parent=17518"}],"wp:term":[{"taxonomy":"product_brand","embeddable":true,"href":"https:\/\/www.azur-scenic.com\/pt-pt\/wp-json\/wp\/v2\/product_brand?post=17518"},{"taxonomy":"product_cat","embeddable":true,"href":"https:\/\/www.azur-scenic.com\/pt-pt\/wp-json\/wp\/v2\/product_cat?post=17518"},{"taxonomy":"product_tag","embeddable":true,"href":"https:\/\/www.azur-scenic.com\/pt-pt\/wp-json\/wp\/v2\/product_tag?post=17518"}],"curies":[{"name":"wp","href":"https:\/\/api.w.org\/{rel}","templated":true}]}}