{"id":17537,"date":"2022-10-04T07:28:00","date_gmt":"2022-10-04T07:28:00","guid":{"rendered":"https:\/\/www.azur-scenic.com\/produit\/sandows\/"},"modified":"2023-08-02T13:25:45","modified_gmt":"2023-08-02T13:25:45","slug":"cabo-sandow-esticador","status":"publish","type":"product","link":"https:\/\/www.azur-scenic.com\/pt-pt\/produto\/cabo-sandow-esticador\/","title":{"rendered":"Cabo Sandow (esticador)"},"content":{"rendered":"<table>\n<thead>\n<tr>\n<th style=\"width: 200px;\">Ref.<\/th>\n<th style=\"width: 200px;\">\u00d8<\/th>\n<th style=\"width: 145px;\">Cores<\/th>\n<\/tr>\n<\/thead>\n<tbody>\n<tr>\n<td style=\"vertical-align: top; width: 200px;\">AIS04B<\/td>\n<td style=\"vertical-align: top; width: 200px;\">4 mm<\/td>\n<td style=\"vertical-align: top; width: 145px;\">Branco<\/td>\n<\/tr>\n<tr>\n<td style=\"vertical-align: top; width: 200px;\">AIS04N<\/td>\n<td style=\"vertical-align: top; width: 200px;\">4 mm<\/td>\n<td style=\"vertical-align: top; width: 145px;\">Negro<\/td>\n<\/tr>\n<tr>\n<td style=\"vertical-align: top; width: 200px;\">AIS06B<\/td>\n<td style=\"vertical-align: top; width: 200px;\">6 mm<\/td>\n<td style=\"vertical-align: top; width: 145px;\">Branco<\/td>\n<\/tr>\n<tr>\n<td style=\"vertical-align: top; width: 200px;\">AIS06N<\/td>\n<td style=\"vertical-align: top; width: 200px;\">6 mm<\/td>\n<td style=\"vertical-align: top; width: 145px;\">Negro<\/td>\n<\/tr>\n<tr>\n<td style=\"vertical-align: top; width: 200px;\">AIS08B<\/td>\n<td style=\"vertical-align: top; width: 200px;\">8 mm<\/td>\n<td style=\"vertical-align: top; width: 145px;\">Branco<\/td>\n<\/tr>\n<tr>\n<td style=\"vertical-align: top; width: 200px;\">AIS08N<\/td>\n<td style=\"vertical-align: top; width: 200px;\">8 mm<\/td>\n<td style=\"vertical-align: top; width: 145px;\">Negro<\/td>\n<\/tr>\n<tr>\n<td style=\"vertical-align: top; width: 200px;\">AIS10B<\/td>\n<td style=\"vertical-align: top; width: 200px;\">10 mm<\/td>\n<td style=\"vertical-align: top; width: 145px;\">Branco<\/td>\n<\/tr>\n<tr>\n<td style=\"vertical-align: top; width: 200px;\">AIS10N<\/td>\n<td style=\"vertical-align: top; width: 200px;\">10 mm<\/td>\n<td style=\"vertical-align: top; width: 145px;\">Negro<\/td>\n<\/tr>\n<\/tbody>\n<\/table>\n","protected":false},"excerpt":{"rendered":"<p><strong>O cabo el\u00e1stico de refer\u00eancia, particularmente popular para a montagem de ecr\u00e3s com ilh\u00f3s por atadura \u00e0 volta de um cabo met\u00e1lico.<\/strong><\/p>\n<p><strong>Acondicionamento<\/strong>: bobina de 100 m<\/p>\n<p><strong>Cores<\/strong>: Negro ou Branco<\/p>\n<p><strong>Di\u00e2metros<\/strong>: 4 a 10 mm<\/p>\n<p><strong>Descri\u00e7\u00e3o sum\u00e1ria<\/strong>:<\/p>\n<ul>\n<li>Imputresc\u00edvel, hidr\u00f3fobo<\/li>\n<li>Excelente resist\u00eancia \u00e0 abras\u00e3o e aos raios UV<\/li>\n<\/ul>\n","protected":false},"featured_media":7993,"template":"","meta":{"_acf_changed":false},"product_brand":[],"product_cat":[921,1228,1227],"product_tag":[],"class_list":{"0":"post-17537","1":"product","2":"type-product","3":"status-publish","4":"has-post-thumbnail","6":"product_cat-todos-os-produtos","7":"product_cat-acessorios-e-consumiveis","8":"product_cat-acessorios-para-suspensao","10":"first","11":"instock","12":"shipping-taxable","13":"purchasable","14":"product-type-simple"},"acf":[],"yoast_head":"<!-- This site is optimized with the Yoast SEO plugin v27.3 - https:\/\/yoast.com\/product\/yoast-seo-wordpress\/ -->\n<title>Cabo Sandow (esticador) - Azur Scenic<\/title>\n<meta name=\"robots\" content=\"index, follow, max-snippet:-1, max-image-preview:large, max-video-preview:-1\" \/>\n<link rel=\"canonical\" href=\"https:\/\/www.azur-scenic.com\/pt-pt\/produto\/cabo-sandow-esticador\/\" \/>\n<meta property=\"og:locale\" content=\"pt_PT\" \/>\n<meta property=\"og:type\" content=\"article\" \/>\n<meta property=\"og:title\" content=\"Cabo Sandow (esticador) - Azur Scenic\" \/>\n<meta property=\"og:description\" content=\"O cabo el\u00e1stico de refer\u00eancia, particularmente popular para a montagem de ecr\u00e3s com ilh\u00f3s por atadura \u00e0 volta de um cabo met\u00e1lico. Acondicionamento: bobina de 100 m Cores: Negro ou Branco Di\u00e2metros: 4 a 10 mm Descri\u00e7\u00e3o sum\u00e1ria:  Imputresc\u00edvel, hidr\u00f3fobo Excelente resist\u00eancia \u00e0 abras\u00e3o e aos raios UV\" \/>\n<meta property=\"og:url\" content=\"https:\/\/www.azur-scenic.com\/pt-pt\/produto\/cabo-sandow-esticador\/\" \/>\n<meta property=\"og:site_name\" content=\"Azur Scenic\" \/>\n<meta property=\"article:modified_time\" content=\"2023-08-02T13:25:45+00:00\" \/>\n<meta property=\"og:image\" content=\"https:\/\/www.azur-scenic.com\/wp-content\/uploads\/37b2b1381da9018b348b039ab6898364.jpg\" \/>\n\t<meta property=\"og:image:width\" content=\"1134\" \/>\n\t<meta property=\"og:image:height\" content=\"1134\" \/>\n\t<meta property=\"og:image:type\" content=\"image\/jpeg\" \/>\n<meta name=\"twitter:card\" content=\"summary_large_image\" \/>\n<script type=\"application\/ld+json\" class=\"yoast-schema-graph\">{\"@context\":\"https:\\\/\\\/schema.org\",\"@graph\":[{\"@type\":\"WebPage\",\"@id\":\"https:\\\/\\\/www.azur-scenic.com\\\/pt-pt\\\/produto\\\/cabo-sandow-esticador\\\/\",\"url\":\"https:\\\/\\\/www.azur-scenic.com\\\/pt-pt\\\/produto\\\/cabo-sandow-esticador\\\/\",\"name\":\"Cabo Sandow (esticador) - Azur Scenic\",\"isPartOf\":{\"@id\":\"https:\\\/\\\/www.azur-scenic.com\\\/pt-pt\\\/#website\"},\"primaryImageOfPage\":{\"@id\":\"https:\\\/\\\/www.azur-scenic.com\\\/pt-pt\\\/produto\\\/cabo-sandow-esticador\\\/#primaryimage\"},\"image\":{\"@id\":\"https:\\\/\\\/www.azur-scenic.com\\\/pt-pt\\\/produto\\\/cabo-sandow-esticador\\\/#primaryimage\"},\"thumbnailUrl\":\"https:\\\/\\\/www.azur-scenic.com\\\/wp-content\\\/uploads\\\/37b2b1381da9018b348b039ab6898364.jpg\",\"datePublished\":\"2022-10-04T07:28:00+00:00\",\"dateModified\":\"2023-08-02T13:25:45+00:00\",\"breadcrumb\":{\"@id\":\"https:\\\/\\\/www.azur-scenic.com\\\/pt-pt\\\/produto\\\/cabo-sandow-esticador\\\/#breadcrumb\"},\"inLanguage\":\"pt-PT\",\"potentialAction\":[{\"@type\":\"ReadAction\",\"target\":[\"https:\\\/\\\/www.azur-scenic.com\\\/pt-pt\\\/produto\\\/cabo-sandow-esticador\\\/\"]}]},{\"@type\":\"ImageObject\",\"inLanguage\":\"pt-PT\",\"@id\":\"https:\\\/\\\/www.azur-scenic.com\\\/pt-pt\\\/produto\\\/cabo-sandow-esticador\\\/#primaryimage\",\"url\":\"https:\\\/\\\/www.azur-scenic.com\\\/wp-content\\\/uploads\\\/37b2b1381da9018b348b039ab6898364.jpg\",\"contentUrl\":\"https:\\\/\\\/www.azur-scenic.com\\\/wp-content\\\/uploads\\\/37b2b1381da9018b348b039ab6898364.jpg\",\"width\":1134,\"height\":1134},{\"@type\":\"BreadcrumbList\",\"@id\":\"https:\\\/\\\/www.azur-scenic.com\\\/pt-pt\\\/produto\\\/cabo-sandow-esticador\\\/#breadcrumb\",\"itemListElement\":[{\"@type\":\"ListItem\",\"position\":1,\"name\":\"Accueil\",\"item\":\"https:\\\/\\\/www.azur-scenic.com\\\/pt-pt\\\/\"},{\"@type\":\"ListItem\",\"position\":2,\"name\":\"Produits\",\"item\":\"https:\\\/\\\/www.azur-scenic.com\\\/pt-pt\\\/?page_id=21439\"},{\"@type\":\"ListItem\",\"position\":3,\"name\":\"Cabo Sandow (esticador)\"}]},{\"@type\":\"WebSite\",\"@id\":\"https:\\\/\\\/www.azur-scenic.com\\\/pt-pt\\\/#website\",\"url\":\"https:\\\/\\\/www.azur-scenic.com\\\/pt-pt\\\/\",\"name\":\"Azur Scenic\",\"description\":\"Sp\u00e9cialiste de l\u2019\u00e9quipement sc\u00e9nique et de la d\u00e9coration int\u00e9rieure et \u00e9v\u00e9nementielle !\",\"publisher\":{\"@id\":\"https:\\\/\\\/www.azur-scenic.com\\\/pt-pt\\\/#organization\"},\"potentialAction\":[{\"@type\":\"SearchAction\",\"target\":{\"@type\":\"EntryPoint\",\"urlTemplate\":\"https:\\\/\\\/www.azur-scenic.com\\\/pt-pt\\\/?s={search_term_string}\"},\"query-input\":{\"@type\":\"PropertyValueSpecification\",\"valueRequired\":true,\"valueName\":\"search_term_string\"}}],\"inLanguage\":\"pt-PT\"},{\"@type\":\"Organization\",\"@id\":\"https:\\\/\\\/www.azur-scenic.com\\\/pt-pt\\\/#organization\",\"name\":\"AZUR SCENIC\",\"url\":\"https:\\\/\\\/www.azur-scenic.com\\\/pt-pt\\\/\",\"logo\":{\"@type\":\"ImageObject\",\"inLanguage\":\"pt-PT\",\"@id\":\"https:\\\/\\\/www.azur-scenic.com\\\/pt-pt\\\/#\\\/schema\\\/logo\\\/image\\\/\",\"url\":\"https:\\\/\\\/www.azur-scenic.com\\\/wp-content\\\/uploads\\\/2022\\\/09\\\/LOGO-AZUR-SCENIC-Fusion-web-236x64-1.jpg\",\"contentUrl\":\"https:\\\/\\\/www.azur-scenic.com\\\/wp-content\\\/uploads\\\/2022\\\/09\\\/LOGO-AZUR-SCENIC-Fusion-web-236x64-1.jpg\",\"width\":236,\"height\":64,\"caption\":\"AZUR SCENIC\"},\"image\":{\"@id\":\"https:\\\/\\\/www.azur-scenic.com\\\/pt-pt\\\/#\\\/schema\\\/logo\\\/image\\\/\"},\"sameAs\":[\"https:\\\/\\\/www.youtube.com\\\/channel\\\/UCPWM2mGPVUt4nYhNlm71WOA\",\"https:\\\/\\\/www.linkedin.com\\\/company\\\/33237605\\\/admin\\\/feed\\\/posts\\\/\"]}]}<\/script>\n<!-- \/ Yoast SEO plugin. -->","yoast_head_json":{"title":"Cabo Sandow (esticador) - Azur Scenic","robots":{"index":"index","follow":"follow","max-snippet":"max-snippet:-1","max-image-preview":"max-image-preview:large","max-video-preview":"max-video-preview:-1"},"canonical":"https:\/\/www.azur-scenic.com\/pt-pt\/produto\/cabo-sandow-esticador\/","og_locale":"pt_PT","og_type":"article","og_title":"Cabo Sandow (esticador) - Azur Scenic","og_description":"O cabo el\u00e1stico de refer\u00eancia, particularmente popular para a montagem de ecr\u00e3s com ilh\u00f3s por atadura \u00e0 volta de um cabo met\u00e1lico. Acondicionamento: bobina de 100 m Cores: Negro ou Branco Di\u00e2metros: 4 a 10 mm Descri\u00e7\u00e3o sum\u00e1ria:  Imputresc\u00edvel, hidr\u00f3fobo Excelente resist\u00eancia \u00e0 abras\u00e3o e aos raios UV","og_url":"https:\/\/www.azur-scenic.com\/pt-pt\/produto\/cabo-sandow-esticador\/","og_site_name":"Azur Scenic","article_modified_time":"2023-08-02T13:25:45+00:00","og_image":[{"width":1134,"height":1134,"url":"https:\/\/www.azur-scenic.com\/wp-content\/uploads\/37b2b1381da9018b348b039ab6898364.jpg","type":"image\/jpeg"}],"twitter_card":"summary_large_image","schema":{"@context":"https:\/\/schema.org","@graph":[{"@type":"WebPage","@id":"https:\/\/www.azur-scenic.com\/pt-pt\/produto\/cabo-sandow-esticador\/","url":"https:\/\/www.azur-scenic.com\/pt-pt\/produto\/cabo-sandow-esticador\/","name":"Cabo Sandow (esticador) - Azur Scenic","isPartOf":{"@id":"https:\/\/www.azur-scenic.com\/pt-pt\/#website"},"primaryImageOfPage":{"@id":"https:\/\/www.azur-scenic.com\/pt-pt\/produto\/cabo-sandow-esticador\/#primaryimage"},"image":{"@id":"https:\/\/www.azur-scenic.com\/pt-pt\/produto\/cabo-sandow-esticador\/#primaryimage"},"thumbnailUrl":"https:\/\/www.azur-scenic.com\/wp-content\/uploads\/37b2b1381da9018b348b039ab6898364.jpg","datePublished":"2022-10-04T07:28:00+00:00","dateModified":"2023-08-02T13:25:45+00:00","breadcrumb":{"@id":"https:\/\/www.azur-scenic.com\/pt-pt\/produto\/cabo-sandow-esticador\/#breadcrumb"},"inLanguage":"pt-PT","potentialAction":[{"@type":"ReadAction","target":["https:\/\/www.azur-scenic.com\/pt-pt\/produto\/cabo-sandow-esticador\/"]}]},{"@type":"ImageObject","inLanguage":"pt-PT","@id":"https:\/\/www.azur-scenic.com\/pt-pt\/produto\/cabo-sandow-esticador\/#primaryimage","url":"https:\/\/www.azur-scenic.com\/wp-content\/uploads\/37b2b1381da9018b348b039ab6898364.jpg","contentUrl":"https:\/\/www.azur-scenic.com\/wp-content\/uploads\/37b2b1381da9018b348b039ab6898364.jpg","width":1134,"height":1134},{"@type":"BreadcrumbList","@id":"https:\/\/www.azur-scenic.com\/pt-pt\/produto\/cabo-sandow-esticador\/#breadcrumb","itemListElement":[{"@type":"ListItem","position":1,"name":"Accueil","item":"https:\/\/www.azur-scenic.com\/pt-pt\/"},{"@type":"ListItem","position":2,"name":"Produits","item":"https:\/\/www.azur-scenic.com\/pt-pt\/?page_id=21439"},{"@type":"ListItem","position":3,"name":"Cabo Sandow (esticador)"}]},{"@type":"WebSite","@id":"https:\/\/www.azur-scenic.com\/pt-pt\/#website","url":"https:\/\/www.azur-scenic.com\/pt-pt\/","name":"Azur Scenic","description":"Sp\u00e9cialiste de l\u2019\u00e9quipement sc\u00e9nique et de la d\u00e9coration int\u00e9rieure et \u00e9v\u00e9nementielle !","publisher":{"@id":"https:\/\/www.azur-scenic.com\/pt-pt\/#organization"},"potentialAction":[{"@type":"SearchAction","target":{"@type":"EntryPoint","urlTemplate":"https:\/\/www.azur-scenic.com\/pt-pt\/?s={search_term_string}"},"query-input":{"@type":"PropertyValueSpecification","valueRequired":true,"valueName":"search_term_string"}}],"inLanguage":"pt-PT"},{"@type":"Organization","@id":"https:\/\/www.azur-scenic.com\/pt-pt\/#organization","name":"AZUR SCENIC","url":"https:\/\/www.azur-scenic.com\/pt-pt\/","logo":{"@type":"ImageObject","inLanguage":"pt-PT","@id":"https:\/\/www.azur-scenic.com\/pt-pt\/#\/schema\/logo\/image\/","url":"https:\/\/www.azur-scenic.com\/wp-content\/uploads\/2022\/09\/LOGO-AZUR-SCENIC-Fusion-web-236x64-1.jpg","contentUrl":"https:\/\/www.azur-scenic.com\/wp-content\/uploads\/2022\/09\/LOGO-AZUR-SCENIC-Fusion-web-236x64-1.jpg","width":236,"height":64,"caption":"AZUR SCENIC"},"image":{"@id":"https:\/\/www.azur-scenic.com\/pt-pt\/#\/schema\/logo\/image\/"},"sameAs":["https:\/\/www.youtube.com\/channel\/UCPWM2mGPVUt4nYhNlm71WOA","https:\/\/www.linkedin.com\/company\/33237605\/admin\/feed\/posts\/"]}]}},"_links":{"self":[{"href":"https:\/\/www.azur-scenic.com\/pt-pt\/wp-json\/wp\/v2\/product\/17537","targetHints":{"allow":["GET"]}}],"collection":[{"href":"https:\/\/www.azur-scenic.com\/pt-pt\/wp-json\/wp\/v2\/product"}],"about":[{"href":"https:\/\/www.azur-scenic.com\/pt-pt\/wp-json\/wp\/v2\/types\/product"}],"wp:featuredmedia":[{"embeddable":true,"href":"https:\/\/www.azur-scenic.com\/pt-pt\/wp-json\/wp\/v2\/media\/7993"}],"wp:attachment":[{"href":"https:\/\/www.azur-scenic.com\/pt-pt\/wp-json\/wp\/v2\/media?parent=17537"}],"wp:term":[{"taxonomy":"product_brand","embeddable":true,"href":"https:\/\/www.azur-scenic.com\/pt-pt\/wp-json\/wp\/v2\/product_brand?post=17537"},{"taxonomy":"product_cat","embeddable":true,"href":"https:\/\/www.azur-scenic.com\/pt-pt\/wp-json\/wp\/v2\/product_cat?post=17537"},{"taxonomy":"product_tag","embeddable":true,"href":"https:\/\/www.azur-scenic.com\/pt-pt\/wp-json\/wp\/v2\/product_tag?post=17537"}],"curies":[{"name":"wp","href":"https:\/\/api.w.org\/{rel}","templated":true}]}}