{"id":17547,"date":"2022-10-04T07:27:59","date_gmt":"2022-10-04T07:27:59","guid":{"rendered":"https:\/\/www.azur-scenic.com\/produit\/ruban-agrippant-velcro\/"},"modified":"2024-08-01T11:56:34","modified_gmt":"2024-08-01T11:56:34","slug":"fita-adesiva-velcro","status":"publish","type":"product","link":"https:\/\/www.azur-scenic.com\/pt-pt\/produto\/fita-adesiva-velcro\/","title":{"rendered":"Fita adesiva"},"content":{"rendered":"<table>\n<thead>\n<tr>\n<th style=\"width: 200px;\">Ref.\u00a0<\/th>\n<th style=\"width: 200px;\">Tipo<\/th>\n<th style=\"width: 200px;\">Natural<\/th>\n<th style=\"width: 200px;\">Largura<\/th>\n<th style=\"width: 145px;\">Cores<\/th>\n<\/tr>\n<\/thead>\n<tbody>\n<tr>\n<td style=\"vertical-align: top; width: 200px;\">ACRACC25B<\/td>\n<td style=\"vertical-align: top; width: 200px;\">Para costurar<\/td>\n<td style=\"vertical-align: top; width: 200px;\">Gancho<\/td>\n<td style=\"vertical-align: top; width: 200px;\">25 mm<\/td>\n<td style=\"vertical-align: top; width: 145px;\">Branco<\/td>\n<\/tr>\n<tr>\n<td style=\"vertical-align: top; width: 200px;\">ACRACC25N<\/td>\n<td style=\"vertical-align: top; width: 200px;\">Para costurar<\/td>\n<td style=\"vertical-align: top; width: 200px;\">Gancho<\/td>\n<td style=\"vertical-align: top; width: 200px;\">25 mm<\/td>\n<td style=\"vertical-align: top; width: 145px;\">Negro<\/td>\n<\/tr>\n<tr>\n<td style=\"vertical-align: top; width: 200px;\">ACRACM25B<\/td>\n<td style=\"vertical-align: top; width: 200px;\">Para costurar<\/td>\n<td style=\"vertical-align: top; width: 200px;\">Espuma<\/td>\n<td style=\"vertical-align: top; width: 200px;\">25 mm<\/td>\n<td style=\"vertical-align: top; width: 145px;\">Branco<\/td>\n<\/tr>\n<tr>\n<td style=\"vertical-align: top; width: 200px;\">ACRACM25N<\/td>\n<td style=\"vertical-align: top; width: 200px;\">Para costurar<\/td>\n<td style=\"vertical-align: top; width: 200px;\">Espuma<\/td>\n<td style=\"vertical-align: top; width: 200px;\">25 mm<\/td>\n<td style=\"vertical-align: top; width: 145px;\">Negro<\/td>\n<\/tr>\n<tr>\n<td style=\"vertical-align: top; width: 200px;\">ACRACC50B<\/td>\n<td style=\"vertical-align: top; width: 200px;\">Para costurar<\/td>\n<td style=\"vertical-align: top; width: 200px;\">Gancho<\/td>\n<td style=\"vertical-align: top; width: 200px;\">50 mm<\/td>\n<td style=\"vertical-align: top; width: 145px;\">Branco<\/td>\n<\/tr>\n<tr>\n<td style=\"vertical-align: top; width: 200px;\">ACRACC50N<\/td>\n<td style=\"vertical-align: top; width: 200px;\">Para costurar<\/td>\n<td style=\"vertical-align: top; width: 200px;\">Gancho<\/td>\n<td style=\"vertical-align: top; width: 200px;\">50 mm<\/td>\n<td style=\"vertical-align: top; width: 145px;\">Negro<\/td>\n<\/tr>\n<tr>\n<td style=\"vertical-align: top; width: 200px;\">ACRACM50B<\/td>\n<td style=\"vertical-align: top; width: 200px;\">Para costurar<\/td>\n<td style=\"vertical-align: top; width: 200px;\">Espuma<\/td>\n<td style=\"vertical-align: top; width: 200px;\">50 mm<\/td>\n<td style=\"vertical-align: top; width: 145px;\">Branco<\/td>\n<\/tr>\n<tr>\n<td style=\"vertical-align: top; width: 200px;\">ACRACM50N<\/td>\n<td style=\"vertical-align: top; width: 200px;\">Para costurar<\/td>\n<td style=\"vertical-align: top; width: 200px;\">Espuma<\/td>\n<td style=\"vertical-align: top; width: 200px;\">50 mm<\/td>\n<td style=\"vertical-align: top; width: 145px;\">Negro<\/td>\n<\/tr>\n<tr>\n<td style=\"vertical-align: top; width: 200px;\">ACRAAC25B<\/td>\n<td style=\"vertical-align: top; width: 200px;\">Adesivo<\/td>\n<td style=\"vertical-align: top; width: 200px;\">Gancho<\/td>\n<td style=\"vertical-align: top; width: 200px;\">25 mm<\/td>\n<td style=\"vertical-align: top; width: 145px;\">Branco<\/td>\n<\/tr>\n<tr>\n<td style=\"vertical-align: top; width: 200px;\">ACRAAC25N<\/td>\n<td style=\"vertical-align: top; width: 200px;\">Adesivo<\/td>\n<td style=\"vertical-align: top; width: 200px;\">Gancho<\/td>\n<td style=\"vertical-align: top; width: 200px;\">25 mm<\/td>\n<td style=\"vertical-align: top; width: 145px;\">Negro<\/td>\n<\/tr>\n<tr>\n<td style=\"vertical-align: top; width: 200px;\">ACRAAM25B<\/td>\n<td style=\"vertical-align: top; width: 200px;\">Adesivo<\/td>\n<td style=\"vertical-align: top; width: 200px;\">Espuma<\/td>\n<td style=\"vertical-align: top; width: 200px;\">25 mm<\/td>\n<td style=\"vertical-align: top; width: 145px;\">Branco<\/td>\n<\/tr>\n<tr>\n<td style=\"vertical-align: top; width: 200px;\">ACRAAM25N<\/td>\n<td style=\"vertical-align: top; width: 200px;\">Adesivo<\/td>\n<td style=\"vertical-align: top; width: 200px;\">Espuma<\/td>\n<td style=\"vertical-align: top; width: 200px;\">25 mm<\/td>\n<td style=\"vertical-align: top; width: 145px;\">Negro<\/td>\n<\/tr>\n<tr>\n<td style=\"vertical-align: top; width: 200px;\">ACRAAC50B<\/td>\n<td style=\"vertical-align: top; width: 200px;\">Adesivo<\/td>\n<td style=\"vertical-align: top; width: 200px;\">Gancho<\/td>\n<td style=\"vertical-align: top; width: 200px;\">50 mm<\/td>\n<td style=\"vertical-align: top; width: 145px;\">Branco<\/td>\n<\/tr>\n<tr>\n<td style=\"vertical-align: top; width: 200px;\">ACRAAC50N<\/td>\n<td style=\"vertical-align: top; width: 200px;\">Adesivo<\/td>\n<td style=\"vertical-align: top; width: 200px;\">Gancho<\/td>\n<td style=\"vertical-align: top; width: 200px;\">50 mm<\/td>\n<td style=\"vertical-align: top; width: 145px;\">Negro<\/td>\n<\/tr>\n<tr>\n<td style=\"vertical-align: top; width: 200px;\">ACRAAM50B<\/td>\n<td style=\"vertical-align: top; width: 200px;\">Adesivo<\/td>\n<td style=\"vertical-align: top; width: 200px;\">Espuma<\/td>\n<td style=\"vertical-align: top; width: 200px;\">50 mm<\/td>\n<td style=\"vertical-align: top; width: 145px;\">Branco<\/td>\n<\/tr>\n<tr>\n<td style=\"vertical-align: top; width: 200px;\">ACRAAM50N<\/td>\n<td style=\"vertical-align: top; width: 200px;\">Adesivo<\/td>\n<td style=\"vertical-align: top; width: 200px;\">Espuma<\/td>\n<td style=\"vertical-align: top; width: 200px;\">50 mm<\/td>\n<td style=\"vertical-align: top; width: 145px;\">Negro<\/td>\n<\/tr>\n<\/tbody>\n<\/table>\n<p>Outras larguras mediante pedido.<\/p>\n","protected":false},"excerpt":{"rendered":"<p><strong>A imprescind\u00edvel fita adesiva ideal para todos os tipos de trabalho de confe\u00e7\u00e3o de t\u00eaxteis.<\/strong><\/p>\n<p><strong>Acondicionamento<\/strong>: pastilha de 25 m<\/p>\n<p><strong>Cores<\/strong>: Branco ou Negro<\/p>\n<p><strong>Largura<\/strong>: 25 ou 50 mm<\/p>\n<p><strong>Descri\u00e7\u00e3o sum\u00e1ria<\/strong>:<\/p>\n<ul>\n<li>Artigo de qualidade<\/li>\n<li>Dispon\u00edvel na vers\u00e3o cl\u00e1ssica (cosida) ou com suporte adesivo<\/li>\n<li>Dispon\u00edvel em vers\u00e3o gancho e espuma<\/li>\n<\/ul>\n","protected":false},"featured_media":7945,"template":"","meta":{"_acf_changed":false},"product_brand":[],"product_cat":[921,1228,1282],"product_tag":[],"class_list":{"0":"post-17547","1":"product","2":"type-product","3":"status-publish","4":"has-post-thumbnail","6":"product_cat-todos-os-produtos","7":"product_cat-acessorios-e-consumiveis","8":"product_cat-acessorios-de-confecao","10":"first","11":"instock","12":"shipping-taxable","13":"purchasable","14":"product-type-simple"},"acf":[],"yoast_head":"<!-- This site is optimized with the Yoast SEO plugin v27.3 - https:\/\/yoast.com\/product\/yoast-seo-wordpress\/ -->\n<title>Fita adesiva - Azur Scenic<\/title>\n<meta name=\"robots\" content=\"index, follow, max-snippet:-1, max-image-preview:large, max-video-preview:-1\" \/>\n<link rel=\"canonical\" href=\"https:\/\/www.azur-scenic.com\/pt-pt\/produto\/fita-adesiva-velcro\/\" \/>\n<meta property=\"og:locale\" content=\"pt_PT\" \/>\n<meta property=\"og:type\" content=\"article\" \/>\n<meta property=\"og:title\" content=\"Fita adesiva - Azur Scenic\" \/>\n<meta property=\"og:description\" content=\"A imprescind\u00edvel fita adesiva ideal para todos os tipos de trabalho de confe\u00e7\u00e3o de t\u00eaxteis. Acondicionamento: pastilha de 25 m Cores: Branco ou Negro Largura: 25 ou 50 mm Descri\u00e7\u00e3o sum\u00e1ria:   Artigo de qualidade  Dispon\u00edvel na vers\u00e3o cl\u00e1ssica (cosida) ou com suporte adesivo  Dispon\u00edvel em vers\u00e3o gancho e espuma\" \/>\n<meta property=\"og:url\" content=\"https:\/\/www.azur-scenic.com\/pt-pt\/produto\/fita-adesiva-velcro\/\" \/>\n<meta property=\"og:site_name\" content=\"Azur Scenic\" \/>\n<meta property=\"article:modified_time\" content=\"2024-08-01T11:56:34+00:00\" \/>\n<meta property=\"og:image\" content=\"https:\/\/www.azur-scenic.com\/wp-content\/uploads\/4bbbe37b0a4614ac1519bd033115ad78.jpg\" \/>\n\t<meta property=\"og:image:width\" content=\"2268\" \/>\n\t<meta property=\"og:image:height\" content=\"2268\" \/>\n\t<meta property=\"og:image:type\" content=\"image\/jpeg\" \/>\n<meta name=\"twitter:card\" content=\"summary_large_image\" \/>\n<meta name=\"twitter:label1\" content=\"Tempo estimado de leitura\" \/>\n\t<meta name=\"twitter:data1\" content=\"1 minuto\" \/>\n<script type=\"application\/ld+json\" class=\"yoast-schema-graph\">{\"@context\":\"https:\\\/\\\/schema.org\",\"@graph\":[{\"@type\":\"WebPage\",\"@id\":\"https:\\\/\\\/www.azur-scenic.com\\\/pt-pt\\\/produto\\\/fita-adesiva-velcro\\\/\",\"url\":\"https:\\\/\\\/www.azur-scenic.com\\\/pt-pt\\\/produto\\\/fita-adesiva-velcro\\\/\",\"name\":\"Fita adesiva - Azur Scenic\",\"isPartOf\":{\"@id\":\"https:\\\/\\\/www.azur-scenic.com\\\/pt-pt\\\/#website\"},\"primaryImageOfPage\":{\"@id\":\"https:\\\/\\\/www.azur-scenic.com\\\/pt-pt\\\/produto\\\/fita-adesiva-velcro\\\/#primaryimage\"},\"image\":{\"@id\":\"https:\\\/\\\/www.azur-scenic.com\\\/pt-pt\\\/produto\\\/fita-adesiva-velcro\\\/#primaryimage\"},\"thumbnailUrl\":\"https:\\\/\\\/www.azur-scenic.com\\\/wp-content\\\/uploads\\\/4bbbe37b0a4614ac1519bd033115ad78.jpg\",\"datePublished\":\"2022-10-04T07:27:59+00:00\",\"dateModified\":\"2024-08-01T11:56:34+00:00\",\"breadcrumb\":{\"@id\":\"https:\\\/\\\/www.azur-scenic.com\\\/pt-pt\\\/produto\\\/fita-adesiva-velcro\\\/#breadcrumb\"},\"inLanguage\":\"pt-PT\",\"potentialAction\":[{\"@type\":\"ReadAction\",\"target\":[\"https:\\\/\\\/www.azur-scenic.com\\\/pt-pt\\\/produto\\\/fita-adesiva-velcro\\\/\"]}]},{\"@type\":\"ImageObject\",\"inLanguage\":\"pt-PT\",\"@id\":\"https:\\\/\\\/www.azur-scenic.com\\\/pt-pt\\\/produto\\\/fita-adesiva-velcro\\\/#primaryimage\",\"url\":\"https:\\\/\\\/www.azur-scenic.com\\\/wp-content\\\/uploads\\\/4bbbe37b0a4614ac1519bd033115ad78.jpg\",\"contentUrl\":\"https:\\\/\\\/www.azur-scenic.com\\\/wp-content\\\/uploads\\\/4bbbe37b0a4614ac1519bd033115ad78.jpg\",\"width\":2268,\"height\":2268},{\"@type\":\"BreadcrumbList\",\"@id\":\"https:\\\/\\\/www.azur-scenic.com\\\/pt-pt\\\/produto\\\/fita-adesiva-velcro\\\/#breadcrumb\",\"itemListElement\":[{\"@type\":\"ListItem\",\"position\":1,\"name\":\"Accueil\",\"item\":\"https:\\\/\\\/www.azur-scenic.com\\\/pt-pt\\\/\"},{\"@type\":\"ListItem\",\"position\":2,\"name\":\"Produits\",\"item\":\"https:\\\/\\\/www.azur-scenic.com\\\/pt-pt\\\/?page_id=21439\"},{\"@type\":\"ListItem\",\"position\":3,\"name\":\"Fita adesiva\"}]},{\"@type\":\"WebSite\",\"@id\":\"https:\\\/\\\/www.azur-scenic.com\\\/pt-pt\\\/#website\",\"url\":\"https:\\\/\\\/www.azur-scenic.com\\\/pt-pt\\\/\",\"name\":\"Azur Scenic\",\"description\":\"Sp\u00e9cialiste de l\u2019\u00e9quipement sc\u00e9nique et de la d\u00e9coration int\u00e9rieure et \u00e9v\u00e9nementielle !\",\"publisher\":{\"@id\":\"https:\\\/\\\/www.azur-scenic.com\\\/pt-pt\\\/#organization\"},\"potentialAction\":[{\"@type\":\"SearchAction\",\"target\":{\"@type\":\"EntryPoint\",\"urlTemplate\":\"https:\\\/\\\/www.azur-scenic.com\\\/pt-pt\\\/?s={search_term_string}\"},\"query-input\":{\"@type\":\"PropertyValueSpecification\",\"valueRequired\":true,\"valueName\":\"search_term_string\"}}],\"inLanguage\":\"pt-PT\"},{\"@type\":\"Organization\",\"@id\":\"https:\\\/\\\/www.azur-scenic.com\\\/pt-pt\\\/#organization\",\"name\":\"AZUR SCENIC\",\"url\":\"https:\\\/\\\/www.azur-scenic.com\\\/pt-pt\\\/\",\"logo\":{\"@type\":\"ImageObject\",\"inLanguage\":\"pt-PT\",\"@id\":\"https:\\\/\\\/www.azur-scenic.com\\\/pt-pt\\\/#\\\/schema\\\/logo\\\/image\\\/\",\"url\":\"https:\\\/\\\/www.azur-scenic.com\\\/wp-content\\\/uploads\\\/2022\\\/09\\\/LOGO-AZUR-SCENIC-Fusion-web-236x64-1.jpg\",\"contentUrl\":\"https:\\\/\\\/www.azur-scenic.com\\\/wp-content\\\/uploads\\\/2022\\\/09\\\/LOGO-AZUR-SCENIC-Fusion-web-236x64-1.jpg\",\"width\":236,\"height\":64,\"caption\":\"AZUR SCENIC\"},\"image\":{\"@id\":\"https:\\\/\\\/www.azur-scenic.com\\\/pt-pt\\\/#\\\/schema\\\/logo\\\/image\\\/\"},\"sameAs\":[\"https:\\\/\\\/www.youtube.com\\\/channel\\\/UCPWM2mGPVUt4nYhNlm71WOA\",\"https:\\\/\\\/www.linkedin.com\\\/company\\\/33237605\\\/admin\\\/feed\\\/posts\\\/\"]}]}<\/script>\n<!-- \/ Yoast SEO plugin. -->","yoast_head_json":{"title":"Fita adesiva - Azur Scenic","robots":{"index":"index","follow":"follow","max-snippet":"max-snippet:-1","max-image-preview":"max-image-preview:large","max-video-preview":"max-video-preview:-1"},"canonical":"https:\/\/www.azur-scenic.com\/pt-pt\/produto\/fita-adesiva-velcro\/","og_locale":"pt_PT","og_type":"article","og_title":"Fita adesiva - Azur Scenic","og_description":"A imprescind\u00edvel fita adesiva ideal para todos os tipos de trabalho de confe\u00e7\u00e3o de t\u00eaxteis. Acondicionamento: pastilha de 25 m Cores: Branco ou Negro Largura: 25 ou 50 mm Descri\u00e7\u00e3o sum\u00e1ria:   Artigo de qualidade  Dispon\u00edvel na vers\u00e3o cl\u00e1ssica (cosida) ou com suporte adesivo  Dispon\u00edvel em vers\u00e3o gancho e espuma","og_url":"https:\/\/www.azur-scenic.com\/pt-pt\/produto\/fita-adesiva-velcro\/","og_site_name":"Azur Scenic","article_modified_time":"2024-08-01T11:56:34+00:00","og_image":[{"width":2268,"height":2268,"url":"https:\/\/www.azur-scenic.com\/wp-content\/uploads\/4bbbe37b0a4614ac1519bd033115ad78.jpg","type":"image\/jpeg"}],"twitter_card":"summary_large_image","twitter_misc":{"Tempo estimado de leitura":"1 minuto"},"schema":{"@context":"https:\/\/schema.org","@graph":[{"@type":"WebPage","@id":"https:\/\/www.azur-scenic.com\/pt-pt\/produto\/fita-adesiva-velcro\/","url":"https:\/\/www.azur-scenic.com\/pt-pt\/produto\/fita-adesiva-velcro\/","name":"Fita adesiva - Azur Scenic","isPartOf":{"@id":"https:\/\/www.azur-scenic.com\/pt-pt\/#website"},"primaryImageOfPage":{"@id":"https:\/\/www.azur-scenic.com\/pt-pt\/produto\/fita-adesiva-velcro\/#primaryimage"},"image":{"@id":"https:\/\/www.azur-scenic.com\/pt-pt\/produto\/fita-adesiva-velcro\/#primaryimage"},"thumbnailUrl":"https:\/\/www.azur-scenic.com\/wp-content\/uploads\/4bbbe37b0a4614ac1519bd033115ad78.jpg","datePublished":"2022-10-04T07:27:59+00:00","dateModified":"2024-08-01T11:56:34+00:00","breadcrumb":{"@id":"https:\/\/www.azur-scenic.com\/pt-pt\/produto\/fita-adesiva-velcro\/#breadcrumb"},"inLanguage":"pt-PT","potentialAction":[{"@type":"ReadAction","target":["https:\/\/www.azur-scenic.com\/pt-pt\/produto\/fita-adesiva-velcro\/"]}]},{"@type":"ImageObject","inLanguage":"pt-PT","@id":"https:\/\/www.azur-scenic.com\/pt-pt\/produto\/fita-adesiva-velcro\/#primaryimage","url":"https:\/\/www.azur-scenic.com\/wp-content\/uploads\/4bbbe37b0a4614ac1519bd033115ad78.jpg","contentUrl":"https:\/\/www.azur-scenic.com\/wp-content\/uploads\/4bbbe37b0a4614ac1519bd033115ad78.jpg","width":2268,"height":2268},{"@type":"BreadcrumbList","@id":"https:\/\/www.azur-scenic.com\/pt-pt\/produto\/fita-adesiva-velcro\/#breadcrumb","itemListElement":[{"@type":"ListItem","position":1,"name":"Accueil","item":"https:\/\/www.azur-scenic.com\/pt-pt\/"},{"@type":"ListItem","position":2,"name":"Produits","item":"https:\/\/www.azur-scenic.com\/pt-pt\/?page_id=21439"},{"@type":"ListItem","position":3,"name":"Fita adesiva"}]},{"@type":"WebSite","@id":"https:\/\/www.azur-scenic.com\/pt-pt\/#website","url":"https:\/\/www.azur-scenic.com\/pt-pt\/","name":"Azur Scenic","description":"Sp\u00e9cialiste de l\u2019\u00e9quipement sc\u00e9nique et de la d\u00e9coration int\u00e9rieure et \u00e9v\u00e9nementielle !","publisher":{"@id":"https:\/\/www.azur-scenic.com\/pt-pt\/#organization"},"potentialAction":[{"@type":"SearchAction","target":{"@type":"EntryPoint","urlTemplate":"https:\/\/www.azur-scenic.com\/pt-pt\/?s={search_term_string}"},"query-input":{"@type":"PropertyValueSpecification","valueRequired":true,"valueName":"search_term_string"}}],"inLanguage":"pt-PT"},{"@type":"Organization","@id":"https:\/\/www.azur-scenic.com\/pt-pt\/#organization","name":"AZUR SCENIC","url":"https:\/\/www.azur-scenic.com\/pt-pt\/","logo":{"@type":"ImageObject","inLanguage":"pt-PT","@id":"https:\/\/www.azur-scenic.com\/pt-pt\/#\/schema\/logo\/image\/","url":"https:\/\/www.azur-scenic.com\/wp-content\/uploads\/2022\/09\/LOGO-AZUR-SCENIC-Fusion-web-236x64-1.jpg","contentUrl":"https:\/\/www.azur-scenic.com\/wp-content\/uploads\/2022\/09\/LOGO-AZUR-SCENIC-Fusion-web-236x64-1.jpg","width":236,"height":64,"caption":"AZUR SCENIC"},"image":{"@id":"https:\/\/www.azur-scenic.com\/pt-pt\/#\/schema\/logo\/image\/"},"sameAs":["https:\/\/www.youtube.com\/channel\/UCPWM2mGPVUt4nYhNlm71WOA","https:\/\/www.linkedin.com\/company\/33237605\/admin\/feed\/posts\/"]}]}},"_links":{"self":[{"href":"https:\/\/www.azur-scenic.com\/pt-pt\/wp-json\/wp\/v2\/product\/17547","targetHints":{"allow":["GET"]}}],"collection":[{"href":"https:\/\/www.azur-scenic.com\/pt-pt\/wp-json\/wp\/v2\/product"}],"about":[{"href":"https:\/\/www.azur-scenic.com\/pt-pt\/wp-json\/wp\/v2\/types\/product"}],"wp:featuredmedia":[{"embeddable":true,"href":"https:\/\/www.azur-scenic.com\/pt-pt\/wp-json\/wp\/v2\/media\/7945"}],"wp:attachment":[{"href":"https:\/\/www.azur-scenic.com\/pt-pt\/wp-json\/wp\/v2\/media?parent=17547"}],"wp:term":[{"taxonomy":"product_brand","embeddable":true,"href":"https:\/\/www.azur-scenic.com\/pt-pt\/wp-json\/wp\/v2\/product_brand?post=17547"},{"taxonomy":"product_cat","embeddable":true,"href":"https:\/\/www.azur-scenic.com\/pt-pt\/wp-json\/wp\/v2\/product_cat?post=17547"},{"taxonomy":"product_tag","embeddable":true,"href":"https:\/\/www.azur-scenic.com\/pt-pt\/wp-json\/wp\/v2\/product_tag?post=17547"}],"curies":[{"name":"wp","href":"https:\/\/api.w.org\/{rel}","templated":true}]}}