{"id":17557,"date":"2022-10-04T07:27:58","date_gmt":"2022-10-04T07:27:58","guid":{"rendered":"https:\/\/www.azur-scenic.com\/produit\/adhesif-advance-pour-tapis-de-danse\/"},"modified":"2023-08-02T13:25:23","modified_gmt":"2023-08-02T13:25:23","slug":"adhesif-advance-tapetes-de-danca","status":"publish","type":"product","link":"https:\/\/www.azur-scenic.com\/pt-pt\/produto\/adhesif-advance-tapetes-de-danca\/","title":{"rendered":"Adhesif Advance\u00ae tapetes de dan\u00e7a"},"content":{"rendered":"<\/p>\n","protected":false},"excerpt":{"rendered":"<p><strong>A refer\u00eancia incontorn\u00e1vel AT7 da marca Advance\u00ae ou 7641 da marca 3M, ideal para unir faixas entre tapetes de dan\u00e7a.<\/strong><\/p>\n<p><strong>Marca<\/strong>:<\/p>\n<ul>\n<li>Advance AT7 (negro, branco, cinzento)<\/li>\n<li>3M 7641 (transl\u00facida)<\/li>\n<\/ul>\n<p><strong>Largura do rolo<\/strong>: 5 cm<\/p>\n<p><strong>Comprimento do rolo<\/strong>: 33 m<\/p>\n<p><strong>Acondicionamento<\/strong>:<\/p>\n<ul>\n<li>Caixa com 18 rolos (negro, branco, cinzento)<\/li>\n<li>Caixa com 24 rolos (negro, branco, cinzento)<\/li>\n<li>Possibilidade de venda \u00e0 unidade<\/li>\n<\/ul>\n<p><strong>Cores<\/strong>: Branco, Negro, Cinzento, Transl\u00facido<\/p>\n<p><strong>Descri\u00e7\u00e3o sum\u00e1ria<\/strong>:<\/p>\n<ul>\n<li>Para colocar na parte superior do tapete<\/li>\n<li>Adesivo n\u00e3o corrosivo, que n\u00e3o danifica o tapete e limita os vest\u00edgios de cola durante montagens e desmontagens regulares<\/li>\n<li>Retardador de chamas<\/li>\n<li>F\u00e1cil de desenrolar e de recortar<\/li>\n<li>Imperme\u00e1vel, boa resist\u00eancia \u00e0 abras\u00e3o e aos raios UV<\/li>\n<\/ul>\n<p><strong>Refer\u00eancias<\/strong>:<\/p>\n<ul>\n<li>AATDB \u2013 Branco<\/li>\n<li>AATDN &#8211; Negro<\/li>\n<li>AATDG &#8211; Cinzento<\/li>\n<li>AATDT &#8211; Transl\u00facido<\/li>\n<\/ul>\n","protected":false},"featured_media":7927,"template":"","meta":{"_acf_changed":false},"product_brand":[],"product_cat":[921,1228,1285],"product_tag":[],"class_list":{"0":"post-17557","1":"product","2":"type-product","3":"status-publish","4":"has-post-thumbnail","6":"product_cat-todos-os-produtos","7":"product_cat-acessorios-e-consumiveis","8":"product_cat-adesivos","10":"first","11":"instock","12":"shipping-taxable","13":"purchasable","14":"product-type-simple"},"acf":[],"yoast_head":"<!-- This site is optimized with the Yoast SEO plugin v27.1.1 - https:\/\/yoast.com\/product\/yoast-seo-wordpress\/ -->\n<title>Adhesif Advance\u00ae tapetes de dan\u00e7a - Azur Scenic<\/title>\n<meta name=\"robots\" content=\"index, follow, max-snippet:-1, max-image-preview:large, max-video-preview:-1\" \/>\n<link rel=\"canonical\" href=\"https:\/\/www.azur-scenic.com\/pt-pt\/produto\/adhesif-advance-tapetes-de-danca\/\" \/>\n<meta property=\"og:locale\" content=\"pt_PT\" \/>\n<meta property=\"og:type\" content=\"article\" \/>\n<meta property=\"og:title\" content=\"Adhesif Advance\u00ae tapetes de dan\u00e7a - Azur Scenic\" \/>\n<meta property=\"og:description\" content=\"A refer\u00eancia incontorn\u00e1vel AT7 da marca Advance\u00ae ou 7641 da marca 3M, ideal para unir faixas entre tapetes de dan\u00e7a. Marca:  Advance AT7 (negro, branco, cinzento) 3M 7641 (transl\u00facida) Largura do rolo: 5 cm Comprimento do rolo: 33 m Acondicionamento:  Caixa com 18 rolos (negro, branco, cinzento) Caixa com 24 rolos (negro, branco, cinzento) Possibilidade de venda \u00e0 unidade Cores: Branco, Negro, Cinzento, Transl\u00facido Descri\u00e7\u00e3o sum\u00e1ria:  Para colocar na parte superior do tapete Adesivo n\u00e3o corrosivo, que n\u00e3o danifica o tapete e limita os vest\u00edgios de cola durante montagens e desmontagens regulares Retardador de chamas F\u00e1cil de desenrolar e de recortar Imperme\u00e1vel, boa resist\u00eancia \u00e0 abras\u00e3o e aos raios UV Refer\u00eancias:  AATDB \u2013 Branco AATDN - Negro AATDG - Cinzento AATDT - Transl\u00facido\" \/>\n<meta property=\"og:url\" content=\"https:\/\/www.azur-scenic.com\/pt-pt\/produto\/adhesif-advance-tapetes-de-danca\/\" \/>\n<meta property=\"og:site_name\" content=\"Azur Scenic\" \/>\n<meta property=\"article:modified_time\" content=\"2023-08-02T13:25:23+00:00\" \/>\n<meta property=\"og:image\" content=\"https:\/\/www.azur-scenic.com\/wp-content\/uploads\/67b7f5e3f9ccc7737bf6997b132cfbfe.jpg\" \/>\n\t<meta property=\"og:image:width\" content=\"591\" \/>\n\t<meta property=\"og:image:height\" content=\"591\" \/>\n\t<meta property=\"og:image:type\" content=\"image\/jpeg\" \/>\n<meta name=\"twitter:card\" content=\"summary_large_image\" \/>\n<script type=\"application\/ld+json\" class=\"yoast-schema-graph\">{\"@context\":\"https:\/\/schema.org\",\"@graph\":[{\"@type\":\"WebPage\",\"@id\":\"https:\/\/www.azur-scenic.com\/pt-pt\/produto\/adhesif-advance-tapetes-de-danca\/\",\"url\":\"https:\/\/www.azur-scenic.com\/pt-pt\/produto\/adhesif-advance-tapetes-de-danca\/\",\"name\":\"Adhesif Advance\u00ae tapetes de dan\u00e7a - Azur Scenic\",\"isPartOf\":{\"@id\":\"https:\/\/www.azur-scenic.com\/pt-pt\/#website\"},\"primaryImageOfPage\":{\"@id\":\"https:\/\/www.azur-scenic.com\/pt-pt\/produto\/adhesif-advance-tapetes-de-danca\/#primaryimage\"},\"image\":{\"@id\":\"https:\/\/www.azur-scenic.com\/pt-pt\/produto\/adhesif-advance-tapetes-de-danca\/#primaryimage\"},\"thumbnailUrl\":\"https:\/\/www.azur-scenic.com\/wp-content\/uploads\/67b7f5e3f9ccc7737bf6997b132cfbfe.jpg\",\"datePublished\":\"2022-10-04T07:27:58+00:00\",\"dateModified\":\"2023-08-02T13:25:23+00:00\",\"breadcrumb\":{\"@id\":\"https:\/\/www.azur-scenic.com\/pt-pt\/produto\/adhesif-advance-tapetes-de-danca\/#breadcrumb\"},\"inLanguage\":\"pt-PT\",\"potentialAction\":[{\"@type\":\"ReadAction\",\"target\":[\"https:\/\/www.azur-scenic.com\/pt-pt\/produto\/adhesif-advance-tapetes-de-danca\/\"]}]},{\"@type\":\"ImageObject\",\"inLanguage\":\"pt-PT\",\"@id\":\"https:\/\/www.azur-scenic.com\/pt-pt\/produto\/adhesif-advance-tapetes-de-danca\/#primaryimage\",\"url\":\"https:\/\/www.azur-scenic.com\/wp-content\/uploads\/67b7f5e3f9ccc7737bf6997b132cfbfe.jpg\",\"contentUrl\":\"https:\/\/www.azur-scenic.com\/wp-content\/uploads\/67b7f5e3f9ccc7737bf6997b132cfbfe.jpg\",\"width\":591,\"height\":591},{\"@type\":\"BreadcrumbList\",\"@id\":\"https:\/\/www.azur-scenic.com\/pt-pt\/produto\/adhesif-advance-tapetes-de-danca\/#breadcrumb\",\"itemListElement\":[{\"@type\":\"ListItem\",\"position\":1,\"name\":\"Accueil\",\"item\":\"https:\/\/www.azur-scenic.com\/pt-pt\/\"},{\"@type\":\"ListItem\",\"position\":2,\"name\":\"Produits\",\"item\":\"https:\/\/www.azur-scenic.com\/pt-pt\/?page_id=21439\"},{\"@type\":\"ListItem\",\"position\":3,\"name\":\"Adhesif Advance\u00ae tapetes de dan\u00e7a\"}]},{\"@type\":\"WebSite\",\"@id\":\"https:\/\/www.azur-scenic.com\/pt-pt\/#website\",\"url\":\"https:\/\/www.azur-scenic.com\/pt-pt\/\",\"name\":\"Azur Scenic\",\"description\":\"Sp\u00e9cialiste de l\u2019\u00e9quipement sc\u00e9nique et de la d\u00e9coration int\u00e9rieure et \u00e9v\u00e9nementielle !\",\"publisher\":{\"@id\":\"https:\/\/www.azur-scenic.com\/pt-pt\/#organization\"},\"potentialAction\":[{\"@type\":\"SearchAction\",\"target\":{\"@type\":\"EntryPoint\",\"urlTemplate\":\"https:\/\/www.azur-scenic.com\/pt-pt\/?s={search_term_string}\"},\"query-input\":{\"@type\":\"PropertyValueSpecification\",\"valueRequired\":true,\"valueName\":\"search_term_string\"}}],\"inLanguage\":\"pt-PT\"},{\"@type\":\"Organization\",\"@id\":\"https:\/\/www.azur-scenic.com\/pt-pt\/#organization\",\"name\":\"AZUR SCENIC\",\"url\":\"https:\/\/www.azur-scenic.com\/pt-pt\/\",\"logo\":{\"@type\":\"ImageObject\",\"inLanguage\":\"pt-PT\",\"@id\":\"https:\/\/www.azur-scenic.com\/pt-pt\/#\/schema\/logo\/image\/\",\"url\":\"https:\/\/www.azur-scenic.com\/wp-content\/uploads\/2022\/09\/LOGO-AZUR-SCENIC-Fusion-web-236x64-1.jpg\",\"contentUrl\":\"https:\/\/www.azur-scenic.com\/wp-content\/uploads\/2022\/09\/LOGO-AZUR-SCENIC-Fusion-web-236x64-1.jpg\",\"width\":236,\"height\":64,\"caption\":\"AZUR SCENIC\"},\"image\":{\"@id\":\"https:\/\/www.azur-scenic.com\/pt-pt\/#\/schema\/logo\/image\/\"},\"sameAs\":[\"https:\/\/www.youtube.com\/channel\/UCPWM2mGPVUt4nYhNlm71WOA\",\"https:\/\/www.linkedin.com\/company\/33237605\/admin\/feed\/posts\/\"]}]}<\/script>\n<!-- \/ Yoast SEO plugin. -->","yoast_head_json":{"title":"Adhesif Advance\u00ae tapetes de dan\u00e7a - Azur Scenic","robots":{"index":"index","follow":"follow","max-snippet":"max-snippet:-1","max-image-preview":"max-image-preview:large","max-video-preview":"max-video-preview:-1"},"canonical":"https:\/\/www.azur-scenic.com\/pt-pt\/produto\/adhesif-advance-tapetes-de-danca\/","og_locale":"pt_PT","og_type":"article","og_title":"Adhesif Advance\u00ae tapetes de dan\u00e7a - Azur Scenic","og_description":"A refer\u00eancia incontorn\u00e1vel AT7 da marca Advance\u00ae ou 7641 da marca 3M, ideal para unir faixas entre tapetes de dan\u00e7a. Marca:  Advance AT7 (negro, branco, cinzento) 3M 7641 (transl\u00facida) Largura do rolo: 5 cm Comprimento do rolo: 33 m Acondicionamento:  Caixa com 18 rolos (negro, branco, cinzento) Caixa com 24 rolos (negro, branco, cinzento) Possibilidade de venda \u00e0 unidade Cores: Branco, Negro, Cinzento, Transl\u00facido Descri\u00e7\u00e3o sum\u00e1ria:  Para colocar na parte superior do tapete Adesivo n\u00e3o corrosivo, que n\u00e3o danifica o tapete e limita os vest\u00edgios de cola durante montagens e desmontagens regulares Retardador de chamas F\u00e1cil de desenrolar e de recortar Imperme\u00e1vel, boa resist\u00eancia \u00e0 abras\u00e3o e aos raios UV Refer\u00eancias:  AATDB \u2013 Branco AATDN - Negro AATDG - Cinzento AATDT - Transl\u00facido","og_url":"https:\/\/www.azur-scenic.com\/pt-pt\/produto\/adhesif-advance-tapetes-de-danca\/","og_site_name":"Azur Scenic","article_modified_time":"2023-08-02T13:25:23+00:00","og_image":[{"width":591,"height":591,"url":"https:\/\/www.azur-scenic.com\/wp-content\/uploads\/67b7f5e3f9ccc7737bf6997b132cfbfe.jpg","type":"image\/jpeg"}],"twitter_card":"summary_large_image","schema":{"@context":"https:\/\/schema.org","@graph":[{"@type":"WebPage","@id":"https:\/\/www.azur-scenic.com\/pt-pt\/produto\/adhesif-advance-tapetes-de-danca\/","url":"https:\/\/www.azur-scenic.com\/pt-pt\/produto\/adhesif-advance-tapetes-de-danca\/","name":"Adhesif Advance\u00ae tapetes de dan\u00e7a - Azur Scenic","isPartOf":{"@id":"https:\/\/www.azur-scenic.com\/pt-pt\/#website"},"primaryImageOfPage":{"@id":"https:\/\/www.azur-scenic.com\/pt-pt\/produto\/adhesif-advance-tapetes-de-danca\/#primaryimage"},"image":{"@id":"https:\/\/www.azur-scenic.com\/pt-pt\/produto\/adhesif-advance-tapetes-de-danca\/#primaryimage"},"thumbnailUrl":"https:\/\/www.azur-scenic.com\/wp-content\/uploads\/67b7f5e3f9ccc7737bf6997b132cfbfe.jpg","datePublished":"2022-10-04T07:27:58+00:00","dateModified":"2023-08-02T13:25:23+00:00","breadcrumb":{"@id":"https:\/\/www.azur-scenic.com\/pt-pt\/produto\/adhesif-advance-tapetes-de-danca\/#breadcrumb"},"inLanguage":"pt-PT","potentialAction":[{"@type":"ReadAction","target":["https:\/\/www.azur-scenic.com\/pt-pt\/produto\/adhesif-advance-tapetes-de-danca\/"]}]},{"@type":"ImageObject","inLanguage":"pt-PT","@id":"https:\/\/www.azur-scenic.com\/pt-pt\/produto\/adhesif-advance-tapetes-de-danca\/#primaryimage","url":"https:\/\/www.azur-scenic.com\/wp-content\/uploads\/67b7f5e3f9ccc7737bf6997b132cfbfe.jpg","contentUrl":"https:\/\/www.azur-scenic.com\/wp-content\/uploads\/67b7f5e3f9ccc7737bf6997b132cfbfe.jpg","width":591,"height":591},{"@type":"BreadcrumbList","@id":"https:\/\/www.azur-scenic.com\/pt-pt\/produto\/adhesif-advance-tapetes-de-danca\/#breadcrumb","itemListElement":[{"@type":"ListItem","position":1,"name":"Accueil","item":"https:\/\/www.azur-scenic.com\/pt-pt\/"},{"@type":"ListItem","position":2,"name":"Produits","item":"https:\/\/www.azur-scenic.com\/pt-pt\/?page_id=21439"},{"@type":"ListItem","position":3,"name":"Adhesif Advance\u00ae tapetes de dan\u00e7a"}]},{"@type":"WebSite","@id":"https:\/\/www.azur-scenic.com\/pt-pt\/#website","url":"https:\/\/www.azur-scenic.com\/pt-pt\/","name":"Azur Scenic","description":"Sp\u00e9cialiste de l\u2019\u00e9quipement sc\u00e9nique et de la d\u00e9coration int\u00e9rieure et \u00e9v\u00e9nementielle !","publisher":{"@id":"https:\/\/www.azur-scenic.com\/pt-pt\/#organization"},"potentialAction":[{"@type":"SearchAction","target":{"@type":"EntryPoint","urlTemplate":"https:\/\/www.azur-scenic.com\/pt-pt\/?s={search_term_string}"},"query-input":{"@type":"PropertyValueSpecification","valueRequired":true,"valueName":"search_term_string"}}],"inLanguage":"pt-PT"},{"@type":"Organization","@id":"https:\/\/www.azur-scenic.com\/pt-pt\/#organization","name":"AZUR SCENIC","url":"https:\/\/www.azur-scenic.com\/pt-pt\/","logo":{"@type":"ImageObject","inLanguage":"pt-PT","@id":"https:\/\/www.azur-scenic.com\/pt-pt\/#\/schema\/logo\/image\/","url":"https:\/\/www.azur-scenic.com\/wp-content\/uploads\/2022\/09\/LOGO-AZUR-SCENIC-Fusion-web-236x64-1.jpg","contentUrl":"https:\/\/www.azur-scenic.com\/wp-content\/uploads\/2022\/09\/LOGO-AZUR-SCENIC-Fusion-web-236x64-1.jpg","width":236,"height":64,"caption":"AZUR SCENIC"},"image":{"@id":"https:\/\/www.azur-scenic.com\/pt-pt\/#\/schema\/logo\/image\/"},"sameAs":["https:\/\/www.youtube.com\/channel\/UCPWM2mGPVUt4nYhNlm71WOA","https:\/\/www.linkedin.com\/company\/33237605\/admin\/feed\/posts\/"]}]}},"_links":{"self":[{"href":"https:\/\/www.azur-scenic.com\/pt-pt\/wp-json\/wp\/v2\/product\/17557","targetHints":{"allow":["GET"]}}],"collection":[{"href":"https:\/\/www.azur-scenic.com\/pt-pt\/wp-json\/wp\/v2\/product"}],"about":[{"href":"https:\/\/www.azur-scenic.com\/pt-pt\/wp-json\/wp\/v2\/types\/product"}],"wp:featuredmedia":[{"embeddable":true,"href":"https:\/\/www.azur-scenic.com\/pt-pt\/wp-json\/wp\/v2\/media\/7927"}],"wp:attachment":[{"href":"https:\/\/www.azur-scenic.com\/pt-pt\/wp-json\/wp\/v2\/media?parent=17557"}],"wp:term":[{"taxonomy":"product_brand","embeddable":true,"href":"https:\/\/www.azur-scenic.com\/pt-pt\/wp-json\/wp\/v2\/product_brand?post=17557"},{"taxonomy":"product_cat","embeddable":true,"href":"https:\/\/www.azur-scenic.com\/pt-pt\/wp-json\/wp\/v2\/product_cat?post=17557"},{"taxonomy":"product_tag","embeddable":true,"href":"https:\/\/www.azur-scenic.com\/pt-pt\/wp-json\/wp\/v2\/product_tag?post=17557"}],"curies":[{"name":"wp","href":"https:\/\/api.w.org\/{rel}","templated":true}]}}