{"id":17580,"date":"2022-10-04T07:27:53","date_gmt":"2022-10-04T07:27:53","guid":{"rendered":"https:\/\/www.azur-scenic.com\/produit\/devidoir-pour-tapis-de-danse\/"},"modified":"2023-08-02T13:25:46","modified_gmt":"2023-08-02T13:25:46","slug":"carretel-para-tapetes-de-danca","status":"publish","type":"product","link":"https:\/\/www.azur-scenic.com\/pt-pt\/produto\/carretel-para-tapetes-de-danca\/","title":{"rendered":"Carretel para tapetes de dan\u00e7a"},"content":{"rendered":"<p><p><strong>Charri\u00f4 de rodas com barras de carretel, ideal para deslocar e guardar os seus rolos de tapetes de dan\u00e7a.<\/strong><\/p>\n<p><strong>Capacidade<\/strong>: 6, 8 ou 10 rolos (consoante o modelo).<\/p>\n<p><strong>Largura m\u00e1x. tapetes<\/strong>: 160 cm.<br \/>\nPode ser fabricado \u00e0 medida para tapete de at\u00e9 200 cm de largura.<\/p>\n<p><strong>Cores<\/strong>: Negro.<\/p>\n<p><strong>Descri\u00e7\u00e3o sum\u00e1ria<\/strong>:<\/p>\n<ul>\n<li>Fabricado em a\u00e7o com acabamento de pintura ep\u00f3xi preto antiferrugem.<\/li>\n<li>Barras amov\u00edveis para suspender os rolos.<\/li>\n<li>4 rod\u00edzios girat\u00f3rios, 2 com trav\u00e3o.<\/li>\n<\/ul>\n<p><strong>Refer\u00eancias<\/strong>:<\/p>\n<ul>\n<li>ASDTD06 \u2013 Capacidade 6 rolos,<\/li>\n<li>ASDTD08 \u2013 Capacidade 8 rolos,<\/li>\n<li>ASDTD10 \u2013 Capacidade 10 rolos.<\/li>\n<\/ul>\n<p>Outras dimens\u00f5es por pedido.<\/p><\/p>\n","protected":false},"excerpt":{"rendered":"<p>O acess\u00f3rio indispens\u00e1vel para o <strong><span style=\"color: #f88523;\">acondicionamento de rolos de tapetes de dan\u00e7a<\/span><\/strong> (ou outros materiais acondicionados sobre rodas) de utiliza\u00e7\u00e3o pontual.<\/p>\n<p>Gra\u00e7as aos seus <strong><span style=\"color: #f88523;\">rod\u00edzios<\/span><\/strong> e \u00e0s suas <strong><span style=\"color: #f88523;\">barras amov\u00edveis<\/span><\/strong> integradas, o nosso carretel para tapetes de dan\u00e7a <strong><span style=\"color: #f88523;\">facilitar-lhe-\u00e1<\/span><\/strong> a <strong><span style=\"color: #f88523;\">movimenta\u00e7\u00e3o<\/span><\/strong>, <strong><span style=\"color: #f88523;\">instala\u00e7\u00e3o<\/span><\/strong> e <strong><span style=\"color: #f88523;\">armazenamento<\/span><\/strong> dos seus tapetes de dan\u00e7a.<\/p>\n","protected":false},"featured_media":7870,"template":"","meta":{"_acf_changed":false},"product_brand":[],"product_cat":[921,1228,1290],"product_tag":[],"class_list":{"0":"post-17580","1":"product","2":"type-product","3":"status-publish","4":"has-post-thumbnail","6":"product_cat-todos-os-produtos","7":"product_cat-acessorios-e-consumiveis","8":"product_cat-acessorios-de-armazenamento","9":"pa_groupes-de-couleurs-diversos","11":"first","12":"instock","13":"shipping-taxable","14":"purchasable","15":"product-type-simple"},"acf":[],"yoast_head":"<!-- This site is optimized with the Yoast SEO plugin v27.3 - https:\/\/yoast.com\/product\/yoast-seo-wordpress\/ -->\n<title>Carretel para tapetes de dan\u00e7a - Azur Scenic<\/title>\n<meta name=\"robots\" content=\"index, follow, max-snippet:-1, max-image-preview:large, max-video-preview:-1\" \/>\n<link rel=\"canonical\" href=\"https:\/\/www.azur-scenic.com\/pt-pt\/produto\/carretel-para-tapetes-de-danca\/\" \/>\n<meta property=\"og:locale\" content=\"pt_PT\" \/>\n<meta property=\"og:type\" content=\"article\" \/>\n<meta property=\"og:title\" content=\"Carretel para tapetes de dan\u00e7a - Azur Scenic\" \/>\n<meta property=\"og:description\" content=\"O acess\u00f3rio indispens\u00e1vel para o acondicionamento de rolos de tapetes de dan\u00e7a (ou outros materiais acondicionados sobre rodas) de utiliza\u00e7\u00e3o pontual. Gra\u00e7as aos seus rod\u00edzios e \u00e0s suas barras amov\u00edveis integradas, o nosso carretel para tapetes de dan\u00e7a facilitar-lhe-\u00e1 a movimenta\u00e7\u00e3o, instala\u00e7\u00e3o e armazenamento dos seus tapetes de dan\u00e7a.\" \/>\n<meta property=\"og:url\" content=\"https:\/\/www.azur-scenic.com\/pt-pt\/produto\/carretel-para-tapetes-de-danca\/\" \/>\n<meta property=\"og:site_name\" content=\"Azur Scenic\" \/>\n<meta property=\"article:modified_time\" content=\"2023-08-02T13:25:46+00:00\" \/>\n<meta property=\"og:image\" content=\"https:\/\/www.azur-scenic.com\/wp-content\/uploads\/ed28b32706766585d9d9657f38396684.jpg\" \/>\n\t<meta property=\"og:image:width\" content=\"2126\" \/>\n\t<meta property=\"og:image:height\" content=\"2126\" \/>\n\t<meta property=\"og:image:type\" content=\"image\/jpeg\" \/>\n<meta name=\"twitter:card\" content=\"summary_large_image\" \/>\n<script type=\"application\/ld+json\" class=\"yoast-schema-graph\">{\"@context\":\"https:\\\/\\\/schema.org\",\"@graph\":[{\"@type\":\"WebPage\",\"@id\":\"https:\\\/\\\/www.azur-scenic.com\\\/pt-pt\\\/produto\\\/carretel-para-tapetes-de-danca\\\/\",\"url\":\"https:\\\/\\\/www.azur-scenic.com\\\/pt-pt\\\/produto\\\/carretel-para-tapetes-de-danca\\\/\",\"name\":\"Carretel para tapetes de dan\u00e7a - Azur Scenic\",\"isPartOf\":{\"@id\":\"https:\\\/\\\/www.azur-scenic.com\\\/pt-pt\\\/#website\"},\"primaryImageOfPage\":{\"@id\":\"https:\\\/\\\/www.azur-scenic.com\\\/pt-pt\\\/produto\\\/carretel-para-tapetes-de-danca\\\/#primaryimage\"},\"image\":{\"@id\":\"https:\\\/\\\/www.azur-scenic.com\\\/pt-pt\\\/produto\\\/carretel-para-tapetes-de-danca\\\/#primaryimage\"},\"thumbnailUrl\":\"https:\\\/\\\/www.azur-scenic.com\\\/wp-content\\\/uploads\\\/ed28b32706766585d9d9657f38396684.jpg\",\"datePublished\":\"2022-10-04T07:27:53+00:00\",\"dateModified\":\"2023-08-02T13:25:46+00:00\",\"breadcrumb\":{\"@id\":\"https:\\\/\\\/www.azur-scenic.com\\\/pt-pt\\\/produto\\\/carretel-para-tapetes-de-danca\\\/#breadcrumb\"},\"inLanguage\":\"pt-PT\",\"potentialAction\":[{\"@type\":\"ReadAction\",\"target\":[\"https:\\\/\\\/www.azur-scenic.com\\\/pt-pt\\\/produto\\\/carretel-para-tapetes-de-danca\\\/\"]}]},{\"@type\":\"ImageObject\",\"inLanguage\":\"pt-PT\",\"@id\":\"https:\\\/\\\/www.azur-scenic.com\\\/pt-pt\\\/produto\\\/carretel-para-tapetes-de-danca\\\/#primaryimage\",\"url\":\"https:\\\/\\\/www.azur-scenic.com\\\/wp-content\\\/uploads\\\/ed28b32706766585d9d9657f38396684.jpg\",\"contentUrl\":\"https:\\\/\\\/www.azur-scenic.com\\\/wp-content\\\/uploads\\\/ed28b32706766585d9d9657f38396684.jpg\",\"width\":2126,\"height\":2126},{\"@type\":\"BreadcrumbList\",\"@id\":\"https:\\\/\\\/www.azur-scenic.com\\\/pt-pt\\\/produto\\\/carretel-para-tapetes-de-danca\\\/#breadcrumb\",\"itemListElement\":[{\"@type\":\"ListItem\",\"position\":1,\"name\":\"Accueil\",\"item\":\"https:\\\/\\\/www.azur-scenic.com\\\/pt-pt\\\/\"},{\"@type\":\"ListItem\",\"position\":2,\"name\":\"Produits\",\"item\":\"https:\\\/\\\/www.azur-scenic.com\\\/pt-pt\\\/?page_id=21439\"},{\"@type\":\"ListItem\",\"position\":3,\"name\":\"Carretel para tapetes de dan\u00e7a\"}]},{\"@type\":\"WebSite\",\"@id\":\"https:\\\/\\\/www.azur-scenic.com\\\/pt-pt\\\/#website\",\"url\":\"https:\\\/\\\/www.azur-scenic.com\\\/pt-pt\\\/\",\"name\":\"Azur Scenic\",\"description\":\"Sp\u00e9cialiste de l\u2019\u00e9quipement sc\u00e9nique et de la d\u00e9coration int\u00e9rieure et \u00e9v\u00e9nementielle !\",\"publisher\":{\"@id\":\"https:\\\/\\\/www.azur-scenic.com\\\/pt-pt\\\/#organization\"},\"potentialAction\":[{\"@type\":\"SearchAction\",\"target\":{\"@type\":\"EntryPoint\",\"urlTemplate\":\"https:\\\/\\\/www.azur-scenic.com\\\/pt-pt\\\/?s={search_term_string}\"},\"query-input\":{\"@type\":\"PropertyValueSpecification\",\"valueRequired\":true,\"valueName\":\"search_term_string\"}}],\"inLanguage\":\"pt-PT\"},{\"@type\":\"Organization\",\"@id\":\"https:\\\/\\\/www.azur-scenic.com\\\/pt-pt\\\/#organization\",\"name\":\"AZUR SCENIC\",\"url\":\"https:\\\/\\\/www.azur-scenic.com\\\/pt-pt\\\/\",\"logo\":{\"@type\":\"ImageObject\",\"inLanguage\":\"pt-PT\",\"@id\":\"https:\\\/\\\/www.azur-scenic.com\\\/pt-pt\\\/#\\\/schema\\\/logo\\\/image\\\/\",\"url\":\"https:\\\/\\\/www.azur-scenic.com\\\/wp-content\\\/uploads\\\/2022\\\/09\\\/LOGO-AZUR-SCENIC-Fusion-web-236x64-1.jpg\",\"contentUrl\":\"https:\\\/\\\/www.azur-scenic.com\\\/wp-content\\\/uploads\\\/2022\\\/09\\\/LOGO-AZUR-SCENIC-Fusion-web-236x64-1.jpg\",\"width\":236,\"height\":64,\"caption\":\"AZUR SCENIC\"},\"image\":{\"@id\":\"https:\\\/\\\/www.azur-scenic.com\\\/pt-pt\\\/#\\\/schema\\\/logo\\\/image\\\/\"},\"sameAs\":[\"https:\\\/\\\/www.youtube.com\\\/channel\\\/UCPWM2mGPVUt4nYhNlm71WOA\",\"https:\\\/\\\/www.linkedin.com\\\/company\\\/33237605\\\/admin\\\/feed\\\/posts\\\/\"]}]}<\/script>\n<!-- \/ Yoast SEO plugin. -->","yoast_head_json":{"title":"Carretel para tapetes de dan\u00e7a - Azur Scenic","robots":{"index":"index","follow":"follow","max-snippet":"max-snippet:-1","max-image-preview":"max-image-preview:large","max-video-preview":"max-video-preview:-1"},"canonical":"https:\/\/www.azur-scenic.com\/pt-pt\/produto\/carretel-para-tapetes-de-danca\/","og_locale":"pt_PT","og_type":"article","og_title":"Carretel para tapetes de dan\u00e7a - Azur Scenic","og_description":"O acess\u00f3rio indispens\u00e1vel para o acondicionamento de rolos de tapetes de dan\u00e7a (ou outros materiais acondicionados sobre rodas) de utiliza\u00e7\u00e3o pontual. Gra\u00e7as aos seus rod\u00edzios e \u00e0s suas barras amov\u00edveis integradas, o nosso carretel para tapetes de dan\u00e7a facilitar-lhe-\u00e1 a movimenta\u00e7\u00e3o, instala\u00e7\u00e3o e armazenamento dos seus tapetes de dan\u00e7a.","og_url":"https:\/\/www.azur-scenic.com\/pt-pt\/produto\/carretel-para-tapetes-de-danca\/","og_site_name":"Azur Scenic","article_modified_time":"2023-08-02T13:25:46+00:00","og_image":[{"width":2126,"height":2126,"url":"https:\/\/www.azur-scenic.com\/wp-content\/uploads\/ed28b32706766585d9d9657f38396684.jpg","type":"image\/jpeg"}],"twitter_card":"summary_large_image","schema":{"@context":"https:\/\/schema.org","@graph":[{"@type":"WebPage","@id":"https:\/\/www.azur-scenic.com\/pt-pt\/produto\/carretel-para-tapetes-de-danca\/","url":"https:\/\/www.azur-scenic.com\/pt-pt\/produto\/carretel-para-tapetes-de-danca\/","name":"Carretel para tapetes de dan\u00e7a - Azur Scenic","isPartOf":{"@id":"https:\/\/www.azur-scenic.com\/pt-pt\/#website"},"primaryImageOfPage":{"@id":"https:\/\/www.azur-scenic.com\/pt-pt\/produto\/carretel-para-tapetes-de-danca\/#primaryimage"},"image":{"@id":"https:\/\/www.azur-scenic.com\/pt-pt\/produto\/carretel-para-tapetes-de-danca\/#primaryimage"},"thumbnailUrl":"https:\/\/www.azur-scenic.com\/wp-content\/uploads\/ed28b32706766585d9d9657f38396684.jpg","datePublished":"2022-10-04T07:27:53+00:00","dateModified":"2023-08-02T13:25:46+00:00","breadcrumb":{"@id":"https:\/\/www.azur-scenic.com\/pt-pt\/produto\/carretel-para-tapetes-de-danca\/#breadcrumb"},"inLanguage":"pt-PT","potentialAction":[{"@type":"ReadAction","target":["https:\/\/www.azur-scenic.com\/pt-pt\/produto\/carretel-para-tapetes-de-danca\/"]}]},{"@type":"ImageObject","inLanguage":"pt-PT","@id":"https:\/\/www.azur-scenic.com\/pt-pt\/produto\/carretel-para-tapetes-de-danca\/#primaryimage","url":"https:\/\/www.azur-scenic.com\/wp-content\/uploads\/ed28b32706766585d9d9657f38396684.jpg","contentUrl":"https:\/\/www.azur-scenic.com\/wp-content\/uploads\/ed28b32706766585d9d9657f38396684.jpg","width":2126,"height":2126},{"@type":"BreadcrumbList","@id":"https:\/\/www.azur-scenic.com\/pt-pt\/produto\/carretel-para-tapetes-de-danca\/#breadcrumb","itemListElement":[{"@type":"ListItem","position":1,"name":"Accueil","item":"https:\/\/www.azur-scenic.com\/pt-pt\/"},{"@type":"ListItem","position":2,"name":"Produits","item":"https:\/\/www.azur-scenic.com\/pt-pt\/?page_id=21439"},{"@type":"ListItem","position":3,"name":"Carretel para tapetes de dan\u00e7a"}]},{"@type":"WebSite","@id":"https:\/\/www.azur-scenic.com\/pt-pt\/#website","url":"https:\/\/www.azur-scenic.com\/pt-pt\/","name":"Azur Scenic","description":"Sp\u00e9cialiste de l\u2019\u00e9quipement sc\u00e9nique et de la d\u00e9coration int\u00e9rieure et \u00e9v\u00e9nementielle !","publisher":{"@id":"https:\/\/www.azur-scenic.com\/pt-pt\/#organization"},"potentialAction":[{"@type":"SearchAction","target":{"@type":"EntryPoint","urlTemplate":"https:\/\/www.azur-scenic.com\/pt-pt\/?s={search_term_string}"},"query-input":{"@type":"PropertyValueSpecification","valueRequired":true,"valueName":"search_term_string"}}],"inLanguage":"pt-PT"},{"@type":"Organization","@id":"https:\/\/www.azur-scenic.com\/pt-pt\/#organization","name":"AZUR SCENIC","url":"https:\/\/www.azur-scenic.com\/pt-pt\/","logo":{"@type":"ImageObject","inLanguage":"pt-PT","@id":"https:\/\/www.azur-scenic.com\/pt-pt\/#\/schema\/logo\/image\/","url":"https:\/\/www.azur-scenic.com\/wp-content\/uploads\/2022\/09\/LOGO-AZUR-SCENIC-Fusion-web-236x64-1.jpg","contentUrl":"https:\/\/www.azur-scenic.com\/wp-content\/uploads\/2022\/09\/LOGO-AZUR-SCENIC-Fusion-web-236x64-1.jpg","width":236,"height":64,"caption":"AZUR SCENIC"},"image":{"@id":"https:\/\/www.azur-scenic.com\/pt-pt\/#\/schema\/logo\/image\/"},"sameAs":["https:\/\/www.youtube.com\/channel\/UCPWM2mGPVUt4nYhNlm71WOA","https:\/\/www.linkedin.com\/company\/33237605\/admin\/feed\/posts\/"]}]}},"_links":{"self":[{"href":"https:\/\/www.azur-scenic.com\/pt-pt\/wp-json\/wp\/v2\/product\/17580","targetHints":{"allow":["GET"]}}],"collection":[{"href":"https:\/\/www.azur-scenic.com\/pt-pt\/wp-json\/wp\/v2\/product"}],"about":[{"href":"https:\/\/www.azur-scenic.com\/pt-pt\/wp-json\/wp\/v2\/types\/product"}],"wp:featuredmedia":[{"embeddable":true,"href":"https:\/\/www.azur-scenic.com\/pt-pt\/wp-json\/wp\/v2\/media\/7870"}],"wp:attachment":[{"href":"https:\/\/www.azur-scenic.com\/pt-pt\/wp-json\/wp\/v2\/media?parent=17580"}],"wp:term":[{"taxonomy":"product_brand","embeddable":true,"href":"https:\/\/www.azur-scenic.com\/pt-pt\/wp-json\/wp\/v2\/product_brand?post=17580"},{"taxonomy":"product_cat","embeddable":true,"href":"https:\/\/www.azur-scenic.com\/pt-pt\/wp-json\/wp\/v2\/product_cat?post=17580"},{"taxonomy":"product_tag","embeddable":true,"href":"https:\/\/www.azur-scenic.com\/pt-pt\/wp-json\/wp\/v2\/product_tag?post=17580"}],"curies":[{"name":"wp","href":"https:\/\/api.w.org\/{rel}","templated":true}]}}