{"id":17595,"date":"2022-10-04T07:27:49","date_gmt":"2022-10-04T07:27:49","guid":{"rendered":"https:\/\/www.azur-scenic.com\/produit\/track-motor-750\/"},"modified":"2023-08-02T13:26:25","modified_gmt":"2023-08-02T13:26:25","slug":"track-motor-750","status":"publish","type":"product","link":"https:\/\/www.azur-scenic.com\/pt-pt\/produto\/track-motor-750\/","title":{"rendered":"Track Motor 750"},"content":{"rendered":"<p><p><strong>Pot\u00eancia<\/strong>: 750 W<\/p>\n<p><strong>Peso m\u00e1ximo cortinas com tra\u00e7\u00e3o<\/strong>: 500 kg<\/p>\n<p><strong>Velocidade m\u00e1x.<\/strong>: 1 m\/s<\/p>\n<p>Velocidade fixa ou vari\u00e1vel<\/p>\n<p>Desembraiagem el\u00e9trica<\/p>\n<p><strong><span style=\"color: #f88523;\">Detalhes t\u00e9cnicos, Op\u00e7\u00f5es e Acess\u00f3rios<\/span><\/strong><br \/>\nDescarregue a ficha de dados acima<\/p><\/p>\n","protected":false},"excerpt":{"rendered":"<p><span style=\"color: #f88523; font-weight: 600;\">TM750<\/span>: <span style=\"color: #f88523; font-weight: 600;\">um motor potente<\/span>, <span style=\"color: #f88523; font-weight: 600;\">silencioso<\/span> e <span style=\"color: #f88523; font-weight: 600;\">preciso<\/span>, perfeitamente adaptado ao nosso trilho <span style=\"color: #f88523; font-weight: 600;\">Heavy Track<\/span>, oferece uma multiplicidade de <span style=\"color: #f88523; font-weight: 600;\">op\u00e7\u00f5es<\/span> para <span style=\"color: #f88523; font-weight: 600;\">se adaptar<\/span> ao seu projeto sem comprometer o seu or\u00e7amento.<\/p>\n<p>A polia de tripla tra\u00e7\u00e3o oferece uma precis\u00e3o sem precedentes gra\u00e7as \u00e0 m\u00e1xima fric\u00e7\u00e3o da adri\u00e7a e praticamente sem deslizamento, permitindo mover cortinas e cen\u00e1rios <span style=\"color: #f88523; font-weight: 600;\">pesados<\/span><span style=\"color: #f88523; font-weight: 600;\"> at\u00e9 500 kg<\/span>.<\/p>\n<p><span style=\"color: #f88523; font-weight: 600;\">Velocidade <\/span><span style=\"color: #f88523; font-weight: 600;\">vari\u00e1vel<\/span> (10 a 100 cm\/seg.),<span style=\"color: #f88523; font-weight: 600;\">programa\u00e7\u00e3o de rampas de acelera\u00e7\u00e3o e desacelera\u00e7\u00e3o<\/span>, <span style=\"color: #f88523; font-weight: 600;\">desembraiagem dupla<\/span> (el\u00e9trica e manual), <span style=\"color: #f88523; font-weight: 600;\">comando no palco<\/span>, <span style=\"color: #f88523; font-weight: 600;\">reenvio \u00e0 sala de &#8220;r\u00e9gie&#8221;<\/span> atrav\u00e9s de deriva\u00e7\u00e3o (shunt), <span style=\"color: #f88523; font-weight: 600;\">controlo remoto<\/span> industrial, tudo \u00e9 poss\u00edvel!<\/p>\n","protected":false},"featured_media":7789,"template":"","meta":{"_acf_changed":false},"product_brand":[],"product_cat":[921,1089,1090,920],"product_tag":[],"class_list":{"0":"post-17595","1":"product","2":"type-product","3":"status-publish","4":"has-post-thumbnail","6":"product_cat-todos-os-produtos","7":"product_cat-produtos-tecnicos","8":"product_cat-trilhos-de-cenario","9":"product_cat-teatro","10":"pa_techniques-fabrico-por-medida","11":"pa_techniques-com-tracao-motorizada","13":"first","14":"instock","15":"shipping-taxable","16":"purchasable","17":"product-type-simple"},"acf":[],"yoast_head":"<!-- This site is optimized with the Yoast SEO plugin v27.3 - https:\/\/yoast.com\/product\/yoast-seo-wordpress\/ -->\n<title>Track Motor 750 - Azur Scenic<\/title>\n<meta name=\"robots\" content=\"index, follow, max-snippet:-1, max-image-preview:large, max-video-preview:-1\" \/>\n<link rel=\"canonical\" href=\"https:\/\/www.azur-scenic.com\/pt-pt\/produto\/track-motor-750\/\" \/>\n<meta property=\"og:locale\" content=\"pt_PT\" \/>\n<meta property=\"og:type\" content=\"article\" \/>\n<meta property=\"og:title\" content=\"Track Motor 750 - Azur Scenic\" \/>\n<meta property=\"og:description\" content=\"TM750: um motor potente, silencioso e preciso, perfeitamente adaptado ao nosso trilho Heavy Track, oferece uma multiplicidade de op\u00e7\u00f5es para se adaptar ao seu projeto sem comprometer o seu or\u00e7amento. A polia de tripla tra\u00e7\u00e3o oferece uma precis\u00e3o sem precedentes gra\u00e7as \u00e0 m\u00e1xima fric\u00e7\u00e3o da adri\u00e7a e praticamente sem deslizamento, permitindo mover cortinas e cen\u00e1rios pesados at\u00e9 500 kg. Velocidade vari\u00e1vel (10 a 100 cm\/seg.),programa\u00e7\u00e3o de rampas de acelera\u00e7\u00e3o e desacelera\u00e7\u00e3o, desembraiagem dupla (el\u00e9trica e manual), comando no palco, reenvio \u00e0 sala de &quot;r\u00e9gie&quot; atrav\u00e9s de deriva\u00e7\u00e3o (shunt), controlo remoto industrial, tudo \u00e9 poss\u00edvel!\" \/>\n<meta property=\"og:url\" content=\"https:\/\/www.azur-scenic.com\/pt-pt\/produto\/track-motor-750\/\" \/>\n<meta property=\"og:site_name\" content=\"Azur Scenic\" \/>\n<meta property=\"article:modified_time\" content=\"2023-08-02T13:26:25+00:00\" \/>\n<meta property=\"og:image\" content=\"https:\/\/www.azur-scenic.com\/wp-content\/uploads\/1d6223694904c227f6eebcb4033314f9-scaled.jpg\" \/>\n\t<meta property=\"og:image:width\" content=\"2560\" \/>\n\t<meta property=\"og:image:height\" content=\"2560\" \/>\n\t<meta property=\"og:image:type\" content=\"image\/jpeg\" \/>\n<meta name=\"twitter:card\" content=\"summary_large_image\" \/>\n<script type=\"application\/ld+json\" class=\"yoast-schema-graph\">{\"@context\":\"https:\\\/\\\/schema.org\",\"@graph\":[{\"@type\":\"WebPage\",\"@id\":\"https:\\\/\\\/www.azur-scenic.com\\\/pt-pt\\\/produto\\\/track-motor-750\\\/\",\"url\":\"https:\\\/\\\/www.azur-scenic.com\\\/pt-pt\\\/produto\\\/track-motor-750\\\/\",\"name\":\"Track Motor 750 - Azur Scenic\",\"isPartOf\":{\"@id\":\"https:\\\/\\\/www.azur-scenic.com\\\/pt-pt\\\/#website\"},\"primaryImageOfPage\":{\"@id\":\"https:\\\/\\\/www.azur-scenic.com\\\/pt-pt\\\/produto\\\/track-motor-750\\\/#primaryimage\"},\"image\":{\"@id\":\"https:\\\/\\\/www.azur-scenic.com\\\/pt-pt\\\/produto\\\/track-motor-750\\\/#primaryimage\"},\"thumbnailUrl\":\"https:\\\/\\\/www.azur-scenic.com\\\/wp-content\\\/uploads\\\/1d6223694904c227f6eebcb4033314f9-scaled.jpg\",\"datePublished\":\"2022-10-04T07:27:49+00:00\",\"dateModified\":\"2023-08-02T13:26:25+00:00\",\"breadcrumb\":{\"@id\":\"https:\\\/\\\/www.azur-scenic.com\\\/pt-pt\\\/produto\\\/track-motor-750\\\/#breadcrumb\"},\"inLanguage\":\"pt-PT\",\"potentialAction\":[{\"@type\":\"ReadAction\",\"target\":[\"https:\\\/\\\/www.azur-scenic.com\\\/pt-pt\\\/produto\\\/track-motor-750\\\/\"]}]},{\"@type\":\"ImageObject\",\"inLanguage\":\"pt-PT\",\"@id\":\"https:\\\/\\\/www.azur-scenic.com\\\/pt-pt\\\/produto\\\/track-motor-750\\\/#primaryimage\",\"url\":\"https:\\\/\\\/www.azur-scenic.com\\\/wp-content\\\/uploads\\\/1d6223694904c227f6eebcb4033314f9-scaled.jpg\",\"contentUrl\":\"https:\\\/\\\/www.azur-scenic.com\\\/wp-content\\\/uploads\\\/1d6223694904c227f6eebcb4033314f9-scaled.jpg\",\"width\":2560,\"height\":2560},{\"@type\":\"BreadcrumbList\",\"@id\":\"https:\\\/\\\/www.azur-scenic.com\\\/pt-pt\\\/produto\\\/track-motor-750\\\/#breadcrumb\",\"itemListElement\":[{\"@type\":\"ListItem\",\"position\":1,\"name\":\"Accueil\",\"item\":\"https:\\\/\\\/www.azur-scenic.com\\\/pt-pt\\\/\"},{\"@type\":\"ListItem\",\"position\":2,\"name\":\"Produits\",\"item\":\"https:\\\/\\\/www.azur-scenic.com\\\/pt-pt\\\/?page_id=21439\"},{\"@type\":\"ListItem\",\"position\":3,\"name\":\"Track Motor 750\"}]},{\"@type\":\"WebSite\",\"@id\":\"https:\\\/\\\/www.azur-scenic.com\\\/pt-pt\\\/#website\",\"url\":\"https:\\\/\\\/www.azur-scenic.com\\\/pt-pt\\\/\",\"name\":\"Azur Scenic\",\"description\":\"Sp\u00e9cialiste de l\u2019\u00e9quipement sc\u00e9nique et de la d\u00e9coration int\u00e9rieure et \u00e9v\u00e9nementielle !\",\"publisher\":{\"@id\":\"https:\\\/\\\/www.azur-scenic.com\\\/pt-pt\\\/#organization\"},\"potentialAction\":[{\"@type\":\"SearchAction\",\"target\":{\"@type\":\"EntryPoint\",\"urlTemplate\":\"https:\\\/\\\/www.azur-scenic.com\\\/pt-pt\\\/?s={search_term_string}\"},\"query-input\":{\"@type\":\"PropertyValueSpecification\",\"valueRequired\":true,\"valueName\":\"search_term_string\"}}],\"inLanguage\":\"pt-PT\"},{\"@type\":\"Organization\",\"@id\":\"https:\\\/\\\/www.azur-scenic.com\\\/pt-pt\\\/#organization\",\"name\":\"AZUR SCENIC\",\"url\":\"https:\\\/\\\/www.azur-scenic.com\\\/pt-pt\\\/\",\"logo\":{\"@type\":\"ImageObject\",\"inLanguage\":\"pt-PT\",\"@id\":\"https:\\\/\\\/www.azur-scenic.com\\\/pt-pt\\\/#\\\/schema\\\/logo\\\/image\\\/\",\"url\":\"https:\\\/\\\/www.azur-scenic.com\\\/wp-content\\\/uploads\\\/2022\\\/09\\\/LOGO-AZUR-SCENIC-Fusion-web-236x64-1.jpg\",\"contentUrl\":\"https:\\\/\\\/www.azur-scenic.com\\\/wp-content\\\/uploads\\\/2022\\\/09\\\/LOGO-AZUR-SCENIC-Fusion-web-236x64-1.jpg\",\"width\":236,\"height\":64,\"caption\":\"AZUR SCENIC\"},\"image\":{\"@id\":\"https:\\\/\\\/www.azur-scenic.com\\\/pt-pt\\\/#\\\/schema\\\/logo\\\/image\\\/\"},\"sameAs\":[\"https:\\\/\\\/www.youtube.com\\\/channel\\\/UCPWM2mGPVUt4nYhNlm71WOA\",\"https:\\\/\\\/www.linkedin.com\\\/company\\\/33237605\\\/admin\\\/feed\\\/posts\\\/\"]}]}<\/script>\n<!-- \/ Yoast SEO plugin. -->","yoast_head_json":{"title":"Track Motor 750 - Azur Scenic","robots":{"index":"index","follow":"follow","max-snippet":"max-snippet:-1","max-image-preview":"max-image-preview:large","max-video-preview":"max-video-preview:-1"},"canonical":"https:\/\/www.azur-scenic.com\/pt-pt\/produto\/track-motor-750\/","og_locale":"pt_PT","og_type":"article","og_title":"Track Motor 750 - Azur Scenic","og_description":"TM750: um motor potente, silencioso e preciso, perfeitamente adaptado ao nosso trilho Heavy Track, oferece uma multiplicidade de op\u00e7\u00f5es para se adaptar ao seu projeto sem comprometer o seu or\u00e7amento. A polia de tripla tra\u00e7\u00e3o oferece uma precis\u00e3o sem precedentes gra\u00e7as \u00e0 m\u00e1xima fric\u00e7\u00e3o da adri\u00e7a e praticamente sem deslizamento, permitindo mover cortinas e cen\u00e1rios pesados at\u00e9 500 kg. Velocidade vari\u00e1vel (10 a 100 cm\/seg.),programa\u00e7\u00e3o de rampas de acelera\u00e7\u00e3o e desacelera\u00e7\u00e3o, desembraiagem dupla (el\u00e9trica e manual), comando no palco, reenvio \u00e0 sala de \"r\u00e9gie\" atrav\u00e9s de deriva\u00e7\u00e3o (shunt), controlo remoto industrial, tudo \u00e9 poss\u00edvel!","og_url":"https:\/\/www.azur-scenic.com\/pt-pt\/produto\/track-motor-750\/","og_site_name":"Azur Scenic","article_modified_time":"2023-08-02T13:26:25+00:00","og_image":[{"width":2560,"height":2560,"url":"https:\/\/www.azur-scenic.com\/wp-content\/uploads\/1d6223694904c227f6eebcb4033314f9-scaled.jpg","type":"image\/jpeg"}],"twitter_card":"summary_large_image","schema":{"@context":"https:\/\/schema.org","@graph":[{"@type":"WebPage","@id":"https:\/\/www.azur-scenic.com\/pt-pt\/produto\/track-motor-750\/","url":"https:\/\/www.azur-scenic.com\/pt-pt\/produto\/track-motor-750\/","name":"Track Motor 750 - Azur Scenic","isPartOf":{"@id":"https:\/\/www.azur-scenic.com\/pt-pt\/#website"},"primaryImageOfPage":{"@id":"https:\/\/www.azur-scenic.com\/pt-pt\/produto\/track-motor-750\/#primaryimage"},"image":{"@id":"https:\/\/www.azur-scenic.com\/pt-pt\/produto\/track-motor-750\/#primaryimage"},"thumbnailUrl":"https:\/\/www.azur-scenic.com\/wp-content\/uploads\/1d6223694904c227f6eebcb4033314f9-scaled.jpg","datePublished":"2022-10-04T07:27:49+00:00","dateModified":"2023-08-02T13:26:25+00:00","breadcrumb":{"@id":"https:\/\/www.azur-scenic.com\/pt-pt\/produto\/track-motor-750\/#breadcrumb"},"inLanguage":"pt-PT","potentialAction":[{"@type":"ReadAction","target":["https:\/\/www.azur-scenic.com\/pt-pt\/produto\/track-motor-750\/"]}]},{"@type":"ImageObject","inLanguage":"pt-PT","@id":"https:\/\/www.azur-scenic.com\/pt-pt\/produto\/track-motor-750\/#primaryimage","url":"https:\/\/www.azur-scenic.com\/wp-content\/uploads\/1d6223694904c227f6eebcb4033314f9-scaled.jpg","contentUrl":"https:\/\/www.azur-scenic.com\/wp-content\/uploads\/1d6223694904c227f6eebcb4033314f9-scaled.jpg","width":2560,"height":2560},{"@type":"BreadcrumbList","@id":"https:\/\/www.azur-scenic.com\/pt-pt\/produto\/track-motor-750\/#breadcrumb","itemListElement":[{"@type":"ListItem","position":1,"name":"Accueil","item":"https:\/\/www.azur-scenic.com\/pt-pt\/"},{"@type":"ListItem","position":2,"name":"Produits","item":"https:\/\/www.azur-scenic.com\/pt-pt\/?page_id=21439"},{"@type":"ListItem","position":3,"name":"Track Motor 750"}]},{"@type":"WebSite","@id":"https:\/\/www.azur-scenic.com\/pt-pt\/#website","url":"https:\/\/www.azur-scenic.com\/pt-pt\/","name":"Azur Scenic","description":"Sp\u00e9cialiste de l\u2019\u00e9quipement sc\u00e9nique et de la d\u00e9coration int\u00e9rieure et \u00e9v\u00e9nementielle !","publisher":{"@id":"https:\/\/www.azur-scenic.com\/pt-pt\/#organization"},"potentialAction":[{"@type":"SearchAction","target":{"@type":"EntryPoint","urlTemplate":"https:\/\/www.azur-scenic.com\/pt-pt\/?s={search_term_string}"},"query-input":{"@type":"PropertyValueSpecification","valueRequired":true,"valueName":"search_term_string"}}],"inLanguage":"pt-PT"},{"@type":"Organization","@id":"https:\/\/www.azur-scenic.com\/pt-pt\/#organization","name":"AZUR SCENIC","url":"https:\/\/www.azur-scenic.com\/pt-pt\/","logo":{"@type":"ImageObject","inLanguage":"pt-PT","@id":"https:\/\/www.azur-scenic.com\/pt-pt\/#\/schema\/logo\/image\/","url":"https:\/\/www.azur-scenic.com\/wp-content\/uploads\/2022\/09\/LOGO-AZUR-SCENIC-Fusion-web-236x64-1.jpg","contentUrl":"https:\/\/www.azur-scenic.com\/wp-content\/uploads\/2022\/09\/LOGO-AZUR-SCENIC-Fusion-web-236x64-1.jpg","width":236,"height":64,"caption":"AZUR SCENIC"},"image":{"@id":"https:\/\/www.azur-scenic.com\/pt-pt\/#\/schema\/logo\/image\/"},"sameAs":["https:\/\/www.youtube.com\/channel\/UCPWM2mGPVUt4nYhNlm71WOA","https:\/\/www.linkedin.com\/company\/33237605\/admin\/feed\/posts\/"]}]}},"_links":{"self":[{"href":"https:\/\/www.azur-scenic.com\/pt-pt\/wp-json\/wp\/v2\/product\/17595","targetHints":{"allow":["GET"]}}],"collection":[{"href":"https:\/\/www.azur-scenic.com\/pt-pt\/wp-json\/wp\/v2\/product"}],"about":[{"href":"https:\/\/www.azur-scenic.com\/pt-pt\/wp-json\/wp\/v2\/types\/product"}],"wp:featuredmedia":[{"embeddable":true,"href":"https:\/\/www.azur-scenic.com\/pt-pt\/wp-json\/wp\/v2\/media\/7789"}],"wp:attachment":[{"href":"https:\/\/www.azur-scenic.com\/pt-pt\/wp-json\/wp\/v2\/media?parent=17595"}],"wp:term":[{"taxonomy":"product_brand","embeddable":true,"href":"https:\/\/www.azur-scenic.com\/pt-pt\/wp-json\/wp\/v2\/product_brand?post=17595"},{"taxonomy":"product_cat","embeddable":true,"href":"https:\/\/www.azur-scenic.com\/pt-pt\/wp-json\/wp\/v2\/product_cat?post=17595"},{"taxonomy":"product_tag","embeddable":true,"href":"https:\/\/www.azur-scenic.com\/pt-pt\/wp-json\/wp\/v2\/product_tag?post=17595"}],"curies":[{"name":"wp","href":"https:\/\/api.w.org\/{rel}","templated":true}]}}