{"id":17602,"date":"2022-10-04T07:27:48","date_gmt":"2022-10-04T07:27:48","guid":{"rendered":"https:\/\/www.azur-scenic.com\/produit\/studioscreen-4570\/"},"modified":"2023-08-02T13:26:10","modified_gmt":"2023-08-02T13:26:10","slug":"studioscreen-4570","status":"publish","type":"product","link":"https:\/\/www.azur-scenic.com\/pt-pt\/produto\/studioscreen-4570\/","title":{"rendered":"StudioScreen 4570"},"content":{"rendered":"<p><p><strong><span style=\"color: #f88523;\">C\u00e1rter<\/span><\/strong><br \/>\nTela \u00e9 perfeitamente protegida por um robusto c\u00e1rter de alum\u00ednio extrudido fechado em ambas as extremidades por placas de a\u00e7o.<br \/>\nCores padr\u00e3o ep\u00f3xi negro (RAL 9005) ou branco (RAL 9010), outras cores opcionais.<\/p>\n<p><strong><span style=\"color: #f88523;\">Motoriza\u00e7\u00e3o<\/span><\/strong><br \/>\nMotoriza\u00e7\u00e3o tubular fluida e silenciosa.<br \/>\nComando standard: interruptor de parede com 3 posi\u00e7\u00f5es (controlo remoto ou DMX opcional).<br \/>\nPot\u00eancia: 40 Nm.<br \/>\nVelocidade de rota\u00e7\u00e3o: 17 trs\/mn.<br \/>\nAlimenta\u00e7\u00e3o: 230 V \/ 50 Hz.<br \/>\nConsumo: 322 W.<\/p>\n<p><strong><span style=\"color: #f88523;\">Alimenta\u00e7\u00e3o<\/span><\/strong><br \/>\nCabo de alimenta\u00e7\u00e3o localizado no lado direito do ecr\u00e3 (visto de frente).<\/p>\n<p><strong><span style=\"color: #f88523;\">Lastragem<\/span><\/strong><br \/>\nIncluindo poste de lastro, cor preta, 20 mm x 35 mm de altura.<\/p>\n<p><strong><span style=\"color: #f88523;\">Fixa\u00e7\u00e3o<\/span><\/strong><br \/>\n<em>Suportes de teto deslizantes inclu\u00eddos (Suportes de parede ou suportes de treli\u00e7a opcionais).<\/em><br \/>\n3 suportes por ecr\u00e3 at\u00e9 6 m de base.<br \/>\n4 suportes por ecr\u00e3 para ecr\u00e3s de 6 a 7 m de base.<\/p>\n<p><strong><span style=\"color: #f88523;\">Certifica\u00e7\u00f5es<\/span><\/strong><br \/>\nO StudioScreen 4570 \u00e9 certificado IMQ<br \/>\nAs telas s\u00e3o classificadas classes M1 \/ B1 de rea\u00e7\u00e3o ao fogo (ign\u00edfugas).<\/p>\n<p><strong><span style=\"color: #f88523;\">Acabamentos da tela<\/span><\/strong><br \/>\nAcabamento superior: tela sem margens (margem negra opcional de 5 cm).<br \/>\nAcabamento laterais: tela sem margens (margem negra opcional de 5 cm).<br \/>\nAcabamento inferior: margem negra opcional de 10 cm.<\/p>\n<p><strong><span style=\"color: #f88523;\">Detalhes t\u00e9cnicos<\/span><\/strong><br \/>\nVeja o PDF no separador &#8220;Descargas&#8221; abaixo.<\/p><\/p>\n","protected":false},"excerpt":{"rendered":"<p><strong><span style=\"color: #0bace4;\">Ecr\u00e3 motorizado est\u00e9tico, silencioso e pr\u00e1tico de instalar<br \/>\nPara proje\u00e7\u00f5es de 4,50 m a 7 m de largura.<\/span><\/strong><\/p>\n<p>Um <strong><span style=\"color: #f88523;\">ecr\u00e3 de enrolar motorizado<\/span><\/strong> dispon\u00edvel em <strong><span style=\"color: #f88523;\">v\u00e1rias dimens\u00f5es<\/span><\/strong> (de 4,50 a 7 m de base) e <strong><span style=\"color: #f88523;\"> diversas resolu\u00e7\u00f5es<\/span><\/strong> (4:3, 16:9 e 16:10), concebido para superf\u00edcies de proje\u00e7\u00e3o de grandes dimens\u00f5es.<\/p>\n<p>O sistema de enrolamento (roll-up) \u00e9 compat\u00edvel com numerosas telas de proje\u00e7\u00e3o (<strong><span style=\"color: #f88523;\">proje\u00e7\u00e3o e retroproje\u00e7\u00e3o<\/span><\/strong>).<\/p>\n<p>O StudioScreen 4570 oferece um <strong><span style=\"color: #f88523;\">design est\u00e9tico<\/span><\/strong> e adapt\u00e1vel (c\u00e1rter negro ou branco dispon\u00edvel como padr\u00e3o), combinado com uma <strong><span style=\"color: #f88523;\">motoriza\u00e7\u00e3o silenciosa<\/span><\/strong>. Gra\u00e7as aos seus suportes deslizantes, \u00e9 muito <strong><span style=\"color: #f88523;\">pr\u00e1tico de instalar<\/span><\/strong> e adequado para salas de reuni\u00f5es, anfiteatros universit\u00e1rios, teatros e salas de espet\u00e1culos&#8230;<\/p>\n","protected":false},"featured_media":7735,"template":"","meta":{"_acf_changed":false},"product_brand":[],"product_cat":[921,1089,1294,989],"product_tag":[],"class_list":{"0":"post-17602","1":"product","2":"type-product","3":"status-publish","4":"has-post-thumbnail","6":"product_cat-todos-os-produtos","7":"product_cat-produtos-tecnicos","8":"product_cat-enroladores","9":"product_cat-decoracao","10":"pa_techniques-fabrico-por-medida","11":"pa_textiles-classificacao-de-reacao-ao-fogo-ignifugo","12":"pa_textiles-projecao-frontal","13":"pa_textiles-retroprojecao","15":"first","16":"instock","17":"shipping-taxable","18":"purchasable","19":"product-type-simple"},"acf":[],"yoast_head":"<!-- This site is optimized with the Yoast SEO plugin v27.1.1 - https:\/\/yoast.com\/product\/yoast-seo-wordpress\/ -->\n<title>StudioScreen 4570 - Azur Scenic<\/title>\n<meta name=\"robots\" content=\"index, follow, max-snippet:-1, max-image-preview:large, max-video-preview:-1\" \/>\n<link rel=\"canonical\" href=\"https:\/\/www.azur-scenic.com\/pt-pt\/produto\/studioscreen-4570\/\" \/>\n<meta property=\"og:locale\" content=\"pt_PT\" \/>\n<meta property=\"og:type\" content=\"article\" \/>\n<meta property=\"og:title\" content=\"StudioScreen 4570 - Azur Scenic\" \/>\n<meta property=\"og:description\" content=\"Ecr\u00e3 motorizado est\u00e9tico, silencioso e pr\u00e1tico de instalar Para proje\u00e7\u00f5es de 4,50 m a 7 m de largura. Um ecr\u00e3 de enrolar motorizado dispon\u00edvel em v\u00e1rias dimens\u00f5es (de 4,50 a 7 m de base) e diversas resolu\u00e7\u00f5es (4:3, 16:9 e 16:10), concebido para superf\u00edcies de proje\u00e7\u00e3o de grandes dimens\u00f5es. O sistema de enrolamento (roll-up) \u00e9 compat\u00edvel com numerosas telas de proje\u00e7\u00e3o (proje\u00e7\u00e3o e retroproje\u00e7\u00e3o). O StudioScreen 4570 oferece um design est\u00e9tico e adapt\u00e1vel (c\u00e1rter negro ou branco dispon\u00edvel como padr\u00e3o), combinado com uma motoriza\u00e7\u00e3o silenciosa. Gra\u00e7as aos seus suportes deslizantes, \u00e9 muito pr\u00e1tico de instalar e adequado para salas de reuni\u00f5es, anfiteatros universit\u00e1rios, teatros e salas de espet\u00e1culos...\" \/>\n<meta property=\"og:url\" content=\"https:\/\/www.azur-scenic.com\/pt-pt\/produto\/studioscreen-4570\/\" \/>\n<meta property=\"og:site_name\" content=\"Azur Scenic\" \/>\n<meta property=\"article:modified_time\" content=\"2023-08-02T13:26:10+00:00\" \/>\n<meta property=\"og:image\" content=\"https:\/\/www.azur-scenic.com\/wp-content\/uploads\/27c61aa6cc9ed4e76c7875ef472671c5.jpg\" \/>\n\t<meta property=\"og:image:width\" content=\"945\" \/>\n\t<meta property=\"og:image:height\" content=\"945\" \/>\n\t<meta property=\"og:image:type\" content=\"image\/jpeg\" \/>\n<meta name=\"twitter:card\" content=\"summary_large_image\" \/>\n<meta name=\"twitter:label1\" content=\"Tempo estimado de leitura\" \/>\n\t<meta name=\"twitter:data1\" content=\"1 minuto\" \/>\n<script type=\"application\/ld+json\" class=\"yoast-schema-graph\">{\"@context\":\"https:\/\/schema.org\",\"@graph\":[{\"@type\":\"WebPage\",\"@id\":\"https:\/\/www.azur-scenic.com\/pt-pt\/produto\/studioscreen-4570\/\",\"url\":\"https:\/\/www.azur-scenic.com\/pt-pt\/produto\/studioscreen-4570\/\",\"name\":\"StudioScreen 4570 - Azur Scenic\",\"isPartOf\":{\"@id\":\"https:\/\/www.azur-scenic.com\/pt-pt\/#website\"},\"primaryImageOfPage\":{\"@id\":\"https:\/\/www.azur-scenic.com\/pt-pt\/produto\/studioscreen-4570\/#primaryimage\"},\"image\":{\"@id\":\"https:\/\/www.azur-scenic.com\/pt-pt\/produto\/studioscreen-4570\/#primaryimage\"},\"thumbnailUrl\":\"https:\/\/www.azur-scenic.com\/wp-content\/uploads\/27c61aa6cc9ed4e76c7875ef472671c5.jpg\",\"datePublished\":\"2022-10-04T07:27:48+00:00\",\"dateModified\":\"2023-08-02T13:26:10+00:00\",\"breadcrumb\":{\"@id\":\"https:\/\/www.azur-scenic.com\/pt-pt\/produto\/studioscreen-4570\/#breadcrumb\"},\"inLanguage\":\"pt-PT\",\"potentialAction\":[{\"@type\":\"ReadAction\",\"target\":[\"https:\/\/www.azur-scenic.com\/pt-pt\/produto\/studioscreen-4570\/\"]}]},{\"@type\":\"ImageObject\",\"inLanguage\":\"pt-PT\",\"@id\":\"https:\/\/www.azur-scenic.com\/pt-pt\/produto\/studioscreen-4570\/#primaryimage\",\"url\":\"https:\/\/www.azur-scenic.com\/wp-content\/uploads\/27c61aa6cc9ed4e76c7875ef472671c5.jpg\",\"contentUrl\":\"https:\/\/www.azur-scenic.com\/wp-content\/uploads\/27c61aa6cc9ed4e76c7875ef472671c5.jpg\",\"width\":945,\"height\":945},{\"@type\":\"BreadcrumbList\",\"@id\":\"https:\/\/www.azur-scenic.com\/pt-pt\/produto\/studioscreen-4570\/#breadcrumb\",\"itemListElement\":[{\"@type\":\"ListItem\",\"position\":1,\"name\":\"Accueil\",\"item\":\"https:\/\/www.azur-scenic.com\/pt-pt\/\"},{\"@type\":\"ListItem\",\"position\":2,\"name\":\"Produits\",\"item\":\"https:\/\/www.azur-scenic.com\/pt-pt\/?page_id=21439\"},{\"@type\":\"ListItem\",\"position\":3,\"name\":\"StudioScreen 4570\"}]},{\"@type\":\"WebSite\",\"@id\":\"https:\/\/www.azur-scenic.com\/pt-pt\/#website\",\"url\":\"https:\/\/www.azur-scenic.com\/pt-pt\/\",\"name\":\"Azur Scenic\",\"description\":\"Sp\u00e9cialiste de l\u2019\u00e9quipement sc\u00e9nique et de la d\u00e9coration int\u00e9rieure et \u00e9v\u00e9nementielle !\",\"publisher\":{\"@id\":\"https:\/\/www.azur-scenic.com\/pt-pt\/#organization\"},\"potentialAction\":[{\"@type\":\"SearchAction\",\"target\":{\"@type\":\"EntryPoint\",\"urlTemplate\":\"https:\/\/www.azur-scenic.com\/pt-pt\/?s={search_term_string}\"},\"query-input\":{\"@type\":\"PropertyValueSpecification\",\"valueRequired\":true,\"valueName\":\"search_term_string\"}}],\"inLanguage\":\"pt-PT\"},{\"@type\":\"Organization\",\"@id\":\"https:\/\/www.azur-scenic.com\/pt-pt\/#organization\",\"name\":\"AZUR SCENIC\",\"url\":\"https:\/\/www.azur-scenic.com\/pt-pt\/\",\"logo\":{\"@type\":\"ImageObject\",\"inLanguage\":\"pt-PT\",\"@id\":\"https:\/\/www.azur-scenic.com\/pt-pt\/#\/schema\/logo\/image\/\",\"url\":\"https:\/\/www.azur-scenic.com\/wp-content\/uploads\/2022\/09\/LOGO-AZUR-SCENIC-Fusion-web-236x64-1.jpg\",\"contentUrl\":\"https:\/\/www.azur-scenic.com\/wp-content\/uploads\/2022\/09\/LOGO-AZUR-SCENIC-Fusion-web-236x64-1.jpg\",\"width\":236,\"height\":64,\"caption\":\"AZUR SCENIC\"},\"image\":{\"@id\":\"https:\/\/www.azur-scenic.com\/pt-pt\/#\/schema\/logo\/image\/\"},\"sameAs\":[\"https:\/\/www.youtube.com\/channel\/UCPWM2mGPVUt4nYhNlm71WOA\",\"https:\/\/www.linkedin.com\/company\/33237605\/admin\/feed\/posts\/\"]}]}<\/script>\n<!-- \/ Yoast SEO plugin. -->","yoast_head_json":{"title":"StudioScreen 4570 - Azur Scenic","robots":{"index":"index","follow":"follow","max-snippet":"max-snippet:-1","max-image-preview":"max-image-preview:large","max-video-preview":"max-video-preview:-1"},"canonical":"https:\/\/www.azur-scenic.com\/pt-pt\/produto\/studioscreen-4570\/","og_locale":"pt_PT","og_type":"article","og_title":"StudioScreen 4570 - Azur Scenic","og_description":"Ecr\u00e3 motorizado est\u00e9tico, silencioso e pr\u00e1tico de instalar Para proje\u00e7\u00f5es de 4,50 m a 7 m de largura. Um ecr\u00e3 de enrolar motorizado dispon\u00edvel em v\u00e1rias dimens\u00f5es (de 4,50 a 7 m de base) e diversas resolu\u00e7\u00f5es (4:3, 16:9 e 16:10), concebido para superf\u00edcies de proje\u00e7\u00e3o de grandes dimens\u00f5es. O sistema de enrolamento (roll-up) \u00e9 compat\u00edvel com numerosas telas de proje\u00e7\u00e3o (proje\u00e7\u00e3o e retroproje\u00e7\u00e3o). O StudioScreen 4570 oferece um design est\u00e9tico e adapt\u00e1vel (c\u00e1rter negro ou branco dispon\u00edvel como padr\u00e3o), combinado com uma motoriza\u00e7\u00e3o silenciosa. Gra\u00e7as aos seus suportes deslizantes, \u00e9 muito pr\u00e1tico de instalar e adequado para salas de reuni\u00f5es, anfiteatros universit\u00e1rios, teatros e salas de espet\u00e1culos...","og_url":"https:\/\/www.azur-scenic.com\/pt-pt\/produto\/studioscreen-4570\/","og_site_name":"Azur Scenic","article_modified_time":"2023-08-02T13:26:10+00:00","og_image":[{"width":945,"height":945,"url":"https:\/\/www.azur-scenic.com\/wp-content\/uploads\/27c61aa6cc9ed4e76c7875ef472671c5.jpg","type":"image\/jpeg"}],"twitter_card":"summary_large_image","twitter_misc":{"Tempo estimado de leitura":"1 minuto"},"schema":{"@context":"https:\/\/schema.org","@graph":[{"@type":"WebPage","@id":"https:\/\/www.azur-scenic.com\/pt-pt\/produto\/studioscreen-4570\/","url":"https:\/\/www.azur-scenic.com\/pt-pt\/produto\/studioscreen-4570\/","name":"StudioScreen 4570 - Azur Scenic","isPartOf":{"@id":"https:\/\/www.azur-scenic.com\/pt-pt\/#website"},"primaryImageOfPage":{"@id":"https:\/\/www.azur-scenic.com\/pt-pt\/produto\/studioscreen-4570\/#primaryimage"},"image":{"@id":"https:\/\/www.azur-scenic.com\/pt-pt\/produto\/studioscreen-4570\/#primaryimage"},"thumbnailUrl":"https:\/\/www.azur-scenic.com\/wp-content\/uploads\/27c61aa6cc9ed4e76c7875ef472671c5.jpg","datePublished":"2022-10-04T07:27:48+00:00","dateModified":"2023-08-02T13:26:10+00:00","breadcrumb":{"@id":"https:\/\/www.azur-scenic.com\/pt-pt\/produto\/studioscreen-4570\/#breadcrumb"},"inLanguage":"pt-PT","potentialAction":[{"@type":"ReadAction","target":["https:\/\/www.azur-scenic.com\/pt-pt\/produto\/studioscreen-4570\/"]}]},{"@type":"ImageObject","inLanguage":"pt-PT","@id":"https:\/\/www.azur-scenic.com\/pt-pt\/produto\/studioscreen-4570\/#primaryimage","url":"https:\/\/www.azur-scenic.com\/wp-content\/uploads\/27c61aa6cc9ed4e76c7875ef472671c5.jpg","contentUrl":"https:\/\/www.azur-scenic.com\/wp-content\/uploads\/27c61aa6cc9ed4e76c7875ef472671c5.jpg","width":945,"height":945},{"@type":"BreadcrumbList","@id":"https:\/\/www.azur-scenic.com\/pt-pt\/produto\/studioscreen-4570\/#breadcrumb","itemListElement":[{"@type":"ListItem","position":1,"name":"Accueil","item":"https:\/\/www.azur-scenic.com\/pt-pt\/"},{"@type":"ListItem","position":2,"name":"Produits","item":"https:\/\/www.azur-scenic.com\/pt-pt\/?page_id=21439"},{"@type":"ListItem","position":3,"name":"StudioScreen 4570"}]},{"@type":"WebSite","@id":"https:\/\/www.azur-scenic.com\/pt-pt\/#website","url":"https:\/\/www.azur-scenic.com\/pt-pt\/","name":"Azur Scenic","description":"Sp\u00e9cialiste de l\u2019\u00e9quipement sc\u00e9nique et de la d\u00e9coration int\u00e9rieure et \u00e9v\u00e9nementielle !","publisher":{"@id":"https:\/\/www.azur-scenic.com\/pt-pt\/#organization"},"potentialAction":[{"@type":"SearchAction","target":{"@type":"EntryPoint","urlTemplate":"https:\/\/www.azur-scenic.com\/pt-pt\/?s={search_term_string}"},"query-input":{"@type":"PropertyValueSpecification","valueRequired":true,"valueName":"search_term_string"}}],"inLanguage":"pt-PT"},{"@type":"Organization","@id":"https:\/\/www.azur-scenic.com\/pt-pt\/#organization","name":"AZUR SCENIC","url":"https:\/\/www.azur-scenic.com\/pt-pt\/","logo":{"@type":"ImageObject","inLanguage":"pt-PT","@id":"https:\/\/www.azur-scenic.com\/pt-pt\/#\/schema\/logo\/image\/","url":"https:\/\/www.azur-scenic.com\/wp-content\/uploads\/2022\/09\/LOGO-AZUR-SCENIC-Fusion-web-236x64-1.jpg","contentUrl":"https:\/\/www.azur-scenic.com\/wp-content\/uploads\/2022\/09\/LOGO-AZUR-SCENIC-Fusion-web-236x64-1.jpg","width":236,"height":64,"caption":"AZUR SCENIC"},"image":{"@id":"https:\/\/www.azur-scenic.com\/pt-pt\/#\/schema\/logo\/image\/"},"sameAs":["https:\/\/www.youtube.com\/channel\/UCPWM2mGPVUt4nYhNlm71WOA","https:\/\/www.linkedin.com\/company\/33237605\/admin\/feed\/posts\/"]}]}},"_links":{"self":[{"href":"https:\/\/www.azur-scenic.com\/pt-pt\/wp-json\/wp\/v2\/product\/17602","targetHints":{"allow":["GET"]}}],"collection":[{"href":"https:\/\/www.azur-scenic.com\/pt-pt\/wp-json\/wp\/v2\/product"}],"about":[{"href":"https:\/\/www.azur-scenic.com\/pt-pt\/wp-json\/wp\/v2\/types\/product"}],"wp:featuredmedia":[{"embeddable":true,"href":"https:\/\/www.azur-scenic.com\/pt-pt\/wp-json\/wp\/v2\/media\/7735"}],"wp:attachment":[{"href":"https:\/\/www.azur-scenic.com\/pt-pt\/wp-json\/wp\/v2\/media?parent=17602"}],"wp:term":[{"taxonomy":"product_brand","embeddable":true,"href":"https:\/\/www.azur-scenic.com\/pt-pt\/wp-json\/wp\/v2\/product_brand?post=17602"},{"taxonomy":"product_cat","embeddable":true,"href":"https:\/\/www.azur-scenic.com\/pt-pt\/wp-json\/wp\/v2\/product_cat?post=17602"},{"taxonomy":"product_tag","embeddable":true,"href":"https:\/\/www.azur-scenic.com\/pt-pt\/wp-json\/wp\/v2\/product_tag?post=17602"}],"curies":[{"name":"wp","href":"https:\/\/api.w.org\/{rel}","templated":true}]}}