{"id":17603,"date":"2022-10-04T07:27:47","date_gmt":"2022-10-04T07:27:47","guid":{"rendered":"https:\/\/www.azur-scenic.com\/produit\/movie-screen\/"},"modified":"2023-08-02T13:26:06","modified_gmt":"2023-08-02T13:26:06","slug":"movie-screen","status":"publish","type":"product","link":"https:\/\/www.azur-scenic.com\/pt-pt\/produto\/movie-screen\/","title":{"rendered":"Movie Screen"},"content":{"rendered":"<p><p><span style=\"color: #f88523;\"><strong>Estrutura <\/strong><\/span>de ecr\u00e3 modular, totalmente personalizada (feita \u00e0 medida) de <span style=\"color: #f88523;\"><strong>montagem f\u00e1cil<\/strong><\/span>.<br \/>\nPerfil de alum\u00ednio extrudido negro.<\/p>\n<p>Sistema de tensionamento de tela de cart\u00e3o postal: <strong><span style=\"color: #f88523;\">a moldura \u00e9 completamente escondida pela tela<\/span><\/strong>.<\/p>\n<p><strong><span style=\"color: #f88523;\">Tensionamento r\u00e1pido da telas<\/span><\/strong>, gra\u00e7as ao sistema de tensores.<\/p>\n<p><span style=\"color: #f88523;\"><strong>Detalhes t\u00e9cnicos, Op\u00e7\u00f5es e Acess\u00f3rios<\/strong><\/span><br \/>\nVeja o PDF no separador &#8220;Descargas&#8221; abaixo<\/p><\/p>\n","protected":false},"excerpt":{"rendered":"<p>Uma <strong><span style=\"color: #f88523;\">estrutura de ecr\u00e3 modular <\/span><\/strong>totalmente <strong><span style=\"color: #f88523;\">personalizada (por medida) <\/span><\/strong>em alum\u00ednio extrudido negro, concebida para grandes superf\u00edcies de proje\u00e7\u00e3o.<\/p>\n<p>Sistema de tensionamento de tela de <strong><span style=\"color: #f88523;\">cart\u00e3o postal<\/span><\/strong>: a moldura \u00e9 completamente escondida pela tela.<\/p>\n<p>Compat\u00edvel com todos as telas de proje\u00e7\u00e3o (<strong><span style=\"color: #f88523;\">frontal e retroproje\u00e7\u00e3o<\/span><\/strong>).<\/p>\n<p>Fixa\u00e7\u00e3o \u00e0 parede, ao teto ou por suspens\u00e3o.<\/p>\n<p>Estrutura <strong><span style=\"color: #f88523;\">flex\u00edvel<\/span><\/strong> mold\u00e1vel no local.<\/p>\n<p>Possibilidade de adicionar uma moldura de m\u00e1scara (opcional).<\/p>\n","protected":false},"featured_media":7702,"template":"","meta":{"_acf_changed":false},"product_brand":[],"product_cat":[921,1089,1295,920],"product_tag":[],"class_list":{"0":"post-17603","1":"product","2":"type-product","3":"status-publish","4":"has-post-thumbnail","6":"product_cat-todos-os-produtos","7":"product_cat-produtos-tecnicos","8":"product_cat-molduras-e-ecras-portateis","9":"product_cat-teatro","10":"pa_techniques-fabrico-por-medida","11":"pa_textiles-classificacao-de-reacao-ao-fogo-ignifugo","12":"pa_textiles-projecao-frontal","13":"pa_textiles-retroprojecao","15":"first","16":"instock","17":"shipping-taxable","18":"purchasable","19":"product-type-simple"},"acf":[],"yoast_head":"<!-- This site is optimized with the Yoast SEO plugin v27.3 - https:\/\/yoast.com\/product\/yoast-seo-wordpress\/ -->\n<title>Movie Screen - Azur Scenic<\/title>\n<meta name=\"robots\" content=\"index, follow, max-snippet:-1, max-image-preview:large, max-video-preview:-1\" \/>\n<link rel=\"canonical\" href=\"https:\/\/www.azur-scenic.com\/pt-pt\/produto\/movie-screen\/\" \/>\n<meta property=\"og:locale\" content=\"pt_PT\" \/>\n<meta property=\"og:type\" content=\"article\" \/>\n<meta property=\"og:title\" content=\"Movie Screen - Azur Scenic\" \/>\n<meta property=\"og:description\" content=\"Uma estrutura de ecr\u00e3 modular totalmente personalizada (por medida) em alum\u00ednio extrudido negro, concebida para grandes superf\u00edcies de proje\u00e7\u00e3o. Sistema de tensionamento de tela de cart\u00e3o postal: a moldura \u00e9 completamente escondida pela tela. Compat\u00edvel com todos as telas de proje\u00e7\u00e3o (frontal e retroproje\u00e7\u00e3o). Fixa\u00e7\u00e3o \u00e0 parede, ao teto ou por suspens\u00e3o. Estrutura flex\u00edvel mold\u00e1vel no local. Possibilidade de adicionar uma moldura de m\u00e1scara (opcional).\" \/>\n<meta property=\"og:url\" content=\"https:\/\/www.azur-scenic.com\/pt-pt\/produto\/movie-screen\/\" \/>\n<meta property=\"og:site_name\" content=\"Azur Scenic\" \/>\n<meta property=\"article:modified_time\" content=\"2023-08-02T13:26:06+00:00\" \/>\n<meta property=\"og:image\" content=\"https:\/\/www.azur-scenic.com\/wp-content\/uploads\/2cb276210bf14a0e0b0ac85e23a789e1.jpg\" \/>\n\t<meta property=\"og:image:width\" content=\"2173\" \/>\n\t<meta property=\"og:image:height\" content=\"2173\" \/>\n\t<meta property=\"og:image:type\" content=\"image\/jpeg\" \/>\n<meta name=\"twitter:card\" content=\"summary_large_image\" \/>\n<script type=\"application\/ld+json\" class=\"yoast-schema-graph\">{\"@context\":\"https:\\\/\\\/schema.org\",\"@graph\":[{\"@type\":\"WebPage\",\"@id\":\"https:\\\/\\\/www.azur-scenic.com\\\/pt-pt\\\/produto\\\/movie-screen\\\/\",\"url\":\"https:\\\/\\\/www.azur-scenic.com\\\/pt-pt\\\/produto\\\/movie-screen\\\/\",\"name\":\"Movie Screen - Azur Scenic\",\"isPartOf\":{\"@id\":\"https:\\\/\\\/www.azur-scenic.com\\\/pt-pt\\\/#website\"},\"primaryImageOfPage\":{\"@id\":\"https:\\\/\\\/www.azur-scenic.com\\\/pt-pt\\\/produto\\\/movie-screen\\\/#primaryimage\"},\"image\":{\"@id\":\"https:\\\/\\\/www.azur-scenic.com\\\/pt-pt\\\/produto\\\/movie-screen\\\/#primaryimage\"},\"thumbnailUrl\":\"https:\\\/\\\/www.azur-scenic.com\\\/wp-content\\\/uploads\\\/2cb276210bf14a0e0b0ac85e23a789e1.jpg\",\"datePublished\":\"2022-10-04T07:27:47+00:00\",\"dateModified\":\"2023-08-02T13:26:06+00:00\",\"breadcrumb\":{\"@id\":\"https:\\\/\\\/www.azur-scenic.com\\\/pt-pt\\\/produto\\\/movie-screen\\\/#breadcrumb\"},\"inLanguage\":\"pt-PT\",\"potentialAction\":[{\"@type\":\"ReadAction\",\"target\":[\"https:\\\/\\\/www.azur-scenic.com\\\/pt-pt\\\/produto\\\/movie-screen\\\/\"]}]},{\"@type\":\"ImageObject\",\"inLanguage\":\"pt-PT\",\"@id\":\"https:\\\/\\\/www.azur-scenic.com\\\/pt-pt\\\/produto\\\/movie-screen\\\/#primaryimage\",\"url\":\"https:\\\/\\\/www.azur-scenic.com\\\/wp-content\\\/uploads\\\/2cb276210bf14a0e0b0ac85e23a789e1.jpg\",\"contentUrl\":\"https:\\\/\\\/www.azur-scenic.com\\\/wp-content\\\/uploads\\\/2cb276210bf14a0e0b0ac85e23a789e1.jpg\",\"width\":2173,\"height\":2173},{\"@type\":\"BreadcrumbList\",\"@id\":\"https:\\\/\\\/www.azur-scenic.com\\\/pt-pt\\\/produto\\\/movie-screen\\\/#breadcrumb\",\"itemListElement\":[{\"@type\":\"ListItem\",\"position\":1,\"name\":\"Accueil\",\"item\":\"https:\\\/\\\/www.azur-scenic.com\\\/pt-pt\\\/\"},{\"@type\":\"ListItem\",\"position\":2,\"name\":\"Produits\",\"item\":\"https:\\\/\\\/www.azur-scenic.com\\\/pt-pt\\\/?page_id=21439\"},{\"@type\":\"ListItem\",\"position\":3,\"name\":\"Movie Screen\"}]},{\"@type\":\"WebSite\",\"@id\":\"https:\\\/\\\/www.azur-scenic.com\\\/pt-pt\\\/#website\",\"url\":\"https:\\\/\\\/www.azur-scenic.com\\\/pt-pt\\\/\",\"name\":\"Azur Scenic\",\"description\":\"Sp\u00e9cialiste de l\u2019\u00e9quipement sc\u00e9nique et de la d\u00e9coration int\u00e9rieure et \u00e9v\u00e9nementielle !\",\"publisher\":{\"@id\":\"https:\\\/\\\/www.azur-scenic.com\\\/pt-pt\\\/#organization\"},\"potentialAction\":[{\"@type\":\"SearchAction\",\"target\":{\"@type\":\"EntryPoint\",\"urlTemplate\":\"https:\\\/\\\/www.azur-scenic.com\\\/pt-pt\\\/?s={search_term_string}\"},\"query-input\":{\"@type\":\"PropertyValueSpecification\",\"valueRequired\":true,\"valueName\":\"search_term_string\"}}],\"inLanguage\":\"pt-PT\"},{\"@type\":\"Organization\",\"@id\":\"https:\\\/\\\/www.azur-scenic.com\\\/pt-pt\\\/#organization\",\"name\":\"AZUR SCENIC\",\"url\":\"https:\\\/\\\/www.azur-scenic.com\\\/pt-pt\\\/\",\"logo\":{\"@type\":\"ImageObject\",\"inLanguage\":\"pt-PT\",\"@id\":\"https:\\\/\\\/www.azur-scenic.com\\\/pt-pt\\\/#\\\/schema\\\/logo\\\/image\\\/\",\"url\":\"https:\\\/\\\/www.azur-scenic.com\\\/wp-content\\\/uploads\\\/2022\\\/09\\\/LOGO-AZUR-SCENIC-Fusion-web-236x64-1.jpg\",\"contentUrl\":\"https:\\\/\\\/www.azur-scenic.com\\\/wp-content\\\/uploads\\\/2022\\\/09\\\/LOGO-AZUR-SCENIC-Fusion-web-236x64-1.jpg\",\"width\":236,\"height\":64,\"caption\":\"AZUR SCENIC\"},\"image\":{\"@id\":\"https:\\\/\\\/www.azur-scenic.com\\\/pt-pt\\\/#\\\/schema\\\/logo\\\/image\\\/\"},\"sameAs\":[\"https:\\\/\\\/www.youtube.com\\\/channel\\\/UCPWM2mGPVUt4nYhNlm71WOA\",\"https:\\\/\\\/www.linkedin.com\\\/company\\\/33237605\\\/admin\\\/feed\\\/posts\\\/\"]}]}<\/script>\n<!-- \/ Yoast SEO plugin. -->","yoast_head_json":{"title":"Movie Screen - Azur Scenic","robots":{"index":"index","follow":"follow","max-snippet":"max-snippet:-1","max-image-preview":"max-image-preview:large","max-video-preview":"max-video-preview:-1"},"canonical":"https:\/\/www.azur-scenic.com\/pt-pt\/produto\/movie-screen\/","og_locale":"pt_PT","og_type":"article","og_title":"Movie Screen - Azur Scenic","og_description":"Uma estrutura de ecr\u00e3 modular totalmente personalizada (por medida) em alum\u00ednio extrudido negro, concebida para grandes superf\u00edcies de proje\u00e7\u00e3o. Sistema de tensionamento de tela de cart\u00e3o postal: a moldura \u00e9 completamente escondida pela tela. Compat\u00edvel com todos as telas de proje\u00e7\u00e3o (frontal e retroproje\u00e7\u00e3o). Fixa\u00e7\u00e3o \u00e0 parede, ao teto ou por suspens\u00e3o. Estrutura flex\u00edvel mold\u00e1vel no local. Possibilidade de adicionar uma moldura de m\u00e1scara (opcional).","og_url":"https:\/\/www.azur-scenic.com\/pt-pt\/produto\/movie-screen\/","og_site_name":"Azur Scenic","article_modified_time":"2023-08-02T13:26:06+00:00","og_image":[{"width":2173,"height":2173,"url":"https:\/\/www.azur-scenic.com\/wp-content\/uploads\/2cb276210bf14a0e0b0ac85e23a789e1.jpg","type":"image\/jpeg"}],"twitter_card":"summary_large_image","schema":{"@context":"https:\/\/schema.org","@graph":[{"@type":"WebPage","@id":"https:\/\/www.azur-scenic.com\/pt-pt\/produto\/movie-screen\/","url":"https:\/\/www.azur-scenic.com\/pt-pt\/produto\/movie-screen\/","name":"Movie Screen - Azur Scenic","isPartOf":{"@id":"https:\/\/www.azur-scenic.com\/pt-pt\/#website"},"primaryImageOfPage":{"@id":"https:\/\/www.azur-scenic.com\/pt-pt\/produto\/movie-screen\/#primaryimage"},"image":{"@id":"https:\/\/www.azur-scenic.com\/pt-pt\/produto\/movie-screen\/#primaryimage"},"thumbnailUrl":"https:\/\/www.azur-scenic.com\/wp-content\/uploads\/2cb276210bf14a0e0b0ac85e23a789e1.jpg","datePublished":"2022-10-04T07:27:47+00:00","dateModified":"2023-08-02T13:26:06+00:00","breadcrumb":{"@id":"https:\/\/www.azur-scenic.com\/pt-pt\/produto\/movie-screen\/#breadcrumb"},"inLanguage":"pt-PT","potentialAction":[{"@type":"ReadAction","target":["https:\/\/www.azur-scenic.com\/pt-pt\/produto\/movie-screen\/"]}]},{"@type":"ImageObject","inLanguage":"pt-PT","@id":"https:\/\/www.azur-scenic.com\/pt-pt\/produto\/movie-screen\/#primaryimage","url":"https:\/\/www.azur-scenic.com\/wp-content\/uploads\/2cb276210bf14a0e0b0ac85e23a789e1.jpg","contentUrl":"https:\/\/www.azur-scenic.com\/wp-content\/uploads\/2cb276210bf14a0e0b0ac85e23a789e1.jpg","width":2173,"height":2173},{"@type":"BreadcrumbList","@id":"https:\/\/www.azur-scenic.com\/pt-pt\/produto\/movie-screen\/#breadcrumb","itemListElement":[{"@type":"ListItem","position":1,"name":"Accueil","item":"https:\/\/www.azur-scenic.com\/pt-pt\/"},{"@type":"ListItem","position":2,"name":"Produits","item":"https:\/\/www.azur-scenic.com\/pt-pt\/?page_id=21439"},{"@type":"ListItem","position":3,"name":"Movie Screen"}]},{"@type":"WebSite","@id":"https:\/\/www.azur-scenic.com\/pt-pt\/#website","url":"https:\/\/www.azur-scenic.com\/pt-pt\/","name":"Azur Scenic","description":"Sp\u00e9cialiste de l\u2019\u00e9quipement sc\u00e9nique et de la d\u00e9coration int\u00e9rieure et \u00e9v\u00e9nementielle !","publisher":{"@id":"https:\/\/www.azur-scenic.com\/pt-pt\/#organization"},"potentialAction":[{"@type":"SearchAction","target":{"@type":"EntryPoint","urlTemplate":"https:\/\/www.azur-scenic.com\/pt-pt\/?s={search_term_string}"},"query-input":{"@type":"PropertyValueSpecification","valueRequired":true,"valueName":"search_term_string"}}],"inLanguage":"pt-PT"},{"@type":"Organization","@id":"https:\/\/www.azur-scenic.com\/pt-pt\/#organization","name":"AZUR SCENIC","url":"https:\/\/www.azur-scenic.com\/pt-pt\/","logo":{"@type":"ImageObject","inLanguage":"pt-PT","@id":"https:\/\/www.azur-scenic.com\/pt-pt\/#\/schema\/logo\/image\/","url":"https:\/\/www.azur-scenic.com\/wp-content\/uploads\/2022\/09\/LOGO-AZUR-SCENIC-Fusion-web-236x64-1.jpg","contentUrl":"https:\/\/www.azur-scenic.com\/wp-content\/uploads\/2022\/09\/LOGO-AZUR-SCENIC-Fusion-web-236x64-1.jpg","width":236,"height":64,"caption":"AZUR SCENIC"},"image":{"@id":"https:\/\/www.azur-scenic.com\/pt-pt\/#\/schema\/logo\/image\/"},"sameAs":["https:\/\/www.youtube.com\/channel\/UCPWM2mGPVUt4nYhNlm71WOA","https:\/\/www.linkedin.com\/company\/33237605\/admin\/feed\/posts\/"]}]}},"_links":{"self":[{"href":"https:\/\/www.azur-scenic.com\/pt-pt\/wp-json\/wp\/v2\/product\/17603","targetHints":{"allow":["GET"]}}],"collection":[{"href":"https:\/\/www.azur-scenic.com\/pt-pt\/wp-json\/wp\/v2\/product"}],"about":[{"href":"https:\/\/www.azur-scenic.com\/pt-pt\/wp-json\/wp\/v2\/types\/product"}],"wp:featuredmedia":[{"embeddable":true,"href":"https:\/\/www.azur-scenic.com\/pt-pt\/wp-json\/wp\/v2\/media\/7702"}],"wp:attachment":[{"href":"https:\/\/www.azur-scenic.com\/pt-pt\/wp-json\/wp\/v2\/media?parent=17603"}],"wp:term":[{"taxonomy":"product_brand","embeddable":true,"href":"https:\/\/www.azur-scenic.com\/pt-pt\/wp-json\/wp\/v2\/product_brand?post=17603"},{"taxonomy":"product_cat","embeddable":true,"href":"https:\/\/www.azur-scenic.com\/pt-pt\/wp-json\/wp\/v2\/product_cat?post=17603"},{"taxonomy":"product_tag","embeddable":true,"href":"https:\/\/www.azur-scenic.com\/pt-pt\/wp-json\/wp\/v2\/product_tag?post=17603"}],"curies":[{"name":"wp","href":"https:\/\/api.w.org\/{rel}","templated":true}]}}