{"id":17607,"date":"2022-10-04T07:27:47","date_gmt":"2022-10-04T07:27:47","guid":{"rendered":"https:\/\/www.azur-scenic.com\/produit\/no-limit-2\/"},"modified":"2023-08-02T13:26:08","modified_gmt":"2023-08-02T13:26:08","slug":"no-limit-2","status":"publish","type":"product","link":"https:\/\/www.azur-scenic.com\/pt-pt\/produto\/no-limit-2\/","title":{"rendered":"No Limit 2"},"content":{"rendered":"<p><p><strong><span style=\"color: #f88523;\">C\u00e1rter<\/span><\/strong><br \/>\nTela \u00e9 perfeitamente protegida por um c\u00e1rter de alum\u00ednio anodizado negro fechado, com peso e espa\u00e7o limitados.<\/p>\n<p><strong><span style=\"color: #f88523;\">Sistema de enrolamento (roll-up)<\/span><\/strong><br \/>\nEnrolamento tubular em suspens\u00e3o com sistema antiflex\u00e3o a todo o comprimento do ecr\u00e3.<\/p>\n<p><strong><span style=\"color: #f88523;\">Motoriza\u00e7\u00e3o<\/span><\/strong><br \/>\nMotoriza\u00e7\u00e3o tubular dupla SOMFY (5 anos de garantia) com m\u00f3dulo de acoplamento motorizado garantindo uma sincroniza\u00e7\u00e3o perfeita. Comando standard \u00e0 escola: controlo remoto ou controlo de parede (outras op\u00e7\u00f5es de comandos).<br \/>\nRegula\u00e7\u00e3o precisa de finais de curso (posi\u00e7\u00f5es superior e inferior do ecr\u00e3)<br \/>\nPot\u00eancia: 110 Nm<br \/>\nVelocidade de rota\u00e7\u00e3o: 17 trs\/mn<br \/>\nVelocidade de subida: \u00b1 10 cm\/s.<\/p>\n<p><strong><span style=\"color: #f88523;\">Lastragem<\/span><\/strong><br \/>\nPoste de lastragem integrado (2,3 kg\/m).<\/p>\n<p><strong><span style=\"color: #f88523;\">Fixa\u00e7\u00e3o<\/span><\/strong><br \/>\nBra\u00e7adeiras de fixa\u00e7\u00e3o para perchas de \u00d8 48,3 a 50 mm inclu\u00eddas<br \/>\nFixa\u00e7\u00e3o a cada 2 a 3 m com a possibilidade de regula\u00e7\u00e3o de n\u00edvel.<\/p>\n<p><strong><span style=\"color: #f88523;\">Dimens\u00f5es<\/span><\/strong><br \/>\nO tamanho m\u00e1ximo \u00e9 de 60 m de largura x 10 m de altura.<\/p>\n<p><strong><span style=\"color: #f88523;\">Acondicionamento<\/span><\/strong><br \/>\nAt\u00e9 12 m de comprimento, pode ser enviado pr\u00e9-montado numa caixa de madeira. Mais de 12 m, embalagem em v\u00e1rias pe\u00e7as que devem ser montadas no local por uma equipa de t\u00e9cnicos especializados.<\/p>\n<p><strong><span style=\"color: #f88523;\">Detalhes t\u00e9cnicos<\/span><\/strong><br \/>\nVeja o PDF no separador &#8220;Descargas&#8221; abaixo.<\/p><\/p>\n","protected":false},"excerpt":{"rendered":"<p><strong><span style=\"color: #0bace4;\">Ecr\u00e3 motorizado de muito grandes dimens\u00f5es com espa\u00e7o ocupado muito reduzido.<\/span><\/strong><\/p>\n<p>Um <strong><span style=\"color: #f88523;\">ecr\u00e3 de enrolar motorizado<\/span><\/strong> inteiramente <strong><span style=\"color: #f88523;\">feito \u00e0 medida<\/span><\/strong>, concebido para \u00e1reas de proje\u00e7\u00e3o muito grandes (<strong><span style=\"color: #f88523;\">de 8 a 60 m de largura<\/span><\/strong>).<\/p>\n<p>O sistema de enrolamento (roll-up) \u00e9 compat\u00edvel com todas as telas de proje\u00e7\u00e3o (<strong><span style=\"color: #f88523;\">proje\u00e7\u00e3o e retroproje\u00e7\u00e3o<\/span><\/strong>).<\/p>\n<p>O seu c\u00e1rter de alum\u00ednio extrudido preto com 2 refor\u00e7os longitudinais de a\u00e7o confere-lhe <strong><span style=\"color: #f88523;\">uma grande rigidez<\/span><\/strong>. O seu cilindro de enrolamento repousa sobre um ber\u00e7o constru\u00eddo em tubos ERTALON\u00ae montados sobre rolamentos de esferas. \u00c9 suportado por um sistema antiflex\u00e3o que, gra\u00e7as \u00e0s suspens\u00f5es especialmente calibradas, atenua as diferen\u00e7as de n\u00edvel ao longo de todo o comprimento do ecr\u00e3.<\/p>\n","protected":false},"featured_media":7714,"template":"","meta":{"_acf_changed":false},"product_brand":[],"product_cat":[921,1089,1294,920],"product_tag":[],"class_list":{"0":"post-17607","1":"product","2":"type-product","3":"status-publish","4":"has-post-thumbnail","6":"product_cat-todos-os-produtos","7":"product_cat-produtos-tecnicos","8":"product_cat-enroladores","9":"product_cat-teatro","10":"pa_techniques-fabrico-por-medida","11":"pa_textiles-classificacao-de-reacao-ao-fogo-ignifugo","12":"pa_textiles-projecao-frontal","13":"pa_textiles-retroprojecao","15":"first","16":"instock","17":"shipping-taxable","18":"purchasable","19":"product-type-simple"},"acf":[],"yoast_head":"<!-- This site is optimized with the Yoast SEO plugin v27.3 - https:\/\/yoast.com\/product\/yoast-seo-wordpress\/ -->\n<title>No Limit 2 - Azur Scenic<\/title>\n<meta name=\"robots\" content=\"index, follow, max-snippet:-1, max-image-preview:large, max-video-preview:-1\" \/>\n<link rel=\"canonical\" href=\"https:\/\/www.azur-scenic.com\/pt-pt\/produto\/no-limit-2\/\" \/>\n<meta property=\"og:locale\" content=\"pt_PT\" \/>\n<meta property=\"og:type\" content=\"article\" \/>\n<meta property=\"og:title\" content=\"No Limit 2 - Azur Scenic\" \/>\n<meta property=\"og:description\" content=\"Ecr\u00e3 motorizado de muito grandes dimens\u00f5es com espa\u00e7o ocupado muito reduzido. Um ecr\u00e3 de enrolar motorizado inteiramente feito \u00e0 medida, concebido para \u00e1reas de proje\u00e7\u00e3o muito grandes (de 8 a 60 m de largura). O sistema de enrolamento (roll-up) \u00e9 compat\u00edvel com todas as telas de proje\u00e7\u00e3o (proje\u00e7\u00e3o e retroproje\u00e7\u00e3o). O seu c\u00e1rter de alum\u00ednio extrudido preto com 2 refor\u00e7os longitudinais de a\u00e7o confere-lhe uma grande rigidez. O seu cilindro de enrolamento repousa sobre um ber\u00e7o constru\u00eddo em tubos ERTALON\u00ae montados sobre rolamentos de esferas. \u00c9 suportado por um sistema antiflex\u00e3o que, gra\u00e7as \u00e0s suspens\u00f5es especialmente calibradas, atenua as diferen\u00e7as de n\u00edvel ao longo de todo o comprimento do ecr\u00e3.\" \/>\n<meta property=\"og:url\" content=\"https:\/\/www.azur-scenic.com\/pt-pt\/produto\/no-limit-2\/\" \/>\n<meta property=\"og:site_name\" content=\"Azur Scenic\" \/>\n<meta property=\"article:modified_time\" content=\"2023-08-02T13:26:08+00:00\" \/>\n<meta property=\"og:image\" content=\"https:\/\/www.azur-scenic.com\/wp-content\/uploads\/339a53336667a91bc4448399da22a815.jpg\" \/>\n\t<meta property=\"og:image:width\" content=\"945\" \/>\n\t<meta property=\"og:image:height\" content=\"945\" \/>\n\t<meta property=\"og:image:type\" content=\"image\/jpeg\" \/>\n<meta name=\"twitter:card\" content=\"summary_large_image\" \/>\n<meta name=\"twitter:label1\" content=\"Tempo estimado de leitura\" \/>\n\t<meta name=\"twitter:data1\" content=\"1 minuto\" \/>\n<script type=\"application\/ld+json\" class=\"yoast-schema-graph\">{\"@context\":\"https:\\\/\\\/schema.org\",\"@graph\":[{\"@type\":\"WebPage\",\"@id\":\"https:\\\/\\\/www.azur-scenic.com\\\/pt-pt\\\/produto\\\/no-limit-2\\\/\",\"url\":\"https:\\\/\\\/www.azur-scenic.com\\\/pt-pt\\\/produto\\\/no-limit-2\\\/\",\"name\":\"No Limit 2 - Azur Scenic\",\"isPartOf\":{\"@id\":\"https:\\\/\\\/www.azur-scenic.com\\\/pt-pt\\\/#website\"},\"primaryImageOfPage\":{\"@id\":\"https:\\\/\\\/www.azur-scenic.com\\\/pt-pt\\\/produto\\\/no-limit-2\\\/#primaryimage\"},\"image\":{\"@id\":\"https:\\\/\\\/www.azur-scenic.com\\\/pt-pt\\\/produto\\\/no-limit-2\\\/#primaryimage\"},\"thumbnailUrl\":\"https:\\\/\\\/www.azur-scenic.com\\\/wp-content\\\/uploads\\\/339a53336667a91bc4448399da22a815.jpg\",\"datePublished\":\"2022-10-04T07:27:47+00:00\",\"dateModified\":\"2023-08-02T13:26:08+00:00\",\"breadcrumb\":{\"@id\":\"https:\\\/\\\/www.azur-scenic.com\\\/pt-pt\\\/produto\\\/no-limit-2\\\/#breadcrumb\"},\"inLanguage\":\"pt-PT\",\"potentialAction\":[{\"@type\":\"ReadAction\",\"target\":[\"https:\\\/\\\/www.azur-scenic.com\\\/pt-pt\\\/produto\\\/no-limit-2\\\/\"]}]},{\"@type\":\"ImageObject\",\"inLanguage\":\"pt-PT\",\"@id\":\"https:\\\/\\\/www.azur-scenic.com\\\/pt-pt\\\/produto\\\/no-limit-2\\\/#primaryimage\",\"url\":\"https:\\\/\\\/www.azur-scenic.com\\\/wp-content\\\/uploads\\\/339a53336667a91bc4448399da22a815.jpg\",\"contentUrl\":\"https:\\\/\\\/www.azur-scenic.com\\\/wp-content\\\/uploads\\\/339a53336667a91bc4448399da22a815.jpg\",\"width\":945,\"height\":945},{\"@type\":\"BreadcrumbList\",\"@id\":\"https:\\\/\\\/www.azur-scenic.com\\\/pt-pt\\\/produto\\\/no-limit-2\\\/#breadcrumb\",\"itemListElement\":[{\"@type\":\"ListItem\",\"position\":1,\"name\":\"Accueil\",\"item\":\"https:\\\/\\\/www.azur-scenic.com\\\/pt-pt\\\/\"},{\"@type\":\"ListItem\",\"position\":2,\"name\":\"Produits\",\"item\":\"https:\\\/\\\/www.azur-scenic.com\\\/pt-pt\\\/?page_id=21439\"},{\"@type\":\"ListItem\",\"position\":3,\"name\":\"No Limit 2\"}]},{\"@type\":\"WebSite\",\"@id\":\"https:\\\/\\\/www.azur-scenic.com\\\/pt-pt\\\/#website\",\"url\":\"https:\\\/\\\/www.azur-scenic.com\\\/pt-pt\\\/\",\"name\":\"Azur Scenic\",\"description\":\"Sp\u00e9cialiste de l\u2019\u00e9quipement sc\u00e9nique et de la d\u00e9coration int\u00e9rieure et \u00e9v\u00e9nementielle !\",\"publisher\":{\"@id\":\"https:\\\/\\\/www.azur-scenic.com\\\/pt-pt\\\/#organization\"},\"potentialAction\":[{\"@type\":\"SearchAction\",\"target\":{\"@type\":\"EntryPoint\",\"urlTemplate\":\"https:\\\/\\\/www.azur-scenic.com\\\/pt-pt\\\/?s={search_term_string}\"},\"query-input\":{\"@type\":\"PropertyValueSpecification\",\"valueRequired\":true,\"valueName\":\"search_term_string\"}}],\"inLanguage\":\"pt-PT\"},{\"@type\":\"Organization\",\"@id\":\"https:\\\/\\\/www.azur-scenic.com\\\/pt-pt\\\/#organization\",\"name\":\"AZUR SCENIC\",\"url\":\"https:\\\/\\\/www.azur-scenic.com\\\/pt-pt\\\/\",\"logo\":{\"@type\":\"ImageObject\",\"inLanguage\":\"pt-PT\",\"@id\":\"https:\\\/\\\/www.azur-scenic.com\\\/pt-pt\\\/#\\\/schema\\\/logo\\\/image\\\/\",\"url\":\"https:\\\/\\\/www.azur-scenic.com\\\/wp-content\\\/uploads\\\/2022\\\/09\\\/LOGO-AZUR-SCENIC-Fusion-web-236x64-1.jpg\",\"contentUrl\":\"https:\\\/\\\/www.azur-scenic.com\\\/wp-content\\\/uploads\\\/2022\\\/09\\\/LOGO-AZUR-SCENIC-Fusion-web-236x64-1.jpg\",\"width\":236,\"height\":64,\"caption\":\"AZUR SCENIC\"},\"image\":{\"@id\":\"https:\\\/\\\/www.azur-scenic.com\\\/pt-pt\\\/#\\\/schema\\\/logo\\\/image\\\/\"},\"sameAs\":[\"https:\\\/\\\/www.youtube.com\\\/channel\\\/UCPWM2mGPVUt4nYhNlm71WOA\",\"https:\\\/\\\/www.linkedin.com\\\/company\\\/33237605\\\/admin\\\/feed\\\/posts\\\/\"]}]}<\/script>\n<!-- \/ Yoast SEO plugin. -->","yoast_head_json":{"title":"No Limit 2 - Azur Scenic","robots":{"index":"index","follow":"follow","max-snippet":"max-snippet:-1","max-image-preview":"max-image-preview:large","max-video-preview":"max-video-preview:-1"},"canonical":"https:\/\/www.azur-scenic.com\/pt-pt\/produto\/no-limit-2\/","og_locale":"pt_PT","og_type":"article","og_title":"No Limit 2 - Azur Scenic","og_description":"Ecr\u00e3 motorizado de muito grandes dimens\u00f5es com espa\u00e7o ocupado muito reduzido. Um ecr\u00e3 de enrolar motorizado inteiramente feito \u00e0 medida, concebido para \u00e1reas de proje\u00e7\u00e3o muito grandes (de 8 a 60 m de largura). O sistema de enrolamento (roll-up) \u00e9 compat\u00edvel com todas as telas de proje\u00e7\u00e3o (proje\u00e7\u00e3o e retroproje\u00e7\u00e3o). O seu c\u00e1rter de alum\u00ednio extrudido preto com 2 refor\u00e7os longitudinais de a\u00e7o confere-lhe uma grande rigidez. O seu cilindro de enrolamento repousa sobre um ber\u00e7o constru\u00eddo em tubos ERTALON\u00ae montados sobre rolamentos de esferas. \u00c9 suportado por um sistema antiflex\u00e3o que, gra\u00e7as \u00e0s suspens\u00f5es especialmente calibradas, atenua as diferen\u00e7as de n\u00edvel ao longo de todo o comprimento do ecr\u00e3.","og_url":"https:\/\/www.azur-scenic.com\/pt-pt\/produto\/no-limit-2\/","og_site_name":"Azur Scenic","article_modified_time":"2023-08-02T13:26:08+00:00","og_image":[{"width":945,"height":945,"url":"https:\/\/www.azur-scenic.com\/wp-content\/uploads\/339a53336667a91bc4448399da22a815.jpg","type":"image\/jpeg"}],"twitter_card":"summary_large_image","twitter_misc":{"Tempo estimado de leitura":"1 minuto"},"schema":{"@context":"https:\/\/schema.org","@graph":[{"@type":"WebPage","@id":"https:\/\/www.azur-scenic.com\/pt-pt\/produto\/no-limit-2\/","url":"https:\/\/www.azur-scenic.com\/pt-pt\/produto\/no-limit-2\/","name":"No Limit 2 - Azur Scenic","isPartOf":{"@id":"https:\/\/www.azur-scenic.com\/pt-pt\/#website"},"primaryImageOfPage":{"@id":"https:\/\/www.azur-scenic.com\/pt-pt\/produto\/no-limit-2\/#primaryimage"},"image":{"@id":"https:\/\/www.azur-scenic.com\/pt-pt\/produto\/no-limit-2\/#primaryimage"},"thumbnailUrl":"https:\/\/www.azur-scenic.com\/wp-content\/uploads\/339a53336667a91bc4448399da22a815.jpg","datePublished":"2022-10-04T07:27:47+00:00","dateModified":"2023-08-02T13:26:08+00:00","breadcrumb":{"@id":"https:\/\/www.azur-scenic.com\/pt-pt\/produto\/no-limit-2\/#breadcrumb"},"inLanguage":"pt-PT","potentialAction":[{"@type":"ReadAction","target":["https:\/\/www.azur-scenic.com\/pt-pt\/produto\/no-limit-2\/"]}]},{"@type":"ImageObject","inLanguage":"pt-PT","@id":"https:\/\/www.azur-scenic.com\/pt-pt\/produto\/no-limit-2\/#primaryimage","url":"https:\/\/www.azur-scenic.com\/wp-content\/uploads\/339a53336667a91bc4448399da22a815.jpg","contentUrl":"https:\/\/www.azur-scenic.com\/wp-content\/uploads\/339a53336667a91bc4448399da22a815.jpg","width":945,"height":945},{"@type":"BreadcrumbList","@id":"https:\/\/www.azur-scenic.com\/pt-pt\/produto\/no-limit-2\/#breadcrumb","itemListElement":[{"@type":"ListItem","position":1,"name":"Accueil","item":"https:\/\/www.azur-scenic.com\/pt-pt\/"},{"@type":"ListItem","position":2,"name":"Produits","item":"https:\/\/www.azur-scenic.com\/pt-pt\/?page_id=21439"},{"@type":"ListItem","position":3,"name":"No Limit 2"}]},{"@type":"WebSite","@id":"https:\/\/www.azur-scenic.com\/pt-pt\/#website","url":"https:\/\/www.azur-scenic.com\/pt-pt\/","name":"Azur Scenic","description":"Sp\u00e9cialiste de l\u2019\u00e9quipement sc\u00e9nique et de la d\u00e9coration int\u00e9rieure et \u00e9v\u00e9nementielle !","publisher":{"@id":"https:\/\/www.azur-scenic.com\/pt-pt\/#organization"},"potentialAction":[{"@type":"SearchAction","target":{"@type":"EntryPoint","urlTemplate":"https:\/\/www.azur-scenic.com\/pt-pt\/?s={search_term_string}"},"query-input":{"@type":"PropertyValueSpecification","valueRequired":true,"valueName":"search_term_string"}}],"inLanguage":"pt-PT"},{"@type":"Organization","@id":"https:\/\/www.azur-scenic.com\/pt-pt\/#organization","name":"AZUR SCENIC","url":"https:\/\/www.azur-scenic.com\/pt-pt\/","logo":{"@type":"ImageObject","inLanguage":"pt-PT","@id":"https:\/\/www.azur-scenic.com\/pt-pt\/#\/schema\/logo\/image\/","url":"https:\/\/www.azur-scenic.com\/wp-content\/uploads\/2022\/09\/LOGO-AZUR-SCENIC-Fusion-web-236x64-1.jpg","contentUrl":"https:\/\/www.azur-scenic.com\/wp-content\/uploads\/2022\/09\/LOGO-AZUR-SCENIC-Fusion-web-236x64-1.jpg","width":236,"height":64,"caption":"AZUR SCENIC"},"image":{"@id":"https:\/\/www.azur-scenic.com\/pt-pt\/#\/schema\/logo\/image\/"},"sameAs":["https:\/\/www.youtube.com\/channel\/UCPWM2mGPVUt4nYhNlm71WOA","https:\/\/www.linkedin.com\/company\/33237605\/admin\/feed\/posts\/"]}]}},"_links":{"self":[{"href":"https:\/\/www.azur-scenic.com\/pt-pt\/wp-json\/wp\/v2\/product\/17607","targetHints":{"allow":["GET"]}}],"collection":[{"href":"https:\/\/www.azur-scenic.com\/pt-pt\/wp-json\/wp\/v2\/product"}],"about":[{"href":"https:\/\/www.azur-scenic.com\/pt-pt\/wp-json\/wp\/v2\/types\/product"}],"wp:featuredmedia":[{"embeddable":true,"href":"https:\/\/www.azur-scenic.com\/pt-pt\/wp-json\/wp\/v2\/media\/7714"}],"wp:attachment":[{"href":"https:\/\/www.azur-scenic.com\/pt-pt\/wp-json\/wp\/v2\/media?parent=17607"}],"wp:term":[{"taxonomy":"product_brand","embeddable":true,"href":"https:\/\/www.azur-scenic.com\/pt-pt\/wp-json\/wp\/v2\/product_brand?post=17607"},{"taxonomy":"product_cat","embeddable":true,"href":"https:\/\/www.azur-scenic.com\/pt-pt\/wp-json\/wp\/v2\/product_cat?post=17607"},{"taxonomy":"product_tag","embeddable":true,"href":"https:\/\/www.azur-scenic.com\/pt-pt\/wp-json\/wp\/v2\/product_tag?post=17607"}],"curies":[{"name":"wp","href":"https:\/\/api.w.org\/{rel}","templated":true}]}}