{"id":17614,"date":"2022-10-04T07:27:46","date_gmt":"2022-10-04T07:27:46","guid":{"rendered":"https:\/\/www.azur-scenic.com\/produit\/flightscreen\/"},"modified":"2023-08-02T13:26:04","modified_gmt":"2023-08-02T13:26:04","slug":"flightscreen","status":"publish","type":"product","link":"https:\/\/www.azur-scenic.com\/pt-pt\/produto\/flightscreen\/","title":{"rendered":"FlightScreen"},"content":{"rendered":"<p><p><strong><span style=\"color: #f88523;\">R\u00e1pida montagem e desmontagem<\/span><\/strong><br \/>\nMoldura &#8221; easy&#8221; com sistema de dobradi\u00e7as de clipagem.<br \/>\nTensionamento r\u00e1pido da telas, gra\u00e7as ao sistema de bot\u00f5es de press\u00e3o.<\/p>\n<p><strong><span style=\"color: #f88523;\">Facilidade de transporte<\/span><\/strong><br \/>\nO ecr\u00e3 \u00e9 entregue numa caixa de transporte em ABS leve e resistente.<br \/>\nMala equipada com rod\u00edzios para ainda maior comodidade.<\/p>\n<p><strong><span style=\"color: #f88523;\">Telas compat\u00edveis<\/span><\/strong><br \/>\nTela proje\u00e7\u00e3o: PVC branco mate com verso ocultante (blackout) <em>(Classifica\u00e7\u00e3o de rea\u00e7\u00e3o ao fogo: M2). <\/em><br \/>\nTela retroproje\u00e7\u00e3o: PVC Cinzento <em>(Classifica\u00e7\u00e3o de rea\u00e7\u00e3o ao fogo: M2). <\/em><\/p>\n<p><strong><span style=\"color: #f88523;\">Acabamentos das telas<\/span><\/strong><br \/>\nBorda negra equipada com bot\u00f5es de press\u00e3o na periferia.<\/p>\n<p><strong><span style=\"color: #f88523;\">2 modelos \u00e0 sua escolha<\/span><\/strong><br \/>\nFACE: fornecido com 1 tela de proje\u00e7\u00e3o frontal.<br \/>\nMISTO: fornecido com 2 telas (1 tela de proje\u00e7\u00e3o frontal e 1 tela de retroproje\u00e7\u00e3o).<\/p>\n<p><strong><span style=\"color: #f88523;\">Dimens\u00f5es e pesos<\/span><\/strong><br \/>\nVeja o PDF no separador &#8220;Descargas&#8221; abaixo<\/p><\/p>\n","protected":false},"excerpt":{"rendered":"<p><strong><span style=\"color: #0bace4;\">Ecr\u00e3 de mala autoportante com montagem r\u00e1pida e f\u00e1cil.<br \/>\nPara proje\u00e7\u00f5es de 1,46 m a 8,80 m de largura.<\/span><\/strong><\/p>\n<p>Um <strong><span style=\"color: #f88523;\">ecr\u00e3 com p\u00e9s desmont\u00e1vel<\/span><\/strong> e de <strong><span style=\"color: #f88523;\">f\u00e1cil transporte<\/span><\/strong> dispon\u00edvel em<strong><span style=\"color: #f88523;\"> v\u00e1rias dimens\u00f5es<\/span><\/strong> (de 1,46 a 8,80 m de base) e em <strong><span style=\"color: #f88523;\">2 propor\u00e7\u00f5es\/resolu\u00e7\u00f5es<\/span><\/strong> (4:3 e 16:9).<\/p>\n<p>O FlightScreen est\u00e1 dispon\u00edvel em 2 vers\u00f5es:<\/p>\n<ul>\n<li>Vers\u00e3o FACE: fornecido com 1 tela de proje\u00e7\u00e3o frontal<\/li>\n<li>Vers\u00e3o MISTO: fornecido com 2 telas (1 tela de proje\u00e7\u00e3o frontal e 1 tela de retroproje\u00e7\u00e3o)<\/li>\n<\/ul>\n<p>Entregue numa <strong><span style=\"color: #f88523;\">mala de transporte<\/span><\/strong> leve e dur\u00e1vel, equipada com rodas, o FlightScreen \u00e9 o ecr\u00e3 ideal para todas as suas <strong><span style=\"color: #f88523;\">instala\u00e7\u00f5es tempor\u00e1rias<\/span><\/strong> (espet\u00e1culos itinerantes, confer\u00eancias, etc.)<\/p>\n","protected":false},"featured_media":7696,"template":"","meta":{"_acf_changed":false},"product_brand":[],"product_cat":[921,1089,1295,1300,1113],"product_tag":[],"class_list":{"0":"post-17614","1":"product","2":"type-product","3":"status-publish","4":"has-post-thumbnail","6":"product_cat-todos-os-produtos","7":"product_cat-produtos-tecnicos","8":"product_cat-molduras-e-ecras-portateis","9":"product_cat-flight-screen","10":"product_cat-eventos","11":"pa_techniques-fabrico-por-medida","12":"pa_textiles-classificacao-de-reacao-ao-fogo-ignifugo","13":"pa_textiles-projecao-frontal","14":"pa_textiles-retroprojecao","16":"first","17":"instock","18":"shipping-taxable","19":"purchasable","20":"product-type-simple"},"acf":[],"yoast_head":"<!-- This site is optimized with the Yoast SEO plugin v27.3 - https:\/\/yoast.com\/product\/yoast-seo-wordpress\/ -->\n<title>FlightScreen - Azur Scenic<\/title>\n<meta name=\"robots\" content=\"index, follow, max-snippet:-1, max-image-preview:large, max-video-preview:-1\" \/>\n<link rel=\"canonical\" href=\"https:\/\/www.azur-scenic.com\/pt-pt\/produto\/flightscreen\/\" \/>\n<meta property=\"og:locale\" content=\"pt_PT\" \/>\n<meta property=\"og:type\" content=\"article\" \/>\n<meta property=\"og:title\" content=\"FlightScreen - Azur Scenic\" \/>\n<meta property=\"og:description\" content=\"Ecr\u00e3 de mala autoportante com montagem r\u00e1pida e f\u00e1cil. Para proje\u00e7\u00f5es de 1,46 m a 8,80 m de largura. Um ecr\u00e3 com p\u00e9s desmont\u00e1vel e de f\u00e1cil transporte dispon\u00edvel em v\u00e1rias dimens\u00f5es (de 1,46 a 8,80 m de base) e em 2 propor\u00e7\u00f5es\/resolu\u00e7\u00f5es (4:3 e 16:9). O FlightScreen est\u00e1 dispon\u00edvel em 2 vers\u00f5es:  Vers\u00e3o FACE: fornecido com 1 tela de proje\u00e7\u00e3o frontal Vers\u00e3o MISTO: fornecido com 2 telas (1 tela de proje\u00e7\u00e3o frontal e 1 tela de retroproje\u00e7\u00e3o) Entregue numa mala de transporte leve e dur\u00e1vel, equipada com rodas, o FlightScreen \u00e9 o ecr\u00e3 ideal para todas as suas instala\u00e7\u00f5es tempor\u00e1rias (espet\u00e1culos itinerantes, confer\u00eancias, etc.)\" \/>\n<meta property=\"og:url\" content=\"https:\/\/www.azur-scenic.com\/pt-pt\/produto\/flightscreen\/\" \/>\n<meta property=\"og:site_name\" content=\"Azur Scenic\" \/>\n<meta property=\"article:modified_time\" content=\"2023-08-02T13:26:04+00:00\" \/>\n<meta property=\"og:image\" content=\"https:\/\/www.azur-scenic.com\/wp-content\/uploads\/c969060b87ac98fb2bcef7a6f31d7ae5.jpg\" \/>\n\t<meta property=\"og:image:width\" content=\"354\" \/>\n\t<meta property=\"og:image:height\" content=\"354\" \/>\n\t<meta property=\"og:image:type\" content=\"image\/jpeg\" \/>\n<meta name=\"twitter:card\" content=\"summary_large_image\" \/>\n<meta name=\"twitter:label1\" content=\"Tempo estimado de leitura\" \/>\n\t<meta name=\"twitter:data1\" content=\"1 minuto\" \/>\n<script type=\"application\/ld+json\" class=\"yoast-schema-graph\">{\"@context\":\"https:\\\/\\\/schema.org\",\"@graph\":[{\"@type\":\"WebPage\",\"@id\":\"https:\\\/\\\/www.azur-scenic.com\\\/pt-pt\\\/produto\\\/flightscreen\\\/\",\"url\":\"https:\\\/\\\/www.azur-scenic.com\\\/pt-pt\\\/produto\\\/flightscreen\\\/\",\"name\":\"FlightScreen - Azur Scenic\",\"isPartOf\":{\"@id\":\"https:\\\/\\\/www.azur-scenic.com\\\/pt-pt\\\/#website\"},\"primaryImageOfPage\":{\"@id\":\"https:\\\/\\\/www.azur-scenic.com\\\/pt-pt\\\/produto\\\/flightscreen\\\/#primaryimage\"},\"image\":{\"@id\":\"https:\\\/\\\/www.azur-scenic.com\\\/pt-pt\\\/produto\\\/flightscreen\\\/#primaryimage\"},\"thumbnailUrl\":\"https:\\\/\\\/www.azur-scenic.com\\\/wp-content\\\/uploads\\\/c969060b87ac98fb2bcef7a6f31d7ae5.jpg\",\"datePublished\":\"2022-10-04T07:27:46+00:00\",\"dateModified\":\"2023-08-02T13:26:04+00:00\",\"breadcrumb\":{\"@id\":\"https:\\\/\\\/www.azur-scenic.com\\\/pt-pt\\\/produto\\\/flightscreen\\\/#breadcrumb\"},\"inLanguage\":\"pt-PT\",\"potentialAction\":[{\"@type\":\"ReadAction\",\"target\":[\"https:\\\/\\\/www.azur-scenic.com\\\/pt-pt\\\/produto\\\/flightscreen\\\/\"]}]},{\"@type\":\"ImageObject\",\"inLanguage\":\"pt-PT\",\"@id\":\"https:\\\/\\\/www.azur-scenic.com\\\/pt-pt\\\/produto\\\/flightscreen\\\/#primaryimage\",\"url\":\"https:\\\/\\\/www.azur-scenic.com\\\/wp-content\\\/uploads\\\/c969060b87ac98fb2bcef7a6f31d7ae5.jpg\",\"contentUrl\":\"https:\\\/\\\/www.azur-scenic.com\\\/wp-content\\\/uploads\\\/c969060b87ac98fb2bcef7a6f31d7ae5.jpg\",\"width\":354,\"height\":354},{\"@type\":\"BreadcrumbList\",\"@id\":\"https:\\\/\\\/www.azur-scenic.com\\\/pt-pt\\\/produto\\\/flightscreen\\\/#breadcrumb\",\"itemListElement\":[{\"@type\":\"ListItem\",\"position\":1,\"name\":\"Accueil\",\"item\":\"https:\\\/\\\/www.azur-scenic.com\\\/pt-pt\\\/\"},{\"@type\":\"ListItem\",\"position\":2,\"name\":\"Produits\",\"item\":\"https:\\\/\\\/www.azur-scenic.com\\\/pt-pt\\\/?page_id=21439\"},{\"@type\":\"ListItem\",\"position\":3,\"name\":\"FlightScreen\"}]},{\"@type\":\"WebSite\",\"@id\":\"https:\\\/\\\/www.azur-scenic.com\\\/pt-pt\\\/#website\",\"url\":\"https:\\\/\\\/www.azur-scenic.com\\\/pt-pt\\\/\",\"name\":\"Azur Scenic\",\"description\":\"Sp\u00e9cialiste de l\u2019\u00e9quipement sc\u00e9nique et de la d\u00e9coration int\u00e9rieure et \u00e9v\u00e9nementielle !\",\"publisher\":{\"@id\":\"https:\\\/\\\/www.azur-scenic.com\\\/pt-pt\\\/#organization\"},\"potentialAction\":[{\"@type\":\"SearchAction\",\"target\":{\"@type\":\"EntryPoint\",\"urlTemplate\":\"https:\\\/\\\/www.azur-scenic.com\\\/pt-pt\\\/?s={search_term_string}\"},\"query-input\":{\"@type\":\"PropertyValueSpecification\",\"valueRequired\":true,\"valueName\":\"search_term_string\"}}],\"inLanguage\":\"pt-PT\"},{\"@type\":\"Organization\",\"@id\":\"https:\\\/\\\/www.azur-scenic.com\\\/pt-pt\\\/#organization\",\"name\":\"AZUR SCENIC\",\"url\":\"https:\\\/\\\/www.azur-scenic.com\\\/pt-pt\\\/\",\"logo\":{\"@type\":\"ImageObject\",\"inLanguage\":\"pt-PT\",\"@id\":\"https:\\\/\\\/www.azur-scenic.com\\\/pt-pt\\\/#\\\/schema\\\/logo\\\/image\\\/\",\"url\":\"https:\\\/\\\/www.azur-scenic.com\\\/wp-content\\\/uploads\\\/2022\\\/09\\\/LOGO-AZUR-SCENIC-Fusion-web-236x64-1.jpg\",\"contentUrl\":\"https:\\\/\\\/www.azur-scenic.com\\\/wp-content\\\/uploads\\\/2022\\\/09\\\/LOGO-AZUR-SCENIC-Fusion-web-236x64-1.jpg\",\"width\":236,\"height\":64,\"caption\":\"AZUR SCENIC\"},\"image\":{\"@id\":\"https:\\\/\\\/www.azur-scenic.com\\\/pt-pt\\\/#\\\/schema\\\/logo\\\/image\\\/\"},\"sameAs\":[\"https:\\\/\\\/www.youtube.com\\\/channel\\\/UCPWM2mGPVUt4nYhNlm71WOA\",\"https:\\\/\\\/www.linkedin.com\\\/company\\\/33237605\\\/admin\\\/feed\\\/posts\\\/\"]}]}<\/script>\n<!-- \/ Yoast SEO plugin. -->","yoast_head_json":{"title":"FlightScreen - Azur Scenic","robots":{"index":"index","follow":"follow","max-snippet":"max-snippet:-1","max-image-preview":"max-image-preview:large","max-video-preview":"max-video-preview:-1"},"canonical":"https:\/\/www.azur-scenic.com\/pt-pt\/produto\/flightscreen\/","og_locale":"pt_PT","og_type":"article","og_title":"FlightScreen - Azur Scenic","og_description":"Ecr\u00e3 de mala autoportante com montagem r\u00e1pida e f\u00e1cil. Para proje\u00e7\u00f5es de 1,46 m a 8,80 m de largura. Um ecr\u00e3 com p\u00e9s desmont\u00e1vel e de f\u00e1cil transporte dispon\u00edvel em v\u00e1rias dimens\u00f5es (de 1,46 a 8,80 m de base) e em 2 propor\u00e7\u00f5es\/resolu\u00e7\u00f5es (4:3 e 16:9). O FlightScreen est\u00e1 dispon\u00edvel em 2 vers\u00f5es:  Vers\u00e3o FACE: fornecido com 1 tela de proje\u00e7\u00e3o frontal Vers\u00e3o MISTO: fornecido com 2 telas (1 tela de proje\u00e7\u00e3o frontal e 1 tela de retroproje\u00e7\u00e3o) Entregue numa mala de transporte leve e dur\u00e1vel, equipada com rodas, o FlightScreen \u00e9 o ecr\u00e3 ideal para todas as suas instala\u00e7\u00f5es tempor\u00e1rias (espet\u00e1culos itinerantes, confer\u00eancias, etc.)","og_url":"https:\/\/www.azur-scenic.com\/pt-pt\/produto\/flightscreen\/","og_site_name":"Azur Scenic","article_modified_time":"2023-08-02T13:26:04+00:00","og_image":[{"width":354,"height":354,"url":"https:\/\/www.azur-scenic.com\/wp-content\/uploads\/c969060b87ac98fb2bcef7a6f31d7ae5.jpg","type":"image\/jpeg"}],"twitter_card":"summary_large_image","twitter_misc":{"Tempo estimado de leitura":"1 minuto"},"schema":{"@context":"https:\/\/schema.org","@graph":[{"@type":"WebPage","@id":"https:\/\/www.azur-scenic.com\/pt-pt\/produto\/flightscreen\/","url":"https:\/\/www.azur-scenic.com\/pt-pt\/produto\/flightscreen\/","name":"FlightScreen - Azur Scenic","isPartOf":{"@id":"https:\/\/www.azur-scenic.com\/pt-pt\/#website"},"primaryImageOfPage":{"@id":"https:\/\/www.azur-scenic.com\/pt-pt\/produto\/flightscreen\/#primaryimage"},"image":{"@id":"https:\/\/www.azur-scenic.com\/pt-pt\/produto\/flightscreen\/#primaryimage"},"thumbnailUrl":"https:\/\/www.azur-scenic.com\/wp-content\/uploads\/c969060b87ac98fb2bcef7a6f31d7ae5.jpg","datePublished":"2022-10-04T07:27:46+00:00","dateModified":"2023-08-02T13:26:04+00:00","breadcrumb":{"@id":"https:\/\/www.azur-scenic.com\/pt-pt\/produto\/flightscreen\/#breadcrumb"},"inLanguage":"pt-PT","potentialAction":[{"@type":"ReadAction","target":["https:\/\/www.azur-scenic.com\/pt-pt\/produto\/flightscreen\/"]}]},{"@type":"ImageObject","inLanguage":"pt-PT","@id":"https:\/\/www.azur-scenic.com\/pt-pt\/produto\/flightscreen\/#primaryimage","url":"https:\/\/www.azur-scenic.com\/wp-content\/uploads\/c969060b87ac98fb2bcef7a6f31d7ae5.jpg","contentUrl":"https:\/\/www.azur-scenic.com\/wp-content\/uploads\/c969060b87ac98fb2bcef7a6f31d7ae5.jpg","width":354,"height":354},{"@type":"BreadcrumbList","@id":"https:\/\/www.azur-scenic.com\/pt-pt\/produto\/flightscreen\/#breadcrumb","itemListElement":[{"@type":"ListItem","position":1,"name":"Accueil","item":"https:\/\/www.azur-scenic.com\/pt-pt\/"},{"@type":"ListItem","position":2,"name":"Produits","item":"https:\/\/www.azur-scenic.com\/pt-pt\/?page_id=21439"},{"@type":"ListItem","position":3,"name":"FlightScreen"}]},{"@type":"WebSite","@id":"https:\/\/www.azur-scenic.com\/pt-pt\/#website","url":"https:\/\/www.azur-scenic.com\/pt-pt\/","name":"Azur Scenic","description":"Sp\u00e9cialiste de l\u2019\u00e9quipement sc\u00e9nique et de la d\u00e9coration int\u00e9rieure et \u00e9v\u00e9nementielle !","publisher":{"@id":"https:\/\/www.azur-scenic.com\/pt-pt\/#organization"},"potentialAction":[{"@type":"SearchAction","target":{"@type":"EntryPoint","urlTemplate":"https:\/\/www.azur-scenic.com\/pt-pt\/?s={search_term_string}"},"query-input":{"@type":"PropertyValueSpecification","valueRequired":true,"valueName":"search_term_string"}}],"inLanguage":"pt-PT"},{"@type":"Organization","@id":"https:\/\/www.azur-scenic.com\/pt-pt\/#organization","name":"AZUR SCENIC","url":"https:\/\/www.azur-scenic.com\/pt-pt\/","logo":{"@type":"ImageObject","inLanguage":"pt-PT","@id":"https:\/\/www.azur-scenic.com\/pt-pt\/#\/schema\/logo\/image\/","url":"https:\/\/www.azur-scenic.com\/wp-content\/uploads\/2022\/09\/LOGO-AZUR-SCENIC-Fusion-web-236x64-1.jpg","contentUrl":"https:\/\/www.azur-scenic.com\/wp-content\/uploads\/2022\/09\/LOGO-AZUR-SCENIC-Fusion-web-236x64-1.jpg","width":236,"height":64,"caption":"AZUR SCENIC"},"image":{"@id":"https:\/\/www.azur-scenic.com\/pt-pt\/#\/schema\/logo\/image\/"},"sameAs":["https:\/\/www.youtube.com\/channel\/UCPWM2mGPVUt4nYhNlm71WOA","https:\/\/www.linkedin.com\/company\/33237605\/admin\/feed\/posts\/"]}]}},"_links":{"self":[{"href":"https:\/\/www.azur-scenic.com\/pt-pt\/wp-json\/wp\/v2\/product\/17614","targetHints":{"allow":["GET"]}}],"collection":[{"href":"https:\/\/www.azur-scenic.com\/pt-pt\/wp-json\/wp\/v2\/product"}],"about":[{"href":"https:\/\/www.azur-scenic.com\/pt-pt\/wp-json\/wp\/v2\/types\/product"}],"wp:featuredmedia":[{"embeddable":true,"href":"https:\/\/www.azur-scenic.com\/pt-pt\/wp-json\/wp\/v2\/media\/7696"}],"wp:attachment":[{"href":"https:\/\/www.azur-scenic.com\/pt-pt\/wp-json\/wp\/v2\/media?parent=17614"}],"wp:term":[{"taxonomy":"product_brand","embeddable":true,"href":"https:\/\/www.azur-scenic.com\/pt-pt\/wp-json\/wp\/v2\/product_brand?post=17614"},{"taxonomy":"product_cat","embeddable":true,"href":"https:\/\/www.azur-scenic.com\/pt-pt\/wp-json\/wp\/v2\/product_cat?post=17614"},{"taxonomy":"product_tag","embeddable":true,"href":"https:\/\/www.azur-scenic.com\/pt-pt\/wp-json\/wp\/v2\/product_tag?post=17614"}],"curies":[{"name":"wp","href":"https:\/\/api.w.org\/{rel}","templated":true}]}}