{"id":17627,"date":"2022-10-04T07:27:44","date_gmt":"2022-10-04T07:27:44","guid":{"rendered":"https:\/\/www.azur-scenic.com\/produit\/soundproof-cloth\/"},"modified":"2024-11-14T12:57:09","modified_gmt":"2024-11-14T12:57:09","slug":"soundproof-cloth","status":"publish","type":"product","link":"https:\/\/www.azur-scenic.com\/pt-pt\/produto\/soundproof-cloth\/","title":{"rendered":"Soundproof Cloth"},"content":{"rendered":"<table>\n<thead>\n<tr>\n<th style=\"width: 170px;\">\u00a0<\/th>\n<th>Soundproof Cloth 5<\/th>\n<th>Soundproof Cloth 7<\/th>\n<\/tr>\n<\/thead>\n<tbody>\n<tr>\n<td><strong>Dimens\u00f5es<\/strong><\/td>\n<td>\u00c0 medida<\/td>\n<td>\u00c0 medida<\/td>\n<\/tr>\n<tr>\n<td><strong>Peso<\/strong><\/td>\n<td>2500 g\/m2<\/td>\n<td>3500 g\/m2<\/td>\n<\/tr>\n<tr>\n<td><strong>Classifica\u00e7\u00e3o de rea\u00e7\u00e3o ao fogo<\/strong><\/td>\n<td><img decoding=\"async\" style=\"height: 20px; width: 20px;\" src=\"https:\/\/www.azur-scenic.com\/wp-content\/uploads\/csm_icon-flag-france_3304e5e3f9.png\" \/> M1<\/td>\n<td><img decoding=\"async\" style=\"height: 20px; width: 20px;\" src=\"https:\/\/www.azur-scenic.com\/wp-content\/uploads\/csm_icon-flag-france_3304e5e3f9.png\" \/> M1<\/td>\n<\/tr>\n<tr>\n<td><strong>Composi\u00e7\u00e3o<\/strong><\/td>\n<td>&nbsp;<\/td>\n<td>&nbsp;<\/td>\n<\/tr>\n<tr>\n<td>Face:<\/td>\n<td>Veludo Monte Cristo<br \/>\n(achatado)<\/td>\n<td>Veludo Monte Cristo<br \/>\n(achatado)<\/td>\n<\/tr>\n<tr>\n<td>Forro:<\/td>\n<td>Opaco 3000<br \/>\n(achatado)<\/td>\n<td>Opaco 3000<br \/>\n(achatado)<\/td>\n<\/tr>\n<tr>\n<td>Camadas interm\u00e9dias:<\/td>\n<td>Kalmuk (2 camadas)<br \/>\nPVC (1 camada)<\/td>\n<td>Kalmuk (3 camadas)<br \/>\nPVC (2 camadas)<\/td>\n<\/tr>\n<tr>\n<td colspan=\"2\" rowspan=\"1\"><strong>Propriedades ac\u00fasticas<\/strong><\/td>\n<td>&nbsp;<\/td>\n<\/tr>\n<tr>\n<td>Isolamento ponderado estimado:<\/td>\n<td>\u00b1 16 dB<\/td>\n<td>\u00b1 18 dB<\/td>\n<\/tr>\n<tr>\n<td>Isolamento altas frequ\u00eancias:<\/td>\n<td>\u00b1 45 dB<\/td>\n<td>\u00b1 60 dB<\/td>\n<\/tr>\n<tr>\n<td>Isolamento baixas frequ\u00eancias:<\/td>\n<td>\u00b1 10 dB<\/td>\n<td>\u00b1 12 dB<\/td>\n<\/tr>\n<\/tbody>\n<\/table>\n<p>*Gr\u00e1ficos e resultados baseados em testes internos<\/p>\n","protected":false},"excerpt":{"rendered":"<p><strong>O ru\u00eddo da vizinhan\u00e7a est\u00e1 a interferir com o seu local?<br \/>\nProcura limitar a propaga\u00e7\u00e3o do som que origina?<br \/>\nQuer compartimentar uma sala em duas \u00e1reas distintas?<\/strong><\/p>\n<p>Para criar facilmente <strong><span style=\"color: #f88523;\">espa\u00e7os delimitados<\/span><\/strong>, tanto <strong><span style=\"color: #f88523;\">f\u00f3nicos<\/span><\/strong> como <strong><span style=\"color: #f88523;\">visuais<\/span><\/strong>, escolha as nossas solu\u00e7\u00f5es de cortinas ac\u00fasticas multi-camadas &#8220;chave na m\u00e3o&#8221;. Ao alternar e combinar de forma ideal materiais absorventes e isolantes, estes asseguram o <strong><span style=\"color: #f88523;\">melhor conforto sonoro poss\u00edvel<\/span><\/strong>!<\/p>\n<p>Dispon\u00edvel em 2 vers\u00f5es (<strong><span style=\"color: #f88523;\">5 ou 7 camadas<\/span><\/strong>), com um aspeto muito cuidado e um acabamento <strong><span style=\"color: #f88523;\">liso<\/span><\/strong>, classe <strong><span style=\"color: #f88523;\">M1<\/span><\/strong>de rea\u00e7\u00e3o ao fogo (ign\u00edfugo), <strong><span style=\"color: #f88523;\">f\u00e1cil de instalar<\/span><\/strong>, o Soundproof Cloth ser\u00e1 o seu c\u00famplice ideal para resolver todos os seus problemas de <strong><span style=\"color: #f88523;\">isolamento ac\u00fastico<\/span><\/strong>.<\/p>\n<table class=\"table\">\n<tbody>\n<tr>\n<th style=\"width: 119px;\">\u00a0<\/th>\n<th style=\"text-align: left; width: 109px;\">Soundproof Cloth 5<\/th>\n<th style=\"text-align: left; width: 108px;\">Soundproof Cloth 7<\/th>\n<\/tr>\n<tr>\n<td style=\"width: 119px;\"><strong>Dimens\u00f5es<\/strong><\/td>\n<td style=\"width: 109px;\">\u00c0 medida<\/td>\n<td style=\"width: 108px;\">\u00c0 medida<\/td>\n<\/tr>\n<tr>\n<td style=\"width: 119px;\"><strong>Classifica\u00e7\u00e3o de rea\u00e7\u00e3o ao fogo<\/strong><\/td>\n<td style=\"width: 109px;\"><img decoding=\"async\" style=\"height: 20px; width: 20px;\" src=\"https:\/\/www.azur-scenic.com\/wp-content\/uploads\/csm_icon-flag-france_3304e5e3f9.png\" \/> M1<\/td>\n<td style=\"width: 108px;\"><img decoding=\"async\" style=\"height: 20px; width: 20px;\" src=\"https:\/\/www.azur-scenic.com\/wp-content\/uploads\/csm_icon-flag-france_3304e5e3f9.png\" \/> M1<\/td>\n<\/tr>\n<tr>\n<td style=\"width: 119px;\"><strong>Peso<\/strong><\/td>\n<td style=\"width: 109px;\">2500 g\/m2<\/td>\n<td style=\"width: 108px;\">3500 g\/m2<\/td>\n<\/tr>\n<\/tbody>\n<\/table>\n","protected":false},"featured_media":7684,"template":"","meta":{"_acf_changed":false},"product_brand":[],"product_cat":[921,984,1307],"product_tag":[],"class_list":{"0":"post-17627","1":"product","2":"type-product","3":"status-publish","4":"has-post-thumbnail","6":"product_cat-todos-os-produtos","7":"product_cat-solucoes-acusticas","8":"product_cat-isolamento-acustico","9":"pa_couleurs-003-negro","10":"pa_couleurs-100-cinzento","11":"pa_couleurs-250-vermelhao","12":"pa_couleurs-292-opera-cor-de-vinho","13":"pa_couleurs-790-marinho","14":"pa_groupes-de-couleurs-azuis","15":"pa_groupes-de-couleurs-diversos","16":"pa_groupes-de-couleurs-cinzento","17":"pa_groupes-de-couleurs-vermelhos","18":"pa_textiles-classificacao-de-reacao-ao-fogo-ignifugo","19":"pa_textiles-isolante-acustico","20":"pa_textiles-ocultante-blackout-e-ou-obscurecedor","22":"first","23":"instock","24":"shipping-taxable","25":"purchasable","26":"product-type-variable"},"acf":[],"yoast_head":"<!-- This site is optimized with the Yoast SEO plugin v27.3 - https:\/\/yoast.com\/product\/yoast-seo-wordpress\/ -->\n<title>Soundproof Cloth - Azur Scenic<\/title>\n<meta name=\"robots\" content=\"index, follow, max-snippet:-1, max-image-preview:large, max-video-preview:-1\" \/>\n<link rel=\"canonical\" href=\"https:\/\/www.azur-scenic.com\/pt-pt\/produto\/soundproof-cloth\/\" \/>\n<meta property=\"og:locale\" content=\"pt_PT\" \/>\n<meta property=\"og:type\" content=\"article\" \/>\n<meta property=\"og:title\" content=\"Soundproof Cloth - Azur Scenic\" \/>\n<meta property=\"og:description\" content=\"O ru\u00eddo da vizinhan\u00e7a est\u00e1 a interferir com o seu local? Procura limitar a propaga\u00e7\u00e3o do som que origina? Quer compartimentar uma sala em duas \u00e1reas distintas? Para criar facilmente espa\u00e7os delimitados, tanto f\u00f3nicos como visuais, escolha as nossas solu\u00e7\u00f5es de cortinas ac\u00fasticas multi-camadas &quot;chave na m\u00e3o&quot;. Ao alternar e combinar de forma ideal materiais absorventes e isolantes, estes asseguram o melhor conforto sonoro poss\u00edvel! Dispon\u00edvel em 2 vers\u00f5es (5 ou 7 camadas), com um aspeto muito cuidado e um acabamento liso, classe M1de rea\u00e7\u00e3o ao fogo (ign\u00edfugo), f\u00e1cil de instalar, o Soundproof Cloth ser\u00e1 o seu c\u00famplice ideal para resolver todos os seus problemas de isolamento ac\u00fastico.    \u00a0 Soundproof Cloth 5 Soundproof Cloth 7   Dimens\u00f5es \u00c0 medida \u00c0 medida   Classifica\u00e7\u00e3o de rea\u00e7\u00e3o ao fogo  M1  M1   Peso 2500 g\/m2 3500 g\/m2\" \/>\n<meta property=\"og:url\" content=\"https:\/\/www.azur-scenic.com\/pt-pt\/produto\/soundproof-cloth\/\" \/>\n<meta property=\"og:site_name\" content=\"Azur Scenic\" \/>\n<meta property=\"article:modified_time\" content=\"2024-11-14T12:57:09+00:00\" \/>\n<meta property=\"og:image\" content=\"https:\/\/www.azur-scenic.com\/wp-content\/uploads\/6e8ceb455f65832473e30025d03f0c3b.png\" \/>\n\t<meta property=\"og:image:width\" content=\"800\" \/>\n\t<meta property=\"og:image:height\" content=\"534\" \/>\n\t<meta property=\"og:image:type\" content=\"image\/png\" \/>\n<meta name=\"twitter:card\" content=\"summary_large_image\" \/>\n<meta name=\"twitter:label1\" content=\"Tempo estimado de leitura\" \/>\n\t<meta name=\"twitter:data1\" content=\"2 minutos\" \/>\n<script type=\"application\/ld+json\" class=\"yoast-schema-graph\">{\"@context\":\"https:\\\/\\\/schema.org\",\"@graph\":[{\"@type\":\"WebPage\",\"@id\":\"https:\\\/\\\/www.azur-scenic.com\\\/pt-pt\\\/produto\\\/soundproof-cloth\\\/\",\"url\":\"https:\\\/\\\/www.azur-scenic.com\\\/pt-pt\\\/produto\\\/soundproof-cloth\\\/\",\"name\":\"Soundproof Cloth - Azur Scenic\",\"isPartOf\":{\"@id\":\"https:\\\/\\\/www.azur-scenic.com\\\/pt-pt\\\/#website\"},\"primaryImageOfPage\":{\"@id\":\"https:\\\/\\\/www.azur-scenic.com\\\/pt-pt\\\/produto\\\/soundproof-cloth\\\/#primaryimage\"},\"image\":{\"@id\":\"https:\\\/\\\/www.azur-scenic.com\\\/pt-pt\\\/produto\\\/soundproof-cloth\\\/#primaryimage\"},\"thumbnailUrl\":\"https:\\\/\\\/www.azur-scenic.com\\\/wp-content\\\/uploads\\\/6e8ceb455f65832473e30025d03f0c3b.png\",\"datePublished\":\"2022-10-04T07:27:44+00:00\",\"dateModified\":\"2024-11-14T12:57:09+00:00\",\"breadcrumb\":{\"@id\":\"https:\\\/\\\/www.azur-scenic.com\\\/pt-pt\\\/produto\\\/soundproof-cloth\\\/#breadcrumb\"},\"inLanguage\":\"pt-PT\",\"potentialAction\":[{\"@type\":\"ReadAction\",\"target\":[\"https:\\\/\\\/www.azur-scenic.com\\\/pt-pt\\\/produto\\\/soundproof-cloth\\\/\"]}]},{\"@type\":\"ImageObject\",\"inLanguage\":\"pt-PT\",\"@id\":\"https:\\\/\\\/www.azur-scenic.com\\\/pt-pt\\\/produto\\\/soundproof-cloth\\\/#primaryimage\",\"url\":\"https:\\\/\\\/www.azur-scenic.com\\\/wp-content\\\/uploads\\\/6e8ceb455f65832473e30025d03f0c3b.png\",\"contentUrl\":\"https:\\\/\\\/www.azur-scenic.com\\\/wp-content\\\/uploads\\\/6e8ceb455f65832473e30025d03f0c3b.png\",\"width\":800,\"height\":534},{\"@type\":\"BreadcrumbList\",\"@id\":\"https:\\\/\\\/www.azur-scenic.com\\\/pt-pt\\\/produto\\\/soundproof-cloth\\\/#breadcrumb\",\"itemListElement\":[{\"@type\":\"ListItem\",\"position\":1,\"name\":\"Accueil\",\"item\":\"https:\\\/\\\/www.azur-scenic.com\\\/pt-pt\\\/\"},{\"@type\":\"ListItem\",\"position\":2,\"name\":\"Produits\",\"item\":\"https:\\\/\\\/www.azur-scenic.com\\\/pt-pt\\\/?page_id=21439\"},{\"@type\":\"ListItem\",\"position\":3,\"name\":\"Soundproof Cloth\"}]},{\"@type\":\"WebSite\",\"@id\":\"https:\\\/\\\/www.azur-scenic.com\\\/pt-pt\\\/#website\",\"url\":\"https:\\\/\\\/www.azur-scenic.com\\\/pt-pt\\\/\",\"name\":\"Azur Scenic\",\"description\":\"Sp\u00e9cialiste de l\u2019\u00e9quipement sc\u00e9nique et de la d\u00e9coration int\u00e9rieure et \u00e9v\u00e9nementielle !\",\"publisher\":{\"@id\":\"https:\\\/\\\/www.azur-scenic.com\\\/pt-pt\\\/#organization\"},\"potentialAction\":[{\"@type\":\"SearchAction\",\"target\":{\"@type\":\"EntryPoint\",\"urlTemplate\":\"https:\\\/\\\/www.azur-scenic.com\\\/pt-pt\\\/?s={search_term_string}\"},\"query-input\":{\"@type\":\"PropertyValueSpecification\",\"valueRequired\":true,\"valueName\":\"search_term_string\"}}],\"inLanguage\":\"pt-PT\"},{\"@type\":\"Organization\",\"@id\":\"https:\\\/\\\/www.azur-scenic.com\\\/pt-pt\\\/#organization\",\"name\":\"AZUR SCENIC\",\"url\":\"https:\\\/\\\/www.azur-scenic.com\\\/pt-pt\\\/\",\"logo\":{\"@type\":\"ImageObject\",\"inLanguage\":\"pt-PT\",\"@id\":\"https:\\\/\\\/www.azur-scenic.com\\\/pt-pt\\\/#\\\/schema\\\/logo\\\/image\\\/\",\"url\":\"https:\\\/\\\/www.azur-scenic.com\\\/wp-content\\\/uploads\\\/2022\\\/09\\\/LOGO-AZUR-SCENIC-Fusion-web-236x64-1.jpg\",\"contentUrl\":\"https:\\\/\\\/www.azur-scenic.com\\\/wp-content\\\/uploads\\\/2022\\\/09\\\/LOGO-AZUR-SCENIC-Fusion-web-236x64-1.jpg\",\"width\":236,\"height\":64,\"caption\":\"AZUR SCENIC\"},\"image\":{\"@id\":\"https:\\\/\\\/www.azur-scenic.com\\\/pt-pt\\\/#\\\/schema\\\/logo\\\/image\\\/\"},\"sameAs\":[\"https:\\\/\\\/www.youtube.com\\\/channel\\\/UCPWM2mGPVUt4nYhNlm71WOA\",\"https:\\\/\\\/www.linkedin.com\\\/company\\\/33237605\\\/admin\\\/feed\\\/posts\\\/\"]}]}<\/script>\n<!-- \/ Yoast SEO plugin. -->","yoast_head_json":{"title":"Soundproof Cloth - Azur Scenic","robots":{"index":"index","follow":"follow","max-snippet":"max-snippet:-1","max-image-preview":"max-image-preview:large","max-video-preview":"max-video-preview:-1"},"canonical":"https:\/\/www.azur-scenic.com\/pt-pt\/produto\/soundproof-cloth\/","og_locale":"pt_PT","og_type":"article","og_title":"Soundproof Cloth - Azur Scenic","og_description":"O ru\u00eddo da vizinhan\u00e7a est\u00e1 a interferir com o seu local? Procura limitar a propaga\u00e7\u00e3o do som que origina? Quer compartimentar uma sala em duas \u00e1reas distintas? Para criar facilmente espa\u00e7os delimitados, tanto f\u00f3nicos como visuais, escolha as nossas solu\u00e7\u00f5es de cortinas ac\u00fasticas multi-camadas \"chave na m\u00e3o\". Ao alternar e combinar de forma ideal materiais absorventes e isolantes, estes asseguram o melhor conforto sonoro poss\u00edvel! Dispon\u00edvel em 2 vers\u00f5es (5 ou 7 camadas), com um aspeto muito cuidado e um acabamento liso, classe M1de rea\u00e7\u00e3o ao fogo (ign\u00edfugo), f\u00e1cil de instalar, o Soundproof Cloth ser\u00e1 o seu c\u00famplice ideal para resolver todos os seus problemas de isolamento ac\u00fastico.    \u00a0 Soundproof Cloth 5 Soundproof Cloth 7   Dimens\u00f5es \u00c0 medida \u00c0 medida   Classifica\u00e7\u00e3o de rea\u00e7\u00e3o ao fogo  M1  M1   Peso 2500 g\/m2 3500 g\/m2","og_url":"https:\/\/www.azur-scenic.com\/pt-pt\/produto\/soundproof-cloth\/","og_site_name":"Azur Scenic","article_modified_time":"2024-11-14T12:57:09+00:00","og_image":[{"width":800,"height":534,"url":"https:\/\/www.azur-scenic.com\/wp-content\/uploads\/6e8ceb455f65832473e30025d03f0c3b.png","type":"image\/png"}],"twitter_card":"summary_large_image","twitter_misc":{"Tempo estimado de leitura":"2 minutos"},"schema":{"@context":"https:\/\/schema.org","@graph":[{"@type":"WebPage","@id":"https:\/\/www.azur-scenic.com\/pt-pt\/produto\/soundproof-cloth\/","url":"https:\/\/www.azur-scenic.com\/pt-pt\/produto\/soundproof-cloth\/","name":"Soundproof Cloth - Azur Scenic","isPartOf":{"@id":"https:\/\/www.azur-scenic.com\/pt-pt\/#website"},"primaryImageOfPage":{"@id":"https:\/\/www.azur-scenic.com\/pt-pt\/produto\/soundproof-cloth\/#primaryimage"},"image":{"@id":"https:\/\/www.azur-scenic.com\/pt-pt\/produto\/soundproof-cloth\/#primaryimage"},"thumbnailUrl":"https:\/\/www.azur-scenic.com\/wp-content\/uploads\/6e8ceb455f65832473e30025d03f0c3b.png","datePublished":"2022-10-04T07:27:44+00:00","dateModified":"2024-11-14T12:57:09+00:00","breadcrumb":{"@id":"https:\/\/www.azur-scenic.com\/pt-pt\/produto\/soundproof-cloth\/#breadcrumb"},"inLanguage":"pt-PT","potentialAction":[{"@type":"ReadAction","target":["https:\/\/www.azur-scenic.com\/pt-pt\/produto\/soundproof-cloth\/"]}]},{"@type":"ImageObject","inLanguage":"pt-PT","@id":"https:\/\/www.azur-scenic.com\/pt-pt\/produto\/soundproof-cloth\/#primaryimage","url":"https:\/\/www.azur-scenic.com\/wp-content\/uploads\/6e8ceb455f65832473e30025d03f0c3b.png","contentUrl":"https:\/\/www.azur-scenic.com\/wp-content\/uploads\/6e8ceb455f65832473e30025d03f0c3b.png","width":800,"height":534},{"@type":"BreadcrumbList","@id":"https:\/\/www.azur-scenic.com\/pt-pt\/produto\/soundproof-cloth\/#breadcrumb","itemListElement":[{"@type":"ListItem","position":1,"name":"Accueil","item":"https:\/\/www.azur-scenic.com\/pt-pt\/"},{"@type":"ListItem","position":2,"name":"Produits","item":"https:\/\/www.azur-scenic.com\/pt-pt\/?page_id=21439"},{"@type":"ListItem","position":3,"name":"Soundproof Cloth"}]},{"@type":"WebSite","@id":"https:\/\/www.azur-scenic.com\/pt-pt\/#website","url":"https:\/\/www.azur-scenic.com\/pt-pt\/","name":"Azur Scenic","description":"Sp\u00e9cialiste de l\u2019\u00e9quipement sc\u00e9nique et de la d\u00e9coration int\u00e9rieure et \u00e9v\u00e9nementielle !","publisher":{"@id":"https:\/\/www.azur-scenic.com\/pt-pt\/#organization"},"potentialAction":[{"@type":"SearchAction","target":{"@type":"EntryPoint","urlTemplate":"https:\/\/www.azur-scenic.com\/pt-pt\/?s={search_term_string}"},"query-input":{"@type":"PropertyValueSpecification","valueRequired":true,"valueName":"search_term_string"}}],"inLanguage":"pt-PT"},{"@type":"Organization","@id":"https:\/\/www.azur-scenic.com\/pt-pt\/#organization","name":"AZUR SCENIC","url":"https:\/\/www.azur-scenic.com\/pt-pt\/","logo":{"@type":"ImageObject","inLanguage":"pt-PT","@id":"https:\/\/www.azur-scenic.com\/pt-pt\/#\/schema\/logo\/image\/","url":"https:\/\/www.azur-scenic.com\/wp-content\/uploads\/2022\/09\/LOGO-AZUR-SCENIC-Fusion-web-236x64-1.jpg","contentUrl":"https:\/\/www.azur-scenic.com\/wp-content\/uploads\/2022\/09\/LOGO-AZUR-SCENIC-Fusion-web-236x64-1.jpg","width":236,"height":64,"caption":"AZUR SCENIC"},"image":{"@id":"https:\/\/www.azur-scenic.com\/pt-pt\/#\/schema\/logo\/image\/"},"sameAs":["https:\/\/www.youtube.com\/channel\/UCPWM2mGPVUt4nYhNlm71WOA","https:\/\/www.linkedin.com\/company\/33237605\/admin\/feed\/posts\/"]}]}},"_links":{"self":[{"href":"https:\/\/www.azur-scenic.com\/pt-pt\/wp-json\/wp\/v2\/product\/17627","targetHints":{"allow":["GET"]}}],"collection":[{"href":"https:\/\/www.azur-scenic.com\/pt-pt\/wp-json\/wp\/v2\/product"}],"about":[{"href":"https:\/\/www.azur-scenic.com\/pt-pt\/wp-json\/wp\/v2\/types\/product"}],"wp:featuredmedia":[{"embeddable":true,"href":"https:\/\/www.azur-scenic.com\/pt-pt\/wp-json\/wp\/v2\/media\/7684"}],"wp:attachment":[{"href":"https:\/\/www.azur-scenic.com\/pt-pt\/wp-json\/wp\/v2\/media?parent=17627"}],"wp:term":[{"taxonomy":"product_brand","embeddable":true,"href":"https:\/\/www.azur-scenic.com\/pt-pt\/wp-json\/wp\/v2\/product_brand?post=17627"},{"taxonomy":"product_cat","embeddable":true,"href":"https:\/\/www.azur-scenic.com\/pt-pt\/wp-json\/wp\/v2\/product_cat?post=17627"},{"taxonomy":"product_tag","embeddable":true,"href":"https:\/\/www.azur-scenic.com\/pt-pt\/wp-json\/wp\/v2\/product_tag?post=17627"}],"curies":[{"name":"wp","href":"https:\/\/api.w.org\/{rel}","templated":true}]}}