{"id":17649,"date":"2022-10-04T07:27:36","date_gmt":"2022-10-04T07:27:36","guid":{"rendered":"https:\/\/www.azur-scenic.com\/produit\/tulle-gobelin\/"},"modified":"2023-08-02T13:21:23","modified_gmt":"2023-08-02T13:21:23","slug":"tule-gobelin","status":"publish","type":"product","link":"https:\/\/www.azur-scenic.com\/pt-pt\/produto\/tule-gobelin\/","title":{"rendered":"Tule Gobelin"},"content":{"rendered":"<table>\n<thead>\n<tr>\n<th style=\"width: 170px;\">Dados t\u00e9cnicos<\/th>\n<th>Valor<\/th>\n<th>Coment\u00e1rio<\/th>\n<\/tr>\n<\/thead>\n<tbody>\n<tr>\n<td style=\"vertical-align: top;\">Tamanho da malha<\/td>\n<td style=\"vertical-align: top;\">4 x 2 mm<\/td>\n<td>Malha \u201cdente de tubar\u00e3o\u201d tecida com dois fios<\/td>\n<\/tr>\n<tr>\n<td style=\"vertical-align: top;\">Largura<\/td>\n<td style=\"vertical-align: top;\">475 cm<br \/>\n640 cm<br \/>\n1100 cm<\/td>\n<td>(Ref. 1415 &#8211; at\u00e9 esgotar)<br \/>\nRef. 1404 a 1405<br \/>\nRef. 1401 a 1403<\/td>\n<\/tr>\n<tr>\n<td style=\"vertical-align: top;\">Peso<\/td>\n<td style=\"vertical-align: top;\">90 g\/m\u00b2<\/td>\n<td>\u00a0<\/td>\n<\/tr>\n<tr>\n<td style=\"vertical-align: top;\">Espessura<\/td>\n<td style=\"vertical-align: top;\">1 mm<\/td>\n<td>\u00a0<\/td>\n<\/tr>\n<tr>\n<td style=\"vertical-align: top;\">Classifica\u00e7\u00e3o de rea\u00e7\u00e3o ao fogo<\/td>\n<td style=\"vertical-align: top;\"><img decoding=\"async\" style=\"height: 20px; width: 20px;\" src=\"https:\/\/www.azur-scenic.com\/wp-content\/uploads\/icon-flag-france.png?1542281963\" \/> M1<br \/>\n<img decoding=\"async\" style=\"height: 20px; width: 20px;\" src=\"https:\/\/www.azur-scenic.com\/wp-content\/uploads\/icon-flag-uk.png\" \/> Tipo B<\/td>\n<td>Norma: NF P 92-503-507<br \/>\nNorma: BS 5867-2<\/td>\n<\/tr>\n<tr>\n<td style=\"vertical-align: top;\">Composi\u00e7\u00e3o<\/td>\n<td style=\"vertical-align: top;\">95% Algod\u00e3o,<br \/>\n5% Poli\u00e9ster<\/td>\n<td>Ign\u00edfugo<\/td>\n<\/tr>\n<tr>\n<td style=\"vertical-align: top;\">Comprimento do rolo<\/td>\n<td style=\"vertical-align: top;\">\u00b1 50 a 60 m<br \/>\nDobrado, em fardo<\/td>\n<td style=\"vertical-align: top;\">Possibilidade de venda a retalho<\/td>\n<\/tr>\n<\/tbody>\n<\/table>\n","protected":false},"excerpt":{"rendered":"<p>Se sombra de d\u00favidas, \u00e9 o <strong><span style=\"color: #f88523;\">tule c\u00e9nico mais vendido<\/span><\/strong>, fabricado numa malha retangular designada &#8220;dente de tubar\u00e3o&#8221;, ideal para os <strong><span style=\"color: #f88523;\">efeitos de apari\u00e7\u00e3o\/desapari\u00e7\u00e3o<\/span><\/strong> procuradas em teatro.<br \/>\nJogando com a ilumina\u00e7\u00e3o, \u00e9 poss\u00edvel fazer aparecer os elementos situados na parte de tr\u00e1s do tule (ilumina\u00e7\u00e3o traseira tornando o tule transparente) ou faz\u00ea-los desaparecer completamente da vista do p\u00fablico (ilumina\u00e7\u00e3o frontal e\/ou lateral tornando o tule opaco).<br \/>\nTamb\u00e9m pode ser usado como suporte alternativo para <strong><span style=\"color: #f88523;\">proje\u00e7\u00e3o<\/span><\/strong> e <span style=\"color: #f88523;\"><strong>retroproje\u00e7\u00e3o<\/strong><\/span>, e pode ser usado duplamente para criar <strong><span style=\"color: #f88523;\">&#8220;efeitos de moir\u00e9&#8221;<\/span><\/strong> (reflexo ondulado).<br \/>\nEste tule permanece muito est\u00e1vel quando esticado, sendo ideal para <span style=\"color: #f88523;\"><strong>pintar<\/strong><\/span> e para criar decora\u00e7\u00f5es e cen\u00e1rios imaginativos.<br \/>\nComo a maioria dos tules, permite a passagem do som com perfeita <span style=\"color: #f88523;\"><strong>transpar\u00eancia ac\u00fastica<\/strong><\/span>, podendo assim ser instalado, sem qualquer problema, diante de equipamentos de difus\u00e3o sonora.<br \/>\nIgn\u00edfugo <span style=\"color: #f88523;\"><strong>M1<\/strong><\/span> e tecido em m\u00faltiplas larguras, algumas das quais <span style=\"color: #f88523;\"><strong>extremamente largas<\/strong><\/span>, este tule pode ser usado para cobrir grandes superf\u00edcies sem necessidade de costuras e portanto, ser tamb\u00e9m usado como teto extens\u00edvel em grandes salas de exposi\u00e7\u00e3o.<br \/>\nEm algod\u00e3o ign\u00edfugo, este tule \u00e9 recomendado para utiliza\u00e7\u00e3o abrigado de intemp\u00e9ries.<\/p>\n<p>\u00a0<\/p>\n<table class=\"table\">\n<tbody>\n<tr>\n<td><strong>Largura<\/strong>: 475 cm, 640 cm, 1100 cm<\/td>\n<td><strong>Peso<\/strong>: 90 g\/m\u00b2<\/td>\n<\/tr>\n<tr>\n<td><strong>Classifica\u00e7\u00e3o de rea\u00e7\u00e3o ao fogo<\/strong>: <img decoding=\"async\" style=\"height: 20px; width: 20px;\" src=\"https:\/\/www.azur-scenic.com\/wp-content\/uploads\/icon-flag-france.png?1542281963\" \/> M1 <img decoding=\"async\" style=\"height: 20px; width: 20px;\" src=\"https:\/\/www.azur-scenic.com\/wp-content\/uploads\/icon-flag-uk.png\" \/> Tipo B<\/td>\n<td><strong>Composi\u00e7\u00e3o<\/strong>: 95% Algod\u00e3o,<br \/>\n5% Poli\u00e9ster<\/td>\n<\/tr>\n<\/tbody>\n<\/table>\n","protected":false},"featured_media":13880,"template":"","meta":{"_acf_changed":false},"product_brand":[],"product_cat":[921,916,1134,984,1135,920],"product_tag":[],"class_list":{"0":"post-17649","1":"product","2":"type-product","3":"status-publish","4":"has-post-thumbnail","6":"product_cat-todos-os-produtos","7":"product_cat-texteis-cenicos-e-para-eventos","8":"product_cat-tules","9":"product_cat-solucoes-acusticas","10":"product_cat-transparencia-acustica","11":"product_cat-teatro","12":"pa_couleurs-002-es","13":"pa_couleurs-003-es","14":"pa_couleurs-100-es","15":"pa_groupes-de-couleurs-branco","16":"pa_groupes-de-couleurs-cinzento","17":"pa_groupes-de-couleurs-negro","18":"pa_textiles-classificacao-de-reacao-ao-fogo-ignifugo","19":"pa_textiles-efeitos-especiais","20":"pa_textiles-projecao-frontal","21":"pa_textiles-retroprojecao","22":"pa_textiles-transparencia-acustica","23":"pa_textiles-transparentes-e-translucidos","24":"pa_textiles-larguras-muito-grandes","26":"first","27":"instock","28":"shipping-taxable","29":"purchasable","30":"product-type-variable"},"acf":[],"yoast_head":"<!-- This site is optimized with the Yoast SEO plugin v27.3 - https:\/\/yoast.com\/product\/yoast-seo-wordpress\/ -->\n<title>Tule Gobelin - Azur Scenic<\/title>\n<meta name=\"robots\" content=\"index, follow, max-snippet:-1, max-image-preview:large, max-video-preview:-1\" \/>\n<link rel=\"canonical\" href=\"https:\/\/www.azur-scenic.com\/pt-pt\/produto\/tule-gobelin\/\" \/>\n<meta property=\"og:locale\" content=\"pt_PT\" \/>\n<meta property=\"og:type\" content=\"article\" \/>\n<meta property=\"og:title\" content=\"Tule Gobelin - Azur Scenic\" \/>\n<meta property=\"og:description\" content=\"Se sombra de d\u00favidas, \u00e9 o tule c\u00e9nico mais vendido, fabricado numa malha retangular designada &quot;dente de tubar\u00e3o&quot;, ideal para os efeitos de apari\u00e7\u00e3o\/desapari\u00e7\u00e3o procuradas em teatro. Jogando com a ilumina\u00e7\u00e3o, \u00e9 poss\u00edvel fazer aparecer os elementos situados na parte de tr\u00e1s do tule (ilumina\u00e7\u00e3o traseira tornando o tule transparente) ou faz\u00ea-los desaparecer completamente da vista do p\u00fablico (ilumina\u00e7\u00e3o frontal e\/ou lateral tornando o tule opaco). Tamb\u00e9m pode ser usado como suporte alternativo para proje\u00e7\u00e3o e retroproje\u00e7\u00e3o, e pode ser usado duplamente para criar &quot;efeitos de moir\u00e9&quot; (reflexo ondulado). Este tule permanece muito est\u00e1vel quando esticado, sendo ideal para pintar e para criar decora\u00e7\u00f5es e cen\u00e1rios imaginativos. Como a maioria dos tules, permite a passagem do som com perfeita transpar\u00eancia ac\u00fastica, podendo assim ser instalado, sem qualquer problema, diante de equipamentos de difus\u00e3o sonora. Ign\u00edfugo M1 e tecido em m\u00faltiplas larguras, algumas das quais extremamente largas, este tule pode ser usado para cobrir grandes superf\u00edcies sem necessidade de costuras e portanto, ser tamb\u00e9m usado como teto extens\u00edvel em grandes salas de exposi\u00e7\u00e3o. Em algod\u00e3o ign\u00edfugo, este tule \u00e9 recomendado para utiliza\u00e7\u00e3o abrigado de intemp\u00e9ries. \u00a0  Largura: 475 cm, 640 cm, 1100 cm Peso: 90 g\/m\u00b2  Classifica\u00e7\u00e3o de rea\u00e7\u00e3o ao fogo: M1 Tipo B Composi\u00e7\u00e3o: 95% Algod\u00e3o, 5% Poli\u00e9ster\" \/>\n<meta property=\"og:url\" content=\"https:\/\/www.azur-scenic.com\/pt-pt\/produto\/tule-gobelin\/\" \/>\n<meta property=\"og:site_name\" content=\"Azur Scenic\" \/>\n<meta property=\"article:modified_time\" content=\"2023-08-02T13:21:23+00:00\" \/>\n<meta property=\"og:image\" content=\"https:\/\/www.azur-scenic.com\/wp-content\/uploads\/GOBELIN-NOIR-scaled.jpg\" \/>\n\t<meta property=\"og:image:width\" content=\"2560\" \/>\n\t<meta property=\"og:image:height\" content=\"2560\" \/>\n\t<meta property=\"og:image:type\" content=\"image\/jpeg\" \/>\n<meta name=\"twitter:card\" content=\"summary_large_image\" \/>\n<script type=\"application\/ld+json\" class=\"yoast-schema-graph\">{\"@context\":\"https:\\\/\\\/schema.org\",\"@graph\":[{\"@type\":\"WebPage\",\"@id\":\"https:\\\/\\\/www.azur-scenic.com\\\/pt-pt\\\/produto\\\/tule-gobelin\\\/\",\"url\":\"https:\\\/\\\/www.azur-scenic.com\\\/pt-pt\\\/produto\\\/tule-gobelin\\\/\",\"name\":\"Tule Gobelin - Azur Scenic\",\"isPartOf\":{\"@id\":\"https:\\\/\\\/www.azur-scenic.com\\\/pt-pt\\\/#website\"},\"primaryImageOfPage\":{\"@id\":\"https:\\\/\\\/www.azur-scenic.com\\\/pt-pt\\\/produto\\\/tule-gobelin\\\/#primaryimage\"},\"image\":{\"@id\":\"https:\\\/\\\/www.azur-scenic.com\\\/pt-pt\\\/produto\\\/tule-gobelin\\\/#primaryimage\"},\"thumbnailUrl\":\"https:\\\/\\\/www.azur-scenic.com\\\/wp-content\\\/uploads\\\/GOBELIN-NOIR-scaled.jpg\",\"datePublished\":\"2022-10-04T07:27:36+00:00\",\"dateModified\":\"2023-08-02T13:21:23+00:00\",\"breadcrumb\":{\"@id\":\"https:\\\/\\\/www.azur-scenic.com\\\/pt-pt\\\/produto\\\/tule-gobelin\\\/#breadcrumb\"},\"inLanguage\":\"pt-PT\",\"potentialAction\":[{\"@type\":\"ReadAction\",\"target\":[\"https:\\\/\\\/www.azur-scenic.com\\\/pt-pt\\\/produto\\\/tule-gobelin\\\/\"]}]},{\"@type\":\"ImageObject\",\"inLanguage\":\"pt-PT\",\"@id\":\"https:\\\/\\\/www.azur-scenic.com\\\/pt-pt\\\/produto\\\/tule-gobelin\\\/#primaryimage\",\"url\":\"https:\\\/\\\/www.azur-scenic.com\\\/wp-content\\\/uploads\\\/GOBELIN-NOIR-scaled.jpg\",\"contentUrl\":\"https:\\\/\\\/www.azur-scenic.com\\\/wp-content\\\/uploads\\\/GOBELIN-NOIR-scaled.jpg\",\"width\":2560,\"height\":2560,\"caption\":\"TULLE GOBELIN NOIR\"},{\"@type\":\"BreadcrumbList\",\"@id\":\"https:\\\/\\\/www.azur-scenic.com\\\/pt-pt\\\/produto\\\/tule-gobelin\\\/#breadcrumb\",\"itemListElement\":[{\"@type\":\"ListItem\",\"position\":1,\"name\":\"Accueil\",\"item\":\"https:\\\/\\\/www.azur-scenic.com\\\/pt-pt\\\/\"},{\"@type\":\"ListItem\",\"position\":2,\"name\":\"Produits\",\"item\":\"https:\\\/\\\/www.azur-scenic.com\\\/pt-pt\\\/?page_id=21439\"},{\"@type\":\"ListItem\",\"position\":3,\"name\":\"Tule Gobelin\"}]},{\"@type\":\"WebSite\",\"@id\":\"https:\\\/\\\/www.azur-scenic.com\\\/pt-pt\\\/#website\",\"url\":\"https:\\\/\\\/www.azur-scenic.com\\\/pt-pt\\\/\",\"name\":\"Azur Scenic\",\"description\":\"Sp\u00e9cialiste de l\u2019\u00e9quipement sc\u00e9nique et de la d\u00e9coration int\u00e9rieure et \u00e9v\u00e9nementielle !\",\"publisher\":{\"@id\":\"https:\\\/\\\/www.azur-scenic.com\\\/pt-pt\\\/#organization\"},\"potentialAction\":[{\"@type\":\"SearchAction\",\"target\":{\"@type\":\"EntryPoint\",\"urlTemplate\":\"https:\\\/\\\/www.azur-scenic.com\\\/pt-pt\\\/?s={search_term_string}\"},\"query-input\":{\"@type\":\"PropertyValueSpecification\",\"valueRequired\":true,\"valueName\":\"search_term_string\"}}],\"inLanguage\":\"pt-PT\"},{\"@type\":\"Organization\",\"@id\":\"https:\\\/\\\/www.azur-scenic.com\\\/pt-pt\\\/#organization\",\"name\":\"AZUR SCENIC\",\"url\":\"https:\\\/\\\/www.azur-scenic.com\\\/pt-pt\\\/\",\"logo\":{\"@type\":\"ImageObject\",\"inLanguage\":\"pt-PT\",\"@id\":\"https:\\\/\\\/www.azur-scenic.com\\\/pt-pt\\\/#\\\/schema\\\/logo\\\/image\\\/\",\"url\":\"https:\\\/\\\/www.azur-scenic.com\\\/wp-content\\\/uploads\\\/2022\\\/09\\\/LOGO-AZUR-SCENIC-Fusion-web-236x64-1.jpg\",\"contentUrl\":\"https:\\\/\\\/www.azur-scenic.com\\\/wp-content\\\/uploads\\\/2022\\\/09\\\/LOGO-AZUR-SCENIC-Fusion-web-236x64-1.jpg\",\"width\":236,\"height\":64,\"caption\":\"AZUR SCENIC\"},\"image\":{\"@id\":\"https:\\\/\\\/www.azur-scenic.com\\\/pt-pt\\\/#\\\/schema\\\/logo\\\/image\\\/\"},\"sameAs\":[\"https:\\\/\\\/www.youtube.com\\\/channel\\\/UCPWM2mGPVUt4nYhNlm71WOA\",\"https:\\\/\\\/www.linkedin.com\\\/company\\\/33237605\\\/admin\\\/feed\\\/posts\\\/\"]}]}<\/script>\n<!-- \/ Yoast SEO plugin. -->","yoast_head_json":{"title":"Tule Gobelin - Azur Scenic","robots":{"index":"index","follow":"follow","max-snippet":"max-snippet:-1","max-image-preview":"max-image-preview:large","max-video-preview":"max-video-preview:-1"},"canonical":"https:\/\/www.azur-scenic.com\/pt-pt\/produto\/tule-gobelin\/","og_locale":"pt_PT","og_type":"article","og_title":"Tule Gobelin - Azur Scenic","og_description":"Se sombra de d\u00favidas, \u00e9 o tule c\u00e9nico mais vendido, fabricado numa malha retangular designada \"dente de tubar\u00e3o\", ideal para os efeitos de apari\u00e7\u00e3o\/desapari\u00e7\u00e3o procuradas em teatro. Jogando com a ilumina\u00e7\u00e3o, \u00e9 poss\u00edvel fazer aparecer os elementos situados na parte de tr\u00e1s do tule (ilumina\u00e7\u00e3o traseira tornando o tule transparente) ou faz\u00ea-los desaparecer completamente da vista do p\u00fablico (ilumina\u00e7\u00e3o frontal e\/ou lateral tornando o tule opaco). Tamb\u00e9m pode ser usado como suporte alternativo para proje\u00e7\u00e3o e retroproje\u00e7\u00e3o, e pode ser usado duplamente para criar \"efeitos de moir\u00e9\" (reflexo ondulado). Este tule permanece muito est\u00e1vel quando esticado, sendo ideal para pintar e para criar decora\u00e7\u00f5es e cen\u00e1rios imaginativos. Como a maioria dos tules, permite a passagem do som com perfeita transpar\u00eancia ac\u00fastica, podendo assim ser instalado, sem qualquer problema, diante de equipamentos de difus\u00e3o sonora. Ign\u00edfugo M1 e tecido em m\u00faltiplas larguras, algumas das quais extremamente largas, este tule pode ser usado para cobrir grandes superf\u00edcies sem necessidade de costuras e portanto, ser tamb\u00e9m usado como teto extens\u00edvel em grandes salas de exposi\u00e7\u00e3o. Em algod\u00e3o ign\u00edfugo, este tule \u00e9 recomendado para utiliza\u00e7\u00e3o abrigado de intemp\u00e9ries. \u00a0  Largura: 475 cm, 640 cm, 1100 cm Peso: 90 g\/m\u00b2  Classifica\u00e7\u00e3o de rea\u00e7\u00e3o ao fogo: M1 Tipo B Composi\u00e7\u00e3o: 95% Algod\u00e3o, 5% Poli\u00e9ster","og_url":"https:\/\/www.azur-scenic.com\/pt-pt\/produto\/tule-gobelin\/","og_site_name":"Azur Scenic","article_modified_time":"2023-08-02T13:21:23+00:00","og_image":[{"width":2560,"height":2560,"url":"https:\/\/www.azur-scenic.com\/wp-content\/uploads\/GOBELIN-NOIR-scaled.jpg","type":"image\/jpeg"}],"twitter_card":"summary_large_image","schema":{"@context":"https:\/\/schema.org","@graph":[{"@type":"WebPage","@id":"https:\/\/www.azur-scenic.com\/pt-pt\/produto\/tule-gobelin\/","url":"https:\/\/www.azur-scenic.com\/pt-pt\/produto\/tule-gobelin\/","name":"Tule Gobelin - Azur Scenic","isPartOf":{"@id":"https:\/\/www.azur-scenic.com\/pt-pt\/#website"},"primaryImageOfPage":{"@id":"https:\/\/www.azur-scenic.com\/pt-pt\/produto\/tule-gobelin\/#primaryimage"},"image":{"@id":"https:\/\/www.azur-scenic.com\/pt-pt\/produto\/tule-gobelin\/#primaryimage"},"thumbnailUrl":"https:\/\/www.azur-scenic.com\/wp-content\/uploads\/GOBELIN-NOIR-scaled.jpg","datePublished":"2022-10-04T07:27:36+00:00","dateModified":"2023-08-02T13:21:23+00:00","breadcrumb":{"@id":"https:\/\/www.azur-scenic.com\/pt-pt\/produto\/tule-gobelin\/#breadcrumb"},"inLanguage":"pt-PT","potentialAction":[{"@type":"ReadAction","target":["https:\/\/www.azur-scenic.com\/pt-pt\/produto\/tule-gobelin\/"]}]},{"@type":"ImageObject","inLanguage":"pt-PT","@id":"https:\/\/www.azur-scenic.com\/pt-pt\/produto\/tule-gobelin\/#primaryimage","url":"https:\/\/www.azur-scenic.com\/wp-content\/uploads\/GOBELIN-NOIR-scaled.jpg","contentUrl":"https:\/\/www.azur-scenic.com\/wp-content\/uploads\/GOBELIN-NOIR-scaled.jpg","width":2560,"height":2560,"caption":"TULLE GOBELIN NOIR"},{"@type":"BreadcrumbList","@id":"https:\/\/www.azur-scenic.com\/pt-pt\/produto\/tule-gobelin\/#breadcrumb","itemListElement":[{"@type":"ListItem","position":1,"name":"Accueil","item":"https:\/\/www.azur-scenic.com\/pt-pt\/"},{"@type":"ListItem","position":2,"name":"Produits","item":"https:\/\/www.azur-scenic.com\/pt-pt\/?page_id=21439"},{"@type":"ListItem","position":3,"name":"Tule Gobelin"}]},{"@type":"WebSite","@id":"https:\/\/www.azur-scenic.com\/pt-pt\/#website","url":"https:\/\/www.azur-scenic.com\/pt-pt\/","name":"Azur Scenic","description":"Sp\u00e9cialiste de l\u2019\u00e9quipement sc\u00e9nique et de la d\u00e9coration int\u00e9rieure et \u00e9v\u00e9nementielle !","publisher":{"@id":"https:\/\/www.azur-scenic.com\/pt-pt\/#organization"},"potentialAction":[{"@type":"SearchAction","target":{"@type":"EntryPoint","urlTemplate":"https:\/\/www.azur-scenic.com\/pt-pt\/?s={search_term_string}"},"query-input":{"@type":"PropertyValueSpecification","valueRequired":true,"valueName":"search_term_string"}}],"inLanguage":"pt-PT"},{"@type":"Organization","@id":"https:\/\/www.azur-scenic.com\/pt-pt\/#organization","name":"AZUR SCENIC","url":"https:\/\/www.azur-scenic.com\/pt-pt\/","logo":{"@type":"ImageObject","inLanguage":"pt-PT","@id":"https:\/\/www.azur-scenic.com\/pt-pt\/#\/schema\/logo\/image\/","url":"https:\/\/www.azur-scenic.com\/wp-content\/uploads\/2022\/09\/LOGO-AZUR-SCENIC-Fusion-web-236x64-1.jpg","contentUrl":"https:\/\/www.azur-scenic.com\/wp-content\/uploads\/2022\/09\/LOGO-AZUR-SCENIC-Fusion-web-236x64-1.jpg","width":236,"height":64,"caption":"AZUR SCENIC"},"image":{"@id":"https:\/\/www.azur-scenic.com\/pt-pt\/#\/schema\/logo\/image\/"},"sameAs":["https:\/\/www.youtube.com\/channel\/UCPWM2mGPVUt4nYhNlm71WOA","https:\/\/www.linkedin.com\/company\/33237605\/admin\/feed\/posts\/"]}]}},"_links":{"self":[{"href":"https:\/\/www.azur-scenic.com\/pt-pt\/wp-json\/wp\/v2\/product\/17649","targetHints":{"allow":["GET"]}}],"collection":[{"href":"https:\/\/www.azur-scenic.com\/pt-pt\/wp-json\/wp\/v2\/product"}],"about":[{"href":"https:\/\/www.azur-scenic.com\/pt-pt\/wp-json\/wp\/v2\/types\/product"}],"wp:featuredmedia":[{"embeddable":true,"href":"https:\/\/www.azur-scenic.com\/pt-pt\/wp-json\/wp\/v2\/media\/13880"}],"wp:attachment":[{"href":"https:\/\/www.azur-scenic.com\/pt-pt\/wp-json\/wp\/v2\/media?parent=17649"}],"wp:term":[{"taxonomy":"product_brand","embeddable":true,"href":"https:\/\/www.azur-scenic.com\/pt-pt\/wp-json\/wp\/v2\/product_brand?post=17649"},{"taxonomy":"product_cat","embeddable":true,"href":"https:\/\/www.azur-scenic.com\/pt-pt\/wp-json\/wp\/v2\/product_cat?post=17649"},{"taxonomy":"product_tag","embeddable":true,"href":"https:\/\/www.azur-scenic.com\/pt-pt\/wp-json\/wp\/v2\/product_tag?post=17649"}],"curies":[{"name":"wp","href":"https:\/\/api.w.org\/{rel}","templated":true}]}}