{"id":17674,"date":"2022-10-04T07:27:36","date_gmt":"2022-10-04T07:27:36","guid":{"rendered":"https:\/\/www.azur-scenic.com\/produit\/tulle-holographique-moliere\/"},"modified":"2023-08-02T13:21:20","modified_gmt":"2023-08-02T13:21:20","slug":"tule-holografico-moliere","status":"publish","type":"product","link":"https:\/\/www.azur-scenic.com\/pt-pt\/produto\/tule-holografico-moliere\/","title":{"rendered":"Tule Hologr\u00e1fico Molie\u0300re"},"content":{"rendered":"<table>\n<thead>\n<tr>\n<th style=\"width: 170px;\">Dados t\u00e9cnicos<\/th>\n<th>Valor<\/th>\n<th>Coment\u00e1rio<\/th>\n<\/tr>\n<\/thead>\n<tbody>\n<tr>\n<td style=\"vertical-align: top;\">Tamanho da malha<\/td>\n<td style=\"vertical-align: top;\">2 x 2 mm<\/td>\n<td>\u00a0<\/td>\n<\/tr>\n<tr>\n<td style=\"vertical-align: top;\">Largura<\/td>\n<td style=\"vertical-align: top;\">890 cm<\/td>\n<td>\u00a0<\/td>\n<\/tr>\n<tr>\n<td style=\"vertical-align: top;\">Peso<\/td>\n<td style=\"vertical-align: top;\">45 g\/m\u00b2<\/td>\n<td>\u00a0<\/td>\n<\/tr>\n<tr>\n<td style=\"vertical-align: top;\">Espessura<\/td>\n<td style=\"vertical-align: top;\">0,3 mm<\/td>\n<td>\u00a0<\/td>\n<\/tr>\n<tr>\n<td style=\"vertical-align: top;\">Classifica\u00e7\u00e3o de rea\u00e7\u00e3o ao fogo<\/td>\n<td style=\"vertical-align: top;\"><img decoding=\"async\" style=\"height: 20px; width: 20px;\" src=\"https:\/\/www.azur-scenic.com\/wp-content\/uploads\/csm_icon-flag-france_3304e5e3f9.png\" \/> M1<\/td>\n<td>\u00a0<\/td>\n<\/tr>\n<tr>\n<td style=\"vertical-align: top;\">Composi\u00e7\u00e3o<\/td>\n<td style=\"vertical-align: top;\">100% Algod\u00e3o ign\u00edfugo<\/td>\n<td>\u00a0<\/td>\n<\/tr>\n<tr>\n<td style=\"vertical-align: top;\">Comprimento do rolo<\/td>\n<td style=\"vertical-align: top;\">\u00b1 50 a 60 m<br \/>\nDobrado, em fardo<\/td>\n<td style=\"vertical-align: top;\">Possibilidade de venda a retalho<\/td>\n<\/tr>\n<\/tbody>\n<\/table>\n","protected":false},"excerpt":{"rendered":"<p>Este tule de malha &#8220;alveolar&#8221; extra fina \u00e9 recomendado para suporte criativo de <strong><span style=\"color: #f88523;\">proje\u00e7\u00e3o<\/span><\/strong> e <strong><span style=\"color: #f88523;\">retroproje\u00e7\u00e3o<\/span><\/strong>, adequado igualmente para os efeitos de opacidade e transpar\u00eancia procurados no teatro.<br \/>\nEste tule \u00e9 ideal para a proje\u00e7\u00e3o de <strong><span style=\"color: #f88523;\">hologramas<\/span><\/strong>.<br \/>\nIgn\u00edfugo de <strong><span style=\"color: #f88523;\">Classe M1<\/span><\/strong> e tecido em <strong><span style=\"color: #f88523;\">larguras muito grandes<\/span><\/strong>, este tule permite cobrir vastas superf\u00edcies sem costuras de montagem.<br \/>\nComo a maioria dos tules, permite a passagem do som com perfeita transpar\u00eancia ac\u00fastica.<\/p>\n<table class=\"table\">\n<tbody>\n<tr>\n<td><strong>Largura<\/strong>: 890 cm<\/td>\n<td><strong>Peso<\/strong>: 45 g\/m\u00b2<\/td>\n<\/tr>\n<tr>\n<td><strong>Classifica\u00e7\u00e3o de rea\u00e7\u00e3o ao fogo<\/strong>: <img decoding=\"async\" style=\"height: 20px; width: 20px;\" src=\"https:\/\/www.azur-scenic.com\/wp-content\/uploads\/csm_icon-flag-france_3304e5e3f9.png\" \/> M1<\/td>\n<td><strong>Composi\u00e7\u00e3o<\/strong>: 100% Algod\u00e3o ign\u00edfugo<\/td>\n<\/tr>\n<\/tbody>\n<\/table>\n","protected":false},"featured_media":13904,"template":"","meta":{"_acf_changed":false},"product_brand":[],"product_cat":[921,916,1134,984,1135,1113],"product_tag":[],"class_list":{"0":"post-17674","1":"product","2":"type-product","3":"status-publish","4":"has-post-thumbnail","6":"product_cat-todos-os-produtos","7":"product_cat-texteis-cenicos-e-para-eventos","8":"product_cat-tules","9":"product_cat-solucoes-acusticas","10":"product_cat-transparencia-acustica","11":"product_cat-eventos","12":"pa_couleurs-002-es","13":"pa_couleurs-003-es","14":"pa_couleurs-100-es","15":"pa_groupes-de-couleurs-branco","16":"pa_groupes-de-couleurs-cinzento","17":"pa_groupes-de-couleurs-negro","18":"pa_textiles-classificacao-de-reacao-ao-fogo-ignifugo","19":"pa_textiles-efeitos-especiais","20":"pa_textiles-projecao-frontal","21":"pa_textiles-retroprojecao","22":"pa_textiles-transparencia-acustica","23":"pa_textiles-transparentes-e-translucidos","24":"pa_textiles-larguras-muito-grandes","26":"first","27":"instock","28":"shipping-taxable","29":"purchasable","30":"product-type-variable"},"acf":[],"yoast_head":"<!-- This site is optimized with the Yoast SEO plugin v27.3 - https:\/\/yoast.com\/product\/yoast-seo-wordpress\/ -->\n<title>Tule Hologr\u00e1fico Molie\u0300re - Azur Scenic<\/title>\n<meta name=\"robots\" content=\"index, follow, max-snippet:-1, max-image-preview:large, max-video-preview:-1\" \/>\n<link rel=\"canonical\" href=\"https:\/\/www.azur-scenic.com\/pt-pt\/produto\/tule-holografico-moliere\/\" \/>\n<meta property=\"og:locale\" content=\"pt_PT\" \/>\n<meta property=\"og:type\" content=\"article\" \/>\n<meta property=\"og:title\" content=\"Tule Hologr\u00e1fico Molie\u0300re - Azur Scenic\" \/>\n<meta property=\"og:description\" content=\"Este tule de malha &quot;alveolar&quot; extra fina \u00e9 recomendado para suporte criativo de proje\u00e7\u00e3o e retroproje\u00e7\u00e3o, adequado igualmente para os efeitos de opacidade e transpar\u00eancia procurados no teatro. Este tule \u00e9 ideal para a proje\u00e7\u00e3o de hologramas. Ign\u00edfugo de Classe M1 e tecido em larguras muito grandes, este tule permite cobrir vastas superf\u00edcies sem costuras de montagem. Como a maioria dos tules, permite a passagem do som com perfeita transpar\u00eancia ac\u00fastica.  Largura: 890 cm Peso: 45 g\/m\u00b2  Classifica\u00e7\u00e3o de rea\u00e7\u00e3o ao fogo: M1 Composi\u00e7\u00e3o: 100% Algod\u00e3o ign\u00edfugo\" \/>\n<meta property=\"og:url\" content=\"https:\/\/www.azur-scenic.com\/pt-pt\/produto\/tule-holografico-moliere\/\" \/>\n<meta property=\"og:site_name\" content=\"Azur Scenic\" \/>\n<meta property=\"article:modified_time\" content=\"2023-08-02T13:21:20+00:00\" \/>\n<meta property=\"og:image\" content=\"https:\/\/www.azur-scenic.com\/wp-content\/uploads\/HOLOGRAPHIQUE-MOLIERE-NOIR-1024x1024.jpg\" \/>\n\t<meta property=\"og:image:width\" content=\"1024\" \/>\n\t<meta property=\"og:image:height\" content=\"1024\" \/>\n\t<meta property=\"og:image:type\" content=\"image\/jpeg\" \/>\n<meta name=\"twitter:card\" content=\"summary_large_image\" \/>\n<script type=\"application\/ld+json\" class=\"yoast-schema-graph\">{\"@context\":\"https:\\\/\\\/schema.org\",\"@graph\":[{\"@type\":\"WebPage\",\"@id\":\"https:\\\/\\\/www.azur-scenic.com\\\/pt-pt\\\/produto\\\/tule-holografico-moliere\\\/\",\"url\":\"https:\\\/\\\/www.azur-scenic.com\\\/pt-pt\\\/produto\\\/tule-holografico-moliere\\\/\",\"name\":\"Tule Hologr\u00e1fico Molie\u0300re - Azur Scenic\",\"isPartOf\":{\"@id\":\"https:\\\/\\\/www.azur-scenic.com\\\/pt-pt\\\/#website\"},\"primaryImageOfPage\":{\"@id\":\"https:\\\/\\\/www.azur-scenic.com\\\/pt-pt\\\/produto\\\/tule-holografico-moliere\\\/#primaryimage\"},\"image\":{\"@id\":\"https:\\\/\\\/www.azur-scenic.com\\\/pt-pt\\\/produto\\\/tule-holografico-moliere\\\/#primaryimage\"},\"thumbnailUrl\":\"https:\\\/\\\/www.azur-scenic.com\\\/wp-content\\\/uploads\\\/HOLOGRAPHIQUE-MOLIERE-NOIR-scaled.jpg\",\"datePublished\":\"2022-10-04T07:27:36+00:00\",\"dateModified\":\"2023-08-02T13:21:20+00:00\",\"breadcrumb\":{\"@id\":\"https:\\\/\\\/www.azur-scenic.com\\\/pt-pt\\\/produto\\\/tule-holografico-moliere\\\/#breadcrumb\"},\"inLanguage\":\"pt-PT\",\"potentialAction\":[{\"@type\":\"ReadAction\",\"target\":[\"https:\\\/\\\/www.azur-scenic.com\\\/pt-pt\\\/produto\\\/tule-holografico-moliere\\\/\"]}]},{\"@type\":\"ImageObject\",\"inLanguage\":\"pt-PT\",\"@id\":\"https:\\\/\\\/www.azur-scenic.com\\\/pt-pt\\\/produto\\\/tule-holografico-moliere\\\/#primaryimage\",\"url\":\"https:\\\/\\\/www.azur-scenic.com\\\/wp-content\\\/uploads\\\/HOLOGRAPHIQUE-MOLIERE-NOIR-scaled.jpg\",\"contentUrl\":\"https:\\\/\\\/www.azur-scenic.com\\\/wp-content\\\/uploads\\\/HOLOGRAPHIQUE-MOLIERE-NOIR-scaled.jpg\",\"width\":2560,\"height\":2560,\"caption\":\"TULLE HOLOGRAPHIQUE MOLIERE NOIR\"},{\"@type\":\"BreadcrumbList\",\"@id\":\"https:\\\/\\\/www.azur-scenic.com\\\/pt-pt\\\/produto\\\/tule-holografico-moliere\\\/#breadcrumb\",\"itemListElement\":[{\"@type\":\"ListItem\",\"position\":1,\"name\":\"Accueil\",\"item\":\"https:\\\/\\\/www.azur-scenic.com\\\/pt-pt\\\/\"},{\"@type\":\"ListItem\",\"position\":2,\"name\":\"Produits\",\"item\":\"https:\\\/\\\/www.azur-scenic.com\\\/pt-pt\\\/?page_id=21439\"},{\"@type\":\"ListItem\",\"position\":3,\"name\":\"Tule Hologr\u00e1fico Molie\u0300re\"}]},{\"@type\":\"WebSite\",\"@id\":\"https:\\\/\\\/www.azur-scenic.com\\\/pt-pt\\\/#website\",\"url\":\"https:\\\/\\\/www.azur-scenic.com\\\/pt-pt\\\/\",\"name\":\"Azur Scenic\",\"description\":\"Sp\u00e9cialiste de l\u2019\u00e9quipement sc\u00e9nique et de la d\u00e9coration int\u00e9rieure et \u00e9v\u00e9nementielle !\",\"publisher\":{\"@id\":\"https:\\\/\\\/www.azur-scenic.com\\\/pt-pt\\\/#organization\"},\"potentialAction\":[{\"@type\":\"SearchAction\",\"target\":{\"@type\":\"EntryPoint\",\"urlTemplate\":\"https:\\\/\\\/www.azur-scenic.com\\\/pt-pt\\\/?s={search_term_string}\"},\"query-input\":{\"@type\":\"PropertyValueSpecification\",\"valueRequired\":true,\"valueName\":\"search_term_string\"}}],\"inLanguage\":\"pt-PT\"},{\"@type\":\"Organization\",\"@id\":\"https:\\\/\\\/www.azur-scenic.com\\\/pt-pt\\\/#organization\",\"name\":\"AZUR SCENIC\",\"url\":\"https:\\\/\\\/www.azur-scenic.com\\\/pt-pt\\\/\",\"logo\":{\"@type\":\"ImageObject\",\"inLanguage\":\"pt-PT\",\"@id\":\"https:\\\/\\\/www.azur-scenic.com\\\/pt-pt\\\/#\\\/schema\\\/logo\\\/image\\\/\",\"url\":\"https:\\\/\\\/www.azur-scenic.com\\\/wp-content\\\/uploads\\\/2022\\\/09\\\/LOGO-AZUR-SCENIC-Fusion-web-236x64-1.jpg\",\"contentUrl\":\"https:\\\/\\\/www.azur-scenic.com\\\/wp-content\\\/uploads\\\/2022\\\/09\\\/LOGO-AZUR-SCENIC-Fusion-web-236x64-1.jpg\",\"width\":236,\"height\":64,\"caption\":\"AZUR SCENIC\"},\"image\":{\"@id\":\"https:\\\/\\\/www.azur-scenic.com\\\/pt-pt\\\/#\\\/schema\\\/logo\\\/image\\\/\"},\"sameAs\":[\"https:\\\/\\\/www.youtube.com\\\/channel\\\/UCPWM2mGPVUt4nYhNlm71WOA\",\"https:\\\/\\\/www.linkedin.com\\\/company\\\/33237605\\\/admin\\\/feed\\\/posts\\\/\"]}]}<\/script>\n<!-- \/ Yoast SEO plugin. -->","yoast_head_json":{"title":"Tule Hologr\u00e1fico Molie\u0300re - Azur Scenic","robots":{"index":"index","follow":"follow","max-snippet":"max-snippet:-1","max-image-preview":"max-image-preview:large","max-video-preview":"max-video-preview:-1"},"canonical":"https:\/\/www.azur-scenic.com\/pt-pt\/produto\/tule-holografico-moliere\/","og_locale":"pt_PT","og_type":"article","og_title":"Tule Hologr\u00e1fico Molie\u0300re - Azur Scenic","og_description":"Este tule de malha \"alveolar\" extra fina \u00e9 recomendado para suporte criativo de proje\u00e7\u00e3o e retroproje\u00e7\u00e3o, adequado igualmente para os efeitos de opacidade e transpar\u00eancia procurados no teatro. Este tule \u00e9 ideal para a proje\u00e7\u00e3o de hologramas. Ign\u00edfugo de Classe M1 e tecido em larguras muito grandes, este tule permite cobrir vastas superf\u00edcies sem costuras de montagem. Como a maioria dos tules, permite a passagem do som com perfeita transpar\u00eancia ac\u00fastica.  Largura: 890 cm Peso: 45 g\/m\u00b2  Classifica\u00e7\u00e3o de rea\u00e7\u00e3o ao fogo: M1 Composi\u00e7\u00e3o: 100% Algod\u00e3o ign\u00edfugo","og_url":"https:\/\/www.azur-scenic.com\/pt-pt\/produto\/tule-holografico-moliere\/","og_site_name":"Azur Scenic","article_modified_time":"2023-08-02T13:21:20+00:00","og_image":[{"width":1024,"height":1024,"url":"https:\/\/www.azur-scenic.com\/wp-content\/uploads\/HOLOGRAPHIQUE-MOLIERE-NOIR-1024x1024.jpg","type":"image\/jpeg"}],"twitter_card":"summary_large_image","schema":{"@context":"https:\/\/schema.org","@graph":[{"@type":"WebPage","@id":"https:\/\/www.azur-scenic.com\/pt-pt\/produto\/tule-holografico-moliere\/","url":"https:\/\/www.azur-scenic.com\/pt-pt\/produto\/tule-holografico-moliere\/","name":"Tule Hologr\u00e1fico Molie\u0300re - Azur Scenic","isPartOf":{"@id":"https:\/\/www.azur-scenic.com\/pt-pt\/#website"},"primaryImageOfPage":{"@id":"https:\/\/www.azur-scenic.com\/pt-pt\/produto\/tule-holografico-moliere\/#primaryimage"},"image":{"@id":"https:\/\/www.azur-scenic.com\/pt-pt\/produto\/tule-holografico-moliere\/#primaryimage"},"thumbnailUrl":"https:\/\/www.azur-scenic.com\/wp-content\/uploads\/HOLOGRAPHIQUE-MOLIERE-NOIR-scaled.jpg","datePublished":"2022-10-04T07:27:36+00:00","dateModified":"2023-08-02T13:21:20+00:00","breadcrumb":{"@id":"https:\/\/www.azur-scenic.com\/pt-pt\/produto\/tule-holografico-moliere\/#breadcrumb"},"inLanguage":"pt-PT","potentialAction":[{"@type":"ReadAction","target":["https:\/\/www.azur-scenic.com\/pt-pt\/produto\/tule-holografico-moliere\/"]}]},{"@type":"ImageObject","inLanguage":"pt-PT","@id":"https:\/\/www.azur-scenic.com\/pt-pt\/produto\/tule-holografico-moliere\/#primaryimage","url":"https:\/\/www.azur-scenic.com\/wp-content\/uploads\/HOLOGRAPHIQUE-MOLIERE-NOIR-scaled.jpg","contentUrl":"https:\/\/www.azur-scenic.com\/wp-content\/uploads\/HOLOGRAPHIQUE-MOLIERE-NOIR-scaled.jpg","width":2560,"height":2560,"caption":"TULLE HOLOGRAPHIQUE MOLIERE NOIR"},{"@type":"BreadcrumbList","@id":"https:\/\/www.azur-scenic.com\/pt-pt\/produto\/tule-holografico-moliere\/#breadcrumb","itemListElement":[{"@type":"ListItem","position":1,"name":"Accueil","item":"https:\/\/www.azur-scenic.com\/pt-pt\/"},{"@type":"ListItem","position":2,"name":"Produits","item":"https:\/\/www.azur-scenic.com\/pt-pt\/?page_id=21439"},{"@type":"ListItem","position":3,"name":"Tule Hologr\u00e1fico Molie\u0300re"}]},{"@type":"WebSite","@id":"https:\/\/www.azur-scenic.com\/pt-pt\/#website","url":"https:\/\/www.azur-scenic.com\/pt-pt\/","name":"Azur Scenic","description":"Sp\u00e9cialiste de l\u2019\u00e9quipement sc\u00e9nique et de la d\u00e9coration int\u00e9rieure et \u00e9v\u00e9nementielle !","publisher":{"@id":"https:\/\/www.azur-scenic.com\/pt-pt\/#organization"},"potentialAction":[{"@type":"SearchAction","target":{"@type":"EntryPoint","urlTemplate":"https:\/\/www.azur-scenic.com\/pt-pt\/?s={search_term_string}"},"query-input":{"@type":"PropertyValueSpecification","valueRequired":true,"valueName":"search_term_string"}}],"inLanguage":"pt-PT"},{"@type":"Organization","@id":"https:\/\/www.azur-scenic.com\/pt-pt\/#organization","name":"AZUR SCENIC","url":"https:\/\/www.azur-scenic.com\/pt-pt\/","logo":{"@type":"ImageObject","inLanguage":"pt-PT","@id":"https:\/\/www.azur-scenic.com\/pt-pt\/#\/schema\/logo\/image\/","url":"https:\/\/www.azur-scenic.com\/wp-content\/uploads\/2022\/09\/LOGO-AZUR-SCENIC-Fusion-web-236x64-1.jpg","contentUrl":"https:\/\/www.azur-scenic.com\/wp-content\/uploads\/2022\/09\/LOGO-AZUR-SCENIC-Fusion-web-236x64-1.jpg","width":236,"height":64,"caption":"AZUR SCENIC"},"image":{"@id":"https:\/\/www.azur-scenic.com\/pt-pt\/#\/schema\/logo\/image\/"},"sameAs":["https:\/\/www.youtube.com\/channel\/UCPWM2mGPVUt4nYhNlm71WOA","https:\/\/www.linkedin.com\/company\/33237605\/admin\/feed\/posts\/"]}]}},"_links":{"self":[{"href":"https:\/\/www.azur-scenic.com\/pt-pt\/wp-json\/wp\/v2\/product\/17674","targetHints":{"allow":["GET"]}}],"collection":[{"href":"https:\/\/www.azur-scenic.com\/pt-pt\/wp-json\/wp\/v2\/product"}],"about":[{"href":"https:\/\/www.azur-scenic.com\/pt-pt\/wp-json\/wp\/v2\/types\/product"}],"wp:featuredmedia":[{"embeddable":true,"href":"https:\/\/www.azur-scenic.com\/pt-pt\/wp-json\/wp\/v2\/media\/13904"}],"wp:attachment":[{"href":"https:\/\/www.azur-scenic.com\/pt-pt\/wp-json\/wp\/v2\/media?parent=17674"}],"wp:term":[{"taxonomy":"product_brand","embeddable":true,"href":"https:\/\/www.azur-scenic.com\/pt-pt\/wp-json\/wp\/v2\/product_brand?post=17674"},{"taxonomy":"product_cat","embeddable":true,"href":"https:\/\/www.azur-scenic.com\/pt-pt\/wp-json\/wp\/v2\/product_cat?post=17674"},{"taxonomy":"product_tag","embeddable":true,"href":"https:\/\/www.azur-scenic.com\/pt-pt\/wp-json\/wp\/v2\/product_tag?post=17674"}],"curies":[{"name":"wp","href":"https:\/\/api.w.org\/{rel}","templated":true}]}}