{"id":17687,"date":"2022-10-04T07:27:36","date_gmt":"2022-10-04T07:27:36","guid":{"rendered":"https:\/\/www.azur-scenic.com\/produit\/film-plastique-non-classe\/"},"modified":"2023-08-02T13:26:00","modified_gmt":"2023-08-02T13:26:00","slug":"pelicula-plastica-nao-classificada","status":"publish","type":"product","link":"https:\/\/www.azur-scenic.com\/pt-pt\/produto\/pelicula-plastica-nao-classificada\/","title":{"rendered":"Pel\u00edcula pl\u00e1stica n\u00e3o classificada"},"content":{"rendered":"<table>\n<thead>\n<tr>\n<th style=\"width: 170px;\">Dados t\u00e9cnicos<\/th>\n<th style=\"text-align: center;\" colspan=\"3\">Valor<\/th>\n<\/tr>\n<\/thead>\n<tbody>\n<tr>\n<td style=\"vertical-align: top;\">Refer\u00eancia<\/td>\n<td style=\"text-align: center; vertical-align: top;\">808<\/td>\n<td style=\"text-align: center; vertical-align: top;\">809<\/td>\n<td style=\"text-align: center; vertical-align: top;\">810<br \/>\nNegro espesso<\/td>\n<\/tr>\n<tr>\n<td>Espessura<\/td>\n<td style=\"text-align: center; vertical-align: top;\">0,05 mm (50\u00a0\u03bc)<\/td>\n<td style=\"text-align: center; vertical-align: top;\">0,15 mm (150\u00a0\u03bc)<\/td>\n<td style=\"text-align: center; vertical-align: top;\">0,15 mm (150\u00a0\u03bc)<\/td>\n<\/tr>\n<tr>\n<td>Largura<\/td>\n<td style=\"text-align: center; vertical-align: top;\">300 cm<\/td>\n<td style=\"text-align: center; vertical-align: top;\">300 cm<\/td>\n<td style=\"text-align: center; vertical-align: top;\">300 cm<\/td>\n<\/tr>\n<tr>\n<td>Acondicionamento<\/td>\n<td style=\"text-align: center; vertical-align: top;\">Pe\u00e7a de \u00b1 80 m<br \/>\nEnrolado dobrado em 1,50 m<\/td>\n<td style=\"text-align: center; vertical-align: top;\">Pe\u00e7a de \u00b1 65 m<br \/>\nEnrolado dobrado em 1,50 m<\/td>\n<td style=\"text-align: center; vertical-align: top;\">Pe\u00e7a de \u00b1 65 m<br \/>\nEnrolado dobrado em 1,50 m<\/td>\n<\/tr>\n<\/tbody>\n<\/table>\n<p>\u00a0<\/p>\n<table>\n<thead>\n<tr>\n<th style=\"width: 170px;\">Dados t\u00e9cnicos<\/th>\n<th>Valor<\/th>\n<th>Coment\u00e1rio<\/th>\n<\/tr>\n<\/thead>\n<tbody>\n<tr>\n<td style=\"vertical-align: top;\">Densidade<\/td>\n<td style=\"vertical-align: top;\">Aprox. 0,92 g\/cm3<\/td>\n<td style=\"vertical-align: top;\">Norma: DIN 53479<\/td>\n<\/tr>\n<tr>\n<td style=\"vertical-align: top;\">Resist\u00eancia \u00e0 tra\u00e7\u00e3o<\/td>\n<td style=\"vertical-align: top;\">Longitudinal: > 14 N\/m\u00b2<br \/>\nTransversal: > 12 N\/m\u00b2<\/td>\n<td style=\"vertical-align: top;\">Norma: DIN EN ISO 527-3<\/td>\n<\/tr>\n<tr>\n<td style=\"vertical-align: top;\">Alongamento de rutura<\/td>\n<td style=\"vertical-align: top;\">Longitudinal: > 200%<br \/>\nTransversal: > 250 %<\/td>\n<td style=\"vertical-align: top;\">Norma: DIN EN ISO 527-3<\/td>\n<\/tr>\n<tr>\n<td style=\"vertical-align: top;\">Resist\u00eancia Dart Drop<\/td>\n<td style=\"vertical-align: top;\">> 1 g\/\u03bcm<\/td>\n<td style=\"vertical-align: top;\">Norma: ASTM D 1709-75<\/td>\n<\/tr>\n<tr>\n<td style=\"vertical-align: top;\">Coeficiente de fric\u00e7\u00e3o<\/td>\n<td style=\"vertical-align: top;\">0,20 -0,60<\/td>\n<td style=\"vertical-align: top;\">Norma: DIN EN ISO 8295<\/td>\n<\/tr>\n<tr>\n<td style=\"vertical-align: top;\">Composi\u00e7\u00e3o<\/td>\n<td style=\"vertical-align: top;\">100% Polietileno<\/td>\n<td>\u00a0<\/td>\n<\/tr>\n<\/tbody>\n<\/table>\n<p>\u00a0<\/p><\/p>\n","protected":false},"excerpt":{"rendered":"<p>Uma <strong><span style=\"color: #f88523;\">pel\u00edcula pl\u00e1stica de embalagem<\/span><\/strong> flex\u00edvel e <strong><span style=\"color: #f88523;\">econ\u00f3mica<\/span><\/strong> dispon\u00edvel com <strong><span style=\"color: #f88523;\">3 m de largura<\/span><\/strong>.<\/p>\n<p>Oferecemos 2 espessuras e 2 cores para este artigo:<br \/>\n\u2022 Transparente (espessuras 50 \u03bc e 150 \u03bc)<br \/>\n\u2022 Negro nas duas faces (apenas 150 \u03bc espessura)<\/p>\n<table class=\"table\">\n<tbody>\n<tr>\n<td><strong>Largura<\/strong>: 300 cm<\/td>\n<td><strong>Composi\u00e7\u00e3o<\/strong>: 100% Polietileno<\/td>\n<\/tr>\n<\/tbody>\n<\/table>\n","protected":false},"featured_media":7666,"template":"","meta":{"_acf_changed":false},"product_brand":[],"product_cat":[921,1204,1238,1228,1310],"product_tag":[],"class_list":{"0":"post-17687","1":"product","2":"type-product","3":"status-publish","4":"has-post-thumbnail","6":"product_cat-todos-os-produtos","7":"product_cat-ecras-de-projecao-e-telas-em-pvc","8":"product_cat-diversos-em-pvc","9":"product_cat-acessorios-e-consumiveis","10":"product_cat-peliculas-de-protecao","11":"pa_couleurs-000-es","12":"pa_couleurs-003-es","13":"pa_groupes-de-couleurs-branco","14":"pa_groupes-de-couleurs-negro","15":"pa_textiles-economico","17":"first","18":"instock","19":"shipping-taxable","20":"purchasable","21":"product-type-variable"},"acf":[],"yoast_head":"<!-- This site is optimized with the Yoast SEO plugin v27.3 - https:\/\/yoast.com\/product\/yoast-seo-wordpress\/ -->\n<title>Pel\u00edcula pl\u00e1stica n\u00e3o classificada - Azur Scenic<\/title>\n<meta name=\"robots\" content=\"index, follow, max-snippet:-1, max-image-preview:large, max-video-preview:-1\" \/>\n<link rel=\"canonical\" href=\"https:\/\/www.azur-scenic.com\/pt-pt\/produto\/pelicula-plastica-nao-classificada\/\" \/>\n<meta property=\"og:locale\" content=\"pt_PT\" \/>\n<meta property=\"og:type\" content=\"article\" \/>\n<meta property=\"og:title\" content=\"Pel\u00edcula pl\u00e1stica n\u00e3o classificada - Azur Scenic\" \/>\n<meta property=\"og:description\" content=\"Uma pel\u00edcula pl\u00e1stica de embalagem flex\u00edvel e econ\u00f3mica dispon\u00edvel com 3 m de largura. Oferecemos 2 espessuras e 2 cores para este artigo: \u2022 Transparente (espessuras 50 \u03bc e 150 \u03bc) \u2022 Negro nas duas faces (apenas 150 \u03bc espessura)  Largura: 300 cm Composi\u00e7\u00e3o: 100% Polietileno\" \/>\n<meta property=\"og:url\" content=\"https:\/\/www.azur-scenic.com\/pt-pt\/produto\/pelicula-plastica-nao-classificada\/\" \/>\n<meta property=\"og:site_name\" content=\"Azur Scenic\" \/>\n<meta property=\"article:modified_time\" content=\"2023-08-02T13:26:00+00:00\" \/>\n<meta property=\"og:image\" content=\"https:\/\/www.azur-scenic.com\/wp-content\/uploads\/84cfb7420136b2a03703582539c54907.png\" \/>\n\t<meta property=\"og:image:width\" content=\"430\" \/>\n\t<meta property=\"og:image:height\" content=\"430\" \/>\n\t<meta property=\"og:image:type\" content=\"image\/png\" \/>\n<meta name=\"twitter:card\" content=\"summary_large_image\" \/>\n<meta name=\"twitter:label1\" content=\"Tempo estimado de leitura\" \/>\n\t<meta name=\"twitter:data1\" content=\"1 minuto\" \/>\n<script type=\"application\/ld+json\" class=\"yoast-schema-graph\">{\"@context\":\"https:\\\/\\\/schema.org\",\"@graph\":[{\"@type\":\"WebPage\",\"@id\":\"https:\\\/\\\/www.azur-scenic.com\\\/pt-pt\\\/produto\\\/pelicula-plastica-nao-classificada\\\/\",\"url\":\"https:\\\/\\\/www.azur-scenic.com\\\/pt-pt\\\/produto\\\/pelicula-plastica-nao-classificada\\\/\",\"name\":\"Pel\u00edcula pl\u00e1stica n\u00e3o classificada - Azur Scenic\",\"isPartOf\":{\"@id\":\"https:\\\/\\\/www.azur-scenic.com\\\/pt-pt\\\/#website\"},\"primaryImageOfPage\":{\"@id\":\"https:\\\/\\\/www.azur-scenic.com\\\/pt-pt\\\/produto\\\/pelicula-plastica-nao-classificada\\\/#primaryimage\"},\"image\":{\"@id\":\"https:\\\/\\\/www.azur-scenic.com\\\/pt-pt\\\/produto\\\/pelicula-plastica-nao-classificada\\\/#primaryimage\"},\"thumbnailUrl\":\"https:\\\/\\\/www.azur-scenic.com\\\/wp-content\\\/uploads\\\/84cfb7420136b2a03703582539c54907.png\",\"datePublished\":\"2022-10-04T07:27:36+00:00\",\"dateModified\":\"2023-08-02T13:26:00+00:00\",\"breadcrumb\":{\"@id\":\"https:\\\/\\\/www.azur-scenic.com\\\/pt-pt\\\/produto\\\/pelicula-plastica-nao-classificada\\\/#breadcrumb\"},\"inLanguage\":\"pt-PT\",\"potentialAction\":[{\"@type\":\"ReadAction\",\"target\":[\"https:\\\/\\\/www.azur-scenic.com\\\/pt-pt\\\/produto\\\/pelicula-plastica-nao-classificada\\\/\"]}]},{\"@type\":\"ImageObject\",\"inLanguage\":\"pt-PT\",\"@id\":\"https:\\\/\\\/www.azur-scenic.com\\\/pt-pt\\\/produto\\\/pelicula-plastica-nao-classificada\\\/#primaryimage\",\"url\":\"https:\\\/\\\/www.azur-scenic.com\\\/wp-content\\\/uploads\\\/84cfb7420136b2a03703582539c54907.png\",\"contentUrl\":\"https:\\\/\\\/www.azur-scenic.com\\\/wp-content\\\/uploads\\\/84cfb7420136b2a03703582539c54907.png\",\"width\":430,\"height\":430},{\"@type\":\"BreadcrumbList\",\"@id\":\"https:\\\/\\\/www.azur-scenic.com\\\/pt-pt\\\/produto\\\/pelicula-plastica-nao-classificada\\\/#breadcrumb\",\"itemListElement\":[{\"@type\":\"ListItem\",\"position\":1,\"name\":\"Accueil\",\"item\":\"https:\\\/\\\/www.azur-scenic.com\\\/pt-pt\\\/\"},{\"@type\":\"ListItem\",\"position\":2,\"name\":\"Produits\",\"item\":\"https:\\\/\\\/www.azur-scenic.com\\\/pt-pt\\\/?page_id=21439\"},{\"@type\":\"ListItem\",\"position\":3,\"name\":\"Pel\u00edcula pl\u00e1stica n\u00e3o classificada\"}]},{\"@type\":\"WebSite\",\"@id\":\"https:\\\/\\\/www.azur-scenic.com\\\/pt-pt\\\/#website\",\"url\":\"https:\\\/\\\/www.azur-scenic.com\\\/pt-pt\\\/\",\"name\":\"Azur Scenic\",\"description\":\"Sp\u00e9cialiste de l\u2019\u00e9quipement sc\u00e9nique et de la d\u00e9coration int\u00e9rieure et \u00e9v\u00e9nementielle !\",\"publisher\":{\"@id\":\"https:\\\/\\\/www.azur-scenic.com\\\/pt-pt\\\/#organization\"},\"potentialAction\":[{\"@type\":\"SearchAction\",\"target\":{\"@type\":\"EntryPoint\",\"urlTemplate\":\"https:\\\/\\\/www.azur-scenic.com\\\/pt-pt\\\/?s={search_term_string}\"},\"query-input\":{\"@type\":\"PropertyValueSpecification\",\"valueRequired\":true,\"valueName\":\"search_term_string\"}}],\"inLanguage\":\"pt-PT\"},{\"@type\":\"Organization\",\"@id\":\"https:\\\/\\\/www.azur-scenic.com\\\/pt-pt\\\/#organization\",\"name\":\"AZUR SCENIC\",\"url\":\"https:\\\/\\\/www.azur-scenic.com\\\/pt-pt\\\/\",\"logo\":{\"@type\":\"ImageObject\",\"inLanguage\":\"pt-PT\",\"@id\":\"https:\\\/\\\/www.azur-scenic.com\\\/pt-pt\\\/#\\\/schema\\\/logo\\\/image\\\/\",\"url\":\"https:\\\/\\\/www.azur-scenic.com\\\/wp-content\\\/uploads\\\/2022\\\/09\\\/LOGO-AZUR-SCENIC-Fusion-web-236x64-1.jpg\",\"contentUrl\":\"https:\\\/\\\/www.azur-scenic.com\\\/wp-content\\\/uploads\\\/2022\\\/09\\\/LOGO-AZUR-SCENIC-Fusion-web-236x64-1.jpg\",\"width\":236,\"height\":64,\"caption\":\"AZUR SCENIC\"},\"image\":{\"@id\":\"https:\\\/\\\/www.azur-scenic.com\\\/pt-pt\\\/#\\\/schema\\\/logo\\\/image\\\/\"},\"sameAs\":[\"https:\\\/\\\/www.youtube.com\\\/channel\\\/UCPWM2mGPVUt4nYhNlm71WOA\",\"https:\\\/\\\/www.linkedin.com\\\/company\\\/33237605\\\/admin\\\/feed\\\/posts\\\/\"]}]}<\/script>\n<!-- \/ Yoast SEO plugin. -->","yoast_head_json":{"title":"Pel\u00edcula pl\u00e1stica n\u00e3o classificada - Azur Scenic","robots":{"index":"index","follow":"follow","max-snippet":"max-snippet:-1","max-image-preview":"max-image-preview:large","max-video-preview":"max-video-preview:-1"},"canonical":"https:\/\/www.azur-scenic.com\/pt-pt\/produto\/pelicula-plastica-nao-classificada\/","og_locale":"pt_PT","og_type":"article","og_title":"Pel\u00edcula pl\u00e1stica n\u00e3o classificada - Azur Scenic","og_description":"Uma pel\u00edcula pl\u00e1stica de embalagem flex\u00edvel e econ\u00f3mica dispon\u00edvel com 3 m de largura. Oferecemos 2 espessuras e 2 cores para este artigo: \u2022 Transparente (espessuras 50 \u03bc e 150 \u03bc) \u2022 Negro nas duas faces (apenas 150 \u03bc espessura)  Largura: 300 cm Composi\u00e7\u00e3o: 100% Polietileno","og_url":"https:\/\/www.azur-scenic.com\/pt-pt\/produto\/pelicula-plastica-nao-classificada\/","og_site_name":"Azur Scenic","article_modified_time":"2023-08-02T13:26:00+00:00","og_image":[{"width":430,"height":430,"url":"https:\/\/www.azur-scenic.com\/wp-content\/uploads\/84cfb7420136b2a03703582539c54907.png","type":"image\/png"}],"twitter_card":"summary_large_image","twitter_misc":{"Tempo estimado de leitura":"1 minuto"},"schema":{"@context":"https:\/\/schema.org","@graph":[{"@type":"WebPage","@id":"https:\/\/www.azur-scenic.com\/pt-pt\/produto\/pelicula-plastica-nao-classificada\/","url":"https:\/\/www.azur-scenic.com\/pt-pt\/produto\/pelicula-plastica-nao-classificada\/","name":"Pel\u00edcula pl\u00e1stica n\u00e3o classificada - Azur Scenic","isPartOf":{"@id":"https:\/\/www.azur-scenic.com\/pt-pt\/#website"},"primaryImageOfPage":{"@id":"https:\/\/www.azur-scenic.com\/pt-pt\/produto\/pelicula-plastica-nao-classificada\/#primaryimage"},"image":{"@id":"https:\/\/www.azur-scenic.com\/pt-pt\/produto\/pelicula-plastica-nao-classificada\/#primaryimage"},"thumbnailUrl":"https:\/\/www.azur-scenic.com\/wp-content\/uploads\/84cfb7420136b2a03703582539c54907.png","datePublished":"2022-10-04T07:27:36+00:00","dateModified":"2023-08-02T13:26:00+00:00","breadcrumb":{"@id":"https:\/\/www.azur-scenic.com\/pt-pt\/produto\/pelicula-plastica-nao-classificada\/#breadcrumb"},"inLanguage":"pt-PT","potentialAction":[{"@type":"ReadAction","target":["https:\/\/www.azur-scenic.com\/pt-pt\/produto\/pelicula-plastica-nao-classificada\/"]}]},{"@type":"ImageObject","inLanguage":"pt-PT","@id":"https:\/\/www.azur-scenic.com\/pt-pt\/produto\/pelicula-plastica-nao-classificada\/#primaryimage","url":"https:\/\/www.azur-scenic.com\/wp-content\/uploads\/84cfb7420136b2a03703582539c54907.png","contentUrl":"https:\/\/www.azur-scenic.com\/wp-content\/uploads\/84cfb7420136b2a03703582539c54907.png","width":430,"height":430},{"@type":"BreadcrumbList","@id":"https:\/\/www.azur-scenic.com\/pt-pt\/produto\/pelicula-plastica-nao-classificada\/#breadcrumb","itemListElement":[{"@type":"ListItem","position":1,"name":"Accueil","item":"https:\/\/www.azur-scenic.com\/pt-pt\/"},{"@type":"ListItem","position":2,"name":"Produits","item":"https:\/\/www.azur-scenic.com\/pt-pt\/?page_id=21439"},{"@type":"ListItem","position":3,"name":"Pel\u00edcula pl\u00e1stica n\u00e3o classificada"}]},{"@type":"WebSite","@id":"https:\/\/www.azur-scenic.com\/pt-pt\/#website","url":"https:\/\/www.azur-scenic.com\/pt-pt\/","name":"Azur Scenic","description":"Sp\u00e9cialiste de l\u2019\u00e9quipement sc\u00e9nique et de la d\u00e9coration int\u00e9rieure et \u00e9v\u00e9nementielle !","publisher":{"@id":"https:\/\/www.azur-scenic.com\/pt-pt\/#organization"},"potentialAction":[{"@type":"SearchAction","target":{"@type":"EntryPoint","urlTemplate":"https:\/\/www.azur-scenic.com\/pt-pt\/?s={search_term_string}"},"query-input":{"@type":"PropertyValueSpecification","valueRequired":true,"valueName":"search_term_string"}}],"inLanguage":"pt-PT"},{"@type":"Organization","@id":"https:\/\/www.azur-scenic.com\/pt-pt\/#organization","name":"AZUR SCENIC","url":"https:\/\/www.azur-scenic.com\/pt-pt\/","logo":{"@type":"ImageObject","inLanguage":"pt-PT","@id":"https:\/\/www.azur-scenic.com\/pt-pt\/#\/schema\/logo\/image\/","url":"https:\/\/www.azur-scenic.com\/wp-content\/uploads\/2022\/09\/LOGO-AZUR-SCENIC-Fusion-web-236x64-1.jpg","contentUrl":"https:\/\/www.azur-scenic.com\/wp-content\/uploads\/2022\/09\/LOGO-AZUR-SCENIC-Fusion-web-236x64-1.jpg","width":236,"height":64,"caption":"AZUR SCENIC"},"image":{"@id":"https:\/\/www.azur-scenic.com\/pt-pt\/#\/schema\/logo\/image\/"},"sameAs":["https:\/\/www.youtube.com\/channel\/UCPWM2mGPVUt4nYhNlm71WOA","https:\/\/www.linkedin.com\/company\/33237605\/admin\/feed\/posts\/"]}]}},"_links":{"self":[{"href":"https:\/\/www.azur-scenic.com\/pt-pt\/wp-json\/wp\/v2\/product\/17687","targetHints":{"allow":["GET"]}}],"collection":[{"href":"https:\/\/www.azur-scenic.com\/pt-pt\/wp-json\/wp\/v2\/product"}],"about":[{"href":"https:\/\/www.azur-scenic.com\/pt-pt\/wp-json\/wp\/v2\/types\/product"}],"wp:featuredmedia":[{"embeddable":true,"href":"https:\/\/www.azur-scenic.com\/pt-pt\/wp-json\/wp\/v2\/media\/7666"}],"wp:attachment":[{"href":"https:\/\/www.azur-scenic.com\/pt-pt\/wp-json\/wp\/v2\/media?parent=17687"}],"wp:term":[{"taxonomy":"product_brand","embeddable":true,"href":"https:\/\/www.azur-scenic.com\/pt-pt\/wp-json\/wp\/v2\/product_brand?post=17687"},{"taxonomy":"product_cat","embeddable":true,"href":"https:\/\/www.azur-scenic.com\/pt-pt\/wp-json\/wp\/v2\/product_cat?post=17687"},{"taxonomy":"product_tag","embeddable":true,"href":"https:\/\/www.azur-scenic.com\/pt-pt\/wp-json\/wp\/v2\/product_tag?post=17687"}],"curies":[{"name":"wp","href":"https:\/\/api.w.org\/{rel}","templated":true}]}}