{"id":17699,"date":"2022-10-04T07:27:36","date_gmt":"2022-10-04T07:27:36","guid":{"rendered":"https:\/\/www.azur-scenic.com\/produit\/film-plastique-ignifuge\/"},"modified":"2023-08-02T13:25:16","modified_gmt":"2023-08-02T13:25:16","slug":"pelicula-plastica-ignifuga","status":"publish","type":"product","link":"https:\/\/www.azur-scenic.com\/pt-pt\/produto\/pelicula-plastica-ignifuga\/","title":{"rendered":"Pel\u00edcula pl\u00e1stica ign\u00edfuga"},"content":{"rendered":"<table>\n<thead>\n<tr>\n<th style=\"width: 170px;\">Dados t\u00e9cnicos<\/th>\n<th style=\"text-align: center;\" colspan=\"3\">Valor<\/th>\n<\/tr>\n<\/thead>\n<tbody>\n<tr>\n<td>Refer\u00eancia<\/td>\n<td style=\"text-align: center; vertical-align: top;\">803 N<\/td>\n<td style=\"text-align: center; vertical-align: top;\">803 NB<\/td>\n<td style=\"text-align: center; vertical-align: top;\">804 NB<\/td>\n<\/tr>\n<tr>\n<td>Acabamento<\/td>\n<td style=\"text-align: center; vertical-align: top;\">2 faces negras<\/td>\n<td style=\"text-align: center; vertical-align: top;\">Revers\u00edvel<br \/>\n1 face negra<br \/>\n1 face branca<\/td>\n<td style=\"text-align: center; vertical-align: top;\">Revers\u00edvel<br \/>\n1 face negra<br \/>\n1 face branca<\/td>\n<\/tr>\n<tr>\n<td>Largura<\/td>\n<td style=\"text-align: center; vertical-align: top;\">600 cm<\/td>\n<td style=\"text-align: center; vertical-align: top;\">600 cm<\/td>\n<td style=\"text-align: center; vertical-align: top;\">300 cm<\/td>\n<\/tr>\n<tr>\n<td>Acondicionamento<\/td>\n<td style=\"text-align: center; vertical-align: top;\">Pe\u00e7a de 40 m<br \/>\nEnrolado dobrado<\/td>\n<td style=\"text-align: center; vertical-align: top;\">Pe\u00e7a de 40 m<br \/>\nEnrolado dobrado<\/td>\n<td style=\"text-align: center; vertical-align: top;\">Pe\u00e7a de 25 m<br \/>\nEnrolado dobrado<\/td>\n<\/tr>\n<\/tbody>\n<\/table>\n<p>\u00a0<\/p>\n<table>\n<thead>\n<tr>\n<th style=\"width: 170px;\">Dados t\u00e9cnicos<\/th>\n<th>Valor<\/th>\n<th>Coment\u00e1rio<\/th>\n<\/tr>\n<\/thead>\n<tbody>\n<tr>\n<td style=\"vertical-align: top;\">Peso<\/td>\n<td style=\"vertical-align: top;\">110 g\/m\u00b2<\/td>\n<td>\u00a0<\/td>\n<\/tr>\n<tr>\n<td style=\"vertical-align: top;\">Espessura<\/td>\n<td style=\"vertical-align: top;\">0,114 mm<\/td>\n<td style=\"vertical-align: top;\">Norma: DIN 53370<\/td>\n<\/tr>\n<tr>\n<td style=\"vertical-align: top;\">Classifica\u00e7\u00e3o de rea\u00e7\u00e3o ao fogo<\/td>\n<td style=\"vertical-align: top;\"><img decoding=\"async\" style=\"height: 20px; width: 20px;\" src=\"https:\/\/www.azur-scenic.com\/wp-content\/uploads\/csm_icon-flag-france_3304e5e3f9.png\" \/> M1<\/td>\n<td>\u00a0<\/td>\n<\/tr>\n<tr>\n<td style=\"vertical-align: top;\">Densidade<\/td>\n<td style=\"vertical-align: top;\">Aprox. 0,95 g\/cm3<\/td>\n<td style=\"vertical-align: top;\">Norma: DIN 53479<\/td>\n<\/tr>\n<tr>\n<td style=\"vertical-align: top;\">Resist\u00eancia \u00e0 tra\u00e7\u00e3o<\/td>\n<td style=\"vertical-align: top;\">Longitudinal: > 17 N\/m\u00b2<br \/>\nTransversal: > 15 N\/m\u00b2<\/td>\n<td style=\"vertical-align: top;\">Norma: DIN EN ISO 527-3<\/td>\n<\/tr>\n<tr>\n<td style=\"vertical-align: top;\">Alongamento de rutura<\/td>\n<td style=\"vertical-align: top;\">Longitudinal: > 250%<br \/>\nTransversal: > 400%<\/td>\n<td style=\"vertical-align: top;\">Norma: DIN EN ISO 527-3<\/td>\n<\/tr>\n<tr>\n<td style=\"vertical-align: top;\">Resist\u00eancia Dart Drop<\/td>\n<td style=\"vertical-align: top;\">> 2 g\/\u03bcm<\/td>\n<td style=\"vertical-align: top;\">Norma: ASTM D 1709-75<\/td>\n<\/tr>\n<tr>\n<td style=\"vertical-align: top;\">Coeficiente de fric\u00e7\u00e3o<\/td>\n<td style=\"vertical-align: top;\">0,20 -0,60<\/td>\n<td style=\"vertical-align: top;\">Norma: DIN EN ISO 8295<\/td>\n<\/tr>\n<tr>\n<td style=\"vertical-align: top;\">Composi\u00e7\u00e3o<\/td>\n<td style=\"vertical-align: top;\">100% Polietileno<\/td>\n<td>\u00a0<\/td>\n<\/tr>\n<\/tbody>\n<\/table>\n<p>\u00a0<\/p><\/p>\n","protected":false},"excerpt":{"rendered":"<p>Uma <strong><span style=\"color: #f88523;\">pel\u00edcula de embalagem de pl\u00e1stico<\/span><\/strong> muito <strong><span style=\"color: #f88523;\">fina<\/span><\/strong>, <strong><span style=\"color: #f88523;\">flex\u00edvel<\/span><\/strong> e econ\u00f3mica, com classifica\u00e7\u00e3o <strong><span style=\"color: #f88523;\">M1<\/span><\/strong> de rea\u00e7\u00e3o ao fogo (ign\u00edfugo) e dispon\u00edvel em grandes larguras.<\/p>\n<p>Oferecemos 2 acabamentos para este artigo:<br \/>\n\u2022 Negro nas duas faces (apenas 6 m de largura)<br \/>\n\u2022 1 face negra, 1 face branca (larguras 3 e 6 m)<br \/>\n\u00a0<\/p>\n<table class=\"table\">\n<tbody>\n<tr>\n<td><strong>Largura<\/strong>: 600 cm<\/td>\n<td><strong>Peso<\/strong>: 110 g\/m\u00b2<\/td>\n<\/tr>\n<tr>\n<td><strong>Classifica\u00e7\u00e3o de rea\u00e7\u00e3o ao fogo<\/strong>: <img decoding=\"async\" style=\"height: 20px; width: 20px;\" src=\"https:\/\/www.azur-scenic.com\/wp-content\/uploads\/csm_icon-flag-france_3304e5e3f9.png\" \/> M1<\/td>\n<td><strong>Composi\u00e7\u00e3o<\/strong>: 100% Polietileno<\/td>\n<\/tr>\n<\/tbody>\n<\/table>\n","protected":false},"featured_media":16579,"template":"","meta":{"_acf_changed":false},"product_brand":[],"product_cat":[921,1204,1238,1228,1310],"product_tag":[],"class_list":{"0":"post-17699","1":"product","2":"type-product","3":"status-publish","4":"has-post-thumbnail","6":"product_cat-todos-os-produtos","7":"product_cat-ecras-de-projecao-e-telas-em-pvc","8":"product_cat-diversos-em-pvc","9":"product_cat-acessorios-e-consumiveis","10":"product_cat-peliculas-de-protecao","11":"pa_couleurs-003-es","12":"pa_couleurs-050-es","13":"pa_groupes-de-couleurs-branco","14":"pa_groupes-de-couleurs-negro","15":"pa_textiles-classificacao-de-reacao-ao-fogo-ignifugo","16":"pa_textiles-larguras-muito-grandes","17":"pa_textiles-economico","19":"first","20":"instock","21":"shipping-taxable","22":"purchasable","23":"product-type-variable"},"acf":[],"yoast_head":"<!-- This site is optimized with the Yoast SEO plugin v27.3 - https:\/\/yoast.com\/product\/yoast-seo-wordpress\/ -->\n<title>Pel\u00edcula pl\u00e1stica ign\u00edfuga - Azur Scenic<\/title>\n<meta name=\"robots\" content=\"index, follow, max-snippet:-1, max-image-preview:large, max-video-preview:-1\" \/>\n<link rel=\"canonical\" href=\"https:\/\/www.azur-scenic.com\/pt-pt\/produto\/pelicula-plastica-ignifuga\/\" \/>\n<meta property=\"og:locale\" content=\"pt_PT\" \/>\n<meta property=\"og:type\" content=\"article\" \/>\n<meta property=\"og:title\" content=\"Pel\u00edcula pl\u00e1stica ign\u00edfuga - Azur Scenic\" \/>\n<meta property=\"og:description\" content=\"Uma pel\u00edcula de embalagem de pl\u00e1stico muito fina, flex\u00edvel e econ\u00f3mica, com classifica\u00e7\u00e3o M1 de rea\u00e7\u00e3o ao fogo (ign\u00edfugo) e dispon\u00edvel em grandes larguras. Oferecemos 2 acabamentos para este artigo: \u2022 Negro nas duas faces (apenas 6 m de largura) \u2022 1 face negra, 1 face branca (larguras 3 e 6 m) \u00a0  Largura: 600 cm Peso: 110 g\/m\u00b2  Classifica\u00e7\u00e3o de rea\u00e7\u00e3o ao fogo: M1 Composi\u00e7\u00e3o: 100% Polietileno\" \/>\n<meta property=\"og:url\" content=\"https:\/\/www.azur-scenic.com\/pt-pt\/produto\/pelicula-plastica-ignifuga\/\" \/>\n<meta property=\"og:site_name\" content=\"Azur Scenic\" \/>\n<meta property=\"article:modified_time\" content=\"2023-08-02T13:25:16+00:00\" \/>\n<meta property=\"og:image\" content=\"https:\/\/www.azur-scenic.com\/wp-content\/uploads\/FILM-PLASTIQUE-IGNIFUGE-BLANC-NOIR-scaled.jpg\" \/>\n\t<meta property=\"og:image:width\" content=\"2560\" \/>\n\t<meta property=\"og:image:height\" content=\"2560\" \/>\n\t<meta property=\"og:image:type\" content=\"image\/jpeg\" \/>\n<meta name=\"twitter:card\" content=\"summary_large_image\" \/>\n<meta name=\"twitter:label1\" content=\"Tempo estimado de leitura\" \/>\n\t<meta name=\"twitter:data1\" content=\"1 minuto\" \/>\n<script type=\"application\/ld+json\" class=\"yoast-schema-graph\">{\"@context\":\"https:\\\/\\\/schema.org\",\"@graph\":[{\"@type\":\"WebPage\",\"@id\":\"https:\\\/\\\/www.azur-scenic.com\\\/pt-pt\\\/produto\\\/pelicula-plastica-ignifuga\\\/\",\"url\":\"https:\\\/\\\/www.azur-scenic.com\\\/pt-pt\\\/produto\\\/pelicula-plastica-ignifuga\\\/\",\"name\":\"Pel\u00edcula pl\u00e1stica ign\u00edfuga - Azur Scenic\",\"isPartOf\":{\"@id\":\"https:\\\/\\\/www.azur-scenic.com\\\/pt-pt\\\/#website\"},\"primaryImageOfPage\":{\"@id\":\"https:\\\/\\\/www.azur-scenic.com\\\/pt-pt\\\/produto\\\/pelicula-plastica-ignifuga\\\/#primaryimage\"},\"image\":{\"@id\":\"https:\\\/\\\/www.azur-scenic.com\\\/pt-pt\\\/produto\\\/pelicula-plastica-ignifuga\\\/#primaryimage\"},\"thumbnailUrl\":\"https:\\\/\\\/www.azur-scenic.com\\\/wp-content\\\/uploads\\\/FILM-PLASTIQUE-IGNIFUGE-BLANC-NOIR-scaled.jpg\",\"datePublished\":\"2022-10-04T07:27:36+00:00\",\"dateModified\":\"2023-08-02T13:25:16+00:00\",\"breadcrumb\":{\"@id\":\"https:\\\/\\\/www.azur-scenic.com\\\/pt-pt\\\/produto\\\/pelicula-plastica-ignifuga\\\/#breadcrumb\"},\"inLanguage\":\"pt-PT\",\"potentialAction\":[{\"@type\":\"ReadAction\",\"target\":[\"https:\\\/\\\/www.azur-scenic.com\\\/pt-pt\\\/produto\\\/pelicula-plastica-ignifuga\\\/\"]}]},{\"@type\":\"ImageObject\",\"inLanguage\":\"pt-PT\",\"@id\":\"https:\\\/\\\/www.azur-scenic.com\\\/pt-pt\\\/produto\\\/pelicula-plastica-ignifuga\\\/#primaryimage\",\"url\":\"https:\\\/\\\/www.azur-scenic.com\\\/wp-content\\\/uploads\\\/FILM-PLASTIQUE-IGNIFUGE-BLANC-NOIR-scaled.jpg\",\"contentUrl\":\"https:\\\/\\\/www.azur-scenic.com\\\/wp-content\\\/uploads\\\/FILM-PLASTIQUE-IGNIFUGE-BLANC-NOIR-scaled.jpg\",\"width\":2560,\"height\":2560,\"caption\":\"FILM PLASTIQUE IGNIFUGE BLANC NOIR\"},{\"@type\":\"BreadcrumbList\",\"@id\":\"https:\\\/\\\/www.azur-scenic.com\\\/pt-pt\\\/produto\\\/pelicula-plastica-ignifuga\\\/#breadcrumb\",\"itemListElement\":[{\"@type\":\"ListItem\",\"position\":1,\"name\":\"Accueil\",\"item\":\"https:\\\/\\\/www.azur-scenic.com\\\/pt-pt\\\/\"},{\"@type\":\"ListItem\",\"position\":2,\"name\":\"Produits\",\"item\":\"https:\\\/\\\/www.azur-scenic.com\\\/pt-pt\\\/?page_id=21439\"},{\"@type\":\"ListItem\",\"position\":3,\"name\":\"Pel\u00edcula pl\u00e1stica ign\u00edfuga\"}]},{\"@type\":\"WebSite\",\"@id\":\"https:\\\/\\\/www.azur-scenic.com\\\/pt-pt\\\/#website\",\"url\":\"https:\\\/\\\/www.azur-scenic.com\\\/pt-pt\\\/\",\"name\":\"Azur Scenic\",\"description\":\"Sp\u00e9cialiste de l\u2019\u00e9quipement sc\u00e9nique et de la d\u00e9coration int\u00e9rieure et \u00e9v\u00e9nementielle !\",\"publisher\":{\"@id\":\"https:\\\/\\\/www.azur-scenic.com\\\/pt-pt\\\/#organization\"},\"potentialAction\":[{\"@type\":\"SearchAction\",\"target\":{\"@type\":\"EntryPoint\",\"urlTemplate\":\"https:\\\/\\\/www.azur-scenic.com\\\/pt-pt\\\/?s={search_term_string}\"},\"query-input\":{\"@type\":\"PropertyValueSpecification\",\"valueRequired\":true,\"valueName\":\"search_term_string\"}}],\"inLanguage\":\"pt-PT\"},{\"@type\":\"Organization\",\"@id\":\"https:\\\/\\\/www.azur-scenic.com\\\/pt-pt\\\/#organization\",\"name\":\"AZUR SCENIC\",\"url\":\"https:\\\/\\\/www.azur-scenic.com\\\/pt-pt\\\/\",\"logo\":{\"@type\":\"ImageObject\",\"inLanguage\":\"pt-PT\",\"@id\":\"https:\\\/\\\/www.azur-scenic.com\\\/pt-pt\\\/#\\\/schema\\\/logo\\\/image\\\/\",\"url\":\"https:\\\/\\\/www.azur-scenic.com\\\/wp-content\\\/uploads\\\/2022\\\/09\\\/LOGO-AZUR-SCENIC-Fusion-web-236x64-1.jpg\",\"contentUrl\":\"https:\\\/\\\/www.azur-scenic.com\\\/wp-content\\\/uploads\\\/2022\\\/09\\\/LOGO-AZUR-SCENIC-Fusion-web-236x64-1.jpg\",\"width\":236,\"height\":64,\"caption\":\"AZUR SCENIC\"},\"image\":{\"@id\":\"https:\\\/\\\/www.azur-scenic.com\\\/pt-pt\\\/#\\\/schema\\\/logo\\\/image\\\/\"},\"sameAs\":[\"https:\\\/\\\/www.youtube.com\\\/channel\\\/UCPWM2mGPVUt4nYhNlm71WOA\",\"https:\\\/\\\/www.linkedin.com\\\/company\\\/33237605\\\/admin\\\/feed\\\/posts\\\/\"]}]}<\/script>\n<!-- \/ Yoast SEO plugin. -->","yoast_head_json":{"title":"Pel\u00edcula pl\u00e1stica ign\u00edfuga - Azur Scenic","robots":{"index":"index","follow":"follow","max-snippet":"max-snippet:-1","max-image-preview":"max-image-preview:large","max-video-preview":"max-video-preview:-1"},"canonical":"https:\/\/www.azur-scenic.com\/pt-pt\/produto\/pelicula-plastica-ignifuga\/","og_locale":"pt_PT","og_type":"article","og_title":"Pel\u00edcula pl\u00e1stica ign\u00edfuga - Azur Scenic","og_description":"Uma pel\u00edcula de embalagem de pl\u00e1stico muito fina, flex\u00edvel e econ\u00f3mica, com classifica\u00e7\u00e3o M1 de rea\u00e7\u00e3o ao fogo (ign\u00edfugo) e dispon\u00edvel em grandes larguras. Oferecemos 2 acabamentos para este artigo: \u2022 Negro nas duas faces (apenas 6 m de largura) \u2022 1 face negra, 1 face branca (larguras 3 e 6 m) \u00a0  Largura: 600 cm Peso: 110 g\/m\u00b2  Classifica\u00e7\u00e3o de rea\u00e7\u00e3o ao fogo: M1 Composi\u00e7\u00e3o: 100% Polietileno","og_url":"https:\/\/www.azur-scenic.com\/pt-pt\/produto\/pelicula-plastica-ignifuga\/","og_site_name":"Azur Scenic","article_modified_time":"2023-08-02T13:25:16+00:00","og_image":[{"width":2560,"height":2560,"url":"https:\/\/www.azur-scenic.com\/wp-content\/uploads\/FILM-PLASTIQUE-IGNIFUGE-BLANC-NOIR-scaled.jpg","type":"image\/jpeg"}],"twitter_card":"summary_large_image","twitter_misc":{"Tempo estimado de leitura":"1 minuto"},"schema":{"@context":"https:\/\/schema.org","@graph":[{"@type":"WebPage","@id":"https:\/\/www.azur-scenic.com\/pt-pt\/produto\/pelicula-plastica-ignifuga\/","url":"https:\/\/www.azur-scenic.com\/pt-pt\/produto\/pelicula-plastica-ignifuga\/","name":"Pel\u00edcula pl\u00e1stica ign\u00edfuga - Azur Scenic","isPartOf":{"@id":"https:\/\/www.azur-scenic.com\/pt-pt\/#website"},"primaryImageOfPage":{"@id":"https:\/\/www.azur-scenic.com\/pt-pt\/produto\/pelicula-plastica-ignifuga\/#primaryimage"},"image":{"@id":"https:\/\/www.azur-scenic.com\/pt-pt\/produto\/pelicula-plastica-ignifuga\/#primaryimage"},"thumbnailUrl":"https:\/\/www.azur-scenic.com\/wp-content\/uploads\/FILM-PLASTIQUE-IGNIFUGE-BLANC-NOIR-scaled.jpg","datePublished":"2022-10-04T07:27:36+00:00","dateModified":"2023-08-02T13:25:16+00:00","breadcrumb":{"@id":"https:\/\/www.azur-scenic.com\/pt-pt\/produto\/pelicula-plastica-ignifuga\/#breadcrumb"},"inLanguage":"pt-PT","potentialAction":[{"@type":"ReadAction","target":["https:\/\/www.azur-scenic.com\/pt-pt\/produto\/pelicula-plastica-ignifuga\/"]}]},{"@type":"ImageObject","inLanguage":"pt-PT","@id":"https:\/\/www.azur-scenic.com\/pt-pt\/produto\/pelicula-plastica-ignifuga\/#primaryimage","url":"https:\/\/www.azur-scenic.com\/wp-content\/uploads\/FILM-PLASTIQUE-IGNIFUGE-BLANC-NOIR-scaled.jpg","contentUrl":"https:\/\/www.azur-scenic.com\/wp-content\/uploads\/FILM-PLASTIQUE-IGNIFUGE-BLANC-NOIR-scaled.jpg","width":2560,"height":2560,"caption":"FILM PLASTIQUE IGNIFUGE BLANC NOIR"},{"@type":"BreadcrumbList","@id":"https:\/\/www.azur-scenic.com\/pt-pt\/produto\/pelicula-plastica-ignifuga\/#breadcrumb","itemListElement":[{"@type":"ListItem","position":1,"name":"Accueil","item":"https:\/\/www.azur-scenic.com\/pt-pt\/"},{"@type":"ListItem","position":2,"name":"Produits","item":"https:\/\/www.azur-scenic.com\/pt-pt\/?page_id=21439"},{"@type":"ListItem","position":3,"name":"Pel\u00edcula pl\u00e1stica ign\u00edfuga"}]},{"@type":"WebSite","@id":"https:\/\/www.azur-scenic.com\/pt-pt\/#website","url":"https:\/\/www.azur-scenic.com\/pt-pt\/","name":"Azur Scenic","description":"Sp\u00e9cialiste de l\u2019\u00e9quipement sc\u00e9nique et de la d\u00e9coration int\u00e9rieure et \u00e9v\u00e9nementielle !","publisher":{"@id":"https:\/\/www.azur-scenic.com\/pt-pt\/#organization"},"potentialAction":[{"@type":"SearchAction","target":{"@type":"EntryPoint","urlTemplate":"https:\/\/www.azur-scenic.com\/pt-pt\/?s={search_term_string}"},"query-input":{"@type":"PropertyValueSpecification","valueRequired":true,"valueName":"search_term_string"}}],"inLanguage":"pt-PT"},{"@type":"Organization","@id":"https:\/\/www.azur-scenic.com\/pt-pt\/#organization","name":"AZUR SCENIC","url":"https:\/\/www.azur-scenic.com\/pt-pt\/","logo":{"@type":"ImageObject","inLanguage":"pt-PT","@id":"https:\/\/www.azur-scenic.com\/pt-pt\/#\/schema\/logo\/image\/","url":"https:\/\/www.azur-scenic.com\/wp-content\/uploads\/2022\/09\/LOGO-AZUR-SCENIC-Fusion-web-236x64-1.jpg","contentUrl":"https:\/\/www.azur-scenic.com\/wp-content\/uploads\/2022\/09\/LOGO-AZUR-SCENIC-Fusion-web-236x64-1.jpg","width":236,"height":64,"caption":"AZUR SCENIC"},"image":{"@id":"https:\/\/www.azur-scenic.com\/pt-pt\/#\/schema\/logo\/image\/"},"sameAs":["https:\/\/www.youtube.com\/channel\/UCPWM2mGPVUt4nYhNlm71WOA","https:\/\/www.linkedin.com\/company\/33237605\/admin\/feed\/posts\/"]}]}},"_links":{"self":[{"href":"https:\/\/www.azur-scenic.com\/pt-pt\/wp-json\/wp\/v2\/product\/17699","targetHints":{"allow":["GET"]}}],"collection":[{"href":"https:\/\/www.azur-scenic.com\/pt-pt\/wp-json\/wp\/v2\/product"}],"about":[{"href":"https:\/\/www.azur-scenic.com\/pt-pt\/wp-json\/wp\/v2\/types\/product"}],"wp:featuredmedia":[{"embeddable":true,"href":"https:\/\/www.azur-scenic.com\/pt-pt\/wp-json\/wp\/v2\/media\/16579"}],"wp:attachment":[{"href":"https:\/\/www.azur-scenic.com\/pt-pt\/wp-json\/wp\/v2\/media?parent=17699"}],"wp:term":[{"taxonomy":"product_brand","embeddable":true,"href":"https:\/\/www.azur-scenic.com\/pt-pt\/wp-json\/wp\/v2\/product_brand?post=17699"},{"taxonomy":"product_cat","embeddable":true,"href":"https:\/\/www.azur-scenic.com\/pt-pt\/wp-json\/wp\/v2\/product_cat?post=17699"},{"taxonomy":"product_tag","embeddable":true,"href":"https:\/\/www.azur-scenic.com\/pt-pt\/wp-json\/wp\/v2\/product_tag?post=17699"}],"curies":[{"name":"wp","href":"https:\/\/api.w.org\/{rel}","templated":true}]}}