{"id":17710,"date":"2022-10-04T07:27:36","date_gmt":"2022-10-04T07:27:36","guid":{"rendered":"https:\/\/www.azur-scenic.com\/produit\/outdoor-acoustic-divider\/"},"modified":"2023-08-02T13:26:02","modified_gmt":"2023-08-02T13:26:02","slug":"outdoor-acoustic-divider","status":"publish","type":"product","link":"https:\/\/www.azur-scenic.com\/pt-pt\/produto\/outdoor-acoustic-divider\/","title":{"rendered":"Outdoor Acoustic Divider"},"content":{"rendered":"<table>\n<thead>\n<tr>\n<th style=\"width: 184px;\">Dados t\u00e9cnicos<\/th>\n<th style=\"width: 124px;\">Valor<\/th>\n<th style=\"width: 186px;\" colspan=\"2\">Coment\u00e1rio<\/th>\n<\/tr>\n<\/thead>\n<tbody>\n<tr>\n<td style=\"width: 184px;\"><strong>Dimens\u00f5es standard<\/strong><\/td>\n<td style=\"vertical-align: top; width: 124px;\">2 m x 1,20 m<br \/>\n2 m x 3,60 m<\/td>\n<td style=\"vertical-align: top; width: 186px;\" colspan=\"2\">(Outras dimens\u00f5es por pedido)<\/td>\n<\/tr>\n<tr>\n<td style=\"width: 184px;\"><strong>Peso<\/strong><\/td>\n<td style=\"vertical-align: top; width: 124px;\">1660 g\/m<sup>2<\/sup><\/td>\n<td style=\"vertical-align: top; width: 186px;\" colspan=\"2\">(ou seja, 4 kg e 12 kg respetivamente para os modelos padr\u00e3o)<\/td>\n<\/tr>\n<tr>\n<td style=\"width: 184px;\"><strong>Classifica\u00e7\u00e3o de rea\u00e7\u00e3o ao fogo<\/strong><\/td>\n<td style=\"vertical-align: top; width: 124px;\"><img decoding=\"async\" style=\"height: 20px; width: 20px;\" src=\"https:\/\/www.azur-scenic.com\/wp-content\/uploads\/csm_icon-flag-france_3304e5e3f9.png\" \/> M1<\/td>\n<td style=\"width: 186px;\" colspan=\"2\" rowspan=\"1\">Norma: NF P 92-501<\/td>\n<\/tr>\n<tr>\n<td style=\"width: 184px;\"><strong>Composi\u00e7\u00e3o<\/strong><\/td>\n<td style=\"vertical-align: top; width: 124px;\">Envelope:<br \/>\nInterior:<\/td>\n<td style=\"vertical-align: top; width: 186px;\" colspan=\"2\">Lona PVC (620 g\/m2)<br \/>\nColch\u00e3o em fibra de poli\u00e9ster (830 g\/m2)<br \/>\nTecido de vidro negro revestido (215 g\/m2)<\/td>\n<\/tr>\n<tr>\n<td style=\"width: 184px;\"><strong>Acabamentos standard<\/strong><\/td>\n<td style=\"width: 311px;\" colspan=\"3\" rowspan=\"1\">Ilhoses (\u00d8 interior 16 mm) a cada 50 cm na periferia<br \/>\n(Outros acabamentos por pedido)<\/td>\n<\/tr>\n<tr>\n<td colspan=\"4\"><strong>Propriedades ac\u00fasticas<\/strong><\/td>\n<\/tr>\n<tr>\n<td style=\"width: 184px;\">Redu\u00e7\u00e3o do ru\u00eddo<\/td>\n<td style=\"vertical-align: top; width: 124px;\">\u00a0<\/td>\n<td style=\"vertical-align: top; width: 186px;\" colspan=\"2\">Norma: ISO 717\/1<\/td>\n<\/tr>\n<tr>\n<td style=\"text-align: right; width: 313px;\" colspan=\"2\" rowspan=\"1\">Redu\u00e7\u00e3o sonora:<\/td>\n<td style=\"vertical-align: top; width: 186px;\" colspan=\"2\" rowspan=\"1\">20 dB a 1000 Hz<\/td>\n<\/tr>\n<tr>\n<td style=\"text-align: right; width: 313px;\" colspan=\"2\" rowspan=\"1\">Atenua\u00e7\u00e3o aparente ponderada:<\/td>\n<td style=\"vertical-align: top; width: 186px;\" colspan=\"2\">R\u2019W (C, Ctr): 17 dB (-1, -3)<\/td>\n<\/tr>\n<tr>\n<td style=\"width: 313px;\" colspan=\"2\">Absor\u00e7\u00e3o ac\u00fastica<\/td>\n<td style=\"vertical-align: top; width: 186px;\" colspan=\"2\">Norma: ISO 11654<\/td>\n<\/tr>\n<tr>\n<td style=\"text-align: right; width: 313px;\" colspan=\"2\" rowspan=\"1\">Absor\u00e7\u00e3o ac\u00fastica ponderada:<\/td>\n<td style=\"vertical-align: top; width: 152px;\">\u03b1<sub>w<\/sub>: 0,50 MH<\/td>\n<td style=\"vertical-align: top;\">\u00a0<\/td>\n<\/tr>\n<\/tbody>\n<\/table>\n","protected":false},"excerpt":{"rendered":"<p>Outdoor Acoustic Divider: O <strong><span style=\"color: #f88523;\">separador ac\u00fastico M1<\/span><\/strong> IN e <strong><span style=\"color: #f88523;\">OUTDOOR<\/span><\/strong> por excel\u00eancia.<br \/>\nMuitos eventos urbanos s\u00e3o limitados ou mesmo impossibilitados por regulamentos sobre ru\u00eddo. Provavelmente encontrou o seu melhor aliado!<br \/>\nIdeal para <strong><span style=\"color: #f88523;\">eventos interurbanos<\/span><\/strong>, <strong><span style=\"color: #f88523;\">festivais<\/span><\/strong> e <strong><span style=\"color: #f88523;\">concertos<\/span><\/strong> com <strong><span style=\"color: #f88523;\">cen\u00e1rios m\u00faltiplos<\/span><\/strong>, o Acoustic Divider \u00e9 o \u00fanico <strong><span style=\"color: #f88523;\">complexo ac\u00fastico M1 e \u00e0 prova de \u00e1gua<\/span><\/strong> que lhe permite isolar nada menos do que 17dB!<br \/>\nDispon\u00edvel em 3 cores e numa vers\u00e3o para impress\u00e3o, o Outdoor Acoustic Divider \u00e9 a <strong><span style=\"color: #f88523;\">engenhosa solu\u00e7\u00e3o leve<\/span><\/strong> e <strong><span style=\"color: #f88523;\">f\u00e1cil de instalar<\/span><\/strong> que lhe permite <strong><span style=\"color: #f88523;\">limitar<\/span><\/strong> drasticamente a <strong><span style=\"color: #f88523;\">propaga\u00e7\u00e3o do som<\/span><\/strong>.<\/p>\n<table class=\"table\">\n<tbody>\n<tr>\n<td><strong>Dimens\u00f5es standard<\/strong>:<br \/>\n2 m x 1,20 m<br \/>\n2 m x 3,60 m<br \/>\n(Outras dimens\u00f5es por pedido).<\/td>\n<td><strong>Composi\u00e7\u00e3o<\/strong>:<br \/>\nLona PVC (620 g\/m2),<br \/>\nColch\u00e3o em fibra de poli\u00e9ster (830 g\/m2),<br \/>\nTecido de vidro negro revestido (215 g\/m2).<\/td>\n<\/tr>\n<tr>\n<td><strong>Classifica\u00e7\u00e3o de rea\u00e7\u00e3o ao fogo<\/strong>: <img decoding=\"async\" style=\"height: 20px; width: 20px;\" src=\"https:\/\/www.azur-scenic.com\/wp-content\/uploads\/csm_icon-flag-france_3304e5e3f9.png\" \/> M1<\/td>\n<td><strong>Peso<\/strong>: 1660 g\/m<sup>2<\/sup><\/td>\n<\/tr>\n<\/tbody>\n<\/table>\n","protected":false},"featured_media":7672,"template":"","meta":{"_acf_changed":false},"product_brand":[],"product_cat":[921,984,1307],"product_tag":[],"class_list":{"0":"post-17710","1":"product","2":"type-product","3":"status-publish","4":"has-post-thumbnail","6":"product_cat-todos-os-produtos","7":"product_cat-solucoes-acusticas","8":"product_cat-isolamento-acustico","9":"pa_couleurs-002-es","10":"pa_couleurs-003-es","11":"pa_couleurs-150-es","12":"pa_couleurs-760-es","13":"pa_groupes-de-couleurs-azuis","14":"pa_groupes-de-couleurs-diversos","15":"pa_groupes-de-couleurs-cinzento","16":"pa_textiles-absorvente-acustico","17":"pa_textiles-adaptado-para-exterior","18":"pa_textiles-classificacao-de-reacao-ao-fogo-ignifugo","19":"pa_textiles-imprimivel","20":"pa_textiles-isolante-acustico","21":"pa_textiles-ocultante-blackout-e-ou-obscurecedor","23":"first","24":"instock","25":"shipping-taxable","26":"purchasable","27":"product-type-variable"},"acf":[],"yoast_head":"<!-- This site is optimized with the Yoast SEO plugin v27.3 - https:\/\/yoast.com\/product\/yoast-seo-wordpress\/ -->\n<title>Outdoor Acoustic Divider - Azur Scenic<\/title>\n<meta name=\"robots\" content=\"index, follow, max-snippet:-1, max-image-preview:large, max-video-preview:-1\" \/>\n<link rel=\"canonical\" href=\"https:\/\/www.azur-scenic.com\/pt-pt\/produto\/outdoor-acoustic-divider\/\" \/>\n<meta property=\"og:locale\" content=\"pt_PT\" \/>\n<meta property=\"og:type\" content=\"article\" \/>\n<meta property=\"og:title\" content=\"Outdoor Acoustic Divider - Azur Scenic\" \/>\n<meta property=\"og:description\" content=\"Outdoor Acoustic Divider: O separador ac\u00fastico M1 IN e OUTDOOR por excel\u00eancia. Muitos eventos urbanos s\u00e3o limitados ou mesmo impossibilitados por regulamentos sobre ru\u00eddo. Provavelmente encontrou o seu melhor aliado! Ideal para eventos interurbanos, festivais e concertos com cen\u00e1rios m\u00faltiplos, o Acoustic Divider \u00e9 o \u00fanico complexo ac\u00fastico M1 e \u00e0 prova de \u00e1gua que lhe permite isolar nada menos do que 17dB! Dispon\u00edvel em 3 cores e numa vers\u00e3o para impress\u00e3o, o Outdoor Acoustic Divider \u00e9 a engenhosa solu\u00e7\u00e3o leve e f\u00e1cil de instalar que lhe permite limitar drasticamente a propaga\u00e7\u00e3o do som.  Dimens\u00f5es standard: 2 m x 1,20 m 2 m x 3,60 m (Outras dimens\u00f5es por pedido). Composi\u00e7\u00e3o: Lona PVC (620 g\/m2), Colch\u00e3o em fibra de poli\u00e9ster (830 g\/m2), Tecido de vidro negro revestido (215 g\/m2).  Classifica\u00e7\u00e3o de rea\u00e7\u00e3o ao fogo: M1 Peso: 1660 g\/m2\" \/>\n<meta property=\"og:url\" content=\"https:\/\/www.azur-scenic.com\/pt-pt\/produto\/outdoor-acoustic-divider\/\" \/>\n<meta property=\"og:site_name\" content=\"Azur Scenic\" \/>\n<meta property=\"article:modified_time\" content=\"2023-08-02T13:26:02+00:00\" \/>\n<meta property=\"og:image\" content=\"https:\/\/www.azur-scenic.com\/wp-content\/uploads\/281e29aa46be00bac1f8784fd1716803-scaled.jpg\" \/>\n\t<meta property=\"og:image:width\" content=\"2560\" \/>\n\t<meta property=\"og:image:height\" content=\"2560\" \/>\n\t<meta property=\"og:image:type\" content=\"image\/jpeg\" \/>\n<meta name=\"twitter:card\" content=\"summary_large_image\" \/>\n<meta name=\"twitter:label1\" content=\"Tempo estimado de leitura\" \/>\n\t<meta name=\"twitter:data1\" content=\"1 minuto\" \/>\n<script type=\"application\/ld+json\" class=\"yoast-schema-graph\">{\"@context\":\"https:\\\/\\\/schema.org\",\"@graph\":[{\"@type\":\"WebPage\",\"@id\":\"https:\\\/\\\/www.azur-scenic.com\\\/pt-pt\\\/produto\\\/outdoor-acoustic-divider\\\/\",\"url\":\"https:\\\/\\\/www.azur-scenic.com\\\/pt-pt\\\/produto\\\/outdoor-acoustic-divider\\\/\",\"name\":\"Outdoor Acoustic Divider - Azur Scenic\",\"isPartOf\":{\"@id\":\"https:\\\/\\\/www.azur-scenic.com\\\/pt-pt\\\/#website\"},\"primaryImageOfPage\":{\"@id\":\"https:\\\/\\\/www.azur-scenic.com\\\/pt-pt\\\/produto\\\/outdoor-acoustic-divider\\\/#primaryimage\"},\"image\":{\"@id\":\"https:\\\/\\\/www.azur-scenic.com\\\/pt-pt\\\/produto\\\/outdoor-acoustic-divider\\\/#primaryimage\"},\"thumbnailUrl\":\"https:\\\/\\\/www.azur-scenic.com\\\/wp-content\\\/uploads\\\/281e29aa46be00bac1f8784fd1716803-scaled.jpg\",\"datePublished\":\"2022-10-04T07:27:36+00:00\",\"dateModified\":\"2023-08-02T13:26:02+00:00\",\"breadcrumb\":{\"@id\":\"https:\\\/\\\/www.azur-scenic.com\\\/pt-pt\\\/produto\\\/outdoor-acoustic-divider\\\/#breadcrumb\"},\"inLanguage\":\"pt-PT\",\"potentialAction\":[{\"@type\":\"ReadAction\",\"target\":[\"https:\\\/\\\/www.azur-scenic.com\\\/pt-pt\\\/produto\\\/outdoor-acoustic-divider\\\/\"]}]},{\"@type\":\"ImageObject\",\"inLanguage\":\"pt-PT\",\"@id\":\"https:\\\/\\\/www.azur-scenic.com\\\/pt-pt\\\/produto\\\/outdoor-acoustic-divider\\\/#primaryimage\",\"url\":\"https:\\\/\\\/www.azur-scenic.com\\\/wp-content\\\/uploads\\\/281e29aa46be00bac1f8784fd1716803-scaled.jpg\",\"contentUrl\":\"https:\\\/\\\/www.azur-scenic.com\\\/wp-content\\\/uploads\\\/281e29aa46be00bac1f8784fd1716803-scaled.jpg\",\"width\":2560,\"height\":2560},{\"@type\":\"BreadcrumbList\",\"@id\":\"https:\\\/\\\/www.azur-scenic.com\\\/pt-pt\\\/produto\\\/outdoor-acoustic-divider\\\/#breadcrumb\",\"itemListElement\":[{\"@type\":\"ListItem\",\"position\":1,\"name\":\"Accueil\",\"item\":\"https:\\\/\\\/www.azur-scenic.com\\\/pt-pt\\\/\"},{\"@type\":\"ListItem\",\"position\":2,\"name\":\"Produits\",\"item\":\"https:\\\/\\\/www.azur-scenic.com\\\/pt-pt\\\/?page_id=21439\"},{\"@type\":\"ListItem\",\"position\":3,\"name\":\"Outdoor Acoustic Divider\"}]},{\"@type\":\"WebSite\",\"@id\":\"https:\\\/\\\/www.azur-scenic.com\\\/pt-pt\\\/#website\",\"url\":\"https:\\\/\\\/www.azur-scenic.com\\\/pt-pt\\\/\",\"name\":\"Azur Scenic\",\"description\":\"Sp\u00e9cialiste de l\u2019\u00e9quipement sc\u00e9nique et de la d\u00e9coration int\u00e9rieure et \u00e9v\u00e9nementielle !\",\"publisher\":{\"@id\":\"https:\\\/\\\/www.azur-scenic.com\\\/pt-pt\\\/#organization\"},\"potentialAction\":[{\"@type\":\"SearchAction\",\"target\":{\"@type\":\"EntryPoint\",\"urlTemplate\":\"https:\\\/\\\/www.azur-scenic.com\\\/pt-pt\\\/?s={search_term_string}\"},\"query-input\":{\"@type\":\"PropertyValueSpecification\",\"valueRequired\":true,\"valueName\":\"search_term_string\"}}],\"inLanguage\":\"pt-PT\"},{\"@type\":\"Organization\",\"@id\":\"https:\\\/\\\/www.azur-scenic.com\\\/pt-pt\\\/#organization\",\"name\":\"AZUR SCENIC\",\"url\":\"https:\\\/\\\/www.azur-scenic.com\\\/pt-pt\\\/\",\"logo\":{\"@type\":\"ImageObject\",\"inLanguage\":\"pt-PT\",\"@id\":\"https:\\\/\\\/www.azur-scenic.com\\\/pt-pt\\\/#\\\/schema\\\/logo\\\/image\\\/\",\"url\":\"https:\\\/\\\/www.azur-scenic.com\\\/wp-content\\\/uploads\\\/2022\\\/09\\\/LOGO-AZUR-SCENIC-Fusion-web-236x64-1.jpg\",\"contentUrl\":\"https:\\\/\\\/www.azur-scenic.com\\\/wp-content\\\/uploads\\\/2022\\\/09\\\/LOGO-AZUR-SCENIC-Fusion-web-236x64-1.jpg\",\"width\":236,\"height\":64,\"caption\":\"AZUR SCENIC\"},\"image\":{\"@id\":\"https:\\\/\\\/www.azur-scenic.com\\\/pt-pt\\\/#\\\/schema\\\/logo\\\/image\\\/\"},\"sameAs\":[\"https:\\\/\\\/www.youtube.com\\\/channel\\\/UCPWM2mGPVUt4nYhNlm71WOA\",\"https:\\\/\\\/www.linkedin.com\\\/company\\\/33237605\\\/admin\\\/feed\\\/posts\\\/\"]}]}<\/script>\n<!-- \/ Yoast SEO plugin. -->","yoast_head_json":{"title":"Outdoor Acoustic Divider - Azur Scenic","robots":{"index":"index","follow":"follow","max-snippet":"max-snippet:-1","max-image-preview":"max-image-preview:large","max-video-preview":"max-video-preview:-1"},"canonical":"https:\/\/www.azur-scenic.com\/pt-pt\/produto\/outdoor-acoustic-divider\/","og_locale":"pt_PT","og_type":"article","og_title":"Outdoor Acoustic Divider - Azur Scenic","og_description":"Outdoor Acoustic Divider: O separador ac\u00fastico M1 IN e OUTDOOR por excel\u00eancia. Muitos eventos urbanos s\u00e3o limitados ou mesmo impossibilitados por regulamentos sobre ru\u00eddo. Provavelmente encontrou o seu melhor aliado! Ideal para eventos interurbanos, festivais e concertos com cen\u00e1rios m\u00faltiplos, o Acoustic Divider \u00e9 o \u00fanico complexo ac\u00fastico M1 e \u00e0 prova de \u00e1gua que lhe permite isolar nada menos do que 17dB! Dispon\u00edvel em 3 cores e numa vers\u00e3o para impress\u00e3o, o Outdoor Acoustic Divider \u00e9 a engenhosa solu\u00e7\u00e3o leve e f\u00e1cil de instalar que lhe permite limitar drasticamente a propaga\u00e7\u00e3o do som.  Dimens\u00f5es standard: 2 m x 1,20 m 2 m x 3,60 m (Outras dimens\u00f5es por pedido). Composi\u00e7\u00e3o: Lona PVC (620 g\/m2), Colch\u00e3o em fibra de poli\u00e9ster (830 g\/m2), Tecido de vidro negro revestido (215 g\/m2).  Classifica\u00e7\u00e3o de rea\u00e7\u00e3o ao fogo: M1 Peso: 1660 g\/m2","og_url":"https:\/\/www.azur-scenic.com\/pt-pt\/produto\/outdoor-acoustic-divider\/","og_site_name":"Azur Scenic","article_modified_time":"2023-08-02T13:26:02+00:00","og_image":[{"width":2560,"height":2560,"url":"https:\/\/www.azur-scenic.com\/wp-content\/uploads\/281e29aa46be00bac1f8784fd1716803-scaled.jpg","type":"image\/jpeg"}],"twitter_card":"summary_large_image","twitter_misc":{"Tempo estimado de leitura":"1 minuto"},"schema":{"@context":"https:\/\/schema.org","@graph":[{"@type":"WebPage","@id":"https:\/\/www.azur-scenic.com\/pt-pt\/produto\/outdoor-acoustic-divider\/","url":"https:\/\/www.azur-scenic.com\/pt-pt\/produto\/outdoor-acoustic-divider\/","name":"Outdoor Acoustic Divider - Azur Scenic","isPartOf":{"@id":"https:\/\/www.azur-scenic.com\/pt-pt\/#website"},"primaryImageOfPage":{"@id":"https:\/\/www.azur-scenic.com\/pt-pt\/produto\/outdoor-acoustic-divider\/#primaryimage"},"image":{"@id":"https:\/\/www.azur-scenic.com\/pt-pt\/produto\/outdoor-acoustic-divider\/#primaryimage"},"thumbnailUrl":"https:\/\/www.azur-scenic.com\/wp-content\/uploads\/281e29aa46be00bac1f8784fd1716803-scaled.jpg","datePublished":"2022-10-04T07:27:36+00:00","dateModified":"2023-08-02T13:26:02+00:00","breadcrumb":{"@id":"https:\/\/www.azur-scenic.com\/pt-pt\/produto\/outdoor-acoustic-divider\/#breadcrumb"},"inLanguage":"pt-PT","potentialAction":[{"@type":"ReadAction","target":["https:\/\/www.azur-scenic.com\/pt-pt\/produto\/outdoor-acoustic-divider\/"]}]},{"@type":"ImageObject","inLanguage":"pt-PT","@id":"https:\/\/www.azur-scenic.com\/pt-pt\/produto\/outdoor-acoustic-divider\/#primaryimage","url":"https:\/\/www.azur-scenic.com\/wp-content\/uploads\/281e29aa46be00bac1f8784fd1716803-scaled.jpg","contentUrl":"https:\/\/www.azur-scenic.com\/wp-content\/uploads\/281e29aa46be00bac1f8784fd1716803-scaled.jpg","width":2560,"height":2560},{"@type":"BreadcrumbList","@id":"https:\/\/www.azur-scenic.com\/pt-pt\/produto\/outdoor-acoustic-divider\/#breadcrumb","itemListElement":[{"@type":"ListItem","position":1,"name":"Accueil","item":"https:\/\/www.azur-scenic.com\/pt-pt\/"},{"@type":"ListItem","position":2,"name":"Produits","item":"https:\/\/www.azur-scenic.com\/pt-pt\/?page_id=21439"},{"@type":"ListItem","position":3,"name":"Outdoor Acoustic Divider"}]},{"@type":"WebSite","@id":"https:\/\/www.azur-scenic.com\/pt-pt\/#website","url":"https:\/\/www.azur-scenic.com\/pt-pt\/","name":"Azur Scenic","description":"Sp\u00e9cialiste de l\u2019\u00e9quipement sc\u00e9nique et de la d\u00e9coration int\u00e9rieure et \u00e9v\u00e9nementielle !","publisher":{"@id":"https:\/\/www.azur-scenic.com\/pt-pt\/#organization"},"potentialAction":[{"@type":"SearchAction","target":{"@type":"EntryPoint","urlTemplate":"https:\/\/www.azur-scenic.com\/pt-pt\/?s={search_term_string}"},"query-input":{"@type":"PropertyValueSpecification","valueRequired":true,"valueName":"search_term_string"}}],"inLanguage":"pt-PT"},{"@type":"Organization","@id":"https:\/\/www.azur-scenic.com\/pt-pt\/#organization","name":"AZUR SCENIC","url":"https:\/\/www.azur-scenic.com\/pt-pt\/","logo":{"@type":"ImageObject","inLanguage":"pt-PT","@id":"https:\/\/www.azur-scenic.com\/pt-pt\/#\/schema\/logo\/image\/","url":"https:\/\/www.azur-scenic.com\/wp-content\/uploads\/2022\/09\/LOGO-AZUR-SCENIC-Fusion-web-236x64-1.jpg","contentUrl":"https:\/\/www.azur-scenic.com\/wp-content\/uploads\/2022\/09\/LOGO-AZUR-SCENIC-Fusion-web-236x64-1.jpg","width":236,"height":64,"caption":"AZUR SCENIC"},"image":{"@id":"https:\/\/www.azur-scenic.com\/pt-pt\/#\/schema\/logo\/image\/"},"sameAs":["https:\/\/www.youtube.com\/channel\/UCPWM2mGPVUt4nYhNlm71WOA","https:\/\/www.linkedin.com\/company\/33237605\/admin\/feed\/posts\/"]}]}},"_links":{"self":[{"href":"https:\/\/www.azur-scenic.com\/pt-pt\/wp-json\/wp\/v2\/product\/17710","targetHints":{"allow":["GET"]}}],"collection":[{"href":"https:\/\/www.azur-scenic.com\/pt-pt\/wp-json\/wp\/v2\/product"}],"about":[{"href":"https:\/\/www.azur-scenic.com\/pt-pt\/wp-json\/wp\/v2\/types\/product"}],"wp:featuredmedia":[{"embeddable":true,"href":"https:\/\/www.azur-scenic.com\/pt-pt\/wp-json\/wp\/v2\/media\/7672"}],"wp:attachment":[{"href":"https:\/\/www.azur-scenic.com\/pt-pt\/wp-json\/wp\/v2\/media?parent=17710"}],"wp:term":[{"taxonomy":"product_brand","embeddable":true,"href":"https:\/\/www.azur-scenic.com\/pt-pt\/wp-json\/wp\/v2\/product_brand?post=17710"},{"taxonomy":"product_cat","embeddable":true,"href":"https:\/\/www.azur-scenic.com\/pt-pt\/wp-json\/wp\/v2\/product_cat?post=17710"},{"taxonomy":"product_tag","embeddable":true,"href":"https:\/\/www.azur-scenic.com\/pt-pt\/wp-json\/wp\/v2\/product_tag?post=17710"}],"curies":[{"name":"wp","href":"https:\/\/api.w.org\/{rel}","templated":true}]}}