{"id":17728,"date":"2022-10-04T07:27:27","date_gmt":"2022-10-04T07:27:27","guid":{"rendered":"https:\/\/www.azur-scenic.com\/produit\/tulle-eurogobelin\/"},"modified":"2023-08-02T13:21:26","modified_gmt":"2023-08-02T13:21:26","slug":"tule-eurogobelin","status":"publish","type":"product","link":"https:\/\/www.azur-scenic.com\/pt-pt\/produto\/tule-eurogobelin\/","title":{"rendered":"Tule Eurogobelin"},"content":{"rendered":"<table>\n<thead>\n<tr>\n<th style=\"width: 170px;\">Dados t\u00e9cnicos<\/th>\n<th style=\"width: 139px;\">Valor<\/th>\n<th style=\"width: 181px;\">Coment\u00e1rio<\/th>\n<\/tr>\n<\/thead>\n<tbody>\n<tr>\n<td style=\"vertical-align: top;\">Tamanho da malha<\/td>\n<td style=\"vertical-align: top; width: 139px;\">5 x 2 mm<\/td>\n<td style=\"width: 181px;\">Malha \u201cdente de tubar\u00e3o\u201d tecida com tr\u00eas fios<\/td>\n<\/tr>\n<tr>\n<td style=\"vertical-align: top;\">Largura<\/td>\n<td style=\"vertical-align: top; width: 139px;\">980 cm<br \/>\n1150 cm<\/td>\n<td style=\"width: 181px;\">\u00a0<\/td>\n<\/tr>\n<tr>\n<td style=\"vertical-align: top;\">Peso<\/td>\n<td style=\"vertical-align: top; width: 139px;\">90 g\/m\u00b2<\/td>\n<td style=\"width: 181px;\">\u00a0<\/td>\n<\/tr>\n<tr>\n<td style=\"vertical-align: top;\">Espessura<\/td>\n<td style=\"vertical-align: top; width: 139px;\">0,5 mm<\/td>\n<td style=\"width: 181px;\">\u00a0<\/td>\n<\/tr>\n<tr>\n<td style=\"vertical-align: top;\">Classifica\u00e7\u00e3o de rea\u00e7\u00e3o ao fogo<\/td>\n<td style=\"vertical-align: top; width: 139px;\"><img decoding=\"async\" style=\"height: 20px; width: 20px;\" src=\"https:\/\/www.azur-scenic.com\/wp-content\/uploads\/csm_icon-flag-france_3304e5e3f9.png\" \/> M1<\/td>\n<td style=\"width: 181px;\">\u00a0<\/td>\n<\/tr>\n<tr>\n<td style=\"vertical-align: top;\">Composi\u00e7\u00e3o<\/td>\n<td style=\"vertical-align: top; width: 139px;\">95% Algod\u00e3o,<br \/>\n5% Poli\u00e9ster<\/td>\n<td style=\"width: 181px;\">Ign\u00edfugo<\/td>\n<\/tr>\n<tr>\n<td style=\"vertical-align: top;\">Comprimento do rolo<\/td>\n<td style=\"vertical-align: top; width: 139px;\">\u00b1 50 a 60 m<br \/>\nDobrado, em fardo<\/td>\n<td style=\"vertical-align: top; width: 181px;\">Possibilidade de venda a retalho<\/td>\n<\/tr>\n<\/tbody>\n<\/table>\n","protected":false},"excerpt":{"rendered":"<p>O tule topo de gama em malha &#8220;dente de tubar\u00e3o&#8221;, recomendado para obter <span style=\"color: #f88523;\"><strong>os efeitos de opacidade e transpar\u00eancia<\/strong><\/span> que s\u00e3o t\u00e3o populares no teatro.<br \/>\nA trama forte e r\u00edgida deste tule permanece muito <span style=\"color: #f88523;\"><strong>est\u00e1vel<\/strong><\/span> (pouca deforma\u00e7\u00e3o) mesmo quando tensionado, tornando-o ideal para <span style=\"color: #f88523;\"><strong>pintar<\/strong><\/span> e criar decora\u00e7\u00f5es sensacionais.<br \/>\nTamb\u00e9m pode ser usado como um suporte criativo para <span style=\"color: #f88523;\"><strong>proje\u00e7\u00e3o<\/strong><\/span> e <span style=\"color: #f88523;\"><strong>retroproje\u00e7\u00e3o<\/strong><\/span>.<br \/>\nIgn\u00edfugo de <span style=\"color: #f88523;\"><strong>Classe M1<\/strong><\/span> e tecido em <span style=\"color: #f88523;\"><strong>larguras muito grandes<\/strong><\/span>, este tule permite cobrir vastas superf\u00edcies sem costuras de montagem.<br \/>\nComo a maioria dos tules, permite a passagem do som com perfeita transpar\u00eancia ac\u00fastica.<\/p>\n<table class=\"table\">\n<tbody>\n<tr>\n<td><strong>Largura<\/strong>: 980 cm e 1150 cm<\/td>\n<td><strong>Peso<\/strong>: 90 g\/m\u00b2<\/td>\n<\/tr>\n<tr>\n<td><strong>Classifica\u00e7\u00e3o de rea\u00e7\u00e3o ao fogo<\/strong>: <img decoding=\"async\" style=\"height: 20px; width: 20px;\" src=\"https:\/\/www.azur-scenic.com\/wp-content\/uploads\/csm_icon-flag-france_3304e5e3f9.png\" \/> M1<\/td>\n<td><strong>Composi\u00e7\u00e3o<\/strong>: 95% Algod\u00e3o,<br \/>\n5% Poli\u00e9ster<\/td>\n<\/tr>\n<\/tbody>\n<\/table>\n","protected":false},"featured_media":13868,"template":"","meta":{"_acf_changed":false},"product_brand":[],"product_cat":[921,916,1134,984,1135,920],"product_tag":[],"class_list":{"0":"post-17728","1":"product","2":"type-product","3":"status-publish","4":"has-post-thumbnail","6":"product_cat-todos-os-produtos","7":"product_cat-texteis-cenicos-e-para-eventos","8":"product_cat-tules","9":"product_cat-solucoes-acusticas","10":"product_cat-transparencia-acustica","11":"product_cat-teatro","12":"pa_couleurs-002-es","13":"pa_couleurs-003-es","14":"pa_couleurs-100-es","15":"pa_groupes-de-couleurs-branco","16":"pa_groupes-de-couleurs-cinzento","17":"pa_groupes-de-couleurs-negro","18":"pa_textiles-classificacao-de-reacao-ao-fogo-ignifugo","19":"pa_textiles-efeitos-especiais","20":"pa_textiles-projecao-frontal","21":"pa_textiles-retroprojecao","22":"pa_textiles-transparencia-acustica","23":"pa_textiles-transparentes-e-translucidos","24":"pa_textiles-larguras-muito-grandes","26":"first","27":"instock","28":"shipping-taxable","29":"purchasable","30":"product-type-variable"},"acf":[],"yoast_head":"<!-- This site is optimized with the Yoast SEO plugin v27.3 - https:\/\/yoast.com\/product\/yoast-seo-wordpress\/ -->\n<title>Tule Eurogobelin - Azur Scenic<\/title>\n<meta name=\"robots\" content=\"index, follow, max-snippet:-1, max-image-preview:large, max-video-preview:-1\" \/>\n<link rel=\"canonical\" href=\"https:\/\/www.azur-scenic.com\/pt-pt\/produto\/tule-eurogobelin\/\" \/>\n<meta property=\"og:locale\" content=\"pt_PT\" \/>\n<meta property=\"og:type\" content=\"article\" \/>\n<meta property=\"og:title\" content=\"Tule Eurogobelin - Azur Scenic\" \/>\n<meta property=\"og:description\" content=\"O tule topo de gama em malha &quot;dente de tubar\u00e3o&quot;, recomendado para obter os efeitos de opacidade e transpar\u00eancia que s\u00e3o t\u00e3o populares no teatro. A trama forte e r\u00edgida deste tule permanece muito est\u00e1vel (pouca deforma\u00e7\u00e3o) mesmo quando tensionado, tornando-o ideal para pintar e criar decora\u00e7\u00f5es sensacionais. Tamb\u00e9m pode ser usado como um suporte criativo para proje\u00e7\u00e3o e retroproje\u00e7\u00e3o. Ign\u00edfugo de Classe M1 e tecido em larguras muito grandes, este tule permite cobrir vastas superf\u00edcies sem costuras de montagem. Como a maioria dos tules, permite a passagem do som com perfeita transpar\u00eancia ac\u00fastica.  Largura: 980 cm e 1150 cm Peso: 90 g\/m\u00b2  Classifica\u00e7\u00e3o de rea\u00e7\u00e3o ao fogo: M1 Composi\u00e7\u00e3o: 95% Algod\u00e3o, 5% Poli\u00e9ster\" \/>\n<meta property=\"og:url\" content=\"https:\/\/www.azur-scenic.com\/pt-pt\/produto\/tule-eurogobelin\/\" \/>\n<meta property=\"og:site_name\" content=\"Azur Scenic\" \/>\n<meta property=\"article:modified_time\" content=\"2023-08-02T13:21:26+00:00\" \/>\n<meta property=\"og:image\" content=\"https:\/\/www.azur-scenic.com\/wp-content\/uploads\/EUROGOBELIN-NOIR-scaled.jpg\" \/>\n\t<meta property=\"og:image:width\" content=\"2560\" \/>\n\t<meta property=\"og:image:height\" content=\"2560\" \/>\n\t<meta property=\"og:image:type\" content=\"image\/jpeg\" \/>\n<meta name=\"twitter:card\" content=\"summary_large_image\" \/>\n<script type=\"application\/ld+json\" class=\"yoast-schema-graph\">{\"@context\":\"https:\\\/\\\/schema.org\",\"@graph\":[{\"@type\":\"WebPage\",\"@id\":\"https:\\\/\\\/www.azur-scenic.com\\\/pt-pt\\\/produto\\\/tule-eurogobelin\\\/\",\"url\":\"https:\\\/\\\/www.azur-scenic.com\\\/pt-pt\\\/produto\\\/tule-eurogobelin\\\/\",\"name\":\"Tule Eurogobelin - Azur Scenic\",\"isPartOf\":{\"@id\":\"https:\\\/\\\/www.azur-scenic.com\\\/pt-pt\\\/#website\"},\"primaryImageOfPage\":{\"@id\":\"https:\\\/\\\/www.azur-scenic.com\\\/pt-pt\\\/produto\\\/tule-eurogobelin\\\/#primaryimage\"},\"image\":{\"@id\":\"https:\\\/\\\/www.azur-scenic.com\\\/pt-pt\\\/produto\\\/tule-eurogobelin\\\/#primaryimage\"},\"thumbnailUrl\":\"https:\\\/\\\/www.azur-scenic.com\\\/wp-content\\\/uploads\\\/EUROGOBELIN-NOIR-scaled.jpg\",\"datePublished\":\"2022-10-04T07:27:27+00:00\",\"dateModified\":\"2023-08-02T13:21:26+00:00\",\"breadcrumb\":{\"@id\":\"https:\\\/\\\/www.azur-scenic.com\\\/pt-pt\\\/produto\\\/tule-eurogobelin\\\/#breadcrumb\"},\"inLanguage\":\"pt-PT\",\"potentialAction\":[{\"@type\":\"ReadAction\",\"target\":[\"https:\\\/\\\/www.azur-scenic.com\\\/pt-pt\\\/produto\\\/tule-eurogobelin\\\/\"]}]},{\"@type\":\"ImageObject\",\"inLanguage\":\"pt-PT\",\"@id\":\"https:\\\/\\\/www.azur-scenic.com\\\/pt-pt\\\/produto\\\/tule-eurogobelin\\\/#primaryimage\",\"url\":\"https:\\\/\\\/www.azur-scenic.com\\\/wp-content\\\/uploads\\\/EUROGOBELIN-NOIR-scaled.jpg\",\"contentUrl\":\"https:\\\/\\\/www.azur-scenic.com\\\/wp-content\\\/uploads\\\/EUROGOBELIN-NOIR-scaled.jpg\",\"width\":2560,\"height\":2560,\"caption\":\"TULLE EUROGOBELIN NOIR\"},{\"@type\":\"BreadcrumbList\",\"@id\":\"https:\\\/\\\/www.azur-scenic.com\\\/pt-pt\\\/produto\\\/tule-eurogobelin\\\/#breadcrumb\",\"itemListElement\":[{\"@type\":\"ListItem\",\"position\":1,\"name\":\"Accueil\",\"item\":\"https:\\\/\\\/www.azur-scenic.com\\\/pt-pt\\\/\"},{\"@type\":\"ListItem\",\"position\":2,\"name\":\"Produits\",\"item\":\"https:\\\/\\\/www.azur-scenic.com\\\/pt-pt\\\/?page_id=21439\"},{\"@type\":\"ListItem\",\"position\":3,\"name\":\"Tule Eurogobelin\"}]},{\"@type\":\"WebSite\",\"@id\":\"https:\\\/\\\/www.azur-scenic.com\\\/pt-pt\\\/#website\",\"url\":\"https:\\\/\\\/www.azur-scenic.com\\\/pt-pt\\\/\",\"name\":\"Azur Scenic\",\"description\":\"Sp\u00e9cialiste de l\u2019\u00e9quipement sc\u00e9nique et de la d\u00e9coration int\u00e9rieure et \u00e9v\u00e9nementielle !\",\"publisher\":{\"@id\":\"https:\\\/\\\/www.azur-scenic.com\\\/pt-pt\\\/#organization\"},\"potentialAction\":[{\"@type\":\"SearchAction\",\"target\":{\"@type\":\"EntryPoint\",\"urlTemplate\":\"https:\\\/\\\/www.azur-scenic.com\\\/pt-pt\\\/?s={search_term_string}\"},\"query-input\":{\"@type\":\"PropertyValueSpecification\",\"valueRequired\":true,\"valueName\":\"search_term_string\"}}],\"inLanguage\":\"pt-PT\"},{\"@type\":\"Organization\",\"@id\":\"https:\\\/\\\/www.azur-scenic.com\\\/pt-pt\\\/#organization\",\"name\":\"AZUR SCENIC\",\"url\":\"https:\\\/\\\/www.azur-scenic.com\\\/pt-pt\\\/\",\"logo\":{\"@type\":\"ImageObject\",\"inLanguage\":\"pt-PT\",\"@id\":\"https:\\\/\\\/www.azur-scenic.com\\\/pt-pt\\\/#\\\/schema\\\/logo\\\/image\\\/\",\"url\":\"https:\\\/\\\/www.azur-scenic.com\\\/wp-content\\\/uploads\\\/2022\\\/09\\\/LOGO-AZUR-SCENIC-Fusion-web-236x64-1.jpg\",\"contentUrl\":\"https:\\\/\\\/www.azur-scenic.com\\\/wp-content\\\/uploads\\\/2022\\\/09\\\/LOGO-AZUR-SCENIC-Fusion-web-236x64-1.jpg\",\"width\":236,\"height\":64,\"caption\":\"AZUR SCENIC\"},\"image\":{\"@id\":\"https:\\\/\\\/www.azur-scenic.com\\\/pt-pt\\\/#\\\/schema\\\/logo\\\/image\\\/\"},\"sameAs\":[\"https:\\\/\\\/www.youtube.com\\\/channel\\\/UCPWM2mGPVUt4nYhNlm71WOA\",\"https:\\\/\\\/www.linkedin.com\\\/company\\\/33237605\\\/admin\\\/feed\\\/posts\\\/\"]}]}<\/script>\n<!-- \/ Yoast SEO plugin. -->","yoast_head_json":{"title":"Tule Eurogobelin - Azur Scenic","robots":{"index":"index","follow":"follow","max-snippet":"max-snippet:-1","max-image-preview":"max-image-preview:large","max-video-preview":"max-video-preview:-1"},"canonical":"https:\/\/www.azur-scenic.com\/pt-pt\/produto\/tule-eurogobelin\/","og_locale":"pt_PT","og_type":"article","og_title":"Tule Eurogobelin - Azur Scenic","og_description":"O tule topo de gama em malha \"dente de tubar\u00e3o\", recomendado para obter os efeitos de opacidade e transpar\u00eancia que s\u00e3o t\u00e3o populares no teatro. A trama forte e r\u00edgida deste tule permanece muito est\u00e1vel (pouca deforma\u00e7\u00e3o) mesmo quando tensionado, tornando-o ideal para pintar e criar decora\u00e7\u00f5es sensacionais. Tamb\u00e9m pode ser usado como um suporte criativo para proje\u00e7\u00e3o e retroproje\u00e7\u00e3o. Ign\u00edfugo de Classe M1 e tecido em larguras muito grandes, este tule permite cobrir vastas superf\u00edcies sem costuras de montagem. Como a maioria dos tules, permite a passagem do som com perfeita transpar\u00eancia ac\u00fastica.  Largura: 980 cm e 1150 cm Peso: 90 g\/m\u00b2  Classifica\u00e7\u00e3o de rea\u00e7\u00e3o ao fogo: M1 Composi\u00e7\u00e3o: 95% Algod\u00e3o, 5% Poli\u00e9ster","og_url":"https:\/\/www.azur-scenic.com\/pt-pt\/produto\/tule-eurogobelin\/","og_site_name":"Azur Scenic","article_modified_time":"2023-08-02T13:21:26+00:00","og_image":[{"width":2560,"height":2560,"url":"https:\/\/www.azur-scenic.com\/wp-content\/uploads\/EUROGOBELIN-NOIR-scaled.jpg","type":"image\/jpeg"}],"twitter_card":"summary_large_image","schema":{"@context":"https:\/\/schema.org","@graph":[{"@type":"WebPage","@id":"https:\/\/www.azur-scenic.com\/pt-pt\/produto\/tule-eurogobelin\/","url":"https:\/\/www.azur-scenic.com\/pt-pt\/produto\/tule-eurogobelin\/","name":"Tule Eurogobelin - Azur Scenic","isPartOf":{"@id":"https:\/\/www.azur-scenic.com\/pt-pt\/#website"},"primaryImageOfPage":{"@id":"https:\/\/www.azur-scenic.com\/pt-pt\/produto\/tule-eurogobelin\/#primaryimage"},"image":{"@id":"https:\/\/www.azur-scenic.com\/pt-pt\/produto\/tule-eurogobelin\/#primaryimage"},"thumbnailUrl":"https:\/\/www.azur-scenic.com\/wp-content\/uploads\/EUROGOBELIN-NOIR-scaled.jpg","datePublished":"2022-10-04T07:27:27+00:00","dateModified":"2023-08-02T13:21:26+00:00","breadcrumb":{"@id":"https:\/\/www.azur-scenic.com\/pt-pt\/produto\/tule-eurogobelin\/#breadcrumb"},"inLanguage":"pt-PT","potentialAction":[{"@type":"ReadAction","target":["https:\/\/www.azur-scenic.com\/pt-pt\/produto\/tule-eurogobelin\/"]}]},{"@type":"ImageObject","inLanguage":"pt-PT","@id":"https:\/\/www.azur-scenic.com\/pt-pt\/produto\/tule-eurogobelin\/#primaryimage","url":"https:\/\/www.azur-scenic.com\/wp-content\/uploads\/EUROGOBELIN-NOIR-scaled.jpg","contentUrl":"https:\/\/www.azur-scenic.com\/wp-content\/uploads\/EUROGOBELIN-NOIR-scaled.jpg","width":2560,"height":2560,"caption":"TULLE EUROGOBELIN NOIR"},{"@type":"BreadcrumbList","@id":"https:\/\/www.azur-scenic.com\/pt-pt\/produto\/tule-eurogobelin\/#breadcrumb","itemListElement":[{"@type":"ListItem","position":1,"name":"Accueil","item":"https:\/\/www.azur-scenic.com\/pt-pt\/"},{"@type":"ListItem","position":2,"name":"Produits","item":"https:\/\/www.azur-scenic.com\/pt-pt\/?page_id=21439"},{"@type":"ListItem","position":3,"name":"Tule Eurogobelin"}]},{"@type":"WebSite","@id":"https:\/\/www.azur-scenic.com\/pt-pt\/#website","url":"https:\/\/www.azur-scenic.com\/pt-pt\/","name":"Azur Scenic","description":"Sp\u00e9cialiste de l\u2019\u00e9quipement sc\u00e9nique et de la d\u00e9coration int\u00e9rieure et \u00e9v\u00e9nementielle !","publisher":{"@id":"https:\/\/www.azur-scenic.com\/pt-pt\/#organization"},"potentialAction":[{"@type":"SearchAction","target":{"@type":"EntryPoint","urlTemplate":"https:\/\/www.azur-scenic.com\/pt-pt\/?s={search_term_string}"},"query-input":{"@type":"PropertyValueSpecification","valueRequired":true,"valueName":"search_term_string"}}],"inLanguage":"pt-PT"},{"@type":"Organization","@id":"https:\/\/www.azur-scenic.com\/pt-pt\/#organization","name":"AZUR SCENIC","url":"https:\/\/www.azur-scenic.com\/pt-pt\/","logo":{"@type":"ImageObject","inLanguage":"pt-PT","@id":"https:\/\/www.azur-scenic.com\/pt-pt\/#\/schema\/logo\/image\/","url":"https:\/\/www.azur-scenic.com\/wp-content\/uploads\/2022\/09\/LOGO-AZUR-SCENIC-Fusion-web-236x64-1.jpg","contentUrl":"https:\/\/www.azur-scenic.com\/wp-content\/uploads\/2022\/09\/LOGO-AZUR-SCENIC-Fusion-web-236x64-1.jpg","width":236,"height":64,"caption":"AZUR SCENIC"},"image":{"@id":"https:\/\/www.azur-scenic.com\/pt-pt\/#\/schema\/logo\/image\/"},"sameAs":["https:\/\/www.youtube.com\/channel\/UCPWM2mGPVUt4nYhNlm71WOA","https:\/\/www.linkedin.com\/company\/33237605\/admin\/feed\/posts\/"]}]}},"_links":{"self":[{"href":"https:\/\/www.azur-scenic.com\/pt-pt\/wp-json\/wp\/v2\/product\/17728","targetHints":{"allow":["GET"]}}],"collection":[{"href":"https:\/\/www.azur-scenic.com\/pt-pt\/wp-json\/wp\/v2\/product"}],"about":[{"href":"https:\/\/www.azur-scenic.com\/pt-pt\/wp-json\/wp\/v2\/types\/product"}],"wp:featuredmedia":[{"embeddable":true,"href":"https:\/\/www.azur-scenic.com\/pt-pt\/wp-json\/wp\/v2\/media\/13868"}],"wp:attachment":[{"href":"https:\/\/www.azur-scenic.com\/pt-pt\/wp-json\/wp\/v2\/media?parent=17728"}],"wp:term":[{"taxonomy":"product_brand","embeddable":true,"href":"https:\/\/www.azur-scenic.com\/pt-pt\/wp-json\/wp\/v2\/product_brand?post=17728"},{"taxonomy":"product_cat","embeddable":true,"href":"https:\/\/www.azur-scenic.com\/pt-pt\/wp-json\/wp\/v2\/product_cat?post=17728"},{"taxonomy":"product_tag","embeddable":true,"href":"https:\/\/www.azur-scenic.com\/pt-pt\/wp-json\/wp\/v2\/product_tag?post=17728"}],"curies":[{"name":"wp","href":"https:\/\/api.w.org\/{rel}","templated":true}]}}