{"id":17748,"date":"2022-10-04T07:27:27","date_gmt":"2022-10-04T07:27:27","guid":{"rendered":"https:\/\/www.azur-scenic.com\/produit\/tarlatane\/"},"modified":"2023-08-02T13:21:27","modified_gmt":"2023-08-02T13:21:27","slug":"tarlatana","status":"publish","type":"product","link":"https:\/\/www.azur-scenic.com\/pt-pt\/produto\/tarlatana\/","title":{"rendered":"Tarlatana"},"content":{"rendered":"<table>\n<thead>\n<tr>\n<th style=\"width: 170px;\">Dados t\u00e9cnicos<\/th>\n<th style=\"width: 92px;\">Valor<\/th>\n<th style=\"width: 267px;\">Coment\u00e1rio<\/th>\n<\/tr>\n<\/thead>\n<tbody>\n<tr>\n<td style=\"vertical-align: top;\">Largura<\/td>\n<td style=\"vertical-align: top; width: 92px;\">160 cm<\/td>\n<td style=\"width: 267px;\">\u00a0<\/td>\n<\/tr>\n<tr>\n<td style=\"vertical-align: top;\">Peso<\/td>\n<td style=\"vertical-align: top; width: 92px;\">35 g\/m\u00b2<\/td>\n<td style=\"width: 267px;\">\u00a0<\/td>\n<\/tr>\n<tr>\n<td style=\"vertical-align: top;\">Espessura<\/td>\n<td style=\"vertical-align: top; width: 92px;\">0,2 mm<\/td>\n<td style=\"width: 267px;\">\u00a0<\/td>\n<\/tr>\n<tr>\n<td style=\"vertical-align: top;\">Classifica\u00e7\u00e3o de rea\u00e7\u00e3o ao fogo<\/td>\n<td style=\"vertical-align: top; width: 92px;\">Sem classifica\u00e7\u00e3o<\/td>\n<td style=\"width: 267px;\">\u00c0 prova de fogo a pedido, apenas por pe\u00e7as inteiras (consultar-nos para pre\u00e7os e prazos de entrega)<br \/>\n<span style=\"font-size: 10pt;\"><em>Durante o processo de ignifuga\u00e7\u00e3o (resist\u00eancia ao fogo), a Tarlatana sofre uma retra\u00e7\u00e3o. Por conseguinte, <\/em><\/span><span style=\"font-size: 13px;\"><em>encomendar uma pe\u00e7a de 50 m resistente ao fogo (ign\u00edfuga)<\/em><\/span><span style=\"font-size: 13px;\"><em> resultar\u00e1 na entrega de uma pe\u00e7a com um comprimento final <\/em><\/span><span style=\"font-size: 13px;\"><em>entre 45 e 50 m<\/em><\/span>.<\/td>\n<\/tr>\n<tr>\n<td style=\"vertical-align: top;\">Composi\u00e7\u00e3o<\/td>\n<td style=\"vertical-align: top; width: 92px;\">100% algod\u00e3o<\/td>\n<td style=\"width: 267px;\">\u00a0<\/td>\n<\/tr>\n<tr>\n<td style=\"vertical-align: top;\">Comprimento do rolo<\/td>\n<td style=\"vertical-align: top; width: 92px;\">50 m<br \/>\nRolo de largura completa<\/td>\n<td style=\"vertical-align: top; width: 267px;\">Apenas para venda \u00e0 pe\u00e7a<br \/>\n(sem corte)<\/td>\n<\/tr>\n<\/tbody>\n<\/table>\n","protected":false},"excerpt":{"rendered":"<p>A tarlatana \u00e9 um tecido <strong><span style=\"color: #f88523;\">leve<\/span><\/strong> com uma malha aberta e de aspeto irregular, tem a particularidade de ser <span style=\"color: #f88523;\"><strong>muito apertada<\/strong><\/span>, o que lhe confere <span style=\"color: #f88523;\"><strong>rigidez<\/strong><\/span> e <span style=\"color: #f88523;\"><strong>maleabilidade<\/strong><\/span>. Esta tela n\u00e3o possui qualquer <span style=\"color: #f88523;\"><strong>elasticidade<\/strong><\/span>, pelo que mant\u00e9m a forma que se deseja que apresente.<br \/>\nEste t\u00eaxtil muito <span style=\"color: #f88523;\"><strong>econ\u00f3mico<\/strong><\/span> ser\u00e1 particularmente apreciado para a realiza\u00e7\u00e3o de <span style=\"color: #f88523;\"><strong>decora\u00e7\u00e3o de eventos<\/strong><\/span>, mas tamb\u00e9m para <span style=\"color: #f88523;\"><strong>cen\u00e1rios e adere\u00e7os c\u00e9nicos<\/strong><\/span>. Revestido de um suporte, permitir-lhe-\u00e1 dar relevo \u00e0s suas cria\u00e7\u00f5es. Tamb\u00e9m pode ser utilizado para a cria\u00e7\u00e3o de <span style=\"color: #f88523;\"><strong>tape\u00e7arias de parede<\/strong><\/span>, <span style=\"color: #f88523;\"><strong>para cobrir estruturas<\/strong><\/span> e stands, ou para fazer <span style=\"color: #f88523;\"><strong>cortinas<\/strong><\/span>.<br \/>\nInteiramente tecido com fibras naturais de algod\u00e3o, a tarlatana \u00e9 um <span style=\"color: #f88523;\"><strong>tecido ecol\u00f3gico<\/strong><\/span> que respeita o meio ambiente.<br \/>\nComo a maioria dos tecidos de malha aberta, a tarlatana oferece uma <span style=\"color: #f88523;\"><strong>transpar\u00eancia ac\u00fastica<\/strong><\/span> perfeita.<\/p>\n<table class=\"table\">\n<tbody>\n<tr>\n<td><strong>Largura<\/strong>: 160 cm<\/td>\n<td><strong>Peso<\/strong>: 35 g\/m\u00b2<\/td>\n<\/tr>\n<tr>\n<td><strong>Classifica\u00e7\u00e3o de rea\u00e7\u00e3o ao fogo<\/strong>: Sem classifica\u00e7\u00e3o<\/td>\n<td><strong>Composi\u00e7\u00e3o<\/strong>: 100% Algod\u00e3o<\/td>\n<\/tr>\n<\/tbody>\n<\/table>\n","protected":false},"featured_media":14138,"template":"","meta":{"_acf_changed":false},"product_brand":[],"product_cat":[921,916,1341,1342,1343,1340],"product_tag":[],"class_list":{"0":"post-17748","1":"product","2":"type-product","3":"status-publish","4":"has-post-thumbnail","6":"product_cat-todos-os-produtos","7":"product_cat-texteis-cenicos-e-para-eventos","8":"product_cat-telas-para-pintar-e-telas-de-insercao-chroma-key","9":"product_cat-telas-para-pintar","10":"product_cat-veus-e-tecidos-leves","11":"product_cat-telas-extraleves","12":"pa_couleurs-002-es","13":"pa_couleurs-002-branco","14":"pa_couleurs-003-negro","15":"pa_couleurs-003-es","16":"pa_couleurs-240-es","17":"pa_couleurs-450-es","18":"pa_couleurs-460-es","19":"pa_couleurs-650-es","20":"pa_couleurs-760-es","21":"pa_groupes-de-couleurs-branco","22":"pa_groupes-de-couleurs-negro","23":"pa_textiles-transparencia-acustica","24":"pa_textiles-ecologico","25":"pa_textiles-economico","27":"first","28":"instock","29":"shipping-taxable","30":"purchasable","31":"product-type-variable"},"acf":[],"yoast_head":"<!-- This site is optimized with the Yoast SEO plugin v27.3 - https:\/\/yoast.com\/product\/yoast-seo-wordpress\/ -->\n<title>Tarlatana - Azur Scenic<\/title>\n<meta name=\"robots\" content=\"index, follow, max-snippet:-1, max-image-preview:large, max-video-preview:-1\" \/>\n<link rel=\"canonical\" href=\"https:\/\/www.azur-scenic.com\/pt-pt\/produto\/tarlatana\/\" \/>\n<meta property=\"og:locale\" content=\"pt_PT\" \/>\n<meta property=\"og:type\" content=\"article\" \/>\n<meta property=\"og:title\" content=\"Tarlatana - Azur Scenic\" \/>\n<meta property=\"og:description\" content=\"A tarlatana \u00e9 um tecido leve com uma malha aberta e de aspeto irregular, tem a particularidade de ser muito apertada, o que lhe confere rigidez e maleabilidade. Esta tela n\u00e3o possui qualquer elasticidade, pelo que mant\u00e9m a forma que se deseja que apresente. Este t\u00eaxtil muito econ\u00f3mico ser\u00e1 particularmente apreciado para a realiza\u00e7\u00e3o de decora\u00e7\u00e3o de eventos, mas tamb\u00e9m para cen\u00e1rios e adere\u00e7os c\u00e9nicos. Revestido de um suporte, permitir-lhe-\u00e1 dar relevo \u00e0s suas cria\u00e7\u00f5es. Tamb\u00e9m pode ser utilizado para a cria\u00e7\u00e3o de tape\u00e7arias de parede, para cobrir estruturas e stands, ou para fazer cortinas. Inteiramente tecido com fibras naturais de algod\u00e3o, a tarlatana \u00e9 um tecido ecol\u00f3gico que respeita o meio ambiente. Como a maioria dos tecidos de malha aberta, a tarlatana oferece uma transpar\u00eancia ac\u00fastica perfeita.  Largura: 160 cm Peso: 35 g\/m\u00b2  Classifica\u00e7\u00e3o de rea\u00e7\u00e3o ao fogo: Sem classifica\u00e7\u00e3o Composi\u00e7\u00e3o: 100% Algod\u00e3o\" \/>\n<meta property=\"og:url\" content=\"https:\/\/www.azur-scenic.com\/pt-pt\/produto\/tarlatana\/\" \/>\n<meta property=\"og:site_name\" content=\"Azur Scenic\" \/>\n<meta property=\"article:modified_time\" content=\"2023-08-02T13:21:27+00:00\" \/>\n<meta property=\"og:image\" content=\"https:\/\/www.azur-scenic.com\/wp-content\/uploads\/Tarlatane-Brun-scaled.jpg\" \/>\n\t<meta property=\"og:image:width\" content=\"2560\" \/>\n\t<meta property=\"og:image:height\" content=\"2560\" \/>\n\t<meta property=\"og:image:type\" content=\"image\/jpeg\" \/>\n<meta name=\"twitter:card\" content=\"summary_large_image\" \/>\n<meta name=\"twitter:label1\" content=\"Tempo estimado de leitura\" \/>\n\t<meta name=\"twitter:data1\" content=\"1 minuto\" \/>\n<script type=\"application\/ld+json\" class=\"yoast-schema-graph\">{\"@context\":\"https:\\\/\\\/schema.org\",\"@graph\":[{\"@type\":\"WebPage\",\"@id\":\"https:\\\/\\\/www.azur-scenic.com\\\/pt-pt\\\/produto\\\/tarlatana\\\/\",\"url\":\"https:\\\/\\\/www.azur-scenic.com\\\/pt-pt\\\/produto\\\/tarlatana\\\/\",\"name\":\"Tarlatana - Azur Scenic\",\"isPartOf\":{\"@id\":\"https:\\\/\\\/www.azur-scenic.com\\\/pt-pt\\\/#website\"},\"primaryImageOfPage\":{\"@id\":\"https:\\\/\\\/www.azur-scenic.com\\\/pt-pt\\\/produto\\\/tarlatana\\\/#primaryimage\"},\"image\":{\"@id\":\"https:\\\/\\\/www.azur-scenic.com\\\/pt-pt\\\/produto\\\/tarlatana\\\/#primaryimage\"},\"thumbnailUrl\":\"https:\\\/\\\/www.azur-scenic.com\\\/wp-content\\\/uploads\\\/Tarlatane-Brun-scaled.jpg\",\"datePublished\":\"2022-10-04T07:27:27+00:00\",\"dateModified\":\"2023-08-02T13:21:27+00:00\",\"breadcrumb\":{\"@id\":\"https:\\\/\\\/www.azur-scenic.com\\\/pt-pt\\\/produto\\\/tarlatana\\\/#breadcrumb\"},\"inLanguage\":\"pt-PT\",\"potentialAction\":[{\"@type\":\"ReadAction\",\"target\":[\"https:\\\/\\\/www.azur-scenic.com\\\/pt-pt\\\/produto\\\/tarlatana\\\/\"]}]},{\"@type\":\"ImageObject\",\"inLanguage\":\"pt-PT\",\"@id\":\"https:\\\/\\\/www.azur-scenic.com\\\/pt-pt\\\/produto\\\/tarlatana\\\/#primaryimage\",\"url\":\"https:\\\/\\\/www.azur-scenic.com\\\/wp-content\\\/uploads\\\/Tarlatane-Brun-scaled.jpg\",\"contentUrl\":\"https:\\\/\\\/www.azur-scenic.com\\\/wp-content\\\/uploads\\\/Tarlatane-Brun-scaled.jpg\",\"width\":2560,\"height\":2560,\"caption\":\"Tarlatane Brun\"},{\"@type\":\"BreadcrumbList\",\"@id\":\"https:\\\/\\\/www.azur-scenic.com\\\/pt-pt\\\/produto\\\/tarlatana\\\/#breadcrumb\",\"itemListElement\":[{\"@type\":\"ListItem\",\"position\":1,\"name\":\"Accueil\",\"item\":\"https:\\\/\\\/www.azur-scenic.com\\\/pt-pt\\\/\"},{\"@type\":\"ListItem\",\"position\":2,\"name\":\"Produits\",\"item\":\"https:\\\/\\\/www.azur-scenic.com\\\/pt-pt\\\/?page_id=21439\"},{\"@type\":\"ListItem\",\"position\":3,\"name\":\"Tarlatana\"}]},{\"@type\":\"WebSite\",\"@id\":\"https:\\\/\\\/www.azur-scenic.com\\\/pt-pt\\\/#website\",\"url\":\"https:\\\/\\\/www.azur-scenic.com\\\/pt-pt\\\/\",\"name\":\"Azur Scenic\",\"description\":\"Sp\u00e9cialiste de l\u2019\u00e9quipement sc\u00e9nique et de la d\u00e9coration int\u00e9rieure et \u00e9v\u00e9nementielle !\",\"publisher\":{\"@id\":\"https:\\\/\\\/www.azur-scenic.com\\\/pt-pt\\\/#organization\"},\"potentialAction\":[{\"@type\":\"SearchAction\",\"target\":{\"@type\":\"EntryPoint\",\"urlTemplate\":\"https:\\\/\\\/www.azur-scenic.com\\\/pt-pt\\\/?s={search_term_string}\"},\"query-input\":{\"@type\":\"PropertyValueSpecification\",\"valueRequired\":true,\"valueName\":\"search_term_string\"}}],\"inLanguage\":\"pt-PT\"},{\"@type\":\"Organization\",\"@id\":\"https:\\\/\\\/www.azur-scenic.com\\\/pt-pt\\\/#organization\",\"name\":\"AZUR SCENIC\",\"url\":\"https:\\\/\\\/www.azur-scenic.com\\\/pt-pt\\\/\",\"logo\":{\"@type\":\"ImageObject\",\"inLanguage\":\"pt-PT\",\"@id\":\"https:\\\/\\\/www.azur-scenic.com\\\/pt-pt\\\/#\\\/schema\\\/logo\\\/image\\\/\",\"url\":\"https:\\\/\\\/www.azur-scenic.com\\\/wp-content\\\/uploads\\\/2022\\\/09\\\/LOGO-AZUR-SCENIC-Fusion-web-236x64-1.jpg\",\"contentUrl\":\"https:\\\/\\\/www.azur-scenic.com\\\/wp-content\\\/uploads\\\/2022\\\/09\\\/LOGO-AZUR-SCENIC-Fusion-web-236x64-1.jpg\",\"width\":236,\"height\":64,\"caption\":\"AZUR SCENIC\"},\"image\":{\"@id\":\"https:\\\/\\\/www.azur-scenic.com\\\/pt-pt\\\/#\\\/schema\\\/logo\\\/image\\\/\"},\"sameAs\":[\"https:\\\/\\\/www.youtube.com\\\/channel\\\/UCPWM2mGPVUt4nYhNlm71WOA\",\"https:\\\/\\\/www.linkedin.com\\\/company\\\/33237605\\\/admin\\\/feed\\\/posts\\\/\"]}]}<\/script>\n<!-- \/ Yoast SEO plugin. -->","yoast_head_json":{"title":"Tarlatana - Azur Scenic","robots":{"index":"index","follow":"follow","max-snippet":"max-snippet:-1","max-image-preview":"max-image-preview:large","max-video-preview":"max-video-preview:-1"},"canonical":"https:\/\/www.azur-scenic.com\/pt-pt\/produto\/tarlatana\/","og_locale":"pt_PT","og_type":"article","og_title":"Tarlatana - Azur Scenic","og_description":"A tarlatana \u00e9 um tecido leve com uma malha aberta e de aspeto irregular, tem a particularidade de ser muito apertada, o que lhe confere rigidez e maleabilidade. Esta tela n\u00e3o possui qualquer elasticidade, pelo que mant\u00e9m a forma que se deseja que apresente. Este t\u00eaxtil muito econ\u00f3mico ser\u00e1 particularmente apreciado para a realiza\u00e7\u00e3o de decora\u00e7\u00e3o de eventos, mas tamb\u00e9m para cen\u00e1rios e adere\u00e7os c\u00e9nicos. Revestido de um suporte, permitir-lhe-\u00e1 dar relevo \u00e0s suas cria\u00e7\u00f5es. Tamb\u00e9m pode ser utilizado para a cria\u00e7\u00e3o de tape\u00e7arias de parede, para cobrir estruturas e stands, ou para fazer cortinas. Inteiramente tecido com fibras naturais de algod\u00e3o, a tarlatana \u00e9 um tecido ecol\u00f3gico que respeita o meio ambiente. Como a maioria dos tecidos de malha aberta, a tarlatana oferece uma transpar\u00eancia ac\u00fastica perfeita.  Largura: 160 cm Peso: 35 g\/m\u00b2  Classifica\u00e7\u00e3o de rea\u00e7\u00e3o ao fogo: Sem classifica\u00e7\u00e3o Composi\u00e7\u00e3o: 100% Algod\u00e3o","og_url":"https:\/\/www.azur-scenic.com\/pt-pt\/produto\/tarlatana\/","og_site_name":"Azur Scenic","article_modified_time":"2023-08-02T13:21:27+00:00","og_image":[{"width":2560,"height":2560,"url":"https:\/\/www.azur-scenic.com\/wp-content\/uploads\/Tarlatane-Brun-scaled.jpg","type":"image\/jpeg"}],"twitter_card":"summary_large_image","twitter_misc":{"Tempo estimado de leitura":"1 minuto"},"schema":{"@context":"https:\/\/schema.org","@graph":[{"@type":"WebPage","@id":"https:\/\/www.azur-scenic.com\/pt-pt\/produto\/tarlatana\/","url":"https:\/\/www.azur-scenic.com\/pt-pt\/produto\/tarlatana\/","name":"Tarlatana - Azur Scenic","isPartOf":{"@id":"https:\/\/www.azur-scenic.com\/pt-pt\/#website"},"primaryImageOfPage":{"@id":"https:\/\/www.azur-scenic.com\/pt-pt\/produto\/tarlatana\/#primaryimage"},"image":{"@id":"https:\/\/www.azur-scenic.com\/pt-pt\/produto\/tarlatana\/#primaryimage"},"thumbnailUrl":"https:\/\/www.azur-scenic.com\/wp-content\/uploads\/Tarlatane-Brun-scaled.jpg","datePublished":"2022-10-04T07:27:27+00:00","dateModified":"2023-08-02T13:21:27+00:00","breadcrumb":{"@id":"https:\/\/www.azur-scenic.com\/pt-pt\/produto\/tarlatana\/#breadcrumb"},"inLanguage":"pt-PT","potentialAction":[{"@type":"ReadAction","target":["https:\/\/www.azur-scenic.com\/pt-pt\/produto\/tarlatana\/"]}]},{"@type":"ImageObject","inLanguage":"pt-PT","@id":"https:\/\/www.azur-scenic.com\/pt-pt\/produto\/tarlatana\/#primaryimage","url":"https:\/\/www.azur-scenic.com\/wp-content\/uploads\/Tarlatane-Brun-scaled.jpg","contentUrl":"https:\/\/www.azur-scenic.com\/wp-content\/uploads\/Tarlatane-Brun-scaled.jpg","width":2560,"height":2560,"caption":"Tarlatane Brun"},{"@type":"BreadcrumbList","@id":"https:\/\/www.azur-scenic.com\/pt-pt\/produto\/tarlatana\/#breadcrumb","itemListElement":[{"@type":"ListItem","position":1,"name":"Accueil","item":"https:\/\/www.azur-scenic.com\/pt-pt\/"},{"@type":"ListItem","position":2,"name":"Produits","item":"https:\/\/www.azur-scenic.com\/pt-pt\/?page_id=21439"},{"@type":"ListItem","position":3,"name":"Tarlatana"}]},{"@type":"WebSite","@id":"https:\/\/www.azur-scenic.com\/pt-pt\/#website","url":"https:\/\/www.azur-scenic.com\/pt-pt\/","name":"Azur Scenic","description":"Sp\u00e9cialiste de l\u2019\u00e9quipement sc\u00e9nique et de la d\u00e9coration int\u00e9rieure et \u00e9v\u00e9nementielle !","publisher":{"@id":"https:\/\/www.azur-scenic.com\/pt-pt\/#organization"},"potentialAction":[{"@type":"SearchAction","target":{"@type":"EntryPoint","urlTemplate":"https:\/\/www.azur-scenic.com\/pt-pt\/?s={search_term_string}"},"query-input":{"@type":"PropertyValueSpecification","valueRequired":true,"valueName":"search_term_string"}}],"inLanguage":"pt-PT"},{"@type":"Organization","@id":"https:\/\/www.azur-scenic.com\/pt-pt\/#organization","name":"AZUR SCENIC","url":"https:\/\/www.azur-scenic.com\/pt-pt\/","logo":{"@type":"ImageObject","inLanguage":"pt-PT","@id":"https:\/\/www.azur-scenic.com\/pt-pt\/#\/schema\/logo\/image\/","url":"https:\/\/www.azur-scenic.com\/wp-content\/uploads\/2022\/09\/LOGO-AZUR-SCENIC-Fusion-web-236x64-1.jpg","contentUrl":"https:\/\/www.azur-scenic.com\/wp-content\/uploads\/2022\/09\/LOGO-AZUR-SCENIC-Fusion-web-236x64-1.jpg","width":236,"height":64,"caption":"AZUR SCENIC"},"image":{"@id":"https:\/\/www.azur-scenic.com\/pt-pt\/#\/schema\/logo\/image\/"},"sameAs":["https:\/\/www.youtube.com\/channel\/UCPWM2mGPVUt4nYhNlm71WOA","https:\/\/www.linkedin.com\/company\/33237605\/admin\/feed\/posts\/"]}]}},"_links":{"self":[{"href":"https:\/\/www.azur-scenic.com\/pt-pt\/wp-json\/wp\/v2\/product\/17748","targetHints":{"allow":["GET"]}}],"collection":[{"href":"https:\/\/www.azur-scenic.com\/pt-pt\/wp-json\/wp\/v2\/product"}],"about":[{"href":"https:\/\/www.azur-scenic.com\/pt-pt\/wp-json\/wp\/v2\/types\/product"}],"wp:featuredmedia":[{"embeddable":true,"href":"https:\/\/www.azur-scenic.com\/pt-pt\/wp-json\/wp\/v2\/media\/14138"}],"wp:attachment":[{"href":"https:\/\/www.azur-scenic.com\/pt-pt\/wp-json\/wp\/v2\/media?parent=17748"}],"wp:term":[{"taxonomy":"product_brand","embeddable":true,"href":"https:\/\/www.azur-scenic.com\/pt-pt\/wp-json\/wp\/v2\/product_brand?post=17748"},{"taxonomy":"product_cat","embeddable":true,"href":"https:\/\/www.azur-scenic.com\/pt-pt\/wp-json\/wp\/v2\/product_cat?post=17748"},{"taxonomy":"product_tag","embeddable":true,"href":"https:\/\/www.azur-scenic.com\/pt-pt\/wp-json\/wp\/v2\/product_tag?post=17748"}],"curies":[{"name":"wp","href":"https:\/\/api.w.org\/{rel}","templated":true}]}}