{"id":17776,"date":"2022-10-04T07:27:23","date_gmt":"2022-10-04T07:27:23","guid":{"rendered":"https:\/\/www.azur-scenic.com\/produit\/retro-gris\/"},"modified":"2023-08-02T13:21:32","modified_gmt":"2023-08-02T13:21:32","slug":"retro-cinzento","status":"publish","type":"product","link":"https:\/\/www.azur-scenic.com\/pt-pt\/produto\/retro-cinzento\/","title":{"rendered":"Retro cinzento"},"content":{"rendered":"<table>\n<thead>\n<tr>\n<th style=\"width: 170px;\">Dados t\u00e9cnicos<\/th>\n<th style=\"width: 187px;\">Valor<\/th>\n<th style=\"width: 153px;\">Coment\u00e1rio<\/th>\n<\/tr>\n<\/thead>\n<tbody>\n<tr>\n<td style=\"vertical-align: top;\">Largura<\/td>\n<td style=\"vertical-align: top; width: 187px;\">230 cm<\/td>\n<td style=\"vertical-align: top; width: 153px;\">\u00a0<\/td>\n<\/tr>\n<tr>\n<td style=\"vertical-align: top;\">Peso<\/td>\n<td style=\"vertical-align: top; width: 187px;\">450 g\/m\u00b2<\/td>\n<td style=\"vertical-align: top; width: 153px;\">Norma: NF T 54-101<\/td>\n<\/tr>\n<tr>\n<td style=\"vertical-align: top;\">Espessura<\/td>\n<td style=\"vertical-align: top; width: 187px;\">0,3 mm<\/td>\n<td style=\"vertical-align: top; width: 153px;\">Norma: NF T 54-101<\/td>\n<\/tr>\n<tr>\n<td style=\"vertical-align: top;\">Classifica\u00e7\u00e3o de rea\u00e7\u00e3o ao fogo<\/td>\n<td style=\"vertical-align: top; width: 187px;\"><img decoding=\"async\" style=\"height: 20px; width: 20px;\" src=\"https:\/\/www.azur-scenic.com\/wp-content\/uploads\/icon-flag-france.png?1542281963\" \/> M1<br \/>\n<img decoding=\"async\" style=\"height: 20px; width: 20px;\" src=\"https:\/\/www.azur-scenic.com\/wp-content\/uploads\/icon-flag-usa.png\" \/>\u00a0Pass<\/td>\n<td style=\"vertical-align: top; width: 153px;\">Norma: NF P 92-503-507<br \/>\nNorma: NFPA 701<\/td>\n<\/tr>\n<tr>\n<td style=\"vertical-align: top;\">Composi\u00e7\u00e3o<\/td>\n<td style=\"vertical-align: top; width: 187px;\">100% PVC<\/td>\n<td style=\"vertical-align: top; width: 153px;\">\u00a0<\/td>\n<\/tr>\n<tr>\n<td style=\"vertical-align: top;\">Comprimento do rolo<\/td>\n<td style=\"vertical-align: top; width: 187px;\">100 m<\/td>\n<td style=\"vertical-align: top; width: 153px;\">Possibilidade de venda a retalho<\/td>\n<\/tr>\n<tr>\n<td style=\"vertical-align: top;\">Alongamento de rutura<\/td>\n<td style=\"vertical-align: top; width: 187px;\">Sentido m\u00e1quina: > 200%<br \/>\nSentido transversal: > 200%<\/td>\n<td style=\"vertical-align: top; width: 153px;\">NF EN ISO 527-3<\/td>\n<\/tr>\n<tr>\n<td style=\"vertical-align: top;\">Resist\u00eancia \u00e0 tra\u00e7\u00e3o<\/td>\n<td style=\"vertical-align: top; width: 187px;\">Sentido m\u00e1quina: > 12 MPa<br \/>\nSentido transversal: > 12 MPa<\/td>\n<td style=\"vertical-align: top; width: 153px;\">NF EN ISO 527-3<\/td>\n<\/tr>\n<\/tbody>\n<\/table>\n","protected":false},"excerpt":{"rendered":"<p>A chapa de PVC flex\u00edvel de refer\u00eancia, de cor cinzento m\u00e9dio, classe <strong><span style=\"color: #f88523;\">M1<\/span><\/strong> de rea\u00e7\u00e3o ao fogo (ign\u00edfugo), para a realiza\u00e7\u00e3o de <span style=\"color: #f88523;\"><strong>ecr\u00e3s de retroproje\u00e7\u00e3o<\/strong><\/span> e <span style=\"color: #f88523;\"><strong>cicloramas<\/strong><\/span>.<br \/>\nDurante o processo de fabrico, o nosso objetivo \u00e9 obter uma transpar\u00eancia homog\u00e9nea da superf\u00edcie, de modo a oferecer <span style=\"color: #f88523;\"><strong>propriedades \u00f3ticas otimizadas<\/strong><\/span>. Esta cor cinzenta <span style=\"color: #f88523;\"><strong>n\u00e3o causa quaisquer pontos quentes<\/strong><\/span>, e permite uma proje\u00e7\u00e3o de <span style=\"color: #f88523;\"><strong>alta defini\u00e7\u00e3o<\/strong><\/span> com <span style=\"color: #f88523;\"><strong>excelente contraste<\/strong><\/span> sobre um amplo \u00e2ngulo de vis\u00e3o.<br \/>\nAsseguramos tamb\u00e9m a melhor <span style=\"color: #f88523;\"><strong>planura<\/strong><\/span> poss\u00edvel e nas nossas oficinas, fazemos <span style=\"color: #f88523;\"><strong>soldaduras de montagem quase invis\u00edveis<\/strong><\/span> (ultrafinas e ultraplanas) para permitir que os nossos ecr\u00e3s sejam <span style=\"color: #f88523;\"><strong>suspensos<\/strong><\/span>, esticados em arma\u00e7\u00f5es ou <span style=\"color: #f88523;\"><strong>montados<\/strong><\/span> em <span style=\"color: #f88523;\"><strong>enroladores motorizados<\/strong><\/span>.<br \/>\nEsta tela de PVC <span style=\"color: #f88523;\"><strong>lav\u00e1vel<\/strong><\/span> \u00e9 adequada tanto para uso interior como <span style=\"color: #f88523;\"><strong>exterior<\/strong><\/span>, e beneficia igualmente de propriedades de <span style=\"color: #f88523;\"><strong>isolamento ac\u00fastico<\/strong><\/span>.<br \/>\nEste ecr\u00e3 tamb\u00e9m pode ser <span style=\"color: #f88523;\"><strong>impresso<\/strong><\/span> para dar r\u00e9dea solta \u00e0s suas cenografias mais imaginativas.<\/p>\n<p>\u00a0<\/p>\n<table class=\"table\">\n<tbody>\n<tr>\n<td><strong>Largura<\/strong>: 230 cm<\/td>\n<td><strong>Peso<\/strong>: 450 g\/m\u00b2<\/td>\n<\/tr>\n<tr>\n<td><strong>Classifica\u00e7\u00e3o de rea\u00e7\u00e3o ao fogo<\/strong>: <img decoding=\"async\" style=\"height: 20px; width: 20px;\" src=\"https:\/\/www.azur-scenic.com\/wp-content\/uploads\/icon-flag-france.png?1542281963\" \/>M1\u00a0\u00a0<img decoding=\"async\" style=\"height: 20px; width: 20px;\" src=\"https:\/\/www.azur-scenic.com\/wp-content\/uploads\/icon-flag-usa.png\" \/>Pass<\/td>\n<td><strong>Composi\u00e7\u00e3o<\/strong>: 100% PVC<\/td>\n<\/tr>\n<\/tbody>\n<\/table>\n","protected":false},"featured_media":7552,"template":"","meta":{"_acf_changed":false},"product_brand":[],"product_cat":[921,1204,1371],"product_tag":[],"class_list":{"0":"post-17776","1":"product","2":"type-product","3":"status-publish","4":"has-post-thumbnail","6":"product_cat-todos-os-produtos","7":"product_cat-ecras-de-projecao-e-telas-em-pvc","8":"product_cat-telas-de-retroprojecao","9":"pa_couleurs-100-cinzento","10":"pa_groupes-de-couleurs-cinzento","11":"pa_textiles-adaptado-para-exterior","12":"pa_textiles-classificacao-de-reacao-ao-fogo-ignifugo","13":"pa_textiles-imprimivel","14":"pa_textiles-isolante-acustico","15":"pa_textiles-lavavel","16":"pa_textiles-retroprojecao","17":"pa_textiles-transparentes-e-translucidos","19":"first","20":"instock","21":"shipping-taxable","22":"purchasable","23":"product-type-simple"},"acf":[],"yoast_head":"<!-- This site is optimized with the Yoast SEO plugin v27.3 - https:\/\/yoast.com\/product\/yoast-seo-wordpress\/ -->\n<title>Retro cinzento - Azur Scenic<\/title>\n<meta name=\"robots\" content=\"index, follow, max-snippet:-1, max-image-preview:large, max-video-preview:-1\" \/>\n<link rel=\"canonical\" href=\"https:\/\/www.azur-scenic.com\/pt-pt\/produto\/retro-cinzento\/\" \/>\n<meta property=\"og:locale\" content=\"pt_PT\" \/>\n<meta property=\"og:type\" content=\"article\" \/>\n<meta property=\"og:title\" content=\"Retro cinzento - Azur Scenic\" \/>\n<meta property=\"og:description\" content=\"A chapa de PVC flex\u00edvel de refer\u00eancia, de cor cinzento m\u00e9dio, classe M1 de rea\u00e7\u00e3o ao fogo (ign\u00edfugo), para a realiza\u00e7\u00e3o de ecr\u00e3s de retroproje\u00e7\u00e3o e cicloramas. Durante o processo de fabrico, o nosso objetivo \u00e9 obter uma transpar\u00eancia homog\u00e9nea da superf\u00edcie, de modo a oferecer propriedades \u00f3ticas otimizadas. Esta cor cinzenta n\u00e3o causa quaisquer pontos quentes, e permite uma proje\u00e7\u00e3o de alta defini\u00e7\u00e3o com excelente contraste sobre um amplo \u00e2ngulo de vis\u00e3o. Asseguramos tamb\u00e9m a melhor planura poss\u00edvel e nas nossas oficinas, fazemos soldaduras de montagem quase invis\u00edveis (ultrafinas e ultraplanas) para permitir que os nossos ecr\u00e3s sejam suspensos, esticados em arma\u00e7\u00f5es ou montados em enroladores motorizados. Esta tela de PVC lav\u00e1vel \u00e9 adequada tanto para uso interior como exterior, e beneficia igualmente de propriedades de isolamento ac\u00fastico. Este ecr\u00e3 tamb\u00e9m pode ser impresso para dar r\u00e9dea solta \u00e0s suas cenografias mais imaginativas. \u00a0  Largura: 230 cm Peso: 450 g\/m\u00b2  Classifica\u00e7\u00e3o de rea\u00e7\u00e3o ao fogo: M1\u00a0\u00a0Pass Composi\u00e7\u00e3o: 100% PVC\" \/>\n<meta property=\"og:url\" content=\"https:\/\/www.azur-scenic.com\/pt-pt\/produto\/retro-cinzento\/\" \/>\n<meta property=\"og:site_name\" content=\"Azur Scenic\" \/>\n<meta property=\"article:modified_time\" content=\"2023-08-02T13:21:32+00:00\" \/>\n<meta property=\"og:image\" content=\"https:\/\/www.azur-scenic.com\/wp-content\/uploads\/7f80fd2f512d8ad7bc52bf5407072dba.png\" \/>\n\t<meta property=\"og:image:width\" content=\"430\" \/>\n\t<meta property=\"og:image:height\" content=\"430\" \/>\n\t<meta property=\"og:image:type\" content=\"image\/png\" \/>\n<meta name=\"twitter:card\" content=\"summary_large_image\" \/>\n<script type=\"application\/ld+json\" class=\"yoast-schema-graph\">{\"@context\":\"https:\\\/\\\/schema.org\",\"@graph\":[{\"@type\":\"WebPage\",\"@id\":\"https:\\\/\\\/www.azur-scenic.com\\\/pt-pt\\\/produto\\\/retro-cinzento\\\/\",\"url\":\"https:\\\/\\\/www.azur-scenic.com\\\/pt-pt\\\/produto\\\/retro-cinzento\\\/\",\"name\":\"Retro cinzento - Azur Scenic\",\"isPartOf\":{\"@id\":\"https:\\\/\\\/www.azur-scenic.com\\\/pt-pt\\\/#website\"},\"primaryImageOfPage\":{\"@id\":\"https:\\\/\\\/www.azur-scenic.com\\\/pt-pt\\\/produto\\\/retro-cinzento\\\/#primaryimage\"},\"image\":{\"@id\":\"https:\\\/\\\/www.azur-scenic.com\\\/pt-pt\\\/produto\\\/retro-cinzento\\\/#primaryimage\"},\"thumbnailUrl\":\"https:\\\/\\\/www.azur-scenic.com\\\/wp-content\\\/uploads\\\/7f80fd2f512d8ad7bc52bf5407072dba.png\",\"datePublished\":\"2022-10-04T07:27:23+00:00\",\"dateModified\":\"2023-08-02T13:21:32+00:00\",\"breadcrumb\":{\"@id\":\"https:\\\/\\\/www.azur-scenic.com\\\/pt-pt\\\/produto\\\/retro-cinzento\\\/#breadcrumb\"},\"inLanguage\":\"pt-PT\",\"potentialAction\":[{\"@type\":\"ReadAction\",\"target\":[\"https:\\\/\\\/www.azur-scenic.com\\\/pt-pt\\\/produto\\\/retro-cinzento\\\/\"]}]},{\"@type\":\"ImageObject\",\"inLanguage\":\"pt-PT\",\"@id\":\"https:\\\/\\\/www.azur-scenic.com\\\/pt-pt\\\/produto\\\/retro-cinzento\\\/#primaryimage\",\"url\":\"https:\\\/\\\/www.azur-scenic.com\\\/wp-content\\\/uploads\\\/7f80fd2f512d8ad7bc52bf5407072dba.png\",\"contentUrl\":\"https:\\\/\\\/www.azur-scenic.com\\\/wp-content\\\/uploads\\\/7f80fd2f512d8ad7bc52bf5407072dba.png\",\"width\":430,\"height\":430},{\"@type\":\"BreadcrumbList\",\"@id\":\"https:\\\/\\\/www.azur-scenic.com\\\/pt-pt\\\/produto\\\/retro-cinzento\\\/#breadcrumb\",\"itemListElement\":[{\"@type\":\"ListItem\",\"position\":1,\"name\":\"Accueil\",\"item\":\"https:\\\/\\\/www.azur-scenic.com\\\/pt-pt\\\/\"},{\"@type\":\"ListItem\",\"position\":2,\"name\":\"Produits\",\"item\":\"https:\\\/\\\/www.azur-scenic.com\\\/pt-pt\\\/?page_id=21439\"},{\"@type\":\"ListItem\",\"position\":3,\"name\":\"Retro cinzento\"}]},{\"@type\":\"WebSite\",\"@id\":\"https:\\\/\\\/www.azur-scenic.com\\\/pt-pt\\\/#website\",\"url\":\"https:\\\/\\\/www.azur-scenic.com\\\/pt-pt\\\/\",\"name\":\"Azur Scenic\",\"description\":\"Sp\u00e9cialiste de l\u2019\u00e9quipement sc\u00e9nique et de la d\u00e9coration int\u00e9rieure et \u00e9v\u00e9nementielle !\",\"publisher\":{\"@id\":\"https:\\\/\\\/www.azur-scenic.com\\\/pt-pt\\\/#organization\"},\"potentialAction\":[{\"@type\":\"SearchAction\",\"target\":{\"@type\":\"EntryPoint\",\"urlTemplate\":\"https:\\\/\\\/www.azur-scenic.com\\\/pt-pt\\\/?s={search_term_string}\"},\"query-input\":{\"@type\":\"PropertyValueSpecification\",\"valueRequired\":true,\"valueName\":\"search_term_string\"}}],\"inLanguage\":\"pt-PT\"},{\"@type\":\"Organization\",\"@id\":\"https:\\\/\\\/www.azur-scenic.com\\\/pt-pt\\\/#organization\",\"name\":\"AZUR SCENIC\",\"url\":\"https:\\\/\\\/www.azur-scenic.com\\\/pt-pt\\\/\",\"logo\":{\"@type\":\"ImageObject\",\"inLanguage\":\"pt-PT\",\"@id\":\"https:\\\/\\\/www.azur-scenic.com\\\/pt-pt\\\/#\\\/schema\\\/logo\\\/image\\\/\",\"url\":\"https:\\\/\\\/www.azur-scenic.com\\\/wp-content\\\/uploads\\\/2022\\\/09\\\/LOGO-AZUR-SCENIC-Fusion-web-236x64-1.jpg\",\"contentUrl\":\"https:\\\/\\\/www.azur-scenic.com\\\/wp-content\\\/uploads\\\/2022\\\/09\\\/LOGO-AZUR-SCENIC-Fusion-web-236x64-1.jpg\",\"width\":236,\"height\":64,\"caption\":\"AZUR SCENIC\"},\"image\":{\"@id\":\"https:\\\/\\\/www.azur-scenic.com\\\/pt-pt\\\/#\\\/schema\\\/logo\\\/image\\\/\"},\"sameAs\":[\"https:\\\/\\\/www.youtube.com\\\/channel\\\/UCPWM2mGPVUt4nYhNlm71WOA\",\"https:\\\/\\\/www.linkedin.com\\\/company\\\/33237605\\\/admin\\\/feed\\\/posts\\\/\"]}]}<\/script>\n<!-- \/ Yoast SEO plugin. -->","yoast_head_json":{"title":"Retro cinzento - Azur Scenic","robots":{"index":"index","follow":"follow","max-snippet":"max-snippet:-1","max-image-preview":"max-image-preview:large","max-video-preview":"max-video-preview:-1"},"canonical":"https:\/\/www.azur-scenic.com\/pt-pt\/produto\/retro-cinzento\/","og_locale":"pt_PT","og_type":"article","og_title":"Retro cinzento - Azur Scenic","og_description":"A chapa de PVC flex\u00edvel de refer\u00eancia, de cor cinzento m\u00e9dio, classe M1 de rea\u00e7\u00e3o ao fogo (ign\u00edfugo), para a realiza\u00e7\u00e3o de ecr\u00e3s de retroproje\u00e7\u00e3o e cicloramas. Durante o processo de fabrico, o nosso objetivo \u00e9 obter uma transpar\u00eancia homog\u00e9nea da superf\u00edcie, de modo a oferecer propriedades \u00f3ticas otimizadas. Esta cor cinzenta n\u00e3o causa quaisquer pontos quentes, e permite uma proje\u00e7\u00e3o de alta defini\u00e7\u00e3o com excelente contraste sobre um amplo \u00e2ngulo de vis\u00e3o. Asseguramos tamb\u00e9m a melhor planura poss\u00edvel e nas nossas oficinas, fazemos soldaduras de montagem quase invis\u00edveis (ultrafinas e ultraplanas) para permitir que os nossos ecr\u00e3s sejam suspensos, esticados em arma\u00e7\u00f5es ou montados em enroladores motorizados. Esta tela de PVC lav\u00e1vel \u00e9 adequada tanto para uso interior como exterior, e beneficia igualmente de propriedades de isolamento ac\u00fastico. Este ecr\u00e3 tamb\u00e9m pode ser impresso para dar r\u00e9dea solta \u00e0s suas cenografias mais imaginativas. \u00a0  Largura: 230 cm Peso: 450 g\/m\u00b2  Classifica\u00e7\u00e3o de rea\u00e7\u00e3o ao fogo: M1\u00a0\u00a0Pass Composi\u00e7\u00e3o: 100% PVC","og_url":"https:\/\/www.azur-scenic.com\/pt-pt\/produto\/retro-cinzento\/","og_site_name":"Azur Scenic","article_modified_time":"2023-08-02T13:21:32+00:00","og_image":[{"width":430,"height":430,"url":"https:\/\/www.azur-scenic.com\/wp-content\/uploads\/7f80fd2f512d8ad7bc52bf5407072dba.png","type":"image\/png"}],"twitter_card":"summary_large_image","schema":{"@context":"https:\/\/schema.org","@graph":[{"@type":"WebPage","@id":"https:\/\/www.azur-scenic.com\/pt-pt\/produto\/retro-cinzento\/","url":"https:\/\/www.azur-scenic.com\/pt-pt\/produto\/retro-cinzento\/","name":"Retro cinzento - Azur Scenic","isPartOf":{"@id":"https:\/\/www.azur-scenic.com\/pt-pt\/#website"},"primaryImageOfPage":{"@id":"https:\/\/www.azur-scenic.com\/pt-pt\/produto\/retro-cinzento\/#primaryimage"},"image":{"@id":"https:\/\/www.azur-scenic.com\/pt-pt\/produto\/retro-cinzento\/#primaryimage"},"thumbnailUrl":"https:\/\/www.azur-scenic.com\/wp-content\/uploads\/7f80fd2f512d8ad7bc52bf5407072dba.png","datePublished":"2022-10-04T07:27:23+00:00","dateModified":"2023-08-02T13:21:32+00:00","breadcrumb":{"@id":"https:\/\/www.azur-scenic.com\/pt-pt\/produto\/retro-cinzento\/#breadcrumb"},"inLanguage":"pt-PT","potentialAction":[{"@type":"ReadAction","target":["https:\/\/www.azur-scenic.com\/pt-pt\/produto\/retro-cinzento\/"]}]},{"@type":"ImageObject","inLanguage":"pt-PT","@id":"https:\/\/www.azur-scenic.com\/pt-pt\/produto\/retro-cinzento\/#primaryimage","url":"https:\/\/www.azur-scenic.com\/wp-content\/uploads\/7f80fd2f512d8ad7bc52bf5407072dba.png","contentUrl":"https:\/\/www.azur-scenic.com\/wp-content\/uploads\/7f80fd2f512d8ad7bc52bf5407072dba.png","width":430,"height":430},{"@type":"BreadcrumbList","@id":"https:\/\/www.azur-scenic.com\/pt-pt\/produto\/retro-cinzento\/#breadcrumb","itemListElement":[{"@type":"ListItem","position":1,"name":"Accueil","item":"https:\/\/www.azur-scenic.com\/pt-pt\/"},{"@type":"ListItem","position":2,"name":"Produits","item":"https:\/\/www.azur-scenic.com\/pt-pt\/?page_id=21439"},{"@type":"ListItem","position":3,"name":"Retro cinzento"}]},{"@type":"WebSite","@id":"https:\/\/www.azur-scenic.com\/pt-pt\/#website","url":"https:\/\/www.azur-scenic.com\/pt-pt\/","name":"Azur Scenic","description":"Sp\u00e9cialiste de l\u2019\u00e9quipement sc\u00e9nique et de la d\u00e9coration int\u00e9rieure et \u00e9v\u00e9nementielle !","publisher":{"@id":"https:\/\/www.azur-scenic.com\/pt-pt\/#organization"},"potentialAction":[{"@type":"SearchAction","target":{"@type":"EntryPoint","urlTemplate":"https:\/\/www.azur-scenic.com\/pt-pt\/?s={search_term_string}"},"query-input":{"@type":"PropertyValueSpecification","valueRequired":true,"valueName":"search_term_string"}}],"inLanguage":"pt-PT"},{"@type":"Organization","@id":"https:\/\/www.azur-scenic.com\/pt-pt\/#organization","name":"AZUR SCENIC","url":"https:\/\/www.azur-scenic.com\/pt-pt\/","logo":{"@type":"ImageObject","inLanguage":"pt-PT","@id":"https:\/\/www.azur-scenic.com\/pt-pt\/#\/schema\/logo\/image\/","url":"https:\/\/www.azur-scenic.com\/wp-content\/uploads\/2022\/09\/LOGO-AZUR-SCENIC-Fusion-web-236x64-1.jpg","contentUrl":"https:\/\/www.azur-scenic.com\/wp-content\/uploads\/2022\/09\/LOGO-AZUR-SCENIC-Fusion-web-236x64-1.jpg","width":236,"height":64,"caption":"AZUR SCENIC"},"image":{"@id":"https:\/\/www.azur-scenic.com\/pt-pt\/#\/schema\/logo\/image\/"},"sameAs":["https:\/\/www.youtube.com\/channel\/UCPWM2mGPVUt4nYhNlm71WOA","https:\/\/www.linkedin.com\/company\/33237605\/admin\/feed\/posts\/"]}]}},"_links":{"self":[{"href":"https:\/\/www.azur-scenic.com\/pt-pt\/wp-json\/wp\/v2\/product\/17776","targetHints":{"allow":["GET"]}}],"collection":[{"href":"https:\/\/www.azur-scenic.com\/pt-pt\/wp-json\/wp\/v2\/product"}],"about":[{"href":"https:\/\/www.azur-scenic.com\/pt-pt\/wp-json\/wp\/v2\/types\/product"}],"wp:featuredmedia":[{"embeddable":true,"href":"https:\/\/www.azur-scenic.com\/pt-pt\/wp-json\/wp\/v2\/media\/7552"}],"wp:attachment":[{"href":"https:\/\/www.azur-scenic.com\/pt-pt\/wp-json\/wp\/v2\/media?parent=17776"}],"wp:term":[{"taxonomy":"product_brand","embeddable":true,"href":"https:\/\/www.azur-scenic.com\/pt-pt\/wp-json\/wp\/v2\/product_brand?post=17776"},{"taxonomy":"product_cat","embeddable":true,"href":"https:\/\/www.azur-scenic.com\/pt-pt\/wp-json\/wp\/v2\/product_cat?post=17776"},{"taxonomy":"product_tag","embeddable":true,"href":"https:\/\/www.azur-scenic.com\/pt-pt\/wp-json\/wp\/v2\/product_tag?post=17776"}],"curies":[{"name":"wp","href":"https:\/\/api.w.org\/{rel}","templated":true}]}}