{"id":17791,"date":"2022-10-04T07:27:22","date_gmt":"2022-10-04T07:27:22","guid":{"rendered":"https:\/\/www.azur-scenic.com\/produit\/retro-anthracite\/"},"modified":"2024-11-27T08:26:23","modified_gmt":"2024-11-27T08:26:23","slug":"retro-antracite","status":"publish","type":"product","link":"https:\/\/www.azur-scenic.com\/pt-pt\/produto\/retro-antracite\/","title":{"rendered":"Retro Azul Noturno"},"content":{"rendered":"<table>\n<thead>\n<tr>\n<th style=\"width: 170px;\">Dados t\u00e9cnicos<\/th>\n<th>Valor<\/th>\n<th>Coment\u00e1rio<\/th>\n<\/tr>\n<\/thead>\n<tbody>\n<tr>\n<td style=\"vertical-align: top;\">Largura<\/td>\n<td style=\"vertical-align: top;\">\u00b1 220 cm<\/td>\n<td style=\"vertical-align: top;\">\u00a0<\/td>\n<\/tr>\n<tr>\n<td style=\"vertical-align: top;\">Peso<\/td>\n<td style=\"vertical-align: top;\">\u00b1 450 g\/m\u00b2<\/td>\n<td style=\"vertical-align: top;\">\u00a0<\/td>\n<\/tr>\n<tr>\n<td style=\"vertical-align: top;\">Espessura<\/td>\n<td style=\"vertical-align: top;\">\u00b1 0,3 mm<\/td>\n<td style=\"vertical-align: top;\">\u00a0<\/td>\n<\/tr>\n<tr>\n<td style=\"vertical-align: top;\">Classifica\u00e7\u00e3o de rea\u00e7\u00e3o ao fogo<\/td>\n<td style=\"vertical-align: top;\"><img decoding=\"async\" style=\"height: 20px; width: 20px;\" src=\"https:\/\/www.azur-scenic.com\/wp-content\/uploads\/icon-flag-france.png?1542281963\" \/> M2<\/td>\n<td style=\"vertical-align: top;\">Norma: NP P 92-507<\/td>\n<\/tr>\n<tr>\n<td style=\"vertical-align: top;\">Composi\u00e7\u00e3o<\/td>\n<td style=\"vertical-align: top;\">100% PVC<\/td>\n<td style=\"vertical-align: top;\">\u00a0<\/td>\n<\/tr>\n<tr>\n<td style=\"vertical-align: top;\">Comprimento do rolo<\/td>\n<td style=\"vertical-align: top;\">100 m<\/td>\n<td style=\"vertical-align: top;\">Vendido apenas como ecr\u00e3 pronto a usar<\/td>\n<\/tr>\n<\/tbody>\n<\/table>\n","protected":false},"excerpt":{"rendered":"<p>A chapa flex\u00edvel de PVC mais escura do mercado, classificada como <span style=\"color: #f88523;\"><strong>retardador de fogo<\/strong><\/span>, ideal para a cria\u00e7\u00e3o de <strong><span style=\"color: #f88523;\">ecr\u00e3s de retroproje\u00e7\u00e3o<\/span><\/strong> e <span style=\"color: #f88523;\"><strong>cicloramas<\/strong><\/span> instalados nos locais mais escuros.<br \/>\nEsta cor antracite oferece um <span style=\"color: #f88523;\"><strong>excelente contraste<\/strong><\/span> combinado com uma boa devolu\u00e7\u00e3o de cor.<br \/>\nPolivalente, esta tela vers\u00e1til tamb\u00e9m pode ser explorada como superf\u00edcie de proje\u00e7\u00e3o frontal <span style=\"color: #f88523;\"><strong>(utiliza\u00e7\u00e3o preferencial para retroproje\u00e7\u00e3o)<\/strong><\/span>.<br \/>\nAsseguramos a melhor <span style=\"color: #f88523;\"><strong>planura<\/strong><\/span> poss\u00edvel deste produto, e nas nossas oficinas fazemos <span style=\"color: #f88523;\"><strong>soldaduras de montagem quase invis\u00edveis<\/strong><\/span> (ultrafinas e ultraplanas) para permitir que os nossos ecr\u00e3s sejam <span style=\"color: #f88523;\"><strong>suspensos<\/strong><\/span>, esticados em <span style=\"color: #f88523;\"><strong>arma\u00e7\u00f5es<\/strong><\/span> ou montados em <span style=\"color: #f88523;\"><strong>enroladores motorizados<\/strong><\/span>.<br \/>\nEsta tela de PVC <span style=\"color: #f88523;\"><strong>lav\u00e1vel<\/strong><\/span> \u00e9 adequada tanto para uso interior como <span style=\"color: #f88523;\"><strong>exterior<\/strong><\/span>, e beneficia igualmente de propriedades de <strong><span style=\"color: #f88523;\">isolamento ac\u00fastico<\/span><\/strong>.<\/p>\n<table class=\"table\">\n<tbody>\n<tr>\n<td><strong>Largura<\/strong>: \u00b1 220 cm<\/td>\n<td><strong>Peso<\/strong>: \u00b1 450 g\/m\u00b2<\/td>\n<\/tr>\n<tr>\n<td><strong>Classifica\u00e7\u00e3o de rea\u00e7\u00e3o ao fogo<\/strong>: <img decoding=\"async\" style=\"height: 20px; width: 20px;\" src=\"https:\/\/www.azur-scenic.com\/wp-content\/uploads\/icon-flag-france.png?1542281963\" alt=\"\" \/> M2\u00a0<\/td>\n<td><strong>Composi\u00e7\u00e3o<\/strong>: 100% PVC<\/td>\n<\/tr>\n<\/tbody>\n<\/table>\n","protected":false},"featured_media":27404,"template":"","meta":{"_acf_changed":false},"product_brand":[],"product_cat":[921,1204,1371,920],"product_tag":[],"class_list":{"0":"post-17791","1":"product","2":"type-product","3":"status-publish","4":"has-post-thumbnail","6":"product_cat-todos-os-produtos","7":"product_cat-ecras-de-projecao-e-telas-em-pvc","8":"product_cat-telas-de-retroprojecao","9":"product_cat-teatro","10":"pa_couleurs-190-antracite","11":"pa_groupes-de-couleurs-cinzento","12":"pa_textiles-adaptado-para-exterior","13":"pa_textiles-classificacao-de-reacao-ao-fogo-ignifugo","14":"pa_textiles-isolante-acustico","15":"pa_textiles-lavavel","16":"pa_textiles-projecao-frontal","17":"pa_textiles-retroprojecao","19":"first","20":"instock","21":"shipping-taxable","22":"purchasable","23":"product-type-simple"},"acf":[],"yoast_head":"<!-- This site is optimized with the Yoast SEO plugin v27.3 - https:\/\/yoast.com\/product\/yoast-seo-wordpress\/ -->\n<title>Retro Azul Noturno - Azur Scenic<\/title>\n<meta name=\"robots\" content=\"index, follow, max-snippet:-1, max-image-preview:large, max-video-preview:-1\" \/>\n<link rel=\"canonical\" href=\"https:\/\/www.azur-scenic.com\/pt-pt\/produto\/retro-antracite\/\" \/>\n<meta property=\"og:locale\" content=\"pt_PT\" \/>\n<meta property=\"og:type\" content=\"article\" \/>\n<meta property=\"og:title\" content=\"Retro Azul Noturno - Azur Scenic\" \/>\n<meta property=\"og:description\" content=\"A chapa flex\u00edvel de PVC mais escura do mercado, classificada como retardador de fogo, ideal para a cria\u00e7\u00e3o de ecr\u00e3s de retroproje\u00e7\u00e3o e cicloramas instalados nos locais mais escuros. Esta cor antracite oferece um excelente contraste combinado com uma boa devolu\u00e7\u00e3o de cor. Polivalente, esta tela vers\u00e1til tamb\u00e9m pode ser explorada como superf\u00edcie de proje\u00e7\u00e3o frontal (utiliza\u00e7\u00e3o preferencial para retroproje\u00e7\u00e3o). Asseguramos a melhor planura poss\u00edvel deste produto, e nas nossas oficinas fazemos soldaduras de montagem quase invis\u00edveis (ultrafinas e ultraplanas) para permitir que os nossos ecr\u00e3s sejam suspensos, esticados em arma\u00e7\u00f5es ou montados em enroladores motorizados. Esta tela de PVC lav\u00e1vel \u00e9 adequada tanto para uso interior como exterior, e beneficia igualmente de propriedades de isolamento ac\u00fastico.    Largura: \u00b1 220 cm Peso: \u00b1 450 g\/m\u00b2   Classifica\u00e7\u00e3o de rea\u00e7\u00e3o ao fogo: M2\u00a0 Composi\u00e7\u00e3o: 100% PVC\" \/>\n<meta property=\"og:url\" content=\"https:\/\/www.azur-scenic.com\/pt-pt\/produto\/retro-antracite\/\" \/>\n<meta property=\"og:site_name\" content=\"Azur Scenic\" \/>\n<meta property=\"article:modified_time\" content=\"2024-11-27T08:26:23+00:00\" \/>\n<meta property=\"og:image\" content=\"https:\/\/www.azur-scenic.com\/wp-content\/uploads\/retro-anthracite-1-scaled.jpg\" \/>\n\t<meta property=\"og:image:width\" content=\"2560\" \/>\n\t<meta property=\"og:image:height\" content=\"2560\" \/>\n\t<meta property=\"og:image:type\" content=\"image\/jpeg\" \/>\n<meta name=\"twitter:card\" content=\"summary_large_image\" \/>\n<meta name=\"twitter:label1\" content=\"Tempo estimado de leitura\" \/>\n\t<meta name=\"twitter:data1\" content=\"1 minuto\" \/>\n<script type=\"application\/ld+json\" class=\"yoast-schema-graph\">{\"@context\":\"https:\\\/\\\/schema.org\",\"@graph\":[{\"@type\":\"WebPage\",\"@id\":\"https:\\\/\\\/www.azur-scenic.com\\\/pt-pt\\\/produto\\\/retro-antracite\\\/\",\"url\":\"https:\\\/\\\/www.azur-scenic.com\\\/pt-pt\\\/produto\\\/retro-antracite\\\/\",\"name\":\"Retro Azul Noturno - Azur Scenic\",\"isPartOf\":{\"@id\":\"https:\\\/\\\/www.azur-scenic.com\\\/pt-pt\\\/#website\"},\"primaryImageOfPage\":{\"@id\":\"https:\\\/\\\/www.azur-scenic.com\\\/pt-pt\\\/produto\\\/retro-antracite\\\/#primaryimage\"},\"image\":{\"@id\":\"https:\\\/\\\/www.azur-scenic.com\\\/pt-pt\\\/produto\\\/retro-antracite\\\/#primaryimage\"},\"thumbnailUrl\":\"https:\\\/\\\/www.azur-scenic.com\\\/wp-content\\\/uploads\\\/retro-anthracite-1-scaled.jpg\",\"datePublished\":\"2022-10-04T07:27:22+00:00\",\"dateModified\":\"2024-11-27T08:26:23+00:00\",\"breadcrumb\":{\"@id\":\"https:\\\/\\\/www.azur-scenic.com\\\/pt-pt\\\/produto\\\/retro-antracite\\\/#breadcrumb\"},\"inLanguage\":\"pt-PT\",\"potentialAction\":[{\"@type\":\"ReadAction\",\"target\":[\"https:\\\/\\\/www.azur-scenic.com\\\/pt-pt\\\/produto\\\/retro-antracite\\\/\"]}]},{\"@type\":\"ImageObject\",\"inLanguage\":\"pt-PT\",\"@id\":\"https:\\\/\\\/www.azur-scenic.com\\\/pt-pt\\\/produto\\\/retro-antracite\\\/#primaryimage\",\"url\":\"https:\\\/\\\/www.azur-scenic.com\\\/wp-content\\\/uploads\\\/retro-anthracite-1-scaled.jpg\",\"contentUrl\":\"https:\\\/\\\/www.azur-scenic.com\\\/wp-content\\\/uploads\\\/retro-anthracite-1-scaled.jpg\",\"width\":2560,\"height\":2560},{\"@type\":\"BreadcrumbList\",\"@id\":\"https:\\\/\\\/www.azur-scenic.com\\\/pt-pt\\\/produto\\\/retro-antracite\\\/#breadcrumb\",\"itemListElement\":[{\"@type\":\"ListItem\",\"position\":1,\"name\":\"Accueil\",\"item\":\"https:\\\/\\\/www.azur-scenic.com\\\/pt-pt\\\/\"},{\"@type\":\"ListItem\",\"position\":2,\"name\":\"Produits\",\"item\":\"https:\\\/\\\/www.azur-scenic.com\\\/pt-pt\\\/?page_id=21439\"},{\"@type\":\"ListItem\",\"position\":3,\"name\":\"Retro Azul Noturno\"}]},{\"@type\":\"WebSite\",\"@id\":\"https:\\\/\\\/www.azur-scenic.com\\\/pt-pt\\\/#website\",\"url\":\"https:\\\/\\\/www.azur-scenic.com\\\/pt-pt\\\/\",\"name\":\"Azur Scenic\",\"description\":\"Sp\u00e9cialiste de l\u2019\u00e9quipement sc\u00e9nique et de la d\u00e9coration int\u00e9rieure et \u00e9v\u00e9nementielle !\",\"publisher\":{\"@id\":\"https:\\\/\\\/www.azur-scenic.com\\\/pt-pt\\\/#organization\"},\"potentialAction\":[{\"@type\":\"SearchAction\",\"target\":{\"@type\":\"EntryPoint\",\"urlTemplate\":\"https:\\\/\\\/www.azur-scenic.com\\\/pt-pt\\\/?s={search_term_string}\"},\"query-input\":{\"@type\":\"PropertyValueSpecification\",\"valueRequired\":true,\"valueName\":\"search_term_string\"}}],\"inLanguage\":\"pt-PT\"},{\"@type\":\"Organization\",\"@id\":\"https:\\\/\\\/www.azur-scenic.com\\\/pt-pt\\\/#organization\",\"name\":\"AZUR SCENIC\",\"url\":\"https:\\\/\\\/www.azur-scenic.com\\\/pt-pt\\\/\",\"logo\":{\"@type\":\"ImageObject\",\"inLanguage\":\"pt-PT\",\"@id\":\"https:\\\/\\\/www.azur-scenic.com\\\/pt-pt\\\/#\\\/schema\\\/logo\\\/image\\\/\",\"url\":\"https:\\\/\\\/www.azur-scenic.com\\\/wp-content\\\/uploads\\\/2022\\\/09\\\/LOGO-AZUR-SCENIC-Fusion-web-236x64-1.jpg\",\"contentUrl\":\"https:\\\/\\\/www.azur-scenic.com\\\/wp-content\\\/uploads\\\/2022\\\/09\\\/LOGO-AZUR-SCENIC-Fusion-web-236x64-1.jpg\",\"width\":236,\"height\":64,\"caption\":\"AZUR SCENIC\"},\"image\":{\"@id\":\"https:\\\/\\\/www.azur-scenic.com\\\/pt-pt\\\/#\\\/schema\\\/logo\\\/image\\\/\"},\"sameAs\":[\"https:\\\/\\\/www.youtube.com\\\/channel\\\/UCPWM2mGPVUt4nYhNlm71WOA\",\"https:\\\/\\\/www.linkedin.com\\\/company\\\/33237605\\\/admin\\\/feed\\\/posts\\\/\"]}]}<\/script>\n<!-- \/ Yoast SEO plugin. -->","yoast_head_json":{"title":"Retro Azul Noturno - Azur Scenic","robots":{"index":"index","follow":"follow","max-snippet":"max-snippet:-1","max-image-preview":"max-image-preview:large","max-video-preview":"max-video-preview:-1"},"canonical":"https:\/\/www.azur-scenic.com\/pt-pt\/produto\/retro-antracite\/","og_locale":"pt_PT","og_type":"article","og_title":"Retro Azul Noturno - Azur Scenic","og_description":"A chapa flex\u00edvel de PVC mais escura do mercado, classificada como retardador de fogo, ideal para a cria\u00e7\u00e3o de ecr\u00e3s de retroproje\u00e7\u00e3o e cicloramas instalados nos locais mais escuros. Esta cor antracite oferece um excelente contraste combinado com uma boa devolu\u00e7\u00e3o de cor. Polivalente, esta tela vers\u00e1til tamb\u00e9m pode ser explorada como superf\u00edcie de proje\u00e7\u00e3o frontal (utiliza\u00e7\u00e3o preferencial para retroproje\u00e7\u00e3o). Asseguramos a melhor planura poss\u00edvel deste produto, e nas nossas oficinas fazemos soldaduras de montagem quase invis\u00edveis (ultrafinas e ultraplanas) para permitir que os nossos ecr\u00e3s sejam suspensos, esticados em arma\u00e7\u00f5es ou montados em enroladores motorizados. Esta tela de PVC lav\u00e1vel \u00e9 adequada tanto para uso interior como exterior, e beneficia igualmente de propriedades de isolamento ac\u00fastico.    Largura: \u00b1 220 cm Peso: \u00b1 450 g\/m\u00b2   Classifica\u00e7\u00e3o de rea\u00e7\u00e3o ao fogo: M2\u00a0 Composi\u00e7\u00e3o: 100% PVC","og_url":"https:\/\/www.azur-scenic.com\/pt-pt\/produto\/retro-antracite\/","og_site_name":"Azur Scenic","article_modified_time":"2024-11-27T08:26:23+00:00","og_image":[{"width":2560,"height":2560,"url":"https:\/\/www.azur-scenic.com\/wp-content\/uploads\/retro-anthracite-1-scaled.jpg","type":"image\/jpeg"}],"twitter_card":"summary_large_image","twitter_misc":{"Tempo estimado de leitura":"1 minuto"},"schema":{"@context":"https:\/\/schema.org","@graph":[{"@type":"WebPage","@id":"https:\/\/www.azur-scenic.com\/pt-pt\/produto\/retro-antracite\/","url":"https:\/\/www.azur-scenic.com\/pt-pt\/produto\/retro-antracite\/","name":"Retro Azul Noturno - Azur Scenic","isPartOf":{"@id":"https:\/\/www.azur-scenic.com\/pt-pt\/#website"},"primaryImageOfPage":{"@id":"https:\/\/www.azur-scenic.com\/pt-pt\/produto\/retro-antracite\/#primaryimage"},"image":{"@id":"https:\/\/www.azur-scenic.com\/pt-pt\/produto\/retro-antracite\/#primaryimage"},"thumbnailUrl":"https:\/\/www.azur-scenic.com\/wp-content\/uploads\/retro-anthracite-1-scaled.jpg","datePublished":"2022-10-04T07:27:22+00:00","dateModified":"2024-11-27T08:26:23+00:00","breadcrumb":{"@id":"https:\/\/www.azur-scenic.com\/pt-pt\/produto\/retro-antracite\/#breadcrumb"},"inLanguage":"pt-PT","potentialAction":[{"@type":"ReadAction","target":["https:\/\/www.azur-scenic.com\/pt-pt\/produto\/retro-antracite\/"]}]},{"@type":"ImageObject","inLanguage":"pt-PT","@id":"https:\/\/www.azur-scenic.com\/pt-pt\/produto\/retro-antracite\/#primaryimage","url":"https:\/\/www.azur-scenic.com\/wp-content\/uploads\/retro-anthracite-1-scaled.jpg","contentUrl":"https:\/\/www.azur-scenic.com\/wp-content\/uploads\/retro-anthracite-1-scaled.jpg","width":2560,"height":2560},{"@type":"BreadcrumbList","@id":"https:\/\/www.azur-scenic.com\/pt-pt\/produto\/retro-antracite\/#breadcrumb","itemListElement":[{"@type":"ListItem","position":1,"name":"Accueil","item":"https:\/\/www.azur-scenic.com\/pt-pt\/"},{"@type":"ListItem","position":2,"name":"Produits","item":"https:\/\/www.azur-scenic.com\/pt-pt\/?page_id=21439"},{"@type":"ListItem","position":3,"name":"Retro Azul Noturno"}]},{"@type":"WebSite","@id":"https:\/\/www.azur-scenic.com\/pt-pt\/#website","url":"https:\/\/www.azur-scenic.com\/pt-pt\/","name":"Azur Scenic","description":"Sp\u00e9cialiste de l\u2019\u00e9quipement sc\u00e9nique et de la d\u00e9coration int\u00e9rieure et \u00e9v\u00e9nementielle !","publisher":{"@id":"https:\/\/www.azur-scenic.com\/pt-pt\/#organization"},"potentialAction":[{"@type":"SearchAction","target":{"@type":"EntryPoint","urlTemplate":"https:\/\/www.azur-scenic.com\/pt-pt\/?s={search_term_string}"},"query-input":{"@type":"PropertyValueSpecification","valueRequired":true,"valueName":"search_term_string"}}],"inLanguage":"pt-PT"},{"@type":"Organization","@id":"https:\/\/www.azur-scenic.com\/pt-pt\/#organization","name":"AZUR SCENIC","url":"https:\/\/www.azur-scenic.com\/pt-pt\/","logo":{"@type":"ImageObject","inLanguage":"pt-PT","@id":"https:\/\/www.azur-scenic.com\/pt-pt\/#\/schema\/logo\/image\/","url":"https:\/\/www.azur-scenic.com\/wp-content\/uploads\/2022\/09\/LOGO-AZUR-SCENIC-Fusion-web-236x64-1.jpg","contentUrl":"https:\/\/www.azur-scenic.com\/wp-content\/uploads\/2022\/09\/LOGO-AZUR-SCENIC-Fusion-web-236x64-1.jpg","width":236,"height":64,"caption":"AZUR SCENIC"},"image":{"@id":"https:\/\/www.azur-scenic.com\/pt-pt\/#\/schema\/logo\/image\/"},"sameAs":["https:\/\/www.youtube.com\/channel\/UCPWM2mGPVUt4nYhNlm71WOA","https:\/\/www.linkedin.com\/company\/33237605\/admin\/feed\/posts\/"]}]}},"_links":{"self":[{"href":"https:\/\/www.azur-scenic.com\/pt-pt\/wp-json\/wp\/v2\/product\/17791","targetHints":{"allow":["GET"]}}],"collection":[{"href":"https:\/\/www.azur-scenic.com\/pt-pt\/wp-json\/wp\/v2\/product"}],"about":[{"href":"https:\/\/www.azur-scenic.com\/pt-pt\/wp-json\/wp\/v2\/types\/product"}],"wp:featuredmedia":[{"embeddable":true,"href":"https:\/\/www.azur-scenic.com\/pt-pt\/wp-json\/wp\/v2\/media\/27404"}],"wp:attachment":[{"href":"https:\/\/www.azur-scenic.com\/pt-pt\/wp-json\/wp\/v2\/media?parent=17791"}],"wp:term":[{"taxonomy":"product_brand","embeddable":true,"href":"https:\/\/www.azur-scenic.com\/pt-pt\/wp-json\/wp\/v2\/product_brand?post=17791"},{"taxonomy":"product_cat","embeddable":true,"href":"https:\/\/www.azur-scenic.com\/pt-pt\/wp-json\/wp\/v2\/product_cat?post=17791"},{"taxonomy":"product_tag","embeddable":true,"href":"https:\/\/www.azur-scenic.com\/pt-pt\/wp-json\/wp\/v2\/product_tag?post=17791"}],"curies":[{"name":"wp","href":"https:\/\/api.w.org\/{rel}","templated":true}]}}