{"id":17832,"date":"2022-10-04T07:27:05","date_gmt":"2022-10-04T07:27:05","guid":{"rendered":"https:\/\/www.azur-scenic.com\/produit\/moquette-costa-brava\/"},"modified":"2023-08-02T13:21:49","modified_gmt":"2023-08-02T13:21:49","slug":"alcatifa-costa-brava","status":"publish","type":"product","link":"https:\/\/www.azur-scenic.com\/pt-pt\/produto\/alcatifa-costa-brava\/","title":{"rendered":"Alcatifa Costa Brava"},"content":{"rendered":"<table style=\"width: 40.101%; height: 384px;\">\n<thead>\n<tr style=\"height: 24px;\">\n<th style=\"width: 170px; height: 24px;\">Dados t\u00e9cnicos<\/th>\n<th style=\"width: 82px; height: 24px;\">Valor<\/th>\n<th style=\"width: 277px; height: 24px;\">Coment\u00e1rio<\/th>\n<\/tr>\n<\/thead>\n<tbody>\n<tr style=\"height: 144px;\">\n<td style=\"vertical-align: top; height: 144px;\">Largura<\/td>\n<td style=\"vertical-align: top; width: 82px; height: 144px;\">200 cm<\/td>\n<td style=\"vertical-align: top; width: 277px; height: 144px;\"><em>Fabricada com 400 cm de largura a pedido, prever um per\u00edodo de produ\u00e7\u00e3o e um m\u00ednimo de 140 m\u00b2 por cor (ter em conta os custos adicionais de transporte para os 4 m de largura total)<\/em><\/td>\n<\/tr>\n<tr style=\"height: 24px;\">\n<td style=\"vertical-align: top; height: 24px;\">Peso<\/td>\n<td style=\"vertical-align: top; width: 82px; height: 24px;\">620 g\/m\u00b2<\/td>\n<td style=\"vertical-align: top; width: 277px; height: 24px;\">\u00a0<\/td>\n<\/tr>\n<tr style=\"height: 24px;\">\n<td style=\"vertical-align: top; height: 24px;\">Espessura<\/td>\n<td style=\"vertical-align: top; width: 82px; height: 24px;\">2,5 mm<\/td>\n<td style=\"vertical-align: top; width: 277px; height: 24px;\">\u00a0<\/td>\n<\/tr>\n<tr style=\"height: 24px;\">\n<td style=\"vertical-align: top; height: 24px;\">Classifica\u00e7\u00e3o de rea\u00e7\u00e3o ao fogo<\/td>\n<td style=\"vertical-align: top; width: 82px; height: 24px;\"><img decoding=\"async\" style=\"height: 20px; width: 20px;\" src=\"https:\/\/www.azur-scenic.com\/wp-content\/uploads\/icon-flag-europe.png\" \/> Bfl -S1<\/td>\n<td style=\"vertical-align: top; width: 277px; height: 24px;\">Norma: EN 13501-1<\/td>\n<\/tr>\n<tr style=\"height: 48px;\">\n<td style=\"vertical-align: top; height: 48px;\">Composi\u00e7\u00e3o<\/td>\n<td style=\"vertical-align: top; height: 48px;\" colspan=\"2\" rowspan=\"1\">Pelo: 100% Polipropileno<br \/>\nSubcamada: Latex sint\u00e9tico<\/td>\n<\/tr>\n<tr style=\"height: 24px;\">\n<td style=\"vertical-align: top; height: 24px;\">Solidez luminosa<\/td>\n<td style=\"vertical-align: top; width: 82px; height: 24px;\">\u2265 6<\/td>\n<td style=\"vertical-align: top; width: 277px; height: 24px;\">Norma: UNI EN ISO 105B02<\/td>\n<\/tr>\n<tr style=\"height: 72px;\">\n<td style=\"vertical-align: top; height: 72px;\">Comprimento do rolo<\/td>\n<td style=\"vertical-align: top; width: 82px; height: 72px;\">35 ml<br \/>\n(70 m\u00b2)<\/td>\n<td style=\"vertical-align: top; width: 277px; height: 72px;\">N\u00e3o \u00e9 poss\u00edvel a venda a retalho (apenas pe\u00e7as inteiras)<\/td>\n<\/tr>\n<\/tbody>\n<\/table>\n","protected":false},"excerpt":{"rendered":"<p>D\u00ea aos seus <strong><span style=\"color: #f88523;\">eventos<\/span><\/strong> um toque especial de cabar\u00e9 com esta <span style=\"color: #f88523;\"><strong>alcatifa<\/strong><\/span> com a classifica\u00e7\u00e3o <span style=\"color: #f88523;\"><strong>Bfl-S1 de rea\u00e7\u00e3o ao fogo (ign\u00edfuga)<\/strong><\/span>, cravejada de finas<span style=\"color: #f88523;\"><strong> lantejoulas<\/strong><\/span> com cores sortidas!<br \/>\nUm produto incontorn\u00e1vel para as festas de R\u00e9veillon, esta alcatifa espessa (620 g\/m\u00b2) tem um acabamento brilhante duradouro, permanecendo ao mesmo tempo <span style=\"color: #f88523;\"><strong>econ\u00f3mica<\/strong><\/span>.<br \/>\nArtigo concebido para <span style=\"color: #f88523;\"><strong>eventos<\/strong><\/span> (rece\u00e7\u00f5es, desfiles de moda, galas, etc.), esta alcatifa \u00e9 mais popular para utiliza\u00e7\u00f5es em &#8220;one-shot&#8221;.<\/p>\n<table class=\"table\">\n<tbody>\n<tr>\n<td><strong>Largura<\/strong>: 200 cm<\/td>\n<td><strong>Peso<\/strong>: 620 g\/m\u00b2<\/td>\n<\/tr>\n<tr>\n<td><strong>Classifica\u00e7\u00e3o de rea\u00e7\u00e3o ao fogo<\/strong>: <img decoding=\"async\" style=\"height: 20px; width: 20px;\" src=\"https:\/\/www.azur-scenic.com\/wp-content\/uploads\/icon-flag-europe.png\" \/> Bfl -S1<\/td>\n<td><strong>Composi\u00e7\u00e3o<\/strong>:<br \/>\nPelo: 100% Polipropileno<br \/>\nSubcamada: Latex sint\u00e9tico<\/td>\n<\/tr>\n<\/tbody>\n<\/table>\n","protected":false},"featured_media":15254,"template":"","meta":{"_acf_changed":false},"product_brand":[],"product_cat":[921,1358,1111,1395],"product_tag":[],"class_list":{"0":"post-17832","1":"product","2":"type-product","3":"status-publish","4":"has-post-thumbnail","6":"product_cat-todos-os-produtos","7":"product_cat-tecidos-metalizados","8":"product_cat-revestimentos-de-pavimento-e-tapetes-de-danca","9":"product_cat-alcatifas-e-tapetes-de-exposicao","10":"pa_couleurs-002-090-es","11":"pa_couleurs-002-092-es","12":"pa_couleurs-002-095-es","13":"pa_couleurs-003-090-es","14":"pa_couleurs-003-099-es","15":"pa_couleurs-092-092-es","16":"pa_couleurs-120-090-es","17":"pa_couleurs-270-092-es","18":"pa_couleurs-760-700-es","19":"pa_groupes-de-couleurs-branco","20":"pa_groupes-de-couleurs-azuis","21":"pa_groupes-de-couleurs-cinzento","22":"pa_groupes-de-couleurs-amarelos","23":"pa_groupes-de-couleurs-negro","24":"pa_groupes-de-couleurs-vermelhos","25":"pa_textiles-brilhantes-lacados-e-metalicos","26":"pa_textiles-classificacao-de-reacao-ao-fogo-ignifugo","27":"pa_textiles-economico","29":"first","30":"instock","31":"shipping-taxable","32":"purchasable","33":"product-type-variable"},"acf":[],"yoast_head":"<!-- This site is optimized with the Yoast SEO plugin v27.1.1 - https:\/\/yoast.com\/product\/yoast-seo-wordpress\/ -->\n<title>Alcatifa Costa Brava - Azur Scenic<\/title>\n<meta name=\"robots\" content=\"index, follow, max-snippet:-1, max-image-preview:large, max-video-preview:-1\" \/>\n<link rel=\"canonical\" href=\"https:\/\/www.azur-scenic.com\/pt-pt\/produto\/alcatifa-costa-brava\/\" \/>\n<meta property=\"og:locale\" content=\"pt_PT\" \/>\n<meta property=\"og:type\" content=\"article\" \/>\n<meta property=\"og:title\" content=\"Alcatifa Costa Brava - Azur Scenic\" \/>\n<meta property=\"og:description\" content=\"D\u00ea aos seus eventos um toque especial de cabar\u00e9 com esta alcatifa com a classifica\u00e7\u00e3o Bfl-S1 de rea\u00e7\u00e3o ao fogo (ign\u00edfuga), cravejada de finas lantejoulas com cores sortidas! Um produto incontorn\u00e1vel para as festas de R\u00e9veillon, esta alcatifa espessa (620 g\/m\u00b2) tem um acabamento brilhante duradouro, permanecendo ao mesmo tempo econ\u00f3mica. Artigo concebido para eventos (rece\u00e7\u00f5es, desfiles de moda, galas, etc.), esta alcatifa \u00e9 mais popular para utiliza\u00e7\u00f5es em &quot;one-shot&quot;.  Largura: 200 cm Peso: 620 g\/m\u00b2  Classifica\u00e7\u00e3o de rea\u00e7\u00e3o ao fogo: Bfl -S1 Composi\u00e7\u00e3o: Pelo: 100% Polipropileno Subcamada: Latex sint\u00e9tico\" \/>\n<meta property=\"og:url\" content=\"https:\/\/www.azur-scenic.com\/pt-pt\/produto\/alcatifa-costa-brava\/\" \/>\n<meta property=\"og:site_name\" content=\"Azur Scenic\" \/>\n<meta property=\"article:modified_time\" content=\"2023-08-02T13:21:49+00:00\" \/>\n<meta property=\"og:image\" content=\"https:\/\/www.azur-scenic.com\/wp-content\/uploads\/COSTA-BRAVA-OR-scaled.jpg\" \/>\n\t<meta property=\"og:image:width\" content=\"2560\" \/>\n\t<meta property=\"og:image:height\" content=\"2560\" \/>\n\t<meta property=\"og:image:type\" content=\"image\/jpeg\" \/>\n<meta name=\"twitter:card\" content=\"summary_large_image\" \/>\n<script type=\"application\/ld+json\" class=\"yoast-schema-graph\">{\"@context\":\"https:\/\/schema.org\",\"@graph\":[{\"@type\":\"WebPage\",\"@id\":\"https:\/\/www.azur-scenic.com\/pt-pt\/produto\/alcatifa-costa-brava\/\",\"url\":\"https:\/\/www.azur-scenic.com\/pt-pt\/produto\/alcatifa-costa-brava\/\",\"name\":\"Alcatifa Costa Brava - Azur Scenic\",\"isPartOf\":{\"@id\":\"https:\/\/www.azur-scenic.com\/pt-pt\/#website\"},\"primaryImageOfPage\":{\"@id\":\"https:\/\/www.azur-scenic.com\/pt-pt\/produto\/alcatifa-costa-brava\/#primaryimage\"},\"image\":{\"@id\":\"https:\/\/www.azur-scenic.com\/pt-pt\/produto\/alcatifa-costa-brava\/#primaryimage\"},\"thumbnailUrl\":\"https:\/\/www.azur-scenic.com\/wp-content\/uploads\/COSTA-BRAVA-OR-scaled.jpg\",\"datePublished\":\"2022-10-04T07:27:05+00:00\",\"dateModified\":\"2023-08-02T13:21:49+00:00\",\"breadcrumb\":{\"@id\":\"https:\/\/www.azur-scenic.com\/pt-pt\/produto\/alcatifa-costa-brava\/#breadcrumb\"},\"inLanguage\":\"pt-PT\",\"potentialAction\":[{\"@type\":\"ReadAction\",\"target\":[\"https:\/\/www.azur-scenic.com\/pt-pt\/produto\/alcatifa-costa-brava\/\"]}]},{\"@type\":\"ImageObject\",\"inLanguage\":\"pt-PT\",\"@id\":\"https:\/\/www.azur-scenic.com\/pt-pt\/produto\/alcatifa-costa-brava\/#primaryimage\",\"url\":\"https:\/\/www.azur-scenic.com\/wp-content\/uploads\/COSTA-BRAVA-OR-scaled.jpg\",\"contentUrl\":\"https:\/\/www.azur-scenic.com\/wp-content\/uploads\/COSTA-BRAVA-OR-scaled.jpg\",\"width\":2560,\"height\":2560,\"caption\":\"COSTA BRAVA OR\"},{\"@type\":\"BreadcrumbList\",\"@id\":\"https:\/\/www.azur-scenic.com\/pt-pt\/produto\/alcatifa-costa-brava\/#breadcrumb\",\"itemListElement\":[{\"@type\":\"ListItem\",\"position\":1,\"name\":\"Accueil\",\"item\":\"https:\/\/www.azur-scenic.com\/pt-pt\/\"},{\"@type\":\"ListItem\",\"position\":2,\"name\":\"Produits\",\"item\":\"https:\/\/www.azur-scenic.com\/pt-pt\/?page_id=21439\"},{\"@type\":\"ListItem\",\"position\":3,\"name\":\"Alcatifa Costa Brava\"}]},{\"@type\":\"WebSite\",\"@id\":\"https:\/\/www.azur-scenic.com\/pt-pt\/#website\",\"url\":\"https:\/\/www.azur-scenic.com\/pt-pt\/\",\"name\":\"Azur Scenic\",\"description\":\"Sp\u00e9cialiste de l\u2019\u00e9quipement sc\u00e9nique et de la d\u00e9coration int\u00e9rieure et \u00e9v\u00e9nementielle !\",\"publisher\":{\"@id\":\"https:\/\/www.azur-scenic.com\/pt-pt\/#organization\"},\"potentialAction\":[{\"@type\":\"SearchAction\",\"target\":{\"@type\":\"EntryPoint\",\"urlTemplate\":\"https:\/\/www.azur-scenic.com\/pt-pt\/?s={search_term_string}\"},\"query-input\":{\"@type\":\"PropertyValueSpecification\",\"valueRequired\":true,\"valueName\":\"search_term_string\"}}],\"inLanguage\":\"pt-PT\"},{\"@type\":\"Organization\",\"@id\":\"https:\/\/www.azur-scenic.com\/pt-pt\/#organization\",\"name\":\"AZUR SCENIC\",\"url\":\"https:\/\/www.azur-scenic.com\/pt-pt\/\",\"logo\":{\"@type\":\"ImageObject\",\"inLanguage\":\"pt-PT\",\"@id\":\"https:\/\/www.azur-scenic.com\/pt-pt\/#\/schema\/logo\/image\/\",\"url\":\"https:\/\/www.azur-scenic.com\/wp-content\/uploads\/2022\/09\/LOGO-AZUR-SCENIC-Fusion-web-236x64-1.jpg\",\"contentUrl\":\"https:\/\/www.azur-scenic.com\/wp-content\/uploads\/2022\/09\/LOGO-AZUR-SCENIC-Fusion-web-236x64-1.jpg\",\"width\":236,\"height\":64,\"caption\":\"AZUR SCENIC\"},\"image\":{\"@id\":\"https:\/\/www.azur-scenic.com\/pt-pt\/#\/schema\/logo\/image\/\"},\"sameAs\":[\"https:\/\/www.youtube.com\/channel\/UCPWM2mGPVUt4nYhNlm71WOA\",\"https:\/\/www.linkedin.com\/company\/33237605\/admin\/feed\/posts\/\"]}]}<\/script>\n<!-- \/ Yoast SEO plugin. -->","yoast_head_json":{"title":"Alcatifa Costa Brava - Azur Scenic","robots":{"index":"index","follow":"follow","max-snippet":"max-snippet:-1","max-image-preview":"max-image-preview:large","max-video-preview":"max-video-preview:-1"},"canonical":"https:\/\/www.azur-scenic.com\/pt-pt\/produto\/alcatifa-costa-brava\/","og_locale":"pt_PT","og_type":"article","og_title":"Alcatifa Costa Brava - Azur Scenic","og_description":"D\u00ea aos seus eventos um toque especial de cabar\u00e9 com esta alcatifa com a classifica\u00e7\u00e3o Bfl-S1 de rea\u00e7\u00e3o ao fogo (ign\u00edfuga), cravejada de finas lantejoulas com cores sortidas! Um produto incontorn\u00e1vel para as festas de R\u00e9veillon, esta alcatifa espessa (620 g\/m\u00b2) tem um acabamento brilhante duradouro, permanecendo ao mesmo tempo econ\u00f3mica. Artigo concebido para eventos (rece\u00e7\u00f5es, desfiles de moda, galas, etc.), esta alcatifa \u00e9 mais popular para utiliza\u00e7\u00f5es em \"one-shot\".  Largura: 200 cm Peso: 620 g\/m\u00b2  Classifica\u00e7\u00e3o de rea\u00e7\u00e3o ao fogo: Bfl -S1 Composi\u00e7\u00e3o: Pelo: 100% Polipropileno Subcamada: Latex sint\u00e9tico","og_url":"https:\/\/www.azur-scenic.com\/pt-pt\/produto\/alcatifa-costa-brava\/","og_site_name":"Azur Scenic","article_modified_time":"2023-08-02T13:21:49+00:00","og_image":[{"width":2560,"height":2560,"url":"https:\/\/www.azur-scenic.com\/wp-content\/uploads\/COSTA-BRAVA-OR-scaled.jpg","type":"image\/jpeg"}],"twitter_card":"summary_large_image","schema":{"@context":"https:\/\/schema.org","@graph":[{"@type":"WebPage","@id":"https:\/\/www.azur-scenic.com\/pt-pt\/produto\/alcatifa-costa-brava\/","url":"https:\/\/www.azur-scenic.com\/pt-pt\/produto\/alcatifa-costa-brava\/","name":"Alcatifa Costa Brava - Azur Scenic","isPartOf":{"@id":"https:\/\/www.azur-scenic.com\/pt-pt\/#website"},"primaryImageOfPage":{"@id":"https:\/\/www.azur-scenic.com\/pt-pt\/produto\/alcatifa-costa-brava\/#primaryimage"},"image":{"@id":"https:\/\/www.azur-scenic.com\/pt-pt\/produto\/alcatifa-costa-brava\/#primaryimage"},"thumbnailUrl":"https:\/\/www.azur-scenic.com\/wp-content\/uploads\/COSTA-BRAVA-OR-scaled.jpg","datePublished":"2022-10-04T07:27:05+00:00","dateModified":"2023-08-02T13:21:49+00:00","breadcrumb":{"@id":"https:\/\/www.azur-scenic.com\/pt-pt\/produto\/alcatifa-costa-brava\/#breadcrumb"},"inLanguage":"pt-PT","potentialAction":[{"@type":"ReadAction","target":["https:\/\/www.azur-scenic.com\/pt-pt\/produto\/alcatifa-costa-brava\/"]}]},{"@type":"ImageObject","inLanguage":"pt-PT","@id":"https:\/\/www.azur-scenic.com\/pt-pt\/produto\/alcatifa-costa-brava\/#primaryimage","url":"https:\/\/www.azur-scenic.com\/wp-content\/uploads\/COSTA-BRAVA-OR-scaled.jpg","contentUrl":"https:\/\/www.azur-scenic.com\/wp-content\/uploads\/COSTA-BRAVA-OR-scaled.jpg","width":2560,"height":2560,"caption":"COSTA BRAVA OR"},{"@type":"BreadcrumbList","@id":"https:\/\/www.azur-scenic.com\/pt-pt\/produto\/alcatifa-costa-brava\/#breadcrumb","itemListElement":[{"@type":"ListItem","position":1,"name":"Accueil","item":"https:\/\/www.azur-scenic.com\/pt-pt\/"},{"@type":"ListItem","position":2,"name":"Produits","item":"https:\/\/www.azur-scenic.com\/pt-pt\/?page_id=21439"},{"@type":"ListItem","position":3,"name":"Alcatifa Costa Brava"}]},{"@type":"WebSite","@id":"https:\/\/www.azur-scenic.com\/pt-pt\/#website","url":"https:\/\/www.azur-scenic.com\/pt-pt\/","name":"Azur Scenic","description":"Sp\u00e9cialiste de l\u2019\u00e9quipement sc\u00e9nique et de la d\u00e9coration int\u00e9rieure et \u00e9v\u00e9nementielle !","publisher":{"@id":"https:\/\/www.azur-scenic.com\/pt-pt\/#organization"},"potentialAction":[{"@type":"SearchAction","target":{"@type":"EntryPoint","urlTemplate":"https:\/\/www.azur-scenic.com\/pt-pt\/?s={search_term_string}"},"query-input":{"@type":"PropertyValueSpecification","valueRequired":true,"valueName":"search_term_string"}}],"inLanguage":"pt-PT"},{"@type":"Organization","@id":"https:\/\/www.azur-scenic.com\/pt-pt\/#organization","name":"AZUR SCENIC","url":"https:\/\/www.azur-scenic.com\/pt-pt\/","logo":{"@type":"ImageObject","inLanguage":"pt-PT","@id":"https:\/\/www.azur-scenic.com\/pt-pt\/#\/schema\/logo\/image\/","url":"https:\/\/www.azur-scenic.com\/wp-content\/uploads\/2022\/09\/LOGO-AZUR-SCENIC-Fusion-web-236x64-1.jpg","contentUrl":"https:\/\/www.azur-scenic.com\/wp-content\/uploads\/2022\/09\/LOGO-AZUR-SCENIC-Fusion-web-236x64-1.jpg","width":236,"height":64,"caption":"AZUR SCENIC"},"image":{"@id":"https:\/\/www.azur-scenic.com\/pt-pt\/#\/schema\/logo\/image\/"},"sameAs":["https:\/\/www.youtube.com\/channel\/UCPWM2mGPVUt4nYhNlm71WOA","https:\/\/www.linkedin.com\/company\/33237605\/admin\/feed\/posts\/"]}]}},"_links":{"self":[{"href":"https:\/\/www.azur-scenic.com\/pt-pt\/wp-json\/wp\/v2\/product\/17832","targetHints":{"allow":["GET"]}}],"collection":[{"href":"https:\/\/www.azur-scenic.com\/pt-pt\/wp-json\/wp\/v2\/product"}],"about":[{"href":"https:\/\/www.azur-scenic.com\/pt-pt\/wp-json\/wp\/v2\/types\/product"}],"wp:featuredmedia":[{"embeddable":true,"href":"https:\/\/www.azur-scenic.com\/pt-pt\/wp-json\/wp\/v2\/media\/15254"}],"wp:attachment":[{"href":"https:\/\/www.azur-scenic.com\/pt-pt\/wp-json\/wp\/v2\/media?parent=17832"}],"wp:term":[{"taxonomy":"product_brand","embeddable":true,"href":"https:\/\/www.azur-scenic.com\/pt-pt\/wp-json\/wp\/v2\/product_brand?post=17832"},{"taxonomy":"product_cat","embeddable":true,"href":"https:\/\/www.azur-scenic.com\/pt-pt\/wp-json\/wp\/v2\/product_cat?post=17832"},{"taxonomy":"product_tag","embeddable":true,"href":"https:\/\/www.azur-scenic.com\/pt-pt\/wp-json\/wp\/v2\/product_tag?post=17832"}],"curies":[{"name":"wp","href":"https:\/\/api.w.org\/{rel}","templated":true}]}}