{"id":17857,"date":"2022-10-04T07:27:01","date_gmt":"2022-10-04T07:27:01","guid":{"rendered":"https:\/\/www.azur-scenic.com\/produit\/cristal-non-classe-feu\/"},"modified":"2023-08-02T13:21:54","modified_gmt":"2023-08-02T13:21:54","slug":"cristal-sem-classificacao-de-ignifugo","status":"publish","type":"product","link":"https:\/\/www.azur-scenic.com\/pt-pt\/produto\/cristal-sem-classificacao-de-ignifugo\/","title":{"rendered":"Cristal (sem classifica\u00e7\u00e3o de ign\u00edfugo)"},"content":{"rendered":"<table>\n<thead>\n<tr>\n<th style=\"width: 170px;\">Dados t\u00e9cnicos<\/th>\n<th style=\"width: 122px;\">Valor<\/th>\n<th style=\"width: 236px;\">Coment\u00e1rio<\/th>\n<\/tr>\n<\/thead>\n<tbody>\n<tr>\n<td style=\"vertical-align: top;\">Largura<\/td>\n<td style=\"vertical-align: top; width: 122px;\">140 cm<\/td>\n<td style=\"vertical-align: top; width: 236px;\">\u00a0<\/td>\n<\/tr>\n<tr>\n<td style=\"vertical-align: top;\">Peso<\/td>\n<td style=\"vertical-align: top; width: 122px;\">370 g\/m\u00b2<\/td>\n<td style=\"vertical-align: top; width: 236px;\"><em>Outras gramagens a pedido, de 620 a 1240 g\/m\u00b2<\/em><\/td>\n<\/tr>\n<tr>\n<td style=\"vertical-align: top;\">Espessura<\/td>\n<td style=\"vertical-align: top; width: 122px;\">0,3 mm<\/td>\n<td style=\"vertical-align: top; width: 236px;\"><em>Outras espessuras sob pedido, de 0,5 \u00e0 1 mm <\/em><\/td>\n<\/tr>\n<tr>\n<td style=\"vertical-align: top;\">Classifica\u00e7\u00e3o de rea\u00e7\u00e3o ao fogo<\/td>\n<td style=\"vertical-align: top; width: 122px;\">Sem<\/td>\n<td style=\"vertical-align: top; width: 236px;\"><em>Para a vers\u00e3o classe M2 de rea\u00e7\u00e3o ao fogo, pergunte ao seu representante comercial<\/em><br \/>\n<em>sobre as nossas outras refer\u00eancias de Cristal<\/em><\/td>\n<\/tr>\n<tr>\n<td style=\"vertical-align: top;\">Acondicionamento<\/td>\n<td style=\"vertical-align: top; width: 122px;\">65 m<br \/>\nRolo de largura completa<br \/>\n\u00b1 34 kg\/pe\u00e7a<\/td>\n<td style=\"vertical-align: top; width: 236px;\">Possibilidade de venda a retalho na espessura de 30\/100e<br \/>\n<em>Venda por pe\u00e7as completas apenas noutras <\/em><em>espessuras (as metragens das pe\u00e7as variam de acordo com a espessura)<\/em><\/td>\n<\/tr>\n<tr>\n<td style=\"vertical-align: top;\">Flexibilidade (grau)<\/td>\n<td style=\"vertical-align: top; width: 122px;\">3S<\/td>\n<td style=\"vertical-align: top; width: 236px;\">\u00a0<\/td>\n<\/tr>\n<tr>\n<td style=\"vertical-align: top;\">Luminosidade<\/td>\n<td style=\"vertical-align: top; width: 122px;\">88,7%<\/td>\n<td style=\"vertical-align: top; width: 236px;\">\u00a0<\/td>\n<\/tr>\n<tr>\n<td style=\"vertical-align: top;\">Resist\u00eancia ao rasgo<\/td>\n<td style=\"vertical-align: top; width: 122px;\" colspan=\"2\" rowspan=\"1\">Largura: 21,2 N<br \/>\nComprimento: 19,8 N<\/td>\n<\/tr>\n<tr>\n<td style=\"vertical-align: top;\">Constrangimento \u00e0 rutura<\/td>\n<td style=\"vertical-align: top; width: 122px;\" colspan=\"2\" rowspan=\"1\">Largura: 25,6 Mpa<br \/>\nComprimento: 29,3 MPa<\/td>\n<\/tr>\n<tr>\n<td style=\"vertical-align: top;\">Alongamento de rutura<\/td>\n<td style=\"vertical-align: top; width: 122px;\" colspan=\"2\" rowspan=\"1\">Largura: 350%<br \/>\nComprimento: 320%<\/td>\n<\/tr>\n<tr>\n<td style=\"vertical-align: top;\">Resist\u00eancia a baixas temperaturas<\/td>\n<td style=\"vertical-align: top; width: 122px;\" colspan=\"2\" rowspan=\"1\">-40 \u00b0C<\/td>\n<\/tr>\n<tr>\n<td style=\"vertical-align: top;\">Encolhimento<br \/>\n(80 \u00b0C &#8211; 10 mn)<\/td>\n<td style=\"vertical-align: top; width: 122px;\" colspan=\"2\" rowspan=\"1\">Largura: 0,7%<br \/>\nComprimento: 2,2%<\/td>\n<\/tr>\n<\/tbody>\n<\/table>\n","protected":false},"excerpt":{"rendered":"<p><strong><span style=\"color: #0bace4;\">A variante econ\u00f3mica do Cristal, sem classifica\u00e7\u00e3o de rea\u00e7\u00e3o ao fogo.<\/span><\/strong><\/p>\n<p>Uma <strong><span style=\"color: #f88523;\">pel\u00edcula flex\u00edvel<\/span><\/strong> de <span style=\"color: #f88523;\"><strong>PVC transparente<\/strong><\/span> com ligeiros reflexos azuis, dispon\u00edvel em diferentes espessuras (0,3 mm como padr\u00e3o, e 0,5 a 1 mm mediante pedido).<br \/>\nNas nossas oficinas oferecemos a confe\u00e7\u00e3o desta lona para a realiza\u00e7\u00e3o dos seus projetos mais desmesurados (montagem e diversas possibilidades de acabamentos) gra\u00e7as \u00e0 tecnologia de <strong><span style=\"color: #f88523;\">soldadura HF<\/span><\/strong>.<br \/>\nEsta lona <span style=\"color: #f88523;\"><strong>extremamente resistente<\/strong><\/span>, <strong><span style=\"color: #f88523;\">imperme\u00e1vel<\/span><\/strong>, com <span style=\"color: #f88523;\"><strong>tratamento UV<\/strong><\/span> e <span style=\"color: #f88523;\"><strong>f\u00e1cil<\/strong><\/span> de <strong><span style=\"color: #f88523;\">limpar<\/span><\/strong> \u00e9 adequada para utiliza\u00e7\u00e3o em <span style=\"color: #f88523;\"><strong>exteriores<\/strong><\/span>.<br \/>\nPossui tamb\u00e9m propriedades de <strong><span style=\"color: #f88523;\">isolamento ac\u00fastico<\/span><\/strong>.<br \/>\nEsta pel\u00edcula de PVC pode ser utilizada para muitos fins, tais como o fabrico de toldos, tendas, etc.<br \/>\nAtreva-se a pensar \u201cfora da caixa\u201d! Aprenda a dominar a transpar\u00eancia do cristal e deixe a sua criatividade falar por si pr\u00f3pria, usando-o como uma <span style=\"color: #f88523;\"><strong>superf\u00edcie de proje\u00e7\u00e3o<\/strong><\/span> inesperada e <span style=\"color: #f88523;\"><strong>impercet\u00edvel<\/strong><\/span> ou superf\u00edcie de <span style=\"color: #f88523;\"><strong>retroproje\u00e7\u00e3o<\/strong><\/span>!<\/p>\n<p>\u00a0<\/p>\n<p>\u00a0<\/p>\n<table class=\"table\">\n<tbody>\n<tr>\n<td style=\"width: 144px;\"><strong>Largura<\/strong>: 140 cm<\/td>\n<td style=\"width: 277px;\"><strong>Peso<\/strong>: 370 g\/m\u00b2<\/td>\n<\/tr>\n<tr>\n<td style=\"width: 144px;\"><strong>Classifica\u00e7\u00e3o de rea\u00e7\u00e3o ao fogo<\/strong>: Sem<\/td>\n<td style=\"width: 277px;\"><strong>Composi\u00e7\u00e3o<\/strong>: 100% PVC<\/td>\n<\/tr>\n<\/tbody>\n<\/table>\n<p>\u00a0<\/p>\n<p>\u00a0<\/p>\n","protected":false},"featured_media":16491,"template":"","meta":{"_acf_changed":false},"product_brand":[],"product_cat":[921,1204,1238],"product_tag":[],"class_list":{"0":"post-17857","1":"product","2":"type-product","3":"status-publish","4":"has-post-thumbnail","6":"product_cat-todos-os-produtos","7":"product_cat-ecras-de-projecao-e-telas-em-pvc","8":"product_cat-diversos-em-pvc","9":"pa_couleurs-000-transparente","10":"pa_groupes-de-couleurs-diversos","11":"pa_textiles-adaptado-para-exterior","12":"pa_textiles-isolante-acustico","13":"pa_textiles-lavavel","14":"pa_textiles-projecao-frontal","15":"pa_textiles-resistente-a-uv","16":"pa_textiles-retroprojecao","17":"pa_textiles-transparentes-e-translucidos","19":"first","20":"instock","21":"shipping-taxable","22":"purchasable","23":"product-type-simple"},"acf":[],"yoast_head":"<!-- This site is optimized with the Yoast SEO plugin v27.3 - https:\/\/yoast.com\/product\/yoast-seo-wordpress\/ -->\n<title>Cristal (sem classifica\u00e7\u00e3o de ign\u00edfugo) - Azur Scenic<\/title>\n<meta name=\"robots\" content=\"index, follow, max-snippet:-1, max-image-preview:large, max-video-preview:-1\" \/>\n<link rel=\"canonical\" href=\"https:\/\/www.azur-scenic.com\/pt-pt\/produto\/cristal-sem-classificacao-de-ignifugo\/\" \/>\n<meta property=\"og:locale\" content=\"pt_PT\" \/>\n<meta property=\"og:type\" content=\"article\" \/>\n<meta property=\"og:title\" content=\"Cristal (sem classifica\u00e7\u00e3o de ign\u00edfugo) - Azur Scenic\" \/>\n<meta property=\"og:description\" content=\"A variante econ\u00f3mica do Cristal, sem classifica\u00e7\u00e3o de rea\u00e7\u00e3o ao fogo. Uma pel\u00edcula flex\u00edvel de PVC transparente com ligeiros reflexos azuis, dispon\u00edvel em diferentes espessuras (0,3 mm como padr\u00e3o, e 0,5 a 1 mm mediante pedido). Nas nossas oficinas oferecemos a confe\u00e7\u00e3o desta lona para a realiza\u00e7\u00e3o dos seus projetos mais desmesurados (montagem e diversas possibilidades de acabamentos) gra\u00e7as \u00e0 tecnologia de soldadura HF. Esta lona extremamente resistente, imperme\u00e1vel, com tratamento UV e f\u00e1cil de limpar \u00e9 adequada para utiliza\u00e7\u00e3o em exteriores. Possui tamb\u00e9m propriedades de isolamento ac\u00fastico. Esta pel\u00edcula de PVC pode ser utilizada para muitos fins, tais como o fabrico de toldos, tendas, etc. Atreva-se a pensar \u201cfora da caixa\u201d! Aprenda a dominar a transpar\u00eancia do cristal e deixe a sua criatividade falar por si pr\u00f3pria, usando-o como uma superf\u00edcie de proje\u00e7\u00e3o inesperada e impercet\u00edvel ou superf\u00edcie de retroproje\u00e7\u00e3o! \u00a0 \u00a0  Largura: 140 cm Peso: 370 g\/m\u00b2  Classifica\u00e7\u00e3o de rea\u00e7\u00e3o ao fogo: Sem Composi\u00e7\u00e3o: 100% PVC  \u00a0 \u00a0\" \/>\n<meta property=\"og:url\" content=\"https:\/\/www.azur-scenic.com\/pt-pt\/produto\/cristal-sem-classificacao-de-ignifugo\/\" \/>\n<meta property=\"og:site_name\" content=\"Azur Scenic\" \/>\n<meta property=\"article:modified_time\" content=\"2023-08-02T13:21:54+00:00\" \/>\n<meta property=\"og:image\" content=\"https:\/\/www.azur-scenic.com\/wp-content\/uploads\/CRISTAL.jpg\" \/>\n\t<meta property=\"og:image:width\" content=\"1963\" \/>\n\t<meta property=\"og:image:height\" content=\"1963\" \/>\n\t<meta property=\"og:image:type\" content=\"image\/jpeg\" \/>\n<meta name=\"twitter:card\" content=\"summary_large_image\" \/>\n<meta name=\"twitter:label1\" content=\"Tempo estimado de leitura\" \/>\n\t<meta name=\"twitter:data1\" content=\"1 minuto\" \/>\n<script type=\"application\/ld+json\" class=\"yoast-schema-graph\">{\"@context\":\"https:\\\/\\\/schema.org\",\"@graph\":[{\"@type\":\"WebPage\",\"@id\":\"https:\\\/\\\/www.azur-scenic.com\\\/pt-pt\\\/produto\\\/cristal-sem-classificacao-de-ignifugo\\\/\",\"url\":\"https:\\\/\\\/www.azur-scenic.com\\\/pt-pt\\\/produto\\\/cristal-sem-classificacao-de-ignifugo\\\/\",\"name\":\"Cristal (sem classifica\u00e7\u00e3o de ign\u00edfugo) - Azur Scenic\",\"isPartOf\":{\"@id\":\"https:\\\/\\\/www.azur-scenic.com\\\/pt-pt\\\/#website\"},\"primaryImageOfPage\":{\"@id\":\"https:\\\/\\\/www.azur-scenic.com\\\/pt-pt\\\/produto\\\/cristal-sem-classificacao-de-ignifugo\\\/#primaryimage\"},\"image\":{\"@id\":\"https:\\\/\\\/www.azur-scenic.com\\\/pt-pt\\\/produto\\\/cristal-sem-classificacao-de-ignifugo\\\/#primaryimage\"},\"thumbnailUrl\":\"https:\\\/\\\/www.azur-scenic.com\\\/wp-content\\\/uploads\\\/CRISTAL.jpg\",\"datePublished\":\"2022-10-04T07:27:01+00:00\",\"dateModified\":\"2023-08-02T13:21:54+00:00\",\"breadcrumb\":{\"@id\":\"https:\\\/\\\/www.azur-scenic.com\\\/pt-pt\\\/produto\\\/cristal-sem-classificacao-de-ignifugo\\\/#breadcrumb\"},\"inLanguage\":\"pt-PT\",\"potentialAction\":[{\"@type\":\"ReadAction\",\"target\":[\"https:\\\/\\\/www.azur-scenic.com\\\/pt-pt\\\/produto\\\/cristal-sem-classificacao-de-ignifugo\\\/\"]}]},{\"@type\":\"ImageObject\",\"inLanguage\":\"pt-PT\",\"@id\":\"https:\\\/\\\/www.azur-scenic.com\\\/pt-pt\\\/produto\\\/cristal-sem-classificacao-de-ignifugo\\\/#primaryimage\",\"url\":\"https:\\\/\\\/www.azur-scenic.com\\\/wp-content\\\/uploads\\\/CRISTAL.jpg\",\"contentUrl\":\"https:\\\/\\\/www.azur-scenic.com\\\/wp-content\\\/uploads\\\/CRISTAL.jpg\",\"width\":1963,\"height\":1963,\"caption\":\"CRISTAL\"},{\"@type\":\"BreadcrumbList\",\"@id\":\"https:\\\/\\\/www.azur-scenic.com\\\/pt-pt\\\/produto\\\/cristal-sem-classificacao-de-ignifugo\\\/#breadcrumb\",\"itemListElement\":[{\"@type\":\"ListItem\",\"position\":1,\"name\":\"Accueil\",\"item\":\"https:\\\/\\\/www.azur-scenic.com\\\/pt-pt\\\/\"},{\"@type\":\"ListItem\",\"position\":2,\"name\":\"Produits\",\"item\":\"https:\\\/\\\/www.azur-scenic.com\\\/pt-pt\\\/?page_id=21439\"},{\"@type\":\"ListItem\",\"position\":3,\"name\":\"Cristal (sem classifica\u00e7\u00e3o de ign\u00edfugo)\"}]},{\"@type\":\"WebSite\",\"@id\":\"https:\\\/\\\/www.azur-scenic.com\\\/pt-pt\\\/#website\",\"url\":\"https:\\\/\\\/www.azur-scenic.com\\\/pt-pt\\\/\",\"name\":\"Azur Scenic\",\"description\":\"Sp\u00e9cialiste de l\u2019\u00e9quipement sc\u00e9nique et de la d\u00e9coration int\u00e9rieure et \u00e9v\u00e9nementielle !\",\"publisher\":{\"@id\":\"https:\\\/\\\/www.azur-scenic.com\\\/pt-pt\\\/#organization\"},\"potentialAction\":[{\"@type\":\"SearchAction\",\"target\":{\"@type\":\"EntryPoint\",\"urlTemplate\":\"https:\\\/\\\/www.azur-scenic.com\\\/pt-pt\\\/?s={search_term_string}\"},\"query-input\":{\"@type\":\"PropertyValueSpecification\",\"valueRequired\":true,\"valueName\":\"search_term_string\"}}],\"inLanguage\":\"pt-PT\"},{\"@type\":\"Organization\",\"@id\":\"https:\\\/\\\/www.azur-scenic.com\\\/pt-pt\\\/#organization\",\"name\":\"AZUR SCENIC\",\"url\":\"https:\\\/\\\/www.azur-scenic.com\\\/pt-pt\\\/\",\"logo\":{\"@type\":\"ImageObject\",\"inLanguage\":\"pt-PT\",\"@id\":\"https:\\\/\\\/www.azur-scenic.com\\\/pt-pt\\\/#\\\/schema\\\/logo\\\/image\\\/\",\"url\":\"https:\\\/\\\/www.azur-scenic.com\\\/wp-content\\\/uploads\\\/2022\\\/09\\\/LOGO-AZUR-SCENIC-Fusion-web-236x64-1.jpg\",\"contentUrl\":\"https:\\\/\\\/www.azur-scenic.com\\\/wp-content\\\/uploads\\\/2022\\\/09\\\/LOGO-AZUR-SCENIC-Fusion-web-236x64-1.jpg\",\"width\":236,\"height\":64,\"caption\":\"AZUR SCENIC\"},\"image\":{\"@id\":\"https:\\\/\\\/www.azur-scenic.com\\\/pt-pt\\\/#\\\/schema\\\/logo\\\/image\\\/\"},\"sameAs\":[\"https:\\\/\\\/www.youtube.com\\\/channel\\\/UCPWM2mGPVUt4nYhNlm71WOA\",\"https:\\\/\\\/www.linkedin.com\\\/company\\\/33237605\\\/admin\\\/feed\\\/posts\\\/\"]}]}<\/script>\n<!-- \/ Yoast SEO plugin. -->","yoast_head_json":{"title":"Cristal (sem classifica\u00e7\u00e3o de ign\u00edfugo) - Azur Scenic","robots":{"index":"index","follow":"follow","max-snippet":"max-snippet:-1","max-image-preview":"max-image-preview:large","max-video-preview":"max-video-preview:-1"},"canonical":"https:\/\/www.azur-scenic.com\/pt-pt\/produto\/cristal-sem-classificacao-de-ignifugo\/","og_locale":"pt_PT","og_type":"article","og_title":"Cristal (sem classifica\u00e7\u00e3o de ign\u00edfugo) - Azur Scenic","og_description":"A variante econ\u00f3mica do Cristal, sem classifica\u00e7\u00e3o de rea\u00e7\u00e3o ao fogo. Uma pel\u00edcula flex\u00edvel de PVC transparente com ligeiros reflexos azuis, dispon\u00edvel em diferentes espessuras (0,3 mm como padr\u00e3o, e 0,5 a 1 mm mediante pedido). Nas nossas oficinas oferecemos a confe\u00e7\u00e3o desta lona para a realiza\u00e7\u00e3o dos seus projetos mais desmesurados (montagem e diversas possibilidades de acabamentos) gra\u00e7as \u00e0 tecnologia de soldadura HF. Esta lona extremamente resistente, imperme\u00e1vel, com tratamento UV e f\u00e1cil de limpar \u00e9 adequada para utiliza\u00e7\u00e3o em exteriores. Possui tamb\u00e9m propriedades de isolamento ac\u00fastico. Esta pel\u00edcula de PVC pode ser utilizada para muitos fins, tais como o fabrico de toldos, tendas, etc. Atreva-se a pensar \u201cfora da caixa\u201d! Aprenda a dominar a transpar\u00eancia do cristal e deixe a sua criatividade falar por si pr\u00f3pria, usando-o como uma superf\u00edcie de proje\u00e7\u00e3o inesperada e impercet\u00edvel ou superf\u00edcie de retroproje\u00e7\u00e3o! \u00a0 \u00a0  Largura: 140 cm Peso: 370 g\/m\u00b2  Classifica\u00e7\u00e3o de rea\u00e7\u00e3o ao fogo: Sem Composi\u00e7\u00e3o: 100% PVC  \u00a0 \u00a0","og_url":"https:\/\/www.azur-scenic.com\/pt-pt\/produto\/cristal-sem-classificacao-de-ignifugo\/","og_site_name":"Azur Scenic","article_modified_time":"2023-08-02T13:21:54+00:00","og_image":[{"width":1963,"height":1963,"url":"https:\/\/www.azur-scenic.com\/wp-content\/uploads\/CRISTAL.jpg","type":"image\/jpeg"}],"twitter_card":"summary_large_image","twitter_misc":{"Tempo estimado de leitura":"1 minuto"},"schema":{"@context":"https:\/\/schema.org","@graph":[{"@type":"WebPage","@id":"https:\/\/www.azur-scenic.com\/pt-pt\/produto\/cristal-sem-classificacao-de-ignifugo\/","url":"https:\/\/www.azur-scenic.com\/pt-pt\/produto\/cristal-sem-classificacao-de-ignifugo\/","name":"Cristal (sem classifica\u00e7\u00e3o de ign\u00edfugo) - Azur Scenic","isPartOf":{"@id":"https:\/\/www.azur-scenic.com\/pt-pt\/#website"},"primaryImageOfPage":{"@id":"https:\/\/www.azur-scenic.com\/pt-pt\/produto\/cristal-sem-classificacao-de-ignifugo\/#primaryimage"},"image":{"@id":"https:\/\/www.azur-scenic.com\/pt-pt\/produto\/cristal-sem-classificacao-de-ignifugo\/#primaryimage"},"thumbnailUrl":"https:\/\/www.azur-scenic.com\/wp-content\/uploads\/CRISTAL.jpg","datePublished":"2022-10-04T07:27:01+00:00","dateModified":"2023-08-02T13:21:54+00:00","breadcrumb":{"@id":"https:\/\/www.azur-scenic.com\/pt-pt\/produto\/cristal-sem-classificacao-de-ignifugo\/#breadcrumb"},"inLanguage":"pt-PT","potentialAction":[{"@type":"ReadAction","target":["https:\/\/www.azur-scenic.com\/pt-pt\/produto\/cristal-sem-classificacao-de-ignifugo\/"]}]},{"@type":"ImageObject","inLanguage":"pt-PT","@id":"https:\/\/www.azur-scenic.com\/pt-pt\/produto\/cristal-sem-classificacao-de-ignifugo\/#primaryimage","url":"https:\/\/www.azur-scenic.com\/wp-content\/uploads\/CRISTAL.jpg","contentUrl":"https:\/\/www.azur-scenic.com\/wp-content\/uploads\/CRISTAL.jpg","width":1963,"height":1963,"caption":"CRISTAL"},{"@type":"BreadcrumbList","@id":"https:\/\/www.azur-scenic.com\/pt-pt\/produto\/cristal-sem-classificacao-de-ignifugo\/#breadcrumb","itemListElement":[{"@type":"ListItem","position":1,"name":"Accueil","item":"https:\/\/www.azur-scenic.com\/pt-pt\/"},{"@type":"ListItem","position":2,"name":"Produits","item":"https:\/\/www.azur-scenic.com\/pt-pt\/?page_id=21439"},{"@type":"ListItem","position":3,"name":"Cristal (sem classifica\u00e7\u00e3o de ign\u00edfugo)"}]},{"@type":"WebSite","@id":"https:\/\/www.azur-scenic.com\/pt-pt\/#website","url":"https:\/\/www.azur-scenic.com\/pt-pt\/","name":"Azur Scenic","description":"Sp\u00e9cialiste de l\u2019\u00e9quipement sc\u00e9nique et de la d\u00e9coration int\u00e9rieure et \u00e9v\u00e9nementielle !","publisher":{"@id":"https:\/\/www.azur-scenic.com\/pt-pt\/#organization"},"potentialAction":[{"@type":"SearchAction","target":{"@type":"EntryPoint","urlTemplate":"https:\/\/www.azur-scenic.com\/pt-pt\/?s={search_term_string}"},"query-input":{"@type":"PropertyValueSpecification","valueRequired":true,"valueName":"search_term_string"}}],"inLanguage":"pt-PT"},{"@type":"Organization","@id":"https:\/\/www.azur-scenic.com\/pt-pt\/#organization","name":"AZUR SCENIC","url":"https:\/\/www.azur-scenic.com\/pt-pt\/","logo":{"@type":"ImageObject","inLanguage":"pt-PT","@id":"https:\/\/www.azur-scenic.com\/pt-pt\/#\/schema\/logo\/image\/","url":"https:\/\/www.azur-scenic.com\/wp-content\/uploads\/2022\/09\/LOGO-AZUR-SCENIC-Fusion-web-236x64-1.jpg","contentUrl":"https:\/\/www.azur-scenic.com\/wp-content\/uploads\/2022\/09\/LOGO-AZUR-SCENIC-Fusion-web-236x64-1.jpg","width":236,"height":64,"caption":"AZUR SCENIC"},"image":{"@id":"https:\/\/www.azur-scenic.com\/pt-pt\/#\/schema\/logo\/image\/"},"sameAs":["https:\/\/www.youtube.com\/channel\/UCPWM2mGPVUt4nYhNlm71WOA","https:\/\/www.linkedin.com\/company\/33237605\/admin\/feed\/posts\/"]}]}},"_links":{"self":[{"href":"https:\/\/www.azur-scenic.com\/pt-pt\/wp-json\/wp\/v2\/product\/17857","targetHints":{"allow":["GET"]}}],"collection":[{"href":"https:\/\/www.azur-scenic.com\/pt-pt\/wp-json\/wp\/v2\/product"}],"about":[{"href":"https:\/\/www.azur-scenic.com\/pt-pt\/wp-json\/wp\/v2\/types\/product"}],"wp:featuredmedia":[{"embeddable":true,"href":"https:\/\/www.azur-scenic.com\/pt-pt\/wp-json\/wp\/v2\/media\/16491"}],"wp:attachment":[{"href":"https:\/\/www.azur-scenic.com\/pt-pt\/wp-json\/wp\/v2\/media?parent=17857"}],"wp:term":[{"taxonomy":"product_brand","embeddable":true,"href":"https:\/\/www.azur-scenic.com\/pt-pt\/wp-json\/wp\/v2\/product_brand?post=17857"},{"taxonomy":"product_cat","embeddable":true,"href":"https:\/\/www.azur-scenic.com\/pt-pt\/wp-json\/wp\/v2\/product_cat?post=17857"},{"taxonomy":"product_tag","embeddable":true,"href":"https:\/\/www.azur-scenic.com\/pt-pt\/wp-json\/wp\/v2\/product_tag?post=17857"}],"curies":[{"name":"wp","href":"https:\/\/api.w.org\/{rel}","templated":true}]}}