{"id":17858,"date":"2022-10-04T07:27:00","date_gmt":"2022-10-04T07:27:00","guid":{"rendered":"https:\/\/www.azur-scenic.com\/produit\/cristal\/"},"modified":"2023-08-02T13:25:09","modified_gmt":"2023-08-02T13:25:09","slug":"cristal","status":"publish","type":"product","link":"https:\/\/www.azur-scenic.com\/pt-pt\/produto\/cristal\/","title":{"rendered":"Cristal"},"content":{"rendered":"<table>\n<thead>\n<tr>\n<th style=\"width: 170px;\">Dados t\u00e9cnicos<\/th>\n<th style=\"text-align: center;\" colspan=\"3\">Valor<\/th>\n<\/tr>\n<\/thead>\n<tbody>\n<tr>\n<td style=\"vertical-align: top;\">Refer\u00eancia<\/td>\n<td style=\"text-align: center; vertical-align: top;\">2504<br \/>\nCristal 30\/100<\/td>\n<td style=\"text-align: center; vertical-align: top;\">2505<br \/>\nCristal 50\/100<\/td>\n<td style=\"text-align: center; vertical-align: top;\">2508<br \/>\nCristal 80\/100<\/td>\n<\/tr>\n<tr>\n<td style=\"vertical-align: top;\">Largura<\/td>\n<td style=\"text-align: center; vertical-align: top;\">140 cm<\/td>\n<td style=\"text-align: center; vertical-align: top;\">140 cm<\/td>\n<td style=\"text-align: center; vertical-align: top;\">140 cm<\/td>\n<\/tr>\n<tr>\n<td style=\"vertical-align: top;\">Peso<\/td>\n<td style=\"text-align: center; vertical-align: top;\">390 g\/m\u00b2<\/td>\n<td style=\"text-align: center; vertical-align: top;\">650 g\/m\u00b2<\/td>\n<td style=\"text-align: center; vertical-align: top;\">1040 g\/m\u00b2<\/td>\n<\/tr>\n<tr>\n<td style=\"vertical-align: top;\">Espessura<\/td>\n<td style=\"text-align: center; vertical-align: top;\">0,3 mm<\/td>\n<td style=\"text-align: center; vertical-align: top;\">0,5 mm<\/td>\n<td style=\"text-align: center; vertical-align: top;\">0,8 mm<\/td>\n<\/tr>\n<tr>\n<td style=\"vertical-align: top;\">Classifica\u00e7\u00e3o de rea\u00e7\u00e3o ao fogo<\/td>\n<td style=\"text-align: center; vertical-align: top;\"><img decoding=\"async\" style=\"height: 20px; width: 20px;\" src=\"https:\/\/www.azur-scenic.com\/wp-content\/uploads\/csm_icon-flag-france_3304e5e3f9.png\" \/> M2, <img decoding=\"async\" style=\"height: 20px; width: 20px;\" src=\"https:\/\/www.azur-scenic.com\/wp-content\/uploads\/icon-flag-allemagne.png\" \/> B1<\/td>\n<td style=\"text-align: center; vertical-align: top;\"><img decoding=\"async\" style=\"height: 20px; width: 20px;\" src=\"https:\/\/www.azur-scenic.com\/wp-content\/uploads\/csm_icon-flag-france_3304e5e3f9.png\" \/> M2, <img decoding=\"async\" style=\"height: 20px; width: 20px;\" src=\"https:\/\/www.azur-scenic.com\/wp-content\/uploads\/icon-flag-allemagne.png\" \/> B1<\/td>\n<td style=\"text-align: center; vertical-align: top;\"><img decoding=\"async\" style=\"height: 20px; width: 20px;\" src=\"https:\/\/www.azur-scenic.com\/wp-content\/uploads\/csm_icon-flag-france_3304e5e3f9.png\" \/> M2, <img decoding=\"async\" style=\"height: 20px; width: 20px;\" src=\"https:\/\/www.azur-scenic.com\/wp-content\/uploads\/icon-flag-allemagne.png\" \/> B1<\/td>\n<\/tr>\n<tr>\n<td style=\"vertical-align: top;\">Acondicionamento<\/td>\n<td style=\"text-align: center; vertical-align: top;\">Pe\u00e7a de 65 m<br \/>\nRolo de largura completa<br \/>\n\u00b1 36 kg\/pe\u00e7a<\/td>\n<td style=\"text-align: center; vertical-align: top;\">Pe\u00e7a de 40 m<br \/>\nRolo de largura completa<br \/>\n\u00b1 36 kg\/pe\u00e7a<\/td>\n<td style=\"text-align: center; vertical-align: top;\">Pe\u00e7a de 25 m<br \/>\nRolo de largura completa<br \/>\n\u00b1 36 kg\/pe\u00e7a<\/td>\n<\/tr>\n<tr>\n<td style=\"vertical-align: top;\">Venda a retalho<\/td>\n<td style=\"text-align: center; vertical-align: top;\">Sim<\/td>\n<td style=\"text-align: center; vertical-align: top;\">N\u00e3o<\/td>\n<td style=\"text-align: center; vertical-align: top;\">N\u00e3o<\/td>\n<\/tr>\n<tr>\n<td style=\"vertical-align: top;\">Flexibilidade (grau)<\/td>\n<td style=\"text-align: center; vertical-align: top;\">3S<\/td>\n<td style=\"text-align: center; vertical-align: top;\">3S<\/td>\n<td style=\"text-align: center; vertical-align: top;\">3S<\/td>\n<\/tr>\n<tr>\n<td style=\"vertical-align: top;\">Resist\u00eancia ao rasgo<\/td>\n<td style=\"text-align: center; vertical-align: top;\">Largura: 19,3 N<br \/>\nComprimento: 17,2 N<\/td>\n<td style=\"text-align: center; vertical-align: top;\">Largura: 31,3 N<br \/>\nComprimento: 29,1 N<\/td>\n<td style=\"text-align: center; vertical-align: top;\">Largura: 52,4 N<br \/>\nComprimento: 51,5 N<\/td>\n<\/tr>\n<tr>\n<td style=\"vertical-align: top;\">Constrangimento \u00e0 rutura<\/td>\n<td style=\"text-align: center; vertical-align: top;\">Largura:<br \/>\n23,2 Pa<br \/>\nComprimento:<br \/>\n28,7 MPa<\/td>\n<td style=\"text-align: center; vertical-align: top;\">Largura:<br \/>\n21,0 MPa<br \/>\nComprimento:<br \/>\n22,4 MPa<\/td>\n<td style=\"text-align: center; vertical-align: top;\">Largura:<br \/>\n21,6 MPa<br \/>\nComprimento:<br \/>\n23,4 Pa<\/td>\n<\/tr>\n<tr>\n<td style=\"vertical-align: top;\">Alongamento de rutura<\/td>\n<td style=\"text-align: center; vertical-align: top;\">Largura: 340%<br \/>\nComprimento: 310%<\/td>\n<td style=\"text-align: center; vertical-align: top;\">Largura: 350%<br \/>\nComprimento: 300%<\/td>\n<td style=\"text-align: center; vertical-align: top;\">Largura: 350%<br \/>\nComprimento: 300%<\/td>\n<\/tr>\n<tr>\n<td style=\"vertical-align: top;\">Resist\u00eancia a baixas temperaturas<\/td>\n<td style=\"text-align: center; vertical-align: top;\">-25 \u00b0C<\/td>\n<td style=\"text-align: center; vertical-align: top;\">-10 \u00b0C<\/td>\n<td style=\"text-align: center; vertical-align: top;\">-8 \u00b0C<\/td>\n<\/tr>\n<tr>\n<td style=\"vertical-align: top;\">Encolhimento<\/td>\n<td style=\"text-align: center; vertical-align: top;\">Largura: 0,9%<br \/>\nComprimento: 2.7%<\/td>\n<td style=\"text-align: center; vertical-align: top;\">Largura: 0,9%<br \/>\nComprimento: 3,2%<\/td>\n<td style=\"text-align: center; vertical-align: top;\">Largura: 1%<br \/>\nComprimento: 3,1%<\/td>\n<\/tr>\n<\/tbody>\n<\/table>\n","protected":false},"excerpt":{"rendered":"<p>Uma <span style=\"color: #f88523;\"><strong>pel\u00edcula flex\u00edvel<\/strong><\/span> de <span style=\"color: #f88523;\"><strong>PVC transparente<\/strong><\/span> com ligeiros reflexos azuis, classe <span style=\"color: #f88523;\"><strong>M2<\/strong><\/span> de rea\u00e7\u00e3o ao fogo (ign\u00edfuga), dispon\u00edvel em diferentes espessuras (3 mm como padr\u00e3o, e 0,3 a 0.8 mm mediante pedido).<br \/>\nNas nossas oficinas oferecemos a confe\u00e7\u00e3o desta lona para a realiza\u00e7\u00e3o dos seus projetos mais desmesurados (montagem e diversas possibilidades de acabamentos) gra\u00e7as \u00e0 tecnologia de <strong><span style=\"color: #f88523;\">soldadura HF<\/span><\/strong>.<br \/>\nEsta lona <span style=\"color: #f88523;\"><strong>extremamente resistente<\/strong><\/span>, <span style=\"color: #f88523;\"><strong>imperme\u00e1vel<\/strong><\/span>, com <span style=\"color: #f88523;\"><strong>tratamento UV<\/strong><\/span> e <span style=\"color: #f88523;\"><strong>f\u00e1cil<\/strong><\/span> de <span style=\"color: #f88523;\"><strong>limpar<\/strong><\/span> \u00e9 adequada para utiliza\u00e7\u00e3o em interiores com em <span style=\"color: #f88523;\"><strong>exteriores<\/strong><\/span>.<br \/>\nPossui tamb\u00e9m propriedades de <span style=\"color: #f88523;\"><strong>isolamento ac\u00fastico<\/strong><\/span>.<br \/>\nEsta pel\u00edcula de PVC pode ser utilizada para muitos fins, tais como o fabrico de toldos, tendas, realiza\u00e7\u00e3o de cen\u00e1rios e adere\u00e7os c\u00e9nicos&#8230;<br \/>\nAtreva-se a pensar \u201cfora da caixa\u201d! Aprenda a dominar a transpar\u00eancia do cristal e deixe a sua criatividade falar por si pr\u00f3pria, usando-o como uma <span style=\"color: #f88523;\"><strong>superf\u00edcie de proje\u00e7\u00e3o<\/strong><\/span> inesperada e <span style=\"color: #f88523;\"><strong>impercet\u00edvel<\/strong><\/span> ou superf\u00edcie de <span style=\"color: #f88523;\"><strong>retroproje\u00e7\u00e3o<\/strong><\/span>!<\/p>\n<table class=\"table\">\n<tbody>\n<tr>\n<td style=\"width: 189px;\"><strong>Largura<\/strong>: 140 cm<\/td>\n<td style=\"width: 244px;\"><strong>Peso<\/strong>: 390 g\/m\u00b2, 650 g\/m\u00b2, 1040 g\/m\u00b2<\/td>\n<\/tr>\n<tr>\n<td style=\"width: 189px;\"><strong>Classifica\u00e7\u00e3o de rea\u00e7\u00e3o ao fogo<\/strong>: <img decoding=\"async\" style=\"height: 20px; width: 20px;\" src=\"https:\/\/www.azur-scenic.com\/wp-content\/uploads\/csm_icon-flag-france_3304e5e3f9.png\" \/> M2, <img decoding=\"async\" style=\"height: 20px; width: 20px;\" src=\"https:\/\/www.azur-scenic.com\/wp-content\/uploads\/icon-flag-allemagne.png\" \/> B1<\/td>\n<td style=\"width: 244px;\"><strong>Composi\u00e7\u00e3o<\/strong>: 100% PVC<\/td>\n<\/tr>\n<\/tbody>\n<\/table>\n","protected":false},"featured_media":16491,"template":"","meta":{"_acf_changed":false},"product_brand":[],"product_cat":[921,1238],"product_tag":[],"class_list":{"0":"post-17858","1":"product","2":"type-product","3":"status-publish","4":"has-post-thumbnail","6":"product_cat-todos-os-produtos","7":"product_cat-diversos-em-pvc","8":"pa_couleurs-000-transparente","9":"pa_groupes-de-couleurs-diversos","10":"pa_textiles-adaptado-para-exterior","11":"pa_textiles-classificacao-de-reacao-ao-fogo-ignifugo","12":"pa_textiles-isolante-acustico","13":"pa_textiles-lavavel","14":"pa_textiles-projecao-frontal","15":"pa_textiles-resistente-a-uv","16":"pa_textiles-retroprojecao","17":"pa_textiles-transparentes-e-translucidos","19":"first","20":"instock","21":"shipping-taxable","22":"purchasable","23":"product-type-simple"},"acf":[],"yoast_head":"<!-- This site is optimized with the Yoast SEO plugin v27.3 - https:\/\/yoast.com\/product\/yoast-seo-wordpress\/ -->\n<title>Cristal - Azur Scenic<\/title>\n<meta name=\"robots\" content=\"index, follow, max-snippet:-1, max-image-preview:large, max-video-preview:-1\" \/>\n<link rel=\"canonical\" href=\"https:\/\/www.azur-scenic.com\/pt-pt\/produto\/cristal\/\" \/>\n<meta property=\"og:locale\" content=\"pt_PT\" \/>\n<meta property=\"og:type\" content=\"article\" \/>\n<meta property=\"og:title\" content=\"Cristal - Azur Scenic\" \/>\n<meta property=\"og:description\" content=\"Uma pel\u00edcula flex\u00edvel de PVC transparente com ligeiros reflexos azuis, classe M2 de rea\u00e7\u00e3o ao fogo (ign\u00edfuga), dispon\u00edvel em diferentes espessuras (3 mm como padr\u00e3o, e 0,3 a 0.8 mm mediante pedido). Nas nossas oficinas oferecemos a confe\u00e7\u00e3o desta lona para a realiza\u00e7\u00e3o dos seus projetos mais desmesurados (montagem e diversas possibilidades de acabamentos) gra\u00e7as \u00e0 tecnologia de soldadura HF. Esta lona extremamente resistente, imperme\u00e1vel, com tratamento UV e f\u00e1cil de limpar \u00e9 adequada para utiliza\u00e7\u00e3o em interiores com em exteriores. Possui tamb\u00e9m propriedades de isolamento ac\u00fastico. Esta pel\u00edcula de PVC pode ser utilizada para muitos fins, tais como o fabrico de toldos, tendas, realiza\u00e7\u00e3o de cen\u00e1rios e adere\u00e7os c\u00e9nicos... Atreva-se a pensar \u201cfora da caixa\u201d! Aprenda a dominar a transpar\u00eancia do cristal e deixe a sua criatividade falar por si pr\u00f3pria, usando-o como uma superf\u00edcie de proje\u00e7\u00e3o inesperada e impercet\u00edvel ou superf\u00edcie de retroproje\u00e7\u00e3o!  Largura: 140 cm Peso: 390 g\/m\u00b2, 650 g\/m\u00b2, 1040 g\/m\u00b2  Classifica\u00e7\u00e3o de rea\u00e7\u00e3o ao fogo: M2, B1 Composi\u00e7\u00e3o: 100% PVC\" \/>\n<meta property=\"og:url\" content=\"https:\/\/www.azur-scenic.com\/pt-pt\/produto\/cristal\/\" \/>\n<meta property=\"og:site_name\" content=\"Azur Scenic\" \/>\n<meta property=\"article:modified_time\" content=\"2023-08-02T13:25:09+00:00\" \/>\n<meta property=\"og:image\" content=\"https:\/\/www.azur-scenic.com\/wp-content\/uploads\/CRISTAL.jpg\" \/>\n\t<meta property=\"og:image:width\" content=\"1963\" \/>\n\t<meta property=\"og:image:height\" content=\"1963\" \/>\n\t<meta property=\"og:image:type\" content=\"image\/jpeg\" \/>\n<meta name=\"twitter:card\" content=\"summary_large_image\" \/>\n<meta name=\"twitter:label1\" content=\"Tempo estimado de leitura\" \/>\n\t<meta name=\"twitter:data1\" content=\"1 minuto\" \/>\n<script type=\"application\/ld+json\" class=\"yoast-schema-graph\">{\"@context\":\"https:\\\/\\\/schema.org\",\"@graph\":[{\"@type\":\"WebPage\",\"@id\":\"https:\\\/\\\/www.azur-scenic.com\\\/pt-pt\\\/produto\\\/cristal\\\/\",\"url\":\"https:\\\/\\\/www.azur-scenic.com\\\/pt-pt\\\/produto\\\/cristal\\\/\",\"name\":\"Cristal - Azur Scenic\",\"isPartOf\":{\"@id\":\"https:\\\/\\\/www.azur-scenic.com\\\/pt-pt\\\/#website\"},\"primaryImageOfPage\":{\"@id\":\"https:\\\/\\\/www.azur-scenic.com\\\/pt-pt\\\/produto\\\/cristal\\\/#primaryimage\"},\"image\":{\"@id\":\"https:\\\/\\\/www.azur-scenic.com\\\/pt-pt\\\/produto\\\/cristal\\\/#primaryimage\"},\"thumbnailUrl\":\"https:\\\/\\\/www.azur-scenic.com\\\/wp-content\\\/uploads\\\/CRISTAL.jpg\",\"datePublished\":\"2022-10-04T07:27:00+00:00\",\"dateModified\":\"2023-08-02T13:25:09+00:00\",\"breadcrumb\":{\"@id\":\"https:\\\/\\\/www.azur-scenic.com\\\/pt-pt\\\/produto\\\/cristal\\\/#breadcrumb\"},\"inLanguage\":\"pt-PT\",\"potentialAction\":[{\"@type\":\"ReadAction\",\"target\":[\"https:\\\/\\\/www.azur-scenic.com\\\/pt-pt\\\/produto\\\/cristal\\\/\"]}]},{\"@type\":\"ImageObject\",\"inLanguage\":\"pt-PT\",\"@id\":\"https:\\\/\\\/www.azur-scenic.com\\\/pt-pt\\\/produto\\\/cristal\\\/#primaryimage\",\"url\":\"https:\\\/\\\/www.azur-scenic.com\\\/wp-content\\\/uploads\\\/CRISTAL.jpg\",\"contentUrl\":\"https:\\\/\\\/www.azur-scenic.com\\\/wp-content\\\/uploads\\\/CRISTAL.jpg\",\"width\":1963,\"height\":1963,\"caption\":\"CRISTAL\"},{\"@type\":\"BreadcrumbList\",\"@id\":\"https:\\\/\\\/www.azur-scenic.com\\\/pt-pt\\\/produto\\\/cristal\\\/#breadcrumb\",\"itemListElement\":[{\"@type\":\"ListItem\",\"position\":1,\"name\":\"Accueil\",\"item\":\"https:\\\/\\\/www.azur-scenic.com\\\/pt-pt\\\/\"},{\"@type\":\"ListItem\",\"position\":2,\"name\":\"Produits\",\"item\":\"https:\\\/\\\/www.azur-scenic.com\\\/pt-pt\\\/?page_id=21439\"},{\"@type\":\"ListItem\",\"position\":3,\"name\":\"Cristal\"}]},{\"@type\":\"WebSite\",\"@id\":\"https:\\\/\\\/www.azur-scenic.com\\\/pt-pt\\\/#website\",\"url\":\"https:\\\/\\\/www.azur-scenic.com\\\/pt-pt\\\/\",\"name\":\"Azur Scenic\",\"description\":\"Sp\u00e9cialiste de l\u2019\u00e9quipement sc\u00e9nique et de la d\u00e9coration int\u00e9rieure et \u00e9v\u00e9nementielle !\",\"publisher\":{\"@id\":\"https:\\\/\\\/www.azur-scenic.com\\\/pt-pt\\\/#organization\"},\"potentialAction\":[{\"@type\":\"SearchAction\",\"target\":{\"@type\":\"EntryPoint\",\"urlTemplate\":\"https:\\\/\\\/www.azur-scenic.com\\\/pt-pt\\\/?s={search_term_string}\"},\"query-input\":{\"@type\":\"PropertyValueSpecification\",\"valueRequired\":true,\"valueName\":\"search_term_string\"}}],\"inLanguage\":\"pt-PT\"},{\"@type\":\"Organization\",\"@id\":\"https:\\\/\\\/www.azur-scenic.com\\\/pt-pt\\\/#organization\",\"name\":\"AZUR SCENIC\",\"url\":\"https:\\\/\\\/www.azur-scenic.com\\\/pt-pt\\\/\",\"logo\":{\"@type\":\"ImageObject\",\"inLanguage\":\"pt-PT\",\"@id\":\"https:\\\/\\\/www.azur-scenic.com\\\/pt-pt\\\/#\\\/schema\\\/logo\\\/image\\\/\",\"url\":\"https:\\\/\\\/www.azur-scenic.com\\\/wp-content\\\/uploads\\\/2022\\\/09\\\/LOGO-AZUR-SCENIC-Fusion-web-236x64-1.jpg\",\"contentUrl\":\"https:\\\/\\\/www.azur-scenic.com\\\/wp-content\\\/uploads\\\/2022\\\/09\\\/LOGO-AZUR-SCENIC-Fusion-web-236x64-1.jpg\",\"width\":236,\"height\":64,\"caption\":\"AZUR SCENIC\"},\"image\":{\"@id\":\"https:\\\/\\\/www.azur-scenic.com\\\/pt-pt\\\/#\\\/schema\\\/logo\\\/image\\\/\"},\"sameAs\":[\"https:\\\/\\\/www.youtube.com\\\/channel\\\/UCPWM2mGPVUt4nYhNlm71WOA\",\"https:\\\/\\\/www.linkedin.com\\\/company\\\/33237605\\\/admin\\\/feed\\\/posts\\\/\"]}]}<\/script>\n<!-- \/ Yoast SEO plugin. -->","yoast_head_json":{"title":"Cristal - Azur Scenic","robots":{"index":"index","follow":"follow","max-snippet":"max-snippet:-1","max-image-preview":"max-image-preview:large","max-video-preview":"max-video-preview:-1"},"canonical":"https:\/\/www.azur-scenic.com\/pt-pt\/produto\/cristal\/","og_locale":"pt_PT","og_type":"article","og_title":"Cristal - Azur Scenic","og_description":"Uma pel\u00edcula flex\u00edvel de PVC transparente com ligeiros reflexos azuis, classe M2 de rea\u00e7\u00e3o ao fogo (ign\u00edfuga), dispon\u00edvel em diferentes espessuras (3 mm como padr\u00e3o, e 0,3 a 0.8 mm mediante pedido). Nas nossas oficinas oferecemos a confe\u00e7\u00e3o desta lona para a realiza\u00e7\u00e3o dos seus projetos mais desmesurados (montagem e diversas possibilidades de acabamentos) gra\u00e7as \u00e0 tecnologia de soldadura HF. Esta lona extremamente resistente, imperme\u00e1vel, com tratamento UV e f\u00e1cil de limpar \u00e9 adequada para utiliza\u00e7\u00e3o em interiores com em exteriores. Possui tamb\u00e9m propriedades de isolamento ac\u00fastico. Esta pel\u00edcula de PVC pode ser utilizada para muitos fins, tais como o fabrico de toldos, tendas, realiza\u00e7\u00e3o de cen\u00e1rios e adere\u00e7os c\u00e9nicos... Atreva-se a pensar \u201cfora da caixa\u201d! Aprenda a dominar a transpar\u00eancia do cristal e deixe a sua criatividade falar por si pr\u00f3pria, usando-o como uma superf\u00edcie de proje\u00e7\u00e3o inesperada e impercet\u00edvel ou superf\u00edcie de retroproje\u00e7\u00e3o!  Largura: 140 cm Peso: 390 g\/m\u00b2, 650 g\/m\u00b2, 1040 g\/m\u00b2  Classifica\u00e7\u00e3o de rea\u00e7\u00e3o ao fogo: M2, B1 Composi\u00e7\u00e3o: 100% PVC","og_url":"https:\/\/www.azur-scenic.com\/pt-pt\/produto\/cristal\/","og_site_name":"Azur Scenic","article_modified_time":"2023-08-02T13:25:09+00:00","og_image":[{"width":1963,"height":1963,"url":"https:\/\/www.azur-scenic.com\/wp-content\/uploads\/CRISTAL.jpg","type":"image\/jpeg"}],"twitter_card":"summary_large_image","twitter_misc":{"Tempo estimado de leitura":"1 minuto"},"schema":{"@context":"https:\/\/schema.org","@graph":[{"@type":"WebPage","@id":"https:\/\/www.azur-scenic.com\/pt-pt\/produto\/cristal\/","url":"https:\/\/www.azur-scenic.com\/pt-pt\/produto\/cristal\/","name":"Cristal - Azur Scenic","isPartOf":{"@id":"https:\/\/www.azur-scenic.com\/pt-pt\/#website"},"primaryImageOfPage":{"@id":"https:\/\/www.azur-scenic.com\/pt-pt\/produto\/cristal\/#primaryimage"},"image":{"@id":"https:\/\/www.azur-scenic.com\/pt-pt\/produto\/cristal\/#primaryimage"},"thumbnailUrl":"https:\/\/www.azur-scenic.com\/wp-content\/uploads\/CRISTAL.jpg","datePublished":"2022-10-04T07:27:00+00:00","dateModified":"2023-08-02T13:25:09+00:00","breadcrumb":{"@id":"https:\/\/www.azur-scenic.com\/pt-pt\/produto\/cristal\/#breadcrumb"},"inLanguage":"pt-PT","potentialAction":[{"@type":"ReadAction","target":["https:\/\/www.azur-scenic.com\/pt-pt\/produto\/cristal\/"]}]},{"@type":"ImageObject","inLanguage":"pt-PT","@id":"https:\/\/www.azur-scenic.com\/pt-pt\/produto\/cristal\/#primaryimage","url":"https:\/\/www.azur-scenic.com\/wp-content\/uploads\/CRISTAL.jpg","contentUrl":"https:\/\/www.azur-scenic.com\/wp-content\/uploads\/CRISTAL.jpg","width":1963,"height":1963,"caption":"CRISTAL"},{"@type":"BreadcrumbList","@id":"https:\/\/www.azur-scenic.com\/pt-pt\/produto\/cristal\/#breadcrumb","itemListElement":[{"@type":"ListItem","position":1,"name":"Accueil","item":"https:\/\/www.azur-scenic.com\/pt-pt\/"},{"@type":"ListItem","position":2,"name":"Produits","item":"https:\/\/www.azur-scenic.com\/pt-pt\/?page_id=21439"},{"@type":"ListItem","position":3,"name":"Cristal"}]},{"@type":"WebSite","@id":"https:\/\/www.azur-scenic.com\/pt-pt\/#website","url":"https:\/\/www.azur-scenic.com\/pt-pt\/","name":"Azur Scenic","description":"Sp\u00e9cialiste de l\u2019\u00e9quipement sc\u00e9nique et de la d\u00e9coration int\u00e9rieure et \u00e9v\u00e9nementielle !","publisher":{"@id":"https:\/\/www.azur-scenic.com\/pt-pt\/#organization"},"potentialAction":[{"@type":"SearchAction","target":{"@type":"EntryPoint","urlTemplate":"https:\/\/www.azur-scenic.com\/pt-pt\/?s={search_term_string}"},"query-input":{"@type":"PropertyValueSpecification","valueRequired":true,"valueName":"search_term_string"}}],"inLanguage":"pt-PT"},{"@type":"Organization","@id":"https:\/\/www.azur-scenic.com\/pt-pt\/#organization","name":"AZUR SCENIC","url":"https:\/\/www.azur-scenic.com\/pt-pt\/","logo":{"@type":"ImageObject","inLanguage":"pt-PT","@id":"https:\/\/www.azur-scenic.com\/pt-pt\/#\/schema\/logo\/image\/","url":"https:\/\/www.azur-scenic.com\/wp-content\/uploads\/2022\/09\/LOGO-AZUR-SCENIC-Fusion-web-236x64-1.jpg","contentUrl":"https:\/\/www.azur-scenic.com\/wp-content\/uploads\/2022\/09\/LOGO-AZUR-SCENIC-Fusion-web-236x64-1.jpg","width":236,"height":64,"caption":"AZUR SCENIC"},"image":{"@id":"https:\/\/www.azur-scenic.com\/pt-pt\/#\/schema\/logo\/image\/"},"sameAs":["https:\/\/www.youtube.com\/channel\/UCPWM2mGPVUt4nYhNlm71WOA","https:\/\/www.linkedin.com\/company\/33237605\/admin\/feed\/posts\/"]}]}},"_links":{"self":[{"href":"https:\/\/www.azur-scenic.com\/pt-pt\/wp-json\/wp\/v2\/product\/17858","targetHints":{"allow":["GET"]}}],"collection":[{"href":"https:\/\/www.azur-scenic.com\/pt-pt\/wp-json\/wp\/v2\/product"}],"about":[{"href":"https:\/\/www.azur-scenic.com\/pt-pt\/wp-json\/wp\/v2\/types\/product"}],"wp:featuredmedia":[{"embeddable":true,"href":"https:\/\/www.azur-scenic.com\/pt-pt\/wp-json\/wp\/v2\/media\/16491"}],"wp:attachment":[{"href":"https:\/\/www.azur-scenic.com\/pt-pt\/wp-json\/wp\/v2\/media?parent=17858"}],"wp:term":[{"taxonomy":"product_brand","embeddable":true,"href":"https:\/\/www.azur-scenic.com\/pt-pt\/wp-json\/wp\/v2\/product_brand?post=17858"},{"taxonomy":"product_cat","embeddable":true,"href":"https:\/\/www.azur-scenic.com\/pt-pt\/wp-json\/wp\/v2\/product_cat?post=17858"},{"taxonomy":"product_tag","embeddable":true,"href":"https:\/\/www.azur-scenic.com\/pt-pt\/wp-json\/wp\/v2\/product_tag?post=17858"}],"curies":[{"name":"wp","href":"https:\/\/api.w.org\/{rel}","templated":true}]}}