{"id":17862,"date":"2022-10-04T07:26:59","date_gmt":"2022-10-04T07:26:59","guid":{"rendered":"https:\/\/www.azur-scenic.com\/produit\/bache-320-bache-500\/"},"modified":"2023-08-02T13:25:09","modified_gmt":"2023-08-02T13:25:09","slug":"lona-320-lona-500","status":"publish","type":"product","link":"https:\/\/www.azur-scenic.com\/pt-pt\/produto\/lona-320-lona-500\/","title":{"rendered":"Lona 320 &#8211; Lona 500"},"content":{"rendered":"<table>\n<thead>\n<tr>\n<th style=\"width: 144px;\">Dados t\u00e9cnicos<\/th>\n<th style=\"width: 90px;\">Valor<\/th>\n<th style=\"width: 294px;\">Coment\u00e1rio<\/th>\n<\/tr>\n<\/thead>\n<tbody>\n<tr>\n<td style=\"vertical-align: top; width: 144px;\">Largura<\/td>\n<td style=\"vertical-align: top; width: 90px;\">320 cm<br \/>\n500 cm<\/td>\n<td style=\"vertical-align: top; width: 294px;\">(Ref. 2701)<br \/>\n(Ref. 2712)<\/td>\n<\/tr>\n<tr>\n<td style=\"vertical-align: top; width: 144px;\">Peso<\/td>\n<td style=\"vertical-align: top; width: 90px;\">510 g\/m\u00b2<\/td>\n<td style=\"vertical-align: top; width: 294px;\">\u00a0<\/td>\n<\/tr>\n<tr>\n<td style=\"vertical-align: top; width: 144px;\">Espessura<\/td>\n<td style=\"vertical-align: top; width: 90px;\">0,45 mm<\/td>\n<td style=\"vertical-align: top; width: 294px;\">\u00a0<\/td>\n<\/tr>\n<tr>\n<td style=\"vertical-align: top; width: 144px;\">Classifica\u00e7\u00e3o de rea\u00e7\u00e3o ao fogo<\/td>\n<td style=\"vertical-align: top; width: 90px;\"><img decoding=\"async\" style=\"height: 20px; width: 20px;\" src=\"https:\/\/www.azur-scenic.com\/wp-content\/uploads\/csm_icon-flag-france_3304e5e3f9.png\" \/> M1<\/td>\n<td style=\"vertical-align: top; width: 294px;\">Norma: NF P 92-503-507<\/td>\n<\/tr>\n<tr>\n<td style=\"vertical-align: top; width: 144px;\">Composi\u00e7\u00e3o<\/td>\n<td style=\"vertical-align: top; width: 389px;\" colspan=\"2\">Suporte 100% PES + revestimento PVC<\/td>\n<\/tr>\n<tr>\n<td style=\"vertical-align: top; width: 144px;\">Comprimento do rolo<\/td>\n<td style=\"vertical-align: top; width: 90px;\">50 m<\/td>\n<td style=\"vertical-align: top; width: 294px;\">Rolo de largura completa<br \/>\nVenda a retalho apenas de acordo com disponibilidade de stock<br \/>\nCuidado com as dificuldades de manuseamento e transporte de rolos de 5 m de largura.<\/td>\n<\/tr>\n<tr>\n<td style=\"vertical-align: top; width: 144px;\">Resist\u00eancia \u00e0 rutura<\/td>\n<td style=\"vertical-align: top; width: 389px;\" colspan=\"2\" rowspan=\"1\">Corrente: 2300 daN\/5 cm<br \/>\nTrama: 2000 N\/5\u00a0cm<\/td>\n<\/tr>\n<tr>\n<td style=\"vertical-align: top; width: 144px;\">Resist\u00eancia ao rasgo<\/td>\n<td style=\"vertical-align: top; width: 389px;\" colspan=\"2\" rowspan=\"1\">Corrente: 200 N<br \/>\nTrama: 180 N<\/td>\n<\/tr>\n<\/tbody>\n<\/table>\n","protected":false},"excerpt":{"rendered":"<p>Uma <strong><span style=\"color: #f88523;\">lona branca refor\u00e7ada<\/span><\/strong> classificada <span style=\"color: #f88523;\"><strong>M1<\/strong><\/span> de rea\u00e7\u00e3o ao fogo (ign\u00edfugo) e dispon\u00edvel numa vers\u00e3o <span style=\"color: #f88523;\"><strong>imprim\u00edvel<\/strong><\/span> em <span style=\"color: #f88523;\"><strong>larguras muito grandes<\/strong><\/span> (320 e 500 cm) para a realiza\u00e7\u00e3o dos seus projetos mais gigantescos, limitando as montagens.<br \/>\nGra\u00e7as \u00e0 tecnologia de <span style=\"color: #f88523;\"><strong>soldadura HF<\/strong><\/span> dispon\u00edvel nas nossas oficinas, oferecemos a modela\u00e7\u00e3o desta lona, para dar vida a todos os seus projetos (montagem estanque hiper-resistente e numerosas possibilidades de acabamento).<br \/>\nEsta lona <span style=\"color: #f88523;\"><strong>s\u00f3lida e resistente<\/strong><\/span>, <strong><span style=\"color: #f88523;\">f\u00e1cil de cuidar<\/span><\/strong> est\u00e1 adaptada tanto para utiliza\u00e7\u00e3o no interior como no <span style=\"color: #f88523;\"><strong>exterior<\/strong><\/span>. Possui tamb\u00e9m propriedades de <strong><span style=\"color: #f88523;\">isolamento ac\u00fastico<\/span><\/strong>.<br \/>\nEsta lona de PVC <span style=\"color: #f88523;\"><strong>imprim\u00edvel<\/strong><\/span> pode ser utilizada para muitos fins, tais como o fabrico de toldos e tendas, revestimento de caixotes, de cen\u00e1rios ou de stands, de kakemono\/kakejiku&#8230;<\/p>\n<table class=\"table\">\n<tbody>\n<tr>\n<td><strong>Largura<\/strong>: 320 cm, 500 cm<\/td>\n<td><strong>Peso<\/strong>: 510 g\/m\u00b2<\/td>\n<\/tr>\n<tr>\n<td><strong>Classifica\u00e7\u00e3o de rea\u00e7\u00e3o ao fogo<\/strong>: <img decoding=\"async\" style=\"height: 20px; width: 20px;\" src=\"https:\/\/www.azur-scenic.com\/wp-content\/uploads\/csm_icon-flag-france_3304e5e3f9.png\" \/> M1<\/td>\n<td><strong>Composi\u00e7\u00e3o<\/strong>: Suporte 100% PES<br \/>\n+ revestimento PVC<\/td>\n<\/tr>\n<\/tbody>\n<\/table>\n","protected":false},"featured_media":7384,"template":"","meta":{"_acf_changed":false},"product_brand":[],"product_cat":[921,1204,1238],"product_tag":[],"class_list":{"0":"post-17862","1":"product","2":"type-product","3":"status-publish","4":"has-post-thumbnail","6":"product_cat-todos-os-produtos","7":"product_cat-ecras-de-projecao-e-telas-em-pvc","8":"product_cat-diversos-em-pvc","9":"pa_couleurs-002-branco","10":"pa_groupes-de-couleurs-branco","11":"pa_textiles-adaptado-para-exterior","12":"pa_textiles-classificacao-de-reacao-ao-fogo-ignifugo","13":"pa_textiles-imprimivel","14":"pa_textiles-isolante-acustico","15":"pa_textiles-lavavel","16":"pa_textiles-larguras-muito-grandes","18":"first","19":"instock","20":"shipping-taxable","21":"purchasable","22":"product-type-simple"},"acf":[],"yoast_head":"<!-- This site is optimized with the Yoast SEO plugin v27.3 - https:\/\/yoast.com\/product\/yoast-seo-wordpress\/ -->\n<title>Lona 320 - Lona 500 - Azur Scenic<\/title>\n<meta name=\"robots\" content=\"index, follow, max-snippet:-1, max-image-preview:large, max-video-preview:-1\" \/>\n<link rel=\"canonical\" href=\"https:\/\/www.azur-scenic.com\/pt-pt\/produto\/lona-320-lona-500\/\" \/>\n<meta property=\"og:locale\" content=\"pt_PT\" \/>\n<meta property=\"og:type\" content=\"article\" \/>\n<meta property=\"og:title\" content=\"Lona 320 - Lona 500 - Azur Scenic\" \/>\n<meta property=\"og:description\" content=\"Uma lona branca refor\u00e7ada classificada M1 de rea\u00e7\u00e3o ao fogo (ign\u00edfugo) e dispon\u00edvel numa vers\u00e3o imprim\u00edvel em larguras muito grandes (320 e 500 cm) para a realiza\u00e7\u00e3o dos seus projetos mais gigantescos, limitando as montagens. Gra\u00e7as \u00e0 tecnologia de soldadura HF dispon\u00edvel nas nossas oficinas, oferecemos a modela\u00e7\u00e3o desta lona, para dar vida a todos os seus projetos (montagem estanque hiper-resistente e numerosas possibilidades de acabamento). Esta lona s\u00f3lida e resistente, f\u00e1cil de cuidar est\u00e1 adaptada tanto para utiliza\u00e7\u00e3o no interior como no exterior. Possui tamb\u00e9m propriedades de isolamento ac\u00fastico. Esta lona de PVC imprim\u00edvel pode ser utilizada para muitos fins, tais como o fabrico de toldos e tendas, revestimento de caixotes, de cen\u00e1rios ou de stands, de kakemono\/kakejiku...  Largura: 320 cm, 500 cm Peso: 510 g\/m\u00b2  Classifica\u00e7\u00e3o de rea\u00e7\u00e3o ao fogo: M1 Composi\u00e7\u00e3o: Suporte 100% PES + revestimento PVC\" \/>\n<meta property=\"og:url\" content=\"https:\/\/www.azur-scenic.com\/pt-pt\/produto\/lona-320-lona-500\/\" \/>\n<meta property=\"og:site_name\" content=\"Azur Scenic\" \/>\n<meta property=\"article:modified_time\" content=\"2023-08-02T13:25:09+00:00\" \/>\n<meta property=\"og:image\" content=\"https:\/\/www.azur-scenic.com\/wp-content\/uploads\/9b4edfd114ed0e9dc28fbb5f2494ce80.png\" \/>\n\t<meta property=\"og:image:width\" content=\"430\" \/>\n\t<meta property=\"og:image:height\" content=\"430\" \/>\n\t<meta property=\"og:image:type\" content=\"image\/png\" \/>\n<meta name=\"twitter:card\" content=\"summary_large_image\" \/>\n<script type=\"application\/ld+json\" class=\"yoast-schema-graph\">{\"@context\":\"https:\\\/\\\/schema.org\",\"@graph\":[{\"@type\":\"WebPage\",\"@id\":\"https:\\\/\\\/www.azur-scenic.com\\\/pt-pt\\\/produto\\\/lona-320-lona-500\\\/\",\"url\":\"https:\\\/\\\/www.azur-scenic.com\\\/pt-pt\\\/produto\\\/lona-320-lona-500\\\/\",\"name\":\"Lona 320 - Lona 500 - Azur Scenic\",\"isPartOf\":{\"@id\":\"https:\\\/\\\/www.azur-scenic.com\\\/pt-pt\\\/#website\"},\"primaryImageOfPage\":{\"@id\":\"https:\\\/\\\/www.azur-scenic.com\\\/pt-pt\\\/produto\\\/lona-320-lona-500\\\/#primaryimage\"},\"image\":{\"@id\":\"https:\\\/\\\/www.azur-scenic.com\\\/pt-pt\\\/produto\\\/lona-320-lona-500\\\/#primaryimage\"},\"thumbnailUrl\":\"https:\\\/\\\/www.azur-scenic.com\\\/wp-content\\\/uploads\\\/9b4edfd114ed0e9dc28fbb5f2494ce80.png\",\"datePublished\":\"2022-10-04T07:26:59+00:00\",\"dateModified\":\"2023-08-02T13:25:09+00:00\",\"breadcrumb\":{\"@id\":\"https:\\\/\\\/www.azur-scenic.com\\\/pt-pt\\\/produto\\\/lona-320-lona-500\\\/#breadcrumb\"},\"inLanguage\":\"pt-PT\",\"potentialAction\":[{\"@type\":\"ReadAction\",\"target\":[\"https:\\\/\\\/www.azur-scenic.com\\\/pt-pt\\\/produto\\\/lona-320-lona-500\\\/\"]}]},{\"@type\":\"ImageObject\",\"inLanguage\":\"pt-PT\",\"@id\":\"https:\\\/\\\/www.azur-scenic.com\\\/pt-pt\\\/produto\\\/lona-320-lona-500\\\/#primaryimage\",\"url\":\"https:\\\/\\\/www.azur-scenic.com\\\/wp-content\\\/uploads\\\/9b4edfd114ed0e9dc28fbb5f2494ce80.png\",\"contentUrl\":\"https:\\\/\\\/www.azur-scenic.com\\\/wp-content\\\/uploads\\\/9b4edfd114ed0e9dc28fbb5f2494ce80.png\",\"width\":430,\"height\":430,\"caption\":\"BACHE 320 - 500\"},{\"@type\":\"BreadcrumbList\",\"@id\":\"https:\\\/\\\/www.azur-scenic.com\\\/pt-pt\\\/produto\\\/lona-320-lona-500\\\/#breadcrumb\",\"itemListElement\":[{\"@type\":\"ListItem\",\"position\":1,\"name\":\"Accueil\",\"item\":\"https:\\\/\\\/www.azur-scenic.com\\\/pt-pt\\\/\"},{\"@type\":\"ListItem\",\"position\":2,\"name\":\"Produits\",\"item\":\"https:\\\/\\\/www.azur-scenic.com\\\/pt-pt\\\/?page_id=21439\"},{\"@type\":\"ListItem\",\"position\":3,\"name\":\"Lona 320 &#8211; Lona 500\"}]},{\"@type\":\"WebSite\",\"@id\":\"https:\\\/\\\/www.azur-scenic.com\\\/pt-pt\\\/#website\",\"url\":\"https:\\\/\\\/www.azur-scenic.com\\\/pt-pt\\\/\",\"name\":\"Azur Scenic\",\"description\":\"Sp\u00e9cialiste de l\u2019\u00e9quipement sc\u00e9nique et de la d\u00e9coration int\u00e9rieure et \u00e9v\u00e9nementielle !\",\"publisher\":{\"@id\":\"https:\\\/\\\/www.azur-scenic.com\\\/pt-pt\\\/#organization\"},\"potentialAction\":[{\"@type\":\"SearchAction\",\"target\":{\"@type\":\"EntryPoint\",\"urlTemplate\":\"https:\\\/\\\/www.azur-scenic.com\\\/pt-pt\\\/?s={search_term_string}\"},\"query-input\":{\"@type\":\"PropertyValueSpecification\",\"valueRequired\":true,\"valueName\":\"search_term_string\"}}],\"inLanguage\":\"pt-PT\"},{\"@type\":\"Organization\",\"@id\":\"https:\\\/\\\/www.azur-scenic.com\\\/pt-pt\\\/#organization\",\"name\":\"AZUR SCENIC\",\"url\":\"https:\\\/\\\/www.azur-scenic.com\\\/pt-pt\\\/\",\"logo\":{\"@type\":\"ImageObject\",\"inLanguage\":\"pt-PT\",\"@id\":\"https:\\\/\\\/www.azur-scenic.com\\\/pt-pt\\\/#\\\/schema\\\/logo\\\/image\\\/\",\"url\":\"https:\\\/\\\/www.azur-scenic.com\\\/wp-content\\\/uploads\\\/2022\\\/09\\\/LOGO-AZUR-SCENIC-Fusion-web-236x64-1.jpg\",\"contentUrl\":\"https:\\\/\\\/www.azur-scenic.com\\\/wp-content\\\/uploads\\\/2022\\\/09\\\/LOGO-AZUR-SCENIC-Fusion-web-236x64-1.jpg\",\"width\":236,\"height\":64,\"caption\":\"AZUR SCENIC\"},\"image\":{\"@id\":\"https:\\\/\\\/www.azur-scenic.com\\\/pt-pt\\\/#\\\/schema\\\/logo\\\/image\\\/\"},\"sameAs\":[\"https:\\\/\\\/www.youtube.com\\\/channel\\\/UCPWM2mGPVUt4nYhNlm71WOA\",\"https:\\\/\\\/www.linkedin.com\\\/company\\\/33237605\\\/admin\\\/feed\\\/posts\\\/\"]}]}<\/script>\n<!-- \/ Yoast SEO plugin. -->","yoast_head_json":{"title":"Lona 320 - Lona 500 - Azur Scenic","robots":{"index":"index","follow":"follow","max-snippet":"max-snippet:-1","max-image-preview":"max-image-preview:large","max-video-preview":"max-video-preview:-1"},"canonical":"https:\/\/www.azur-scenic.com\/pt-pt\/produto\/lona-320-lona-500\/","og_locale":"pt_PT","og_type":"article","og_title":"Lona 320 - Lona 500 - Azur Scenic","og_description":"Uma lona branca refor\u00e7ada classificada M1 de rea\u00e7\u00e3o ao fogo (ign\u00edfugo) e dispon\u00edvel numa vers\u00e3o imprim\u00edvel em larguras muito grandes (320 e 500 cm) para a realiza\u00e7\u00e3o dos seus projetos mais gigantescos, limitando as montagens. Gra\u00e7as \u00e0 tecnologia de soldadura HF dispon\u00edvel nas nossas oficinas, oferecemos a modela\u00e7\u00e3o desta lona, para dar vida a todos os seus projetos (montagem estanque hiper-resistente e numerosas possibilidades de acabamento). Esta lona s\u00f3lida e resistente, f\u00e1cil de cuidar est\u00e1 adaptada tanto para utiliza\u00e7\u00e3o no interior como no exterior. Possui tamb\u00e9m propriedades de isolamento ac\u00fastico. Esta lona de PVC imprim\u00edvel pode ser utilizada para muitos fins, tais como o fabrico de toldos e tendas, revestimento de caixotes, de cen\u00e1rios ou de stands, de kakemono\/kakejiku...  Largura: 320 cm, 500 cm Peso: 510 g\/m\u00b2  Classifica\u00e7\u00e3o de rea\u00e7\u00e3o ao fogo: M1 Composi\u00e7\u00e3o: Suporte 100% PES + revestimento PVC","og_url":"https:\/\/www.azur-scenic.com\/pt-pt\/produto\/lona-320-lona-500\/","og_site_name":"Azur Scenic","article_modified_time":"2023-08-02T13:25:09+00:00","og_image":[{"width":430,"height":430,"url":"https:\/\/www.azur-scenic.com\/wp-content\/uploads\/9b4edfd114ed0e9dc28fbb5f2494ce80.png","type":"image\/png"}],"twitter_card":"summary_large_image","schema":{"@context":"https:\/\/schema.org","@graph":[{"@type":"WebPage","@id":"https:\/\/www.azur-scenic.com\/pt-pt\/produto\/lona-320-lona-500\/","url":"https:\/\/www.azur-scenic.com\/pt-pt\/produto\/lona-320-lona-500\/","name":"Lona 320 - Lona 500 - Azur Scenic","isPartOf":{"@id":"https:\/\/www.azur-scenic.com\/pt-pt\/#website"},"primaryImageOfPage":{"@id":"https:\/\/www.azur-scenic.com\/pt-pt\/produto\/lona-320-lona-500\/#primaryimage"},"image":{"@id":"https:\/\/www.azur-scenic.com\/pt-pt\/produto\/lona-320-lona-500\/#primaryimage"},"thumbnailUrl":"https:\/\/www.azur-scenic.com\/wp-content\/uploads\/9b4edfd114ed0e9dc28fbb5f2494ce80.png","datePublished":"2022-10-04T07:26:59+00:00","dateModified":"2023-08-02T13:25:09+00:00","breadcrumb":{"@id":"https:\/\/www.azur-scenic.com\/pt-pt\/produto\/lona-320-lona-500\/#breadcrumb"},"inLanguage":"pt-PT","potentialAction":[{"@type":"ReadAction","target":["https:\/\/www.azur-scenic.com\/pt-pt\/produto\/lona-320-lona-500\/"]}]},{"@type":"ImageObject","inLanguage":"pt-PT","@id":"https:\/\/www.azur-scenic.com\/pt-pt\/produto\/lona-320-lona-500\/#primaryimage","url":"https:\/\/www.azur-scenic.com\/wp-content\/uploads\/9b4edfd114ed0e9dc28fbb5f2494ce80.png","contentUrl":"https:\/\/www.azur-scenic.com\/wp-content\/uploads\/9b4edfd114ed0e9dc28fbb5f2494ce80.png","width":430,"height":430,"caption":"BACHE 320 - 500"},{"@type":"BreadcrumbList","@id":"https:\/\/www.azur-scenic.com\/pt-pt\/produto\/lona-320-lona-500\/#breadcrumb","itemListElement":[{"@type":"ListItem","position":1,"name":"Accueil","item":"https:\/\/www.azur-scenic.com\/pt-pt\/"},{"@type":"ListItem","position":2,"name":"Produits","item":"https:\/\/www.azur-scenic.com\/pt-pt\/?page_id=21439"},{"@type":"ListItem","position":3,"name":"Lona 320 &#8211; Lona 500"}]},{"@type":"WebSite","@id":"https:\/\/www.azur-scenic.com\/pt-pt\/#website","url":"https:\/\/www.azur-scenic.com\/pt-pt\/","name":"Azur Scenic","description":"Sp\u00e9cialiste de l\u2019\u00e9quipement sc\u00e9nique et de la d\u00e9coration int\u00e9rieure et \u00e9v\u00e9nementielle !","publisher":{"@id":"https:\/\/www.azur-scenic.com\/pt-pt\/#organization"},"potentialAction":[{"@type":"SearchAction","target":{"@type":"EntryPoint","urlTemplate":"https:\/\/www.azur-scenic.com\/pt-pt\/?s={search_term_string}"},"query-input":{"@type":"PropertyValueSpecification","valueRequired":true,"valueName":"search_term_string"}}],"inLanguage":"pt-PT"},{"@type":"Organization","@id":"https:\/\/www.azur-scenic.com\/pt-pt\/#organization","name":"AZUR SCENIC","url":"https:\/\/www.azur-scenic.com\/pt-pt\/","logo":{"@type":"ImageObject","inLanguage":"pt-PT","@id":"https:\/\/www.azur-scenic.com\/pt-pt\/#\/schema\/logo\/image\/","url":"https:\/\/www.azur-scenic.com\/wp-content\/uploads\/2022\/09\/LOGO-AZUR-SCENIC-Fusion-web-236x64-1.jpg","contentUrl":"https:\/\/www.azur-scenic.com\/wp-content\/uploads\/2022\/09\/LOGO-AZUR-SCENIC-Fusion-web-236x64-1.jpg","width":236,"height":64,"caption":"AZUR SCENIC"},"image":{"@id":"https:\/\/www.azur-scenic.com\/pt-pt\/#\/schema\/logo\/image\/"},"sameAs":["https:\/\/www.youtube.com\/channel\/UCPWM2mGPVUt4nYhNlm71WOA","https:\/\/www.linkedin.com\/company\/33237605\/admin\/feed\/posts\/"]}]}},"_links":{"self":[{"href":"https:\/\/www.azur-scenic.com\/pt-pt\/wp-json\/wp\/v2\/product\/17862","targetHints":{"allow":["GET"]}}],"collection":[{"href":"https:\/\/www.azur-scenic.com\/pt-pt\/wp-json\/wp\/v2\/product"}],"about":[{"href":"https:\/\/www.azur-scenic.com\/pt-pt\/wp-json\/wp\/v2\/types\/product"}],"wp:featuredmedia":[{"embeddable":true,"href":"https:\/\/www.azur-scenic.com\/pt-pt\/wp-json\/wp\/v2\/media\/7384"}],"wp:attachment":[{"href":"https:\/\/www.azur-scenic.com\/pt-pt\/wp-json\/wp\/v2\/media?parent=17862"}],"wp:term":[{"taxonomy":"product_brand","embeddable":true,"href":"https:\/\/www.azur-scenic.com\/pt-pt\/wp-json\/wp\/v2\/product_brand?post=17862"},{"taxonomy":"product_cat","embeddable":true,"href":"https:\/\/www.azur-scenic.com\/pt-pt\/wp-json\/wp\/v2\/product_cat?post=17862"},{"taxonomy":"product_tag","embeddable":true,"href":"https:\/\/www.azur-scenic.com\/pt-pt\/wp-json\/wp\/v2\/product_tag?post=17862"}],"curies":[{"name":"wp","href":"https:\/\/api.w.org\/{rel}","templated":true}]}}