{"id":17889,"date":"2022-10-04T07:26:58","date_gmt":"2022-10-04T07:26:58","guid":{"rendered":"https:\/\/www.azur-scenic.com\/produit\/moquette-riviera\/"},"modified":"2023-08-02T13:21:52","modified_gmt":"2023-08-02T13:21:52","slug":"alcatifa-riviera","status":"publish","type":"product","link":"https:\/\/www.azur-scenic.com\/pt-pt\/produto\/alcatifa-riviera\/","title":{"rendered":"Alcatifa Riviera"},"content":{"rendered":"<table>\n<thead>\n<tr>\n<th style=\"width: 170px;\">Dados t\u00e9cnicos<\/th>\n<th style=\"width: 87px;\">Valor<\/th>\n<th style=\"width: 272px;\">Coment\u00e1rio<\/th>\n<\/tr>\n<\/thead>\n<tbody>\n<tr>\n<td style=\"vertical-align: top;\">Largura<\/td>\n<td style=\"vertical-align: top; width: 87px;\">200 cm<\/td>\n<td style=\"vertical-align: top; width: 272px;\"><em>Fabricada com 400 cm de largura a pedido, prever um per\u00edodo de produ\u00e7\u00e3o e um m\u00ednimo de 140 m\u00b2 por cor (ter em conta os custos adicionais de transporte para os 4 m de largura total)<\/em><\/td>\n<\/tr>\n<tr>\n<td style=\"vertical-align: top;\">Peso<\/td>\n<td style=\"vertical-align: top; width: 87px;\">620 g\/m\u00b2<\/td>\n<td style=\"vertical-align: top; width: 272px;\">\u00a0<\/td>\n<\/tr>\n<tr>\n<td style=\"vertical-align: top;\">Espessura<\/td>\n<td style=\"vertical-align: top; width: 87px;\">2,5 mm<\/td>\n<td style=\"vertical-align: top; width: 272px;\">\u00a0<\/td>\n<\/tr>\n<tr>\n<td style=\"vertical-align: top;\">Classifica\u00e7\u00e3o de rea\u00e7\u00e3o ao fogo<\/td>\n<td style=\"vertical-align: top; width: 87px;\"><img decoding=\"async\" style=\"height: 20px; width: 20px;\" src=\"https:\/\/www.azur-scenic.com\/wp-content\/uploads\/icon-flag-europe.png\" \/> Bfl -S1<\/td>\n<td style=\"vertical-align: top; width: 272px;\">Norma: EN 13501-1<\/td>\n<\/tr>\n<tr>\n<td style=\"vertical-align: top;\">Composi\u00e7\u00e3o<\/td>\n<td style=\"vertical-align: top;\" colspan=\"2\" rowspan=\"1\">Pelo: 100% Polipropileno<br \/>\nSubcamada: Latex sint\u00e9tico<\/td>\n<\/tr>\n<tr>\n<td style=\"vertical-align: top;\">Solidez luminosa<\/td>\n<td style=\"vertical-align: top; width: 87px;\">\u2265 6<\/td>\n<td style=\"vertical-align: top; width: 272px;\">Norma: UNI EN ISO 105B02<\/td>\n<\/tr>\n<tr>\n<td style=\"vertical-align: top;\">Comprimento do rolo<\/td>\n<td style=\"vertical-align: top; width: 87px;\">35 ml<br \/>\n(70 m\u00b2)<\/td>\n<td style=\"vertical-align: top; width: 272px;\"><em>Rolos de 35 a 50 metros lineares (70 a 100 m\u00b2), dependendo da cor e da disponibilidade. Contacte-nos para saber que tamanhos de rolos est\u00e3o dispon\u00edveis em stock quando encomendar.<br \/>\n<\/em>Venda apenas ao rolo (sem venda a retalho)<\/td>\n<\/tr>\n<\/tbody>\n<\/table>\n","protected":false},"excerpt":{"rendered":"<p>A refer\u00eancia em <strong><span style=\"color: #f88523;\">alcatifa para eventos<\/span><\/strong>, classificado <span style=\"color: #f88523;\"><strong>Bfl-S1 de rea\u00e7\u00e3o ao fogo (ign\u00edfugo)<\/strong><\/span>, e dispon\u00edvel em 24 cores sortidas.<br \/>\nParticularmente <span style=\"color: #f88523;\"><strong>econ\u00f3mica<\/strong><\/span>, a nossa gama de alcatifas mantendo a espessura e a resist\u00eancia (620 g\/m\u00b2).<br \/>\nAlcatifa de uso \u00fanico recomendado, est\u00e1 bastante adaptada a <span style=\"color: #f88523;\"><strong>eventos<\/strong><\/span> (feiras, sal\u00f5es, rece\u00e7\u00f5es&#8230;)<\/p>\n<p>Numerosas cores suplementares dispon\u00edveis mediante pedido (ver ficha t\u00e9cnica)<\/p>\n<p>\u00a0<\/p>\n<table class=\"table\">\n<tbody>\n<tr>\n<td><strong>Largura<\/strong>: 200 cm<\/td>\n<td><strong>Peso<\/strong>: 620 g\/m\u00b2<\/td>\n<\/tr>\n<tr>\n<td><strong>Classifica\u00e7\u00e3o de rea\u00e7\u00e3o ao fogo<\/strong>: <img decoding=\"async\" style=\"height: 20px; width: 20px;\" src=\"https:\/\/www.azur-scenic.com\/wp-content\/uploads\/icon-flag-europe.png\" \/> Bfl -S1<\/td>\n<td><strong>Composi\u00e7\u00e3o<\/strong>:<br \/>\nPelo: 100% Polipropileno<br \/>\nSubcamada: Latex sint\u00e9tico<\/td>\n<\/tr>\n<\/tbody>\n<\/table>\n","protected":false},"featured_media":7441,"template":"","meta":{"_acf_changed":false},"product_brand":[],"product_cat":[921,1111,1395,1113],"product_tag":[],"class_list":{"0":"post-17889","1":"product","2":"type-product","3":"status-publish","4":"has-post-thumbnail","6":"product_cat-todos-os-produtos","7":"product_cat-revestimentos-de-pavimento-e-tapetes-de-danca","8":"product_cat-alcatifas-e-tapetes-de-exposicao","9":"product_cat-eventos","10":"pa_couleurs-002-branco","11":"pa_couleurs-003-negro","12":"pa_couleurs-120-perola","13":"pa_couleurs-180-ardosia","14":"pa_couleurs-195-cinzento-matizado","15":"pa_couleurs-250-vermelhao","16":"pa_couleurs-270-carmim","17":"pa_couleurs-290-bordo","18":"pa_couleurs-350-mandarina","19":"pa_couleurs-450-limao","20":"pa_couleurs-501-bege-claro","21":"pa_couleurs-530-cafe-com-leite","22":"pa_couleurs-550-marrom","23":"pa_couleurs-619-verde-limao","24":"pa_couleurs-625-relva","25":"pa_couleurs-630-pistachio","26":"pa_couleurs-678-floresta","27":"pa_couleurs-715-agua-marinha","28":"pa_couleurs-750-safira","29":"pa_couleurs-760-azul-real","30":"pa_couleurs-790-marinho","31":"pa_couleurs-830-lavanda","32":"pa_couleurs-850-beringela","33":"pa_couleurs-950-fucsia","34":"pa_groupes-de-couleurs-branco","35":"pa_groupes-de-couleurs-azuis","36":"pa_groupes-de-couleurs-cinzento","37":"pa_groupes-de-couleurs-amarelos","38":"pa_groupes-de-couleurs-castanhos-beges","39":"pa_groupes-de-couleurs-negro","40":"pa_groupes-de-couleurs-laranjas","41":"pa_groupes-de-couleurs-rosas","42":"pa_groupes-de-couleurs-vermelhos","43":"pa_groupes-de-couleurs-verdes","44":"pa_groupes-de-couleurs-violetas","45":"pa_textiles-classificacao-de-reacao-ao-fogo-ignifugo","46":"pa_textiles-economico","48":"first","49":"instock","50":"shipping-taxable","51":"purchasable","52":"product-type-variable"},"acf":[],"yoast_head":"<!-- This site is optimized with the Yoast SEO plugin v27.3 - https:\/\/yoast.com\/product\/yoast-seo-wordpress\/ -->\n<title>Alcatifa Riviera - Azur Scenic<\/title>\n<meta name=\"robots\" content=\"index, follow, max-snippet:-1, max-image-preview:large, max-video-preview:-1\" \/>\n<link rel=\"canonical\" href=\"https:\/\/www.azur-scenic.com\/pt-pt\/produto\/alcatifa-riviera\/\" \/>\n<meta property=\"og:locale\" content=\"pt_PT\" \/>\n<meta property=\"og:type\" content=\"article\" \/>\n<meta property=\"og:title\" content=\"Alcatifa Riviera - Azur Scenic\" \/>\n<meta property=\"og:description\" content=\"A refer\u00eancia em alcatifa para eventos, classificado Bfl-S1 de rea\u00e7\u00e3o ao fogo (ign\u00edfugo), e dispon\u00edvel em 24 cores sortidas. Particularmente econ\u00f3mica, a nossa gama de alcatifas mantendo a espessura e a resist\u00eancia (620 g\/m\u00b2). Alcatifa de uso \u00fanico recomendado, est\u00e1 bastante adaptada a eventos (feiras, sal\u00f5es, rece\u00e7\u00f5es...) Numerosas cores suplementares dispon\u00edveis mediante pedido (ver ficha t\u00e9cnica) \u00a0  Largura: 200 cm Peso: 620 g\/m\u00b2  Classifica\u00e7\u00e3o de rea\u00e7\u00e3o ao fogo: Bfl -S1 Composi\u00e7\u00e3o: Pelo: 100% Polipropileno Subcamada: Latex sint\u00e9tico\" \/>\n<meta property=\"og:url\" content=\"https:\/\/www.azur-scenic.com\/pt-pt\/produto\/alcatifa-riviera\/\" \/>\n<meta property=\"og:site_name\" content=\"Azur Scenic\" \/>\n<meta property=\"article:modified_time\" content=\"2023-08-02T13:21:52+00:00\" \/>\n<meta property=\"og:image\" content=\"https:\/\/www.azur-scenic.com\/wp-content\/uploads\/4e746568b3a9c433e65c81d15a16ad65.png\" \/>\n\t<meta property=\"og:image:width\" content=\"430\" \/>\n\t<meta property=\"og:image:height\" content=\"430\" \/>\n\t<meta property=\"og:image:type\" content=\"image\/png\" \/>\n<meta name=\"twitter:card\" content=\"summary_large_image\" \/>\n<meta name=\"twitter:label1\" content=\"Tempo estimado de leitura\" \/>\n\t<meta name=\"twitter:data1\" content=\"1 minuto\" \/>\n<script type=\"application\/ld+json\" class=\"yoast-schema-graph\">{\"@context\":\"https:\\\/\\\/schema.org\",\"@graph\":[{\"@type\":\"WebPage\",\"@id\":\"https:\\\/\\\/www.azur-scenic.com\\\/pt-pt\\\/produto\\\/alcatifa-riviera\\\/\",\"url\":\"https:\\\/\\\/www.azur-scenic.com\\\/pt-pt\\\/produto\\\/alcatifa-riviera\\\/\",\"name\":\"Alcatifa Riviera - Azur Scenic\",\"isPartOf\":{\"@id\":\"https:\\\/\\\/www.azur-scenic.com\\\/pt-pt\\\/#website\"},\"primaryImageOfPage\":{\"@id\":\"https:\\\/\\\/www.azur-scenic.com\\\/pt-pt\\\/produto\\\/alcatifa-riviera\\\/#primaryimage\"},\"image\":{\"@id\":\"https:\\\/\\\/www.azur-scenic.com\\\/pt-pt\\\/produto\\\/alcatifa-riviera\\\/#primaryimage\"},\"thumbnailUrl\":\"https:\\\/\\\/www.azur-scenic.com\\\/wp-content\\\/uploads\\\/4e746568b3a9c433e65c81d15a16ad65.png\",\"datePublished\":\"2022-10-04T07:26:58+00:00\",\"dateModified\":\"2023-08-02T13:21:52+00:00\",\"breadcrumb\":{\"@id\":\"https:\\\/\\\/www.azur-scenic.com\\\/pt-pt\\\/produto\\\/alcatifa-riviera\\\/#breadcrumb\"},\"inLanguage\":\"pt-PT\",\"potentialAction\":[{\"@type\":\"ReadAction\",\"target\":[\"https:\\\/\\\/www.azur-scenic.com\\\/pt-pt\\\/produto\\\/alcatifa-riviera\\\/\"]}]},{\"@type\":\"ImageObject\",\"inLanguage\":\"pt-PT\",\"@id\":\"https:\\\/\\\/www.azur-scenic.com\\\/pt-pt\\\/produto\\\/alcatifa-riviera\\\/#primaryimage\",\"url\":\"https:\\\/\\\/www.azur-scenic.com\\\/wp-content\\\/uploads\\\/4e746568b3a9c433e65c81d15a16ad65.png\",\"contentUrl\":\"https:\\\/\\\/www.azur-scenic.com\\\/wp-content\\\/uploads\\\/4e746568b3a9c433e65c81d15a16ad65.png\",\"width\":430,\"height\":430},{\"@type\":\"BreadcrumbList\",\"@id\":\"https:\\\/\\\/www.azur-scenic.com\\\/pt-pt\\\/produto\\\/alcatifa-riviera\\\/#breadcrumb\",\"itemListElement\":[{\"@type\":\"ListItem\",\"position\":1,\"name\":\"Accueil\",\"item\":\"https:\\\/\\\/www.azur-scenic.com\\\/pt-pt\\\/\"},{\"@type\":\"ListItem\",\"position\":2,\"name\":\"Produits\",\"item\":\"https:\\\/\\\/www.azur-scenic.com\\\/pt-pt\\\/?page_id=21439\"},{\"@type\":\"ListItem\",\"position\":3,\"name\":\"Alcatifa Riviera\"}]},{\"@type\":\"WebSite\",\"@id\":\"https:\\\/\\\/www.azur-scenic.com\\\/pt-pt\\\/#website\",\"url\":\"https:\\\/\\\/www.azur-scenic.com\\\/pt-pt\\\/\",\"name\":\"Azur Scenic\",\"description\":\"Sp\u00e9cialiste de l\u2019\u00e9quipement sc\u00e9nique et de la d\u00e9coration int\u00e9rieure et \u00e9v\u00e9nementielle !\",\"publisher\":{\"@id\":\"https:\\\/\\\/www.azur-scenic.com\\\/pt-pt\\\/#organization\"},\"potentialAction\":[{\"@type\":\"SearchAction\",\"target\":{\"@type\":\"EntryPoint\",\"urlTemplate\":\"https:\\\/\\\/www.azur-scenic.com\\\/pt-pt\\\/?s={search_term_string}\"},\"query-input\":{\"@type\":\"PropertyValueSpecification\",\"valueRequired\":true,\"valueName\":\"search_term_string\"}}],\"inLanguage\":\"pt-PT\"},{\"@type\":\"Organization\",\"@id\":\"https:\\\/\\\/www.azur-scenic.com\\\/pt-pt\\\/#organization\",\"name\":\"AZUR SCENIC\",\"url\":\"https:\\\/\\\/www.azur-scenic.com\\\/pt-pt\\\/\",\"logo\":{\"@type\":\"ImageObject\",\"inLanguage\":\"pt-PT\",\"@id\":\"https:\\\/\\\/www.azur-scenic.com\\\/pt-pt\\\/#\\\/schema\\\/logo\\\/image\\\/\",\"url\":\"https:\\\/\\\/www.azur-scenic.com\\\/wp-content\\\/uploads\\\/2022\\\/09\\\/LOGO-AZUR-SCENIC-Fusion-web-236x64-1.jpg\",\"contentUrl\":\"https:\\\/\\\/www.azur-scenic.com\\\/wp-content\\\/uploads\\\/2022\\\/09\\\/LOGO-AZUR-SCENIC-Fusion-web-236x64-1.jpg\",\"width\":236,\"height\":64,\"caption\":\"AZUR SCENIC\"},\"image\":{\"@id\":\"https:\\\/\\\/www.azur-scenic.com\\\/pt-pt\\\/#\\\/schema\\\/logo\\\/image\\\/\"},\"sameAs\":[\"https:\\\/\\\/www.youtube.com\\\/channel\\\/UCPWM2mGPVUt4nYhNlm71WOA\",\"https:\\\/\\\/www.linkedin.com\\\/company\\\/33237605\\\/admin\\\/feed\\\/posts\\\/\"]}]}<\/script>\n<!-- \/ Yoast SEO plugin. -->","yoast_head_json":{"title":"Alcatifa Riviera - Azur Scenic","robots":{"index":"index","follow":"follow","max-snippet":"max-snippet:-1","max-image-preview":"max-image-preview:large","max-video-preview":"max-video-preview:-1"},"canonical":"https:\/\/www.azur-scenic.com\/pt-pt\/produto\/alcatifa-riviera\/","og_locale":"pt_PT","og_type":"article","og_title":"Alcatifa Riviera - Azur Scenic","og_description":"A refer\u00eancia em alcatifa para eventos, classificado Bfl-S1 de rea\u00e7\u00e3o ao fogo (ign\u00edfugo), e dispon\u00edvel em 24 cores sortidas. Particularmente econ\u00f3mica, a nossa gama de alcatifas mantendo a espessura e a resist\u00eancia (620 g\/m\u00b2). Alcatifa de uso \u00fanico recomendado, est\u00e1 bastante adaptada a eventos (feiras, sal\u00f5es, rece\u00e7\u00f5es...) Numerosas cores suplementares dispon\u00edveis mediante pedido (ver ficha t\u00e9cnica) \u00a0  Largura: 200 cm Peso: 620 g\/m\u00b2  Classifica\u00e7\u00e3o de rea\u00e7\u00e3o ao fogo: Bfl -S1 Composi\u00e7\u00e3o: Pelo: 100% Polipropileno Subcamada: Latex sint\u00e9tico","og_url":"https:\/\/www.azur-scenic.com\/pt-pt\/produto\/alcatifa-riviera\/","og_site_name":"Azur Scenic","article_modified_time":"2023-08-02T13:21:52+00:00","og_image":[{"width":430,"height":430,"url":"https:\/\/www.azur-scenic.com\/wp-content\/uploads\/4e746568b3a9c433e65c81d15a16ad65.png","type":"image\/png"}],"twitter_card":"summary_large_image","twitter_misc":{"Tempo estimado de leitura":"1 minuto"},"schema":{"@context":"https:\/\/schema.org","@graph":[{"@type":"WebPage","@id":"https:\/\/www.azur-scenic.com\/pt-pt\/produto\/alcatifa-riviera\/","url":"https:\/\/www.azur-scenic.com\/pt-pt\/produto\/alcatifa-riviera\/","name":"Alcatifa Riviera - Azur Scenic","isPartOf":{"@id":"https:\/\/www.azur-scenic.com\/pt-pt\/#website"},"primaryImageOfPage":{"@id":"https:\/\/www.azur-scenic.com\/pt-pt\/produto\/alcatifa-riviera\/#primaryimage"},"image":{"@id":"https:\/\/www.azur-scenic.com\/pt-pt\/produto\/alcatifa-riviera\/#primaryimage"},"thumbnailUrl":"https:\/\/www.azur-scenic.com\/wp-content\/uploads\/4e746568b3a9c433e65c81d15a16ad65.png","datePublished":"2022-10-04T07:26:58+00:00","dateModified":"2023-08-02T13:21:52+00:00","breadcrumb":{"@id":"https:\/\/www.azur-scenic.com\/pt-pt\/produto\/alcatifa-riviera\/#breadcrumb"},"inLanguage":"pt-PT","potentialAction":[{"@type":"ReadAction","target":["https:\/\/www.azur-scenic.com\/pt-pt\/produto\/alcatifa-riviera\/"]}]},{"@type":"ImageObject","inLanguage":"pt-PT","@id":"https:\/\/www.azur-scenic.com\/pt-pt\/produto\/alcatifa-riviera\/#primaryimage","url":"https:\/\/www.azur-scenic.com\/wp-content\/uploads\/4e746568b3a9c433e65c81d15a16ad65.png","contentUrl":"https:\/\/www.azur-scenic.com\/wp-content\/uploads\/4e746568b3a9c433e65c81d15a16ad65.png","width":430,"height":430},{"@type":"BreadcrumbList","@id":"https:\/\/www.azur-scenic.com\/pt-pt\/produto\/alcatifa-riviera\/#breadcrumb","itemListElement":[{"@type":"ListItem","position":1,"name":"Accueil","item":"https:\/\/www.azur-scenic.com\/pt-pt\/"},{"@type":"ListItem","position":2,"name":"Produits","item":"https:\/\/www.azur-scenic.com\/pt-pt\/?page_id=21439"},{"@type":"ListItem","position":3,"name":"Alcatifa Riviera"}]},{"@type":"WebSite","@id":"https:\/\/www.azur-scenic.com\/pt-pt\/#website","url":"https:\/\/www.azur-scenic.com\/pt-pt\/","name":"Azur Scenic","description":"Sp\u00e9cialiste de l\u2019\u00e9quipement sc\u00e9nique et de la d\u00e9coration int\u00e9rieure et \u00e9v\u00e9nementielle !","publisher":{"@id":"https:\/\/www.azur-scenic.com\/pt-pt\/#organization"},"potentialAction":[{"@type":"SearchAction","target":{"@type":"EntryPoint","urlTemplate":"https:\/\/www.azur-scenic.com\/pt-pt\/?s={search_term_string}"},"query-input":{"@type":"PropertyValueSpecification","valueRequired":true,"valueName":"search_term_string"}}],"inLanguage":"pt-PT"},{"@type":"Organization","@id":"https:\/\/www.azur-scenic.com\/pt-pt\/#organization","name":"AZUR SCENIC","url":"https:\/\/www.azur-scenic.com\/pt-pt\/","logo":{"@type":"ImageObject","inLanguage":"pt-PT","@id":"https:\/\/www.azur-scenic.com\/pt-pt\/#\/schema\/logo\/image\/","url":"https:\/\/www.azur-scenic.com\/wp-content\/uploads\/2022\/09\/LOGO-AZUR-SCENIC-Fusion-web-236x64-1.jpg","contentUrl":"https:\/\/www.azur-scenic.com\/wp-content\/uploads\/2022\/09\/LOGO-AZUR-SCENIC-Fusion-web-236x64-1.jpg","width":236,"height":64,"caption":"AZUR SCENIC"},"image":{"@id":"https:\/\/www.azur-scenic.com\/pt-pt\/#\/schema\/logo\/image\/"},"sameAs":["https:\/\/www.youtube.com\/channel\/UCPWM2mGPVUt4nYhNlm71WOA","https:\/\/www.linkedin.com\/company\/33237605\/admin\/feed\/posts\/"]}]}},"_links":{"self":[{"href":"https:\/\/www.azur-scenic.com\/pt-pt\/wp-json\/wp\/v2\/product\/17889","targetHints":{"allow":["GET"]}}],"collection":[{"href":"https:\/\/www.azur-scenic.com\/pt-pt\/wp-json\/wp\/v2\/product"}],"about":[{"href":"https:\/\/www.azur-scenic.com\/pt-pt\/wp-json\/wp\/v2\/types\/product"}],"wp:featuredmedia":[{"embeddable":true,"href":"https:\/\/www.azur-scenic.com\/pt-pt\/wp-json\/wp\/v2\/media\/7441"}],"wp:attachment":[{"href":"https:\/\/www.azur-scenic.com\/pt-pt\/wp-json\/wp\/v2\/media?parent=17889"}],"wp:term":[{"taxonomy":"product_brand","embeddable":true,"href":"https:\/\/www.azur-scenic.com\/pt-pt\/wp-json\/wp\/v2\/product_brand?post=17889"},{"taxonomy":"product_cat","embeddable":true,"href":"https:\/\/www.azur-scenic.com\/pt-pt\/wp-json\/wp\/v2\/product_cat?post=17889"},{"taxonomy":"product_tag","embeddable":true,"href":"https:\/\/www.azur-scenic.com\/pt-pt\/wp-json\/wp\/v2\/product_tag?post=17889"}],"curies":[{"name":"wp","href":"https:\/\/api.w.org\/{rel}","templated":true}]}}