{"id":17951,"date":"2022-10-04T07:26:58","date_gmt":"2022-10-04T07:26:58","guid":{"rendered":"https:\/\/www.azur-scenic.com\/produit\/gazon-synthetique\/"},"modified":"2023-08-02T13:21:53","modified_gmt":"2023-08-02T13:21:53","slug":"relva-sintetica","status":"publish","type":"product","link":"https:\/\/www.azur-scenic.com\/pt-pt\/produto\/relva-sintetica\/","title":{"rendered":"Relva sint\u00e9tica"},"content":{"rendered":"<table>\n<thead>\n<tr>\n<th style=\"width: 157px;\">Dados t\u00e9cnicos<\/th>\n<th style=\"width: 99px;\">Valor<\/th>\n<th style=\"width: 271px;\">Coment\u00e1rio<\/th>\n<\/tr>\n<\/thead>\n<tbody>\n<tr>\n<td style=\"vertical-align: top; width: 157px;\">Largura<\/td>\n<td style=\"vertical-align: top; width: 99px;\">200 cm<\/td>\n<td style=\"vertical-align: top; width: 271px;\"><em>Fabricada com 400 cm de largura a pedido, prever um per\u00edodo de produ\u00e7\u00e3o e um m\u00ednimo de 100 m\u00b2 por cor (ter em conta os custos adicionais de transporte para os 4 m de largura total)<\/em><\/td>\n<\/tr>\n<tr>\n<td style=\"vertical-align: top; width: 157px;\">Peso<\/td>\n<td style=\"vertical-align: top; width: 99px;\">880 g\/m\u00b2<\/td>\n<td style=\"vertical-align: top; width: 271px;\">\u00a0<\/td>\n<\/tr>\n<tr>\n<td style=\"vertical-align: top; width: 157px;\">Espessura<\/td>\n<td style=\"vertical-align: top; width: 99px;\">7 mm<\/td>\n<td style=\"vertical-align: top; width: 271px;\">\u00a0<\/td>\n<\/tr>\n<tr>\n<td style=\"vertical-align: top; width: 157px;\">Classifica\u00e7\u00e3o de rea\u00e7\u00e3o ao fogo<\/td>\n<td style=\"vertical-align: top; width: 99px;\"><img decoding=\"async\" style=\"height: 20px; width: 20px;\" src=\"https:\/\/www.azur-scenic.com\/wp-content\/uploads\/icon-flag-europe.png\" \/> Bfl -S1<\/td>\n<td style=\"vertical-align: top; width: 271px;\">Norma: EN 13501-1<\/td>\n<\/tr>\n<tr>\n<td style=\"vertical-align: top; width: 157px;\">Composi\u00e7\u00e3o<\/td>\n<td style=\"vertical-align: top; width: 376px;\" colspan=\"2\" rowspan=\"1\">Pelo: 100% Polipropileno<br \/>\nSubcamada: Latex sint\u00e9tico<\/td>\n<\/tr>\n<tr>\n<td style=\"vertical-align: top; width: 157px;\">Solidez luminosa<\/td>\n<td style=\"vertical-align: top; width: 99px;\">\u2265 6<\/td>\n<td style=\"vertical-align: top; width: 271px;\">Norma: UNI EN ISO 105B02<\/td>\n<\/tr>\n<tr>\n<td style=\"vertical-align: top; width: 157px;\">Comprimento do rolo<\/td>\n<td style=\"vertical-align: top; width: 99px;\">25 ml<br \/>\n(50 m\u00b2)<\/td>\n<td style=\"vertical-align: top; width: 271px;\">Possibilidade de venda a retalho na cor verde relva b\u00e1sica<\/td>\n<\/tr>\n<\/tbody>\n<\/table>\n","protected":false},"excerpt":{"rendered":"<p>D\u00ea um <strong><span style=\"color: #f88523;\">toque de natureza<\/span><\/strong> a todos os seus espa\u00e7os e eventos num instante, gra\u00e7as a este <span style=\"color: #f88523;\"><strong>relvado sint\u00e9tico<\/strong><\/span> com um acabamento realista e impec\u00e1vel, <span style=\"color: #f88523;\"><strong>classe Bfl-S1<\/strong><\/span> de rea\u00e7\u00e3o ao fogo (ign\u00edfugo).<br \/>\nRevestimento de pavimento concebido especialmente para <span style=\"color: #f88523;\"><strong>decora\u00e7\u00e3o<\/strong><\/span> e <span style=\"color: #f88523;\"><strong>eventos<\/strong><\/span> (recomenda-se uma \u00fanica utiliza\u00e7\u00e3o), pode ser adaptado a todo o tipo de configura\u00e7\u00f5es (sal\u00f5es, exposi\u00e7\u00f5es, desfiles, decora\u00e7\u00e3o de montras, espet\u00e1culos, decora\u00e7\u00e3o de cen\u00e1rios&#8230;)<br \/>\nPoss\u00edvel utiliza\u00e7\u00e3o tanto em <span style=\"color: #f88523;\"><strong>interiores<\/strong><\/span> como em <span style=\"color: #f88523;\"><strong>exteriores<\/strong><\/span><\/p>\n<table class=\"table\">\n<tbody>\n<tr>\n<td><strong>Largura<\/strong>: 200 cm<\/td>\n<td><strong>Peso<\/strong>: 880 g\/m\u00b2<\/td>\n<\/tr>\n<tr>\n<td><strong>Classifica\u00e7\u00e3o de rea\u00e7\u00e3o ao fogo<\/strong>: <img decoding=\"async\" style=\"height: 20px; width: 20px;\" src=\"https:\/\/www.azur-scenic.com\/wp-content\/uploads\/icon-flag-europe.png\" \/> Bfl -S1<\/td>\n<td><strong>Composi\u00e7\u00e3o<\/strong>:<br \/>\nPelo: 100% Polipropileno<br \/>\nSubcamada: Latex sint\u00e9tico<\/td>\n<\/tr>\n<\/tbody>\n<\/table>\n","protected":false},"featured_media":7435,"template":"","meta":{"_acf_changed":false},"product_brand":[],"product_cat":[921,1111,1395],"product_tag":[],"class_list":{"0":"post-17951","1":"product","2":"type-product","3":"status-publish","4":"has-post-thumbnail","6":"product_cat-todos-os-produtos","7":"product_cat-revestimentos-de-pavimento-e-tapetes-de-danca","8":"product_cat-alcatifas-e-tapetes-de-exposicao","9":"pa_couleurs-002-es","10":"pa_couleurs-003-es","11":"pa_couleurs-230-es","12":"pa_couleurs-625-es","13":"pa_couleurs-755-es","14":"pa_groupes-de-couleurs-branco","15":"pa_groupes-de-couleurs-azuis","16":"pa_groupes-de-couleurs-negro","17":"pa_groupes-de-couleurs-vermelhos","18":"pa_groupes-de-couleurs-verdes","19":"pa_textiles-adaptado-para-exterior","20":"pa_textiles-classificacao-de-reacao-ao-fogo-ignifugo","22":"first","23":"instock","24":"shipping-taxable","25":"purchasable","26":"product-type-variable"},"acf":[],"yoast_head":"<!-- This site is optimized with the Yoast SEO plugin v27.3 - https:\/\/yoast.com\/product\/yoast-seo-wordpress\/ -->\n<title>Relva sint\u00e9tica - Azur Scenic<\/title>\n<meta name=\"robots\" content=\"index, follow, max-snippet:-1, max-image-preview:large, max-video-preview:-1\" \/>\n<link rel=\"canonical\" href=\"https:\/\/www.azur-scenic.com\/pt-pt\/produto\/relva-sintetica\/\" \/>\n<meta property=\"og:locale\" content=\"pt_PT\" \/>\n<meta property=\"og:type\" content=\"article\" \/>\n<meta property=\"og:title\" content=\"Relva sint\u00e9tica - Azur Scenic\" \/>\n<meta property=\"og:description\" content=\"D\u00ea um toque de natureza a todos os seus espa\u00e7os e eventos num instante, gra\u00e7as a este relvado sint\u00e9tico com um acabamento realista e impec\u00e1vel, classe Bfl-S1 de rea\u00e7\u00e3o ao fogo (ign\u00edfugo). Revestimento de pavimento concebido especialmente para decora\u00e7\u00e3o e eventos (recomenda-se uma \u00fanica utiliza\u00e7\u00e3o), pode ser adaptado a todo o tipo de configura\u00e7\u00f5es (sal\u00f5es, exposi\u00e7\u00f5es, desfiles, decora\u00e7\u00e3o de montras, espet\u00e1culos, decora\u00e7\u00e3o de cen\u00e1rios...) Poss\u00edvel utiliza\u00e7\u00e3o tanto em interiores como em exteriores  Largura: 200 cm Peso: 880 g\/m\u00b2  Classifica\u00e7\u00e3o de rea\u00e7\u00e3o ao fogo: Bfl -S1 Composi\u00e7\u00e3o: Pelo: 100% Polipropileno Subcamada: Latex sint\u00e9tico\" \/>\n<meta property=\"og:url\" content=\"https:\/\/www.azur-scenic.com\/pt-pt\/produto\/relva-sintetica\/\" \/>\n<meta property=\"og:site_name\" content=\"Azur Scenic\" \/>\n<meta property=\"article:modified_time\" content=\"2023-08-02T13:21:53+00:00\" \/>\n<meta property=\"og:image\" content=\"https:\/\/www.azur-scenic.com\/wp-content\/uploads\/39ac873ec7f584f83b7ca094d5227049.png\" \/>\n\t<meta property=\"og:image:width\" content=\"430\" \/>\n\t<meta property=\"og:image:height\" content=\"430\" \/>\n\t<meta property=\"og:image:type\" content=\"image\/png\" \/>\n<meta name=\"twitter:card\" content=\"summary_large_image\" \/>\n<script type=\"application\/ld+json\" class=\"yoast-schema-graph\">{\"@context\":\"https:\\\/\\\/schema.org\",\"@graph\":[{\"@type\":\"WebPage\",\"@id\":\"https:\\\/\\\/www.azur-scenic.com\\\/pt-pt\\\/produto\\\/relva-sintetica\\\/\",\"url\":\"https:\\\/\\\/www.azur-scenic.com\\\/pt-pt\\\/produto\\\/relva-sintetica\\\/\",\"name\":\"Relva sint\u00e9tica - Azur Scenic\",\"isPartOf\":{\"@id\":\"https:\\\/\\\/www.azur-scenic.com\\\/pt-pt\\\/#website\"},\"primaryImageOfPage\":{\"@id\":\"https:\\\/\\\/www.azur-scenic.com\\\/pt-pt\\\/produto\\\/relva-sintetica\\\/#primaryimage\"},\"image\":{\"@id\":\"https:\\\/\\\/www.azur-scenic.com\\\/pt-pt\\\/produto\\\/relva-sintetica\\\/#primaryimage\"},\"thumbnailUrl\":\"https:\\\/\\\/www.azur-scenic.com\\\/wp-content\\\/uploads\\\/39ac873ec7f584f83b7ca094d5227049.png\",\"datePublished\":\"2022-10-04T07:26:58+00:00\",\"dateModified\":\"2023-08-02T13:21:53+00:00\",\"breadcrumb\":{\"@id\":\"https:\\\/\\\/www.azur-scenic.com\\\/pt-pt\\\/produto\\\/relva-sintetica\\\/#breadcrumb\"},\"inLanguage\":\"pt-PT\",\"potentialAction\":[{\"@type\":\"ReadAction\",\"target\":[\"https:\\\/\\\/www.azur-scenic.com\\\/pt-pt\\\/produto\\\/relva-sintetica\\\/\"]}]},{\"@type\":\"ImageObject\",\"inLanguage\":\"pt-PT\",\"@id\":\"https:\\\/\\\/www.azur-scenic.com\\\/pt-pt\\\/produto\\\/relva-sintetica\\\/#primaryimage\",\"url\":\"https:\\\/\\\/www.azur-scenic.com\\\/wp-content\\\/uploads\\\/39ac873ec7f584f83b7ca094d5227049.png\",\"contentUrl\":\"https:\\\/\\\/www.azur-scenic.com\\\/wp-content\\\/uploads\\\/39ac873ec7f584f83b7ca094d5227049.png\",\"width\":430,\"height\":430},{\"@type\":\"BreadcrumbList\",\"@id\":\"https:\\\/\\\/www.azur-scenic.com\\\/pt-pt\\\/produto\\\/relva-sintetica\\\/#breadcrumb\",\"itemListElement\":[{\"@type\":\"ListItem\",\"position\":1,\"name\":\"Accueil\",\"item\":\"https:\\\/\\\/www.azur-scenic.com\\\/pt-pt\\\/\"},{\"@type\":\"ListItem\",\"position\":2,\"name\":\"Produits\",\"item\":\"https:\\\/\\\/www.azur-scenic.com\\\/pt-pt\\\/?page_id=21439\"},{\"@type\":\"ListItem\",\"position\":3,\"name\":\"Relva sint\u00e9tica\"}]},{\"@type\":\"WebSite\",\"@id\":\"https:\\\/\\\/www.azur-scenic.com\\\/pt-pt\\\/#website\",\"url\":\"https:\\\/\\\/www.azur-scenic.com\\\/pt-pt\\\/\",\"name\":\"Azur Scenic\",\"description\":\"Sp\u00e9cialiste de l\u2019\u00e9quipement sc\u00e9nique et de la d\u00e9coration int\u00e9rieure et \u00e9v\u00e9nementielle !\",\"publisher\":{\"@id\":\"https:\\\/\\\/www.azur-scenic.com\\\/pt-pt\\\/#organization\"},\"potentialAction\":[{\"@type\":\"SearchAction\",\"target\":{\"@type\":\"EntryPoint\",\"urlTemplate\":\"https:\\\/\\\/www.azur-scenic.com\\\/pt-pt\\\/?s={search_term_string}\"},\"query-input\":{\"@type\":\"PropertyValueSpecification\",\"valueRequired\":true,\"valueName\":\"search_term_string\"}}],\"inLanguage\":\"pt-PT\"},{\"@type\":\"Organization\",\"@id\":\"https:\\\/\\\/www.azur-scenic.com\\\/pt-pt\\\/#organization\",\"name\":\"AZUR SCENIC\",\"url\":\"https:\\\/\\\/www.azur-scenic.com\\\/pt-pt\\\/\",\"logo\":{\"@type\":\"ImageObject\",\"inLanguage\":\"pt-PT\",\"@id\":\"https:\\\/\\\/www.azur-scenic.com\\\/pt-pt\\\/#\\\/schema\\\/logo\\\/image\\\/\",\"url\":\"https:\\\/\\\/www.azur-scenic.com\\\/wp-content\\\/uploads\\\/2022\\\/09\\\/LOGO-AZUR-SCENIC-Fusion-web-236x64-1.jpg\",\"contentUrl\":\"https:\\\/\\\/www.azur-scenic.com\\\/wp-content\\\/uploads\\\/2022\\\/09\\\/LOGO-AZUR-SCENIC-Fusion-web-236x64-1.jpg\",\"width\":236,\"height\":64,\"caption\":\"AZUR SCENIC\"},\"image\":{\"@id\":\"https:\\\/\\\/www.azur-scenic.com\\\/pt-pt\\\/#\\\/schema\\\/logo\\\/image\\\/\"},\"sameAs\":[\"https:\\\/\\\/www.youtube.com\\\/channel\\\/UCPWM2mGPVUt4nYhNlm71WOA\",\"https:\\\/\\\/www.linkedin.com\\\/company\\\/33237605\\\/admin\\\/feed\\\/posts\\\/\"]}]}<\/script>\n<!-- \/ Yoast SEO plugin. -->","yoast_head_json":{"title":"Relva sint\u00e9tica - Azur Scenic","robots":{"index":"index","follow":"follow","max-snippet":"max-snippet:-1","max-image-preview":"max-image-preview:large","max-video-preview":"max-video-preview:-1"},"canonical":"https:\/\/www.azur-scenic.com\/pt-pt\/produto\/relva-sintetica\/","og_locale":"pt_PT","og_type":"article","og_title":"Relva sint\u00e9tica - Azur Scenic","og_description":"D\u00ea um toque de natureza a todos os seus espa\u00e7os e eventos num instante, gra\u00e7as a este relvado sint\u00e9tico com um acabamento realista e impec\u00e1vel, classe Bfl-S1 de rea\u00e7\u00e3o ao fogo (ign\u00edfugo). Revestimento de pavimento concebido especialmente para decora\u00e7\u00e3o e eventos (recomenda-se uma \u00fanica utiliza\u00e7\u00e3o), pode ser adaptado a todo o tipo de configura\u00e7\u00f5es (sal\u00f5es, exposi\u00e7\u00f5es, desfiles, decora\u00e7\u00e3o de montras, espet\u00e1culos, decora\u00e7\u00e3o de cen\u00e1rios...) Poss\u00edvel utiliza\u00e7\u00e3o tanto em interiores como em exteriores  Largura: 200 cm Peso: 880 g\/m\u00b2  Classifica\u00e7\u00e3o de rea\u00e7\u00e3o ao fogo: Bfl -S1 Composi\u00e7\u00e3o: Pelo: 100% Polipropileno Subcamada: Latex sint\u00e9tico","og_url":"https:\/\/www.azur-scenic.com\/pt-pt\/produto\/relva-sintetica\/","og_site_name":"Azur Scenic","article_modified_time":"2023-08-02T13:21:53+00:00","og_image":[{"width":430,"height":430,"url":"https:\/\/www.azur-scenic.com\/wp-content\/uploads\/39ac873ec7f584f83b7ca094d5227049.png","type":"image\/png"}],"twitter_card":"summary_large_image","schema":{"@context":"https:\/\/schema.org","@graph":[{"@type":"WebPage","@id":"https:\/\/www.azur-scenic.com\/pt-pt\/produto\/relva-sintetica\/","url":"https:\/\/www.azur-scenic.com\/pt-pt\/produto\/relva-sintetica\/","name":"Relva sint\u00e9tica - Azur Scenic","isPartOf":{"@id":"https:\/\/www.azur-scenic.com\/pt-pt\/#website"},"primaryImageOfPage":{"@id":"https:\/\/www.azur-scenic.com\/pt-pt\/produto\/relva-sintetica\/#primaryimage"},"image":{"@id":"https:\/\/www.azur-scenic.com\/pt-pt\/produto\/relva-sintetica\/#primaryimage"},"thumbnailUrl":"https:\/\/www.azur-scenic.com\/wp-content\/uploads\/39ac873ec7f584f83b7ca094d5227049.png","datePublished":"2022-10-04T07:26:58+00:00","dateModified":"2023-08-02T13:21:53+00:00","breadcrumb":{"@id":"https:\/\/www.azur-scenic.com\/pt-pt\/produto\/relva-sintetica\/#breadcrumb"},"inLanguage":"pt-PT","potentialAction":[{"@type":"ReadAction","target":["https:\/\/www.azur-scenic.com\/pt-pt\/produto\/relva-sintetica\/"]}]},{"@type":"ImageObject","inLanguage":"pt-PT","@id":"https:\/\/www.azur-scenic.com\/pt-pt\/produto\/relva-sintetica\/#primaryimage","url":"https:\/\/www.azur-scenic.com\/wp-content\/uploads\/39ac873ec7f584f83b7ca094d5227049.png","contentUrl":"https:\/\/www.azur-scenic.com\/wp-content\/uploads\/39ac873ec7f584f83b7ca094d5227049.png","width":430,"height":430},{"@type":"BreadcrumbList","@id":"https:\/\/www.azur-scenic.com\/pt-pt\/produto\/relva-sintetica\/#breadcrumb","itemListElement":[{"@type":"ListItem","position":1,"name":"Accueil","item":"https:\/\/www.azur-scenic.com\/pt-pt\/"},{"@type":"ListItem","position":2,"name":"Produits","item":"https:\/\/www.azur-scenic.com\/pt-pt\/?page_id=21439"},{"@type":"ListItem","position":3,"name":"Relva sint\u00e9tica"}]},{"@type":"WebSite","@id":"https:\/\/www.azur-scenic.com\/pt-pt\/#website","url":"https:\/\/www.azur-scenic.com\/pt-pt\/","name":"Azur Scenic","description":"Sp\u00e9cialiste de l\u2019\u00e9quipement sc\u00e9nique et de la d\u00e9coration int\u00e9rieure et \u00e9v\u00e9nementielle !","publisher":{"@id":"https:\/\/www.azur-scenic.com\/pt-pt\/#organization"},"potentialAction":[{"@type":"SearchAction","target":{"@type":"EntryPoint","urlTemplate":"https:\/\/www.azur-scenic.com\/pt-pt\/?s={search_term_string}"},"query-input":{"@type":"PropertyValueSpecification","valueRequired":true,"valueName":"search_term_string"}}],"inLanguage":"pt-PT"},{"@type":"Organization","@id":"https:\/\/www.azur-scenic.com\/pt-pt\/#organization","name":"AZUR SCENIC","url":"https:\/\/www.azur-scenic.com\/pt-pt\/","logo":{"@type":"ImageObject","inLanguage":"pt-PT","@id":"https:\/\/www.azur-scenic.com\/pt-pt\/#\/schema\/logo\/image\/","url":"https:\/\/www.azur-scenic.com\/wp-content\/uploads\/2022\/09\/LOGO-AZUR-SCENIC-Fusion-web-236x64-1.jpg","contentUrl":"https:\/\/www.azur-scenic.com\/wp-content\/uploads\/2022\/09\/LOGO-AZUR-SCENIC-Fusion-web-236x64-1.jpg","width":236,"height":64,"caption":"AZUR SCENIC"},"image":{"@id":"https:\/\/www.azur-scenic.com\/pt-pt\/#\/schema\/logo\/image\/"},"sameAs":["https:\/\/www.youtube.com\/channel\/UCPWM2mGPVUt4nYhNlm71WOA","https:\/\/www.linkedin.com\/company\/33237605\/admin\/feed\/posts\/"]}]}},"_links":{"self":[{"href":"https:\/\/www.azur-scenic.com\/pt-pt\/wp-json\/wp\/v2\/product\/17951","targetHints":{"allow":["GET"]}}],"collection":[{"href":"https:\/\/www.azur-scenic.com\/pt-pt\/wp-json\/wp\/v2\/product"}],"about":[{"href":"https:\/\/www.azur-scenic.com\/pt-pt\/wp-json\/wp\/v2\/types\/product"}],"wp:featuredmedia":[{"embeddable":true,"href":"https:\/\/www.azur-scenic.com\/pt-pt\/wp-json\/wp\/v2\/media\/7435"}],"wp:attachment":[{"href":"https:\/\/www.azur-scenic.com\/pt-pt\/wp-json\/wp\/v2\/media?parent=17951"}],"wp:term":[{"taxonomy":"product_brand","embeddable":true,"href":"https:\/\/www.azur-scenic.com\/pt-pt\/wp-json\/wp\/v2\/product_brand?post=17951"},{"taxonomy":"product_cat","embeddable":true,"href":"https:\/\/www.azur-scenic.com\/pt-pt\/wp-json\/wp\/v2\/product_cat?post=17951"},{"taxonomy":"product_tag","embeddable":true,"href":"https:\/\/www.azur-scenic.com\/pt-pt\/wp-json\/wp\/v2\/product_tag?post=17951"}],"curies":[{"name":"wp","href":"https:\/\/api.w.org\/{rel}","templated":true}]}}