{"id":18025,"date":"2022-10-04T07:26:52","date_gmt":"2022-10-04T07:26:52","guid":{"rendered":"https:\/\/www.azur-scenic.com\/produit\/velours-delalande\/"},"modified":"2023-08-02T13:22:15","modified_gmt":"2023-08-02T13:22:15","slug":"veludos-delalande","status":"publish","type":"product","link":"https:\/\/www.azur-scenic.com\/pt-pt\/produto\/veludos-delalande\/","title":{"rendered":"Veludos Delalande"},"content":{"rendered":"<table>\n<thead>\n<tr>\n<th style=\"width: 170px;\">Dados t\u00e9cnicos<\/th>\n<th style=\"width: 109px;\">Valor<\/th>\n<th style=\"width: 191px;\">Coment\u00e1rio<\/th>\n<\/tr>\n<\/thead>\n<tbody>\n<tr>\n<td style=\"vertical-align: top;\">Largura<\/td>\n<td style=\"vertical-align: top; width: 109px;\">155 cm<\/td>\n<td style=\"vertical-align: top; width: 191px;\">\u00a0<\/td>\n<\/tr>\n<tr>\n<td style=\"vertical-align: top;\">Peso<\/td>\n<td style=\"vertical-align: top; width: 109px;\">570 g\/m\u00b2<\/td>\n<td style=\"vertical-align: top; width: 191px;\">\u00a0<\/td>\n<\/tr>\n<tr>\n<td style=\"vertical-align: top;\">Espessura<\/td>\n<td style=\"vertical-align: top; width: 109px;\">2,4 mm<\/td>\n<td style=\"vertical-align: top; width: 191px;\">\u00a0<\/td>\n<\/tr>\n<tr>\n<td style=\"vertical-align: top;\">Classifica\u00e7\u00e3o de rea\u00e7\u00e3o ao fogo<\/td>\n<td style=\"vertical-align: top; width: 109px;\"><img decoding=\"async\" style=\"height: 20px; width: 20px;\" src=\"https:\/\/www.azur-scenic.com\/wp-content\/uploads\/csm_icon-flag-france_3304e5e3f9.png\" \/> M1<\/td>\n<td style=\"vertical-align: top; width: 191px;\">Norma: NF P 92 503-504-505<\/td>\n<\/tr>\n<tr>\n<td style=\"vertical-align: top;\">Composi\u00e7\u00e3o<\/td>\n<td style=\"vertical-align: top;\" colspan=\"2\" rowspan=\"1\">100% Poli\u00e9ster FR<\/td>\n<\/tr>\n<tr>\n<td style=\"vertical-align: top;\">Comprimento do rolo<\/td>\n<td style=\"vertical-align: top; width: 109px;\">Aprox. 30 &#8211; 35 m<\/td>\n<td style=\"vertical-align: top; width: 191px;\">Pe\u00e7as n\u00e3o calibradas, metragem das pe\u00e7as vari\u00e1vel<br \/>\nPossibilidade de venda a retalho<\/td>\n<\/tr>\n<tr>\n<td style=\"vertical-align: top;\">Resist\u00eancia \u00e0 rutura<\/td>\n<td style=\"vertical-align: top; width: 109px;\">Corrente: > 95 kg<br \/>\nTrama: > 100 kg<\/td>\n<td style=\"vertical-align: top; width: 191px;\">Norma: ISO 13934-1<\/td>\n<\/tr>\n<tr>\n<td style=\"vertical-align: top;\">Alongamento de rutura<\/td>\n<td style=\"vertical-align: top; width: 109px;\">Corrente: > 10%<br \/>\nTrama: > 20%<\/td>\n<td style=\"vertical-align: top; width: 191px;\">Norma: ISO 13934-1<\/td>\n<\/tr>\n<tr>\n<td style=\"vertical-align: top;\">Resist\u00eancia ao rasgo<\/td>\n<td style=\"vertical-align: top; width: 109px;\">Corrente> 40 N<br \/>\nTrama: > 40 N<\/td>\n<td style=\"vertical-align: top; width: 191px;\">Norma: ISO 13937-3<\/td>\n<\/tr>\n<tr>\n<td style=\"vertical-align: top;\">Resist\u00eancia \u00e0 abras\u00e3o<\/td>\n<td style=\"vertical-align: top; width: 109px;\">60 000 rota\u00e7\u00f5es<\/td>\n<td style=\"vertical-align: top; width: 191px;\">Norma: ISO 12947 (Martindale)<\/td>\n<\/tr>\n<tr>\n<td style=\"vertical-align: top;\">Propriedades ac\u00fasticas<br \/>\nWSAC<br \/>\nSAC<br \/>\nNRC<br \/>\nSAA<\/td>\n<td style=\"vertical-align: top; width: 109px;\">1 \u03b1w<br \/>\nA <span style=\"font-size: 10px;\">(absor\u00e7\u00e3o extrema)<\/span><br \/>\n0,95<br \/>\n0,95<\/td>\n<td style=\"vertical-align: top; width: 191px;\">Normas:<br \/>\nISO 354 &#8211;\u00a0ISO 11654\u00a0&#8211;\u00a0ASTM C423<\/td>\n<\/tr>\n<\/tbody>\n<\/table>\n","protected":false},"excerpt":{"rendered":"<p>Um veludo <span style=\"color: #f88523;\"><strong>pesado<\/strong><\/span> dotado de <strong><span style=\"color: #f88523;\">propriedades excecionais de absor\u00e7\u00e3o ac\u00fastica<\/span><\/strong> e classifica\u00e7\u00e3o <span style=\"color: #f88523;\"><strong>M1<\/strong><\/span> de rea\u00e7\u00e3o ao fogo (ign\u00edfugo).<br \/>\nEste veludo de <span style=\"color: #f88523;\"><strong>fios tingidos<\/strong><\/span> est\u00e1 dispon\u00edvel numa <span style=\"color: #f88523;\"><strong>vasta gama de cores<\/strong><\/span>, e tem a vantagem de haver muito pouca diferen\u00e7a de cor entre as diferentes produ\u00e7\u00f5es.<br \/>\nEste veludo de poli\u00e9ster FR \u00e9 particularmente <span style=\"color: #f88523;\"><strong>resistente<\/strong><\/span> e <span style=\"color: #f88523;\"><strong>lav\u00e1vel<\/strong><\/span>, sendo perfeitamente adequado para confe\u00e7\u00e3o de <span style=\"color: #f88523;\"><strong>cortinas<\/strong><\/span> para uso interior e <span style=\"color: #f88523;\"><strong>exterior<\/strong><\/span>.<br \/>\nTecido com uma <span style=\"color: #f88523;\"><strong>largura de 1,55 m<\/strong><\/span>, este veludo permite obter bambolinas mais largas do que as normalmente produzidas, limitando ao mesmo tempo o n\u00famero de costuras de montagem.<\/p>\n<table class=\"table\" style=\"background: #f7f7f7;\">\n<tbody>\n<tr>\n<td><strong>Largura<\/strong>: 155 cm<\/td>\n<td><strong>Peso<\/strong>: 570 g\/m\u00b2<\/td>\n<\/tr>\n<tr>\n<td><strong>Classifica\u00e7\u00e3o de rea\u00e7\u00e3o ao fogo<\/strong>: <img decoding=\"async\" style=\"height: 20px; width: 20px;\" src=\"https:\/\/www.azur-scenic.com\/wp-content\/uploads\/csm_icon-flag-france_3304e5e3f9.png\" \/> M1<\/td>\n<td><strong>Composi\u00e7\u00e3o<\/strong>: 100% Poli\u00e9ster FR<\/td>\n<\/tr>\n<\/tbody>\n<\/table>\n","protected":false},"featured_media":14938,"template":"","meta":{"_acf_changed":false},"product_brand":[],"product_cat":[921,916,917,918],"product_tag":[],"class_list":{"0":"post-18025","1":"product","2":"type-product","3":"status-publish","4":"has-post-thumbnail","6":"product_cat-todos-os-produtos","7":"product_cat-texteis-cenicos-e-para-eventos","8":"product_cat-veludos","9":"product_cat-veludos-de-poliester","10":"pa_couleurs-003-negro","11":"pa_couleurs-180-ardosia","12":"pa_couleurs-200-vermelho","13":"pa_couleurs-270-carmim","14":"pa_couleurs-290-bordo","15":"pa_couleurs-330-coral","16":"pa_couleurs-440-mostarda","17":"pa_couleurs-445-ouro-velho","18":"pa_couleurs-518-taupe","19":"pa_couleurs-533-tabaco","20":"pa_couleurs-550-marrom","21":"pa_couleurs-570-moca","22":"pa_couleurs-630-pistachio","23":"pa_couleurs-655-esmeralda","24":"pa_couleurs-740-pavao","25":"pa_couleurs-765-azul-europa","26":"pa_couleurs-770-oceano","27":"pa_couleurs-790-marinho","28":"pa_couleurs-870-cassis","29":"pa_groupes-de-couleurs-azuis","30":"pa_groupes-de-couleurs-cinzento","31":"pa_groupes-de-couleurs-amarelos","32":"pa_groupes-de-couleurs-castanhos-beges","33":"pa_groupes-de-couleurs-negro","34":"pa_groupes-de-couleurs-laranjas","35":"pa_groupes-de-couleurs-vermelhos","36":"pa_groupes-de-couleurs-verdes","37":"pa_groupes-de-couleurs-violetas","38":"pa_textiles-absorvente-acustico","39":"pa_textiles-adaptado-para-exterior","40":"pa_textiles-classificacao-de-reacao-ao-fogo-ignifugo","41":"pa_textiles-lavavel","42":"pa_textiles-larguras-muito-grandes","44":"first","45":"instock","46":"shipping-taxable","47":"purchasable","48":"product-type-variable"},"acf":[],"yoast_head":"<!-- This site is optimized with the Yoast SEO plugin v27.3 - https:\/\/yoast.com\/product\/yoast-seo-wordpress\/ -->\n<title>Veludos Delalande - Azur Scenic<\/title>\n<meta name=\"robots\" content=\"index, follow, max-snippet:-1, max-image-preview:large, max-video-preview:-1\" \/>\n<link rel=\"canonical\" href=\"https:\/\/www.azur-scenic.com\/pt-pt\/produto\/veludos-delalande\/\" \/>\n<meta property=\"og:locale\" content=\"pt_PT\" \/>\n<meta property=\"og:type\" content=\"article\" \/>\n<meta property=\"og:title\" content=\"Veludos Delalande - Azur Scenic\" \/>\n<meta property=\"og:description\" content=\"Um veludo pesado dotado de propriedades excecionais de absor\u00e7\u00e3o ac\u00fastica e classifica\u00e7\u00e3o M1 de rea\u00e7\u00e3o ao fogo (ign\u00edfugo). Este veludo de fios tingidos est\u00e1 dispon\u00edvel numa vasta gama de cores, e tem a vantagem de haver muito pouca diferen\u00e7a de cor entre as diferentes produ\u00e7\u00f5es. Este veludo de poli\u00e9ster FR \u00e9 particularmente resistente e lav\u00e1vel, sendo perfeitamente adequado para confe\u00e7\u00e3o de cortinas para uso interior e exterior. Tecido com uma largura de 1,55 m, este veludo permite obter bambolinas mais largas do que as normalmente produzidas, limitando ao mesmo tempo o n\u00famero de costuras de montagem.  Largura: 155 cm Peso: 570 g\/m\u00b2  Classifica\u00e7\u00e3o de rea\u00e7\u00e3o ao fogo: M1 Composi\u00e7\u00e3o: 100% Poli\u00e9ster FR\" \/>\n<meta property=\"og:url\" content=\"https:\/\/www.azur-scenic.com\/pt-pt\/produto\/veludos-delalande\/\" \/>\n<meta property=\"og:site_name\" content=\"Azur Scenic\" \/>\n<meta property=\"article:modified_time\" content=\"2023-08-02T13:22:15+00:00\" \/>\n<meta property=\"og:image\" content=\"https:\/\/www.azur-scenic.com\/wp-content\/uploads\/Velours-Delalande-Noir-1.jpg\" \/>\n\t<meta property=\"og:image:width\" content=\"1525\" \/>\n\t<meta property=\"og:image:height\" content=\"1525\" \/>\n\t<meta property=\"og:image:type\" content=\"image\/jpeg\" \/>\n<meta name=\"twitter:card\" content=\"summary_large_image\" \/>\n<meta name=\"twitter:label1\" content=\"Tempo estimado de leitura\" \/>\n\t<meta name=\"twitter:data1\" content=\"1 minuto\" \/>\n<script type=\"application\/ld+json\" class=\"yoast-schema-graph\">{\"@context\":\"https:\\\/\\\/schema.org\",\"@graph\":[{\"@type\":\"WebPage\",\"@id\":\"https:\\\/\\\/www.azur-scenic.com\\\/pt-pt\\\/produto\\\/veludos-delalande\\\/\",\"url\":\"https:\\\/\\\/www.azur-scenic.com\\\/pt-pt\\\/produto\\\/veludos-delalande\\\/\",\"name\":\"Veludos Delalande - Azur Scenic\",\"isPartOf\":{\"@id\":\"https:\\\/\\\/www.azur-scenic.com\\\/pt-pt\\\/#website\"},\"primaryImageOfPage\":{\"@id\":\"https:\\\/\\\/www.azur-scenic.com\\\/pt-pt\\\/produto\\\/veludos-delalande\\\/#primaryimage\"},\"image\":{\"@id\":\"https:\\\/\\\/www.azur-scenic.com\\\/pt-pt\\\/produto\\\/veludos-delalande\\\/#primaryimage\"},\"thumbnailUrl\":\"https:\\\/\\\/www.azur-scenic.com\\\/wp-content\\\/uploads\\\/Velours-Delalande-Noir-1.jpg\",\"datePublished\":\"2022-10-04T07:26:52+00:00\",\"dateModified\":\"2023-08-02T13:22:15+00:00\",\"breadcrumb\":{\"@id\":\"https:\\\/\\\/www.azur-scenic.com\\\/pt-pt\\\/produto\\\/veludos-delalande\\\/#breadcrumb\"},\"inLanguage\":\"pt-PT\",\"potentialAction\":[{\"@type\":\"ReadAction\",\"target\":[\"https:\\\/\\\/www.azur-scenic.com\\\/pt-pt\\\/produto\\\/veludos-delalande\\\/\"]}]},{\"@type\":\"ImageObject\",\"inLanguage\":\"pt-PT\",\"@id\":\"https:\\\/\\\/www.azur-scenic.com\\\/pt-pt\\\/produto\\\/veludos-delalande\\\/#primaryimage\",\"url\":\"https:\\\/\\\/www.azur-scenic.com\\\/wp-content\\\/uploads\\\/Velours-Delalande-Noir-1.jpg\",\"contentUrl\":\"https:\\\/\\\/www.azur-scenic.com\\\/wp-content\\\/uploads\\\/Velours-Delalande-Noir-1.jpg\",\"width\":1525,\"height\":1525,\"caption\":\"Velours Delalande Noir\"},{\"@type\":\"BreadcrumbList\",\"@id\":\"https:\\\/\\\/www.azur-scenic.com\\\/pt-pt\\\/produto\\\/veludos-delalande\\\/#breadcrumb\",\"itemListElement\":[{\"@type\":\"ListItem\",\"position\":1,\"name\":\"Accueil\",\"item\":\"https:\\\/\\\/www.azur-scenic.com\\\/pt-pt\\\/\"},{\"@type\":\"ListItem\",\"position\":2,\"name\":\"Produits\",\"item\":\"https:\\\/\\\/www.azur-scenic.com\\\/pt-pt\\\/?page_id=21439\"},{\"@type\":\"ListItem\",\"position\":3,\"name\":\"Veludos Delalande\"}]},{\"@type\":\"WebSite\",\"@id\":\"https:\\\/\\\/www.azur-scenic.com\\\/pt-pt\\\/#website\",\"url\":\"https:\\\/\\\/www.azur-scenic.com\\\/pt-pt\\\/\",\"name\":\"Azur Scenic\",\"description\":\"Sp\u00e9cialiste de l\u2019\u00e9quipement sc\u00e9nique et de la d\u00e9coration int\u00e9rieure et \u00e9v\u00e9nementielle !\",\"publisher\":{\"@id\":\"https:\\\/\\\/www.azur-scenic.com\\\/pt-pt\\\/#organization\"},\"potentialAction\":[{\"@type\":\"SearchAction\",\"target\":{\"@type\":\"EntryPoint\",\"urlTemplate\":\"https:\\\/\\\/www.azur-scenic.com\\\/pt-pt\\\/?s={search_term_string}\"},\"query-input\":{\"@type\":\"PropertyValueSpecification\",\"valueRequired\":true,\"valueName\":\"search_term_string\"}}],\"inLanguage\":\"pt-PT\"},{\"@type\":\"Organization\",\"@id\":\"https:\\\/\\\/www.azur-scenic.com\\\/pt-pt\\\/#organization\",\"name\":\"AZUR SCENIC\",\"url\":\"https:\\\/\\\/www.azur-scenic.com\\\/pt-pt\\\/\",\"logo\":{\"@type\":\"ImageObject\",\"inLanguage\":\"pt-PT\",\"@id\":\"https:\\\/\\\/www.azur-scenic.com\\\/pt-pt\\\/#\\\/schema\\\/logo\\\/image\\\/\",\"url\":\"https:\\\/\\\/www.azur-scenic.com\\\/wp-content\\\/uploads\\\/2022\\\/09\\\/LOGO-AZUR-SCENIC-Fusion-web-236x64-1.jpg\",\"contentUrl\":\"https:\\\/\\\/www.azur-scenic.com\\\/wp-content\\\/uploads\\\/2022\\\/09\\\/LOGO-AZUR-SCENIC-Fusion-web-236x64-1.jpg\",\"width\":236,\"height\":64,\"caption\":\"AZUR SCENIC\"},\"image\":{\"@id\":\"https:\\\/\\\/www.azur-scenic.com\\\/pt-pt\\\/#\\\/schema\\\/logo\\\/image\\\/\"},\"sameAs\":[\"https:\\\/\\\/www.youtube.com\\\/channel\\\/UCPWM2mGPVUt4nYhNlm71WOA\",\"https:\\\/\\\/www.linkedin.com\\\/company\\\/33237605\\\/admin\\\/feed\\\/posts\\\/\"]}]}<\/script>\n<!-- \/ Yoast SEO plugin. -->","yoast_head_json":{"title":"Veludos Delalande - Azur Scenic","robots":{"index":"index","follow":"follow","max-snippet":"max-snippet:-1","max-image-preview":"max-image-preview:large","max-video-preview":"max-video-preview:-1"},"canonical":"https:\/\/www.azur-scenic.com\/pt-pt\/produto\/veludos-delalande\/","og_locale":"pt_PT","og_type":"article","og_title":"Veludos Delalande - Azur Scenic","og_description":"Um veludo pesado dotado de propriedades excecionais de absor\u00e7\u00e3o ac\u00fastica e classifica\u00e7\u00e3o M1 de rea\u00e7\u00e3o ao fogo (ign\u00edfugo). Este veludo de fios tingidos est\u00e1 dispon\u00edvel numa vasta gama de cores, e tem a vantagem de haver muito pouca diferen\u00e7a de cor entre as diferentes produ\u00e7\u00f5es. Este veludo de poli\u00e9ster FR \u00e9 particularmente resistente e lav\u00e1vel, sendo perfeitamente adequado para confe\u00e7\u00e3o de cortinas para uso interior e exterior. Tecido com uma largura de 1,55 m, este veludo permite obter bambolinas mais largas do que as normalmente produzidas, limitando ao mesmo tempo o n\u00famero de costuras de montagem.  Largura: 155 cm Peso: 570 g\/m\u00b2  Classifica\u00e7\u00e3o de rea\u00e7\u00e3o ao fogo: M1 Composi\u00e7\u00e3o: 100% Poli\u00e9ster FR","og_url":"https:\/\/www.azur-scenic.com\/pt-pt\/produto\/veludos-delalande\/","og_site_name":"Azur Scenic","article_modified_time":"2023-08-02T13:22:15+00:00","og_image":[{"width":1525,"height":1525,"url":"https:\/\/www.azur-scenic.com\/wp-content\/uploads\/Velours-Delalande-Noir-1.jpg","type":"image\/jpeg"}],"twitter_card":"summary_large_image","twitter_misc":{"Tempo estimado de leitura":"1 minuto"},"schema":{"@context":"https:\/\/schema.org","@graph":[{"@type":"WebPage","@id":"https:\/\/www.azur-scenic.com\/pt-pt\/produto\/veludos-delalande\/","url":"https:\/\/www.azur-scenic.com\/pt-pt\/produto\/veludos-delalande\/","name":"Veludos Delalande - Azur Scenic","isPartOf":{"@id":"https:\/\/www.azur-scenic.com\/pt-pt\/#website"},"primaryImageOfPage":{"@id":"https:\/\/www.azur-scenic.com\/pt-pt\/produto\/veludos-delalande\/#primaryimage"},"image":{"@id":"https:\/\/www.azur-scenic.com\/pt-pt\/produto\/veludos-delalande\/#primaryimage"},"thumbnailUrl":"https:\/\/www.azur-scenic.com\/wp-content\/uploads\/Velours-Delalande-Noir-1.jpg","datePublished":"2022-10-04T07:26:52+00:00","dateModified":"2023-08-02T13:22:15+00:00","breadcrumb":{"@id":"https:\/\/www.azur-scenic.com\/pt-pt\/produto\/veludos-delalande\/#breadcrumb"},"inLanguage":"pt-PT","potentialAction":[{"@type":"ReadAction","target":["https:\/\/www.azur-scenic.com\/pt-pt\/produto\/veludos-delalande\/"]}]},{"@type":"ImageObject","inLanguage":"pt-PT","@id":"https:\/\/www.azur-scenic.com\/pt-pt\/produto\/veludos-delalande\/#primaryimage","url":"https:\/\/www.azur-scenic.com\/wp-content\/uploads\/Velours-Delalande-Noir-1.jpg","contentUrl":"https:\/\/www.azur-scenic.com\/wp-content\/uploads\/Velours-Delalande-Noir-1.jpg","width":1525,"height":1525,"caption":"Velours Delalande Noir"},{"@type":"BreadcrumbList","@id":"https:\/\/www.azur-scenic.com\/pt-pt\/produto\/veludos-delalande\/#breadcrumb","itemListElement":[{"@type":"ListItem","position":1,"name":"Accueil","item":"https:\/\/www.azur-scenic.com\/pt-pt\/"},{"@type":"ListItem","position":2,"name":"Produits","item":"https:\/\/www.azur-scenic.com\/pt-pt\/?page_id=21439"},{"@type":"ListItem","position":3,"name":"Veludos Delalande"}]},{"@type":"WebSite","@id":"https:\/\/www.azur-scenic.com\/pt-pt\/#website","url":"https:\/\/www.azur-scenic.com\/pt-pt\/","name":"Azur Scenic","description":"Sp\u00e9cialiste de l\u2019\u00e9quipement sc\u00e9nique et de la d\u00e9coration int\u00e9rieure et \u00e9v\u00e9nementielle !","publisher":{"@id":"https:\/\/www.azur-scenic.com\/pt-pt\/#organization"},"potentialAction":[{"@type":"SearchAction","target":{"@type":"EntryPoint","urlTemplate":"https:\/\/www.azur-scenic.com\/pt-pt\/?s={search_term_string}"},"query-input":{"@type":"PropertyValueSpecification","valueRequired":true,"valueName":"search_term_string"}}],"inLanguage":"pt-PT"},{"@type":"Organization","@id":"https:\/\/www.azur-scenic.com\/pt-pt\/#organization","name":"AZUR SCENIC","url":"https:\/\/www.azur-scenic.com\/pt-pt\/","logo":{"@type":"ImageObject","inLanguage":"pt-PT","@id":"https:\/\/www.azur-scenic.com\/pt-pt\/#\/schema\/logo\/image\/","url":"https:\/\/www.azur-scenic.com\/wp-content\/uploads\/2022\/09\/LOGO-AZUR-SCENIC-Fusion-web-236x64-1.jpg","contentUrl":"https:\/\/www.azur-scenic.com\/wp-content\/uploads\/2022\/09\/LOGO-AZUR-SCENIC-Fusion-web-236x64-1.jpg","width":236,"height":64,"caption":"AZUR SCENIC"},"image":{"@id":"https:\/\/www.azur-scenic.com\/pt-pt\/#\/schema\/logo\/image\/"},"sameAs":["https:\/\/www.youtube.com\/channel\/UCPWM2mGPVUt4nYhNlm71WOA","https:\/\/www.linkedin.com\/company\/33237605\/admin\/feed\/posts\/"]}]}},"_links":{"self":[{"href":"https:\/\/www.azur-scenic.com\/pt-pt\/wp-json\/wp\/v2\/product\/18025","targetHints":{"allow":["GET"]}}],"collection":[{"href":"https:\/\/www.azur-scenic.com\/pt-pt\/wp-json\/wp\/v2\/product"}],"about":[{"href":"https:\/\/www.azur-scenic.com\/pt-pt\/wp-json\/wp\/v2\/types\/product"}],"wp:featuredmedia":[{"embeddable":true,"href":"https:\/\/www.azur-scenic.com\/pt-pt\/wp-json\/wp\/v2\/media\/14938"}],"wp:attachment":[{"href":"https:\/\/www.azur-scenic.com\/pt-pt\/wp-json\/wp\/v2\/media?parent=18025"}],"wp:term":[{"taxonomy":"product_brand","embeddable":true,"href":"https:\/\/www.azur-scenic.com\/pt-pt\/wp-json\/wp\/v2\/product_brand?post=18025"},{"taxonomy":"product_cat","embeddable":true,"href":"https:\/\/www.azur-scenic.com\/pt-pt\/wp-json\/wp\/v2\/product_cat?post=18025"},{"taxonomy":"product_tag","embeddable":true,"href":"https:\/\/www.azur-scenic.com\/pt-pt\/wp-json\/wp\/v2\/product_tag?post=18025"}],"curies":[{"name":"wp","href":"https:\/\/api.w.org\/{rel}","templated":true}]}}