{"id":18103,"date":"2022-10-04T07:26:46","date_gmt":"2022-10-04T07:26:46","guid":{"rendered":"https:\/\/www.azur-scenic.com\/produit\/velours-chopin\/"},"modified":"2023-08-02T13:22:21","modified_gmt":"2023-08-02T13:22:21","slug":"veludos-chopin","status":"publish","type":"product","link":"https:\/\/www.azur-scenic.com\/pt-pt\/produto\/veludos-chopin\/","title":{"rendered":"Veludos Chopin"},"content":{"rendered":"<table>\n<thead>\n<tr>\n<th style=\"width: 170px;\">Dados t\u00e9cnicos<\/th>\n<th>Valor<\/th>\n<th>Coment\u00e1rio<\/th>\n<\/tr>\n<\/thead>\n<tbody>\n<tr>\n<td style=\"vertical-align: top;\">Largura<\/td>\n<td style=\"vertical-align: top;\">140 cm<\/td>\n<td style=\"vertical-align: top;\">\u00a0<\/td>\n<\/tr>\n<tr>\n<td style=\"vertical-align: top;\">Peso<\/td>\n<td style=\"vertical-align: top;\">200 g\/m\u00b2<\/td>\n<td style=\"vertical-align: top;\">\u00a0<\/td>\n<\/tr>\n<tr>\n<td style=\"vertical-align: top;\">Espessura<\/td>\n<td style=\"vertical-align: top;\">1 mm<\/td>\n<td style=\"vertical-align: top;\">\u00a0<\/td>\n<\/tr>\n<tr>\n<td style=\"vertical-align: top;\">Classifica\u00e7\u00e3o de rea\u00e7\u00e3o ao fogo<\/td>\n<td style=\"vertical-align: top;\"><img decoding=\"async\" style=\"height: 20px; width: 20px;\" src=\"https:\/\/www.azur-scenic.com\/wp-content\/uploads\/csm_icon-flag-france_3304e5e3f9.png\" \/> M1<br \/>\n<img decoding=\"async\" style=\"height: 20px; width: 20px;\" src=\"https:\/\/www.azur-scenic.com\/wp-content\/uploads\/icon-flag-allemagne.png\" \/> B1<\/td>\n<td style=\"vertical-align: top;\">\u00a0<\/td>\n<\/tr>\n<tr>\n<td style=\"vertical-align: top;\">Composi\u00e7\u00e3o<\/td>\n<td style=\"vertical-align: top;\">100% Poli\u00e9ster Trevira CS<\/td>\n<td style=\"vertical-align: top;\">\u00a0<\/td>\n<\/tr>\n<tr>\n<td style=\"vertical-align: top;\">Comprimento do rolo<\/td>\n<td style=\"vertical-align: top;\">50 m<\/td>\n<td style=\"vertical-align: top;\">Possibilidade de venda a retalho<\/td>\n<\/tr>\n<tr>\n<td style=\"vertical-align: top;\">Resist\u00eancia \u00e0 abras\u00e3o<\/td>\n<td style=\"vertical-align: top;\">50 000 ciclos<\/td>\n<td style=\"vertical-align: top;\">Martindale<\/td>\n<\/tr>\n<\/tbody>\n<\/table>\n<p>\u00a0<\/p><\/p>\n","protected":false},"excerpt":{"rendered":"<p>Uma malha de poli\u00e9ster cardada de uma das faces, classe <strong><span style=\"color: #f88523;\">M1 de rea\u00e7\u00e3o ao fogo (ign\u00edfuga)<\/span><\/strong> e dispon\u00edvel numa <span style=\"color: #f88523;\"><strong>vasta paleta de cores<\/strong><\/span>.<br \/>\nEste tecido \u00e9 particularmente adequado para utiliza\u00e7\u00e3o em estofos e selaria, para o fabrico de <span style=\"color: #f88523;\"><strong>cadeiras de cinema, de teatros, de audit\u00f3rios<\/strong><\/span>, etc.<br \/>\nTamb\u00e9m pode ser utilizado para a confe\u00e7\u00e3o de cortinas ligeiras.<br \/>\nComposto de <span style=\"color: #f88523;\"><strong>Trevira CS<\/strong><\/span> e por conseguinte, \u00e0 prova de fogo (ign\u00edfugo) por natureza, este tecido \u00e9 resistente \u00e0 humidade e por isso perfeitamente adequado para <span style=\"color: #f88523;\"><strong>uso no exterior<\/strong><\/span>.<\/p>\n<table class=\"table\" style=\"background: #f7f7f7;\">\n<tbody>\n<tr>\n<td><strong>Largura<\/strong>: 140 cm<\/td>\n<td><strong>Peso<\/strong>: 200 g\/m\u00b2<\/td>\n<\/tr>\n<tr>\n<td><strong>Classifica\u00e7\u00e3o de rea\u00e7\u00e3o ao fogo<\/strong>: <img decoding=\"async\" style=\"height: 20px; width: 20px;\" src=\"https:\/\/www.azur-scenic.com\/wp-content\/uploads\/csm_icon-flag-france_3304e5e3f9.png\" \/> M1 <img decoding=\"async\" style=\"height: 20px; width: 20px;\" src=\"https:\/\/www.azur-scenic.com\/wp-content\/uploads\/icon-flag-allemagne.png\" \/> B1<\/td>\n<td><strong>Composi\u00e7\u00e3o<\/strong>:<br \/>\n100% Poli\u00e9ster Trevira CS<\/td>\n<\/tr>\n<\/tbody>\n<\/table>\n","protected":false},"featured_media":13812,"template":"","meta":{"_acf_changed":false},"product_brand":[],"product_cat":[921,916,917,918],"product_tag":[],"class_list":{"0":"post-18103","1":"product","2":"type-product","3":"status-publish","4":"has-post-thumbnail","6":"product_cat-todos-os-produtos","7":"product_cat-texteis-cenicos-e-para-eventos","8":"product_cat-veludos","9":"product_cat-veludos-de-poliester","10":"pa_couleurs-002-branco","11":"pa_couleurs-003-negro","12":"pa_couleurs-110-cinzento-claro","13":"pa_couleurs-170-ferro","14":"pa_couleurs-250-vermelhao","15":"pa_couleurs-292-opera-cor-de-vinho","16":"pa_couleurs-325-acafrao","17":"pa_couleurs-410-baunilha","18":"pa_couleurs-540-castanho","19":"pa_couleurs-560-ruivo","20":"pa_couleurs-625-relva","21":"pa_couleurs-655-esmeralda","22":"pa_couleurs-730-azul-ceu","23":"pa_couleurs-750-safira","24":"pa_couleurs-770-oceano","25":"pa_couleurs-790-marinho","26":"pa_couleurs-840-violino","27":"pa_couleurs-960-framboesa","28":"pa_groupes-de-couleurs-azuis","29":"pa_groupes-de-couleurs-cinzento","30":"pa_groupes-de-couleurs-amarelos","31":"pa_groupes-de-couleurs-castanhos-beges","32":"pa_groupes-de-couleurs-laranjas","33":"pa_groupes-de-couleurs-rosas","34":"pa_groupes-de-couleurs-vermelhos","35":"pa_groupes-de-couleurs-verdes","36":"pa_groupes-de-couleurs-violetas","37":"pa_textiles-adaptado-para-exterior","38":"pa_textiles-classificacao-de-reacao-ao-fogo-ignifugo","39":"pa_textiles-lavavel","40":"pa_textiles-trevira-cs","42":"first","43":"instock","44":"shipping-taxable","45":"purchasable","46":"product-type-variable"},"acf":[],"yoast_head":"<!-- This site is optimized with the Yoast SEO plugin v27.3 - https:\/\/yoast.com\/product\/yoast-seo-wordpress\/ -->\n<title>Veludos Chopin - Azur Scenic<\/title>\n<meta name=\"robots\" content=\"index, follow, max-snippet:-1, max-image-preview:large, max-video-preview:-1\" \/>\n<link rel=\"canonical\" href=\"https:\/\/www.azur-scenic.com\/pt-pt\/produto\/veludos-chopin\/\" \/>\n<meta property=\"og:locale\" content=\"pt_PT\" \/>\n<meta property=\"og:type\" content=\"article\" \/>\n<meta property=\"og:title\" content=\"Veludos Chopin - Azur Scenic\" \/>\n<meta property=\"og:description\" content=\"Uma malha de poli\u00e9ster cardada de uma das faces, classe M1 de rea\u00e7\u00e3o ao fogo (ign\u00edfuga) e dispon\u00edvel numa vasta paleta de cores. Este tecido \u00e9 particularmente adequado para utiliza\u00e7\u00e3o em estofos e selaria, para o fabrico de cadeiras de cinema, de teatros, de audit\u00f3rios, etc. Tamb\u00e9m pode ser utilizado para a confe\u00e7\u00e3o de cortinas ligeiras. Composto de Trevira CS e por conseguinte, \u00e0 prova de fogo (ign\u00edfugo) por natureza, este tecido \u00e9 resistente \u00e0 humidade e por isso perfeitamente adequado para uso no exterior.  Largura: 140 cm Peso: 200 g\/m\u00b2  Classifica\u00e7\u00e3o de rea\u00e7\u00e3o ao fogo: M1 B1 Composi\u00e7\u00e3o: 100% Poli\u00e9ster Trevira CS\" \/>\n<meta property=\"og:url\" content=\"https:\/\/www.azur-scenic.com\/pt-pt\/produto\/veludos-chopin\/\" \/>\n<meta property=\"og:site_name\" content=\"Azur Scenic\" \/>\n<meta property=\"article:modified_time\" content=\"2023-08-02T13:22:21+00:00\" \/>\n<meta property=\"og:image\" content=\"https:\/\/www.azur-scenic.com\/wp-content\/uploads\/Velours-Chopin-Gris-Clair-scaled.jpg\" \/>\n\t<meta property=\"og:image:width\" content=\"2560\" \/>\n\t<meta property=\"og:image:height\" content=\"2560\" \/>\n\t<meta property=\"og:image:type\" content=\"image\/jpeg\" \/>\n<meta name=\"twitter:card\" content=\"summary_large_image\" \/>\n<script type=\"application\/ld+json\" class=\"yoast-schema-graph\">{\"@context\":\"https:\\\/\\\/schema.org\",\"@graph\":[{\"@type\":\"WebPage\",\"@id\":\"https:\\\/\\\/www.azur-scenic.com\\\/pt-pt\\\/produto\\\/veludos-chopin\\\/\",\"url\":\"https:\\\/\\\/www.azur-scenic.com\\\/pt-pt\\\/produto\\\/veludos-chopin\\\/\",\"name\":\"Veludos Chopin - Azur Scenic\",\"isPartOf\":{\"@id\":\"https:\\\/\\\/www.azur-scenic.com\\\/pt-pt\\\/#website\"},\"primaryImageOfPage\":{\"@id\":\"https:\\\/\\\/www.azur-scenic.com\\\/pt-pt\\\/produto\\\/veludos-chopin\\\/#primaryimage\"},\"image\":{\"@id\":\"https:\\\/\\\/www.azur-scenic.com\\\/pt-pt\\\/produto\\\/veludos-chopin\\\/#primaryimage\"},\"thumbnailUrl\":\"https:\\\/\\\/www.azur-scenic.com\\\/wp-content\\\/uploads\\\/Velours-Chopin-Gris-Clair-scaled.jpg\",\"datePublished\":\"2022-10-04T07:26:46+00:00\",\"dateModified\":\"2023-08-02T13:22:21+00:00\",\"breadcrumb\":{\"@id\":\"https:\\\/\\\/www.azur-scenic.com\\\/pt-pt\\\/produto\\\/veludos-chopin\\\/#breadcrumb\"},\"inLanguage\":\"pt-PT\",\"potentialAction\":[{\"@type\":\"ReadAction\",\"target\":[\"https:\\\/\\\/www.azur-scenic.com\\\/pt-pt\\\/produto\\\/veludos-chopin\\\/\"]}]},{\"@type\":\"ImageObject\",\"inLanguage\":\"pt-PT\",\"@id\":\"https:\\\/\\\/www.azur-scenic.com\\\/pt-pt\\\/produto\\\/veludos-chopin\\\/#primaryimage\",\"url\":\"https:\\\/\\\/www.azur-scenic.com\\\/wp-content\\\/uploads\\\/Velours-Chopin-Gris-Clair-scaled.jpg\",\"contentUrl\":\"https:\\\/\\\/www.azur-scenic.com\\\/wp-content\\\/uploads\\\/Velours-Chopin-Gris-Clair-scaled.jpg\",\"width\":2560,\"height\":2560,\"caption\":\"Velours Chopin Gris Clair\"},{\"@type\":\"BreadcrumbList\",\"@id\":\"https:\\\/\\\/www.azur-scenic.com\\\/pt-pt\\\/produto\\\/veludos-chopin\\\/#breadcrumb\",\"itemListElement\":[{\"@type\":\"ListItem\",\"position\":1,\"name\":\"Accueil\",\"item\":\"https:\\\/\\\/www.azur-scenic.com\\\/pt-pt\\\/\"},{\"@type\":\"ListItem\",\"position\":2,\"name\":\"Produits\",\"item\":\"https:\\\/\\\/www.azur-scenic.com\\\/pt-pt\\\/?page_id=21439\"},{\"@type\":\"ListItem\",\"position\":3,\"name\":\"Veludos Chopin\"}]},{\"@type\":\"WebSite\",\"@id\":\"https:\\\/\\\/www.azur-scenic.com\\\/pt-pt\\\/#website\",\"url\":\"https:\\\/\\\/www.azur-scenic.com\\\/pt-pt\\\/\",\"name\":\"Azur Scenic\",\"description\":\"Sp\u00e9cialiste de l\u2019\u00e9quipement sc\u00e9nique et de la d\u00e9coration int\u00e9rieure et \u00e9v\u00e9nementielle !\",\"publisher\":{\"@id\":\"https:\\\/\\\/www.azur-scenic.com\\\/pt-pt\\\/#organization\"},\"potentialAction\":[{\"@type\":\"SearchAction\",\"target\":{\"@type\":\"EntryPoint\",\"urlTemplate\":\"https:\\\/\\\/www.azur-scenic.com\\\/pt-pt\\\/?s={search_term_string}\"},\"query-input\":{\"@type\":\"PropertyValueSpecification\",\"valueRequired\":true,\"valueName\":\"search_term_string\"}}],\"inLanguage\":\"pt-PT\"},{\"@type\":\"Organization\",\"@id\":\"https:\\\/\\\/www.azur-scenic.com\\\/pt-pt\\\/#organization\",\"name\":\"AZUR SCENIC\",\"url\":\"https:\\\/\\\/www.azur-scenic.com\\\/pt-pt\\\/\",\"logo\":{\"@type\":\"ImageObject\",\"inLanguage\":\"pt-PT\",\"@id\":\"https:\\\/\\\/www.azur-scenic.com\\\/pt-pt\\\/#\\\/schema\\\/logo\\\/image\\\/\",\"url\":\"https:\\\/\\\/www.azur-scenic.com\\\/wp-content\\\/uploads\\\/2022\\\/09\\\/LOGO-AZUR-SCENIC-Fusion-web-236x64-1.jpg\",\"contentUrl\":\"https:\\\/\\\/www.azur-scenic.com\\\/wp-content\\\/uploads\\\/2022\\\/09\\\/LOGO-AZUR-SCENIC-Fusion-web-236x64-1.jpg\",\"width\":236,\"height\":64,\"caption\":\"AZUR SCENIC\"},\"image\":{\"@id\":\"https:\\\/\\\/www.azur-scenic.com\\\/pt-pt\\\/#\\\/schema\\\/logo\\\/image\\\/\"},\"sameAs\":[\"https:\\\/\\\/www.youtube.com\\\/channel\\\/UCPWM2mGPVUt4nYhNlm71WOA\",\"https:\\\/\\\/www.linkedin.com\\\/company\\\/33237605\\\/admin\\\/feed\\\/posts\\\/\"]}]}<\/script>\n<!-- \/ Yoast SEO plugin. -->","yoast_head_json":{"title":"Veludos Chopin - Azur Scenic","robots":{"index":"index","follow":"follow","max-snippet":"max-snippet:-1","max-image-preview":"max-image-preview:large","max-video-preview":"max-video-preview:-1"},"canonical":"https:\/\/www.azur-scenic.com\/pt-pt\/produto\/veludos-chopin\/","og_locale":"pt_PT","og_type":"article","og_title":"Veludos Chopin - Azur Scenic","og_description":"Uma malha de poli\u00e9ster cardada de uma das faces, classe M1 de rea\u00e7\u00e3o ao fogo (ign\u00edfuga) e dispon\u00edvel numa vasta paleta de cores. Este tecido \u00e9 particularmente adequado para utiliza\u00e7\u00e3o em estofos e selaria, para o fabrico de cadeiras de cinema, de teatros, de audit\u00f3rios, etc. Tamb\u00e9m pode ser utilizado para a confe\u00e7\u00e3o de cortinas ligeiras. Composto de Trevira CS e por conseguinte, \u00e0 prova de fogo (ign\u00edfugo) por natureza, este tecido \u00e9 resistente \u00e0 humidade e por isso perfeitamente adequado para uso no exterior.  Largura: 140 cm Peso: 200 g\/m\u00b2  Classifica\u00e7\u00e3o de rea\u00e7\u00e3o ao fogo: M1 B1 Composi\u00e7\u00e3o: 100% Poli\u00e9ster Trevira CS","og_url":"https:\/\/www.azur-scenic.com\/pt-pt\/produto\/veludos-chopin\/","og_site_name":"Azur Scenic","article_modified_time":"2023-08-02T13:22:21+00:00","og_image":[{"width":2560,"height":2560,"url":"https:\/\/www.azur-scenic.com\/wp-content\/uploads\/Velours-Chopin-Gris-Clair-scaled.jpg","type":"image\/jpeg"}],"twitter_card":"summary_large_image","schema":{"@context":"https:\/\/schema.org","@graph":[{"@type":"WebPage","@id":"https:\/\/www.azur-scenic.com\/pt-pt\/produto\/veludos-chopin\/","url":"https:\/\/www.azur-scenic.com\/pt-pt\/produto\/veludos-chopin\/","name":"Veludos Chopin - Azur Scenic","isPartOf":{"@id":"https:\/\/www.azur-scenic.com\/pt-pt\/#website"},"primaryImageOfPage":{"@id":"https:\/\/www.azur-scenic.com\/pt-pt\/produto\/veludos-chopin\/#primaryimage"},"image":{"@id":"https:\/\/www.azur-scenic.com\/pt-pt\/produto\/veludos-chopin\/#primaryimage"},"thumbnailUrl":"https:\/\/www.azur-scenic.com\/wp-content\/uploads\/Velours-Chopin-Gris-Clair-scaled.jpg","datePublished":"2022-10-04T07:26:46+00:00","dateModified":"2023-08-02T13:22:21+00:00","breadcrumb":{"@id":"https:\/\/www.azur-scenic.com\/pt-pt\/produto\/veludos-chopin\/#breadcrumb"},"inLanguage":"pt-PT","potentialAction":[{"@type":"ReadAction","target":["https:\/\/www.azur-scenic.com\/pt-pt\/produto\/veludos-chopin\/"]}]},{"@type":"ImageObject","inLanguage":"pt-PT","@id":"https:\/\/www.azur-scenic.com\/pt-pt\/produto\/veludos-chopin\/#primaryimage","url":"https:\/\/www.azur-scenic.com\/wp-content\/uploads\/Velours-Chopin-Gris-Clair-scaled.jpg","contentUrl":"https:\/\/www.azur-scenic.com\/wp-content\/uploads\/Velours-Chopin-Gris-Clair-scaled.jpg","width":2560,"height":2560,"caption":"Velours Chopin Gris Clair"},{"@type":"BreadcrumbList","@id":"https:\/\/www.azur-scenic.com\/pt-pt\/produto\/veludos-chopin\/#breadcrumb","itemListElement":[{"@type":"ListItem","position":1,"name":"Accueil","item":"https:\/\/www.azur-scenic.com\/pt-pt\/"},{"@type":"ListItem","position":2,"name":"Produits","item":"https:\/\/www.azur-scenic.com\/pt-pt\/?page_id=21439"},{"@type":"ListItem","position":3,"name":"Veludos Chopin"}]},{"@type":"WebSite","@id":"https:\/\/www.azur-scenic.com\/pt-pt\/#website","url":"https:\/\/www.azur-scenic.com\/pt-pt\/","name":"Azur Scenic","description":"Sp\u00e9cialiste de l\u2019\u00e9quipement sc\u00e9nique et de la d\u00e9coration int\u00e9rieure et \u00e9v\u00e9nementielle !","publisher":{"@id":"https:\/\/www.azur-scenic.com\/pt-pt\/#organization"},"potentialAction":[{"@type":"SearchAction","target":{"@type":"EntryPoint","urlTemplate":"https:\/\/www.azur-scenic.com\/pt-pt\/?s={search_term_string}"},"query-input":{"@type":"PropertyValueSpecification","valueRequired":true,"valueName":"search_term_string"}}],"inLanguage":"pt-PT"},{"@type":"Organization","@id":"https:\/\/www.azur-scenic.com\/pt-pt\/#organization","name":"AZUR SCENIC","url":"https:\/\/www.azur-scenic.com\/pt-pt\/","logo":{"@type":"ImageObject","inLanguage":"pt-PT","@id":"https:\/\/www.azur-scenic.com\/pt-pt\/#\/schema\/logo\/image\/","url":"https:\/\/www.azur-scenic.com\/wp-content\/uploads\/2022\/09\/LOGO-AZUR-SCENIC-Fusion-web-236x64-1.jpg","contentUrl":"https:\/\/www.azur-scenic.com\/wp-content\/uploads\/2022\/09\/LOGO-AZUR-SCENIC-Fusion-web-236x64-1.jpg","width":236,"height":64,"caption":"AZUR SCENIC"},"image":{"@id":"https:\/\/www.azur-scenic.com\/pt-pt\/#\/schema\/logo\/image\/"},"sameAs":["https:\/\/www.youtube.com\/channel\/UCPWM2mGPVUt4nYhNlm71WOA","https:\/\/www.linkedin.com\/company\/33237605\/admin\/feed\/posts\/"]}]}},"_links":{"self":[{"href":"https:\/\/www.azur-scenic.com\/pt-pt\/wp-json\/wp\/v2\/product\/18103","targetHints":{"allow":["GET"]}}],"collection":[{"href":"https:\/\/www.azur-scenic.com\/pt-pt\/wp-json\/wp\/v2\/product"}],"about":[{"href":"https:\/\/www.azur-scenic.com\/pt-pt\/wp-json\/wp\/v2\/types\/product"}],"wp:featuredmedia":[{"embeddable":true,"href":"https:\/\/www.azur-scenic.com\/pt-pt\/wp-json\/wp\/v2\/media\/13812"}],"wp:attachment":[{"href":"https:\/\/www.azur-scenic.com\/pt-pt\/wp-json\/wp\/v2\/media?parent=18103"}],"wp:term":[{"taxonomy":"product_brand","embeddable":true,"href":"https:\/\/www.azur-scenic.com\/pt-pt\/wp-json\/wp\/v2\/product_brand?post=18103"},{"taxonomy":"product_cat","embeddable":true,"href":"https:\/\/www.azur-scenic.com\/pt-pt\/wp-json\/wp\/v2\/product_cat?post=18103"},{"taxonomy":"product_tag","embeddable":true,"href":"https:\/\/www.azur-scenic.com\/pt-pt\/wp-json\/wp\/v2\/product_tag?post=18103"}],"curies":[{"name":"wp","href":"https:\/\/api.w.org\/{rel}","templated":true}]}}