{"id":18275,"date":"2022-10-04T07:26:27","date_gmt":"2022-10-04T07:26:27","guid":{"rendered":"https:\/\/www.azur-scenic.com\/produit\/velours-danube\/"},"modified":"2023-08-02T13:22:34","modified_gmt":"2023-08-02T13:22:34","slug":"veludos-danube","status":"publish","type":"product","link":"https:\/\/www.azur-scenic.com\/pt-pt\/produto\/veludos-danube\/","title":{"rendered":"Veludos Danube"},"content":{"rendered":"<table>\n<thead>\n<tr>\n<th style=\"width: 170px;\">Dados t\u00e9cnicos<\/th>\n<th style=\"width: 162px;\">Valor<\/th>\n<th style=\"width: 197px;\">Coment\u00e1rio<\/th>\n<\/tr>\n<\/thead>\n<tbody>\n<tr>\n<td style=\"vertical-align: top;\">Largura<\/td>\n<td style=\"vertical-align: top; width: 162px;\">140 cm<\/td>\n<td style=\"vertical-align: top; width: 197px;\">\u00a0<\/td>\n<\/tr>\n<tr>\n<td style=\"vertical-align: top;\">Peso<\/td>\n<td style=\"vertical-align: top; width: 162px;\">380 g\/m\u00b2<\/td>\n<td style=\"vertical-align: top; width: 197px;\">Norma: UNE EN 12.127<\/td>\n<\/tr>\n<tr>\n<td style=\"vertical-align: top;\">Espessura<\/td>\n<td style=\"vertical-align: top; width: 162px;\">1,5 mm<\/td>\n<td style=\"vertical-align: top; width: 197px;\">\u00a0<\/td>\n<\/tr>\n<tr>\n<td style=\"vertical-align: top;\">Classifica\u00e7\u00e3o de rea\u00e7\u00e3o ao fogo<\/td>\n<td style=\"vertical-align: top; width: 162px;\"><img decoding=\"async\" style=\"height: 20px; width: 20px;\" src=\"https:\/\/www.azur-scenic.com\/wp-content\/uploads\/csm_icon-flag-france_3304e5e3f9.png\" \/> M1<br \/>\n<img decoding=\"async\" style=\"height: 20px; width: 20px;\" src=\"https:\/\/www.azur-scenic.com\/wp-content\/uploads\/icon-flag-espagne.png\" \/> C1<\/td>\n<td style=\"vertical-align: top; width: 197px;\">\u00a0<\/td>\n<\/tr>\n<tr>\n<td style=\"vertical-align: top;\">Composi\u00e7\u00e3o<\/td>\n<td style=\"vertical-align: top;\" colspan=\"2\" rowspan=\"1\">40% Trevira CS, 60% Poli\u00e9ster FR<\/td>\n<\/tr>\n<tr>\n<td style=\"vertical-align: top;\">Comprimento do rolo<\/td>\n<td style=\"vertical-align: top; width: 162px;\">Aprox. 30 m<\/td>\n<td style=\"vertical-align: top; width: 197px;\">Pe\u00e7as n\u00e3o calibradas, metragem das pe\u00e7as vari\u00e1vel<br \/>\nVenda a retalho, de acordo com as cores em stock<\/td>\n<\/tr>\n<tr>\n<td style=\"vertical-align: top;\">Resist\u00eancia \u00e0 tra\u00e7\u00e3o<\/td>\n<td style=\"vertical-align: top; width: 162px;\">Corrente: 1200<br \/>\nTrama: 1150<\/td>\n<td style=\"vertical-align: top; width: 197px;\">Norma: ISO 13934-1 2013<\/td>\n<\/tr>\n<tr>\n<td style=\"vertical-align: top;\">Resist\u00eancia \u00e0 abras\u00e3o<\/td>\n<td style=\"vertical-align: top; width: 162px;\">> 60 000 ciclos<\/td>\n<td style=\"vertical-align: top; width: 197px;\">Norma: ISO 12947: 1999<\/td>\n<\/tr>\n<tr>\n<td style=\"vertical-align: top;\">Pilling <span style=\"font-size: 13px;\">(resist\u00eancia \u00e0 forma\u00e7\u00e3o de borboto)<\/span><\/td>\n<td style=\"vertical-align: top; width: 162px;\">Classe A<\/td>\n<td style=\"vertical-align: top; width: 197px;\">Norma: ISO 12945-2<\/td>\n<\/tr>\n<tr>\n<td style=\"vertical-align: top;\">Solidez luminosa<\/td>\n<td style=\"vertical-align: top; width: 162px;\">4-5<\/td>\n<td style=\"vertical-align: top; width: 197px;\">Norma: ISO 105-B02-2013-2<\/td>\n<\/tr>\n<tr>\n<td style=\"vertical-align: top;\">Propriedades ac\u00fasticas<\/td>\n<td style=\"vertical-align: top; width: 162px;\">0,70 \u03b1w<br \/>\nC <span style=\"font-size: 13px;\">(altamente absorvente)<\/span><\/td>\n<td style=\"vertical-align: top; width: 197px;\">Norma: ISO 354: 2004<\/td>\n<\/tr>\n<\/tbody>\n<\/table>\n<p>\u00a0<\/p><\/p>\n","protected":false},"excerpt":{"rendered":"<p>Um veludo de peso m\u00e9dio com <span style=\"color: #f88523;\"><strong>propriedades ac\u00fasticas<\/strong><\/span>, classifica\u00e7\u00e3o <strong><span style=\"color: #f88523;\">M1<\/span><\/strong> ign\u00edfugo e dispon\u00edvel numa vasta gama de <span style=\"color: #f88523;\"><strong>cores de tend\u00eancia<\/strong><\/span>.<br \/>\nO veludo de poli\u00e9ster FR Trevira CS \u00e9 <span style=\"color: #f88523;\"><strong>lav\u00e1vel<\/strong><\/span> e <strong><span style=\"color: #f88523;\">resistente aos raios UV<\/span><\/strong>, adequado para <span style=\"color: #f88523;\"><strong>utiliza\u00e7\u00e3o em interiores e exteriores<\/strong><\/span>.<br \/>\nEste veludo \u00e9 particularmente apreciado para a confe\u00e7\u00e3o de <span style=\"color: #f88523;\"><strong>cortinas de palco<\/strong><\/span> e <span style=\"color: #f88523;\"><strong>cortinas de decora\u00e7\u00e3o<\/strong><\/span>.<\/p>\n<table class=\"table\" style=\"background: #f7f7f7;\">\n<tbody>\n<tr>\n<td><strong>Largura<\/strong>: 140 cm<\/td>\n<td><strong>Peso<\/strong>: 380 g\/m\u00b2<\/td>\n<\/tr>\n<tr>\n<td><strong>Classifica\u00e7\u00e3o de rea\u00e7\u00e3o ao fogo<\/strong>: <img decoding=\"async\" style=\"height: 20px; width: 20px;\" src=\"https:\/\/www.azur-scenic.com\/wp-content\/uploads\/csm_icon-flag-france_3304e5e3f9.png\" \/> M1 <img decoding=\"async\" style=\"height: 20px; width: 20px;\" src=\"https:\/\/www.azur-scenic.com\/wp-content\/uploads\/icon-flag-espagne.png\" \/> C1<\/td>\n<td><strong>Composi\u00e7\u00e3o<\/strong>: 40% Trevira CS,<br \/>\n60% Poli\u00e9ster FR<\/td>\n<\/tr>\n<\/tbody>\n<\/table>\n","protected":false},"featured_media":13673,"template":"","meta":{"_acf_changed":false},"product_brand":[],"product_cat":[921,916,917,918,984,985,920],"product_tag":[],"class_list":{"0":"post-18275","1":"product","2":"type-product","3":"status-publish","4":"has-post-thumbnail","6":"product_cat-todos-os-produtos","7":"product_cat-texteis-cenicos-e-para-eventos","8":"product_cat-veludos","9":"product_cat-veludos-de-poliester","10":"product_cat-solucoes-acusticas","11":"product_cat-absorcao-acustica","12":"product_cat-teatro","13":"pa_couleurs-001-es","14":"pa_couleurs-002-es","15":"pa_couleurs-003-es","16":"pa_couleurs-100-es","17":"pa_couleurs-130-es","18":"pa_couleurs-170-es","19":"pa_couleurs-200-es","20":"pa_couleurs-240-es","21":"pa_couleurs-250-es","22":"pa_couleurs-290-es","23":"pa_couleurs-340-es","24":"pa_couleurs-370-es","25":"pa_couleurs-380-es","26":"pa_couleurs-440-es","27":"pa_couleurs-450-es","28":"pa_couleurs-500-es","29":"pa_couleurs-501-es","30":"pa_couleurs-510-es","31":"pa_couleurs-530-es","32":"pa_couleurs-540-es","33":"pa_couleurs-550-es","34":"pa_couleurs-570-es","35":"pa_couleurs-620-es","36":"pa_couleurs-640-es","37":"pa_couleurs-660-es","38":"pa_couleurs-680-es","39":"pa_couleurs-690-es","40":"pa_couleurs-710-es","41":"pa_couleurs-750-es","42":"pa_couleurs-770-es","43":"pa_couleurs-780-es","44":"pa_couleurs-782-es","45":"pa_couleurs-784-es","46":"pa_couleurs-786-es","47":"pa_couleurs-790-es","48":"pa_couleurs-800-es","49":"pa_couleurs-950-es","50":"pa_couleurs-990-es","51":"pa_groupes-de-couleurs-branco","52":"pa_groupes-de-couleurs-azuis","53":"pa_groupes-de-couleurs-cru","54":"pa_groupes-de-couleurs-cinzento","55":"pa_groupes-de-couleurs-amarelos","56":"pa_groupes-de-couleurs-castanhos-beges","57":"pa_groupes-de-couleurs-negro","58":"pa_groupes-de-couleurs-laranjas","59":"pa_groupes-de-couleurs-rosas","60":"pa_groupes-de-couleurs-vermelhos","61":"pa_groupes-de-couleurs-verdes","62":"pa_groupes-de-couleurs-violetas","63":"pa_textiles-absorvente-acustico","64":"pa_textiles-adaptado-para-exterior","65":"pa_textiles-classificacao-de-reacao-ao-fogo-ignifugo","66":"pa_textiles-lavavel","67":"pa_textiles-resistente-a-uv","68":"pa_textiles-trevira-cs","70":"first","71":"instock","72":"shipping-taxable","73":"purchasable","74":"product-type-variable"},"acf":[],"yoast_head":"<!-- This site is optimized with the Yoast SEO plugin v27.3 - https:\/\/yoast.com\/product\/yoast-seo-wordpress\/ -->\n<title>Veludos Danube - Azur Scenic<\/title>\n<meta name=\"robots\" content=\"index, follow, max-snippet:-1, max-image-preview:large, max-video-preview:-1\" \/>\n<link rel=\"canonical\" href=\"https:\/\/www.azur-scenic.com\/pt-pt\/produto\/veludos-danube\/\" \/>\n<meta property=\"og:locale\" content=\"pt_PT\" \/>\n<meta property=\"og:type\" content=\"article\" \/>\n<meta property=\"og:title\" content=\"Veludos Danube - Azur Scenic\" \/>\n<meta property=\"og:description\" content=\"Um veludo de peso m\u00e9dio com propriedades ac\u00fasticas, classifica\u00e7\u00e3o M1 ign\u00edfugo e dispon\u00edvel numa vasta gama de cores de tend\u00eancia. O veludo de poli\u00e9ster FR Trevira CS \u00e9 lav\u00e1vel e resistente aos raios UV, adequado para utiliza\u00e7\u00e3o em interiores e exteriores. Este veludo \u00e9 particularmente apreciado para a confe\u00e7\u00e3o de cortinas de palco e cortinas de decora\u00e7\u00e3o.  Largura: 140 cm Peso: 380 g\/m\u00b2  Classifica\u00e7\u00e3o de rea\u00e7\u00e3o ao fogo: M1 C1 Composi\u00e7\u00e3o: 40% Trevira CS, 60% Poli\u00e9ster FR\" \/>\n<meta property=\"og:url\" content=\"https:\/\/www.azur-scenic.com\/pt-pt\/produto\/veludos-danube\/\" \/>\n<meta property=\"og:site_name\" content=\"Azur Scenic\" \/>\n<meta property=\"article:modified_time\" content=\"2023-08-02T13:22:34+00:00\" \/>\n<meta property=\"og:image\" content=\"https:\/\/www.azur-scenic.com\/wp-content\/uploads\/Velours-Danube-Marine.jpg\" \/>\n\t<meta property=\"og:image:width\" content=\"1554\" \/>\n\t<meta property=\"og:image:height\" content=\"1554\" \/>\n\t<meta property=\"og:image:type\" content=\"image\/jpeg\" \/>\n<meta name=\"twitter:card\" content=\"summary_large_image\" \/>\n<meta name=\"twitter:label1\" content=\"Tempo estimado de leitura\" \/>\n\t<meta name=\"twitter:data1\" content=\"1 minuto\" \/>\n<script type=\"application\/ld+json\" class=\"yoast-schema-graph\">{\"@context\":\"https:\\\/\\\/schema.org\",\"@graph\":[{\"@type\":\"WebPage\",\"@id\":\"https:\\\/\\\/www.azur-scenic.com\\\/pt-pt\\\/produto\\\/veludos-danube\\\/\",\"url\":\"https:\\\/\\\/www.azur-scenic.com\\\/pt-pt\\\/produto\\\/veludos-danube\\\/\",\"name\":\"Veludos Danube - Azur Scenic\",\"isPartOf\":{\"@id\":\"https:\\\/\\\/www.azur-scenic.com\\\/pt-pt\\\/#website\"},\"primaryImageOfPage\":{\"@id\":\"https:\\\/\\\/www.azur-scenic.com\\\/pt-pt\\\/produto\\\/veludos-danube\\\/#primaryimage\"},\"image\":{\"@id\":\"https:\\\/\\\/www.azur-scenic.com\\\/pt-pt\\\/produto\\\/veludos-danube\\\/#primaryimage\"},\"thumbnailUrl\":\"https:\\\/\\\/www.azur-scenic.com\\\/wp-content\\\/uploads\\\/Velours-Danube-Marine.jpg\",\"datePublished\":\"2022-10-04T07:26:27+00:00\",\"dateModified\":\"2023-08-02T13:22:34+00:00\",\"breadcrumb\":{\"@id\":\"https:\\\/\\\/www.azur-scenic.com\\\/pt-pt\\\/produto\\\/veludos-danube\\\/#breadcrumb\"},\"inLanguage\":\"pt-PT\",\"potentialAction\":[{\"@type\":\"ReadAction\",\"target\":[\"https:\\\/\\\/www.azur-scenic.com\\\/pt-pt\\\/produto\\\/veludos-danube\\\/\"]}]},{\"@type\":\"ImageObject\",\"inLanguage\":\"pt-PT\",\"@id\":\"https:\\\/\\\/www.azur-scenic.com\\\/pt-pt\\\/produto\\\/veludos-danube\\\/#primaryimage\",\"url\":\"https:\\\/\\\/www.azur-scenic.com\\\/wp-content\\\/uploads\\\/Velours-Danube-Marine.jpg\",\"contentUrl\":\"https:\\\/\\\/www.azur-scenic.com\\\/wp-content\\\/uploads\\\/Velours-Danube-Marine.jpg\",\"width\":1554,\"height\":1554,\"caption\":\"Velours Danube Marine\"},{\"@type\":\"BreadcrumbList\",\"@id\":\"https:\\\/\\\/www.azur-scenic.com\\\/pt-pt\\\/produto\\\/veludos-danube\\\/#breadcrumb\",\"itemListElement\":[{\"@type\":\"ListItem\",\"position\":1,\"name\":\"Accueil\",\"item\":\"https:\\\/\\\/www.azur-scenic.com\\\/pt-pt\\\/\"},{\"@type\":\"ListItem\",\"position\":2,\"name\":\"Produits\",\"item\":\"https:\\\/\\\/www.azur-scenic.com\\\/pt-pt\\\/?page_id=21439\"},{\"@type\":\"ListItem\",\"position\":3,\"name\":\"Veludos Danube\"}]},{\"@type\":\"WebSite\",\"@id\":\"https:\\\/\\\/www.azur-scenic.com\\\/pt-pt\\\/#website\",\"url\":\"https:\\\/\\\/www.azur-scenic.com\\\/pt-pt\\\/\",\"name\":\"Azur Scenic\",\"description\":\"Sp\u00e9cialiste de l\u2019\u00e9quipement sc\u00e9nique et de la d\u00e9coration int\u00e9rieure et \u00e9v\u00e9nementielle !\",\"publisher\":{\"@id\":\"https:\\\/\\\/www.azur-scenic.com\\\/pt-pt\\\/#organization\"},\"potentialAction\":[{\"@type\":\"SearchAction\",\"target\":{\"@type\":\"EntryPoint\",\"urlTemplate\":\"https:\\\/\\\/www.azur-scenic.com\\\/pt-pt\\\/?s={search_term_string}\"},\"query-input\":{\"@type\":\"PropertyValueSpecification\",\"valueRequired\":true,\"valueName\":\"search_term_string\"}}],\"inLanguage\":\"pt-PT\"},{\"@type\":\"Organization\",\"@id\":\"https:\\\/\\\/www.azur-scenic.com\\\/pt-pt\\\/#organization\",\"name\":\"AZUR SCENIC\",\"url\":\"https:\\\/\\\/www.azur-scenic.com\\\/pt-pt\\\/\",\"logo\":{\"@type\":\"ImageObject\",\"inLanguage\":\"pt-PT\",\"@id\":\"https:\\\/\\\/www.azur-scenic.com\\\/pt-pt\\\/#\\\/schema\\\/logo\\\/image\\\/\",\"url\":\"https:\\\/\\\/www.azur-scenic.com\\\/wp-content\\\/uploads\\\/2022\\\/09\\\/LOGO-AZUR-SCENIC-Fusion-web-236x64-1.jpg\",\"contentUrl\":\"https:\\\/\\\/www.azur-scenic.com\\\/wp-content\\\/uploads\\\/2022\\\/09\\\/LOGO-AZUR-SCENIC-Fusion-web-236x64-1.jpg\",\"width\":236,\"height\":64,\"caption\":\"AZUR SCENIC\"},\"image\":{\"@id\":\"https:\\\/\\\/www.azur-scenic.com\\\/pt-pt\\\/#\\\/schema\\\/logo\\\/image\\\/\"},\"sameAs\":[\"https:\\\/\\\/www.youtube.com\\\/channel\\\/UCPWM2mGPVUt4nYhNlm71WOA\",\"https:\\\/\\\/www.linkedin.com\\\/company\\\/33237605\\\/admin\\\/feed\\\/posts\\\/\"]}]}<\/script>\n<!-- \/ Yoast SEO plugin. -->","yoast_head_json":{"title":"Veludos Danube - Azur Scenic","robots":{"index":"index","follow":"follow","max-snippet":"max-snippet:-1","max-image-preview":"max-image-preview:large","max-video-preview":"max-video-preview:-1"},"canonical":"https:\/\/www.azur-scenic.com\/pt-pt\/produto\/veludos-danube\/","og_locale":"pt_PT","og_type":"article","og_title":"Veludos Danube - Azur Scenic","og_description":"Um veludo de peso m\u00e9dio com propriedades ac\u00fasticas, classifica\u00e7\u00e3o M1 ign\u00edfugo e dispon\u00edvel numa vasta gama de cores de tend\u00eancia. O veludo de poli\u00e9ster FR Trevira CS \u00e9 lav\u00e1vel e resistente aos raios UV, adequado para utiliza\u00e7\u00e3o em interiores e exteriores. Este veludo \u00e9 particularmente apreciado para a confe\u00e7\u00e3o de cortinas de palco e cortinas de decora\u00e7\u00e3o.  Largura: 140 cm Peso: 380 g\/m\u00b2  Classifica\u00e7\u00e3o de rea\u00e7\u00e3o ao fogo: M1 C1 Composi\u00e7\u00e3o: 40% Trevira CS, 60% Poli\u00e9ster FR","og_url":"https:\/\/www.azur-scenic.com\/pt-pt\/produto\/veludos-danube\/","og_site_name":"Azur Scenic","article_modified_time":"2023-08-02T13:22:34+00:00","og_image":[{"width":1554,"height":1554,"url":"https:\/\/www.azur-scenic.com\/wp-content\/uploads\/Velours-Danube-Marine.jpg","type":"image\/jpeg"}],"twitter_card":"summary_large_image","twitter_misc":{"Tempo estimado de leitura":"1 minuto"},"schema":{"@context":"https:\/\/schema.org","@graph":[{"@type":"WebPage","@id":"https:\/\/www.azur-scenic.com\/pt-pt\/produto\/veludos-danube\/","url":"https:\/\/www.azur-scenic.com\/pt-pt\/produto\/veludos-danube\/","name":"Veludos Danube - Azur Scenic","isPartOf":{"@id":"https:\/\/www.azur-scenic.com\/pt-pt\/#website"},"primaryImageOfPage":{"@id":"https:\/\/www.azur-scenic.com\/pt-pt\/produto\/veludos-danube\/#primaryimage"},"image":{"@id":"https:\/\/www.azur-scenic.com\/pt-pt\/produto\/veludos-danube\/#primaryimage"},"thumbnailUrl":"https:\/\/www.azur-scenic.com\/wp-content\/uploads\/Velours-Danube-Marine.jpg","datePublished":"2022-10-04T07:26:27+00:00","dateModified":"2023-08-02T13:22:34+00:00","breadcrumb":{"@id":"https:\/\/www.azur-scenic.com\/pt-pt\/produto\/veludos-danube\/#breadcrumb"},"inLanguage":"pt-PT","potentialAction":[{"@type":"ReadAction","target":["https:\/\/www.azur-scenic.com\/pt-pt\/produto\/veludos-danube\/"]}]},{"@type":"ImageObject","inLanguage":"pt-PT","@id":"https:\/\/www.azur-scenic.com\/pt-pt\/produto\/veludos-danube\/#primaryimage","url":"https:\/\/www.azur-scenic.com\/wp-content\/uploads\/Velours-Danube-Marine.jpg","contentUrl":"https:\/\/www.azur-scenic.com\/wp-content\/uploads\/Velours-Danube-Marine.jpg","width":1554,"height":1554,"caption":"Velours Danube Marine"},{"@type":"BreadcrumbList","@id":"https:\/\/www.azur-scenic.com\/pt-pt\/produto\/veludos-danube\/#breadcrumb","itemListElement":[{"@type":"ListItem","position":1,"name":"Accueil","item":"https:\/\/www.azur-scenic.com\/pt-pt\/"},{"@type":"ListItem","position":2,"name":"Produits","item":"https:\/\/www.azur-scenic.com\/pt-pt\/?page_id=21439"},{"@type":"ListItem","position":3,"name":"Veludos Danube"}]},{"@type":"WebSite","@id":"https:\/\/www.azur-scenic.com\/pt-pt\/#website","url":"https:\/\/www.azur-scenic.com\/pt-pt\/","name":"Azur Scenic","description":"Sp\u00e9cialiste de l\u2019\u00e9quipement sc\u00e9nique et de la d\u00e9coration int\u00e9rieure et \u00e9v\u00e9nementielle !","publisher":{"@id":"https:\/\/www.azur-scenic.com\/pt-pt\/#organization"},"potentialAction":[{"@type":"SearchAction","target":{"@type":"EntryPoint","urlTemplate":"https:\/\/www.azur-scenic.com\/pt-pt\/?s={search_term_string}"},"query-input":{"@type":"PropertyValueSpecification","valueRequired":true,"valueName":"search_term_string"}}],"inLanguage":"pt-PT"},{"@type":"Organization","@id":"https:\/\/www.azur-scenic.com\/pt-pt\/#organization","name":"AZUR SCENIC","url":"https:\/\/www.azur-scenic.com\/pt-pt\/","logo":{"@type":"ImageObject","inLanguage":"pt-PT","@id":"https:\/\/www.azur-scenic.com\/pt-pt\/#\/schema\/logo\/image\/","url":"https:\/\/www.azur-scenic.com\/wp-content\/uploads\/2022\/09\/LOGO-AZUR-SCENIC-Fusion-web-236x64-1.jpg","contentUrl":"https:\/\/www.azur-scenic.com\/wp-content\/uploads\/2022\/09\/LOGO-AZUR-SCENIC-Fusion-web-236x64-1.jpg","width":236,"height":64,"caption":"AZUR SCENIC"},"image":{"@id":"https:\/\/www.azur-scenic.com\/pt-pt\/#\/schema\/logo\/image\/"},"sameAs":["https:\/\/www.youtube.com\/channel\/UCPWM2mGPVUt4nYhNlm71WOA","https:\/\/www.linkedin.com\/company\/33237605\/admin\/feed\/posts\/"]}]}},"_links":{"self":[{"href":"https:\/\/www.azur-scenic.com\/pt-pt\/wp-json\/wp\/v2\/product\/18275","targetHints":{"allow":["GET"]}}],"collection":[{"href":"https:\/\/www.azur-scenic.com\/pt-pt\/wp-json\/wp\/v2\/product"}],"about":[{"href":"https:\/\/www.azur-scenic.com\/pt-pt\/wp-json\/wp\/v2\/types\/product"}],"wp:featuredmedia":[{"embeddable":true,"href":"https:\/\/www.azur-scenic.com\/pt-pt\/wp-json\/wp\/v2\/media\/13673"}],"wp:attachment":[{"href":"https:\/\/www.azur-scenic.com\/pt-pt\/wp-json\/wp\/v2\/media?parent=18275"}],"wp:term":[{"taxonomy":"product_brand","embeddable":true,"href":"https:\/\/www.azur-scenic.com\/pt-pt\/wp-json\/wp\/v2\/product_brand?post=18275"},{"taxonomy":"product_cat","embeddable":true,"href":"https:\/\/www.azur-scenic.com\/pt-pt\/wp-json\/wp\/v2\/product_cat?post=18275"},{"taxonomy":"product_tag","embeddable":true,"href":"https:\/\/www.azur-scenic.com\/pt-pt\/wp-json\/wp\/v2\/product_tag?post=18275"}],"curies":[{"name":"wp","href":"https:\/\/api.w.org\/{rel}","templated":true}]}}