{"id":18354,"date":"2022-10-04T07:26:23","date_gmt":"2022-10-04T07:26:23","guid":{"rendered":"https:\/\/www.azur-scenic.com\/produit\/velours-pleyel\/"},"modified":"2023-08-02T13:22:46","modified_gmt":"2023-08-02T13:22:46","slug":"veludos-pleyel","status":"publish","type":"product","link":"https:\/\/www.azur-scenic.com\/pt-pt\/produto\/veludos-pleyel\/","title":{"rendered":"Veludos Pleyel"},"content":{"rendered":"<table>\n<thead>\n<tr>\n<th style=\"width: 160px;\">Dados t\u00e9cnicos<\/th>\n<th style=\"width: 178px;\">Valor<\/th>\n<th style=\"width: 168px;\">Coment\u00e1rio<\/th>\n<\/tr>\n<\/thead>\n<tbody>\n<tr>\n<td style=\"vertical-align: top; width: 160px;\">Largura<\/td>\n<td style=\"vertical-align: top; width: 178px;\">\u00b1 140 cm<\/td>\n<td style=\"vertical-align: top; width: 168px;\">\u00a0<\/td>\n<\/tr>\n<tr>\n<td style=\"vertical-align: top; width: 160px;\">Peso<\/td>\n<td style=\"vertical-align: top; width: 178px;\">700 g\/m\u00b2<\/td>\n<td style=\"vertical-align: top; width: 168px;\">\u00a0<\/td>\n<\/tr>\n<tr>\n<td style=\"vertical-align: top; width: 160px;\">Espessura<\/td>\n<td style=\"vertical-align: top; width: 178px;\">3 mm<\/td>\n<td style=\"vertical-align: top; width: 168px;\">\u00a0<\/td>\n<\/tr>\n<tr>\n<td style=\"vertical-align: top; width: 160px;\">Classifica\u00e7\u00e3o de rea\u00e7\u00e3o ao fogo<\/td>\n<td style=\"vertical-align: top; width: 178px;\"><img decoding=\"async\" style=\"height: 20px; width: 20px;\" src=\"https:\/\/www.azur-scenic.com\/wp-content\/uploads\/csm_icon-flag-france_3304e5e3f9.png\" \/> M1<\/td>\n<td style=\"vertical-align: top; width: 168px;\">\u00a0<\/td>\n<td style=\"vertical-align: top;\">\u00a0<\/td>\n<\/tr>\n<tr>\n<td style=\"vertical-align: top; width: 160px;\">Composi\u00e7\u00e3o<\/td>\n<td style=\"vertical-align: top; width: 178px;\">100% algod\u00e3o<\/td>\n<td style=\"vertical-align: top; width: 168px;\">\u00a0<\/td>\n<\/tr>\n<tr>\n<td style=\"vertical-align: top; width: 160px;\">Comprimento do rolo<\/td>\n<td style=\"vertical-align: top; width: 178px;\">Aprox. 30 m<\/td>\n<td style=\"vertical-align: top; width: 168px;\">Pe\u00e7as n\u00e3o calibradas, metragem das pe\u00e7as vari\u00e1vel<br \/>\nPossibilidade de venda a retalho<\/td>\n<\/tr>\n<tr>\n<td style=\"vertical-align: top; width: 160px;\">Resist\u00eancia ao rasgo<\/td>\n<td style=\"vertical-align: top; width: 178px;\">Corrente: 20 N<br \/>\nTrama: 14 N<\/td>\n<td style=\"vertical-align: top; width: 168px;\">\u00a0<\/td>\n<\/tr>\n<tr>\n<td style=\"vertical-align: top; width: 160px;\">Resist\u00eancia \u00e0 rutura<\/td>\n<td style=\"vertical-align: top; width: 178px;\">Corrente: 222 N<br \/>\nTrama: 178 N<\/td>\n<td style=\"vertical-align: top; width: 168px;\">\u00a0<\/td>\n<\/tr>\n<tr>\n<td style=\"vertical-align: top; width: 160px;\">Alongamento de rutura<\/td>\n<td style=\"vertical-align: top; width: 178px;\">Corrente: 9%<br \/>\nTrama: 12%<\/td>\n<td style=\"vertical-align: top; width: 168px;\">\u00a0<\/td>\n<\/tr>\n<tr>\n<td style=\"vertical-align: top; width: 160px;\">Propriedades ac\u00fasticas<\/td>\n<td style=\"vertical-align: top; width: 178px;\">0,60 \u03b1w<br \/>\nC <span style=\"font-size: 13px;\">(altamente absorvente)<\/span><\/td>\n<td style=\"vertical-align: top; width: 168px;\">Norma:<br \/>\nISO 354: 2004<\/td>\n<\/tr>\n<\/tbody>\n<\/table>\n<p>\u00a0<\/p><\/p>\n","protected":false},"excerpt":{"rendered":"<p>O veludo c\u00e9nico mais <strong><span style=\"color: #f88523;\">pesado<\/span><\/strong>o do mercado, com uma <span style=\"color: #f88523;\"><strong>apar\u00eancia luxuosa<\/strong><\/span> (tecelagem numa densidade de pelo muito forte), classificado como <strong><span style=\"color: #f88523;\">M1<\/span><\/strong> de rea\u00e7\u00e3o ao fogo (ign\u00edfugo), combinando uma forte <strong><span style=\"color: #f88523;\">absor\u00e7\u00e3o ac\u00fastica<\/span><\/strong>, boa <span style=\"color: #f88523;\"><strong>opacidade<\/strong><\/span> e resist\u00eancia ao calor otimizada.<br \/>\nTecido em <strong><span style=\"color: #f88523;\">pelos curtos (rasos)<\/span><\/strong>, este veludo oferece qualidades muito apreci\u00e1veis para o seu equipamento c\u00e9nico: enfraquecimento do brilho para um <span style=\"color: #f88523;\"><strong>negro profundo e uniforme<\/strong><\/span>, redu\u00e7\u00e3o dos efeitos de ader\u00eancia de poeiras e redu\u00e7\u00e3o do efeitos de enrugamento.<br \/>\nEste veludo \u00e9 particularmente apreciado para a confe\u00e7\u00e3o de <span style=\"color: #f88523;\"><strong>cortinas de palco<\/strong><\/span>, <span style=\"color: #f88523;\"><strong>bambolinas<\/strong><\/span>&#8230;<br \/>\nEm algod\u00e3o ign\u00edfugo, este veludo \u00e9 recomendado para utiliza\u00e7\u00e3o em ambientes interiores.<\/p>\n<table class=\"table\" style=\"background: #f7f7f7;\">\n<tbody>\n<tr>\n<td><strong>Largura<\/strong>: \u00b1 140 cm<\/td>\n<td><strong>Peso<\/strong>: 700 g\/m\u00b2<\/td>\n<\/tr>\n<tr>\n<td><strong>Classifica\u00e7\u00e3o de rea\u00e7\u00e3o ao fogo<\/strong>: <img decoding=\"async\" style=\"height: 20px; width: 20px;\" src=\"https:\/\/www.azur-scenic.com\/wp-content\/uploads\/csm_icon-flag-france_3304e5e3f9.png\" \/> M1<\/td>\n<td style=\"vertical-align: top;\"><strong>Composi\u00e7\u00e3o<\/strong>: 100% algod\u00e3o<\/td>\n<\/tr>\n<\/tbody>\n<\/table>\n","protected":false},"featured_media":7276,"template":"","meta":{"_acf_changed":false},"product_brand":[],"product_cat":[921,916,917,1461,919,984,985],"product_tag":[],"class_list":{"0":"post-18354","1":"product","2":"type-product","3":"status-publish","4":"has-post-thumbnail","6":"product_cat-todos-os-produtos","7":"product_cat-texteis-cenicos-e-para-eventos","8":"product_cat-veludos","9":"product_cat-veludos-de-algodao","10":"product_cat-ocultantes-blackout","11":"product_cat-solucoes-acusticas","12":"product_cat-absorcao-acustica","13":"pa_couleurs-003-negro","14":"pa_groupes-de-couleurs-negro","15":"pa_textiles-absorvente-acustico","16":"pa_textiles-classificacao-de-reacao-ao-fogo-ignifugo","17":"pa_textiles-ocultante-blackout-e-ou-obscurecedor","19":"first","20":"instock","21":"shipping-taxable","22":"purchasable","23":"product-type-simple"},"acf":[],"yoast_head":"<!-- This site is optimized with the Yoast SEO plugin v27.3 - https:\/\/yoast.com\/product\/yoast-seo-wordpress\/ -->\n<title>Veludos Pleyel - Azur Scenic<\/title>\n<meta name=\"robots\" content=\"index, follow, max-snippet:-1, max-image-preview:large, max-video-preview:-1\" \/>\n<link rel=\"canonical\" href=\"https:\/\/www.azur-scenic.com\/pt-pt\/produto\/veludos-pleyel\/\" \/>\n<meta property=\"og:locale\" content=\"pt_PT\" \/>\n<meta property=\"og:type\" content=\"article\" \/>\n<meta property=\"og:title\" content=\"Veludos Pleyel - Azur Scenic\" \/>\n<meta property=\"og:description\" content=\"O veludo c\u00e9nico mais pesadoo do mercado, com uma apar\u00eancia luxuosa (tecelagem numa densidade de pelo muito forte), classificado como M1 de rea\u00e7\u00e3o ao fogo (ign\u00edfugo), combinando uma forte absor\u00e7\u00e3o ac\u00fastica, boa opacidade e resist\u00eancia ao calor otimizada. Tecido em pelos curtos (rasos), este veludo oferece qualidades muito apreci\u00e1veis para o seu equipamento c\u00e9nico: enfraquecimento do brilho para um negro profundo e uniforme, redu\u00e7\u00e3o dos efeitos de ader\u00eancia de poeiras e redu\u00e7\u00e3o do efeitos de enrugamento. Este veludo \u00e9 particularmente apreciado para a confe\u00e7\u00e3o de cortinas de palco, bambolinas... Em algod\u00e3o ign\u00edfugo, este veludo \u00e9 recomendado para utiliza\u00e7\u00e3o em ambientes interiores.  Largura: \u00b1 140 cm Peso: 700 g\/m\u00b2  Classifica\u00e7\u00e3o de rea\u00e7\u00e3o ao fogo: M1 Composi\u00e7\u00e3o: 100% algod\u00e3o\" \/>\n<meta property=\"og:url\" content=\"https:\/\/www.azur-scenic.com\/pt-pt\/produto\/veludos-pleyel\/\" \/>\n<meta property=\"og:site_name\" content=\"Azur Scenic\" \/>\n<meta property=\"article:modified_time\" content=\"2023-08-02T13:22:46+00:00\" \/>\n<meta property=\"og:image\" content=\"https:\/\/www.azur-scenic.com\/wp-content\/uploads\/e7e4cfdfd7ca169f696f3e4fc662add2.png\" \/>\n\t<meta property=\"og:image:width\" content=\"430\" \/>\n\t<meta property=\"og:image:height\" content=\"430\" \/>\n\t<meta property=\"og:image:type\" content=\"image\/png\" \/>\n<meta name=\"twitter:card\" content=\"summary_large_image\" \/>\n<script type=\"application\/ld+json\" class=\"yoast-schema-graph\">{\"@context\":\"https:\\\/\\\/schema.org\",\"@graph\":[{\"@type\":\"WebPage\",\"@id\":\"https:\\\/\\\/www.azur-scenic.com\\\/pt-pt\\\/produto\\\/veludos-pleyel\\\/\",\"url\":\"https:\\\/\\\/www.azur-scenic.com\\\/pt-pt\\\/produto\\\/veludos-pleyel\\\/\",\"name\":\"Veludos Pleyel - Azur Scenic\",\"isPartOf\":{\"@id\":\"https:\\\/\\\/www.azur-scenic.com\\\/pt-pt\\\/#website\"},\"primaryImageOfPage\":{\"@id\":\"https:\\\/\\\/www.azur-scenic.com\\\/pt-pt\\\/produto\\\/veludos-pleyel\\\/#primaryimage\"},\"image\":{\"@id\":\"https:\\\/\\\/www.azur-scenic.com\\\/pt-pt\\\/produto\\\/veludos-pleyel\\\/#primaryimage\"},\"thumbnailUrl\":\"https:\\\/\\\/www.azur-scenic.com\\\/wp-content\\\/uploads\\\/e7e4cfdfd7ca169f696f3e4fc662add2.png\",\"datePublished\":\"2022-10-04T07:26:23+00:00\",\"dateModified\":\"2023-08-02T13:22:46+00:00\",\"breadcrumb\":{\"@id\":\"https:\\\/\\\/www.azur-scenic.com\\\/pt-pt\\\/produto\\\/veludos-pleyel\\\/#breadcrumb\"},\"inLanguage\":\"pt-PT\",\"potentialAction\":[{\"@type\":\"ReadAction\",\"target\":[\"https:\\\/\\\/www.azur-scenic.com\\\/pt-pt\\\/produto\\\/veludos-pleyel\\\/\"]}]},{\"@type\":\"ImageObject\",\"inLanguage\":\"pt-PT\",\"@id\":\"https:\\\/\\\/www.azur-scenic.com\\\/pt-pt\\\/produto\\\/veludos-pleyel\\\/#primaryimage\",\"url\":\"https:\\\/\\\/www.azur-scenic.com\\\/wp-content\\\/uploads\\\/e7e4cfdfd7ca169f696f3e4fc662add2.png\",\"contentUrl\":\"https:\\\/\\\/www.azur-scenic.com\\\/wp-content\\\/uploads\\\/e7e4cfdfd7ca169f696f3e4fc662add2.png\",\"width\":430,\"height\":430},{\"@type\":\"BreadcrumbList\",\"@id\":\"https:\\\/\\\/www.azur-scenic.com\\\/pt-pt\\\/produto\\\/veludos-pleyel\\\/#breadcrumb\",\"itemListElement\":[{\"@type\":\"ListItem\",\"position\":1,\"name\":\"Accueil\",\"item\":\"https:\\\/\\\/www.azur-scenic.com\\\/pt-pt\\\/\"},{\"@type\":\"ListItem\",\"position\":2,\"name\":\"Produits\",\"item\":\"https:\\\/\\\/www.azur-scenic.com\\\/pt-pt\\\/?page_id=21439\"},{\"@type\":\"ListItem\",\"position\":3,\"name\":\"Veludos Pleyel\"}]},{\"@type\":\"WebSite\",\"@id\":\"https:\\\/\\\/www.azur-scenic.com\\\/pt-pt\\\/#website\",\"url\":\"https:\\\/\\\/www.azur-scenic.com\\\/pt-pt\\\/\",\"name\":\"Azur Scenic\",\"description\":\"Sp\u00e9cialiste de l\u2019\u00e9quipement sc\u00e9nique et de la d\u00e9coration int\u00e9rieure et \u00e9v\u00e9nementielle !\",\"publisher\":{\"@id\":\"https:\\\/\\\/www.azur-scenic.com\\\/pt-pt\\\/#organization\"},\"potentialAction\":[{\"@type\":\"SearchAction\",\"target\":{\"@type\":\"EntryPoint\",\"urlTemplate\":\"https:\\\/\\\/www.azur-scenic.com\\\/pt-pt\\\/?s={search_term_string}\"},\"query-input\":{\"@type\":\"PropertyValueSpecification\",\"valueRequired\":true,\"valueName\":\"search_term_string\"}}],\"inLanguage\":\"pt-PT\"},{\"@type\":\"Organization\",\"@id\":\"https:\\\/\\\/www.azur-scenic.com\\\/pt-pt\\\/#organization\",\"name\":\"AZUR SCENIC\",\"url\":\"https:\\\/\\\/www.azur-scenic.com\\\/pt-pt\\\/\",\"logo\":{\"@type\":\"ImageObject\",\"inLanguage\":\"pt-PT\",\"@id\":\"https:\\\/\\\/www.azur-scenic.com\\\/pt-pt\\\/#\\\/schema\\\/logo\\\/image\\\/\",\"url\":\"https:\\\/\\\/www.azur-scenic.com\\\/wp-content\\\/uploads\\\/2022\\\/09\\\/LOGO-AZUR-SCENIC-Fusion-web-236x64-1.jpg\",\"contentUrl\":\"https:\\\/\\\/www.azur-scenic.com\\\/wp-content\\\/uploads\\\/2022\\\/09\\\/LOGO-AZUR-SCENIC-Fusion-web-236x64-1.jpg\",\"width\":236,\"height\":64,\"caption\":\"AZUR SCENIC\"},\"image\":{\"@id\":\"https:\\\/\\\/www.azur-scenic.com\\\/pt-pt\\\/#\\\/schema\\\/logo\\\/image\\\/\"},\"sameAs\":[\"https:\\\/\\\/www.youtube.com\\\/channel\\\/UCPWM2mGPVUt4nYhNlm71WOA\",\"https:\\\/\\\/www.linkedin.com\\\/company\\\/33237605\\\/admin\\\/feed\\\/posts\\\/\"]}]}<\/script>\n<!-- \/ Yoast SEO plugin. -->","yoast_head_json":{"title":"Veludos Pleyel - Azur Scenic","robots":{"index":"index","follow":"follow","max-snippet":"max-snippet:-1","max-image-preview":"max-image-preview:large","max-video-preview":"max-video-preview:-1"},"canonical":"https:\/\/www.azur-scenic.com\/pt-pt\/produto\/veludos-pleyel\/","og_locale":"pt_PT","og_type":"article","og_title":"Veludos Pleyel - Azur Scenic","og_description":"O veludo c\u00e9nico mais pesadoo do mercado, com uma apar\u00eancia luxuosa (tecelagem numa densidade de pelo muito forte), classificado como M1 de rea\u00e7\u00e3o ao fogo (ign\u00edfugo), combinando uma forte absor\u00e7\u00e3o ac\u00fastica, boa opacidade e resist\u00eancia ao calor otimizada. Tecido em pelos curtos (rasos), este veludo oferece qualidades muito apreci\u00e1veis para o seu equipamento c\u00e9nico: enfraquecimento do brilho para um negro profundo e uniforme, redu\u00e7\u00e3o dos efeitos de ader\u00eancia de poeiras e redu\u00e7\u00e3o do efeitos de enrugamento. Este veludo \u00e9 particularmente apreciado para a confe\u00e7\u00e3o de cortinas de palco, bambolinas... Em algod\u00e3o ign\u00edfugo, este veludo \u00e9 recomendado para utiliza\u00e7\u00e3o em ambientes interiores.  Largura: \u00b1 140 cm Peso: 700 g\/m\u00b2  Classifica\u00e7\u00e3o de rea\u00e7\u00e3o ao fogo: M1 Composi\u00e7\u00e3o: 100% algod\u00e3o","og_url":"https:\/\/www.azur-scenic.com\/pt-pt\/produto\/veludos-pleyel\/","og_site_name":"Azur Scenic","article_modified_time":"2023-08-02T13:22:46+00:00","og_image":[{"width":430,"height":430,"url":"https:\/\/www.azur-scenic.com\/wp-content\/uploads\/e7e4cfdfd7ca169f696f3e4fc662add2.png","type":"image\/png"}],"twitter_card":"summary_large_image","schema":{"@context":"https:\/\/schema.org","@graph":[{"@type":"WebPage","@id":"https:\/\/www.azur-scenic.com\/pt-pt\/produto\/veludos-pleyel\/","url":"https:\/\/www.azur-scenic.com\/pt-pt\/produto\/veludos-pleyel\/","name":"Veludos Pleyel - Azur Scenic","isPartOf":{"@id":"https:\/\/www.azur-scenic.com\/pt-pt\/#website"},"primaryImageOfPage":{"@id":"https:\/\/www.azur-scenic.com\/pt-pt\/produto\/veludos-pleyel\/#primaryimage"},"image":{"@id":"https:\/\/www.azur-scenic.com\/pt-pt\/produto\/veludos-pleyel\/#primaryimage"},"thumbnailUrl":"https:\/\/www.azur-scenic.com\/wp-content\/uploads\/e7e4cfdfd7ca169f696f3e4fc662add2.png","datePublished":"2022-10-04T07:26:23+00:00","dateModified":"2023-08-02T13:22:46+00:00","breadcrumb":{"@id":"https:\/\/www.azur-scenic.com\/pt-pt\/produto\/veludos-pleyel\/#breadcrumb"},"inLanguage":"pt-PT","potentialAction":[{"@type":"ReadAction","target":["https:\/\/www.azur-scenic.com\/pt-pt\/produto\/veludos-pleyel\/"]}]},{"@type":"ImageObject","inLanguage":"pt-PT","@id":"https:\/\/www.azur-scenic.com\/pt-pt\/produto\/veludos-pleyel\/#primaryimage","url":"https:\/\/www.azur-scenic.com\/wp-content\/uploads\/e7e4cfdfd7ca169f696f3e4fc662add2.png","contentUrl":"https:\/\/www.azur-scenic.com\/wp-content\/uploads\/e7e4cfdfd7ca169f696f3e4fc662add2.png","width":430,"height":430},{"@type":"BreadcrumbList","@id":"https:\/\/www.azur-scenic.com\/pt-pt\/produto\/veludos-pleyel\/#breadcrumb","itemListElement":[{"@type":"ListItem","position":1,"name":"Accueil","item":"https:\/\/www.azur-scenic.com\/pt-pt\/"},{"@type":"ListItem","position":2,"name":"Produits","item":"https:\/\/www.azur-scenic.com\/pt-pt\/?page_id=21439"},{"@type":"ListItem","position":3,"name":"Veludos Pleyel"}]},{"@type":"WebSite","@id":"https:\/\/www.azur-scenic.com\/pt-pt\/#website","url":"https:\/\/www.azur-scenic.com\/pt-pt\/","name":"Azur Scenic","description":"Sp\u00e9cialiste de l\u2019\u00e9quipement sc\u00e9nique et de la d\u00e9coration int\u00e9rieure et \u00e9v\u00e9nementielle !","publisher":{"@id":"https:\/\/www.azur-scenic.com\/pt-pt\/#organization"},"potentialAction":[{"@type":"SearchAction","target":{"@type":"EntryPoint","urlTemplate":"https:\/\/www.azur-scenic.com\/pt-pt\/?s={search_term_string}"},"query-input":{"@type":"PropertyValueSpecification","valueRequired":true,"valueName":"search_term_string"}}],"inLanguage":"pt-PT"},{"@type":"Organization","@id":"https:\/\/www.azur-scenic.com\/pt-pt\/#organization","name":"AZUR SCENIC","url":"https:\/\/www.azur-scenic.com\/pt-pt\/","logo":{"@type":"ImageObject","inLanguage":"pt-PT","@id":"https:\/\/www.azur-scenic.com\/pt-pt\/#\/schema\/logo\/image\/","url":"https:\/\/www.azur-scenic.com\/wp-content\/uploads\/2022\/09\/LOGO-AZUR-SCENIC-Fusion-web-236x64-1.jpg","contentUrl":"https:\/\/www.azur-scenic.com\/wp-content\/uploads\/2022\/09\/LOGO-AZUR-SCENIC-Fusion-web-236x64-1.jpg","width":236,"height":64,"caption":"AZUR SCENIC"},"image":{"@id":"https:\/\/www.azur-scenic.com\/pt-pt\/#\/schema\/logo\/image\/"},"sameAs":["https:\/\/www.youtube.com\/channel\/UCPWM2mGPVUt4nYhNlm71WOA","https:\/\/www.linkedin.com\/company\/33237605\/admin\/feed\/posts\/"]}]}},"_links":{"self":[{"href":"https:\/\/www.azur-scenic.com\/pt-pt\/wp-json\/wp\/v2\/product\/18354","targetHints":{"allow":["GET"]}}],"collection":[{"href":"https:\/\/www.azur-scenic.com\/pt-pt\/wp-json\/wp\/v2\/product"}],"about":[{"href":"https:\/\/www.azur-scenic.com\/pt-pt\/wp-json\/wp\/v2\/types\/product"}],"wp:featuredmedia":[{"embeddable":true,"href":"https:\/\/www.azur-scenic.com\/pt-pt\/wp-json\/wp\/v2\/media\/7276"}],"wp:attachment":[{"href":"https:\/\/www.azur-scenic.com\/pt-pt\/wp-json\/wp\/v2\/media?parent=18354"}],"wp:term":[{"taxonomy":"product_brand","embeddable":true,"href":"https:\/\/www.azur-scenic.com\/pt-pt\/wp-json\/wp\/v2\/product_brand?post=18354"},{"taxonomy":"product_cat","embeddable":true,"href":"https:\/\/www.azur-scenic.com\/pt-pt\/wp-json\/wp\/v2\/product_cat?post=18354"},{"taxonomy":"product_tag","embeddable":true,"href":"https:\/\/www.azur-scenic.com\/pt-pt\/wp-json\/wp\/v2\/product_tag?post=18354"}],"curies":[{"name":"wp","href":"https:\/\/api.w.org\/{rel}","templated":true}]}}