{"id":18380,"date":"2022-10-04T07:26:20","date_gmt":"2022-10-04T07:26:20","guid":{"rendered":"https:\/\/www.azur-scenic.com\/produit\/velours-bizet\/"},"modified":"2023-08-02T13:22:47","modified_gmt":"2023-08-02T13:22:47","slug":"veludos-bizet","status":"publish","type":"product","link":"https:\/\/www.azur-scenic.com\/pt-pt\/produto\/veludos-bizet\/","title":{"rendered":"Veludos Bizet"},"content":{"rendered":"<table>\n<thead>\n<tr>\n<th style=\"width: 170px;\">Dados t\u00e9cnicos<\/th>\n<th style=\"width: 149px;\">Valor<\/th>\n<th style=\"width: 210px;\">Coment\u00e1rio<\/th>\n<\/tr>\n<\/thead>\n<tbody>\n<tr>\n<td style=\"vertical-align: top;\">Largura<\/td>\n<td style=\"vertical-align: top; width: 149px;\">\u00b1 140 cm<\/td>\n<td style=\"vertical-align: top; width: 210px;\">\u00a0<\/td>\n<\/tr>\n<tr>\n<td style=\"vertical-align: top;\">Peso<\/td>\n<td style=\"vertical-align: top; width: 149px;\">600 g\/m\u00b2<\/td>\n<td style=\"vertical-align: top; width: 210px;\">\u00a0<\/td>\n<\/tr>\n<tr>\n<td style=\"vertical-align: top;\">Espessura<\/td>\n<td style=\"vertical-align: top; width: 149px;\">1,81 mm<\/td>\n<td style=\"vertical-align: top; width: 210px;\">\u00a0<\/td>\n<\/tr>\n<tr>\n<td style=\"vertical-align: top;\">Classifica\u00e7\u00e3o de rea\u00e7\u00e3o ao fogo<\/td>\n<td style=\"vertical-align: top; width: 149px;\"><img decoding=\"async\" style=\"height: 20px; width: 20px;\" src=\"https:\/\/www.azur-scenic.com\/wp-content\/uploads\/csm_icon-flag-france_3304e5e3f9.png\" \/> M1<\/td>\n<td style=\"vertical-align: top; width: 210px;\">\u00a0<\/td>\n<\/tr>\n<tr>\n<td style=\"vertical-align: top;\">Composi\u00e7\u00e3o<\/td>\n<td style=\"vertical-align: top; width: 149px;\">100% algod\u00e3o<\/td>\n<td style=\"vertical-align: top; width: 210px;\">\u00a0<\/td>\n<\/tr>\n<tr>\n<td style=\"vertical-align: top;\">Comprimento do rolo<\/td>\n<td style=\"vertical-align: top; width: 149px;\">Aprox. 30 m<\/td>\n<td style=\"vertical-align: top; width: 210px;\">Pe\u00e7as n\u00e3o calibradas, metragem das pe\u00e7as vari\u00e1vel<br \/>\nPossibilidade de venda a retalho<\/td>\n<\/tr>\n<tr>\n<td style=\"vertical-align: top;\">Resist\u00eancia ao rasgo<\/td>\n<td style=\"vertical-align: top; width: 149px;\">Corrente: > 20 N<br \/>\nTrama: > 14 N<\/td>\n<td style=\"vertical-align: top; width: 210px;\">\u00a0<\/td>\n<\/tr>\n<tr>\n<td style=\"vertical-align: top;\">Resist\u00eancia \u00e0 rutura<\/td>\n<td style=\"vertical-align: top; width: 149px;\">Corrente: > 96 kg<br \/>\nTrama: > 46 kg<\/td>\n<td style=\"vertical-align: top; width: 210px;\">\u00a0<\/td>\n<\/tr>\n<tr>\n<td style=\"vertical-align: top;\">Alongamento de rutura<\/td>\n<td style=\"vertical-align: top; width: 149px;\">Corrente: > 6%<br \/>\nTrama: > 8%<\/td>\n<td style=\"vertical-align: top; width: 210px;\">\u00a0<\/td>\n<\/tr>\n<tr>\n<td style=\"vertical-align: top;\">Propriedades ac\u00fasticas<\/td>\n<td style=\"vertical-align: top; width: 149px;\">0,60 \u03b1w<br \/>\nC <span style=\"font-size: 13px;\">(altamente absorvente)<\/span><\/td>\n<td style=\"vertical-align: top; width: 210px;\">Norma: ISO 354: 2004<\/td>\n<\/tr>\n<\/tbody>\n<\/table>\n","protected":false},"excerpt":{"rendered":"<p>Soberbo veludo de algod\u00e3o para o palco, com uma <strong><span style=\"color: #f88523;\">apar\u00eancia calorosa<\/span><\/strong>, tecido com uma alta densidade de pelos, classe <span style=\"color: #f88523;\"><strong>M1<\/strong><\/span> de rea\u00e7\u00e3o ao fogo (ign\u00edfugo), combinando <span style=\"color: #f88523;\"><strong>absor\u00e7\u00e3o ac\u00fastica<\/strong><\/span>, <span style=\"color: #f88523;\"><strong>opacidade<\/strong><\/span> e resist\u00eancia ao calor.<br \/>\nTecido com <span style=\"color: #f88523;\"><strong>pelos curtos<\/strong><\/span>, este veludo presta-se perfeitamente para a confe\u00e7\u00e3o de tape\u00e7arias e drapeados de palco, pois oferece <strong><span style=\"color: #f88523;\">cores profundas e mate<\/span><\/strong> (muito pouco brilho \u00e0 luz), combinado com baixa reten\u00e7\u00e3o de poeira. Al\u00e9m disso, apresenta muito poucas marcas de vinco em compara\u00e7\u00e3o com outros veludos de algod\u00e3o tecidos com pelos mais longos.<br \/>\nEste veludo \u00e9 particularmente adaptado para a confe\u00e7\u00e3o de <strong><span style=\"color: #f88523;\">cortinas de palco<\/span><\/strong>, <span style=\"color: #f88523;\"><strong>bambolinas<\/strong><\/span>&#8230;<br \/>\nEm algod\u00e3o ign\u00edfugo, este veludo \u00e9 tamb\u00e9m recomendado para utiliza\u00e7\u00e3o em ambientes interiores.<\/p>\n<table class=\"table\" style=\"background: #f7f7f7;\">\n<tbody>\n<tr>\n<td><strong>Largura<\/strong>: \u00b1 140 cm<\/td>\n<td><strong>Peso<\/strong>: 600 g\/m\u00b2<\/td>\n<\/tr>\n<tr>\n<td><strong>Classifica\u00e7\u00e3o de rea\u00e7\u00e3o ao fogo<\/strong>: <img decoding=\"async\" style=\"height: 20px; width: 20px;\" src=\"https:\/\/www.azur-scenic.com\/wp-content\/uploads\/csm_icon-flag-france_3304e5e3f9.png\" \/> M1<\/td>\n<td style=\"vertical-align: top;\"><strong>Composi\u00e7\u00e3o<\/strong>: 100% algod\u00e3o<\/td>\n<\/tr>\n<\/tbody>\n<\/table>\n","protected":false},"featured_media":13410,"template":"","meta":{"_acf_changed":false},"product_brand":[],"product_cat":[921,916,917,1461,919,984,985],"product_tag":[],"class_list":{"0":"post-18380","1":"product","2":"type-product","3":"status-publish","4":"has-post-thumbnail","6":"product_cat-todos-os-produtos","7":"product_cat-texteis-cenicos-e-para-eventos","8":"product_cat-veludos","9":"product_cat-veludos-de-algodao","10":"product_cat-ocultantes-blackout","11":"product_cat-solucoes-acusticas","12":"product_cat-absorcao-acustica","13":"pa_couleurs-003-es","14":"pa_couleurs-100-es","15":"pa_couleurs-250-es","16":"pa_couleurs-292-es","17":"pa_couleurs-790-es","18":"pa_groupes-de-couleurs-azuis","19":"pa_groupes-de-couleurs-cinzento","20":"pa_groupes-de-couleurs-negro","21":"pa_groupes-de-couleurs-vermelhos","22":"pa_textiles-absorvente-acustico","23":"pa_textiles-classificacao-de-reacao-ao-fogo-ignifugo","24":"pa_textiles-ocultante-blackout-e-ou-obscurecedor","26":"first","27":"instock","28":"shipping-taxable","29":"purchasable","30":"product-type-variable"},"acf":[],"yoast_head":"<!-- This site is optimized with the Yoast SEO plugin v27.3 - https:\/\/yoast.com\/product\/yoast-seo-wordpress\/ -->\n<title>Veludos Bizet - Azur Scenic<\/title>\n<meta name=\"robots\" content=\"index, follow, max-snippet:-1, max-image-preview:large, max-video-preview:-1\" \/>\n<link rel=\"canonical\" href=\"https:\/\/www.azur-scenic.com\/pt-pt\/produto\/veludos-bizet\/\" \/>\n<meta property=\"og:locale\" content=\"pt_PT\" \/>\n<meta property=\"og:type\" content=\"article\" \/>\n<meta property=\"og:title\" content=\"Veludos Bizet - Azur Scenic\" \/>\n<meta property=\"og:description\" content=\"Soberbo veludo de algod\u00e3o para o palco, com uma apar\u00eancia calorosa, tecido com uma alta densidade de pelos, classe M1 de rea\u00e7\u00e3o ao fogo (ign\u00edfugo), combinando absor\u00e7\u00e3o ac\u00fastica, opacidade e resist\u00eancia ao calor. Tecido com pelos curtos, este veludo presta-se perfeitamente para a confe\u00e7\u00e3o de tape\u00e7arias e drapeados de palco, pois oferece cores profundas e mate (muito pouco brilho \u00e0 luz), combinado com baixa reten\u00e7\u00e3o de poeira. Al\u00e9m disso, apresenta muito poucas marcas de vinco em compara\u00e7\u00e3o com outros veludos de algod\u00e3o tecidos com pelos mais longos. Este veludo \u00e9 particularmente adaptado para a confe\u00e7\u00e3o de cortinas de palco, bambolinas... Em algod\u00e3o ign\u00edfugo, este veludo \u00e9 tamb\u00e9m recomendado para utiliza\u00e7\u00e3o em ambientes interiores.  Largura: \u00b1 140 cm Peso: 600 g\/m\u00b2  Classifica\u00e7\u00e3o de rea\u00e7\u00e3o ao fogo: M1 Composi\u00e7\u00e3o: 100% algod\u00e3o\" \/>\n<meta property=\"og:url\" content=\"https:\/\/www.azur-scenic.com\/pt-pt\/produto\/veludos-bizet\/\" \/>\n<meta property=\"og:site_name\" content=\"Azur Scenic\" \/>\n<meta property=\"article:modified_time\" content=\"2023-08-02T13:22:47+00:00\" \/>\n<meta property=\"og:image\" content=\"https:\/\/www.azur-scenic.com\/wp-content\/uploads\/Velours-Bizet-Noir.jpg\" \/>\n\t<meta property=\"og:image:width\" content=\"2065\" \/>\n\t<meta property=\"og:image:height\" content=\"2065\" \/>\n\t<meta property=\"og:image:type\" content=\"image\/jpeg\" \/>\n<meta name=\"twitter:card\" content=\"summary_large_image\" \/>\n<script type=\"application\/ld+json\" class=\"yoast-schema-graph\">{\"@context\":\"https:\\\/\\\/schema.org\",\"@graph\":[{\"@type\":\"WebPage\",\"@id\":\"https:\\\/\\\/www.azur-scenic.com\\\/pt-pt\\\/produto\\\/veludos-bizet\\\/\",\"url\":\"https:\\\/\\\/www.azur-scenic.com\\\/pt-pt\\\/produto\\\/veludos-bizet\\\/\",\"name\":\"Veludos Bizet - Azur Scenic\",\"isPartOf\":{\"@id\":\"https:\\\/\\\/www.azur-scenic.com\\\/pt-pt\\\/#website\"},\"primaryImageOfPage\":{\"@id\":\"https:\\\/\\\/www.azur-scenic.com\\\/pt-pt\\\/produto\\\/veludos-bizet\\\/#primaryimage\"},\"image\":{\"@id\":\"https:\\\/\\\/www.azur-scenic.com\\\/pt-pt\\\/produto\\\/veludos-bizet\\\/#primaryimage\"},\"thumbnailUrl\":\"https:\\\/\\\/www.azur-scenic.com\\\/wp-content\\\/uploads\\\/Velours-Bizet-Noir.jpg\",\"datePublished\":\"2022-10-04T07:26:20+00:00\",\"dateModified\":\"2023-08-02T13:22:47+00:00\",\"breadcrumb\":{\"@id\":\"https:\\\/\\\/www.azur-scenic.com\\\/pt-pt\\\/produto\\\/veludos-bizet\\\/#breadcrumb\"},\"inLanguage\":\"pt-PT\",\"potentialAction\":[{\"@type\":\"ReadAction\",\"target\":[\"https:\\\/\\\/www.azur-scenic.com\\\/pt-pt\\\/produto\\\/veludos-bizet\\\/\"]}]},{\"@type\":\"ImageObject\",\"inLanguage\":\"pt-PT\",\"@id\":\"https:\\\/\\\/www.azur-scenic.com\\\/pt-pt\\\/produto\\\/veludos-bizet\\\/#primaryimage\",\"url\":\"https:\\\/\\\/www.azur-scenic.com\\\/wp-content\\\/uploads\\\/Velours-Bizet-Noir.jpg\",\"contentUrl\":\"https:\\\/\\\/www.azur-scenic.com\\\/wp-content\\\/uploads\\\/Velours-Bizet-Noir.jpg\",\"width\":2065,\"height\":2065,\"caption\":\"Velours Bizet Noir\"},{\"@type\":\"BreadcrumbList\",\"@id\":\"https:\\\/\\\/www.azur-scenic.com\\\/pt-pt\\\/produto\\\/veludos-bizet\\\/#breadcrumb\",\"itemListElement\":[{\"@type\":\"ListItem\",\"position\":1,\"name\":\"Accueil\",\"item\":\"https:\\\/\\\/www.azur-scenic.com\\\/pt-pt\\\/\"},{\"@type\":\"ListItem\",\"position\":2,\"name\":\"Produits\",\"item\":\"https:\\\/\\\/www.azur-scenic.com\\\/pt-pt\\\/?page_id=21439\"},{\"@type\":\"ListItem\",\"position\":3,\"name\":\"Veludos Bizet\"}]},{\"@type\":\"WebSite\",\"@id\":\"https:\\\/\\\/www.azur-scenic.com\\\/pt-pt\\\/#website\",\"url\":\"https:\\\/\\\/www.azur-scenic.com\\\/pt-pt\\\/\",\"name\":\"Azur Scenic\",\"description\":\"Sp\u00e9cialiste de l\u2019\u00e9quipement sc\u00e9nique et de la d\u00e9coration int\u00e9rieure et \u00e9v\u00e9nementielle !\",\"publisher\":{\"@id\":\"https:\\\/\\\/www.azur-scenic.com\\\/pt-pt\\\/#organization\"},\"potentialAction\":[{\"@type\":\"SearchAction\",\"target\":{\"@type\":\"EntryPoint\",\"urlTemplate\":\"https:\\\/\\\/www.azur-scenic.com\\\/pt-pt\\\/?s={search_term_string}\"},\"query-input\":{\"@type\":\"PropertyValueSpecification\",\"valueRequired\":true,\"valueName\":\"search_term_string\"}}],\"inLanguage\":\"pt-PT\"},{\"@type\":\"Organization\",\"@id\":\"https:\\\/\\\/www.azur-scenic.com\\\/pt-pt\\\/#organization\",\"name\":\"AZUR SCENIC\",\"url\":\"https:\\\/\\\/www.azur-scenic.com\\\/pt-pt\\\/\",\"logo\":{\"@type\":\"ImageObject\",\"inLanguage\":\"pt-PT\",\"@id\":\"https:\\\/\\\/www.azur-scenic.com\\\/pt-pt\\\/#\\\/schema\\\/logo\\\/image\\\/\",\"url\":\"https:\\\/\\\/www.azur-scenic.com\\\/wp-content\\\/uploads\\\/2022\\\/09\\\/LOGO-AZUR-SCENIC-Fusion-web-236x64-1.jpg\",\"contentUrl\":\"https:\\\/\\\/www.azur-scenic.com\\\/wp-content\\\/uploads\\\/2022\\\/09\\\/LOGO-AZUR-SCENIC-Fusion-web-236x64-1.jpg\",\"width\":236,\"height\":64,\"caption\":\"AZUR SCENIC\"},\"image\":{\"@id\":\"https:\\\/\\\/www.azur-scenic.com\\\/pt-pt\\\/#\\\/schema\\\/logo\\\/image\\\/\"},\"sameAs\":[\"https:\\\/\\\/www.youtube.com\\\/channel\\\/UCPWM2mGPVUt4nYhNlm71WOA\",\"https:\\\/\\\/www.linkedin.com\\\/company\\\/33237605\\\/admin\\\/feed\\\/posts\\\/\"]}]}<\/script>\n<!-- \/ Yoast SEO plugin. -->","yoast_head_json":{"title":"Veludos Bizet - Azur Scenic","robots":{"index":"index","follow":"follow","max-snippet":"max-snippet:-1","max-image-preview":"max-image-preview:large","max-video-preview":"max-video-preview:-1"},"canonical":"https:\/\/www.azur-scenic.com\/pt-pt\/produto\/veludos-bizet\/","og_locale":"pt_PT","og_type":"article","og_title":"Veludos Bizet - Azur Scenic","og_description":"Soberbo veludo de algod\u00e3o para o palco, com uma apar\u00eancia calorosa, tecido com uma alta densidade de pelos, classe M1 de rea\u00e7\u00e3o ao fogo (ign\u00edfugo), combinando absor\u00e7\u00e3o ac\u00fastica, opacidade e resist\u00eancia ao calor. Tecido com pelos curtos, este veludo presta-se perfeitamente para a confe\u00e7\u00e3o de tape\u00e7arias e drapeados de palco, pois oferece cores profundas e mate (muito pouco brilho \u00e0 luz), combinado com baixa reten\u00e7\u00e3o de poeira. Al\u00e9m disso, apresenta muito poucas marcas de vinco em compara\u00e7\u00e3o com outros veludos de algod\u00e3o tecidos com pelos mais longos. Este veludo \u00e9 particularmente adaptado para a confe\u00e7\u00e3o de cortinas de palco, bambolinas... Em algod\u00e3o ign\u00edfugo, este veludo \u00e9 tamb\u00e9m recomendado para utiliza\u00e7\u00e3o em ambientes interiores.  Largura: \u00b1 140 cm Peso: 600 g\/m\u00b2  Classifica\u00e7\u00e3o de rea\u00e7\u00e3o ao fogo: M1 Composi\u00e7\u00e3o: 100% algod\u00e3o","og_url":"https:\/\/www.azur-scenic.com\/pt-pt\/produto\/veludos-bizet\/","og_site_name":"Azur Scenic","article_modified_time":"2023-08-02T13:22:47+00:00","og_image":[{"width":2065,"height":2065,"url":"https:\/\/www.azur-scenic.com\/wp-content\/uploads\/Velours-Bizet-Noir.jpg","type":"image\/jpeg"}],"twitter_card":"summary_large_image","schema":{"@context":"https:\/\/schema.org","@graph":[{"@type":"WebPage","@id":"https:\/\/www.azur-scenic.com\/pt-pt\/produto\/veludos-bizet\/","url":"https:\/\/www.azur-scenic.com\/pt-pt\/produto\/veludos-bizet\/","name":"Veludos Bizet - Azur Scenic","isPartOf":{"@id":"https:\/\/www.azur-scenic.com\/pt-pt\/#website"},"primaryImageOfPage":{"@id":"https:\/\/www.azur-scenic.com\/pt-pt\/produto\/veludos-bizet\/#primaryimage"},"image":{"@id":"https:\/\/www.azur-scenic.com\/pt-pt\/produto\/veludos-bizet\/#primaryimage"},"thumbnailUrl":"https:\/\/www.azur-scenic.com\/wp-content\/uploads\/Velours-Bizet-Noir.jpg","datePublished":"2022-10-04T07:26:20+00:00","dateModified":"2023-08-02T13:22:47+00:00","breadcrumb":{"@id":"https:\/\/www.azur-scenic.com\/pt-pt\/produto\/veludos-bizet\/#breadcrumb"},"inLanguage":"pt-PT","potentialAction":[{"@type":"ReadAction","target":["https:\/\/www.azur-scenic.com\/pt-pt\/produto\/veludos-bizet\/"]}]},{"@type":"ImageObject","inLanguage":"pt-PT","@id":"https:\/\/www.azur-scenic.com\/pt-pt\/produto\/veludos-bizet\/#primaryimage","url":"https:\/\/www.azur-scenic.com\/wp-content\/uploads\/Velours-Bizet-Noir.jpg","contentUrl":"https:\/\/www.azur-scenic.com\/wp-content\/uploads\/Velours-Bizet-Noir.jpg","width":2065,"height":2065,"caption":"Velours Bizet Noir"},{"@type":"BreadcrumbList","@id":"https:\/\/www.azur-scenic.com\/pt-pt\/produto\/veludos-bizet\/#breadcrumb","itemListElement":[{"@type":"ListItem","position":1,"name":"Accueil","item":"https:\/\/www.azur-scenic.com\/pt-pt\/"},{"@type":"ListItem","position":2,"name":"Produits","item":"https:\/\/www.azur-scenic.com\/pt-pt\/?page_id=21439"},{"@type":"ListItem","position":3,"name":"Veludos Bizet"}]},{"@type":"WebSite","@id":"https:\/\/www.azur-scenic.com\/pt-pt\/#website","url":"https:\/\/www.azur-scenic.com\/pt-pt\/","name":"Azur Scenic","description":"Sp\u00e9cialiste de l\u2019\u00e9quipement sc\u00e9nique et de la d\u00e9coration int\u00e9rieure et \u00e9v\u00e9nementielle !","publisher":{"@id":"https:\/\/www.azur-scenic.com\/pt-pt\/#organization"},"potentialAction":[{"@type":"SearchAction","target":{"@type":"EntryPoint","urlTemplate":"https:\/\/www.azur-scenic.com\/pt-pt\/?s={search_term_string}"},"query-input":{"@type":"PropertyValueSpecification","valueRequired":true,"valueName":"search_term_string"}}],"inLanguage":"pt-PT"},{"@type":"Organization","@id":"https:\/\/www.azur-scenic.com\/pt-pt\/#organization","name":"AZUR SCENIC","url":"https:\/\/www.azur-scenic.com\/pt-pt\/","logo":{"@type":"ImageObject","inLanguage":"pt-PT","@id":"https:\/\/www.azur-scenic.com\/pt-pt\/#\/schema\/logo\/image\/","url":"https:\/\/www.azur-scenic.com\/wp-content\/uploads\/2022\/09\/LOGO-AZUR-SCENIC-Fusion-web-236x64-1.jpg","contentUrl":"https:\/\/www.azur-scenic.com\/wp-content\/uploads\/2022\/09\/LOGO-AZUR-SCENIC-Fusion-web-236x64-1.jpg","width":236,"height":64,"caption":"AZUR SCENIC"},"image":{"@id":"https:\/\/www.azur-scenic.com\/pt-pt\/#\/schema\/logo\/image\/"},"sameAs":["https:\/\/www.youtube.com\/channel\/UCPWM2mGPVUt4nYhNlm71WOA","https:\/\/www.linkedin.com\/company\/33237605\/admin\/feed\/posts\/"]}]}},"_links":{"self":[{"href":"https:\/\/www.azur-scenic.com\/pt-pt\/wp-json\/wp\/v2\/product\/18380","targetHints":{"allow":["GET"]}}],"collection":[{"href":"https:\/\/www.azur-scenic.com\/pt-pt\/wp-json\/wp\/v2\/product"}],"about":[{"href":"https:\/\/www.azur-scenic.com\/pt-pt\/wp-json\/wp\/v2\/types\/product"}],"wp:featuredmedia":[{"embeddable":true,"href":"https:\/\/www.azur-scenic.com\/pt-pt\/wp-json\/wp\/v2\/media\/13410"}],"wp:attachment":[{"href":"https:\/\/www.azur-scenic.com\/pt-pt\/wp-json\/wp\/v2\/media?parent=18380"}],"wp:term":[{"taxonomy":"product_brand","embeddable":true,"href":"https:\/\/www.azur-scenic.com\/pt-pt\/wp-json\/wp\/v2\/product_brand?post=18380"},{"taxonomy":"product_cat","embeddable":true,"href":"https:\/\/www.azur-scenic.com\/pt-pt\/wp-json\/wp\/v2\/product_cat?post=18380"},{"taxonomy":"product_tag","embeddable":true,"href":"https:\/\/www.azur-scenic.com\/pt-pt\/wp-json\/wp\/v2\/product_tag?post=18380"}],"curies":[{"name":"wp","href":"https:\/\/api.w.org\/{rel}","templated":true}]}}