{"id":18489,"date":"2022-10-04T07:26:07","date_gmt":"2022-10-04T07:26:07","guid":{"rendered":"https:\/\/www.azur-scenic.com\/produit\/voile\/"},"modified":"2023-08-02T13:22:57","modified_gmt":"2023-08-02T13:22:57","slug":"veu","status":"publish","type":"product","link":"https:\/\/www.azur-scenic.com\/pt-pt\/produto\/veu\/","title":{"rendered":"V\u00e9u"},"content":{"rendered":"<table>\n<thead>\n<tr>\n<th style=\"width: 170px;\">Dados t\u00e9cnicos<\/th>\n<th>Valor<\/th>\n<th>Coment\u00e1rio<\/th>\n<\/tr>\n<\/thead>\n<tbody>\n<tr>\n<td style=\"vertical-align: top;\">Largura<\/td>\n<td style=\"vertical-align: top;\">300 cm<br \/>\n420 cm<\/td>\n<td style=\"vertical-align: top;\">Todas as cores<br \/>\nApenas cores: 002 &#8211; 003 &#8211; 040<\/td>\n<\/tr>\n<tr>\n<td style=\"vertical-align: top;\">Peso<\/td>\n<td style=\"vertical-align: top;\">50 g\/m\u00b2<\/td>\n<td style=\"vertical-align: top;\">\u00a0<\/td>\n<\/tr>\n<tr>\n<td style=\"vertical-align: top;\">Espessura<\/td>\n<td style=\"vertical-align: top;\">0,1 mm<\/td>\n<td style=\"vertical-align: top;\">\u00a0<\/td>\n<\/tr>\n<tr>\n<td style=\"vertical-align: top;\">Classifica\u00e7\u00e3o de rea\u00e7\u00e3o ao fogo<\/td>\n<td style=\"vertical-align: top;\"><img decoding=\"async\" style=\"height: 20px; width: 20px;\" src=\"https:\/\/www.azur-scenic.com\/wp-content\/uploads\/csm_icon-flag-france_3304e5e3f9.png\" \/> M1<\/td>\n<td style=\"vertical-align: top;\">\u00a0<\/td>\n<\/tr>\n<tr>\n<td style=\"vertical-align: top;\">Composi\u00e7\u00e3o<\/td>\n<td style=\"vertical-align: top;\">100% Poli\u00e9ster FR<\/td>\n<td style=\"vertical-align: top;\">\u00a0<\/td>\n<\/tr>\n<tr>\n<td style=\"vertical-align: top;\">Comprimento do rolo<\/td>\n<td style=\"vertical-align: top;\">60 m<br \/>\nEnrolado dobrado<\/td>\n<td style=\"vertical-align: top;\">Possibilidade de venda a retalho<\/td>\n<\/tr>\n<\/tbody>\n<\/table>\n","protected":false},"excerpt":{"rendered":"<p>Um v\u00e9u <strong><span style=\"color: #f88523;\">transparente<\/span><\/strong>, com uma trama quase invis\u00edvel extrafina, que lhe permitir\u00e1 atenuar delicadamente a luz em excesso, enquanto preserva a luminosidade dos seus espa\u00e7os.<br \/>\nEste v\u00e9u <strong><span style=\"color: #f88523;\">econ\u00f3mico<\/span><\/strong> e classificado <strong><span style=\"color: #f88523;\">M1<\/span><\/strong> de rea\u00e7\u00e3o ao fogo (ign\u00edfugo) \u00e9 particularmente adequado para a confe\u00e7\u00e3o de <span style=\"color: #f88523;\"><strong>tape\u00e7arias<\/strong><\/span> e <span style=\"color: #f88523;\"><strong>cortinas<\/strong><\/span>, bem como para a <span style=\"color: #f88523;\"><strong>decora\u00e7\u00e3o de eventos<\/strong><\/span>, mas tamb\u00e9m para <strong><span style=\"color: #f88523;\">cen\u00e1rios e adere\u00e7os c\u00e9nicos<\/span><\/strong>.<br \/>\nParticularmente <span style=\"color: #f88523;\"><strong>leve<\/strong><\/span>, presta-se facilmente \u00e0 cria\u00e7\u00e3o de drapeados para cobrir e decorar <span style=\"color: #f88523;\"><strong>tetos<\/strong><\/span>.<br \/>\n100% Poli\u00e9ster FR, este v\u00e9u \u00e9 <span style=\"color: #f88523;\"><strong>lav\u00e1vel<\/strong><\/span> e por isso pode ser usado tanto em <span style=\"color: #f88523;\"><strong>interiores<\/strong><\/span> como em <span style=\"color: #f88523;\"><strong>exteriores<\/strong><\/span>.<\/p>\n<table class=\"table\" style=\"background: #f7f7f7;\">\n<tbody>\n<tr>\n<td><strong>Largura<\/strong>: 300 cm, 400 cm<\/td>\n<td><strong>Peso<\/strong>: 50 g\/m\u00b2<\/td>\n<\/tr>\n<tr>\n<td><strong>Classifica\u00e7\u00e3o de rea\u00e7\u00e3o ao fogo<\/strong>: <img decoding=\"async\" style=\"height: 20px; width: 20px;\" src=\"https:\/\/www.azur-scenic.com\/wp-content\/uploads\/csm_icon-flag-france_3304e5e3f9.png\" \/> M1<\/td>\n<td style=\"vertical-align: top;\"><strong>Composi\u00e7\u00e3o<\/strong>: 100% Poli\u00e9ster FR<\/td>\n<\/tr>\n<\/tbody>\n<\/table>\n","protected":false},"featured_media":15627,"template":"","meta":{"_acf_changed":false},"product_brand":[],"product_cat":[921,916,1343,1357],"product_tag":[],"class_list":{"0":"post-18489","1":"product","2":"type-product","3":"status-publish","4":"has-post-thumbnail","6":"product_cat-todos-os-produtos","7":"product_cat-texteis-cenicos-e-para-eventos","8":"product_cat-veus-e-tecidos-leves","9":"product_cat-veus","10":"pa_couleurs-002-es","11":"pa_couleurs-003-es","12":"pa_couleurs-040-es","13":"pa_couleurs-170-es","14":"pa_couleurs-200-es","15":"pa_couleurs-230-es","16":"pa_couleurs-270-es","17":"pa_couleurs-290-es","18":"pa_couleurs-320-es","19":"pa_couleurs-325-es","20":"pa_couleurs-350-es","21":"pa_couleurs-420-es","22":"pa_couleurs-500-es","23":"pa_couleurs-510-es","24":"pa_couleurs-730-es","25":"pa_couleurs-765-es","26":"pa_couleurs-790-es","27":"pa_couleurs-810-es","28":"pa_couleurs-870-es","29":"pa_couleurs-930-es","30":"pa_couleurs-990-es","31":"pa_groupes-de-couleurs-branco","32":"pa_groupes-de-couleurs-azuis","33":"pa_groupes-de-couleurs-cru","34":"pa_groupes-de-couleurs-cinzento","35":"pa_groupes-de-couleurs-amarelos","36":"pa_groupes-de-couleurs-castanhos-beges","37":"pa_groupes-de-couleurs-negro","38":"pa_groupes-de-couleurs-laranjas","39":"pa_groupes-de-couleurs-rosas","40":"pa_groupes-de-couleurs-vermelhos","41":"pa_groupes-de-couleurs-violetas","42":"pa_textiles-adaptado-para-exterior","43":"pa_textiles-classificacao-de-reacao-ao-fogo-ignifugo","44":"pa_textiles-lavavel","45":"pa_textiles-transparentes-e-translucidos","46":"pa_textiles-economico","48":"first","49":"instock","50":"shipping-taxable","51":"purchasable","52":"product-type-variable"},"acf":[],"yoast_head":"<!-- This site is optimized with the Yoast SEO plugin v27.3 - https:\/\/yoast.com\/product\/yoast-seo-wordpress\/ -->\n<title>V\u00e9u - Azur Scenic<\/title>\n<meta name=\"robots\" content=\"index, follow, max-snippet:-1, max-image-preview:large, max-video-preview:-1\" \/>\n<link rel=\"canonical\" href=\"https:\/\/www.azur-scenic.com\/pt-pt\/produto\/veu\/\" \/>\n<meta property=\"og:locale\" content=\"pt_PT\" \/>\n<meta property=\"og:type\" content=\"article\" \/>\n<meta property=\"og:title\" content=\"V\u00e9u - Azur Scenic\" \/>\n<meta property=\"og:description\" content=\"Um v\u00e9u transparente, com uma trama quase invis\u00edvel extrafina, que lhe permitir\u00e1 atenuar delicadamente a luz em excesso, enquanto preserva a luminosidade dos seus espa\u00e7os. Este v\u00e9u econ\u00f3mico e classificado M1 de rea\u00e7\u00e3o ao fogo (ign\u00edfugo) \u00e9 particularmente adequado para a confe\u00e7\u00e3o de tape\u00e7arias e cortinas, bem como para a decora\u00e7\u00e3o de eventos, mas tamb\u00e9m para cen\u00e1rios e adere\u00e7os c\u00e9nicos. Particularmente leve, presta-se facilmente \u00e0 cria\u00e7\u00e3o de drapeados para cobrir e decorar tetos. 100% Poli\u00e9ster FR, este v\u00e9u \u00e9 lav\u00e1vel e por isso pode ser usado tanto em interiores como em exteriores.  Largura: 300 cm, 400 cm Peso: 50 g\/m\u00b2  Classifica\u00e7\u00e3o de rea\u00e7\u00e3o ao fogo: M1 Composi\u00e7\u00e3o: 100% Poli\u00e9ster FR\" \/>\n<meta property=\"og:url\" content=\"https:\/\/www.azur-scenic.com\/pt-pt\/produto\/veu\/\" \/>\n<meta property=\"og:site_name\" content=\"Azur Scenic\" \/>\n<meta property=\"article:modified_time\" content=\"2023-08-02T13:22:57+00:00\" \/>\n<meta property=\"og:image\" content=\"https:\/\/www.azur-scenic.com\/wp-content\/uploads\/VOILE-BLANC.jpg\" \/>\n\t<meta property=\"og:image:width\" content=\"1828\" \/>\n\t<meta property=\"og:image:height\" content=\"1828\" \/>\n\t<meta property=\"og:image:type\" content=\"image\/jpeg\" \/>\n<meta name=\"twitter:card\" content=\"summary_large_image\" \/>\n<script type=\"application\/ld+json\" class=\"yoast-schema-graph\">{\"@context\":\"https:\\\/\\\/schema.org\",\"@graph\":[{\"@type\":\"WebPage\",\"@id\":\"https:\\\/\\\/www.azur-scenic.com\\\/pt-pt\\\/produto\\\/veu\\\/\",\"url\":\"https:\\\/\\\/www.azur-scenic.com\\\/pt-pt\\\/produto\\\/veu\\\/\",\"name\":\"V\u00e9u - Azur Scenic\",\"isPartOf\":{\"@id\":\"https:\\\/\\\/www.azur-scenic.com\\\/pt-pt\\\/#website\"},\"primaryImageOfPage\":{\"@id\":\"https:\\\/\\\/www.azur-scenic.com\\\/pt-pt\\\/produto\\\/veu\\\/#primaryimage\"},\"image\":{\"@id\":\"https:\\\/\\\/www.azur-scenic.com\\\/pt-pt\\\/produto\\\/veu\\\/#primaryimage\"},\"thumbnailUrl\":\"https:\\\/\\\/www.azur-scenic.com\\\/wp-content\\\/uploads\\\/VOILE-BLANC.jpg\",\"datePublished\":\"2022-10-04T07:26:07+00:00\",\"dateModified\":\"2023-08-02T13:22:57+00:00\",\"breadcrumb\":{\"@id\":\"https:\\\/\\\/www.azur-scenic.com\\\/pt-pt\\\/produto\\\/veu\\\/#breadcrumb\"},\"inLanguage\":\"pt-PT\",\"potentialAction\":[{\"@type\":\"ReadAction\",\"target\":[\"https:\\\/\\\/www.azur-scenic.com\\\/pt-pt\\\/produto\\\/veu\\\/\"]}]},{\"@type\":\"ImageObject\",\"inLanguage\":\"pt-PT\",\"@id\":\"https:\\\/\\\/www.azur-scenic.com\\\/pt-pt\\\/produto\\\/veu\\\/#primaryimage\",\"url\":\"https:\\\/\\\/www.azur-scenic.com\\\/wp-content\\\/uploads\\\/VOILE-BLANC.jpg\",\"contentUrl\":\"https:\\\/\\\/www.azur-scenic.com\\\/wp-content\\\/uploads\\\/VOILE-BLANC.jpg\",\"width\":1828,\"height\":1828,\"caption\":\"VOILE BLANC\"},{\"@type\":\"BreadcrumbList\",\"@id\":\"https:\\\/\\\/www.azur-scenic.com\\\/pt-pt\\\/produto\\\/veu\\\/#breadcrumb\",\"itemListElement\":[{\"@type\":\"ListItem\",\"position\":1,\"name\":\"Accueil\",\"item\":\"https:\\\/\\\/www.azur-scenic.com\\\/pt-pt\\\/\"},{\"@type\":\"ListItem\",\"position\":2,\"name\":\"Produits\",\"item\":\"https:\\\/\\\/www.azur-scenic.com\\\/pt-pt\\\/?page_id=21439\"},{\"@type\":\"ListItem\",\"position\":3,\"name\":\"V\u00e9u\"}]},{\"@type\":\"WebSite\",\"@id\":\"https:\\\/\\\/www.azur-scenic.com\\\/pt-pt\\\/#website\",\"url\":\"https:\\\/\\\/www.azur-scenic.com\\\/pt-pt\\\/\",\"name\":\"Azur Scenic\",\"description\":\"Sp\u00e9cialiste de l\u2019\u00e9quipement sc\u00e9nique et de la d\u00e9coration int\u00e9rieure et \u00e9v\u00e9nementielle !\",\"publisher\":{\"@id\":\"https:\\\/\\\/www.azur-scenic.com\\\/pt-pt\\\/#organization\"},\"potentialAction\":[{\"@type\":\"SearchAction\",\"target\":{\"@type\":\"EntryPoint\",\"urlTemplate\":\"https:\\\/\\\/www.azur-scenic.com\\\/pt-pt\\\/?s={search_term_string}\"},\"query-input\":{\"@type\":\"PropertyValueSpecification\",\"valueRequired\":true,\"valueName\":\"search_term_string\"}}],\"inLanguage\":\"pt-PT\"},{\"@type\":\"Organization\",\"@id\":\"https:\\\/\\\/www.azur-scenic.com\\\/pt-pt\\\/#organization\",\"name\":\"AZUR SCENIC\",\"url\":\"https:\\\/\\\/www.azur-scenic.com\\\/pt-pt\\\/\",\"logo\":{\"@type\":\"ImageObject\",\"inLanguage\":\"pt-PT\",\"@id\":\"https:\\\/\\\/www.azur-scenic.com\\\/pt-pt\\\/#\\\/schema\\\/logo\\\/image\\\/\",\"url\":\"https:\\\/\\\/www.azur-scenic.com\\\/wp-content\\\/uploads\\\/2022\\\/09\\\/LOGO-AZUR-SCENIC-Fusion-web-236x64-1.jpg\",\"contentUrl\":\"https:\\\/\\\/www.azur-scenic.com\\\/wp-content\\\/uploads\\\/2022\\\/09\\\/LOGO-AZUR-SCENIC-Fusion-web-236x64-1.jpg\",\"width\":236,\"height\":64,\"caption\":\"AZUR SCENIC\"},\"image\":{\"@id\":\"https:\\\/\\\/www.azur-scenic.com\\\/pt-pt\\\/#\\\/schema\\\/logo\\\/image\\\/\"},\"sameAs\":[\"https:\\\/\\\/www.youtube.com\\\/channel\\\/UCPWM2mGPVUt4nYhNlm71WOA\",\"https:\\\/\\\/www.linkedin.com\\\/company\\\/33237605\\\/admin\\\/feed\\\/posts\\\/\"]}]}<\/script>\n<!-- \/ Yoast SEO plugin. -->","yoast_head_json":{"title":"V\u00e9u - Azur Scenic","robots":{"index":"index","follow":"follow","max-snippet":"max-snippet:-1","max-image-preview":"max-image-preview:large","max-video-preview":"max-video-preview:-1"},"canonical":"https:\/\/www.azur-scenic.com\/pt-pt\/produto\/veu\/","og_locale":"pt_PT","og_type":"article","og_title":"V\u00e9u - Azur Scenic","og_description":"Um v\u00e9u transparente, com uma trama quase invis\u00edvel extrafina, que lhe permitir\u00e1 atenuar delicadamente a luz em excesso, enquanto preserva a luminosidade dos seus espa\u00e7os. Este v\u00e9u econ\u00f3mico e classificado M1 de rea\u00e7\u00e3o ao fogo (ign\u00edfugo) \u00e9 particularmente adequado para a confe\u00e7\u00e3o de tape\u00e7arias e cortinas, bem como para a decora\u00e7\u00e3o de eventos, mas tamb\u00e9m para cen\u00e1rios e adere\u00e7os c\u00e9nicos. Particularmente leve, presta-se facilmente \u00e0 cria\u00e7\u00e3o de drapeados para cobrir e decorar tetos. 100% Poli\u00e9ster FR, este v\u00e9u \u00e9 lav\u00e1vel e por isso pode ser usado tanto em interiores como em exteriores.  Largura: 300 cm, 400 cm Peso: 50 g\/m\u00b2  Classifica\u00e7\u00e3o de rea\u00e7\u00e3o ao fogo: M1 Composi\u00e7\u00e3o: 100% Poli\u00e9ster FR","og_url":"https:\/\/www.azur-scenic.com\/pt-pt\/produto\/veu\/","og_site_name":"Azur Scenic","article_modified_time":"2023-08-02T13:22:57+00:00","og_image":[{"width":1828,"height":1828,"url":"https:\/\/www.azur-scenic.com\/wp-content\/uploads\/VOILE-BLANC.jpg","type":"image\/jpeg"}],"twitter_card":"summary_large_image","schema":{"@context":"https:\/\/schema.org","@graph":[{"@type":"WebPage","@id":"https:\/\/www.azur-scenic.com\/pt-pt\/produto\/veu\/","url":"https:\/\/www.azur-scenic.com\/pt-pt\/produto\/veu\/","name":"V\u00e9u - Azur Scenic","isPartOf":{"@id":"https:\/\/www.azur-scenic.com\/pt-pt\/#website"},"primaryImageOfPage":{"@id":"https:\/\/www.azur-scenic.com\/pt-pt\/produto\/veu\/#primaryimage"},"image":{"@id":"https:\/\/www.azur-scenic.com\/pt-pt\/produto\/veu\/#primaryimage"},"thumbnailUrl":"https:\/\/www.azur-scenic.com\/wp-content\/uploads\/VOILE-BLANC.jpg","datePublished":"2022-10-04T07:26:07+00:00","dateModified":"2023-08-02T13:22:57+00:00","breadcrumb":{"@id":"https:\/\/www.azur-scenic.com\/pt-pt\/produto\/veu\/#breadcrumb"},"inLanguage":"pt-PT","potentialAction":[{"@type":"ReadAction","target":["https:\/\/www.azur-scenic.com\/pt-pt\/produto\/veu\/"]}]},{"@type":"ImageObject","inLanguage":"pt-PT","@id":"https:\/\/www.azur-scenic.com\/pt-pt\/produto\/veu\/#primaryimage","url":"https:\/\/www.azur-scenic.com\/wp-content\/uploads\/VOILE-BLANC.jpg","contentUrl":"https:\/\/www.azur-scenic.com\/wp-content\/uploads\/VOILE-BLANC.jpg","width":1828,"height":1828,"caption":"VOILE BLANC"},{"@type":"BreadcrumbList","@id":"https:\/\/www.azur-scenic.com\/pt-pt\/produto\/veu\/#breadcrumb","itemListElement":[{"@type":"ListItem","position":1,"name":"Accueil","item":"https:\/\/www.azur-scenic.com\/pt-pt\/"},{"@type":"ListItem","position":2,"name":"Produits","item":"https:\/\/www.azur-scenic.com\/pt-pt\/?page_id=21439"},{"@type":"ListItem","position":3,"name":"V\u00e9u"}]},{"@type":"WebSite","@id":"https:\/\/www.azur-scenic.com\/pt-pt\/#website","url":"https:\/\/www.azur-scenic.com\/pt-pt\/","name":"Azur Scenic","description":"Sp\u00e9cialiste de l\u2019\u00e9quipement sc\u00e9nique et de la d\u00e9coration int\u00e9rieure et \u00e9v\u00e9nementielle !","publisher":{"@id":"https:\/\/www.azur-scenic.com\/pt-pt\/#organization"},"potentialAction":[{"@type":"SearchAction","target":{"@type":"EntryPoint","urlTemplate":"https:\/\/www.azur-scenic.com\/pt-pt\/?s={search_term_string}"},"query-input":{"@type":"PropertyValueSpecification","valueRequired":true,"valueName":"search_term_string"}}],"inLanguage":"pt-PT"},{"@type":"Organization","@id":"https:\/\/www.azur-scenic.com\/pt-pt\/#organization","name":"AZUR SCENIC","url":"https:\/\/www.azur-scenic.com\/pt-pt\/","logo":{"@type":"ImageObject","inLanguage":"pt-PT","@id":"https:\/\/www.azur-scenic.com\/pt-pt\/#\/schema\/logo\/image\/","url":"https:\/\/www.azur-scenic.com\/wp-content\/uploads\/2022\/09\/LOGO-AZUR-SCENIC-Fusion-web-236x64-1.jpg","contentUrl":"https:\/\/www.azur-scenic.com\/wp-content\/uploads\/2022\/09\/LOGO-AZUR-SCENIC-Fusion-web-236x64-1.jpg","width":236,"height":64,"caption":"AZUR SCENIC"},"image":{"@id":"https:\/\/www.azur-scenic.com\/pt-pt\/#\/schema\/logo\/image\/"},"sameAs":["https:\/\/www.youtube.com\/channel\/UCPWM2mGPVUt4nYhNlm71WOA","https:\/\/www.linkedin.com\/company\/33237605\/admin\/feed\/posts\/"]}]}},"_links":{"self":[{"href":"https:\/\/www.azur-scenic.com\/pt-pt\/wp-json\/wp\/v2\/product\/18489","targetHints":{"allow":["GET"]}}],"collection":[{"href":"https:\/\/www.azur-scenic.com\/pt-pt\/wp-json\/wp\/v2\/product"}],"about":[{"href":"https:\/\/www.azur-scenic.com\/pt-pt\/wp-json\/wp\/v2\/types\/product"}],"wp:featuredmedia":[{"embeddable":true,"href":"https:\/\/www.azur-scenic.com\/pt-pt\/wp-json\/wp\/v2\/media\/15627"}],"wp:attachment":[{"href":"https:\/\/www.azur-scenic.com\/pt-pt\/wp-json\/wp\/v2\/media?parent=18489"}],"wp:term":[{"taxonomy":"product_brand","embeddable":true,"href":"https:\/\/www.azur-scenic.com\/pt-pt\/wp-json\/wp\/v2\/product_brand?post=18489"},{"taxonomy":"product_cat","embeddable":true,"href":"https:\/\/www.azur-scenic.com\/pt-pt\/wp-json\/wp\/v2\/product_cat?post=18489"},{"taxonomy":"product_tag","embeddable":true,"href":"https:\/\/www.azur-scenic.com\/pt-pt\/wp-json\/wp\/v2\/product_tag?post=18489"}],"curies":[{"name":"wp","href":"https:\/\/api.w.org\/{rel}","templated":true}]}}