{"id":18566,"date":"2022-10-04T07:26:07","date_gmt":"2022-10-04T07:26:07","guid":{"rendered":"https:\/\/www.azur-scenic.com\/produit\/voile-saturne-100\/"},"modified":"2023-08-02T13:22:59","modified_gmt":"2023-08-02T13:22:59","slug":"veu-saturno-100","status":"publish","type":"product","link":"https:\/\/www.azur-scenic.com\/pt-pt\/produto\/veu-saturno-100\/","title":{"rendered":"V\u00e9u Saturno 100%"},"content":{"rendered":"<table>\n<thead>\n<tr>\n<th style=\"width: 170px;\">Dados t\u00e9cnicos<\/th>\n<th style=\"width: 76px;\">Valor<\/th>\n<th style=\"width: 283px;\">Coment\u00e1rio<\/th>\n<\/tr>\n<\/thead>\n<tbody>\n<tr>\n<td style=\"vertical-align: top;\">Largura<\/td>\n<td style=\"vertical-align: top; width: 76px;\">300 cm<\/td>\n<td style=\"vertical-align: top; width: 283px;\">\u00a0<\/td>\n<\/tr>\n<tr>\n<td style=\"vertical-align: top;\">Peso<\/td>\n<td style=\"vertical-align: top; width: 76px;\">60 g\/m\u00b2<\/td>\n<td style=\"vertical-align: top; width: 283px;\">\u00a0<\/td>\n<\/tr>\n<tr>\n<td style=\"vertical-align: top;\">Espessura<\/td>\n<td style=\"vertical-align: top; width: 76px;\">0,15 mm<\/td>\n<td style=\"vertical-align: top; width: 283px;\">\u00a0<\/td>\n<\/tr>\n<tr>\n<td style=\"vertical-align: top;\">Classifica\u00e7\u00e3o de rea\u00e7\u00e3o ao fogo<\/td>\n<td style=\"vertical-align: top; width: 76px;\"><img decoding=\"async\" style=\"height: 20px; width: 20px;\" src=\"https:\/\/www.azur-scenic.com\/wp-content\/uploads\/csm_icon-flag-france_3304e5e3f9.png\" \/> M1<\/td>\n<td style=\"vertical-align: top; width: 283px;\">ARTIGO PARA EVENTOS:<br \/>\nDurabilidade da classifica\u00e7\u00e3o limitada a 12 meses a partir da sua aplica\u00e7\u00e3o num estabelecimento regulamentado.<\/td>\n<\/tr>\n<tr>\n<td style=\"vertical-align: top;\">Composi\u00e7\u00e3o<\/td>\n<td style=\"vertical-align: top;\" colspan=\"2\" rowspan=\"1\">100% Poli\u00e9ster<\/td>\n<\/tr>\n<tr>\n<td style=\"vertical-align: top;\">Comprimento do rolo<\/td>\n<td style=\"vertical-align: top; width: 76px;\">60 m<\/td>\n<td style=\"vertical-align: top; width: 283px;\">Rolo de largura completa<br \/>\nPossibilidade de venda a retalho de acordo com as cores standard (ou prateado e irisado)<\/td>\n<\/tr>\n<\/tbody>\n<\/table>\n<p>\u00a0<\/p><\/p>\n","protected":false},"excerpt":{"rendered":"<p>Um v\u00e9u leve com uma apar\u00eancia <strong><span style=\"color: #f88523;\">met\u00e1lica brilhante<\/span><\/strong>, dispon\u00edvel em 5 cores brilhantes e classificado como ign\u00edfugo <span style=\"color: #f88523;\"><strong>M1<\/strong><\/span> de rea\u00e7\u00e3o ao fogo (ign\u00edfugo).<br \/>\nA sua composi\u00e7\u00e3o de 100% fios de Lurex\u00ae confere-lhe uma apar\u00eancia met\u00e1lica combinada com uma <strong><span style=\"color: #f88523;\">transpar\u00eancia moderada<\/span><\/strong>.<br \/>\nEste v\u00e9u est\u00e1 tamb\u00e9m dispon\u00edvel em vers\u00e3o enrugado para efeitos luminosos surpreendentes (Ref. 4910 &#8211; Laminado enrugado)<br \/>\nAs suas cores standard (prateado e dourado) s\u00e3o as mais vendidas em termos de <span style=\"color: #f88523;\"><strong>t\u00eaxteis de decora\u00e7\u00e3o<\/strong><\/span> para as festas de R\u00e9veillon, este v\u00e9u tamb\u00e9m pode ser empregue para confecionar <strong><span style=\"color: #f88523;\">cen\u00e1rios e adere\u00e7os c\u00e9nicos<\/span><\/strong>, <strong><span style=\"color: #f88523;\">cortinas<\/span><\/strong>, tape\u00e7arias, etc.<br \/>\nFabricado em poli\u00e9ster ign\u00edfugo, este v\u00e9u \u00e9 recomendado para utiliza\u00e7\u00e3o ao abrigo de intemp\u00e9ries.<\/p>\n<table class=\"table\" style=\"background: #f7f7f7;\">\n<tbody>\n<tr>\n<td><strong>Largura<\/strong>: 300 cm<\/td>\n<td><strong>Peso<\/strong>: 60 g\/m\u00b2<\/td>\n<\/tr>\n<tr>\n<td><strong>Classifica\u00e7\u00e3o de rea\u00e7\u00e3o ao fogo<\/strong>: <img decoding=\"async\" style=\"height: 20px; width: 20px;\" src=\"https:\/\/www.azur-scenic.com\/wp-content\/uploads\/csm_icon-flag-france_3304e5e3f9.png\" \/> M1<\/td>\n<td style=\"vertical-align: top;\"><strong>Composi\u00e7\u00e3o<\/strong>: 100% Poli\u00e9ster<\/td>\n<\/tr>\n<\/tbody>\n<\/table>\n","protected":false},"featured_media":15138,"template":"","meta":{"_acf_changed":false},"product_brand":[],"product_cat":[921,916,1343,1357,1358],"product_tag":[],"class_list":{"0":"post-18566","1":"product","2":"type-product","3":"status-publish","4":"has-post-thumbnail","6":"product_cat-todos-os-produtos","7":"product_cat-texteis-cenicos-e-para-eventos","8":"product_cat-veus-e-tecidos-leves","9":"product_cat-veus","10":"product_cat-tecidos-metalizados","11":"pa_couleurs-090-es","12":"pa_couleurs-092-es","13":"pa_couleurs-200-es","14":"pa_couleurs-700-es","15":"pa_couleurs-800-es","16":"pa_groupes-de-couleurs-azuis","17":"pa_groupes-de-couleurs-cinzento","18":"pa_groupes-de-couleurs-amarelos","19":"pa_groupes-de-couleurs-vermelhos","20":"pa_groupes-de-couleurs-violetas","21":"pa_textiles-brilhantes-lacados-e-metalicos","22":"pa_textiles-classificacao-de-reacao-ao-fogo-ignifugo","23":"pa_textiles-transparentes-e-translucidos","25":"first","26":"instock","27":"shipping-taxable","28":"purchasable","29":"product-type-variable"},"acf":[],"yoast_head":"<!-- This site is optimized with the Yoast SEO plugin v27.1.1 - https:\/\/yoast.com\/product\/yoast-seo-wordpress\/ -->\n<title>V\u00e9u Saturno 100% - Azur Scenic<\/title>\n<meta name=\"robots\" content=\"index, follow, max-snippet:-1, max-image-preview:large, max-video-preview:-1\" \/>\n<link rel=\"canonical\" href=\"https:\/\/www.azur-scenic.com\/pt-pt\/produto\/veu-saturno-100\/\" \/>\n<meta property=\"og:locale\" content=\"pt_PT\" \/>\n<meta property=\"og:type\" content=\"article\" \/>\n<meta property=\"og:title\" content=\"V\u00e9u Saturno 100% - Azur Scenic\" \/>\n<meta property=\"og:description\" content=\"Um v\u00e9u leve com uma apar\u00eancia met\u00e1lica brilhante, dispon\u00edvel em 5 cores brilhantes e classificado como ign\u00edfugo M1 de rea\u00e7\u00e3o ao fogo (ign\u00edfugo). A sua composi\u00e7\u00e3o de 100% fios de Lurex\u00ae confere-lhe uma apar\u00eancia met\u00e1lica combinada com uma transpar\u00eancia moderada. Este v\u00e9u est\u00e1 tamb\u00e9m dispon\u00edvel em vers\u00e3o enrugado para efeitos luminosos surpreendentes (Ref. 4910 - Laminado enrugado) As suas cores standard (prateado e dourado) s\u00e3o as mais vendidas em termos de t\u00eaxteis de decora\u00e7\u00e3o para as festas de R\u00e9veillon, este v\u00e9u tamb\u00e9m pode ser empregue para confecionar cen\u00e1rios e adere\u00e7os c\u00e9nicos, cortinas, tape\u00e7arias, etc. Fabricado em poli\u00e9ster ign\u00edfugo, este v\u00e9u \u00e9 recomendado para utiliza\u00e7\u00e3o ao abrigo de intemp\u00e9ries.  Largura: 300 cm Peso: 60 g\/m\u00b2  Classifica\u00e7\u00e3o de rea\u00e7\u00e3o ao fogo: M1 Composi\u00e7\u00e3o: 100% Poli\u00e9ster\" \/>\n<meta property=\"og:url\" content=\"https:\/\/www.azur-scenic.com\/pt-pt\/produto\/veu-saturno-100\/\" \/>\n<meta property=\"og:site_name\" content=\"Azur Scenic\" \/>\n<meta property=\"article:modified_time\" content=\"2023-08-02T13:22:59+00:00\" \/>\n<meta property=\"og:image\" content=\"https:\/\/www.azur-scenic.com\/wp-content\/uploads\/VOILE-SATURNE-OR-scaled.jpg\" \/>\n\t<meta property=\"og:image:width\" content=\"2560\" \/>\n\t<meta property=\"og:image:height\" content=\"2560\" \/>\n\t<meta property=\"og:image:type\" content=\"image\/jpeg\" \/>\n<meta name=\"twitter:card\" content=\"summary_large_image\" \/>\n<script type=\"application\/ld+json\" class=\"yoast-schema-graph\">{\"@context\":\"https:\/\/schema.org\",\"@graph\":[{\"@type\":\"WebPage\",\"@id\":\"https:\/\/www.azur-scenic.com\/pt-pt\/produto\/veu-saturno-100\/\",\"url\":\"https:\/\/www.azur-scenic.com\/pt-pt\/produto\/veu-saturno-100\/\",\"name\":\"V\u00e9u Saturno 100% - Azur Scenic\",\"isPartOf\":{\"@id\":\"https:\/\/www.azur-scenic.com\/pt-pt\/#website\"},\"primaryImageOfPage\":{\"@id\":\"https:\/\/www.azur-scenic.com\/pt-pt\/produto\/veu-saturno-100\/#primaryimage\"},\"image\":{\"@id\":\"https:\/\/www.azur-scenic.com\/pt-pt\/produto\/veu-saturno-100\/#primaryimage\"},\"thumbnailUrl\":\"https:\/\/www.azur-scenic.com\/wp-content\/uploads\/VOILE-SATURNE-OR-scaled.jpg\",\"datePublished\":\"2022-10-04T07:26:07+00:00\",\"dateModified\":\"2023-08-02T13:22:59+00:00\",\"breadcrumb\":{\"@id\":\"https:\/\/www.azur-scenic.com\/pt-pt\/produto\/veu-saturno-100\/#breadcrumb\"},\"inLanguage\":\"pt-PT\",\"potentialAction\":[{\"@type\":\"ReadAction\",\"target\":[\"https:\/\/www.azur-scenic.com\/pt-pt\/produto\/veu-saturno-100\/\"]}]},{\"@type\":\"ImageObject\",\"inLanguage\":\"pt-PT\",\"@id\":\"https:\/\/www.azur-scenic.com\/pt-pt\/produto\/veu-saturno-100\/#primaryimage\",\"url\":\"https:\/\/www.azur-scenic.com\/wp-content\/uploads\/VOILE-SATURNE-OR-scaled.jpg\",\"contentUrl\":\"https:\/\/www.azur-scenic.com\/wp-content\/uploads\/VOILE-SATURNE-OR-scaled.jpg\",\"width\":2560,\"height\":2560,\"caption\":\"VOILE SATURNE OR\"},{\"@type\":\"BreadcrumbList\",\"@id\":\"https:\/\/www.azur-scenic.com\/pt-pt\/produto\/veu-saturno-100\/#breadcrumb\",\"itemListElement\":[{\"@type\":\"ListItem\",\"position\":1,\"name\":\"Accueil\",\"item\":\"https:\/\/www.azur-scenic.com\/pt-pt\/\"},{\"@type\":\"ListItem\",\"position\":2,\"name\":\"Produits\",\"item\":\"https:\/\/www.azur-scenic.com\/pt-pt\/?page_id=21439\"},{\"@type\":\"ListItem\",\"position\":3,\"name\":\"V\u00e9u Saturno 100%\"}]},{\"@type\":\"WebSite\",\"@id\":\"https:\/\/www.azur-scenic.com\/pt-pt\/#website\",\"url\":\"https:\/\/www.azur-scenic.com\/pt-pt\/\",\"name\":\"Azur Scenic\",\"description\":\"Sp\u00e9cialiste de l\u2019\u00e9quipement sc\u00e9nique et de la d\u00e9coration int\u00e9rieure et \u00e9v\u00e9nementielle !\",\"publisher\":{\"@id\":\"https:\/\/www.azur-scenic.com\/pt-pt\/#organization\"},\"potentialAction\":[{\"@type\":\"SearchAction\",\"target\":{\"@type\":\"EntryPoint\",\"urlTemplate\":\"https:\/\/www.azur-scenic.com\/pt-pt\/?s={search_term_string}\"},\"query-input\":{\"@type\":\"PropertyValueSpecification\",\"valueRequired\":true,\"valueName\":\"search_term_string\"}}],\"inLanguage\":\"pt-PT\"},{\"@type\":\"Organization\",\"@id\":\"https:\/\/www.azur-scenic.com\/pt-pt\/#organization\",\"name\":\"AZUR SCENIC\",\"url\":\"https:\/\/www.azur-scenic.com\/pt-pt\/\",\"logo\":{\"@type\":\"ImageObject\",\"inLanguage\":\"pt-PT\",\"@id\":\"https:\/\/www.azur-scenic.com\/pt-pt\/#\/schema\/logo\/image\/\",\"url\":\"https:\/\/www.azur-scenic.com\/wp-content\/uploads\/2022\/09\/LOGO-AZUR-SCENIC-Fusion-web-236x64-1.jpg\",\"contentUrl\":\"https:\/\/www.azur-scenic.com\/wp-content\/uploads\/2022\/09\/LOGO-AZUR-SCENIC-Fusion-web-236x64-1.jpg\",\"width\":236,\"height\":64,\"caption\":\"AZUR SCENIC\"},\"image\":{\"@id\":\"https:\/\/www.azur-scenic.com\/pt-pt\/#\/schema\/logo\/image\/\"},\"sameAs\":[\"https:\/\/www.youtube.com\/channel\/UCPWM2mGPVUt4nYhNlm71WOA\",\"https:\/\/www.linkedin.com\/company\/33237605\/admin\/feed\/posts\/\"]}]}<\/script>\n<!-- \/ Yoast SEO plugin. -->","yoast_head_json":{"title":"V\u00e9u Saturno 100% - Azur Scenic","robots":{"index":"index","follow":"follow","max-snippet":"max-snippet:-1","max-image-preview":"max-image-preview:large","max-video-preview":"max-video-preview:-1"},"canonical":"https:\/\/www.azur-scenic.com\/pt-pt\/produto\/veu-saturno-100\/","og_locale":"pt_PT","og_type":"article","og_title":"V\u00e9u Saturno 100% - Azur Scenic","og_description":"Um v\u00e9u leve com uma apar\u00eancia met\u00e1lica brilhante, dispon\u00edvel em 5 cores brilhantes e classificado como ign\u00edfugo M1 de rea\u00e7\u00e3o ao fogo (ign\u00edfugo). A sua composi\u00e7\u00e3o de 100% fios de Lurex\u00ae confere-lhe uma apar\u00eancia met\u00e1lica combinada com uma transpar\u00eancia moderada. Este v\u00e9u est\u00e1 tamb\u00e9m dispon\u00edvel em vers\u00e3o enrugado para efeitos luminosos surpreendentes (Ref. 4910 - Laminado enrugado) As suas cores standard (prateado e dourado) s\u00e3o as mais vendidas em termos de t\u00eaxteis de decora\u00e7\u00e3o para as festas de R\u00e9veillon, este v\u00e9u tamb\u00e9m pode ser empregue para confecionar cen\u00e1rios e adere\u00e7os c\u00e9nicos, cortinas, tape\u00e7arias, etc. Fabricado em poli\u00e9ster ign\u00edfugo, este v\u00e9u \u00e9 recomendado para utiliza\u00e7\u00e3o ao abrigo de intemp\u00e9ries.  Largura: 300 cm Peso: 60 g\/m\u00b2  Classifica\u00e7\u00e3o de rea\u00e7\u00e3o ao fogo: M1 Composi\u00e7\u00e3o: 100% Poli\u00e9ster","og_url":"https:\/\/www.azur-scenic.com\/pt-pt\/produto\/veu-saturno-100\/","og_site_name":"Azur Scenic","article_modified_time":"2023-08-02T13:22:59+00:00","og_image":[{"width":2560,"height":2560,"url":"https:\/\/www.azur-scenic.com\/wp-content\/uploads\/VOILE-SATURNE-OR-scaled.jpg","type":"image\/jpeg"}],"twitter_card":"summary_large_image","schema":{"@context":"https:\/\/schema.org","@graph":[{"@type":"WebPage","@id":"https:\/\/www.azur-scenic.com\/pt-pt\/produto\/veu-saturno-100\/","url":"https:\/\/www.azur-scenic.com\/pt-pt\/produto\/veu-saturno-100\/","name":"V\u00e9u Saturno 100% - Azur Scenic","isPartOf":{"@id":"https:\/\/www.azur-scenic.com\/pt-pt\/#website"},"primaryImageOfPage":{"@id":"https:\/\/www.azur-scenic.com\/pt-pt\/produto\/veu-saturno-100\/#primaryimage"},"image":{"@id":"https:\/\/www.azur-scenic.com\/pt-pt\/produto\/veu-saturno-100\/#primaryimage"},"thumbnailUrl":"https:\/\/www.azur-scenic.com\/wp-content\/uploads\/VOILE-SATURNE-OR-scaled.jpg","datePublished":"2022-10-04T07:26:07+00:00","dateModified":"2023-08-02T13:22:59+00:00","breadcrumb":{"@id":"https:\/\/www.azur-scenic.com\/pt-pt\/produto\/veu-saturno-100\/#breadcrumb"},"inLanguage":"pt-PT","potentialAction":[{"@type":"ReadAction","target":["https:\/\/www.azur-scenic.com\/pt-pt\/produto\/veu-saturno-100\/"]}]},{"@type":"ImageObject","inLanguage":"pt-PT","@id":"https:\/\/www.azur-scenic.com\/pt-pt\/produto\/veu-saturno-100\/#primaryimage","url":"https:\/\/www.azur-scenic.com\/wp-content\/uploads\/VOILE-SATURNE-OR-scaled.jpg","contentUrl":"https:\/\/www.azur-scenic.com\/wp-content\/uploads\/VOILE-SATURNE-OR-scaled.jpg","width":2560,"height":2560,"caption":"VOILE SATURNE OR"},{"@type":"BreadcrumbList","@id":"https:\/\/www.azur-scenic.com\/pt-pt\/produto\/veu-saturno-100\/#breadcrumb","itemListElement":[{"@type":"ListItem","position":1,"name":"Accueil","item":"https:\/\/www.azur-scenic.com\/pt-pt\/"},{"@type":"ListItem","position":2,"name":"Produits","item":"https:\/\/www.azur-scenic.com\/pt-pt\/?page_id=21439"},{"@type":"ListItem","position":3,"name":"V\u00e9u Saturno 100%"}]},{"@type":"WebSite","@id":"https:\/\/www.azur-scenic.com\/pt-pt\/#website","url":"https:\/\/www.azur-scenic.com\/pt-pt\/","name":"Azur Scenic","description":"Sp\u00e9cialiste de l\u2019\u00e9quipement sc\u00e9nique et de la d\u00e9coration int\u00e9rieure et \u00e9v\u00e9nementielle !","publisher":{"@id":"https:\/\/www.azur-scenic.com\/pt-pt\/#organization"},"potentialAction":[{"@type":"SearchAction","target":{"@type":"EntryPoint","urlTemplate":"https:\/\/www.azur-scenic.com\/pt-pt\/?s={search_term_string}"},"query-input":{"@type":"PropertyValueSpecification","valueRequired":true,"valueName":"search_term_string"}}],"inLanguage":"pt-PT"},{"@type":"Organization","@id":"https:\/\/www.azur-scenic.com\/pt-pt\/#organization","name":"AZUR SCENIC","url":"https:\/\/www.azur-scenic.com\/pt-pt\/","logo":{"@type":"ImageObject","inLanguage":"pt-PT","@id":"https:\/\/www.azur-scenic.com\/pt-pt\/#\/schema\/logo\/image\/","url":"https:\/\/www.azur-scenic.com\/wp-content\/uploads\/2022\/09\/LOGO-AZUR-SCENIC-Fusion-web-236x64-1.jpg","contentUrl":"https:\/\/www.azur-scenic.com\/wp-content\/uploads\/2022\/09\/LOGO-AZUR-SCENIC-Fusion-web-236x64-1.jpg","width":236,"height":64,"caption":"AZUR SCENIC"},"image":{"@id":"https:\/\/www.azur-scenic.com\/pt-pt\/#\/schema\/logo\/image\/"},"sameAs":["https:\/\/www.youtube.com\/channel\/UCPWM2mGPVUt4nYhNlm71WOA","https:\/\/www.linkedin.com\/company\/33237605\/admin\/feed\/posts\/"]}]}},"_links":{"self":[{"href":"https:\/\/www.azur-scenic.com\/pt-pt\/wp-json\/wp\/v2\/product\/18566","targetHints":{"allow":["GET"]}}],"collection":[{"href":"https:\/\/www.azur-scenic.com\/pt-pt\/wp-json\/wp\/v2\/product"}],"about":[{"href":"https:\/\/www.azur-scenic.com\/pt-pt\/wp-json\/wp\/v2\/types\/product"}],"wp:featuredmedia":[{"embeddable":true,"href":"https:\/\/www.azur-scenic.com\/pt-pt\/wp-json\/wp\/v2\/media\/15138"}],"wp:attachment":[{"href":"https:\/\/www.azur-scenic.com\/pt-pt\/wp-json\/wp\/v2\/media?parent=18566"}],"wp:term":[{"taxonomy":"product_brand","embeddable":true,"href":"https:\/\/www.azur-scenic.com\/pt-pt\/wp-json\/wp\/v2\/product_brand?post=18566"},{"taxonomy":"product_cat","embeddable":true,"href":"https:\/\/www.azur-scenic.com\/pt-pt\/wp-json\/wp\/v2\/product_cat?post=18566"},{"taxonomy":"product_tag","embeddable":true,"href":"https:\/\/www.azur-scenic.com\/pt-pt\/wp-json\/wp\/v2\/product_tag?post=18566"}],"curies":[{"name":"wp","href":"https:\/\/api.w.org\/{rel}","templated":true}]}}